 {"id":3291,"date":"2023-12-26T14:28:55","date_gmt":"2023-12-26T14:28:55","guid":{"rendered":"https:\/\/www.qualifiednetworks.com\/stellenangebote\/"},"modified":"2025-03-19T10:58:46","modified_gmt":"2025-03-19T10:58:46","slug":"stellenangebote","status":"publish","type":"page","link":"https:\/\/www.qualifiednetworks.com\/de\/stellenangebote\/","title":{"rendered":"Stellenangebote"},"content":{"rendered":"<div class=\"wpb-content-wrapper\"><p>[vc_row el_class=&#8220;pt-170 pb-40&#8243; el_id=&#8220;Unsere-Stellenangebote&#8220;][vc_column width=&#8220;2\/12&#8243;][\/vc_column][vc_column width=&#8220;8\/12&#8243;][vc_custom_heading text=&#8220;Stellenangebote&#8220; font_container=&#8220;tag:div|text_align:center&#8220; use_theme_fonts=&#8220;yes&#8220; el_class=&#8220;subtitle&#8220;][vc_custom_heading text=&#8220;UNSERE STELLENANGEBOTE&#8220; font_container=&#8220;tag:h2|text_align:center&#8220; use_theme_fonts=&#8220;yes&#8220;][vc_column_text]\r\n<div class=\"block_vacancies b-to-t\">\r\n\r\n<div class=\"grid\" id=\"list\">\r\n\t\t\t<div class=\"item b-to-t\">\r\n\t\t\t<div class=\"inner\">\t\t\t\t\r\n\t\t\t<a href=\"https:\/\/www.qualifiednetworks.com\/de\/vacancies\/lagerleiter-ikt\/\" class=\"absolute-link\">Link<\/a>\r\n\t\t\t<div class=\"info\">\r\n\t\t\t<h4>Lagerleiter IKT<\/h4>\r\n\t\t\t<div class=\"more-info\">\r\n\t\t\t\t<ul>\r\n\t\t\t\t\t<li><\/li>\r\n\t\t\t\t<\/ul>\r\n\t\t\t<\/div>\r\n\t\t\t<\/div>\r\n\t\t\t<a class=\"btn\" href=\"https:\/\/www.qualifiednetworks.com\/de\/vacancies\/lagerleiter-ikt\/\">Mehr lesen<\/a>\r\n\t\t\t<\/div>\r\n\t<\/div>\r\n\t\t\t<div class=\"item b-to-t\">\r\n\t\t\t<div class=\"inner\">\t\t\t\t\r\n\t\t\t<a href=\"https:\/\/www.qualifiednetworks.com\/de\/vacancies\/finanzassistent\/\" class=\"absolute-link\">Link<\/a>\r\n\t\t\t<div class=\"info\">\r\n\t\t\t<h4>Finanzassistent<\/h4>\r\n\t\t\t<div class=\"more-info\">\r\n\t\t\t\t<ul>\r\n\t\t\t\t\t<li><\/li>\r\n\t\t\t\t<\/ul>\r\n\t\t\t<\/div>\r\n\t\t\t<\/div>\r\n\t\t\t<a class=\"btn\" href=\"https:\/\/www.qualifiednetworks.com\/de\/vacancies\/finanzassistent\/\">Mehr lesen<\/a>\r\n\t\t\t<\/div>\r\n\t<\/div>\r\n\t\t\t<div class=\"item b-to-t\">\r\n\t\t\t<div class=\"inner\">\t\t\t\t\r\n\t\t\t<a href=\"https:\/\/www.qualifiednetworks.com\/de\/vacancies\/account-manager\/\" class=\"absolute-link\">Link<\/a>\r\n\t\t\t<div class=\"info\">\r\n\t\t\t<h4>Account-Manager<\/h4>\r\n\t\t\t<div class=\"more-info\">\r\n\t\t\t\t<ul>\r\n\t\t\t\t\t<li><\/li>\r\n\t\t\t\t<\/ul>\r\n\t\t\t<\/div>\r\n\t\t\t<\/div>\r\n\t\t\t<a class=\"btn\" href=\"https:\/\/www.qualifiednetworks.com\/de\/vacancies\/account-manager\/\">Mehr lesen<\/a>\r\n\t\t\t<\/div>\r\n\t<\/div>\r\n\t\t<\/div>\r\n<\/div>\r\n\r\n[\/vc_column_text][\/vc_column][vc_column width=&#8220;2\/12&#8243;][\/vc_column][\/vc_row][vc_row el_class=&#8220;pb-60 pt-140&#8243;][vc_column width=&#8220;5\/12&#8243;][vc_custom_heading text=&#8220;VACATURE&#8220; font_container=&#8220;tag:div|text_align:left&#8220; use_theme_fonts=&#8220;yes&#8220; el_class=&#8220;subtitle&#8220;][vc_custom_heading text=&#8220;Warum bei qualifizierten Netzwerken arbeiten?&#8220; use_theme_fonts=&#8220;yes&#8220;][vc_column_text el_class=&#8220;pr-160&#8243;]<span style=\"font-weight: 400;\">M\u00f6chten Sie Ihre alten IT-Ger\u00e4te verkaufen? Oder m\u00f6chten Sie \u00fcberholte oder neue IT-Ger\u00e4te kaufen? Dann entscheiden Sie sich f\u00fcr Qualified Networks. Sie werden von unseren Spezialisten pers\u00f6nlich beraten, damit Sie die beste Wahl unter allen von uns angebotenen Ger\u00e4ten treffen k\u00f6nnen. Sie erhalten auch Hilfe bei der Konfiguration Ihrer neuen IT-Ausr\u00fcstung und der L\u00f6schung der Daten auf Ihren alten Ger\u00e4ten.    <\/span>[\/vc_column_text][vc_btn title=&#8220;Mehr \u00fcber uns&#8220; style=&#8220;outline&#8220; link=&#8220;url:https%3A%2F%2Fwww.qualifiednetworks.com%2Fen%2Fover-ons%2F|title:%C3%9Cber%20uns|&#8220;][\/vc_column][vc_column width=&#8220;7\/12&#8243;][vc_column_text el_class=&#8220;list col2 hide-text-m pt-35&#8243;]<\/p>\n<ul>\n<li><strong>Sch\u00e4rfste Preise bei Kauf und Verkauf<br \/>\n<\/strong>Sowohl beim Kauf als auch beim Verkauf von IT-Ger\u00e4ten erhalten oder bezahlen Sie immer einen wettbewerbsf\u00e4higen Preis.<\/li>\n<li><strong>Lieferung oft innerhalb von 24<br \/>\n<\/strong>Stunden Oftmals erhalten Sie Ihr gekauftes IT-Equipment innerhalb von 24 Stunden. So k\u00f6nnen Sie sehr schnell mit Ihrer Ausr\u00fcstung loslegen. <\/li>\n<li><strong>Zertifizierte Datenentfernung<br \/>\n<\/strong>Sensible Gesch\u00e4ftsdaten werden auf zertifizierte Weise von Ihren IT-Ger\u00e4ten entfernt. Dadurch wird sichergestellt, dass Ihre sensiblen Gesch\u00e4ftsdaten sicher und zu 100% entfernt werden. <\/li>\n<li><strong>Lebenslange Garantie auf Ihre Ger\u00e4te<br \/>\n<\/strong>Funktioniert Ihre IT-Ausr\u00fcstung nicht mehr richtig? Dank unserer lebenslangen Garantie sorgen wir daf\u00fcr, dass Ihre IT-Ausr\u00fcstung wieder einwandfrei funktioniert. <\/li>\n<li><strong>Kompletter Logistikprozess entlastet<br \/>\n<\/strong>Sie haben vielleicht nicht die Zeit oder die Ressourcen, Ihre IT-Ausr\u00fcstung selbst zu bringen oder abzuholen. Deshalb \u00fcbernehmen wir den gesamten Logistikprozess f\u00fcr Sie. <\/li>\n<\/ul>\n<p>[\/vc_column_text][\/vc_column][\/vc_row][vc_row full_width=&#8220;stretch_row_content_no_spaces&#8220;][vc_column][vc_gallery type=&#8220;image_grid&#8220; images=&#8220;4579,5112,5024,5064,5056&#8243; img_size=&#8220;full&#8220; onclick=&#8220;&#8220; css=&#8220;&#8220; el_class=&#8220;image-slider big-image-4&#8243; el_id=&#8220;image-slider&#8220;][vc_gallery type=&#8220;image_grid&#8220; images=&#8220;2278,5080,2269,5048,2272,5072&#8243; img_size=&#8220;full&#8220; onclick=&#8220;&#8220; css=&#8220;&#8220; el_class=&#8220;image-slider big-image-2&#8243; el_id=&#8220;image-slider-reverse&#8220;][\/vc_column][\/vc_row][vc_row full_width=&#8220;stretch_row&#8220; el_class=&#8220;section-bestservice section-bestservice-big&#8220;][vc_column el_class=&#8220;inner&#8220;][vc_row_inner][vc_column_inner width=&#8220;4\/12&#8243;][vc_custom_heading text=&#8220;unser Team verst\u00e4rken?&#8220; use_theme_fonts=&#8220;yes&#8220;][vc_column_text]Interessieren Sie sich f\u00fcr eine unserer Stellenausschreibungen? Oder m\u00f6chten Sie eine Initiativbewerbung einreichen? Wir w\u00fcrden uns freuen, mit Ihnen in Kontakt zu treten![\/vc_column_text][vc_btn title=&#8220;Kontakt aufnehmen&#8220; link=&#8220;url:https%3A%2F%2Fwww.qualifiednetworks.com%2Fde%2Fkontakt%2F|&#8220;][vc_btn title=&#8220;Ruf mich zur\u00fcck&#8220; style=&#8220;outline&#8220; color=&#8220;white&#8220; link=&#8220;url:%23call-me-back|&#8220; el_class=&#8220;lightbox-toggle&#8220;][\/vc_column_inner][vc_column_inner width=&#8220;8\/12&#8243;][\/vc_column_inner][\/vc_row_inner][\/vc_column][\/vc_row]<\/p>\n<\/div>","protected":false},"excerpt":{"rendered":"<p>[vc_row el_class=&#8220;pt-170 pb-40&#8243; el_id=&#8220;Unsere-Stellenangebote&#8220;][vc_column width=&#8220;2\/12&#8243;][\/vc_column][vc_column width=&#8220;8\/12&#8243;][vc_custom_heading text=&#8220;Stellenangebote&#8220; font_container=&#8220;tag:div|text_align:center&#8220; use_theme_fonts=&#8220;yes&#8220; el_class=&#8220;subtitle&#8220;][vc_custom_heading text=&#8220;UNSERE STELLENANGEBOTE&#8220; font_container=&#8220;tag:h2|text_align:center&#8220; use_theme_fonts=&#8220;yes&#8220;][vc_column_text][\/vc_column_text][\/vc_column][vc_column width=&#8220;2\/12&#8243;][\/vc_column][\/vc_row][vc_row el_class=&#8220;pb-60 pt-140&#8243;][vc_column width=&#8220;5\/12&#8243;][vc_custom_heading text=&#8220;VACATURE&#8220; font_container=&#8220;tag:div|text_align:left&#8220; use_theme_fonts=&#8220;yes&#8220; el_class=&#8220;subtitle&#8220;][vc_custom_heading text=&#8220;Warum bei qualifizierten Netzwerken arbeiten?&#8220; use_theme_fonts=&#8220;yes&#8220;][vc_column_text el_class=&#8220;pr-160&#8243;]M\u00f6chten Sie Ihre alten IT-Ger\u00e4te verkaufen? Oder m\u00f6chten Sie \u00fcberholte oder neue IT-Ger\u00e4te kaufen? Dann entscheiden Sie sich f\u00fcr Qualified Networks. Sie werden von unseren Spezialisten pers\u00f6nlich [&hellip;]<\/p>\n","protected":false},"author":1,"featured_media":0,"parent":0,"menu_order":0,"comment_status":"closed","ping_status":"closed","template":"","meta":{"footnotes":""},"class_list":["post-3291","page","type-page","status-publish","hentry"],"acf":[],"_links":{"self":[{"href":"https:\/\/www.qualifiednetworks.com\/de\/wp-json\/wp\/v2\/pages\/3291","targetHints":{"allow":["GET"]}}],"collection":[{"href":"https:\/\/www.qualifiednetworks.com\/de\/wp-json\/wp\/v2\/pages"}],"about":[{"href":"https:\/\/www.qualifiednetworks.com\/de\/wp-json\/wp\/v2\/types\/page"}],"author":[{"embeddable":true,"href":"https:\/\/www.qualifiednetworks.com\/de\/wp-json\/wp\/v2\/users\/1"}],"replies":[{"embeddable":true,"href":"https:\/\/www.qualifiednetworks.com\/de\/wp-json\/wp\/v2\/comments?post=3291"}],"version-history":[{"count":0,"href":"https:\/\/www.qualifiednetworks.com\/de\/wp-json\/wp\/v2\/pages\/3291\/revisions"}],"wp:attachment":[{"href":"https:\/\/www.qualifiednetworks.com\/de\/wp-json\/wp\/v2\/media?parent=3291"}],"curies":[{"name":"wp","href":"https:\/\/api.w.org\/{rel}","templated":true}]}}