 {"id":3327,"date":"2023-12-27T13:46:33","date_gmt":"2023-12-27T13:46:33","guid":{"rendered":"https:\/\/www.qualifiednetworks.com\/datenschutzerklarung\/"},"modified":"2025-11-19T17:01:27","modified_gmt":"2025-11-19T17:01:27","slug":"datenschutzerklarung","status":"publish","type":"page","link":"https:\/\/www.qualifiednetworks.com\/de\/datenschutzerklarung\/","title":{"rendered":"Datenschutzerkl\u00e4rung"},"content":{"rendered":"<div class=\"wpb-content-wrapper\"><p>[vc_row][vc_column][vc_custom_heading text=&#8220;Personenbezogene Daten, die wir verarbeiten&#8220; font_container=&#8220;tag:h4|text_align:left&#8220; use_theme_fonts=&#8220;yes&#8220;][vc_column_text]Qualified Networks verarbeitet Ihre personenbezogenen Daten, weil Sie unsere Dienste nutzen und\/oder weil Sie uns diese selbst zur Verf\u00fcgung stellen. Nachfolgend finden Sie eine \u00dcbersicht \u00fcber die von uns verarbeiteten personenbezogenen Daten:<\/p>\n<ul>\n<li>Vor-und Nachname<\/li>\n<li>Geburtsdatum<\/li>\n<li>Adressen Details<\/li>\n<li>Stadt<\/li>\n<li>Land<\/li>\n<li>Telefonnummer<\/li>\n<li>E-Mail-Adresse<\/li>\n<li>Name der Firma<\/li>\n<li>Standortdaten<\/li>\n<li>Daten \u00fcber Ihre Aktivit\u00e4ten auf unserer Website<\/li>\n<li>Internetbrowser und Ger\u00e4tetyp<\/li>\n<\/ul>\n<p>[\/vc_column_text][\/vc_column][\/vc_row][vc_row][vc_column][vc_custom_heading text=&#8220;Besondere und\/oder sensible personenbezogene Daten, die wir verarbeiten&#8220; font_container=&#8220;tag:h4|text_align:left&#8220; use_theme_fonts=&#8220;yes&#8220;][vc_column_text]Unsere Website und\/oder unser Dienst beabsichtigen nicht, Informationen \u00fcber Website-Besucher zu sammeln, die unter 16 Jahre alt sind. Es sei denn, sie haben die Erlaubnis der Eltern oder Erziehungsberechtigten. Wir k\u00f6nnen jedoch nicht \u00fcberpr\u00fcfen, ob ein Besucher \u00fcber 16 Jahre alt ist. Wir empfehlen daher Eltern, sich an den Online-Aktivit\u00e4ten ihrer Kinder zu beteiligen, um zu vermeiden, dass ohne Zustimmung der Eltern Daten \u00fcber Kinder gesammelt werden. Wenn Sie glauben, dass wir ohne diese Erlaubnis personenbezogene Daten \u00fcber einen Minderj\u00e4hrigen gesammelt haben, kontaktieren Sie uns bitte unter Info@qualifiednetworks.com und wir werden diese Informationen l\u00f6schen.[\/vc_column_text][\/vc_column][\/vc_row][vc_row][vc_column][vc_custom_heading text=&#8220;Zu welchem \u200b\u200bZweck und auf welcher Grundlage verarbeiten wir personenbezogene Daten?&#8220; font_container=&#8220;tag:h4|text_align:left&#8220; use_theme_fonts=&#8220;yes&#8220;][vc_column_text]Qualified Networks verarbeitet Ihre personenbezogenen Daten f\u00fcr folgende Zwecke:<\/p>\n<p>Mit dem Ziel, Ihre Angebotsanfrage ordnungsgem\u00e4\u00df und m\u00f6glichst vollst\u00e4ndig bearbeiten zu k\u00f6nnen und Ihnen hierzu eine R\u00fcckmeldung zu geben, verarbeiten wir folgende personenbezogene Daten:<\/p>\n<ul>\n<li>Vor-und Nachname<\/li>\n<li>Geburtsdatum<\/li>\n<li>Adressen Details<\/li>\n<li>Stadt<\/li>\n<li>Land<\/li>\n<li>Telefonnummer<\/li>\n<li>E-Mail-Adresse<\/li>\n<li>Name der Firma<\/li>\n<\/ul>\n<p>Mit dem Ziel, unsere Website nutzerfreundlicher zu gestalten und unser Online-Angebot zu verbessern, verarbeiten wir die folgenden Daten. Diese Daten sind alle vollst\u00e4ndig anonymisiert.<\/p>\n<ul>\n<li>Standortdaten<\/li>\n<li>Daten \u00fcber Ihre Aktivit\u00e4ten auf unserer Website<\/li>\n<li>Internetbrowser und Ger\u00e4tetyp<\/li>\n<\/ul>\n<p>Wir verarbeiten die relevanten personenbezogenen Daten auf folgender Grundlage:<\/p>\n<p>Einwilligung: Vor dem Absenden eines Formulars stimmen Sie der Verarbeitung folgender personenbezogener Daten zu: Vor- und Nachname, Geburtsdatum, Adressdaten, Stadt, Land, Telefonnummer, E-Mail-Adresse, Firmenname[\/vc_column_text][\/vc_column][\/vc_row][vc_row][vc_column][vc_custom_heading text=&#8220;Automatisierte Entscheidungsfindung&#8220; font_container=&#8220;tag:h4|text_align:left&#8220; use_theme_fonts=&#8220;yes&#8220;][vc_column_text]Qualified Networks trifft keine Entscheidungen \u00fcber Angelegenheiten, die sich (erheblich) auf Menschen auswirken k\u00f6nnen, und zwar auf der Grundlage automatisierter Verarbeitung. Hierbei handelt es sich um Entscheidungen, die von Computerprogrammen oder -systemen getroffen werden, ohne dass ein Mensch (z. B. ein Mitarbeiter von Qualified Networks) beteiligt ist.<\/p>\n<p><strong>Wie lange wir personenbezogene Daten aufbewahren<\/strong><\/p>\n<p>Qualified Networks speichert Ihre personenbezogenen Daten nicht l\u00e4nger als unbedingt erforderlich, um die Zwecke zu erreichen, f\u00fcr die Ihre Daten erfasst werden. Wir wenden die folgenden Aufbewahrungsfristen f\u00fcr die folgenden (Kategorien) personenbezogener Daten an:<\/p>\n<ul>\n<li>Vor-und Nachname<\/li>\n<li>Geburtsdatum<\/li>\n<li>Adressen Details<\/li>\n<li>Stadt<\/li>\n<li>Land<\/li>\n<li>Telefonnummer<\/li>\n<li>E-Mail-Adresse<\/li>\n<li>Name der Firma<\/li>\n<\/ul>\n<p>Aufbewahrungsfrist 6 Monate.[\/vc_column_text][\/vc_column][\/vc_row][vc_row][vc_column][vc_custom_heading text=&#8220;Weitergabe personenbezogener Daten an Dritte&#8220; font_container=&#8220;tag:h4|text_align:left&#8220; use_theme_fonts=&#8220;yes&#8220;][vc_column_text]Qualified Networks verkauft Ihre Daten nicht an Dritte und stellt sie nur dann zur Verf\u00fcgung, wenn dies f\u00fcr die Durchf\u00fchrung unseres Vertrags mit Ihnen oder zur Erf\u00fcllung einer gesetzlichen Verpflichtung erforderlich ist. Mit Unternehmen, die Ihre Daten in unserem Auftrag verarbeiten, schlie\u00dfen wir einen Auftragsverarbeitungsvertrag ab, um das gleiche Ma\u00df an Sicherheit und Vertraulichkeit Ihrer Daten zu gew\u00e4hrleisten. Qualified Networks bleibt f\u00fcr diese Verarbeitung verantwortlich.[\/vc_column_text][\/vc_column][\/vc_row][vc_row][vc_column][vc_custom_heading text=&#8220;Cookies oder \u00e4hnliche Techniken, die wir verwenden&#8220; font_container=&#8220;tag:h4|text_align:left&#8220; use_theme_fonts=&#8220;yes&#8220;][vc_column_text]Qualified Networks verwendet ausschlie\u00dflich technische und funktionale Cookies. Und analytische Cookies, die Ihre Privatsph\u00e4re nicht verletzen. Ein Cookie ist eine kleine Textdatei, die beim ersten Besuch dieser Website auf Ihrem Computer, Tablet oder Smartphone gespeichert wird. Die von uns verwendeten Cookies sind f\u00fcr die technische Funktion der Website und Ihre Benutzerfreundlichkeit erforderlich. Sie stellen sicher, dass die Website ordnungsgem\u00e4\u00df funktioniert, und merken sich beispielsweise Ihre Pr\u00e4ferenzeinstellungen. Es erm\u00f6glicht uns auch, unsere Website zu optimieren. Sie k\u00f6nnen die Verwendung von Cookies ablehnen, indem Sie Ihren Internetbrowser so einstellen, dass er keine Cookies mehr speichert. Dar\u00fcber hinaus k\u00f6nnen Sie \u00fcber Ihre Browsereinstellungen auch alle zuvor gespeicherten Informationen l\u00f6schen.[\/vc_column_text][\/vc_column][\/vc_row][vc_row][vc_column][vc_custom_heading text=&#8220;Daten einsehen, \u00e4ndern oder l\u00f6schen&#8220; font_container=&#8220;tag:h4|text_align:left&#8220; use_theme_fonts=&#8220;yes&#8220;][vc_column_text]Sie haben das Recht auf Zugang, Berichtigung oder L\u00f6schung Ihrer personenbezogenen Daten. Dar\u00fcber hinaus haben Sie das Recht, Ihre etwaige Einwilligung zur Datenverarbeitung zu widerrufen oder der Verarbeitung Ihrer personenbezogenen Daten durch Qualified Networks zu widersprechen, und Sie haben das Recht auf Daten\u00fcbertragbarkeit. Das bedeutet, dass Sie uns auffordern k\u00f6nnen, die personenbezogenen Daten, die wir \u00fcber Sie haben, in einer Computerdatei an Sie oder eine andere von Ihnen benannte Organisation zu senden. Sie k\u00f6nnen einen Antrag auf Zugriff, Berichtigung, L\u00f6schung oder Daten\u00e4nderung Ihrer personenbezogenen Daten oder einen Antrag auf Widerruf Ihrer Einwilligung oder einen Widerspruch gegen die Verarbeitung Ihrer personenbezogenen Daten an info@qualifiednetworks.com senden. Um sicherzustellen, dass der Antrag auf Einsichtnahme von Ihnen gestellt wurde, bitten wir Sie, dem Antrag eine Kopie Ihres Identit\u00e4tsnachweises beizuf\u00fcgen. Schw\u00e4rzen Sie in dieser Kopie Ihr Passfoto, die MRZ (maschinenlesbarer Bereich, der Zahlenstreifen am unteren Rand des Passes), Ihre Passnummer und Ihre B\u00fcrgerservicenummer (BSN). Dies dient dem Schutz Ihrer Privatsph\u00e4re. Wir werden Ihre Anfrage so schnell wie m\u00f6glich, jedoch innerhalb von vier Wochen, beantworten. Qualified Networks m\u00f6chte Sie au\u00dferdem dar\u00fcber informieren, dass Sie die M\u00f6glichkeit haben, eine Beschwerde bei der nationalen Aufsichtsbeh\u00f6rde, der Beh\u00f6rde f\u00fcr den Schutz personenbezogener Daten, einzureichen. Sie k\u00f6nnen dies unter folgendem Link tun: https:\/\/autoriteitpersoonsgegevens.nl\/nl\/contact-met-de-autoriteit-persoonsgegevens\/tip-ons[\/vc_column_text][\/vc_column][\/vc_row][vc_row][vc_column][vc_custom_heading text=&#8220;Wie wir personenbezogene Daten sch\u00fctzen&#8220; font_container=&#8220;tag:h4|text_align:left&#8220; use_theme_fonts=&#8220;yes&#8220;][vc_column_text]Qualified Networks nimmt den Schutz Ihrer Daten ernst und ergreift geeignete Ma\u00dfnahmen, um Missbrauch, Verlust, unbefugten Zugriff, unerw\u00fcnschte Offenlegung und unbefugte \u00c4nderung zu verhindern. Sollten Sie den Eindruck haben, dass Ihre Daten nicht ausreichend gesichert sind oder Hinweise auf einen Missbrauch vorliegen, wenden Sie sich bitte an unseren Kundenservice oder \u00fcber info@qualifiednetworks.com.[\/vc_column_text][\/vc_column][\/vc_row]<\/p>\n<\/div>","protected":false},"excerpt":{"rendered":"<p>[vc_row][vc_column][vc_custom_heading text=&#8220;Personenbezogene Daten, die wir verarbeiten&#8220; font_container=&#8220;tag:h4|text_align:left&#8220; use_theme_fonts=&#8220;yes&#8220;][vc_column_text]Qualified Networks verarbeitet Ihre personenbezogenen Daten, weil Sie unsere Dienste nutzen und\/oder weil Sie uns diese selbst zur Verf\u00fcgung stellen. Nachfolgend finden Sie eine \u00dcbersicht \u00fcber die von uns verarbeiteten personenbezogenen Daten: Vor-und Nachname Geburtsdatum Adressen Details Stadt Land Telefonnummer E-Mail-Adresse Name der Firma Standortdaten Daten \u00fcber Ihre [&hellip;]<\/p>\n","protected":false},"author":1,"featured_media":0,"parent":0,"menu_order":0,"comment_status":"closed","ping_status":"closed","template":"page-small.php","meta":{"footnotes":""},"class_list":["post-3327","page","type-page","status-publish","hentry"],"acf":[],"_links":{"self":[{"href":"https:\/\/www.qualifiednetworks.com\/de\/wp-json\/wp\/v2\/pages\/3327","targetHints":{"allow":["GET"]}}],"collection":[{"href":"https:\/\/www.qualifiednetworks.com\/de\/wp-json\/wp\/v2\/pages"}],"about":[{"href":"https:\/\/www.qualifiednetworks.com\/de\/wp-json\/wp\/v2\/types\/page"}],"author":[{"embeddable":true,"href":"https:\/\/www.qualifiednetworks.com\/de\/wp-json\/wp\/v2\/users\/1"}],"replies":[{"embeddable":true,"href":"https:\/\/www.qualifiednetworks.com\/de\/wp-json\/wp\/v2\/comments?post=3327"}],"version-history":[{"count":1,"href":"https:\/\/www.qualifiednetworks.com\/de\/wp-json\/wp\/v2\/pages\/3327\/revisions"}],"predecessor-version":[{"id":6934,"href":"https:\/\/www.qualifiednetworks.com\/de\/wp-json\/wp\/v2\/pages\/3327\/revisions\/6934"}],"wp:attachment":[{"href":"https:\/\/www.qualifiednetworks.com\/de\/wp-json\/wp\/v2\/media?parent=3327"}],"curies":[{"name":"wp","href":"https:\/\/api.w.org\/{rel}","templated":true}]}}