 {"id":4763,"date":"2025-03-03T12:43:00","date_gmt":"2025-03-03T12:43:00","guid":{"rendered":"https:\/\/www.qualifiednetworks.com\/zirkulaere-it\/"},"modified":"2025-11-19T14:58:33","modified_gmt":"2025-11-19T14:58:33","slug":"zirkulaere-it","status":"publish","type":"page","link":"https:\/\/www.qualifiednetworks.com\/de\/zirkulaere-it\/","title":{"rendered":"Zirkul\u00e4re IT"},"content":{"rendered":"<div class=\"wpb-content-wrapper\"><p>[vc_section full_width=&#8220;stretch_row&#8220; el_class=&#8220;duurzaamheid section-intro&#8220; css=&#8220;.vc_custom_1740054729106{background-color: #f8f8fa !important;}&#8220;][vc_row][vc_column width=&#8220;5\/12&#8243;][vc_column_text]IT-Ger\u00e4te k\u00f6nnen l\u00e4nger halten und wiederverwendet werden. Mit Kreislauf-IT-L\u00f6sungen sparen Sie Kosten, reduzieren den Elektroschrott und tragen zu einer nachhaltigeren Zukunft bei. Finden Sie heraus, wie Ihr Unternehmen von Wiederverwendung und verantwortungsvollem IT-Management profitieren kann.[\/vc_column_text][vc_column_text el_class=&#8220;list col2&#8243;]<\/p>\n<ul>\n<li><strong>Weniger Elektroschrott<\/strong>: Geben Sie Ger\u00e4ten ein zweites Leben.<\/li>\n<li><strong>Kosteneinsparungen<\/strong>: Verl\u00e4ngern Sie die Nutzungsdauer und sparen Sie.<\/li>\n<li><strong>Nachhaltige Wirkung<\/strong>: weniger CO\u2082, weniger Abfall.<\/li>\n<li><strong>Sichere Verarbeitung<\/strong>: Zertifizierte Datenl\u00f6schung.<\/li>\n<\/ul>\n<p>[\/vc_column_text][vc_row_inner el_class=&#8220;buttons service-mobile-cta&#8220;][vc_column_inner width=&#8220;1\/2&#8243; css=&#8220;.vc_custom_1740487265499{padding-right: 10px !important;padding-left: 0px !important;}&#8220;][vc_btn title=&#8220;Angebot anfordern&#8220; link=&#8220;url:https%3A%2F%2Fwww.qualifiednetworks.com%2Fde%2Fangebot-anfordern%2F|&#8220;][\/vc_column_inner][vc_column_inner width=&#8220;1\/2&#8243; css=&#8220;.vc_custom_1740487216177{padding-right: 0px !important;padding-left: 0px !important;}&#8220;][vc_btn title=&#8220;Kontakt aufnehmen&#8220; style=&#8220;outline&#8220; link=&#8220;url:https%3A%2F%2Fwww.qualifiednetworks.com%2Fde%2Fkontakt%2F|&#8220;][\/vc_column_inner][\/vc_row_inner][vc_column_text][\/vc_column_text][\/vc_column][vc_column width=&#8220;2\/12&#8243;][\/vc_column][vc_column width=&#8220;5\/12&#8243; el_class=&#8220;form&#8220;][vc_custom_heading text=&#8220;Warum Circular IT w\u00e4hlen?&#8220; use_theme_fonts=&#8220;yes&#8220;][vc_column_text]Durch die Integration von Kreislauf-IT-L\u00f6sungen verbessern Sie Ihre IT-Verwaltung, senken die Kosten und verringern Ihren \u00f6kologischen Fu\u00dfabdruck. Weniger Elektroschrott, eine effizientere Nutzung von Rohstoffen und geringere Kohlenstoffemissionen sorgen daf\u00fcr, dass Ihr Unternehmen f\u00fcr die Zukunft ger\u00fcstet ist.[\/vc_column_text][vc_column_text el_class=&#8220;list col2&#8243;]<\/p>\n<ul>\n<li><strong>Geringere Kohlendioxidemissionen<\/strong><br \/>\nDie Wiederverwendung senkt die Umweltbelastung durch IT-Ger\u00e4te.<\/li>\n<li><strong>Geringere Nachfrage nach neuen Materialien<\/strong><br \/>\nBegrenzt die Ersch\u00f6pfung der Ressourcen<\/li>\n<li><strong>Kostensenkung<\/strong><br \/>\nSparen Sie erheblich bei den IT-Ausgaben.<\/li>\n<li><strong>Gesetze und Vorschriften<\/strong><br \/>\nErf\u00fcllen Sie die Nachhaltigkeitsanforderungen und vermeiden Sie Geldbu\u00dfen.<\/li>\n<\/ul>\n<p>[\/vc_column_text][\/vc_column][\/vc_row][vc_row equal_height=&#8220;yes&#8220; el_class=&#8220;kwaliteit pb-90 pt-120&#8243;][vc_column width=&#8220;5\/12&#8243; el_class=&#8220;mo-1&#8243;][vc_single_image image=&#8220;4319&#8243; img_size=&#8220;large&#8220;][\/vc_column][vc_column width=&#8220;2\/12&#8243;][\/vc_column][vc_column width=&#8220;5\/12&#8243; el_class=&#8220;info custom-faq&#8220;][vc_custom_heading text=&#8220;Qualit\u00e4t&#8220; font_container=&#8220;tag:div|text_align:left&#8220; use_theme_fonts=&#8220;yes&#8220; el_class=&#8220;subtitle&#8220;][vc_custom_heading text=&#8220;Unsere Circular<br \/>\nIT-L\u00f6sungen&#8220; use_theme_fonts=&#8220;yes&#8220;][vc_column_text]Wir von Qualified Networks unterst\u00fctzen Unternehmen dabei, ihre IT-Ausr\u00fcstung nachhaltiger zu verwalten. Finden Sie heraus, wie wir Circular IT f\u00fcr Ihr Unternehmen Wirklichkeit werden lassen k\u00f6nnen.[\/vc_column_text][vc_tta_accordion title_tag=&#8220;p&#8220; section_title_tag=&#8220;p&#8220; style=&#8220;outline&#8220; shape=&#8220;square&#8220; color=&#8220;black&#8220; c_position=&#8220;right&#8220; active_section=&#8220;100&#8243; collapsible_all=&#8220;true&#8220; el_class=&#8220;faq-list&#8220;][vc_tta_section title=&#8220;Refurbished IT: hochwertige wiederverwendete Hardware&#8220; tab_id=&#8220;1739950626685-57982fb7-7b0d&#8220; el_class=&#8220;faq-first&#8220;][vc_column_text]Unsere general\u00fcberholte Hardware wird umfangreichen Tests unterzogen und mit einer Garantie versehen, so dass sie in Ihrem Unternehmen wiederverwendet werden kann.[\/vc_column_text][\/vc_tta_section][vc_tta_section title=&#8220;IT Lifecycle Management: von der Beschaffung bis zum Recycling&#8220; tab_id=&#8220;1739950826636-55c2f176-3465&#8243; el_class=&#8220;faq-second&#8220;][vc_column_text]Wir bieten Ihnen umfassende Unterst\u00fctzung beim IT-Management, von der Beschaffung bis zur verantwortungsvollen Entsorgung am Ende des Lebenszyklus.[\/vc_column_text][\/vc_tta_section][vc_tta_section title=&#8220;Datensicherheit &amp; L\u00f6schung: 100% sichere Entfernung&#8220; tab_id=&#8220;1739950825489-c6fadf36-f196&#8243; el_class=&#8220;faq-third&#8220;][vc_column_text]Sensible Daten werden gem\u00e4\u00df den h\u00f6chsten Sicherheitsstandards dauerhaft und zertifiziert gel\u00f6scht.[\/vc_column_text][\/vc_tta_section][vc_tta_section title=&#8220;Nachhaltige Beschaffung &amp; Asset Recovery&#8220; tab_id=&#8220;1739950824730-15fe4dd0-cd92&#8243; el_class=&#8220;faq-fourth&#8220;][vc_column_text]Optimieren Sie Ihre IT-Investitionen, indem Sie verantwortungsbewusst einkaufen und den maximalen Wert aus abgeschriebenen Ger\u00e4ten herausholen.[\/vc_column_text][\/vc_tta_section][\/vc_tta_accordion][\/vc_column][\/vc_row][vc_row el_class=&#8220;pb-120&#8243;][vc_column][vc_custom_heading text=&#8220;WORKSHOP&#8220; font_container=&#8220;tag:div|text_align:center&#8220; use_theme_fonts=&#8220;yes&#8220; el_class=&#8220;subtitle&#8220;][vc_custom_heading text=&#8220;Unsere Arbeitsmethode in 4 Schritten&#8220; font_container=&#8220;tag:h2|text_align:center&#8220; use_theme_fonts=&#8220;yes&#8220;][vc_row_inner el_class=&#8220;section-our-steps swiper cursor-drag&#8220;][vc_column_inner width=&#8220;1\/4&#8243;][vc_single_image image=&#8220;4688&#8243; img_size=&#8220;full&#8220;][vc_custom_heading text=&#8220;Inventar &amp; Beratung&#8220; font_container=&#8220;tag:h4|text_align:left&#8220; use_theme_fonts=&#8220;yes&#8220;][vc_column_text]Wir untersuchen Ihre IT-Bed\u00fcrfnisse und beraten Sie zu Runduml\u00f6sungen f\u00fcr Ihr Unternehmen.[\/vc_column_text][\/vc_column_inner][vc_column_inner width=&#8220;1\/4&#8243;][vc_single_image image=&#8220;4666&#8243; img_size=&#8220;full&#8220;][vc_custom_heading text=&#8220;Renovierung &amp; Wiederverwendung&#8220; font_container=&#8220;tag:h4|text_align:left&#8220; use_theme_fonts=&#8220;yes&#8220;][vc_column_text]Die IT-Ausr\u00fcstung wird gr\u00fcndlich \u00fcberholt und f\u00fcr die Wiederverwendung vorbereitet.[\/vc_column_text][\/vc_column_inner][vc_column_inner width=&#8220;1\/4&#8243;][vc_single_image image=&#8220;4692&#8243; img_size=&#8220;full&#8220;][vc_custom_heading text=&#8220;Sichere Datenauslese und -verarbeitung&#8220; font_container=&#8220;tag:h4|text_align:left&#8220; use_theme_fonts=&#8220;yes&#8220;][vc_column_text]Alle Daten werden vollst\u00e4ndig gel\u00f6scht und die Ger\u00e4te werden nach den h\u00f6chsten Standards verarbeitet.[\/vc_column_text][\/vc_column_inner][vc_column_inner width=&#8220;1\/4&#8243;][vc_single_image image=&#8220;4670&#8243; img_size=&#8220;full&#8220;][vc_custom_heading text=&#8220;Neues Ziel oder Recycling&#8220; font_container=&#8220;tag:h4|text_align:left&#8220; use_theme_fonts=&#8220;yes&#8220;][vc_column_text]Wiederverwendbare Ger\u00e4te bekommen einen neuen Besitzer, w\u00e4hrend der Rest verantwortungsvoll recycelt wird.[\/vc_column_text][\/vc_column_inner][\/vc_row_inner][\/vc_column][\/vc_row][\/vc_section][vc_section full_width=&#8220;stretch_row&#8220;][vc_row equal_height=&#8220;yes&#8220; el_class=&#8220;service pb-100 pt-100&#8243;][vc_column width=&#8220;5\/12&#8243; el_class=&#8220;content info&#8220;][vc_custom_heading text=&#8220;die Umstellung auf Kreislauf-IT&#8220; font_container=&#8220;tag:div|text_align:left&#8220; use_theme_fonts=&#8220;yes&#8220; el_class=&#8220;subtitle&#8220;][vc_custom_heading text=&#8220;Nachhaltige IT<br \/>\nKluge Entscheidungen&#8220; use_theme_fonts=&#8220;yes&#8220;][vc_column_text]Circular IT hilft, Kosten zu senken, Abfall zu reduzieren und Ihr Unternehmen nachhaltiger zu machen. Durch Wiederverwendung und sichere Entsorgung tragen Sie zu einer zukunftssicheren IT-Strategie bei.[\/vc_column_text][vc_column_text el_class=&#8220;list col2&#8243;]<\/p>\n<ul>\n<li><strong>Maximale Lebensdauer:<\/strong> Die Ausr\u00fcstung wird optimal genutzt, was den Abfall reduziert.<\/li>\n<li><strong data-start=\"376\" data-end=\"400\">Vollst\u00e4ndige Entlastung<\/strong>: Wir sorgen f\u00fcr Wiederverwendung, Abwischen und Recycling.<\/li>\n<li><strong>Verantwortungsvolle Entsorgung:<\/strong> IT wird im Kreislauf gef\u00fchrt oder nachhaltig recycelt.<\/li>\n<\/ul>\n<p>[\/vc_column_text][\/vc_column][vc_column width=&#8220;2\/12&#8243;][\/vc_column][vc_column width=&#8220;5\/12&#8243; el_class=&#8220;mo-1&#8243;][vc_single_image image=&#8220;4394&#8243; img_size=&#8220;large&#8220; el_class=&#8220;image-overlay&#8220;][\/vc_column][\/vc_row][vc_row el_class=&#8220;pb-130&#8243;][vc_column width=&#8220;7\/12&#8243; el_class=&#8220;left-content&#8220;][vc_custom_heading text=&#8220;Faq&#8220; font_container=&#8220;tag:div|text_align:left&#8220; use_theme_fonts=&#8220;yes&#8220; el_class=&#8220;subtitle&#8220;][vc_custom_heading text=&#8220;Frage und Antwort&#8220; use_theme_fonts=&#8220;yes&#8220; el_id=&#8220;faq-first&#8220;][vc_tta_accordion title_tag=&#8220;p&#8220; section_title_tag=&#8220;p&#8220; style=&#8220;outline&#8220; shape=&#8220;square&#8220; color=&#8220;black&#8220; c_position=&#8220;right&#8220; active_section=&#8220;100&#8243; collapsible_all=&#8220;true&#8220;][vc_tta_section title=&#8220;Wie garantieren Sie die Qualit\u00e4t der aufbereiteten IT?&#8220; tab_id=&#8220;1740059542177-a6d79dfd-70e5&#8243;][vc_column_text]Wir testen jede Komponente gr\u00fcndlich auf mehr als 20 Punkte und bieten Garantie auf unsere general\u00fcberholten IT-Ger\u00e4te.[\/vc_column_text][\/vc_tta_section][vc_tta_section title=&#8220;Was passiert mit unseren alten Ger\u00e4ten?&#8220; tab_id=&#8220;1740059542197-b25b9ff3-e8ab&#8220;][vc_column_text]Wir \u00fcberholen und verwenden, wo immer es m\u00f6glich ist. Teile, die nicht wiederverwendet werden k\u00f6nnen, werden auf umweltfreundliche Weise recycelt.[\/vc_column_text][\/vc_tta_section][vc_tta_section title=&#8220;Wie werden unsere Daten sicher gel\u00f6scht?&#8220; tab_id=&#8220;1740059542221-cf1635f0-c84f&#8220;][vc_column_text]Wir verwenden zertifizierte Rocker-Technologien wie Youwipe, die internationalen Standards wie GDPR und ISO27001 entsprechen.[\/vc_column_text][\/vc_tta_section][vc_tta_section title=&#8220;Spare ich wirklich Kosten mit Circular IT?&#8220; tab_id=&#8220;1740059542242-d0c84e05-76e5&#8243;][vc_column_text]Ja, indem Sie die Lebensdauer Ihrer Ger\u00e4te verl\u00e4ngern, reduzieren Sie die Ersatzkosten und steigern den Wert Ihrer IT-Investition.[\/vc_column_text][\/vc_tta_section][vc_tta_section title=&#8220;Kann Circular IT zur Einhaltung der Nachhaltigkeitsvorschriften beitragen?&#8220; tab_id=&#8220;1740059542261-bc0021b6-4bc5&#8243;][vc_column_text]Sicher. Circular IT-L\u00f6sungen unterst\u00fctzen Unternehmen bei der Einhaltung strengerer Umweltvorschriften und Nachhaltigkeitsziele.[\/vc_column_text][\/vc_tta_section][\/vc_tta_accordion][vc_btn title=&#8220;Mehr h\u00e4ufig gestellte Fragen&#8220; style=&#8220;outline&#8220; link=&#8220;url:https%3A%2F%2Fwww.qualifiednetworks.com%2Ffaq%2F|&#8220; el_class=&#8220;pt-30&#8243;][\/vc_column][vc_column width=&#8220;5\/12&#8243; el_class=&#8220;faq-sidebar&#8220;][vc_custom_heading text=&#8220;Kontakt&#8220; font_container=&#8220;tag:div|text_align:left&#8220; use_theme_fonts=&#8220;yes&#8220; el_class=&#8220;subtitle&#8220;][vc_custom_heading text=&#8220;ANDERE FRAGE?&#8220; font_container=&#8220;tag:h3|text_align:left&#8220; use_theme_fonts=&#8220;yes&#8220; css=&#8220;.vc_custom_1740907490244{margin-bottom: 5px !important;}&#8220;][vc_column_text css=&#8220;.vc_custom_1740487348920{margin-bottom: 10px !important;}&#8220; el_class=&#8220;sub-title&#8220;]Wenden Sie sich direkt an einen unserer Spezialisten.[\/vc_column_text][vc_row_inner el_class=&#8220;faq-contact-block&#8220;][vc_column_inner width=&#8220;1\/4&#8243;][vc_single_image image=&#8220;4020&#8243; img_size=&#8220;large&#8220; style=&#8220;vc_box_circle_2&#8243; onclick=&#8220;custom_link&#8220; link=&#8220;\/author\/oskar-paarhuis\/&#8220;][\/vc_column_inner][vc_column_inner width=&#8220;3\/4&#8243;][vc_column_text]<\/p>\n<div class=\"contact-wrapper\">\n<div class=\"contact-info\">\n<h6 class=\"name\"><a href=\"\/author\/oskar-paarhuis\/\">BEREND RUIJS<\/a><\/h6>\n<p><a href=\"\/author\/oskar-paarhuis\/\"><span class=\"position\">Finanz- und Vertriebsunterst\u00fctzung<\/span><\/a><\/p>\n<\/div>\n<div class=\"contact-details\"><span class=\"contact-tel\"><a href=\"tel:+31202402350\">+31 (0) 20-2402350<\/a><\/span><span class=\"contact-email\"><br \/>\n<a href=\"mailto:info@qualifiednetworks.com\">info@qualifiednetworks.com<\/a><br \/>\n<\/span><\/div>\n<\/div>\n<p>[\/vc_column_text][\/vc_column_inner][\/vc_row_inner][\/vc_column][\/vc_row][\/vc_section]<\/p>\n<\/div>","protected":false},"excerpt":{"rendered":"<p>[vc_section full_width=&#8220;stretch_row&#8220; el_class=&#8220;duurzaamheid section-intro&#8220; css=&#8220;.vc_custom_1740054729106{background-color: #f8f8fa !important;}&#8220;][vc_row][vc_column width=&#8220;5\/12&#8243;][vc_column_text]IT-Ger\u00e4te k\u00f6nnen l\u00e4nger halten und wiederverwendet werden. Mit Kreislauf-IT-L\u00f6sungen sparen Sie Kosten, reduzieren den Elektroschrott und tragen zu einer nachhaltigeren Zukunft bei. Finden Sie heraus, wie Ihr Unternehmen von Wiederverwendung und verantwortungsvollem IT-Management profitieren kann.[\/vc_column_text][vc_column_text el_class=&#8220;list col2&#8243;] Weniger Elektroschrott: Geben Sie Ger\u00e4ten ein zweites Leben. Kosteneinsparungen: Verl\u00e4ngern Sie [&hellip;]<\/p>\n","protected":false},"author":1,"featured_media":0,"parent":0,"menu_order":0,"comment_status":"closed","ping_status":"closed","template":"","meta":{"footnotes":""},"class_list":["post-4763","page","type-page","status-publish","hentry"],"acf":[],"_links":{"self":[{"href":"https:\/\/www.qualifiednetworks.com\/de\/wp-json\/wp\/v2\/pages\/4763","targetHints":{"allow":["GET"]}}],"collection":[{"href":"https:\/\/www.qualifiednetworks.com\/de\/wp-json\/wp\/v2\/pages"}],"about":[{"href":"https:\/\/www.qualifiednetworks.com\/de\/wp-json\/wp\/v2\/types\/page"}],"author":[{"embeddable":true,"href":"https:\/\/www.qualifiednetworks.com\/de\/wp-json\/wp\/v2\/users\/1"}],"replies":[{"embeddable":true,"href":"https:\/\/www.qualifiednetworks.com\/de\/wp-json\/wp\/v2\/comments?post=4763"}],"version-history":[{"count":2,"href":"https:\/\/www.qualifiednetworks.com\/de\/wp-json\/wp\/v2\/pages\/4763\/revisions"}],"predecessor-version":[{"id":6854,"href":"https:\/\/www.qualifiednetworks.com\/de\/wp-json\/wp\/v2\/pages\/4763\/revisions\/6854"}],"wp:attachment":[{"href":"https:\/\/www.qualifiednetworks.com\/de\/wp-json\/wp\/v2\/media?parent=4763"}],"curies":[{"name":"wp","href":"https:\/\/api.w.org\/{rel}","templated":true}]}}