 {"id":4793,"date":"2025-03-03T12:42:58","date_gmt":"2025-03-03T12:42:58","guid":{"rendered":"https:\/\/www.qualifiednetworks.com\/gute-gruende\/"},"modified":"2025-03-19T08:16:39","modified_gmt":"2025-03-19T08:16:39","slug":"wohltaetigkeitsorganisationen","status":"publish","type":"page","link":"https:\/\/www.qualifiednetworks.com\/de\/wohltaetigkeitsorganisationen\/","title":{"rendered":"Gute Gr\u00fcnde"},"content":{"rendered":"<div class=\"wpb-content-wrapper\"><p>[vc_row equal_height=&#8220;yes&#8220; el_class=&#8220;plantation-step goede pt-130 pb-90&#8243;][vc_column width=&#8220;6\/12&#8243; el_class=&#8220;mo-1&#8243;][vc_single_image image=&#8220;5180&#8243; img_size=&#8220;full&#8220; css=&#8220;&#8220; el_class=&#8220;image-overlay&#8220;][vc_single_image image=&#8220;3755&#8243; img_size=&#8220;large&#8220; el_class=&#8220;trees-badge&#8220;][\/vc_column][vc_column width=&#8220;1\/12&#8243;][\/vc_column][vc_column width=&#8220;5\/12&#8243; el_class=&#8220;info&#8220;][vc_custom_heading text=&#8220;B\u00e4ume f\u00fcr alle&#8220; font_container=&#8220;tag:div|text_align:left&#8220; use_theme_fonts=&#8220;yes&#8220; el_class=&#8220;subtitle&#8220;][vc_custom_heading text=&#8220;unsere Partnerschaft mit B\u00e4ume f\u00fcr alle&#8220; use_theme_fonts=&#8220;yes&#8220;][vc_column_text css=&#8220;&#8220;]Sie spielten eine entscheidende Rolle im Hinblick auf unser Klima und die Artenvielfalt. Aus diesem Grund haben wir uns mit Trees for All getroffen, einer Organisation, die weltweite Pflanzenschutzprojekte organisiert und einen gro\u00dfen Beitrag zur CO\u2082-Kompensation geleistet hat.[\/vc_column_text][vc_column_text css=&#8220;&#8220; el_class=&#8220;list&#8220;]<\/p>\n<ul>\n<li><strong>Herstel van Bossen in Nederland \u2013 Draag bij aan local CO\u2082-reductie.<\/strong><\/li>\n<li><strong>Pflanzen Sie Pflanzen in Klimakrisengebieten \u2013 Helfen Sie dabei, Ma\u00dfnahmen in S\u00fcdamerika und Asien zu ergreifen.<\/strong><\/li>\n<li><strong>F\u00fcr weitere 100 \u20ac als Restbetrag erhalten Sie 10 \u20ac zus\u00e4tzlich f\u00fcr boomplantprojects.<\/strong><\/li>\n<\/ul>\n<p>[\/vc_column_text][vc_column_text css=&#8220;&#8220;]Dankzij unserer Kunden sind alle geplanten Projekte![\/vc_column_text][vc_btn title=&#8220;Mehr lesen&#8220; style=&#8220;outline&#8220; link=&#8220;url:https%3A%2F%2Fwww.qualifiednetworks.com%2Fen%2Fduurzaamheid%2F|title:Nachhaltigkeit|&#8220;][\/vc_column][\/vc_row][vc_row equal_height=&#8220;yes&#8220; el_class=&#8220;service&#8220;][vc_column width=&#8220;6\/12&#8243; el_class=&#8220;content info&#8220;][vc_custom_heading text=&#8220;Besch\u00fctzen und helfen Sie Ihrem Zuhause&#8220; font_container=&#8220;tag:div|text_align:left&#8220; use_theme_fonts=&#8220;yes&#8220; css=&#8220;&#8220; el_class=&#8220;subtitle&#8220;][vc_custom_heading text=&#8220;Steun Stichting Blijf Groep&#8220; use_theme_fonts=&#8220;yes&#8220; css=&#8220;&#8220;][vc_column_text css=&#8220;.vc_custom_1741516927498{margin-bottom: 10px !important;}&#8220;]H\u00e4usliche Gewalt ist ein ernstes soziales Problem. Die Stiftung Blijf Groep bietet Menschen, die sich in unsicheren Situationen befinden, Schutz, Beratung und Unterst\u00fctzung. Mit den Erl\u00f6sen aus unseren kreisf\u00f6rmigen IT-Diensten unterst\u00fctzen wir diese Stiftung, damit sie ihre wichtige Arbeit fortsetzen kann.[\/vc_column_text][vc_column_text css=&#8220;&#8220; el_class=&#8220;list&#8220;]<\/p>\n<ul>\n<li><strong>Veilige opvanglocaties voor slachtoffers van huiselijk geweld.<\/strong><\/li>\n<li><strong>Insgesamt kostet ein Laptop 79.000 Euro.<\/strong><\/li>\n<li><strong>Sicherheitsdienst \u2013 Mehr als 100 Telefone wurden f\u00fcr die Kommunikation bereitgestellt.<\/strong><\/li>\n<\/ul>\n<p>[\/vc_column_text][vc_column_text css=&#8220;.vc_custom_1741517005607{margin-bottom: 10px !important;}&#8220;]Ihr Beitrag half uns bei der Organisation, damit die M\u00e4nner einen neuen Termin hatten.[\/vc_column_text][\/vc_column][vc_column width=&#8220;1\/12&#8243;][\/vc_column][vc_column width=&#8220;5\/12&#8243; el_class=&#8220;mo-1&#8243;][vc_single_image image=&#8220;4617&#8243; img_size=&#8220;large&#8220; el_class=&#8220;image-overlay&#8220;][vc_single_image image=&#8220;5196&#8243; img_size=&#8220;large&#8220; css=&#8220;&#8220; el_class=&#8220;sticky-image&#8220;][\/vc_column][\/vc_row][vc_row equal_height=&#8220;yes&#8220; el_class=&#8220;goede pt-160 pb-90 before-none&#8220;][vc_column width=&#8220;6\/12&#8243; el_class=&#8220;mo-1&#8243;][vc_single_image image=&#8220;5358&#8243; img_size=&#8220;full&#8220; css=&#8220;&#8220; el_class=&#8220;image-overlay&#8220;][\/vc_column][vc_column width=&#8220;1\/12&#8243;][\/vc_column][vc_column width=&#8220;5\/12&#8243; el_class=&#8220;info&#8220;][vc_custom_heading text=&#8220;andere Wohlt\u00e4tigkeitsorganisationen&#8220; font_container=&#8220;tag:div|text_align:left&#8220; use_theme_fonts=&#8220;yes&#8220; el_class=&#8220;subtitle&#8220;][vc_custom_heading text=&#8220;Unterst\u00fctzen Sie eine Wohlt\u00e4tigkeitsorganisation Ihrer Wahl&#8220; use_theme_fonts=&#8220;yes&#8220; css=&#8220;.vc_custom_1740987159188{margin-bottom: 0px !important;}&#8220;][vc_column_text css=&#8220;.vc_custom_1740987176212{margin-bottom: 15px !important;}&#8220;]M\u00f6chten Sie lieber eine andere Initiative unterst\u00fctzen? Sie k\u00f6nnen! Sie entscheiden, welcher Prozentsatz des Restwerts Ihrer IT-Ausr\u00fcstung an wohlt\u00e4tige Zwecke geht.[\/vc_column_text][vc_custom_heading text=&#8220;Inspiration durch fr\u00fchere Spenden&#8220; font_container=&#8220;tag:h4|text_align:left&#8220; use_theme_fonts=&#8220;yes&#8220;][vc_column_text css=&#8220;.vc_custom_1740987182677{margin-bottom: 15px !important;}&#8220;]Einige Beispiele f\u00fcr fr\u00fchere Spenden:[\/vc_column_text][vc_row_inner][vc_column_inner el_class=&#8220;brand-logo&#8220; width=&#8220;1\/4&#8243;][vc_single_image image=&#8220;5363&#8243; img_size=&#8220;full&#8220; css=&#8220;&#8220;][\/vc_column_inner][vc_column_inner width=&#8220;3\/4&#8243;][vc_column_text css=&#8220;.vc_custom_1740492335787{margin-bottom: 0px !important;}&#8220; el_class=&#8220;list col2&#8243;]<\/p>\n<ul>\n<li><strong>KiKa<\/strong><br \/>\nKrebsforschung f\u00fcr Kinder.<\/li>\n<\/ul>\n<p>[\/vc_column_text][\/vc_column_inner][\/vc_row_inner][vc_row_inner][vc_column_inner el_class=&#8220;brand-logo&#8220; width=&#8220;1\/4&#8243;][vc_single_image image=&#8220;5367&#8243; img_size=&#8220;full&#8220; css=&#8220;&#8220;][\/vc_column_inner][vc_column_inner width=&#8220;3\/4&#8243;][vc_column_text css=&#8220;.vc_custom_1740492409284{margin-bottom: 0px !important;}&#8220; el_class=&#8220;list col2&#8243;]<\/p>\n<ul>\n<li><strong>Cliniclowns<\/strong><br \/>\nPflege f\u00fcr kranke Kinder und Menschen mit Demenz.<\/li>\n<\/ul>\n<p>[\/vc_column_text][\/vc_column_inner][\/vc_row_inner][vc_row_inner][vc_column_inner el_class=&#8220;brand-logo&#8220; width=&#8220;1\/4&#8243;][vc_single_image image=&#8220;5371&#8243; img_size=&#8220;full&#8220; css=&#8220;&#8220; el_class=&#8220;custom-height&#8220;][\/vc_column_inner][vc_column_inner width=&#8220;3\/4&#8243;][vc_column_text css=&#8220;.vc_custom_1740492416504{margin-bottom: 0px !important;}&#8220; el_class=&#8220;list col2&#8243;]<\/p>\n<ul>\n<li><strong>Fight Against Cancer<\/strong><br \/>\nInnovation und Unterst\u00fctzung im Kampf gegen den Krebs.<\/li>\n<\/ul>\n<p>[\/vc_column_text][\/vc_column_inner][\/vc_row_inner][\/vc_column][\/vc_row][vc_row el_class=&#8220;pb-90&#8243;][vc_column][vc_custom_heading text=&#8220;WORKSHOP&#8220; font_container=&#8220;tag:div|text_align:center&#8220; use_theme_fonts=&#8220;yes&#8220; el_class=&#8220;subtitle&#8220;][vc_custom_heading text=&#8220;Wie funktioniert das?&#8220; font_container=&#8220;tag:h2|text_align:center&#8220; use_theme_fonts=&#8220;yes&#8220;][vc_column_text css=&#8220;.vc_custom_1740384486485{margin-bottom: 0px !important;}&#8220;]<\/p>\n<p style=\"text-align: center;\">Unsere Zusammenarbeit mit Wohlt\u00e4tigkeitsorganisationen ist direkt mit unserem zirkul\u00e4ren IT-Ansatz verbunden:<\/p>\n<p>[\/vc_column_text][vc_row_inner el_class=&#8220;section-our-steps swiper cursor-drag&#8220;][vc_column_inner width=&#8220;1\/4&#8243;][vc_single_image image=&#8220;4685&#8243; img_size=&#8220;full&#8220;][vc_custom_heading text=&#8220;W\u00e4hlen Sie eine Wohlt\u00e4tigkeitsorganisation, die zu Ihrer Organisation passt.&#8220; font_container=&#8220;tag:h4|text_align:left&#8220; use_theme_fonts=&#8220;yes&#8220;][vc_column_text][\/vc_column_text][\/vc_column_inner][vc_column_inner width=&#8220;1\/4&#8243;][vc_single_image image=&#8220;4663&#8243; img_size=&#8220;full&#8220;][vc_custom_heading text=&#8220;Entscheiden Sie, wie viel Prozent des Restwerts Sie spenden m\u00f6chten.&#8220; font_container=&#8220;tag:h4|text_align:left&#8220; use_theme_fonts=&#8220;yes&#8220;][vc_column_text][\/vc_column_text][\/vc_column_inner][vc_column_inner width=&#8220;1\/4&#8243;][vc_single_image image=&#8220;4689&#8243; img_size=&#8220;full&#8220;][vc_custom_heading text=&#8220;Wir werden Ihre Spende um weitere 10% erh\u00f6hen.&#8220; font_container=&#8220;tag:h4|text_align:left&#8220; use_theme_fonts=&#8220;yes&#8220;][vc_column_text][\/vc_column_text][\/vc_column_inner][vc_column_inner width=&#8220;1\/4&#8243;][vc_single_image image=&#8220;4650&#8243; img_size=&#8220;full&#8220;][vc_custom_heading text=&#8220;Sie erhalten ein Zertifikat mit Ihren Ersparnissen.&#8220; font_container=&#8220;tag:h4|text_align:left&#8220; use_theme_fonts=&#8220;yes&#8220;][\/vc_column_inner][\/vc_row_inner][\/vc_column][\/vc_row]<\/p>\n<\/div>","protected":false},"excerpt":{"rendered":"<p>[vc_row equal_height=&#8220;yes&#8220; el_class=&#8220;plantation-step goede pt-130 pb-90&#8243;][vc_column width=&#8220;6\/12&#8243; el_class=&#8220;mo-1&#8243;][vc_single_image image=&#8220;5180&#8243; img_size=&#8220;full&#8220; css=&#8220;&#8220; el_class=&#8220;image-overlay&#8220;][vc_single_image image=&#8220;3755&#8243; img_size=&#8220;large&#8220; el_class=&#8220;trees-badge&#8220;][\/vc_column][vc_column width=&#8220;1\/12&#8243;][\/vc_column][vc_column width=&#8220;5\/12&#8243; el_class=&#8220;info&#8220;][vc_custom_heading text=&#8220;B\u00e4ume f\u00fcr alle&#8220; font_container=&#8220;tag:div|text_align:left&#8220; use_theme_fonts=&#8220;yes&#8220; el_class=&#8220;subtitle&#8220;][vc_custom_heading text=&#8220;unsere Partnerschaft mit B\u00e4ume f\u00fcr alle&#8220; use_theme_fonts=&#8220;yes&#8220;][vc_column_text css=&#8220;&#8220;]Sie spielten eine entscheidende Rolle im Hinblick auf unser Klima und die Artenvielfalt. Aus diesem Grund haben wir uns mit Trees for All getroffen, [&hellip;]<\/p>\n","protected":false},"author":1,"featured_media":0,"parent":0,"menu_order":0,"comment_status":"closed","ping_status":"closed","template":"","meta":{"footnotes":""},"class_list":["post-4793","page","type-page","status-publish","hentry"],"acf":[],"_links":{"self":[{"href":"https:\/\/www.qualifiednetworks.com\/de\/wp-json\/wp\/v2\/pages\/4793","targetHints":{"allow":["GET"]}}],"collection":[{"href":"https:\/\/www.qualifiednetworks.com\/de\/wp-json\/wp\/v2\/pages"}],"about":[{"href":"https:\/\/www.qualifiednetworks.com\/de\/wp-json\/wp\/v2\/types\/page"}],"author":[{"embeddable":true,"href":"https:\/\/www.qualifiednetworks.com\/de\/wp-json\/wp\/v2\/users\/1"}],"replies":[{"embeddable":true,"href":"https:\/\/www.qualifiednetworks.com\/de\/wp-json\/wp\/v2\/comments?post=4793"}],"version-history":[{"count":0,"href":"https:\/\/www.qualifiednetworks.com\/de\/wp-json\/wp\/v2\/pages\/4793\/revisions"}],"wp:attachment":[{"href":"https:\/\/www.qualifiednetworks.com\/de\/wp-json\/wp\/v2\/media?parent=4793"}],"curies":[{"name":"wp","href":"https:\/\/api.w.org\/{rel}","templated":true}]}}