 {"id":5778,"date":"2025-03-19T07:28:05","date_gmt":"2025-03-19T07:28:05","guid":{"rendered":"https:\/\/www.qualifiednetworks.com\/neue-it-ausruestung\/"},"modified":"2025-03-19T07:28:06","modified_gmt":"2025-03-19T07:28:06","slug":"neue-it-ausruestung","status":"publish","type":"page","link":"https:\/\/www.qualifiednetworks.com\/de\/neue-it-ausruestung\/","title":{"rendered":"Neue IT-Ausr\u00fcstung"},"content":{"rendered":"<div class=\"wpb-content-wrapper\"><p>[vc_section full_width=&#8220;stretch_row&#8220; el_class=&#8220;duurzaamheid section-intro&#8220; css=&#8220;.vc_custom_1740054729106{background-color: #f8f8fa !important;}&#8220;][vc_row][vc_column width=&#8220;6\/12&#8243;][vc_column_text css=&#8220;&#8220;]Bei Qualified Networks finden Sie neue IT-Ausr\u00fcstung, die noch nie benutzt wurde, aber g\u00fcnstiger ist als auf dem regul\u00e4ren Markt. Wir kaufen New Open Box &amp; New Sealed IT-Hardware aus \u00dcberbest\u00e4nden und stornierten Bestellungen, so dass Sie von wettbewerbsf\u00e4higen Preisen und sofortiger Verf\u00fcgbarkeit profitieren. Alle Ger\u00e4te sind original, unbesch\u00e4digt und aufgrund unserer strengen Qualit\u00e4tskontrollen sofort einsatzbereit.[\/vc_column_text][vc_row_inner el_class=&#8220;buttons&#8220;][vc_column_inner width=&#8220;1\/2&#8243;][vc_btn title=&#8220;In Kontakt kommen&#8220; link=&#8220;url:https%3A%2F%2Fwww.qualifiednetworks.com%2Fde%2Fkontakt%2F|&#8220;][\/vc_column_inner][\/vc_row_inner][vc_column_text][\/vc_column_text][\/vc_column][vc_column width=&#8220;1\/12&#8243;][\/vc_column][vc_column width=&#8220;5\/12&#8243; el_class=&#8220;form&#8220;][vc_custom_heading text=&#8220;Warum neue IT-Ausr\u00fcstung bei Qualified Networks?&#8220; use_theme_fonts=&#8220;yes&#8220; css=&#8220;&#8220;][vc_column_text css=&#8220;&#8220; el_class=&#8220;list&#8220;]<\/p>\n<ul>\n<li><strong>Neue unbenutzte Ger\u00e4te<\/strong><br \/>\nNeue offene Box &amp; Neue versiegelte Box<\/li>\n<li><strong>Bis zu 40% g\u00fcnstiger als der Marktpreis<\/strong><br \/>\nSmarte Einsparungen bei Ihrer IT-Investition.<\/li>\n<li><strong>Sofort ab Lager verf\u00fcgbar<\/strong><br \/>\nSchnelle Lieferung ohne lange Vorlaufzeiten.<\/li>\n<li><strong>Qualit\u00e4tssicherung &amp; Support<\/strong><br \/>\nVollst\u00e4ndige \u00dcberpr\u00fcfung der Echtheit und des Betriebs.<\/li>\n<\/ul>\n<p>[\/vc_column_text][\/vc_column][\/vc_row][vc_row equal_height=&#8220;yes&#8220; el_class=&#8220;kwaliteit pb-90 pt-120&#8243;][vc_column width=&#8220;6\/12&#8243; el_class=&#8220;mo-1&#8243;][vc_single_image image=&#8220;5036&#8243; img_size=&#8220;full&#8220; css=&#8220;&#8220;][\/vc_column][vc_column width=&#8220;1\/12&#8243;][\/vc_column][vc_column width=&#8220;5\/12&#8243; el_class=&#8220;info custom-faq&#8220;][vc_custom_heading text=&#8220;Unterschied New Open Box &amp; New Sealed&#8220; font_container=&#8220;tag:div|text_align:left&#8220; use_theme_fonts=&#8220;yes&#8220; css=&#8220;&#8220; el_class=&#8220;subtitle&#8220;][vc_custom_heading text=&#8220;Neue IT ohne den hohen Preis&#8220; use_theme_fonts=&#8220;yes&#8220; css=&#8220;&#8220;][vc_column_text css=&#8220;&#8220; el_class=&#8220;list col2&#8243;]New Open Boxed &amp; New Sealed IT-Hardware ist v\u00f6llig neu und unbenutzt, aber aus \u00dcberbest\u00e4nden, Firmenreserven oder stornierten Bestellungen.<\/p>\n<ul>\n<li>New Open Boxed: Das Produkt wurde noch nie benutzt, aber die Verpackung wurde ge\u00f6ffnet (z.B. ge\u00f6ffnet, aber nicht gebraucht).<\/li>\n<li>Neu versiegelt: Das Produkt befindet sich noch vollst\u00e4ndig in der originalen, versiegelten Werksverpackung.<\/li>\n<\/ul>\n<p>Diese Hardware hat die gleiche Leistung wie regul\u00e4re neue IT, ist aber leicht verf\u00fcgbar und g\u00fcnstiger.[\/vc_column_text][vc_btn title=&#8220;In Kontakt kommen&#8220; link=&#8220;url:https%3A%2F%2Fwww.qualifiednetworks.com%2Fde%2Fkontakt%2F|&#8220;][\/vc_column][\/vc_row][vc_row equal_height=&#8220;yes&#8220; el_class=&#8220;service pb-100&#8243;][vc_column width=&#8220;6\/12&#8243; el_class=&#8220;content info&#8220;][vc_custom_heading text=&#8220;Bis zu 40% g\u00fcnstiger als der offizielle Verkaufspreis&#8220; font_container=&#8220;tag:div|text_align:left&#8220; use_theme_fonts=&#8220;yes&#8220; css=&#8220;&#8220; el_class=&#8220;subtitle&#8220;][vc_custom_heading text=&#8220;Sparen Sie clever bei neuer IT-Ausr\u00fcstung&#8220; use_theme_fonts=&#8220;yes&#8220; css=&#8220;&#8220;][vc_column_text css=&#8220;&#8220; el_class=&#8220;list col2&#8243;]Warum den vollen Preis zahlen, wenn Sie neue IT g\u00fcnstiger bekommen k\u00f6nnen? Dank unserer umfangreichen Beschaffung von unbenutzter Hardware aus Firmenbest\u00e4nden und \u00dcberbest\u00e4nden sparen Sie bis zu 40 % Ihrer IT-Investitionen. Unsere New Open Boxed &amp; New Sealed Produkte stammen von vertrauensw\u00fcrdigen Lieferanten und aus Firmen\u00fcberbest\u00e4nden, damit Sie authentische, unbenutzte IT-Hardware von h\u00f6chster Qualit\u00e4t erhalten.[\/vc_column_text][vc_btn title=&#8220;In Kontakt kommen&#8220; link=&#8220;url:https%3A%2F%2Fwww.qualifiednetworks.com%2Fde%2Fkontakt%2F|&#8220;][\/vc_column][vc_column width=&#8220;1\/12&#8243;][\/vc_column][vc_column width=&#8220;5\/12&#8243; el_class=&#8220;mo-1&#8243;][vc_single_image image=&#8220;5084&#8243; img_size=&#8220;large&#8220; css=&#8220;&#8220; el_class=&#8220;image-overlay&#8220;][\/vc_column][\/vc_row][\/vc_section][vc_section full_width=&#8220;stretch_row&#8220;][vc_row equal_height=&#8220;yes&#8220; el_class=&#8220;garantie-kwaliteit service pb-100 pt-100&#8243;][vc_column width=&#8220;6\/12&#8243; el_class=&#8220;mo-1&#8243;][vc_single_image image=&#8220;4988&#8243; img_size=&#8220;full&#8220; css=&#8220;&#8220; el_class=&#8220;image-overlay&#8220;][\/vc_column][vc_column width=&#8220;1\/12&#8243; el_class=&#8220;content info&#8220;][\/vc_column][vc_column width=&#8220;5\/12&#8243; el_class=&#8220;content info&#8220;][vc_custom_heading text=&#8220;Sofortige Verf\u00fcgbarkeit ohne lange Wartezeiten&#8220; font_container=&#8220;tag:div|text_align:left&#8220; use_theme_fonts=&#8220;yes&#8220; css=&#8220;&#8220; el_class=&#8220;subtitle&#8220;][vc_custom_heading text=&#8220;Neue IT mit Sicherheit und schneller Lieferung&#8220; use_theme_fonts=&#8220;yes&#8220; css=&#8220;&#8220;][vc_column_text css=&#8220;&#8220; el_class=&#8220;list&#8220;]Bei Herstellern und H\u00e4ndlern kann IT-Hardware aufgrund von Produktions- und Vertriebszeiten lange auf sich warten lassen. Nicht so bei Qualified Networks. Unsere New Open Boxed &amp; New Sealed Hardware ist sofort auf Lager und versandfertig. Keine monatelangen Lieferzeiten, holen Sie sich Ihre IT-Ausr\u00fcstung einfach schnell und zuverl\u00e4ssig nach Hause. Alle Produkte sind original, unbenutzt und voll funktionsf\u00e4hig, so dass Sie sofort loslegen k\u00f6nnen.[\/vc_column_text][vc_btn title=&#8220;Mehr \u00fcber Nachhaltigkeit&#8220; css=&#8220;&#8220; link=&#8220;url:https%3A%2F%2Fwww.qualifiednetworks.com%2Fduurzaamheid%2F|&#8220;][\/vc_column][\/vc_row][vc_row el_class=&#8220;pb-130&#8243;][vc_column width=&#8220;7\/12&#8243; el_class=&#8220;left-content&#8220;][vc_custom_heading text=&#8220;Faq&#8220; font_container=&#8220;tag:div|text_align:left&#8220; use_theme_fonts=&#8220;yes&#8220; el_class=&#8220;subtitle&#8220;][vc_custom_heading text=&#8220;Frage und Antwort&#8220; use_theme_fonts=&#8220;yes&#8220; el_id=&#8220;faq-first&#8220;][vc_tta_accordion title_tag=&#8220;p&#8220; section_title_tag=&#8220;p&#8220; style=&#8220;outline&#8220; shape=&#8220;square&#8220; color=&#8220;black&#8220; c_position=&#8220;right&#8220; active_section=&#8220;100&#8243; collapsible_all=&#8220;true&#8220;][vc_tta_section title=&#8220;Was ist der Unterschied zwischen New Open Box und New Sealed Box IT?&#8220; tab_id=&#8220;1740059542177-a6d79dfd-70e5&#8243;][vc_column_text css=&#8220;&#8220;]<\/p>\n<ul>\n<li data-start=\"3181\" data-end=\"3247\"><strong data-start=\"3183\" data-end=\"3197\">Neue versiegelte Box<\/strong>: Die Verpackung ist vollst\u00e4ndig intakt und unge\u00f6ffnet.<\/li>\n<li data-start=\"3248\" data-end=\"3337\"><strong data-start=\"3250\" data-end=\"3262\">Neu Ge\u00f6ffnete Box<\/strong>: Die Verpackung wurde zur Inspektion ge\u00f6ffnet, aber das Produkt ist unbenutzt.<\/li>\n<\/ul>\n<p>[\/vc_column_text][\/vc_tta_section][vc_tta_section title=&#8220;Sind diese Produkte wirklich neu?&#8220; tab_id=&#8220;1740059542197-b25b9ff3-e8ab&#8220;][vc_column_text css=&#8220;&#8220;]Ja, alle unsere Open Box &amp; Sealed Box Produkte sind <strong data-start=\"3434\" data-end=\"3448\">unbenutzt<\/strong> und stammen aus \u00dcberbest\u00e4nden, stornierten Bestellungen oder Gesch\u00e4ftsresten.[\/vc_column_text][\/vc_tta_section][vc_tta_section title=&#8220;Wie viel kann ich bei New Open Box &amp; New Sealed Box IT sparen?&#8220; tab_id=&#8220;1740059542221-cf1635f0-c84f&#8220;][vc_column_text css=&#8220;&#8220;]Sie sparen bis zu 40 % gegen\u00fcber dem urspr\u00fcnglichen Einzelhandelspreis, ohne Qualit\u00e4tsverluste.[\/vc_column_text][\/vc_tta_section][vc_tta_section title=&#8220;Gibt es f\u00fcr diese Produkte eine Garantie?&#8220; tab_id=&#8220;1740059542242-d0c84e05-76e5&#8243;][vc_column_text css=&#8220;&#8220;]Ja, alle unsere Open Box &amp; Sealed Box Produkte werden mit lebenslanger Garantie und Support geliefert.[\/vc_column_text][\/vc_tta_section][vc_tta_section title=&#8220;Wie schnell kann ich meine Bestellung erhalten?&#8220; tab_id=&#8220;1740059542261-bc0021b6-4bc5&#8243;][vc_column_text css=&#8220;&#8220;]Unser Lagerbestand ist schnell verf\u00fcgbar und kann oft innerhalb von 24 Stunden versandt werden.[\/vc_column_text][\/vc_tta_section][\/vc_tta_accordion][vc_btn title=&#8220;Mehr h\u00e4ufig gestellte Fragen&#8220; style=&#8220;outline&#8220; link=&#8220;url:https%3A%2F%2Fwww.qualifiednetworks.com%2Fduurzaamheid%2F|title:Faq|&#8220; el_class=&#8220;pt-30&#8243;][\/vc_column][vc_column width=&#8220;5\/12&#8243; el_class=&#8220;faq-sidebar&#8220;][vc_custom_heading text=&#8220;Kontakt&#8220; font_container=&#8220;tag:div|text_align:left&#8220; use_theme_fonts=&#8220;yes&#8220; el_class=&#8220;subtitle&#8220;][vc_custom_heading text=&#8220;eine weitere Frage?&#8220; use_theme_fonts=&#8220;yes&#8220; css=&#8220;.vc_custom_1741258736685{margin-bottom: 5px !important;}&#8220;][vc_column_text css=&#8220;.vc_custom_1740493701143{margin-bottom: 10px !important;}&#8220; el_class=&#8220;sub-title&#8220;]Wenden Sie sich direkt an einen unserer Spezialisten.[\/vc_column_text][vc_row_inner el_class=&#8220;faq-contact-block&#8220;][vc_column_inner width=&#8220;1\/4&#8243;][vc_single_image image=&#8220;3812&#8243; img_size=&#8220;large&#8220; style=&#8220;vc_box_circle_2&#8243; onclick=&#8220;custom_link&#8220; css=&#8220;&#8220; link=&#8220;\/author\/oskar-paarhuis\/&#8220;][\/vc_column_inner][vc_column_inner width=&#8220;3\/4&#8243;][vc_column_text css=&#8220;&#8220;]<\/p>\n<div class=\"contact-wrapper\">\n<div class=\"contact-info\">\n<h6 class=\"name\"><a href=\"\/author\/oskar-paarhuis\/\">Oskar Paarhuis<\/a><\/h6>\n<p><a href=\"\/author\/oskar-paarhuis\/\"><span class=\"position\">IT-Spezialist<\/span><\/a><\/p>\n<\/div>\n<div class=\"contact-details\"><span class=\"contact-tel\"><a href=\"tel:+31202402350\">+31 (0) 20-2402350<\/a><\/span><span class=\"contact-email\"><br \/>\n<a href=\"mailto:info@qualifiednetworks.com\">info@qualifiednetworks.com<\/a><br \/>\n<\/span><\/div>\n<\/div>\n<p>[\/vc_column_text][\/vc_column_inner][\/vc_row_inner][\/vc_column][\/vc_row][\/vc_section]<\/p>\n<\/div>","protected":false},"excerpt":{"rendered":"<p>[vc_section full_width=&#8220;stretch_row&#8220; el_class=&#8220;duurzaamheid section-intro&#8220; css=&#8220;.vc_custom_1740054729106{background-color: #f8f8fa !important;}&#8220;][vc_row][vc_column width=&#8220;6\/12&#8243;][vc_column_text css=&#8220;&#8220;]Bei Qualified Networks finden Sie neue IT-Ausr\u00fcstung, die noch nie benutzt wurde, aber g\u00fcnstiger ist als auf dem regul\u00e4ren Markt. Wir kaufen New Open Box &amp; New Sealed IT-Hardware aus \u00dcberbest\u00e4nden und stornierten Bestellungen, so dass Sie von wettbewerbsf\u00e4higen Preisen und sofortiger Verf\u00fcgbarkeit profitieren. Alle Ger\u00e4te sind [&hellip;]<\/p>\n","protected":false},"author":1,"featured_media":0,"parent":0,"menu_order":0,"comment_status":"closed","ping_status":"closed","template":"","meta":{"footnotes":""},"class_list":["post-5778","page","type-page","status-publish","hentry"],"acf":[],"_links":{"self":[{"href":"https:\/\/www.qualifiednetworks.com\/de\/wp-json\/wp\/v2\/pages\/5778","targetHints":{"allow":["GET"]}}],"collection":[{"href":"https:\/\/www.qualifiednetworks.com\/de\/wp-json\/wp\/v2\/pages"}],"about":[{"href":"https:\/\/www.qualifiednetworks.com\/de\/wp-json\/wp\/v2\/types\/page"}],"author":[{"embeddable":true,"href":"https:\/\/www.qualifiednetworks.com\/de\/wp-json\/wp\/v2\/users\/1"}],"replies":[{"embeddable":true,"href":"https:\/\/www.qualifiednetworks.com\/de\/wp-json\/wp\/v2\/comments?post=5778"}],"version-history":[{"count":0,"href":"https:\/\/www.qualifiednetworks.com\/de\/wp-json\/wp\/v2\/pages\/5778\/revisions"}],"wp:attachment":[{"href":"https:\/\/www.qualifiednetworks.com\/de\/wp-json\/wp\/v2\/media?parent=5778"}],"curies":[{"name":"wp","href":"https:\/\/api.w.org\/{rel}","templated":true}]}}