 {"id":5783,"date":"2025-03-19T07:30:08","date_gmt":"2025-03-19T07:30:08","guid":{"rendered":"https:\/\/www.qualifiednetworks.com\/co2-berichterstattung\/"},"modified":"2025-11-19T15:09:55","modified_gmt":"2025-11-19T15:09:55","slug":"co2-berichterstattung","status":"publish","type":"page","link":"https:\/\/www.qualifiednetworks.com\/de\/co2-berichterstattung\/","title":{"rendered":"CO2-Berichterstattung"},"content":{"rendered":"<div class=\"wpb-content-wrapper\"><p>[vc_section full_width=&#8220;stretch_row&#8220; el_class=&#8220;duurzaamheid section-intro&#8220; css=&#8220;.vc_custom_1740054729106{background-color: #f8f8fa !important;}&#8220;][vc_row][vc_column width=&#8220;6\/12&#8243;][vc_column_text css=&#8220;&#8220;]Nachhaltiges Wirtschaften beginnt mit Einsicht. Auf Anfrage erhalten Sie den CO\u2082-Bericht von Qualified Networks, der einen detaillierten \u00dcberblick dar\u00fcber gibt, wie viel CO\u2082-Emissionen Sie durch die Kreislaufwirtschaft Ihrer IT-Ausr\u00fcstung einsparen. Ob Wiederverwendung, Verkauf oder Recycling &#8211; wir helfen Ihnen, Ihre Umweltauswirkungen messbar und transparent zu machen.[\/vc_column_text][vc_row_inner el_class=&#8220;buttons&#8220;][vc_column_inner width=&#8220;1\/2&#8243;][vc_btn title=&#8220;Kontakt aufnehmen&#8220; link=&#8220;url:https%3A%2F%2Fwww.qualifiednetworks.com%2Fde%2Fkontakt%2F|&#8220;][\/vc_column_inner][\/vc_row_inner][vc_column_text][\/vc_column_text][\/vc_column][vc_column width=&#8220;1\/12&#8243;][\/vc_column][vc_column width=&#8220;5\/12&#8243; el_class=&#8220;form&#8220;][vc_custom_heading text=&#8220;Warum CO\u2082-Berichterstattung bei Qualified Networks?&#8220; use_theme_fonts=&#8220;yes&#8220; css=&#8220;&#8220;][vc_column_text css=&#8220;&#8220; el_class=&#8220;list&#8220;]<\/p>\n<ul>\n<li><strong>Verstehen Sie Ihre Kohlenstoffreduzierung<\/strong><br \/>\nBerechnen Sie Ihre Einsparungen durch kreislauff\u00e4hige IT-L\u00f6sungen.<\/li>\n<li><strong>Unterst\u00fctzung von CSR- und ESG-Zielen<\/strong><br \/>\nBeitrag zu nachhaltigem Wirtschaften.<\/li>\n<li><strong>CO\u2082-Zertifikat als Nachweis<\/strong><br \/>\nTransparenz f\u00fcr Stakeholder und Nachhaltigkeitsberichterstattung.<\/li>\n<li><strong>Nachhaltig und kostensparend<\/strong><br \/>\nVerl\u00e4ngern Sie die Lebensdauer Ihrer IT und reduzieren Sie den Elektroschrott.<\/li>\n<\/ul>\n<p>[\/vc_column_text][\/vc_column][\/vc_row][vc_row equal_height=&#8220;yes&#8220; el_class=&#8220;kwaliteit pb-90 pt-120&#8243;][vc_column width=&#8220;6\/12&#8243; el_class=&#8220;mo-1&#8243;][vc_single_image image=&#8220;4352&#8243; img_size=&#8220;large&#8220; css=&#8220;&#8220;][\/vc_column][vc_column width=&#8220;1\/12&#8243;][\/vc_column][vc_column width=&#8220;5\/12&#8243; el_class=&#8220;info custom-faq&#8220;][vc_custom_heading text=&#8220;Machen Sie Nachhaltigkeit sichtbar mit einem CO\u2082-Zertifikat&#8220; font_container=&#8220;tag:div|text_align:left&#8220; use_theme_fonts=&#8220;yes&#8220; css=&#8220;&#8220; el_class=&#8220;subtitle&#8220;][vc_custom_heading text=&#8220;Wie funktioniert die CO\u2082-Berichterstattung?&#8220; use_theme_fonts=&#8220;yes&#8220; css=&#8220;&#8220;][vc_column_text css=&#8220;&#8220;]Unsere CO\u2082-Berichterstattung zeigt genau, wie viel Emissionen und Elektroschrott Sie einsparen, wenn Sie IT-Ger\u00e4te nicht ersetzen, sondern verantwortungsvoll wiederverwenden oder recyceln. Wir berechnen die Auswirkungen auf der Grundlage internationaler Nachhaltigkeitsstandards und stellen ein offizielles CO\u2082-Zertifikat aus. <\/p>\n<p>Dieses Zertifikat hilft Unternehmen, ihre CSR- (Corporate Social Responsibility) und ESG-Ziele (Environmental, Social &amp; Governance) zu belegen und tr\u00e4gt zu einer transparenten Nachhaltigkeitsberichterstattung bei. Ob f\u00fcr Compliance, Zertifizierungen oder interne Umweltziele, wir liefern messbare Daten, um Ihre Bem\u00fchungen zu belegen.[\/vc_column_text][vc_btn title=&#8220;Kontakt aufnehmen&#8220; link=&#8220;url:https%3A%2F%2Fwww.qualifiednetworks.com%2Fde%2Fkontakt%2F|&#8220;][\/vc_column][\/vc_row][vc_row equal_height=&#8220;yes&#8220; el_class=&#8220;service pb-100&#8243;][vc_column width=&#8220;6\/12&#8243; el_class=&#8220;content info&#8220;][vc_custom_heading text=&#8220;Sparen Sie Kosten und reduzieren Sie Ihren CO2-Fu\u00dfabdruck&#8220; font_container=&#8220;tag:div|text_align:left&#8220; use_theme_fonts=&#8220;yes&#8220; css=&#8220;&#8220; el_class=&#8220;subtitle&#8220;][vc_custom_heading text=&#8220;CO\u2082-Reduktion durch zirkul\u00e4re IT&#8220; use_theme_fonts=&#8220;yes&#8220; css=&#8220;&#8220;][vc_column_text css=&#8220;&#8220; el_class=&#8220;list col2&#8243;]Wenn Sie Ihrer IT-Ausr\u00fcstung \u00fcber Qualified Networks ein zweites Leben schenken, reduzieren Sie den Kohlenstoffaussto\u00df und sparen Kosten. Die Herstellung neuer Hardware erfordert eine Menge Rohstoffe und Energie, was einen gro\u00dfen CO2-Fu\u00dfabdruck verursacht. Wenn Sie sich f\u00fcr Kreislauf-IT-L\u00f6sungen entscheiden, verl\u00e4ngern Sie die Lebensdauer der Ger\u00e4te und vermeiden unn\u00f6tigen Abfall.  <\/p>\n<p>Unser CO\u2082-Bericht macht diese Einsparungen transparent und hilft Unternehmen, einen konkreten Beitrag zu einer nachhaltigeren Zukunft zu leisten. Durch die Zusammenarbeit mit Trees for All wandeln wir au\u00dferdem einen Teil Ihrer Einsparungen in Baumpflanzungen um, wodurch Ihre CO\u2082-Reduzierung noch gr\u00f6\u00dfer wird.[\/vc_column_text][vc_btn title=&#8220;Kontakt aufnehmen&#8220; link=&#8220;url:https%3A%2F%2Fwww.qualifiednetworks.com%2Fde%2Fkontakt%2F|&#8220;][\/vc_column][vc_column width=&#8220;1\/12&#8243;][\/vc_column][vc_column width=&#8220;5\/12&#8243; el_class=&#8220;mo-1&#8243;][vc_single_image image=&#8220;4418&#8243; img_size=&#8220;large&#8220; css=&#8220;&#8220; el_class=&#8220;image-overlay&#8220;][\/vc_column][\/vc_row][\/vc_section][vc_section full_width=&#8220;stretch_row&#8220;][vc_row equal_height=&#8220;yes&#8220; el_class=&#8220;garantie-kwaliteit service pb-100 pt-100&#8243;][vc_column width=&#8220;6\/12&#8243; el_class=&#8220;mo-1&#8243;][vc_single_image image=&#8220;4888&#8243; img_size=&#8220;large&#8220; css=&#8220;&#8220; el_class=&#8220;image-overlay&#8220;][\/vc_column][vc_column width=&#8220;1\/12&#8243; el_class=&#8220;content info&#8220;][\/vc_column][vc_column width=&#8220;5\/12&#8243; el_class=&#8220;content info&#8220;][vc_custom_heading text=&#8220;Zukunftssichere IT-Richtlinie&#8220; font_container=&#8220;tag:div|text_align:left&#8220; use_theme_fonts=&#8220;yes&#8220; css=&#8220;&#8220; el_class=&#8220;subtitle&#8220;][vc_custom_heading text=&#8220;Erf\u00fcllen Sie die Gesetzgebung und Nachhaltigkeitsstandards&#8220; use_theme_fonts=&#8220;yes&#8220; css=&#8220;&#8220;][vc_column_text css=&#8220;&#8220; el_class=&#8220;list&#8220;]Immer mehr Unternehmen m\u00fcssen sich an strenge Umweltgesetze und Nachhaltigkeitsziele halten. Denken Sie an die CSRD-Richtlinien in der EU oder die obligatorische Kohlenstoffberichterstattung in bestimmten Sektoren. <\/p>\n<p>Unsere CO\u2082-Berichterstattung hilft Ihrer Organisation dabei:<\/p>\n<ul>\n<li>Transparent \u00fcber die Ergebnisse der Nachhaltigkeit berichten.<\/li>\n<li>Zur Erf\u00fcllung der CSR-, ESG- und CSRD-Berichtsanforderungen.<\/li>\n<li>Unterst\u00fctzen Sie Nachhaltigkeitsinitiativen intern und extern.<\/li>\n<\/ul>\n<p>Wenn Sie Ihre IT-Strategie zirkul\u00e4r gestalten und die Auswirkungen messbar machen, sind Sie f\u00fcr die Zukunft ger\u00fcstet.[\/vc_column_text][vc_btn title=&#8220;Mehr \u00fcber Nachhaltigkeit&#8220; css=&#8220;&#8220; link=&#8220;url:https%3A%2F%2Fwww.qualifiednetworks.com%2Fduurzaamheid%2F|&#8220;][\/vc_column][\/vc_row][vc_row el_class=&#8220;pb-130&#8243;][vc_column width=&#8220;7\/12&#8243; el_class=&#8220;left-content&#8220;][vc_custom_heading text=&#8220;Faq&#8220; font_container=&#8220;tag:div|text_align:left&#8220; use_theme_fonts=&#8220;yes&#8220; el_class=&#8220;subtitle&#8220;][vc_custom_heading text=&#8220;Frage und Antwort&#8220; use_theme_fonts=&#8220;yes&#8220; el_id=&#8220;faq-first&#8220;][vc_tta_accordion title_tag=&#8220;p&#8220; section_title_tag=&#8220;p&#8220; style=&#8220;outline&#8220; shape=&#8220;square&#8220; color=&#8220;black&#8220; c_position=&#8220;right&#8220; active_section=&#8220;100&#8243; collapsible_all=&#8220;true&#8220;][vc_tta_section title=&#8220;Was ist ein CO\u2082-Bericht?&#8220; tab_id=&#8220;1740059542177-a6d79dfd-70e5&#8243;][vc_column_text css=&#8220;&#8220;]Ein CO\u2082-Bericht zeigt, wie viele Emissionen und Elektroschrott Sie durch IT-Wiederverwendung und Recycling einsparen.[\/vc_column_text][\/vc_tta_section][vc_tta_section title=&#8220;Wie wird die CO\u2082-Einsparung berechnet?&#8220; tab_id=&#8220;1740059542197-b25b9ff3-e8ab&#8220;][vc_column_text css=&#8220;&#8220;]Wir berechnen die Einsparungen anhand von Produktlebenszyklusdaten, internationalen Nachhaltigkeitsstandards und Wirkungsmodellen.[\/vc_column_text][\/vc_tta_section][vc_tta_section title=&#8220;Was kann ich mit einem CO\u2082-Zertifikat tun?&#8220; tab_id=&#8220;1740059542221-cf1635f0-c84f&#8220;][vc_column_text css=&#8220;&#8220;]Das Zertifikat kann f\u00fcr Nachhaltigkeitsberichte, CSR-Berichte und Klimaschutzprogramme verwendet werden.[\/vc_column_text][\/vc_tta_section][vc_tta_section title=&#8220;Ist die CO\u2082-Berichterstattung f\u00fcr Unternehmen verpflichtend?&#8220; tab_id=&#8220;1740059542242-d0c84e05-76e5&#8243;][vc_column_text css=&#8220;&#8220;]In bestimmten Sektoren und Organisationen (z. B. CSRD-konforme Unternehmen) ist die Kohlenstoffberichterstattung ein wichtiger Bestandteil der Compliance.[\/vc_column_text][\/vc_tta_section][vc_tta_section title=&#8220;Wie kann ich mit der CO\u2082-Berichterstattung beginnen?&#8220; tab_id=&#8220;1740059542261-bc0021b6-4bc5&#8243;][vc_column_text css=&#8220;&#8220;]Kontaktieren Sie uns und wir helfen Ihnen sofort mit einer transparenten und zuverl\u00e4ssigen Berechnung Ihrer CO\u2082-Einsparungen.[\/vc_column_text][\/vc_tta_section][\/vc_tta_accordion][vc_btn title=&#8220;Mehr h\u00e4ufig gestellte Fragen&#8220; style=&#8220;outline&#8220; link=&#8220;url:https%3A%2F%2Fwww.qualifiednetworks.com%2Fde%2Ffaq%2F|title:Faq|&#8220; el_class=&#8220;pt-30&#8243;][\/vc_column][vc_column width=&#8220;5\/12&#8243; el_class=&#8220;faq-sidebar&#8220;][vc_custom_heading text=&#8220;Kontakt&#8220; font_container=&#8220;tag:div|text_align:left&#8220; use_theme_fonts=&#8220;yes&#8220; el_class=&#8220;subtitle&#8220;][vc_custom_heading text=&#8220;eine weitere Frage?&#8220; use_theme_fonts=&#8220;yes&#8220; css=&#8220;.vc_custom_1741258736685{margin-bottom: 5px !important;}&#8220;][vc_column_text css=&#8220;.vc_custom_1740493701143{margin-bottom: 10px !important;}&#8220; el_class=&#8220;sub-title&#8220;]Wenden Sie sich direkt an einen unserer Spezialisten.[\/vc_column_text][vc_row_inner el_class=&#8220;faq-contact-block&#8220;][vc_column_inner width=&#8220;1\/4&#8243;][vc_single_image image=&#8220;3815&#8243; img_size=&#8220;large&#8220; style=&#8220;vc_box_circle_2&#8243; onclick=&#8220;custom_link&#8220; css=&#8220;&#8220; link=&#8220;\/author\/oskar-paarhuis\/&#8220;][\/vc_column_inner][vc_column_inner width=&#8220;3\/4&#8243;][vc_column_text css=&#8220;&#8220;]<\/p>\n<div class=\"contact-wrapper\">\n<div class=\"contact-info\">\n<h6 class=\"name\"><a href=\"\/author\/oskar-paarhuis\/\">Oskar Paarhuis<\/a><\/h6>\n<p><a href=\"\/author\/oskar-paarhuis\/\"><span class=\"position\">IT-Spezialist<\/span><\/a><\/p>\n<\/div>\n<div class=\"contact-details\"><span class=\"contact-tel\"><a href=\"tel:+31202402350\">+31 (0) 20-2402350<\/a><\/span><span class=\"contact-email\"><br \/>\n<a href=\"mailto:info@qualifiednetworks.com\">info@qualifiednetworks.com<\/a><br \/>\n<\/span><\/div>\n<\/div>\n<p>[\/vc_column_text][\/vc_column_inner][\/vc_row_inner][\/vc_column][\/vc_row][\/vc_section]<\/p>\n<\/div>","protected":false},"excerpt":{"rendered":"<p>[vc_section full_width=&#8220;stretch_row&#8220; el_class=&#8220;duurzaamheid section-intro&#8220; css=&#8220;.vc_custom_1740054729106{background-color: #f8f8fa !important;}&#8220;][vc_row][vc_column width=&#8220;6\/12&#8243;][vc_column_text css=&#8220;&#8220;]Nachhaltiges Wirtschaften beginnt mit Einsicht. Auf Anfrage erhalten Sie den CO\u2082-Bericht von Qualified Networks, der einen detaillierten \u00dcberblick dar\u00fcber gibt, wie viel CO\u2082-Emissionen Sie durch die Kreislaufwirtschaft Ihrer IT-Ausr\u00fcstung einsparen. Ob Wiederverwendung, Verkauf oder Recycling &#8211; wir helfen Ihnen, Ihre Umweltauswirkungen messbar und transparent zu machen.[\/vc_column_text][vc_row_inner el_class=&#8220;buttons&#8220;][vc_column_inner [&hellip;]<\/p>\n","protected":false},"author":1,"featured_media":0,"parent":0,"menu_order":0,"comment_status":"closed","ping_status":"closed","template":"","meta":{"footnotes":""},"class_list":["post-5783","page","type-page","status-publish","hentry"],"acf":[],"_links":{"self":[{"href":"https:\/\/www.qualifiednetworks.com\/de\/wp-json\/wp\/v2\/pages\/5783","targetHints":{"allow":["GET"]}}],"collection":[{"href":"https:\/\/www.qualifiednetworks.com\/de\/wp-json\/wp\/v2\/pages"}],"about":[{"href":"https:\/\/www.qualifiednetworks.com\/de\/wp-json\/wp\/v2\/types\/page"}],"author":[{"embeddable":true,"href":"https:\/\/www.qualifiednetworks.com\/de\/wp-json\/wp\/v2\/users\/1"}],"replies":[{"embeddable":true,"href":"https:\/\/www.qualifiednetworks.com\/de\/wp-json\/wp\/v2\/comments?post=5783"}],"version-history":[{"count":4,"href":"https:\/\/www.qualifiednetworks.com\/de\/wp-json\/wp\/v2\/pages\/5783\/revisions"}],"predecessor-version":[{"id":6880,"href":"https:\/\/www.qualifiednetworks.com\/de\/wp-json\/wp\/v2\/pages\/5783\/revisions\/6880"}],"wp:attachment":[{"href":"https:\/\/www.qualifiednetworks.com\/de\/wp-json\/wp\/v2\/media?parent=5783"}],"curies":[{"name":"wp","href":"https:\/\/api.w.org\/{rel}","templated":true}]}}