 {"id":5813,"date":"2025-03-19T10:40:11","date_gmt":"2025-03-19T10:40:11","guid":{"rendered":"https:\/\/www.qualifiednetworks.com\/baeume-fuer-alle\/"},"modified":"2025-11-20T19:49:58","modified_gmt":"2025-11-20T19:49:58","slug":"baeume-fuer-alle","status":"publish","type":"page","link":"https:\/\/www.qualifiednetworks.com\/de\/baeume-fuer-alle\/","title":{"rendered":"B\u00e4ume f\u00fcr alle"},"content":{"rendered":"<div class=\"wpb-content-wrapper\"><p>[vc_row full_width=&#8220;stretch_row&#8220; el_class=&#8220;contact-section pb-100&#8243; css=&#8220;.vc_custom_1736496207645{background-color: #f9f9fb !important;}&#8220;][vc_column width=&#8220;1\/2&#8243; el_class=&#8220;pt-50&#8243;][vc_column_text]Wir bei Qualified Networks glauben an eine Kreislaufwirtschaft. Deshalb schenken wir ausrangierten Computern ein zweites Leben. Mit dem Kauf general\u00fcberholter Ger\u00e4te tragen Sie direkt zu weniger Elektroschrott und einer nachhaltigeren Welt bei.[\/vc_column_text][vc_column_text]Gr\u00fcne Mission<br \/>\nWir sind stolz auf die Partnerschaft mit Trees for All. F\u00fcr jeden Einkauf pflanzen Sie gemeinsam mit uns B\u00e4ume. So bewirken wir gemeinsam etwas: weniger Abfall und eine gr\u00fcnere Umwelt.[\/vc_column_text][vc_column_text el_class=&#8220;custom-icon&#8220;]Pflanzen Sie Ihren eigenen Baumverl\u00e4ngern die Lebensdauer von Ger\u00e4ten<\/p>\n<p>Reduziert den CO\u2082-Aussto\u00df<\/p>\n<p>Spart Rohstoffe und Energie<\/p>\n<p>Pflanzen Sie Ihren eigenen Baum[\/vc_column_text][vc_btn title=&#8220;In Kontakt kommen&#8220; link=&#8220;url:https%3A%2F%2Fwww.qualifiednetworks.com%2Fde%2Fkontakt%2F|title:Kontakt|&#8220;][\/vc_column][vc_column width=&#8220;1\/2&#8243; el_class=&#8220;image&#8220;][vc_single_image image=&#8220;3711&#8243; img_size=&#8220;full&#8220; alignment=&#8220;center&#8220; css=&#8220;.vc_custom_1733733573743{margin-bottom: 0px !important;}&#8220;][\/vc_column][\/vc_row][vc_row full_width=&#8220;stretch_row&#8220; disable_element=&#8220;yes&#8220; el_class=&#8220;section-counters pb-100 pt-90&#8243; css=&#8220;.vc_custom_1736496200704{background-color: #f9f9fb !important;}&#8220;][vc_column width=&#8220;1\/3&#8243;][\/vc_column][vc_column width=&#8220;1\/3&#8243;][\/vc_column][vc_column width=&#8220;1\/3&#8243;][\/vc_column][\/vc_row][vc_row full_width=&#8220;stretch_row&#8220; el_class=&#8220;plantation-step leaves-left leaves-double pb-80&#8243; css=&#8220;.vc_custom_1733377739770{background-color: #f9f9fb !important;}&#8220;][vc_column width=&#8220;1\/2&#8243; el_class=&#8220;leaves&#8220;][vc_single_image image=&#8220;3726&#8243; img_size=&#8220;full&#8220; el_class=&#8220;image-overlay&#8220;][\/vc_column][vc_column width=&#8220;1\/2&#8243; el_class=&#8220;info&#8220;][vc_custom_heading text=&#8220;ZUSAMMENARBEIT&#8220; font_container=&#8220;tag:div|text_align:left&#8220; use_theme_fonts=&#8220;yes&#8220; el_class=&#8220;subtitle&#8220;][vc_custom_heading text=&#8220;B\u00c4UME F\u00dcR ALLE STEHEN F\u00dcR EINE GR\u00dcNE ZUKUNFT&#8220; use_theme_fonts=&#8220;yes&#8220;][vc_column_text]Trees for All engagiert sich seit 25 Jahren f\u00fcr eine bewaldete Welt. Wir pflanzen im Rahmen verschiedener Forstprojekte B\u00e4ume in den Niederlanden und im Ausland. Au\u00dferdem machen wir die Menschen auf die Bedeutung von B\u00e4umen aufmerksam. Wir sind eine Stiftung mit CBF-Anerkennung und ANBI-Status. Die CBF pr\u00fcft, ob wir als anerkannte Wohlt\u00e4tigkeitsorganisation strenge Qualit\u00e4tsanforderungen erf\u00fcllen. Dies gibt Ihnen die Sicherheit, dass Ihre Spende zu einer besseren Welt beitr\u00e4gt und Trees for All zuverl\u00e4ssig ist. B\u00e4ume spielen eine entscheidende Rolle im Kampf gegen den Klimawandel und den Verlust der Artenvielfalt. Au\u00dferdem gibt es ohne B\u00e4ume kein Leben. Deshalb engagieren wir uns t\u00e4glich f\u00fcr eine bewaldete Welt. Wir pflanzen neue W\u00e4lder, restaurieren bestehende und machen die Menschen auf die Bedeutung von B\u00e4umen aufmerksam. Wir tun dies am anderen Ende der Welt, aber auch in unserer N\u00e4he. So arbeiten wir f\u00fcr ein besseres Klima, mehr Artenvielfalt und gesunde Lebensbedingungen f\u00fcr alle.[\/vc_column_text][\/vc_column][\/vc_row][vc_row full_width=&#8220;stretch_row&#8220; el_class=&#8220;plantation-step plantation-step2 pb-130&#8243; css=&#8220;.vc_custom_1733377878247{background-color: #f9f9fb !important;}&#8220;][vc_column width=&#8220;1\/2&#8243; el_class=&#8220;content&#8220;][vc_custom_heading text=&#8220;Option 01&#8243; font_container=&#8220;tag:div|text_align:left&#8220; use_theme_fonts=&#8220;yes&#8220; el_class=&#8220;subtitle&#8220;][vc_custom_heading text=&#8220;Baumpflanzprojekt&#8220; use_theme_fonts=&#8220;yes&#8220;][vc_column_text]Die Spende kommt Projekten in den Niederlanden (oder Belgien) und im Ausland zugute. Es handelt sich um Baumspenden mit einem Satz von 5 \u20ac pro Baum. Wir geben die Anzahl der B\u00e4ume auf der Urkunde an und bitten Sie, dies auch in Ihrer Kommunikation zu tun.[\/vc_column_text][vc_custom_heading text=&#8220;Option 02&#8243; font_container=&#8220;tag:div|text_align:left&#8220; use_theme_fonts=&#8220;yes&#8220; el_class=&#8220;subtitle&#8220;][vc_custom_heading text=&#8220;CO2-Kompensationszertifikat&#8220; use_theme_fonts=&#8220;yes&#8220;][vc_column_text]Die Spende kommt einem unserer Klimaschutzprojekte im Ausland (aktuell Bolivien oder Mexiko) zugute. F\u00fcr diese Projekte wird die Kohlenstoffbindung durch den Zertifizierungsstandard Plan Vivo gepr\u00fcft, \u00fcberwacht und garantiert. Der aktuelle Spendensatz betr\u00e4gt 20 \u20ac pro Tonne CO2, die Anzahl der Tonnen CO2 ist auf dem Zertifikat angegeben.[\/vc_column_text][\/vc_column][vc_column width=&#8220;1\/2&#8243; el_class=&#8220;info&#8220;][vc_single_image image=&#8220;3716&#8243; img_size=&#8220;full&#8220;][\/vc_column][\/vc_row][vc_row disable_element=&#8220;yes&#8220;][vc_column][vc_btn title=&#8220;PDF herunterladen&#8220; link=&#8220;url:%23|&#8220;][\/vc_column][\/vc_row][vc_row el_class=&#8220;pt-100 pb-90&#8243;][vc_column][vc_custom_heading text=&#8220;BETRIEBSMETHODE&#8220; font_container=&#8220;tag:div|text_align:center&#8220; use_theme_fonts=&#8220;yes&#8220; el_class=&#8220;subtitle&#8220;][vc_custom_heading text=&#8220;Entdecken Sie die Roadmap&#8220; font_container=&#8220;tag:h2|text_align:center&#8220; use_theme_fonts=&#8220;yes&#8220; css=&#8220;&#8220;][vc_row_inner el_class=&#8220;section-our-steps swiper cursor-drag&#8220;][vc_column_inner width=&#8220;1\/5&#8243;][vc_single_image image=&#8220;5224&#8243; img_size=&#8220;full&#8220; css=&#8220;&#8220;][vc_custom_heading text=&#8220;Ger\u00e4te registrieren&#8220; font_container=&#8220;tag:h4|text_align:left&#8220; use_theme_fonts=&#8220;yes&#8220;][vc_column_text]Registrieren Sie Ihre IT-Ausr\u00fcstung \u00fcber unser Ankaufsformular. Geben Sie dabei bitte an, ob Sie zur Baumpflanzung oder zur CO\u2082-Kompensation beitragen m\u00f6chten.[\/vc_column_text][\/vc_column_inner][vc_column_inner width=&#8220;1\/5&#8243;][vc_single_image image=&#8220;4658&#8243; img_size=&#8220;full&#8220; css=&#8220;&#8220;][vc_custom_heading text=&#8220;Abholtermin vereinbaren&#8220; font_container=&#8220;tag:h4|text_align:left&#8220; use_theme_fonts=&#8220;yes&#8220;][vc_column_text]We will contact you to<br \/>Wir werden Sie kontaktieren, um einen Abholtermin zu vereinbaren und die sichere Handhabung Ihrer Ausr\u00fcstung sicherzustellen.<br \/>Vereinbaren Sie einen Abholtermin und sorgen Sie f\u00fcr die sichere Handhabung Ihrer Ger\u00e4te.[\/vc_column_text][\/vc_column_inner][vc_column_inner width=&#8220;1\/5&#8243;][vc_single_image image=&#8220;4640&#8243; img_size=&#8220;full&#8220; css=&#8220;&#8220;][vc_custom_heading text=&#8220;Restwert berechnen&#8220; font_container=&#8220;tag:h4|text_align:left&#8220; use_theme_fonts=&#8220;yes&#8220;][vc_column_text]Der Restwert Ihrer Ger\u00e4te wird berechnet und in eine Spende umgewandelt. F\u00fcr jeweils 10 \u20ac wird ein Baum vor Ort und ein Baum im Ausland gepflanzt.[\/vc_column_text][\/vc_column_inner][vc_column_inner width=&#8220;1\/5&#8243;][vc_single_image image=&#8220;4653&#8243; img_size=&#8220;full&#8220;][vc_custom_heading text=&#8220;Zertifikat erhalten&#8220; font_container=&#8220;tag:h4|text_align:left&#8220; use_theme_fonts=&#8220;yes&#8220;][vc_column_text]Sie erhalten eine Urkunde mit Angaben zu Ihrer Spende, beispielsweise der Anzahl der B\u00e4ume oder der kompensierten Tonnen CO\u2082.[\/vc_column_text][\/vc_column_inner][vc_column_inner width=&#8220;1\/5&#8243;][vc_single_image image=&#8220;4422&#8243; img_size=&#8220;full&#8220; css=&#8220;&#8220;][vc_custom_heading text=&#8220;B\u00e4ume pflanzen&#8220; font_container=&#8220;tag:h4|text_align:left&#8220; use_theme_fonts=&#8220;yes&#8220;][vc_column_text]Die Pflanzung der B\u00e4ume erfolgt innerhalb der Pflanzsaison (November bis April). Sie erhalten eine erg\u00e4nzende Urkunde mit den Standorten.[\/vc_column_text][\/vc_column_inner][\/vc_row_inner][\/vc_column][\/vc_row][vc_section full_width=&#8220;stretch_row&#8220; el_class=&#8220;custom-bg&#8220;][vc_row el_class=&#8220;plantation-step plantation-step2 pb-130&#8243;][vc_column width=&#8220;1\/2&#8243; el_class=&#8220;content&#8220;][vc_custom_heading text=&#8220;STANDORT&#8220; font_container=&#8220;tag:div|text_align:left&#8220; use_theme_fonts=&#8220;yes&#8220; el_class=&#8220;subtitle&#8220;][vc_custom_heading text=&#8220;Wo pflanzen wir unsere B\u00e4ume?&#8220; use_theme_fonts=&#8220;yes&#8220;][vc_column_text]Mit unseren Spenden unterst\u00fctzen wir Baumpflanzprojekte von Tees f\u00fcr All in den Niederlanden, Belgien und weltweit. Lokale Pflanzungen finden beispielsweise in der <strong>Velum<\/strong>, <strong>Drehen<\/strong> und Flandern statt. International werden B\u00e4ume in L\u00e4ndern wie <strong>Madagaskar<\/strong> und <strong>Bolivien<\/strong> gepflanzt, wo die Wiederherstellung der Artenvielfalt und der Klimaschutz zentrale Themen sind.   <\/p>\n<p>Das Land, auf dem B\u00e4ume gepflanzt werden, geh\u00f6rt lokalen Gemeinden oder privaten Landbesitzern, mit denen Trees for All zusammenarbeitet. Strenge \u00dcberwachung und Vereinbarungen sorgen f\u00fcr die nachhaltige Pflege dieser B\u00e4ume.[\/vc_column_text][vc_btn title=&#8220;In Kontakt kommen&#8220; link=&#8220;url:https%3A%2F%2Fwww.qualifiednetworks.com%2Fde%2Fkontakt%2F|title:Kontakt|&#8220;][\/vc_column][vc_column width=&#8220;1\/2&#8243; el_class=&#8220;info&#8220;][vc_single_image image=&#8220;3750&#8243; img_size=&#8220;full&#8220; el_class=&#8220;image-overlay&#8220;][\/vc_column][\/vc_row][vc_row el_class=&#8220;plantation-step leaves-right pb-90&#8243;][vc_column width=&#8220;1\/2&#8243;][vc_single_image image=&#8220;3721&#8243; img_size=&#8220;full&#8220;][\/vc_column][vc_column width=&#8220;1\/2&#8243; el_class=&#8220;info&#8220;][vc_custom_heading text=&#8220;ZUKUNFTSSICHERE&#8220; font_container=&#8220;tag:div|text_align:left&#8220; use_theme_fonts=&#8220;yes&#8220; el_class=&#8220;subtitle&#8220;][vc_custom_heading text=&#8220;GEMEINSAM GESTALTEN WIR DIE ZUKUNFT&#8220; use_theme_fonts=&#8220;yes&#8220;][vc_column_text]Bei Qualified Networks verbinden wir Kreislaufwirtschaft mit Wiederaufforstung. Indem wir den Restwert Ihrer zur\u00fcckgegebenen IT-Ger\u00e4te nutzen, tragen wir gemeinsam mit Trees for All dazu bei, die Auswirkungen des Klimawandels zu reduzieren. F\u00fcr jeweils 10 \u20ac wird ein Baum vor Ort (in den Niederlanden oder Belgien) und ein Baum in stark von Abholzung betroffenen Gebieten wie Madagaskar oder Bolivien gepflanzt.   <\/p>\n<p><strong>Bisherige Ergebnisse:<br \/>\n<\/strong>Die erste Pflanzende brachte Spenden im Namen unserer Kunden in H\u00f6he von 49.295,95 \u20ac ein. Das entspricht 9.361 neu gepflanzten B\u00e4umen. Diese B\u00e4ume tragen zur Artenvielfalt, zum Klima und zu besseren Lebensbedingungen weltweit bei.[\/vc_column_text][\/vc_column][\/vc_row][vc_row full_width=&#8220;stretch_row&#8220; el_class=&#8220;custom-faq pb-290&#8243;][vc_column width=&#8220;2\/12&#8243;][\/vc_column][vc_column width=&#8220;8\/12&#8243;][vc_custom_heading text=&#8220;FAQ&#8220; font_container=&#8220;tag:div|text_align:center&#8220; use_theme_fonts=&#8220;yes&#8220; el_class=&#8220;subtitle&#8220;][vc_custom_heading text=&#8220;Frage und Antwort&#8220; font_container=&#8220;tag:h2|text_align:center&#8220; use_theme_fonts=&#8220;yes&#8220;][vc_tta_accordion title_tag=&#8220;p&#8220; section_title_tag=&#8220;p&#8220; style=&#8220;outline&#8220; shape=&#8220;square&#8220; color=&#8220;black&#8220; c_position=&#8220;right&#8220; active_section=&#8220;100&#8243; collapsible_all=&#8220;true&#8220; el_class=&#8220;pt-35&#8243;][vc_tta_section title=&#8220;Wie wird der Restwert meiner Ausr\u00fcstung berechnet und gespendet?&#8220; tab_id=&#8220;1733223390355-97b7ec8f-c31f&#8220;][vc_column_text]Nach Abholung und Bearbeitung Ihrer IT-Ger\u00e4te wird der genaue Restwert ermittelt. Auf diesen Wert schlagen wir 10 % auf und spenden diesen Betrag an ein Projekt Ihrer Wahl (Baumpflanzung oder CO\u2082-Kompensation). Sie erhalten eine Spendenbescheinigung.[\/vc_column_text][\/vc_tta_section][vc_tta_section title=&#8220;Kann ich bestimmte Projekte ausw\u00e4hlen?&#8220; tab_id=&#8220;1733223390372-ac3481dc-73bb&#8220;][vc_column_text]Ja, Sie k\u00f6nnen zwischen lokalen Anpflanzungen in den Niederlanden oder Belgien und internationalen Aufforstungsprojekten w\u00e4hlen. Aktuell werden CO\u2082-Kompensationsprojekte in Mexiko und Bolivien durchgef\u00fchrt.[\/vc_column_text][\/vc_tta_section][vc_tta_section title=&#8220;Wann erhalte ich mein Zertifikat?&#8220; tab_id=&#8220;1733223766327-9135bcee-24ad&#8220;][vc_column_text]Nach der Bearbeitung Ihrer Ausr\u00fcstung erhalten Sie ein Zertifikat mit detaillierten Angaben zu den gespendeten B\u00e4umen und deren Auswirkungen. In einer zus\u00e4tzlichen E-Mail erhalten Sie eine Sch\u00e4tzung der j\u00e4hrlichen CO2-Kompensation durch die Pflanzungen.[\/vc_column_text][\/vc_tta_section][vc_tta_section title=&#8220;Ist eine CO\u2082-Kompensation zur Klimaneutralit\u00e4t m\u00f6glich?&#8220; tab_id=&#8220;1733223805766-559c6315-f78e&#8220;][vc_column_text]Ja, allerdings m\u00fcssen Ihre B\u00e4ume im Rahmen spezieller Klimaschutzprojekte, beispielsweise in Mexiko, gepflanzt werden. Diese Projekte werden nach den<strong> Plan Vivo<\/strong>-Standards \u00fcberwacht und zertifiziert.[\/vc_column_text][\/vc_tta_section][vc_tta_section title=&#8220;Who will maintain the trees after planting?&#8220; tab_id=&#8220;1733223867109-51959e13-32fa&#8220;][vc_column_text]Treues f\u00fcr All arbeitet mit Projektpartnern zusammen, die f\u00fcr die Pflanzung und Pflege der B\u00e4ume verantwortlich sind. Dazu geh\u00f6ren Monitoring, langfristiges Management und Feldbesuche. Weitere Informationen finden Sie unter <a href=\"https:\/\/treesforall.nl\/werkwijze\/\" target=\"_new\" rel=\"noopener\">treesforall.nl\/werkwijze.<\/a>[\/vc_column_text][\/vc_tta_section][\/vc_tta_accordion][\/vc_column][vc_column width=&#8220;2\/12&#8243;][\/vc_column][\/vc_row][\/vc_section]<\/p>\n<\/div>","protected":false},"excerpt":{"rendered":"<p>[vc_row full_width=&#8220;stretch_row&#8220; el_class=&#8220;contact-section pb-100&#8243; css=&#8220;.vc_custom_1736496207645{background-color: #f9f9fb !important;}&#8220;][vc_column width=&#8220;1\/2&#8243; el_class=&#8220;pt-50&#8243;][vc_column_text]Wir bei Qualified Networks glauben an eine Kreislaufwirtschaft. Deshalb schenken wir ausrangierten Computern ein zweites Leben. Mit dem Kauf general\u00fcberholter Ger\u00e4te tragen Sie direkt zu weniger Elektroschrott und einer nachhaltigeren Welt bei.[\/vc_column_text][vc_column_text]Gr\u00fcne Mission Wir sind stolz auf die Partnerschaft mit Trees for All. F\u00fcr jeden Einkauf pflanzen [&hellip;]<\/p>\n","protected":false},"author":1,"featured_media":0,"parent":0,"menu_order":0,"comment_status":"closed","ping_status":"closed","template":"","meta":{"footnotes":""},"class_list":["post-5813","page","type-page","status-publish","hentry"],"acf":[],"_links":{"self":[{"href":"https:\/\/www.qualifiednetworks.com\/de\/wp-json\/wp\/v2\/pages\/5813","targetHints":{"allow":["GET"]}}],"collection":[{"href":"https:\/\/www.qualifiednetworks.com\/de\/wp-json\/wp\/v2\/pages"}],"about":[{"href":"https:\/\/www.qualifiednetworks.com\/de\/wp-json\/wp\/v2\/types\/page"}],"author":[{"embeddable":true,"href":"https:\/\/www.qualifiednetworks.com\/de\/wp-json\/wp\/v2\/users\/1"}],"replies":[{"embeddable":true,"href":"https:\/\/www.qualifiednetworks.com\/de\/wp-json\/wp\/v2\/comments?post=5813"}],"version-history":[{"count":4,"href":"https:\/\/www.qualifiednetworks.com\/de\/wp-json\/wp\/v2\/pages\/5813\/revisions"}],"predecessor-version":[{"id":7560,"href":"https:\/\/www.qualifiednetworks.com\/de\/wp-json\/wp\/v2\/pages\/5813\/revisions\/7560"}],"wp:attachment":[{"href":"https:\/\/www.qualifiednetworks.com\/de\/wp-json\/wp\/v2\/media?parent=5813"}],"curies":[{"name":"wp","href":"https:\/\/api.w.org\/{rel}","templated":true}]}}