 {"id":5828,"date":"2025-03-19T11:28:32","date_gmt":"2025-03-19T11:28:32","guid":{"rendered":"https:\/\/www.qualifiednetworks.com\/faq\/"},"modified":"2025-03-19T11:28:33","modified_gmt":"2025-03-19T11:28:33","slug":"faq","status":"publish","type":"page","link":"https:\/\/www.qualifiednetworks.com\/de\/faq\/","title":{"rendered":"Faq"},"content":{"rendered":"<div class=\"wpb-content-wrapper\"><p>[vc_row el_class=&#8220;pt-75 pb-130 faq-mobile-wrapper&#8220;][vc_column width=&#8220;7\/12&#8243; el_class=&#8220;left-content s-faq&#8220;][vc_custom_heading text=&#8220;Allgemein&#8220; use_theme_fonts=&#8220;yes&#8220; el_id=&#8220;faq-first&#8220;][vc_tta_accordion title_tag=&#8220;p&#8220; section_title_tag=&#8220;p&#8220; style=&#8220;outline&#8220; shape=&#8220;square&#8220; color=&#8220;black&#8220; c_position=&#8220;right&#8220; active_section=&#8220;100&#8243; collapsible_all=&#8220;true&#8220;][vc_tta_section title=&#8220;Was genau macht Qualified Networks?&#8220; tab_id=&#8220;1739950626685-57982fb7-7b0d&#8220;][vc_column_text]Qualified Networks kauft und verkauft IT-Hardware, sowohl neue als auch general\u00fcberholte. Dar\u00fcber hinaus bieten wir Servicevertr\u00e4ge, Garantie und Support f\u00fcr IT-Infrastrukturen an.[\/vc_column_text][\/vc_tta_section][vc_tta_section title=&#8220;Welche Art von IT-Ger\u00e4ten kaufen und verkaufen Sie?&#8220; tab_id=&#8220;1739950826636-55c2f176-3465&#8243;][vc_column_text]Wir kaufen und verkaufen Server, Netzwerkger\u00e4te, Speicherl\u00f6sungen, Laptops und andere Business-IT-Hardware von Marken wie Cisco, HPE, Dell EMC und anderen.[\/vc_column_text][\/vc_tta_section][vc_tta_section title=&#8220;F\u00fcr wen ist Qualified Networks gedacht?&#8220; tab_id=&#8220;1739950825489-c6fadf36-f196&#8243;][vc_column_text]Wir arbeiten mit Unternehmen jeder Gr\u00f6\u00dfe zusammen, vom KMU bis zum multinationalen Konzern, die IT-Hardware kaufen, verkaufen oder ihre Infrastruktur zirkul\u00e4r verwalten m\u00f6chten. Sehen Sie sich unsere <a href=\"https:\/\/www.qualifiednetworks.com\/de\/uebersicht-der-filialen\/\">Branchen<\/a> als Beispiele an.[\/vc_column_text][\/vc_tta_section][vc_tta_section title=&#8220;Bieten Sie auch Wartung und Support an?&#8220; tab_id=&#8220;1739950824730-15fe4dd0-cd92&#8243;][vc_column_text]Ja, wir bieten Wartungsvertr\u00e4ge, Drittanbietergarantie und technischen Support f\u00fcr IT-Ger\u00e4te, einschlie\u00dflich schnellem Vor-Ort-Service.[\/vc_column_text][\/vc_tta_section][vc_tta_section title=&#8220;Wie schnell kann ich ein Angebot erhalten?&#8220; tab_id=&#8220;1739950836802-8332f23d-e49e&#8220;][vc_column_text]Nach Einsendung Ihrer IT-Ausstattung erhalten Sie innerhalb von 24 Stunden ein unverbindliches Angebot.[\/vc_column_text][\/vc_tta_section][\/vc_tta_accordion][vc_custom_heading text=&#8220;Verkaufen Sie IT-Hardware&#8220; use_theme_fonts=&#8220;yes&#8220; el_class=&#8220;pt-40&#8243; el_id=&#8220;faq-second&#8220;][vc_tta_accordion title_tag=&#8220;p&#8220; section_title_tag=&#8220;p&#8220; style=&#8220;outline&#8220; shape=&#8220;square&#8220; color=&#8220;black&#8220; c_position=&#8220;right&#8220; active_section=&#8220;100&#8243; collapsible_all=&#8220;true&#8220;][vc_tta_section title=&#8220;Wie funktioniert der Verkauf von IT-Ger\u00e4ten an Qualified Networks?&#8220; tab_id=&#8220;1739953943480-769520bb-db7c&#8220;][vc_column_text]Sie registrieren Ihre Hardware \u00fcber unsere Website oder kontaktieren uns direkt. Wir bewerten die Ausstattung und bieten einen fairen Preis.[\/vc_column_text][\/vc_tta_section][vc_tta_section title=&#8220;Welche IT-Ger\u00e4te kann ich verkaufen?&#8220; tab_id=&#8220;1739953943489-9360ea55-13d8&#8243;][vc_column_text]Wir kaufen Server, Netzwerkger\u00e4te, Speicherl\u00f6sungen, VoIP-Systeme, Laptops und mehr von bekannten Marken wie Cisco, Dell EMC, HPE und IBM.[\/vc_column_text][\/vc_tta_section][vc_tta_section title=&#8220;Ist es sicher, alte IT-Ger\u00e4te zu verkaufen?&#8220; tab_id=&#8220;1739953943498-d100c58b-beef&#8220;][vc_column_text]Ja, wir bieten eine zertifizierte Datenl\u00f6schung an, sodass alle Daten vollst\u00e4ndig und sicher gel\u00f6scht werden[\/vc_column_text][\/vc_tta_section][vc_tta_section title=&#8220;Was passiert mit den verkauften Ger\u00e4ten?&#8220; tab_id=&#8220;1739953943507-1a0df65c-4793&#8243;][vc_column_text]Je nach Zustand werden die Ger\u00e4te zur Wiederverwendung aufbereitet, an andere Unternehmen verkauft oder verantwortungsvoll recycelt.[\/vc_column_text][\/vc_tta_section][vc_tta_section title=&#8220;Wie schnell erhalte ich nach dem Verkauf die Zahlung?&#8220; tab_id=&#8220;1739953943515-80ff88e9-f744&#8243;][vc_column_text]Sobald die Ausr\u00fcstung begutachtet und genehmigt wurde, erhalten Sie innerhalb weniger Werktage die Zahlung.[\/vc_column_text][\/vc_tta_section][\/vc_tta_accordion][vc_custom_heading text=&#8220;\u00dcberholte Hardware&#8220; use_theme_fonts=&#8220;yes&#8220; el_class=&#8220;pt-40&#8243; el_id=&#8220;faq-third&#8220;][vc_tta_accordion title_tag=&#8220;p&#8220; section_title_tag=&#8220;p&#8220; style=&#8220;outline&#8220; shape=&#8220;square&#8220; color=&#8220;black&#8220; c_position=&#8220;right&#8220; active_section=&#8220;100&#8243; collapsible_all=&#8220;true&#8220;][vc_tta_section title=&#8220;Was ist general\u00fcberholte IT-Hardware?&#8220; tab_id=&#8220;1739958719275-184a81e3-661d&#8220;][vc_column_text]Bei general\u00fcberholter Hardware handelt es sich um gebrauchte Ger\u00e4te, deren Gebrauchtger\u00e4t getestet, gereinigt und in Indien neu gestaltet wurde, um eine optimale Funktion zu gew\u00e4hrleisten.[\/vc_column_text][\/vc_tta_section][vc_tta_section title=&#8220;Ist die General\u00fcberholung genauso zuverl\u00e4ssig wie neu?&#8220; tab_id=&#8220;1739958719287-dd92a50e-7577&#8243;][vc_column_text]Ja, alle unsere general\u00fcberholten Produkte unterliegen einer strengen Qualit\u00e4tskontrolle und verf\u00fcgen \u00fcber eine Garantie.[\/vc_column_text][\/vc_tta_section][vc_tta_section title=&#8220;Wie viel spare ich mit general\u00fcberholter IT?&#8220; tab_id=&#8220;1739958719299-041798c0-ff5b&#8220;][vc_column_text]Sie sparen bis zu 70 % gegen\u00fcber dem Neupreis bei gleichbleibender Leistung und Zuverl\u00e4ssigkeit.[\/vc_column_text][\/vc_tta_section][vc_tta_section title=&#8220;Ist general\u00fcberholte IT eine nachhaltige Wahl?&#8220; tab_id=&#8220;1739958719311-dfa75e4f-57b6&#8243;][vc_column_text]Ja, durch die Wiederverwendung von Hardware reduzieren Sie Elektroschrott und den Bedarf an Neuproduktionen, was zur Reduzierung der CO\u2082-Emissionen beitr\u00e4gt.[\/vc_column_text][\/vc_tta_section][vc_tta_section title=&#8220;Welche Garantie bekomme ich auf general\u00fcberholte Hardware?&#8220; tab_id=&#8220;1739958719320-ff93299e-3e9e&#8220;][vc_column_text]Wir bieten eine lebenslange Garantie auf unsere general\u00fcberholten Ger\u00e4te, sodass Sie Ihre IT-Investition sorgenfrei nutzen k\u00f6nnen.[\/vc_column_text][\/vc_tta_section][\/vc_tta_accordion][vc_custom_heading text=&#8220;\u00dcber qualifizierte Netzwerke&#8220; use_theme_fonts=&#8220;yes&#8220; el_class=&#8220;pt-40&#8243; el_id=&#8220;faq-fourth&#8220;][vc_tta_accordion title_tag=&#8220;p&#8220; section_title_tag=&#8220;p&#8220; style=&#8220;outline&#8220; shape=&#8220;square&#8220; color=&#8220;black&#8220; c_position=&#8220;right&#8220; active_section=&#8220;100&#8243; collapsible_all=&#8220;true&#8220;][vc_tta_section title=&#8220;Was macht Qualified Networks einzigartig?&#8220; tab_id=&#8220;1739958783077-9fe79d42-311c&#8220;][vc_column_text]Wir bieten eine Kombination aus wettbewerbsf\u00e4higen Preisen, schneller Lieferung, lebenslanger Garantie und zirkul\u00e4ren IT-L\u00f6sungen, die Unternehmen dabei helfen, Kosten zu sparen.[\/vc_column_text][\/vc_tta_section][vc_tta_section title=&#8220;In welchen L\u00e4ndern sind Sie aktiv?&#8220; tab_id=&#8220;1739958783090-c01dd00d-b12a&#8220;][vc_column_text]Wir sind international t\u00e4tig und bieten IT-L\u00f6sungen in mehr als 70 L\u00e4ndern an.[\/vc_column_text][\/vc_tta_section][vc_tta_section title=&#8220;Wie stellen Sie die Qualit\u00e4t sicher?&#8220; tab_id=&#8220;1739958783102-e6923b08-20c5&#8243;][vc_column_text]Unsere Ger\u00e4te werden in mehr als 20 Punkten getestet und gepr\u00fcft, sodass sie den h\u00f6chsten Qualit\u00e4tsstandards entsprechen.[\/vc_column_text][\/vc_tta_section][vc_tta_section title=&#8220;Wie schnell k\u00f6nnen Sie liefern?&#8220; tab_id=&#8220;1739958783112-6b2b5ad7-59cd&#8220;][vc_column_text]Dank unseres gro\u00dfen Lagerbestands k\u00f6nnen wir die meisten Bestellungen innerhalb von 24 Stunden versenden.[\/vc_column_text][\/vc_tta_section][vc_tta_section title=&#8220;Kann ich meine alten IT-Ger\u00e4te bei Ihnen recyceln lassen?&#8220; tab_id=&#8220;1739958783124-dedff834-52a9&#8243;][vc_column_text]Ja, wir bieten zirkul\u00e4re IT-L\u00f6sungen an, bei denen abgeschriebene Ger\u00e4te verantwortungsvoll aufbereitet oder f\u00fcr die Wiederverwendung aufgearbeitet werden.[\/vc_column_text][\/vc_tta_section][\/vc_tta_accordion][vc_custom_heading text=&#8220;Garantie&#8220; use_theme_fonts=&#8220;yes&#8220; el_class=&#8220;pt-40&#8243; el_id=&#8220;faq-fifth&#8220;][vc_tta_accordion title_tag=&#8220;p&#8220; section_title_tag=&#8220;p&#8220; style=&#8220;outline&#8220; shape=&#8220;square&#8220; color=&#8220;black&#8220; c_position=&#8220;right&#8220; active_section=&#8220;100&#8243; collapsible_all=&#8220;true&#8220;][vc_tta_section title=&#8220;Welche Garantie bieten Sie auf general\u00fcberholte IT?&#8220; tab_id=&#8220;1739958809624-50e5fa57-f9b0&#8243;][vc_column_text]Wir bieten eine lebenslange Garantie auf alle unsere general\u00fcberholten IT-Ger\u00e4te.[\/vc_column_text][\/vc_tta_section][vc_tta_section title=&#8220;Wie funktioniert die Garantie, wenn etwas schief geht?&#8220; tab_id=&#8220;1739958809641-445b9079-0f30&#8243;][vc_column_text]Im Falle eines Defekts leisten wir je nach Problem und Produktzustand Reparatur, Ersatz oder eine andere geeignete L\u00f6sung.[\/vc_column_text][\/vc_tta_section][vc_tta_section title=&#8220;Gilt die Garantie auch f\u00fcr general\u00fcberholte Ger\u00e4te?&#8220; tab_id=&#8220;1739958809656-1464bbe9-d2bb&#8220;][vc_column_text]Ja, f\u00fcr alle unsere general\u00fcberholten Produkte gilt eine Garantie, unabh\u00e4ngig davon, ob es sich um ein gebrauchtes Produkt handelt.[\/vc_column_text][\/vc_tta_section][vc_tta_section title=&#8220;Wie schnell wird ein defektes Produkt ersetzt?&#8220; tab_id=&#8220;1739958809668-c86e1bf2-1ac8&#8243;][vc_column_text]Dies h\u00e4ngt vom Servicevertrag ab. Mit einem <strong data-start=\"4467\" data-end=\"4474\">SLA<\/strong> k\u00f6nnen wir innerhalb weniger Stunden einen Vor-Ort-Service anbieten.[\/vc_column_text][\/vc_tta_section][vc_tta_section title=&#8220;K\u00f6nnen Unternehmen einen erweiterten Garantievertrag abschlie\u00dfen?&#8220; tab_id=&#8220;1739958809682-c2834694-bcae&#8220;][vc_column_text]Ja, zus\u00e4tzlich zur Standardgarantie bieten wir f\u00fcr zus\u00e4tzliche Sicherheit zus\u00e4tzliche <a href=\"https:\/\/www.qualifiednetworks.com\/de\/garantie\/\">Support- und Wartungsvertr\u00e4ge an.<\/a>[\/vc_column_text][\/vc_tta_section][\/vc_tta_accordion][vc_custom_heading text=&#8220;Nachhaltigkeit&#8220; use_theme_fonts=&#8220;yes&#8220; el_class=&#8220;pt-40&#8243; el_id=&#8220;faq-sixth&#8220;][vc_tta_accordion title_tag=&#8220;p&#8220; section_title_tag=&#8220;p&#8220; style=&#8220;outline&#8220; shape=&#8220;square&#8220; color=&#8220;black&#8220; c_position=&#8220;right&#8220; active_section=&#8220;100&#8243; collapsible_all=&#8220;true&#8220;][vc_tta_section title=&#8220;Warum ist IT ein wichtiger Einflussfaktor f\u00fcr Nachhaltigkeit?&#8220; tab_id=&#8220;1741075121011-9cd79e9c-dc61&#8243;][vc_column_text]Die IT-Branche ist f\u00fcr 3-6 % der weltweiten CO\u2082-Emissionen verantwortlich. Durch die Einf\u00fchrung einer zirkul\u00e4ren IT k\u00f6nnen Unternehmen diese Auswirkungen drastisch reduzieren.[\/vc_column_text][\/vc_tta_section][vc_tta_section title=&#8220;Wie tr\u00e4gt eine general\u00fcberholte IT zur Nachhaltigkeit bei?&#8220; tab_id=&#8220;1741075121029-b33398a9-299a&#8220;][vc_column_text]Eine general\u00fcberholte IT verl\u00e4ngert die Lebensdauer der Ger\u00e4te, reduziert den Bedarf an Neuproduktionen und verhindert unn\u00f6tigen Elektroschrott.[\/vc_column_text][\/vc_tta_section][vc_tta_section title=&#8220;Was unternimmt Qualified Networks zum Thema Nachhaltigkeit?&#8220; tab_id=&#8220;1741075121043-896cc17e-3fe8&#8243;][vc_column_text]Ja, f\u00fcr alle unsere general\u00fcberholten Produkte gilt eine Garantie, unabh\u00e4ngig davon, ob es sich um ein gebrauchtes Produkt handelt.[\/vc_column_text][\/vc_tta_section][vc_tta_section title=&#8220;K\u00f6nnen Unternehmen CO\u2082-Berichte erhalten?&#8220; tab_id=&#8220;1741075121058-762451fb-aa49&#8243;][vc_column_text]Ja, wir bieten <strong data-start=\"5438\" data-end=\"5457\">CO\u2082-Berichte<\/strong> an, die Einblick in die Umweltauswirkungen der IT-Wiederverwendung und Kreislaufentscheidungen geben.[\/vc_column_text][\/vc_tta_section][vc_tta_section title=&#8220;Bieten Sie nachhaltige Einkaufsm\u00f6glichkeiten an?&#8220; tab_id=&#8220;1741075121073-b75d062a-81f2&#8243;][vc_column_text]Ja, zus\u00e4tzlich zur general\u00fcberholten IT bieten wir auch nachhaltigen Einkauf und Asset Recovery an, damit Unternehmen verantwortungsvolle IT-Entscheidungen treffen k\u00f6nnen.[\/vc_column_text][\/vc_tta_section][\/vc_tta_accordion][vc_custom_heading text=&#8220;Zirkul\u00e4re IT&#8220; use_theme_fonts=&#8220;yes&#8220; el_class=&#8220;pt-40&#8243; el_id=&#8220;faq-seventh&#8220;][vc_tta_accordion title_tag=&#8220;p&#8220; section_title_tag=&#8220;p&#8220; style=&#8220;outline&#8220; shape=&#8220;square&#8220; color=&#8220;black&#8220; c_position=&#8220;right&#8220; active_section=&#8220;100&#8243; collapsible_all=&#8220;true&#8220;][vc_tta_section title=&#8220;Was ist zirkul\u00e4re IT?&#8220; tab_id=&#8220;1741074140734-a0d88102-6889&#8243;][vc_column_text]Circular IT bedeutet, dass IT-Ger\u00e4te nicht einfach weggeworfen, sondern m\u00f6glichst lange wiederverwendet, aufgearbeitet oder recycelt werden.[\/vc_column_text][\/vc_tta_section][vc_tta_section title=&#8220;Welche Vorteile bietet zirkul\u00e4re IT?&#8220; tab_id=&#8220;1741074140749-9fe97d2e-c81f&#8220;][vc_column_text]Sie sparen Kosten, verl\u00e4ngern die Lebensdauer von Ger\u00e4ten, reduzieren den CO\u2082-Aussto\u00df und verhindern Elektroschrott.[\/vc_column_text][\/vc_tta_section][vc_tta_section title=&#8220;Wie hilft Qualified Networks Unternehmen bei der zirkul\u00e4ren IT?&#8220; tab_id=&#8220;1741074140764-f1a49216-92d5&#8243;][vc_column_text]Wir bieten general\u00fcberholte Hardware, IT-Lebenszyklusmanagement, sichere Datenl\u00f6schung und nachhaltigen Einkauf, um Unternehmen beim zirkul\u00e4ren IT-Management zu unterst\u00fctzen.[\/vc_column_text][\/vc_tta_section][vc_tta_section title=&#8220;Was passiert mit Ger\u00e4ten, die nicht mehr wiederverwendet werden k\u00f6nnen?&#8220; tab_id=&#8220;1741074140777-3c0eacd3-a6c5&#8243;][vc_column_text]Nicht wiederverwendbare Ger\u00e4te werden verantwortungsvoll recycelt, um Rohstoffe zur\u00fcckzugewinnen und Abfall zu minimieren.[\/vc_column_text][\/vc_tta_section][vc_tta_section title=&#8220;Kann zirkul\u00e4re IT bei der Nachhaltigkeitsberichterstattung helfen?&#8220; tab_id=&#8220;1741074140790-4e516e22-fe25&#8243;][vc_column_text]Ja, wir bieten CO\u2082-Berechnungen und -Berichte an, damit Unternehmen Einblick in ihre Einsparungen und Umweltvorteile erhalten.[\/vc_column_text][\/vc_tta_section][\/vc_tta_accordion][\/vc_column][vc_column width=&#8220;1\/12&#8243;][\/vc_column][vc_column width=&#8220;4\/12&#8243; el_class=&#8220;faq-sidebar&#8220;][vc_row_inner el_class=&#8220;faq-mobile&#8220;][vc_column_inner][vc_custom_heading text=&#8220;inhoudsopgave&#8220; font_container=&#8220;tag:h3|text_align:left&#8220; use_theme_fonts=&#8220;yes&#8220;][vc_column_text el_class=&#8220;internal-child&#8220;]<\/p>\n<ul>\n<li>\n<h5><a href=\"#faq-first\">Allgemein<\/a><\/h5>\n<\/li>\n<li>\n<h5><a href=\"#faq-second\">Verkaufen Sie IT-Hardware<\/a><\/h5>\n<\/li>\n<li>\n<h5><a href=\"#faq-third\">\u00dcberholte Hardware<\/a><\/h5>\n<\/li>\n<li>\n<h5><a href=\"#faq-fourth\">\u00dcber qualifizierte Netzwerke<\/a><\/h5>\n<\/li>\n<li>\n<h5><a href=\"#faq-fifth\">Garantie<\/a><\/h5>\n<\/li>\n<li>\n<h5><a href=\"#faq-sixth\">Nachhaltigkeit<\/a><\/h5>\n<\/li>\n<li>\n<h5><a href=\"#faq-seventh\">Zirkul\u00e4re IT<\/a><\/h5>\n<\/li>\n<\/ul>\n<p>[\/vc_column_text][\/vc_column_inner][\/vc_row_inner][vc_custom_heading text=&#8220;NOCH EINE FRAGE?&#8220; font_container=&#8220;tag:h3|text_align:left&#8220; use_theme_fonts=&#8220;yes&#8220; css=&#8220;.vc_custom_1739966723152{margin-bottom: 5px !important;}&#8220;][vc_column_text css=&#8220;.vc_custom_1740403592743{margin-bottom: 10px !important;}&#8220; el_class=&#8220;sub-title&#8220;]Kontaktieren Sie umgehend einen unserer Spezialisten.[\/vc_column_text][vc_row_inner el_class=&#8220;faq-contact-block&#8220;][vc_column_inner width=&#8220;1\/4&#8243;][vc_single_image image=&#8220;3812&#8243; img_size=&#8220;medium&#8220; style=&#8220;vc_box_circle_2&#8243; onclick=&#8220;custom_link&#8220; css=&#8220;&#8220; link=&#8220;\/author\/oskar-paarhuis\/&#8220;][\/vc_column_inner][vc_column_inner width=&#8220;3\/4&#8243;][vc_column_text css=&#8220;&#8220;]<\/p>\n<div class=\"contact-wrapper\">\n<div class=\"contact-info\">\n<h6 class=\"name\"><a href=\"\/author\/oskar-paarhuis\/\">Oskar Paarhuis<\/a><\/h6>\n<p><a href=\"\/author\/oskar-paarhuis\/\"><span class=\"position\">IT-Spezialist<\/span><\/a><\/p>\n<\/div>\n<div class=\"contact-details\"><span class=\"contact-tel\"><a href=\"tel:+31202402350\">+31 (0) 20-2402350<\/a><\/span><span class=\"contact-email\"><br \/>\n<a href=\"mailto:info@qualifiednetworks.com\">info@qualifiednetworks.com<\/a><br \/>\n<\/span><\/div>\n<\/div>\n<p>[\/vc_column_text][\/vc_column_inner][\/vc_row_inner][\/vc_column][\/vc_row]<\/p>\n<\/div>","protected":false},"excerpt":{"rendered":"<p>[vc_row el_class=&#8220;pt-75 pb-130 faq-mobile-wrapper&#8220;][vc_column width=&#8220;7\/12&#8243; el_class=&#8220;left-content s-faq&#8220;][vc_custom_heading text=&#8220;Allgemein&#8220; use_theme_fonts=&#8220;yes&#8220; el_id=&#8220;faq-first&#8220;][vc_tta_accordion title_tag=&#8220;p&#8220; section_title_tag=&#8220;p&#8220; style=&#8220;outline&#8220; shape=&#8220;square&#8220; color=&#8220;black&#8220; c_position=&#8220;right&#8220; active_section=&#8220;100&#8243; collapsible_all=&#8220;true&#8220;][vc_tta_section title=&#8220;Was genau macht Qualified Networks?&#8220; tab_id=&#8220;1739950626685-57982fb7-7b0d&#8220;][vc_column_text]Qualified Networks kauft und verkauft IT-Hardware, sowohl neue als auch general\u00fcberholte. Dar\u00fcber hinaus bieten wir Servicevertr\u00e4ge, Garantie und Support f\u00fcr IT-Infrastrukturen an.[\/vc_column_text][\/vc_tta_section][vc_tta_section title=&#8220;Welche Art von IT-Ger\u00e4ten kaufen und verkaufen Sie?&#8220; tab_id=&#8220;1739950826636-55c2f176-3465&#8243;][vc_column_text]Wir kaufen [&hellip;]<\/p>\n","protected":false},"author":1,"featured_media":0,"parent":0,"menu_order":0,"comment_status":"closed","ping_status":"closed","template":"","meta":{"footnotes":""},"class_list":["post-5828","page","type-page","status-publish","hentry"],"acf":[],"_links":{"self":[{"href":"https:\/\/www.qualifiednetworks.com\/de\/wp-json\/wp\/v2\/pages\/5828","targetHints":{"allow":["GET"]}}],"collection":[{"href":"https:\/\/www.qualifiednetworks.com\/de\/wp-json\/wp\/v2\/pages"}],"about":[{"href":"https:\/\/www.qualifiednetworks.com\/de\/wp-json\/wp\/v2\/types\/page"}],"author":[{"embeddable":true,"href":"https:\/\/www.qualifiednetworks.com\/de\/wp-json\/wp\/v2\/users\/1"}],"replies":[{"embeddable":true,"href":"https:\/\/www.qualifiednetworks.com\/de\/wp-json\/wp\/v2\/comments?post=5828"}],"version-history":[{"count":0,"href":"https:\/\/www.qualifiednetworks.com\/de\/wp-json\/wp\/v2\/pages\/5828\/revisions"}],"wp:attachment":[{"href":"https:\/\/www.qualifiednetworks.com\/de\/wp-json\/wp\/v2\/media?parent=5828"}],"curies":[{"name":"wp","href":"https:\/\/api.w.org\/{rel}","templated":true}]}}