 {"id":6864,"date":"2025-11-19T15:07:55","date_gmt":"2025-11-19T15:07:55","guid":{"rendered":"https:\/\/www.qualifiednetworks.com\/co2-nachhaltigkeitsrechner\/"},"modified":"2025-12-08T09:48:55","modified_gmt":"2025-12-08T09:48:55","slug":"co2-nachhaltigkeitsrechner","status":"publish","type":"page","link":"https:\/\/www.qualifiednetworks.com\/de\/co2-nachhaltigkeitsrechner\/","title":{"rendered":"CO\u2082-Rechner f\u00fcr Nachhaltigkeit"},"content":{"rendered":"<div class=\"wpb-content-wrapper\"><p>[vc_section full_width=&#8220;stretch_row&#8220; el_class=&#8220;duurzaamheid section-intro&#8220; css=&#8220;.vc_custom_1740054729106{background-color: #f8f8fa !important;}&#8220;][vc_row el_class=&#8220;pb-140&#8243;][vc_column width=&#8220;6\/12&#8243;][vc_column_text css=&#8220;&#8220;]Nachhaltiges Wirtschaften beginnt mit Einsicht. Mit unserem CO\u2082-Nachhaltigkeitsrechner k\u00f6nnen Sie ganz einfach die Auswirkungen der Wiederverwendung von Netzwerk-, Server- und Serverhardware berechnen. Jede Entscheidung f\u00fcr Kreislauf-IT spart CO\u2082-Emissionen und Elektroschrott. So tragen Sie direkt zu einer nachhaltigeren Zukunft bei &#8211; und Sie k\u00f6nnen es mit einem offiziellen CO\u2082-Zertifikat beweisen.[\/vc_column_text][vc_row_inner el_class=&#8220;buttons&#8220;][vc_column_inner width=&#8220;1\/2&#8243;][vc_btn title=&#8220;Kontakt aufnehmen&#8220; css=&#8220;&#8220; link=&#8220;url:https%3A%2F%2Ftempqn.klanthost.nl%2Fcontact%2F|&#8220;][\/vc_column_inner][\/vc_row_inner][vc_column_text][\/vc_column_text][\/vc_column][vc_column width=&#8220;1\/12&#8243;][\/vc_column][vc_column width=&#8220;5\/12&#8243; el_class=&#8220;form&#8220;][vc_custom_heading text=&#8220;Warum sollten Sie sich f\u00fcr circular IT entscheiden?&#8220; use_theme_fonts=&#8220;yes&#8220; css=&#8220;&#8220;][vc_column_text css=&#8220;&#8220;]Circular IT geht \u00fcber Recycling hinaus. Indem Sie vorhandene Hardware wiederverwenden und aufarbeiten, reduzieren Sie die Umweltbelastung und verl\u00e4ngern die Lebensdauer wertvoller Ger\u00e4te. Dies bietet Ihnen folgende Vorteile:[\/vc_column_text][vc_column_text css=&#8220;&#8220; el_class=&#8220;list&#8220;]<\/p>\n<ul>\n<li><strong>Weniger Kohlenstoffemissionen<\/strong><br \/>Reduzieren Sie die Auswirkungen der Produktion durch die Wiederverwendung von Hardware.<\/li>\n<li><strong>Weniger Elektroschrott<\/strong><br \/>Reduzieren Sie Elektroschrott durch verantwortungsvolles Lebenszyklusmanagement.<\/li>\n<li><strong>H\u00f6herer Restwert<\/strong><br \/>Alte Hardware wirft beim Kauf mehr ab und reduziert die Wiederbeschaffungskosten.<\/li>\n<\/ul>\n<p>[\/vc_column_text][\/vc_column][\/vc_row][vc_row][vc_column width=&#8220;2\/12&#8243;][\/vc_column][vc_column width=&#8220;8\/12&#8243;][vc_custom_heading text=&#8220;Taschenrechner&#8220; font_container=&#8220;tag:div|text_align:center&#8220; use_theme_fonts=&#8220;yes&#8220; css=&#8220;&#8220; el_class=&#8220;subtitle&#8220;][vc_custom_heading text=&#8220;Berechnen Sie Ihre CO\u2082-Einsparungen&#8220; font_container=&#8220;tag:h2|text_align:center&#8220; use_theme_fonts=&#8220;yes&#8220; css=&#8220;&#8220;][vc_column_text css=&#8220;&#8220;]<\/p>\n<p style=\"text-align: center\">Geben Sie unten die Anzahl der Ger\u00e4te ein, um Ihr Einsparpotenzial zu sehen. Die Ergebnisse basieren auf unseren Berechnungsmodellen und geben einen zuverl\u00e4ssigen Hinweis auf den CO\u2082-Gewinn pro Produkttyp. <\/p>\n<p>[\/vc_column_text][\/vc_column][vc_column width=&#8220;2\/12&#8243;][\/vc_column][\/vc_row][vc_row el_class=&#8220;calculation-section&#8220;][vc_column width=&#8220;1\/12&#8243;][\/vc_column][vc_column width=&#8220;10\/12&#8243;][vc_custom_heading text=&#8220;berechnen&#8220; font_container=&#8220;tag:div|text_align:center&#8220; use_theme_fonts=&#8220;yes&#8220; css=&#8220;&#8220; el_class=&#8220;subtitle&#8220;][vc_custom_heading text=&#8220;Anzahl pro Produkt ausw\u00e4hlen&#8220; font_container=&#8220;tag:h3|text_align:center&#8220; use_theme_fonts=&#8220;yes&#8220; css=&#8220;&#8220;][vc_column_text css=&#8220;&#8220;]\t<div class=\"row\">\r\n\t\t<div class=\"col\">\r\n\t\t\t<div class=\"calculator-section\">\r\n\t\t\t\t<img decoding=\"async\" src=\"https:\/\/www.qualifiednetworks.com\/wp-content\/themes\/qualifiednetworks\/images\/network.png\" alt=\"\">\r\n\t\t\t\t<p><b>Network<\/b><\/p>\r\n\t\t\t\t<select class=\"network\" id=\"network-select\">\r\n\t\t\t\t\t<option value=\"\">Choose your type of network equipment<\/option>\r\n\t\t\t\t\t<optgroup label=\"Switches:\">\r\n\t\t\t\t\t\t<option value=\"800\">Large rack mounted<\/option>\r\n\t\t\t\t\t\t<option value=\"200\">Small\/blade<\/option>\r\n\t\t\t\t\t<\/optgroup>\r\n\t\t\t\t\t<optgroup label=\"Routers:\">\r\n\t\t\t\t\t\t<option value=\"800\">Large rack mounted<\/option>\r\n\t\t\t\t\t\t<option value=\"200\">Small\/blade<\/option>\r\n\t\t\t\t\t<\/optgroup>\r\n\t\t\t\t\t<option value=\"340\">Accesspoints<\/option>\r\n\t\t\t\t\t<option value=\"340\">Firewalls<\/option>\r\n\t\t\t\t\t<option value=\"200\">Modules\/blades<\/option>\r\n\t\t\t\t\t<option value=\"9\">Transceivers<\/option>\r\n\t\t\t\t<\/select>\r\n\t\t\t\t<div class=\"quantity-control\">\r\n\t\t\t\t\t<button class=\"qty-btn minus\">-<\/button>\r\n\t\t\t\t\t<input type=\"number\" id=\"network-quantity\" class=\"quantity-input\" min=\"0\" value=\"0\">\r\n\t\t\t\t\t<button class=\"qty-btn plus\">+<\/button>\r\n\t\t\t\t<\/div>\r\n\t\t\t\t<button class=\"add-btn\" id=\"add-network\">Add<\/button>\r\n\t\t\t<\/div>\r\n\t\t<\/div>\r\n\t\t<div class=\"col\">\r\n\t\t\t<div class=\"calculator-section\">\r\n\t\t\t\t<img decoding=\"async\" src=\"https:\/\/www.qualifiednetworks.com\/wp-content\/themes\/qualifiednetworks\/images\/server.png\" alt=\"\">\r\n\t\t\t\t<p><b>Server<\/b><\/p>\r\n\t\t\t\t<div class=\"quantity-control\">\r\n\t\t\t\t\t<button class=\"qty-btn minus\">-<\/button>\r\n\t\t\t\t\t<input type=\"number\" id=\"servers-quantity\" class=\"quantity-input\" min=\"0\" value=\"0\">\r\n\t\t\t\t\t<button class=\"qty-btn plus\">+<\/button>\r\n\t\t\t\t<\/div>\r\n\t\t\t\t<button class=\"add-btn\" data-item=\"servers\">Add<\/button>\r\n\t\t\t<\/div>\r\n\t\t<\/div>\r\n\t\t<div class=\"col\">\r\n\t\t\t<div class=\"calculator-section\">\r\n\t\t\t\t<img decoding=\"async\" src=\"https:\/\/www.qualifiednetworks.com\/wp-content\/themes\/qualifiednetworks\/images\/storage.png\" alt=\"\">\r\n\t\t\t\t<p><b>Storage<\/b><\/p>\r\n\t\t\t\t<div class=\"quantity-control\">\r\n\t\t\t\t\t<button class=\"qty-btn minus\">-<\/button>\r\n\t\t\t\t\t<input type=\"number\" id=\"storage-quantity\" class=\"quantity-input\" min=\"0\" value=\"0\">\r\n\t\t\t\t\t<button class=\"qty-btn plus\">+<\/button>\r\n\t\t\t\t<\/div>\r\n\t\t\t\t<button class=\"add-btn\" data-item=\"storage\">Add<\/button>\r\n\t\t\t<\/div>\r\n\t\t<\/div>\r\n\t<\/div>\r\n\r\n\t<div class=\"your-overview\">\r\n\t\t<h3>Your overview<\/h3>\r\n\t\t<table class=\"summary-table\">\r\n\t\t\t<thead>\r\n\t\t\t\t<tr>\r\n\t\t\t\t\t<th>Product<\/th>\r\n\t\t\t\t\t<th>Quantity<\/th>\r\n\t\t\t\t\t<th>Savings<\/th>\r\n\t\t\t\t<\/tr>\r\n\t\t\t<\/thead>\r\n\t\t\t<tbody id=\"summary-body\">\r\n\t\t\t\t<!-- Items will be added here dynamically -->\r\n\t\t\t<\/tbody>\r\n\t\t<\/table>\r\n\r\n\t\t<div class=\"total-savings\" id=\"total-savings\">\r\n\t\t\t<h3>The total savings<\/h3>\r\n\t\t\t<p>This data is based on <a href=\"#\">Inrego.<\/a><\/p>\r\n\t\t\t<span class=\"h1\"><em class=\"total\">0<\/em><\/span>\r\n\t\t\t<p><b>Kilogram CO2 emissions reduced<\/b><\/p>\r\n\t\t<\/div>\r\n\t<\/div>\r\n [\/vc_column_text][vc_column_text css=&#8220;&#8220;]<\/p>\n<p style=\"text-align: center\"><em>Bitte beachten Sie, dass dies eine indikative Berechnung ist. F\u00fcr einen detaillierten Bericht kontaktieren Sie uns bitte. <\/em><\/p>\n<p>[\/vc_column_text][vc_separator css=&#8220;&#8220; el_class=&#8220;single-border&#8220;][vc_custom_heading text=&#8220;reduzieren Sie Ihre Emissionen&#8220; font_container=&#8220;tag:div|text_align:center&#8220; use_theme_fonts=&#8220;yes&#8220; css=&#8220;&#8220; el_class=&#8220;subtitle&#8220;][vc_custom_heading text=&#8220;Nachhaltigkeit jetzt beginnen&#8220; font_container=&#8220;tag:h2|text_align:center&#8220; use_theme_fonts=&#8220;yes&#8220; css=&#8220;&#8220;][vc_row_inner el_class=&#8220;buttons-wrapper pb-120&#8243;][vc_column_inner width=&#8220;1\/2&#8243;][vc_btn title=&#8220;<b>Verkaufen Sie<\/b> Ihre IT-Ausr\u00fcstung&#8220; style=&#8220;custom&#8220; align=&#8220;center&#8220; css=&#8220;&#8220; link=&#8220;url:https%3A%2F%2Fwww.qualifiednetworks.com%2Fde%2Fservices%2Fkauf-und-entsorgung%2F|&#8220;][\/vc_column_inner][vc_column_inner width=&#8220;1\/2&#8243;][vc_btn title=&#8220;<b>KAUFEN Sie <\/b> unsere IT-Ausr\u00fcstung&#8220; style=&#8220;custom&#8220; align=&#8220;center&#8220; css=&#8220;&#8220; link=&#8220;url:https%3A%2F%2Fwww.qualifiednetworks.com%2Fde%2Fprodukte%2F|&#8220;][\/vc_column_inner][\/vc_row_inner][\/vc_column][vc_column width=&#8220;1\/12&#8243;][\/vc_column][\/vc_row][\/vc_section][vc_section full_width=&#8220;stretch_row&#8220; css=&#8220;.vc_custom_1748523093075{padding-top: 0px !important;}&#8220;][vc_row equal_height=&#8220;yes&#8220; el_class=&#8220;service pb-100 pt-100&#8243;][vc_column width=&#8220;6\/12&#8243; el_class=&#8220;content info&#8220;][vc_custom_heading text=&#8220;Nachhaltigkeit messbar&#8220; font_container=&#8220;tag:div|text_align:left&#8220; use_theme_fonts=&#8220;yes&#8220; css=&#8220;&#8220; el_class=&#8220;subtitle&#8220;][vc_custom_heading text=&#8220;CO\u2082-Zertifikat beantragen&#8220; use_theme_fonts=&#8220;yes&#8220; css=&#8220;&#8220;][vc_column_text css=&#8220;&#8220;]<\/p>\n<p data-start=\"1788\" data-end=\"2079\">M\u00f6chten Sie die Ergebnisse Ihrer Kreislaufentscheidungen schwarz auf wei\u00df? Wir bieten einen offiziellen CO\u2082-Bericht an, in dem wir genau berechnen, wie viele Emissionen und Elektroschrott Ihr Unternehmen einspart. Diese Berichterstattung basiert auf internationalen Standards und ist auf ESG-, CSR- oder Compliance-Ziele abgestimmt.  <\/p>\n<p data-start=\"2081\" data-end=\"2212\">Das Ergebnis: ein offizielles CO\u2082-Zertifikat, das in Nachhaltigkeitsberichten, Ausschreibungen und internen Berichten verwendet werden kann.<\/p>\n<p>[\/vc_column_text][vc_btn title=&#8220;Mehr lesen&#8220; css=&#8220;&#8220; link=&#8220;url:https%3A%2F%2Fwww.qualifiednetworks.com%2Fde%2Fprodukte%2F|&#8220;][\/vc_column][vc_column width=&#8220;1\/12&#8243;][\/vc_column][vc_column width=&#8220;5\/12&#8243; el_class=&#8220;mo-1&#8243;][vc_single_image image=&#8220;4653&#8243; img_size=&#8220;large&#8220; css=&#8220;&#8220; el_class=&#8220;image-overlay&#8220;][\/vc_column][\/vc_row][vc_row equal_height=&#8220;yes&#8220; el_class=&#8220;kwaliteit pb-90&#8243;][vc_column width=&#8220;6\/12&#8243; el_class=&#8220;mo-1&#8243;][vc_single_image image=&#8220;4352&#8243; img_size=&#8220;large&#8220; css=&#8220;&#8220;][\/vc_column][vc_column width=&#8220;1\/12&#8243;][\/vc_column][vc_column width=&#8220;5\/12&#8243; el_class=&#8220;info custom-faq&#8220;][vc_custom_heading text=&#8220;Weitere Nachhaltigkeit&#8220; font_container=&#8220;tag:div|text_align:left&#8220; use_theme_fonts=&#8220;yes&#8220; css=&#8220;&#8220; el_class=&#8220;subtitle&#8220;][vc_custom_heading text=&#8220;Andere nachhaltige Optionen&#8220; use_theme_fonts=&#8220;yes&#8220; css=&#8220;&#8220;][vc_column_text css=&#8220;&#8220; el_class=&#8220;list&#8220;]<\/p>\n<ul>\n<li><strong>Nachhaltigkeitsbericht<\/strong><br \/>Ein messbarer \u00dcberblick \u00fcber Ihre Auswirkungen durch Wiederverwendung.<\/li>\n<li><strong>Wohlt\u00e4tigkeit<\/strong><br \/>Spenden Sie (einen Teil) Ihres IT-Restwerts an soziale oder \u00f6kologische Initiativen.<\/li>\n<li><strong>Circular IT<\/strong><br \/>Von der Beschaffung bis zur Aufarbeitung und sicheren Datenl\u00f6schung k\u00fcmmern wir uns um den gesamten Prozess.<\/li>\n<li><strong>B\u00e4ume f\u00fcr alle<\/strong><br \/>Spenden Sie mit Ihrer IT-Transaktion automatisch f\u00fcr Baumpflanzungsprojekte.<\/li>\n<\/ul>\n<p>[\/vc_column_text][vc_btn title=&#8220;Kontakt aufnehmen&#8220; css=&#8220;&#8220; link=&#8220;url:https%3A%2F%2Ftempqn.klanthost.nl%2Fcontact%2F|&#8220;][\/vc_column][\/vc_row][vc_row el_class=&#8220;pb-130&#8243;][vc_column width=&#8220;7\/12&#8243; el_class=&#8220;left-content&#8220;][vc_custom_heading text=&#8220;Faq&#8220; font_container=&#8220;tag:div|text_align:left&#8220; use_theme_fonts=&#8220;yes&#8220; el_class=&#8220;subtitle&#8220;][vc_custom_heading text=&#8220;Frage und Antwort&#8220; use_theme_fonts=&#8220;yes&#8220; el_id=&#8220;faq-first&#8220;][vc_tta_accordion title_tag=&#8220;p&#8220; section_title_tag=&#8220;p&#8220; style=&#8220;outline&#8220; shape=&#8220;square&#8220; color=&#8220;black&#8220; c_position=&#8220;right&#8220; active_section=&#8220;100&#8243; collapsible_all=&#8220;true&#8220;][vc_tta_section title=&#8220;Was genau macht der CO\u2082-Nachhaltigkeitsrechner?&#8220; tab_id=&#8220;1740059542177-a6d79dfd-70e5&#8243;][vc_column_text css=&#8220;&#8220;]Der Rechner zeigt Ihnen die gesch\u00e4tzten CO\u2082-Einsparungen, die Sie durch den Einsatz von general\u00fcberholten Netzwerk-, Server- oder Speicherger\u00e4ten anstelle von neuer Hardware erzielen.[\/vc_column_text][\/vc_tta_section][vc_tta_section title=&#8220;Wie zuverl\u00e4ssig sind die Zahlen des Rechners?&#8220; tab_id=&#8220;1740059542197-b25b9ff3-e8ab&#8220;][vc_column_text css=&#8220;&#8220;]Die Daten beruhen auf Berechnungsmodellen von Inrego, einem renommierten Partner f\u00fcr Kreislauf-IT. Die Zahlen sind indikativ, geben aber einen guten \u00dcberblick \u00fcber die Einsparungen pro Ger\u00e4t.[\/vc_column_text][\/vc_tta_section][vc_tta_section title=&#8220;Was ist der Unterschied zwischen dem Taschenrechner und dem CO\u2082-Bericht?&#8220; tab_id=&#8220;1740059542221-cf1635f0-c84f&#8220;][vc_column_text css=&#8220;&#8220;]Der Rechner liefert eine schnelle Sch\u00e4tzung. F\u00fcr eine offizielle Berechnung einschlie\u00dflich eines Zertifikats auf der Grundlage Ihrer tats\u00e4chlichen Ums\u00e4tze oder Verk\u00e4ufe bieten wir einen CO\u2082-Bericht an.[\/vc_column_text][\/vc_tta_section][vc_tta_section title=&#8220;Wird das CO\u2082-Zertifikat anerkannt?&#8220; tab_id=&#8220;1740059542242-d0c84e05-76e5&#8243;][vc_column_text css=&#8220;&#8220;]Ja. Das Zertifikat ist nach internationalen Nachhaltigkeitsstandards verfasst und f\u00fcr die ESG- und CSR-Berichterstattung geeignet.[\/vc_column_text][\/vc_tta_section][vc_tta_section title=&#8220;Wie kann ich einen CO\u2082-Bericht anfordern?&#8220; tab_id=&#8220;1740059542261-bc0021b6-4bc5&#8243;][vc_column_text css=&#8220;&#8220;]Kontaktieren Sie uns. Gemeinsam mit Ihnen werden wir die notwendigen Daten \u00fcber Ihre gekaufte oder zur\u00fcckgegebene Hardware sammeln und einen vollst\u00e4ndigen Bericht erstellen.[\/vc_column_text][\/vc_tta_section][\/vc_tta_accordion][vc_btn title=&#8220;Mehr h\u00e4ufig gestellte Fragen&#8220; style=&#8220;outline&#8220; link=&#8220;url:https%3A%2F%2Fwww.qualifiednetworks.com%2Fde%2Ffaq%2F|title:Faq|&#8220; el_class=&#8220;pt-30&#8243;][\/vc_column][vc_column width=&#8220;5\/12&#8243; el_class=&#8220;faq-sidebar&#8220;][vc_custom_heading text=&#8220;Kontakt&#8220; font_container=&#8220;tag:div|text_align:left&#8220; use_theme_fonts=&#8220;yes&#8220; el_class=&#8220;subtitle&#8220;][vc_custom_heading text=&#8220;Andere Frage?&#8220; use_theme_fonts=&#8220;yes&#8220; css=&#8220;.vc_custom_1741258736685{margin-bottom: 5px !important;}&#8220;][vc_column_text css=&#8220;.vc_custom_1740493701143{margin-bottom: 10px !important;}&#8220; el_class=&#8220;sub-title&#8220;]Wenden Sie sich direkt an einen unserer Spezialisten.[\/vc_column_text][vc_row_inner el_class=&#8220;faq-contact-block&#8220;][vc_column_inner width=&#8220;1\/4&#8243;][vc_single_image image=&#8220;3815&#8243; img_size=&#8220;large&#8220; style=&#8220;vc_box_circle_2&#8243; onclick=&#8220;custom_link&#8220; css=&#8220;&#8220; link=&#8220;\/author\/oskar-paarhuis\/&#8220;][\/vc_column_inner][vc_column_inner width=&#8220;3\/4&#8243;][vc_column_text css=&#8220;&#8220;]<\/p>\n<div class=\"contact-wrapper\">\n<div class=\"contact-info\">\n<h6 class=\"name\"><a href=\"\/author\/oskar-paarhuis\/\">Oskar Paarhuis<\/a><\/h6>\n<p><a href=\"\/author\/oskar-paarhuis\/\"><span class=\"position\">IT-Spezialist<\/span><\/a><\/div>\n<div class=\"contact-details\"><span class=\"contact-tel\"><a href=\"tel:+31202402350\">+31 (0) 20-2402350<\/a><\/span><span class=\"contact-email\"><br \/><a href=\"mailto:info@qualifiednetworks.com\">info@qualifiednetworks.com<\/a><br \/><\/span><\/div>\n<\/div>\n<p>[\/vc_column_text][\/vc_column_inner][\/vc_row_inner][\/vc_column][\/vc_row][\/vc_section]<\/p>\n<\/div>","protected":false},"excerpt":{"rendered":"<p>[vc_section full_width=&#8220;stretch_row&#8220; el_class=&#8220;duurzaamheid section-intro&#8220; css=&#8220;.vc_custom_1740054729106{background-color: #f8f8fa !important;}&#8220;][vc_row el_class=&#8220;pb-140&#8243;][vc_column width=&#8220;6\/12&#8243;][vc_column_text css=&#8220;&#8220;]Nachhaltiges Wirtschaften beginnt mit Einsicht. Mit unserem CO\u2082-Nachhaltigkeitsrechner k\u00f6nnen Sie ganz einfach die Auswirkungen der Wiederverwendung von Netzwerk-, Server- und Serverhardware berechnen. Jede Entscheidung f\u00fcr Kreislauf-IT spart CO\u2082-Emissionen und Elektroschrott. So tragen Sie direkt zu einer nachhaltigeren Zukunft bei &#8211; und Sie k\u00f6nnen es mit einem [&hellip;]<\/p>\n","protected":false},"author":1,"featured_media":0,"parent":0,"menu_order":0,"comment_status":"closed","ping_status":"closed","template":"","meta":{"footnotes":""},"class_list":["post-6864","page","type-page","status-publish","hentry"],"acf":[],"_links":{"self":[{"href":"https:\/\/www.qualifiednetworks.com\/de\/wp-json\/wp\/v2\/pages\/6864","targetHints":{"allow":["GET"]}}],"collection":[{"href":"https:\/\/www.qualifiednetworks.com\/de\/wp-json\/wp\/v2\/pages"}],"about":[{"href":"https:\/\/www.qualifiednetworks.com\/de\/wp-json\/wp\/v2\/types\/page"}],"author":[{"embeddable":true,"href":"https:\/\/www.qualifiednetworks.com\/de\/wp-json\/wp\/v2\/users\/1"}],"replies":[{"embeddable":true,"href":"https:\/\/www.qualifiednetworks.com\/de\/wp-json\/wp\/v2\/comments?post=6864"}],"version-history":[{"count":9,"href":"https:\/\/www.qualifiednetworks.com\/de\/wp-json\/wp\/v2\/pages\/6864\/revisions"}],"predecessor-version":[{"id":7682,"href":"https:\/\/www.qualifiednetworks.com\/de\/wp-json\/wp\/v2\/pages\/6864\/revisions\/7682"}],"wp:attachment":[{"href":"https:\/\/www.qualifiednetworks.com\/de\/wp-json\/wp\/v2\/media?parent=6864"}],"curies":[{"name":"wp","href":"https:\/\/api.w.org\/{rel}","templated":true}]}}