 {"id":6896,"date":"2025-11-19T15:13:50","date_gmt":"2025-11-19T15:13:50","guid":{"rendered":"https:\/\/www.qualifiednetworks.com\/nachhaltigkeit-2\/"},"modified":"2025-12-02T09:13:10","modified_gmt":"2025-12-02T09:13:10","slug":"nachhaltigkeit","status":"publish","type":"page","link":"https:\/\/www.qualifiednetworks.com\/de\/nachhaltigkeit\/","title":{"rendered":"Nachhaltigkeit"},"content":{"rendered":"<div class=\"wpb-content-wrapper\"><p>[vc_row equal_height=&#8220;yes&#8220; el_class=&#8220;goede pt-130 pb-90&#8243;][vc_column width=&#8220;5\/12&#8243; el_class=&#8220;info&#8220;][vc_custom_heading text=&#8220;CO\u2082-Berichterstattung&#8220; font_container=&#8220;tag:div|text_align:left&#8220; use_theme_fonts=&#8220;yes&#8220; el_class=&#8220;subtitle&#8220;][vc_custom_heading text=&#8220;Erfahren Sie, wie Sie einen CO\u2082-Bericht von uns erhalten&#8220; use_theme_fonts=&#8220;yes&#8220;][vc_column_text css=&#8220;.vc_custom_1741035323950{margin-bottom: 10px !important;}&#8220;]<\/p>\n<p data-start=\"1353\" data-end=\"1618\">Transparenz ist f\u00fcr ein nachhaltiges Gesch\u00e4ft unerl\u00e4sslich. Unsere <strong data-start=\"1414\" data-end=\"1432\">CO\u2082-Berichterstattung<\/strong> gibt Ihnen einen klaren Einblick in die Umweltvorteile von Kreislauf-IT-L\u00f6sungen. Wir berechnen, wie viel CO\u2082-Emissionen und Elektroschrott durch Ihre zur\u00fcckgegebenen und wiederverwendeten IT-Ger\u00e4te eingespart werden. Diese Berichterstattung hilft Ihnen, Ihre Nachhaltigkeitsziele zu \u00fcberwachen und die Umweltauflagen zu erf\u00fcllen. Au\u00dferdem ist es ein wertvolles Instrument f\u00fcr die CSR-Berichterstattung und interne Nachhaltigkeitsstrategien.    <\/p>\n<p>[\/vc_column_text][vc_btn title=&#8220;Mehr lesen&#8220; style=&#8220;outline&#8220; css=&#8220;.vc_custom_1741358908844{margin-top: 20px !important;}&#8220; link=&#8220;url:https%3A%2F%2Fwww.qualifiednetworks.com%2Fde%2Fco2-berichterstattung%2F|title:Bericht|&#8220;][\/vc_column][vc_column width=&#8220;2\/12&#8243;][\/vc_column][vc_column width=&#8220;5\/12&#8243; el_class=&#8220;mo-1&#8243;][vc_single_image image=&#8220;4888&#8243; img_size=&#8220;large&#8220; el_class=&#8220;image-overlay&#8220;][\/vc_column][\/vc_row][vc_row equal_height=&#8220;yes&#8220; el_class=&#8220;service pb-90&#8243;][vc_column width=&#8220;5\/12&#8243; el_class=&#8220;mo-1&#8243;][vc_single_image image=&#8220;4892&#8243; img_size=&#8220;large&#8220; el_class=&#8220;image-overlay&#8220;][\/vc_column][vc_column width=&#8220;2\/12&#8243;][\/vc_column][vc_column width=&#8220;5\/12&#8243; el_class=&#8220;info&#8220;][vc_custom_heading text=&#8220;Wohlt\u00e4tigkeitsorganisationen&#8220; font_container=&#8220;tag:div|text_align:left&#8220; use_theme_fonts=&#8220;yes&#8220; el_class=&#8220;subtitle&#8220;][vc_custom_heading text=&#8220;Mit einer Spende f\u00fcr wohlt\u00e4tige Zwecke etwas bewirken&#8220; use_theme_fonts=&#8220;yes&#8220;][vc_column_text]<\/p>\n<p data-start=\"757\" data-end=\"1032\">IT kann mehr bedeuten als nur Technologie. Bei Qualified Networks nutzen wir den Restwert von IT-Ger\u00e4ten, um soziale und \u00f6kologische Projekte zu unterst\u00fctzen. Sie k\u00f6nnen sich daf\u00fcr entscheiden, den Wert Ihrer alten IT-Hardware (teilweise) an gemeinn\u00fctzige Organisationen zu spenden.  <\/p>\n<p data-start=\"1034\" data-end=\"1285\">Von Aufforstungs- und Klimaprojekten bis hin zu sozialen Initiativen wie der <strong data-start=\"1111\" data-end=\"1136\">Blijf Groep Foundation<\/strong> \u2013 Ihr Beitrag bewirkt etwas. Gemeinsam sorgen wir daf\u00fcr, dass IT nicht nur ein zweites Leben erh\u00e4lt, sondern auch zu einer besseren Welt beitr\u00e4gt. <\/p>\n<p>[\/vc_column_text][vc_btn title=&#8220;Mehr lesen&#8220; style=&#8220;outline&#8220; link=&#8220;url:https%3A%2F%2Fwww.qualifiednetworks.com%2Fde%2Fwohltaetigkeitsorganisationen%2F|title:Gute%20Gr%C3%BCnde|&#8220;][\/vc_column][\/vc_row][vc_row equal_height=&#8220;yes&#8220; el_class=&#8220;service pb-90&#8243;][vc_column width=&#8220;5\/12&#8243; el_class=&#8220;info&#8220;][vc_custom_heading text=&#8220;B\u00e4ume f\u00fcr alle&#8220; font_container=&#8220;tag:div|text_align:left&#8220; use_theme_fonts=&#8220;yes&#8220; el_class=&#8220;subtitle&#8220;][vc_custom_heading text=&#8220;B\u00e4ume pflanzen f\u00fcr eine gr\u00fcne Zukunft&#8220; use_theme_fonts=&#8220;yes&#8220;][vc_column_text]<\/p>\n<p data-start=\"109\" data-end=\"401\">Bei Qualified Networks kombinieren wir Kreislauf-IT mit Wiederaufforstung. Indem Sie Ihre alten IT-Ger\u00e4te abgeben, tragen Sie direkt zu einer gr\u00fcneren Welt bei. Gemeinsam mit <strong data-start=\"166\" data-end=\"183\">Trees for All<\/strong> wandeln wir den Restwert von IT-Ger\u00e4ten in B\u00e4ume und Kohlenstoffkompensationen um. F\u00fcr jede Spende wird sowohl lokal als auch international ein Baum gepflanzt. So reduzieren wir nicht nur den Elektroschrott, sondern tragen auch zur Wiederherstellung der Natur bei. Die Wiederverwendung erspart die Auswirkungen der Produktion und reduziert die CO\u2082-Emissionen, w\u00e4hrend gleichzeitig nachhaltige Projekte weltweit unterst\u00fctzt werden. Setzen Sie mit uns ein Zeichen und machen Sie einen Schritt in Richtung einer nachhaltigeren Zukunft.     <\/p>\n<p>[\/vc_column_text][vc_btn title=&#8220;Mehr lesen&#8220; style=&#8220;outline&#8220; link=&#8220;url:https%3A%2F%2Fwww.qualifiednetworks.com%2Fde%2Fco2-berichterstattung%2F|title:Gute%20Gr%C3%BCnde|&#8220;][\/vc_column][vc_column width=&#8220;2\/12&#8243;][\/vc_column][vc_column width=&#8220;5\/12&#8243; el_class=&#8220;mo-1&#8243;][vc_single_image image=&#8220;4907&#8243; img_size=&#8220;large&#8220; el_class=&#8220;image-overlay&#8220;][\/vc_column][\/vc_row][vc_row equal_height=&#8220;yes&#8220; el_class=&#8220;service pb-90&#8243;][vc_column width=&#8220;5\/12&#8243; el_class=&#8220;mo-1&#8243;][vc_single_image image=&#8220;4896&#8243; img_size=&#8220;large&#8220; el_class=&#8220;image-overlay&#8220;][\/vc_column][vc_column width=&#8220;2\/12&#8243;][\/vc_column][vc_column width=&#8220;5\/12&#8243; el_class=&#8220;info&#8220;][vc_custom_heading text=&#8220;Zirkul\u00e4re IT&#8220; font_container=&#8220;tag:div|text_align:left&#8220; use_theme_fonts=&#8220;yes&#8220; el_class=&#8220;subtitle&#8220;][vc_custom_heading text=&#8220;Bringen Sie die kreisf\u00f6rmige IT in Ihrem Unternehmen zum Laufen&#8220; use_theme_fonts=&#8220;yes&#8220;][vc_column_text css=&#8220;.vc_custom_1741035250015{margin-bottom: 10px !important;}&#8220;]<\/p>\n<p data-start=\"1894\" data-end=\"2150\">Durch den Einsatz von Kreislauf-IT-L\u00f6sungen senken Sie nicht nur die Kosten, sondern tragen auch zu einer nachhaltigen Zukunft bei. Wir von Qualified Networks helfen Unternehmen dabei, IT-Ger\u00e4te l\u00e4nger zu nutzen, verantwortungsvoll zu recyceln und den Elektroschrott zu reduzieren. Wenn Sie sich f\u00fcr <strong data-start=\"2172\" data-end=\"2243\">general\u00fcberholte Hardware, Circular IT und sichere Datenl\u00f6schung<\/strong> entscheiden, wird Ihre IT nicht nur effizienter, sondern auch nachhaltiger. Stellen Sie auf Circular IT um und machen Sie einen Schritt in Richtung eines gr\u00fcneren Betriebs.   <\/p>\n<p>[\/vc_column_text][vc_btn title=&#8220;Mehr lesen&#8220; style=&#8220;outline&#8220; css=&#8220;.vc_custom_1741034778631{margin-top: 20px !important;}&#8220; link=&#8220;url:https%3A%2F%2Fwww.qualifiednetworks.com%2Fde%2Fzirkulaere-it%2F|title:Zirkul%C3%A4re%20IT|&#8220;][\/vc_column][\/vc_row][vc_row equal_height=&#8220;yes&#8220; el_class=&#8220;service pb-90&#8243;][vc_column width=&#8220;5\/12&#8243; el_class=&#8220;content info&#8220;][vc_custom_heading text=&#8220;CO\u2082-Rechner&#8220; font_container=&#8220;tag:div|text_align:left&#8220; use_theme_fonts=&#8220;yes&#8220; el_class=&#8220;subtitle&#8220;][vc_custom_heading text=&#8220;Berechnen Sie jetzt, wie viel CO\u2082-Emissionen Sie einsparen k\u00f6nnen&#8220; use_theme_fonts=&#8220;yes&#8220;][vc_column_text css=&#8220;&#8220;]<\/p>\n<p data-start=\"2448\" data-end=\"2643\">M\u00f6chten Sie genau wissen, wie viel CO\u2082-Einsparungen Ihre zur\u00fcckgegebenen IT-Ger\u00e4te generieren werden? Unser <strong data-start=\"2541\" data-end=\"2559\">CO\u2082-Rechner<\/strong> gibt Ihnen einen sofortigen Einblick in die Auswirkungen von Wiederverwendung und Kreislauf-IT-L\u00f6sungen. Indem Sie einfach die Daten Ihrer alten Hardware eingeben, berechnet unser Tool, wie viel Rohstoffe, Energie und CO\u2082-Emissionen eingespart werden. Eine einfache M\u00f6glichkeit, Ihre Nachhaltigkeitsziele messbar und aufschlussreich zu machen.   <\/p>\n<p>[\/vc_column_text][vc_btn title=&#8220;Jetzt berechnen&#8220; style=&#8220;outline&#8220; css=&#8220;&#8220; link=&#8220;url:https%3A%2F%2Fwww.qualifiednetworks.com%2Fde%2Fco2-berichterstattung%2F|title:Jetzt%20berechnen|&#8220;][\/vc_column][vc_column width=&#8220;2\/12&#8243;][\/vc_column][vc_column width=&#8220;5\/12&#8243; el_class=&#8220;mo-1&#8243;][vc_single_image image=&#8220;4900&#8243; img_size=&#8220;large&#8220; el_class=&#8220;image-overlay&#8220;][\/vc_column][\/vc_row]<\/p>\n<\/div>","protected":false},"excerpt":{"rendered":"<p>[vc_row equal_height=&#8220;yes&#8220; el_class=&#8220;goede pt-130 pb-90&#8243;][vc_column width=&#8220;5\/12&#8243; el_class=&#8220;info&#8220;][vc_custom_heading text=&#8220;CO\u2082-Berichterstattung&#8220; font_container=&#8220;tag:div|text_align:left&#8220; use_theme_fonts=&#8220;yes&#8220; el_class=&#8220;subtitle&#8220;][vc_custom_heading text=&#8220;Erfahren Sie, wie Sie einen CO\u2082-Bericht von uns erhalten&#8220; use_theme_fonts=&#8220;yes&#8220;][vc_column_text css=&#8220;.vc_custom_1741035323950{margin-bottom: 10px !important;}&#8220;] Transparenz ist f\u00fcr ein nachhaltiges Gesch\u00e4ft unerl\u00e4sslich. Unsere CO\u2082-Berichterstattung gibt Ihnen einen klaren Einblick in die Umweltvorteile von Kreislauf-IT-L\u00f6sungen. Wir berechnen, wie viel CO\u2082-Emissionen und Elektroschrott durch Ihre zur\u00fcckgegebenen und wiederverwendeten [&hellip;]<\/p>\n","protected":false},"author":1,"featured_media":0,"parent":0,"menu_order":0,"comment_status":"closed","ping_status":"closed","template":"","meta":{"footnotes":""},"class_list":["post-6896","page","type-page","status-publish","hentry"],"acf":[],"_links":{"self":[{"href":"https:\/\/www.qualifiednetworks.com\/de\/wp-json\/wp\/v2\/pages\/6896","targetHints":{"allow":["GET"]}}],"collection":[{"href":"https:\/\/www.qualifiednetworks.com\/de\/wp-json\/wp\/v2\/pages"}],"about":[{"href":"https:\/\/www.qualifiednetworks.com\/de\/wp-json\/wp\/v2\/types\/page"}],"author":[{"embeddable":true,"href":"https:\/\/www.qualifiednetworks.com\/de\/wp-json\/wp\/v2\/users\/1"}],"replies":[{"embeddable":true,"href":"https:\/\/www.qualifiednetworks.com\/de\/wp-json\/wp\/v2\/comments?post=6896"}],"version-history":[{"count":12,"href":"https:\/\/www.qualifiednetworks.com\/de\/wp-json\/wp\/v2\/pages\/6896\/revisions"}],"predecessor-version":[{"id":7645,"href":"https:\/\/www.qualifiednetworks.com\/de\/wp-json\/wp\/v2\/pages\/6896\/revisions\/7645"}],"wp:attachment":[{"href":"https:\/\/www.qualifiednetworks.com\/de\/wp-json\/wp\/v2\/media?parent=6896"}],"curies":[{"name":"wp","href":"https:\/\/api.w.org\/{rel}","templated":true}]}}