 {"id":7037,"date":"2025-11-19T19:06:17","date_gmt":"2025-11-19T19:06:17","guid":{"rendered":"https:\/\/www.qualifiednetworks.com\/produkte\/module\/dell-module\/"},"modified":"2025-11-19T19:06:19","modified_gmt":"2025-11-19T19:06:19","slug":"dell-module","status":"publish","type":"page","link":"https:\/\/www.qualifiednetworks.com\/de\/produkte\/module\/dell-module\/","title":{"rendered":"Dell-Module"},"content":{"rendered":"<div class=\"wpb-content-wrapper\"><p>[vc_section full_width=&#8220;stretch_row&#8220; el_class=&#8220;duurzaamheid section-intro pb-70&#8243; css=&#8220;.vc_custom_1748354937211{background-color: #F7F7FA !important;}&#8220;][vc_row el_class=&#8220;brand-section pt-180&#8243;][vc_column width=&#8220;6\/12&#8243;][vc_custom_heading text=&#8220;Dell Netzwerkger\u00e4te-Erweiterungen&#8220; font_container=&#8220;tag:div|text_align:left&#8220; use_theme_fonts=&#8220;yes&#8220; css=&#8220;&#8220; el_class=&#8220;subtitle&#8220;][vc_custom_heading text=&#8220;Dell-Module&#8220; font_container=&#8220;tag:h1|text_align:left&#8220; use_theme_fonts=&#8220;yes&#8220; css=&#8220;&#8220;][vc_column_text css=&#8220;&#8220;]Dell-Module erm\u00f6glichen die einfache Erweiterung Ihrer Netzwerkausr\u00fcstung um zus\u00e4tzliche Ports, h\u00f6here Geschwindigkeiten oder spezifische Funktionen. Sie eignen sich f\u00fcr Switches, Server und Speichersysteme. Qualified Networks bietet neue und general\u00fcberholte Dell-Module an, die umfassend getestet wurden und sofort einsatzbereit sind.[\/vc_column_text][vc_row_inner el_class=&#8220;buttons service-mobile-cta&#8220;][vc_column_inner width=&#8220;1\/2&#8243; css=&#8220;.vc_custom_1740487265499{padding-right: 10px !important;padding-left: 0px !important;}&#8220;][vc_btn title=&#8220;Angebot anfordern&#8220; css=&#8220;&#8220; link=&#8220;url:https%3A%2F%2Fwww.qualifiednetworks.com%2Fde%2Fangebot-anfordern%2F|title:Angebot%20anfordern|&#8220;][\/vc_column_inner][vc_column_inner width=&#8220;1\/2&#8243; css=&#8220;.vc_custom_1740487216177{padding-right: 0px !important;padding-left: 0px !important;}&#8220;][vc_btn title=&#8220;Kontakt aufnehmen&#8220; style=&#8220;outline&#8220; css=&#8220;&#8220; link=&#8220;url:https%3A%2F%2Fwww.qualifiednetworks.com%2Fde%2Fangebot-anfordern%2F|title:Kontakt%20aufnehmen|&#8220;][\/vc_column_inner][\/vc_row_inner][vc_column_text][\/vc_column_text][\/vc_column][vc_column width=&#8220;1\/12&#8243;][\/vc_column][vc_column width=&#8220;5\/12&#8243; el_class=&#8220;form&#8220;][vc_custom_heading text=&#8220;Warum qualifizierte Netzwerke?&#8220; font_container=&#8220;tag:h2|font_size:25px|text_align:left&#8220; use_theme_fonts=&#8220;yes&#8220; css=&#8220;&#8220;][vc_column_text css=&#8220;&#8220; el_class=&#8220;list&#8220;]<\/p>\n<ul>\n<li><strong>Neue und general\u00fcberholte Module sind sofort lieferbar.<\/strong><\/li>\n<li><strong>Getestet und vollst\u00e4ndig funktionsf\u00e4hig gepr\u00fcft<\/strong><\/li>\n<li><strong>Lebenslange Garantie auf general\u00fcberholte<\/strong><\/li>\n<li><strong>Schnelle Lieferung und pers\u00f6nliche Beratung<\/strong><\/li>\n<\/ul>\n<p>[\/vc_column_text][\/vc_column][\/vc_row][vc_row equal_height=&#8220;yes&#8220; el_class=&#8220;kwaliteit pb-90 pt-120&#8243;][vc_column width=&#8220;5\/12&#8243;][vc_custom_heading text=&#8220;H\u00e4ufig verwendete Dell-Erweiterungen&#8220; font_container=&#8220;tag:div|text_align:left&#8220; use_theme_fonts=&#8220;yes&#8220; css=&#8220;&#8220; el_class=&#8220;subtitle&#8220;][vc_custom_heading text=&#8220;Beliebte Module f\u00fcr Switches und Server&#8220; use_theme_fonts=&#8220;yes&#8220; css=&#8220;&#8220;][vc_column_text css=&#8220;&#8220;]Dell und Dell EMC bieten verschiedene Erweiterungsmodule f\u00fcr PowerSwitch-Netzwerke, PowerEdge-Server und PowerVault-Speicherl\u00f6sungen an. Nachfolgend finden Sie h\u00e4ufig nachgefragte Erweiterungsmodule, die wir regelm\u00e4\u00dfig liefern.[\/vc_column_text][vc_tta_accordion title_tag=&#8220;p&#8220; section_title_tag=&#8220;p&#8220; style=&#8220;outline&#8220; shape=&#8220;square&#8220; color=&#8220;black&#8220; c_position=&#8220;right&#8220; active_section=&#8220;100&#8243; collapsible_all=&#8220;true&#8220; el_class=&#8220;faq-list&#8220;][vc_tta_section title=&#8220;Dell N2000\/N3000 Uplink-Module&#8220; tab_id=&#8220;1739950626685-57982fb7-7b0d5507-9270&#8243; el_class=&#8220;faq-first&#8220;][vc_column_text css=&#8220;&#8220;]Bietet zus\u00e4tzliche 10GbE- oder 40GbE-Uplinks f\u00fcr Dell PowerSwitch N-Series-Switches und erh\u00f6ht die Netzwerkkapazit\u00e4t.[\/vc_column_text][\/vc_tta_section][vc_tta_section title=&#8220;Dell EMC SFP+\/QSFP+ Transceiver&#8220; tab_id=&#8220;1739950826636-55c2f176-34655507-9270&#8243; el_class=&#8220;faq-second&#8220;][vc_column_text css=&#8220;&#8220;]Zuverl\u00e4ssige optische Module f\u00fcr Kurz- und Langstreckenverbindungen, geeignet f\u00fcr PowerSwitch- und PowerEdge-Plattformen.[\/vc_column_text][\/vc_tta_section][vc_tta_section title=&#8220;Dell PowerEdge Mezzanine-Adapter&#8220; tab_id=&#8220;1739950825489-c6fadf36-f1965507-9270&#8243; el_class=&#8220;faq-third&#8220;][vc_column_text css=&#8220;&#8220;]Erweitern Sie PowerEdge-Server um Netzwerk- oder Speicherkonnektivit\u00e4t durch zuverl\u00e4ssige Mezzanine-Module.[\/vc_column_text][\/vc_tta_section][vc_tta_section title=&#8220;Dell PowerVault Erweiterungsmodule&#8220; tab_id=&#8220;1739950824730-15fe4dd0-cd925507-9270&#8243; el_class=&#8220;faq-fourth&#8220;][vc_column_text css=&#8220;&#8220;]Erh\u00f6hen Sie die Speicherkapazit\u00e4t und Leistung Ihres PowerVault-Systems mit SAS- oder iSCSI-Modulen.[\/vc_column_text][\/vc_tta_section][vc_tta_section title=&#8220;Dell N1100 Stapelmodule&#8220; tab_id=&#8220;1747834971747-e60e21e7-7c7e5507-9270&#8243; el_class=&#8220;faq-fourth&#8220;][vc_column_text css=&#8220;&#8220;]Erm\u00f6glicht die Kombination mehrerer N1100-Switches zu einem einzigen verwalteten Netzwerkger\u00e4t.[\/vc_column_text][\/vc_tta_section][\/vc_tta_accordion][\/vc_column][vc_column width=&#8220;1\/12&#8243;][\/vc_column][vc_column width=&#8220;6\/12&#8243; el_class=&#8220;mo-1&#8243;][vc_single_image image=&#8220;6530&#8243; img_size=&#8220;full&#8220; css=&#8220;&#8220;][\/vc_column][\/vc_row][vc_row el_class=&#8220;section-bestservice section-bestservice-small section-bestservice-row&#8220;][vc_column width=&#8220;1\/2&#8243; el_class=&#8220;inner&#8220;][vc_custom_heading text=&#8220;Module auf Bestellung&#8220; use_theme_fonts=&#8220;yes&#8220; css=&#8220;&#8220;][vc_column_text css=&#8220;&#8220;]<\/p>\n<p data-start=\"2017\" data-end=\"2203\">Suchen Sie ein bestimmtes Dell-Modul? Dank unseres internationalen Netzwerks k\u00f6nnen wir Ihnen nahezu jedes Modell liefern, oft innerhalb von 24 Stunden. Gerne beraten wir Sie zu Kompatibilit\u00e4t und Alternativen.  <\/p>\n<p>[\/vc_column_text][vc_btn title=&#8220;Kontakt aufnehmen&#8220; css=&#8220;&#8220; link=&#8220;url:https%3A%2F%2Fwww.qualifiednetworks.com%2Fde%2Fangebot-anfordern%2F|title:Kontakt%20aufnehmen|&#8220;][vc_btn title=&#8220;Ruf mich zur\u00fcck&#8220; style=&#8220;outline&#8220; color=&#8220;white&#8220; css=&#8220;&#8220; link=&#8220;url:https%3A%2F%2Fwww.qualifiednetworks.com%2Fde%2Fangebot-anfordern%2F|title:Ruf%20mich%20zur%C3%BCck|&#8220;][\/vc_column][vc_column width=&#8220;1\/2&#8243;][\/vc_column][\/vc_row][\/vc_section][vc_row el_class=&#8220;pt-100 pb-130&#8243;][vc_column width=&#8220;7\/12&#8243; el_class=&#8220;left-content&#8220;][vc_custom_heading text=&#8220;Faq&#8220; font_container=&#8220;tag:div|text_align:left&#8220; use_theme_fonts=&#8220;yes&#8220; el_class=&#8220;subtitle&#8220;][vc_custom_heading text=&#8220;Frage und Antwort&#8220; use_theme_fonts=&#8220;yes&#8220; css=&#8220;&#8220; el_id=&#8220;faq-first&#8220;][vc_tta_accordion title_tag=&#8220;p&#8220; section_title_tag=&#8220;p&#8220; style=&#8220;outline&#8220; shape=&#8220;square&#8220; color=&#8220;black&#8220; c_position=&#8220;right&#8220; active_section=&#8220;100&#8243; collapsible_all=&#8220;true&#8220;][vc_tta_section title=&#8220;F\u00fcr welche Ger\u00e4te liefern Sie Dell-Module?&#8220; tab_id=&#8220;1740059542177-a6d79dfd-70e55507-9270&#8243;][vc_column_text css=&#8220;&#8220;]<\/p>\n<p data-pm-slice=\"1 1 []\">Wir bieten Erweiterungen f\u00fcr Dell PowerSwitch-, PowerEdge- und PowerVault-Ger\u00e4te an.<\/p>\n<p>[\/vc_column_text][\/vc_tta_section][vc_tta_section title=&#8220;Sind wiederaufbereitete Module zuverl\u00e4ssig?&#8220; tab_id=&#8220;1747836109474-65abd71d-182e5507-9270&#8243;][vc_column_text css=&#8220;&#8220;]Ja, alle Module werden vor der Auslieferung gr\u00fcndlich getestet und gepr\u00fcft.[\/vc_column_text][\/vc_tta_section][vc_tta_section title=&#8220;Wie schnell k\u00f6nnen Sie liefern?&#8220; tab_id=&#8220;1747836106778-3a6b61ac-1ef85507-9270&#8243;][vc_column_text css=&#8220;&#8220;]Viele Dell-Module sind ab Lager verf\u00fcgbar. Sie k\u00f6nnen sie oft innerhalb von 24 Stunden erhalten.[\/vc_column_text][\/vc_tta_section][vc_tta_section title=&#8220;Kaufen Sie auch gebrauchte Module?&#8220; tab_id=&#8220;1747836106236-15e39d87-0d775507-9270&#8243;][vc_column_text css=&#8220;&#8220;]Ja, wir kaufen gebrauchte Hardware, f\u00fchren eine zertifizierte Datenl\u00f6schung durch und bieten den h\u00f6chsten Restwert.[\/vc_column_text][\/vc_tta_section][vc_tta_section title=&#8220;Welche Garantie gilt f\u00fcr wiederaufbereitete Module?&#8220; tab_id=&#8220;1747836105323-499530d2-cc505507-9270&#8243;][vc_column_text css=&#8220;&#8220;]Wir bieten eine standardm\u00e4\u00dfige lebenslange Garantie auf alle general\u00fcberholten Modelle.[\/vc_column_text][\/vc_tta_section][\/vc_tta_accordion][vc_btn title=&#8220;Mehr h\u00e4ufig gestellte Fragen&#8220; style=&#8220;outline&#8220; css=&#8220;&#8220; link=&#8220;url:https%3A%2F%2Fwww.qualifiednetworks.com%2Fde%2Ffaq%2F|&#8220; el_class=&#8220;pt-30&#8243;][\/vc_column][vc_column width=&#8220;5\/12&#8243; el_class=&#8220;faq-sidebar&#8220;][vc_custom_heading text=&#8220;Kontakt&#8220; font_container=&#8220;tag:div|text_align:left&#8220; use_theme_fonts=&#8220;yes&#8220; el_class=&#8220;subtitle&#8220;][vc_custom_heading text=&#8220;Andere Frage?&#8220; use_theme_fonts=&#8220;yes&#8220; css=&#8220;.vc_custom_1747836143916{margin-bottom: 5px !important;}&#8220;][vc_column_text css=&#8220;.vc_custom_1747836159058{margin-bottom: 10px !important;}&#8220; el_class=&#8220;sub-title&#8220;]F\u00fcr weitere Informationen kontaktieren Sie uns bitte.[\/vc_column_text][vc_row_inner el_class=&#8220;faq-contact-block&#8220;][vc_column_inner width=&#8220;1\/4&#8243;][vc_single_image image=&#8220;3815&#8243; img_size=&#8220;large&#8220; style=&#8220;vc_box_circle_2&#8243; onclick=&#8220;custom_link&#8220; css=&#8220;&#8220; link=&#8220;\/author\/oskar-paarhuis\/&#8220;][\/vc_column_inner][vc_column_inner width=&#8220;3\/4&#8243;][vc_column_text css=&#8220;&#8220;]<\/p>\n<div class=\"contact-wrapper\">\n<div class=\"contact-info\">\n<h6 class=\"name\"><a href=\"\/author\/oskar-paarhuis\/\">Oskar Paarhuis<\/a><\/h6>\n<p><a href=\"\/author\/oskar-paarhuis\/\"><span class=\"position\">IT-Spezialist<\/span><\/a><\/p>\n<\/div>\n<div class=\"contact-details\"><span class=\"contact-tel\"><a href=\"tel:+31202402350\">+31 (0) 20-2402350<\/a><\/span><span class=\"contact-email\"><br \/>\n<a href=\"mailto:info@qualifiednetworks.com\">info@qualifiednetworks.com<\/a><br \/>\n<\/span><\/div>\n<\/div>\n<p>[\/vc_column_text][\/vc_column_inner][\/vc_row_inner][\/vc_column][\/vc_row]<\/p>\n<\/div>","protected":false},"excerpt":{"rendered":"<p>[vc_section full_width=&#8220;stretch_row&#8220; el_class=&#8220;duurzaamheid section-intro pb-70&#8243; css=&#8220;.vc_custom_1748354937211{background-color: #F7F7FA !important;}&#8220;][vc_row el_class=&#8220;brand-section pt-180&#8243;][vc_column width=&#8220;6\/12&#8243;][vc_custom_heading text=&#8220;Dell Netzwerkger\u00e4te-Erweiterungen&#8220; font_container=&#8220;tag:div|text_align:left&#8220; use_theme_fonts=&#8220;yes&#8220; css=&#8220;&#8220; el_class=&#8220;subtitle&#8220;][vc_custom_heading text=&#8220;Dell-Module&#8220; font_container=&#8220;tag:h1|text_align:left&#8220; use_theme_fonts=&#8220;yes&#8220; css=&#8220;&#8220;][vc_column_text css=&#8220;&#8220;]Dell-Module erm\u00f6glichen die einfache Erweiterung Ihrer Netzwerkausr\u00fcstung um zus\u00e4tzliche Ports, h\u00f6here Geschwindigkeiten oder spezifische Funktionen. Sie eignen sich f\u00fcr Switches, Server und Speichersysteme. Qualified Networks bietet neue und general\u00fcberholte Dell-Module an, die umfassend getestet [&hellip;]<\/p>\n","protected":false},"author":1,"featured_media":0,"parent":7013,"menu_order":0,"comment_status":"closed","ping_status":"closed","template":"","meta":{"footnotes":""},"class_list":["post-7037","page","type-page","status-publish","hentry"],"acf":[],"_links":{"self":[{"href":"https:\/\/www.qualifiednetworks.com\/de\/wp-json\/wp\/v2\/pages\/7037","targetHints":{"allow":["GET"]}}],"collection":[{"href":"https:\/\/www.qualifiednetworks.com\/de\/wp-json\/wp\/v2\/pages"}],"about":[{"href":"https:\/\/www.qualifiednetworks.com\/de\/wp-json\/wp\/v2\/types\/page"}],"author":[{"embeddable":true,"href":"https:\/\/www.qualifiednetworks.com\/de\/wp-json\/wp\/v2\/users\/1"}],"replies":[{"embeddable":true,"href":"https:\/\/www.qualifiednetworks.com\/de\/wp-json\/wp\/v2\/comments?post=7037"}],"version-history":[{"count":3,"href":"https:\/\/www.qualifiednetworks.com\/de\/wp-json\/wp\/v2\/pages\/7037\/revisions"}],"predecessor-version":[{"id":7040,"href":"https:\/\/www.qualifiednetworks.com\/de\/wp-json\/wp\/v2\/pages\/7037\/revisions\/7040"}],"up":[{"embeddable":true,"href":"https:\/\/www.qualifiednetworks.com\/de\/wp-json\/wp\/v2\/pages\/7013"}],"wp:attachment":[{"href":"https:\/\/www.qualifiednetworks.com\/de\/wp-json\/wp\/v2\/media?parent=7037"}],"curies":[{"name":"wp","href":"https:\/\/api.w.org\/{rel}","templated":true}]}}