 {"id":7145,"date":"2025-11-19T21:09:38","date_gmt":"2025-11-19T21:09:38","guid":{"rendered":"https:\/\/www.qualifiednetworks.com\/produkte\/optik\/juniper-optik\/"},"modified":"2025-11-19T21:09:40","modified_gmt":"2025-11-19T21:09:40","slug":"juniper-optik","status":"publish","type":"page","link":"https:\/\/www.qualifiednetworks.com\/de\/produkte\/optik\/juniper-optik\/","title":{"rendered":"Juniper optik"},"content":{"rendered":"<div class=\"wpb-content-wrapper\"><p>[vc_section full_width=&#8220;stretch_row&#8220; el_class=&#8220;duurzaamheid section-intro pb-70&#8243; css=&#8220;.vc_custom_1748354937211{background-color: #F7F7FA !important;}&#8220;][vc_row el_class=&#8220;brand-section pt-180&#8243;][vc_column width=&#8220;6\/12&#8243;][vc_custom_heading text=&#8220;Hochgeschwindigkeits- und zuverl\u00e4ssige Verbindungen&#8220; font_container=&#8220;tag:div|text_align:left&#8220; use_theme_fonts=&#8220;yes&#8220; css=&#8220;&#8220; el_class=&#8220;subtitle&#8220;][vc_custom_heading text=&#8220;Juniper optik&#8220; font_container=&#8220;tag:h1|text_align:left&#8220; use_theme_fonts=&#8220;yes&#8220; css=&#8220;&#8220;][vc_column_text css=&#8220;&#8220;]Juniper-Optiken bieten zuverl\u00e4ssige Glasfaserverbindungen zwischen Netzwerkger\u00e4ten. Sie sind f\u00fcr den Einsatz in Unternehmensumgebungen, bei Serviceprovidern und in Rechenzentren konzipiert. Von 1G bis 100G bietet Juniper ein breites Portfolio an Transceivern, die Leistung und Kompatibilit\u00e4t vereinen. Qualified Networks liefert neue und general\u00fcberholte Juniper-Optiken, die stets gr\u00fcndlich gepr\u00fcft und sofort einsatzbereit sind.[\/vc_column_text][vc_row_inner el_class=&#8220;buttons service-mobile-cta&#8220;][vc_column_inner width=&#8220;1\/2&#8243; css=&#8220;.vc_custom_1740487265499{padding-right: 10px !important;padding-left: 0px !important;}&#8220;][vc_btn title=&#8220;Angebot anfordern&#8220; css=&#8220;&#8220; link=&#8220;url:https%3A%2F%2Fwww.qualifiednetworks.com%2Fde%2Fangebot-anfordern%2F|title:Angebot%20anfordern|&#8220;][\/vc_column_inner][vc_column_inner width=&#8220;1\/2&#8243; css=&#8220;.vc_custom_1740487216177{padding-right: 0px !important;padding-left: 0px !important;}&#8220;][vc_btn title=&#8220;Kontakt aufnehmen&#8220; style=&#8220;outline&#8220; css=&#8220;&#8220; link=&#8220;url:https%3A%2F%2Fwww.qualifiednetworks.com%2Fde%2Fangebot-anfordern%2F|title:Kontakt%20aufnehmen|&#8220;][\/vc_column_inner][\/vc_row_inner][vc_column_text][\/vc_column_text][\/vc_column][vc_column width=&#8220;1\/12&#8243;][\/vc_column][vc_column width=&#8220;5\/12&#8243; el_class=&#8220;form&#8220;][vc_custom_heading text=&#8220;Warum Qualified Networks?&#8220; font_container=&#8220;tag:h2|font_size:25px|text_align:left&#8220; use_theme_fonts=&#8220;yes&#8220; css=&#8220;&#8220;][vc_column_text css=&#8220;&#8220; el_class=&#8220;list&#8220;]<\/p>\n<ul>\n<li><strong>General\u00fcberholte und neue Juniper-Transceiver<\/strong><\/li>\n<li><strong>Lebenslange Garantie auf gebrauchte Module<\/strong><\/li>\n<li><strong>Schnelle Lieferung und individuelle Beratung<\/strong><\/li>\n<\/ul>\n<p>[\/vc_column_text][\/vc_column][\/vc_row][vc_row equal_height=&#8220;yes&#8220; el_class=&#8220;kwaliteit pb-90 pt-120&#8243;][vc_column width=&#8220;5\/12&#8243;][vc_custom_heading text=&#8220;H\u00e4ufig nachgefragte Module&#8220; font_container=&#8220;tag:div|text_align:left&#8220; use_theme_fonts=&#8220;yes&#8220; css=&#8220;&#8220; el_class=&#8220;subtitle&#8220;][vc_custom_heading text=&#8220;Beliebte Juniper-Optiken&#8220; use_theme_fonts=&#8220;yes&#8220; css=&#8220;&#8220;][vc_column_text css=&#8220;&#8220;]Nachfolgend finden Sie eine Auswahl der Juniper-Transceiver, die wir am h\u00e4ufigsten liefern. Sie eignen sich f\u00fcr verschiedene Geschwindigkeiten, Entfernungen und Netzwerkanwendungen.[\/vc_column_text][vc_tta_accordion title_tag=&#8220;p&#8220; section_title_tag=&#8220;p&#8220; style=&#8220;outline&#8220; shape=&#8220;square&#8220; color=&#8220;black&#8220; c_position=&#8220;right&#8220; active_section=&#8220;100&#8243; collapsible_all=&#8220;true&#8220; el_class=&#8220;faq-list&#8220;][vc_tta_section title=&#8220;Juniper EX-SFP-1GE-LX&#8220; tab_id=&#8220;1739950626685-57982fb7-7b0d5507-9270&#8243; el_class=&#8220;faq-first&#8220;][vc_column_text css=&#8220;&#8220;]Gigabit-Transceiver f\u00fcr Singlemode-Glasfaser. Unterst\u00fctzt Verbindungen bis zu 10 Kilometern.[\/vc_column_text][\/vc_tta_section][vc_tta_section title=&#8220;Juniper EX-SFP-10GE-SR&#8220; tab_id=&#8220;1739950826636-55c2f176-34655507-9270&#8243; el_class=&#8220;faq-second&#8220;][vc_column_text css=&#8220;&#8220;]10G-Modul f\u00fcr kurze Distanzen \u00fcber Multimode-Fasern. H\u00e4ufig verwendet in Campusnetzwerken und Rechenzentren.[\/vc_column_text][\/vc_tta_section][vc_tta_section title=&#8220;Juniper QFX-QSFP-40G-SR4&#8243; tab_id=&#8220;1739950825489-c6fadf36-f1965507-9270&#8243; el_class=&#8220;faq-third&#8220;][vc_column_text css=&#8220;&#8220;]40G-Transceiver mit paralleler Multimode-Technologie. Ideal f\u00fcr Hochgeschwindigkeits-Backbone-Verbindungen bis zu 150 Metern.[\/vc_column_text][\/vc_tta_section][vc_tta_section title=&#8220;Juniper JNP-QSFP-100G-LR4&#8243; tab_id=&#8220;1739950824730-15fe4dd0-cd925507-9270&#8243; el_class=&#8220;faq-fourth&#8220;][vc_column_text css=&#8220;&#8220;]100G-Modul f\u00fcr gro\u00dfe Entfernungen. Wird h\u00e4ufig f\u00fcr Verbindungen zwischen Rechenzentren oder gro\u00dfen Standorten verwendet.[\/vc_column_text][\/vc_tta_section][vc_tta_section title=&#8220;Juniper SFPP-10GE-LR&#8220; tab_id=&#8220;1747834971747-e60e21e7-7c7e5507-9270&#8243; el_class=&#8220;faq-fourth&#8220;][vc_column_text css=&#8220;&#8220;]10G-Singlemode-Modul f\u00fcr Verbindungen bis zu 10 Kilometern. Geeignet f\u00fcr diverse Unternehmens- und ISP-Anwendungen.[\/vc_column_text][\/vc_tta_section][\/vc_tta_accordion][\/vc_column][vc_column width=&#8220;1\/12&#8243;][\/vc_column][vc_column width=&#8220;6\/12&#8243; el_class=&#8220;mo-1&#8243;][vc_single_image image=&#8220;6078&#8243; img_size=&#8220;full&#8220; css=&#8220;&#8220;][\/vc_column][\/vc_row][vc_row el_class=&#8220;section-bestservice section-bestservice-small section-bestservice-row&#8220;][vc_column width=&#8220;1\/2&#8243; el_class=&#8220;inner&#8220;][vc_custom_heading text=&#8220;Suchen Sie ein bestimmtes Modell?&#8220; use_theme_fonts=&#8220;yes&#8220; css=&#8220;&#8220;][vc_column_text css=&#8220;&#8220;]<\/p>\n<p data-start=\"2017\" data-end=\"2203\">Suchen Sie einen anderen Juniper-Transceiver? Wir k\u00f6nnen Ihnen nahezu jedes Modell liefern, oft innerhalb eines Werktages. Fordern Sie ein Angebot an oder kontaktieren Sie unser Team.  <\/p>\n<p>[\/vc_column_text][vc_btn title=&#8220;Kontakt aufnehmen&#8220; css=&#8220;&#8220; link=&#8220;url:https%3A%2F%2Fwww.qualifiednetworks.com%2Fde%2Fangebot-anfordern%2F|title:Kontakt%20aufnehmen|&#8220;][vc_btn title=&#8220;Ruf mich zur\u00fcck&#8220; style=&#8220;outline&#8220; color=&#8220;white&#8220; css=&#8220;&#8220; link=&#8220;url:https%3A%2F%2Fwww.qualifiednetworks.com%2Fde%2Fangebot-anfordern%2F|title:Ruf%20mich%20zur%C3%BCck|&#8220;][\/vc_column][vc_column width=&#8220;1\/2&#8243;][\/vc_column][\/vc_row][\/vc_section][vc_row el_class=&#8220;pt-100 pb-130&#8243;][vc_column width=&#8220;7\/12&#8243; el_class=&#8220;left-content&#8220;][vc_custom_heading text=&#8220;Faq&#8220; font_container=&#8220;tag:div|text_align:left&#8220; use_theme_fonts=&#8220;yes&#8220; el_class=&#8220;subtitle&#8220;][vc_custom_heading text=&#8220;Frage und Antwort&#8220; use_theme_fonts=&#8220;yes&#8220; css=&#8220;&#8220; el_id=&#8220;faq-first&#8220;][vc_tta_accordion title_tag=&#8220;p&#8220; section_title_tag=&#8220;p&#8220; style=&#8220;outline&#8220; shape=&#8220;square&#8220; color=&#8220;black&#8220; c_position=&#8220;right&#8220; active_section=&#8220;100&#8243; collapsible_all=&#8220;true&#8220;][vc_tta_section title=&#8220;Sind Juniper-Optiken mit Switches anderer Hersteller kompatibel?&#8220; tab_id=&#8220;1740059542177-a6d79dfd-70e55507-9270&#8243;][vc_column_text css=&#8220;&#8220;]<\/p>\n<p data-pm-slice=\"1 1 []\">Optiken von Juniper sind f\u00fcr Juniper-Ger\u00e4te optimiert. F\u00fcr die Verwendung mit Ger\u00e4ten anderer Hersteller werden h\u00e4ufig universelle Module oder Module von Drittanbietern ben\u00f6tigt. Wir beraten Sie gerne.  <\/p>\n<p>[\/vc_column_text][\/vc_tta_section][vc_tta_section title=&#8220;Worin besteht der Unterschied zwischen SR- und LR-Modulen?&#8220; tab_id=&#8220;1747836109474-65abd71d-182e5507-9270&#8243;][vc_column_text css=&#8220;&#8220;]SR steht f\u00fcr Kurzstrecken\u00fcbertragung und wird mit Multimode-Fasern verwendet. LR ist f\u00fcr Langstreckenanwendungen mit Singlemode-Fasern vorgesehen.[\/vc_column_text][\/vc_tta_section][vc_tta_section title=&#8220;Gibt es eine Garantie auf general\u00fcberholte Juniper-Optiken?&#8220; tab_id=&#8220;1747836106778-3a6b61ac-1ef85507-9270&#8243;][vc_column_text css=&#8220;&#8220;]Ja, auf alle unsere general\u00fcberholten Optiken gew\u00e4hren wir eine lebenslange Garantie.[\/vc_column_text][\/vc_tta_section][vc_tta_section title=&#8220;Wie schnell k\u00f6nnen Sie liefern?&#8220; tab_id=&#8220;1747836106236-15e39d87-0d775507-9270&#8243;][vc_column_text css=&#8220;&#8220;]Wir haben viele g\u00e4ngige Modelle auf Lager. In den meisten F\u00e4llen liefern wir innerhalb eines Werktages.[\/vc_column_text][\/vc_tta_section][vc_tta_section title=&#8220;Kaufen Sie auch gebrauchte Optiken?&#8220; tab_id=&#8220;1747836105323-499530d2-cc505507-9270&#8243;][vc_column_text css=&#8220;&#8220;]Absolut. Wir kaufen gebrauchte Juniper-Transceiver und sorgen f\u00fcr deren sichere Aufbereitung oder Wiederverwendung.[\/vc_column_text][\/vc_tta_section][\/vc_tta_accordion][vc_btn title=&#8220;Mehr h\u00e4ufig gestellte Fragen&#8220; style=&#8220;outline&#8220; css=&#8220;&#8220; link=&#8220;url:https%3A%2F%2Fwww.qualifiednetworks.com%2Fde%2Ffaq%2F|&#8220; el_class=&#8220;pt-30&#8243;][\/vc_column][vc_column width=&#8220;5\/12&#8243; el_class=&#8220;faq-sidebar&#8220;][vc_custom_heading text=&#8220;Kontakt&#8220; font_container=&#8220;tag:div|text_align:left&#8220; use_theme_fonts=&#8220;yes&#8220; el_class=&#8220;subtitle&#8220;][vc_custom_heading text=&#8220;Andere Frage?&#8220; use_theme_fonts=&#8220;yes&#8220; css=&#8220;.vc_custom_1747836143916{margin-bottom: 5px !important;}&#8220;][vc_column_text css=&#8220;.vc_custom_1747836159058{margin-bottom: 10px !important;}&#8220; el_class=&#8220;sub-title&#8220;]F\u00fcr weitere Informationen kontaktieren Sie uns bitte.[\/vc_column_text][vc_row_inner el_class=&#8220;faq-contact-block&#8220;][vc_column_inner width=&#8220;1\/4&#8243;][vc_single_image image=&#8220;3815&#8243; img_size=&#8220;large&#8220; style=&#8220;vc_box_circle_2&#8243; onclick=&#8220;custom_link&#8220; css=&#8220;&#8220; link=&#8220;\/author\/oskar-paarhuis\/&#8220;][\/vc_column_inner][vc_column_inner width=&#8220;3\/4&#8243;][vc_column_text css=&#8220;&#8220;]<\/p>\n<div class=\"contact-wrapper\">\n<div class=\"contact-info\">\n<h6 class=\"name\"><a href=\"\/author\/oskar-paarhuis\/\">Oskar Paarhuis<\/a><\/h6>\n<p><a href=\"\/author\/oskar-paarhuis\/\"><span class=\"position\">IT-Spezialist<\/span><\/a><\/p>\n<\/div>\n<div class=\"contact-details\"><span class=\"contact-tel\"><a href=\"tel:+31202402350\">+31 (0) 20-2402350<\/a><\/span><span class=\"contact-email\"><br \/>\n<a href=\"mailto:info@qualifiednetworks.com\">info@qualifiednetworks.com<\/a><br \/>\n<\/span><\/div>\n<\/div>\n<p>[\/vc_column_text][\/vc_column_inner][\/vc_row_inner][\/vc_column][\/vc_row]<\/p>\n<\/div>","protected":false},"excerpt":{"rendered":"<p>[vc_section full_width=&#8220;stretch_row&#8220; el_class=&#8220;duurzaamheid section-intro pb-70&#8243; css=&#8220;.vc_custom_1748354937211{background-color: #F7F7FA !important;}&#8220;][vc_row el_class=&#8220;brand-section pt-180&#8243;][vc_column width=&#8220;6\/12&#8243;][vc_custom_heading text=&#8220;Hochgeschwindigkeits- und zuverl\u00e4ssige Verbindungen&#8220; font_container=&#8220;tag:div|text_align:left&#8220; use_theme_fonts=&#8220;yes&#8220; css=&#8220;&#8220; el_class=&#8220;subtitle&#8220;][vc_custom_heading text=&#8220;Juniper optik&#8220; font_container=&#8220;tag:h1|text_align:left&#8220; use_theme_fonts=&#8220;yes&#8220; css=&#8220;&#8220;][vc_column_text css=&#8220;&#8220;]Juniper-Optiken bieten zuverl\u00e4ssige Glasfaserverbindungen zwischen Netzwerkger\u00e4ten. Sie sind f\u00fcr den Einsatz in Unternehmensumgebungen, bei Serviceprovidern und in Rechenzentren konzipiert. Von 1G bis 100G bietet Juniper ein breites Portfolio an Transceivern, die [&hellip;]<\/p>\n","protected":false},"author":1,"featured_media":0,"parent":7085,"menu_order":0,"comment_status":"closed","ping_status":"closed","template":"","meta":{"footnotes":""},"class_list":["post-7145","page","type-page","status-publish","hentry"],"acf":[],"_links":{"self":[{"href":"https:\/\/www.qualifiednetworks.com\/de\/wp-json\/wp\/v2\/pages\/7145","targetHints":{"allow":["GET"]}}],"collection":[{"href":"https:\/\/www.qualifiednetworks.com\/de\/wp-json\/wp\/v2\/pages"}],"about":[{"href":"https:\/\/www.qualifiednetworks.com\/de\/wp-json\/wp\/v2\/types\/page"}],"author":[{"embeddable":true,"href":"https:\/\/www.qualifiednetworks.com\/de\/wp-json\/wp\/v2\/users\/1"}],"replies":[{"embeddable":true,"href":"https:\/\/www.qualifiednetworks.com\/de\/wp-json\/wp\/v2\/comments?post=7145"}],"version-history":[{"count":3,"href":"https:\/\/www.qualifiednetworks.com\/de\/wp-json\/wp\/v2\/pages\/7145\/revisions"}],"predecessor-version":[{"id":7148,"href":"https:\/\/www.qualifiednetworks.com\/de\/wp-json\/wp\/v2\/pages\/7145\/revisions\/7148"}],"up":[{"embeddable":true,"href":"https:\/\/www.qualifiednetworks.com\/de\/wp-json\/wp\/v2\/pages\/7085"}],"wp:attachment":[{"href":"https:\/\/www.qualifiednetworks.com\/de\/wp-json\/wp\/v2\/media?parent=7145"}],"curies":[{"name":"wp","href":"https:\/\/api.w.org\/{rel}","templated":true}]}}