 {"id":7157,"date":"2025-11-19T21:27:09","date_gmt":"2025-11-19T21:27:09","guid":{"rendered":"https:\/\/www.qualifiednetworks.com\/produkte\/router\/"},"modified":"2025-11-19T21:27:10","modified_gmt":"2025-11-19T21:27:10","slug":"router","status":"publish","type":"page","link":"https:\/\/www.qualifiednetworks.com\/de\/produkte\/router\/","title":{"rendered":"Router"},"content":{"rendered":"<div class=\"wpb-content-wrapper\"><p>[vc_section full_width=&#8220;stretch_row&#8220; el_class=&#8220;duurzaamheid section-intro category&#8220;][vc_row][vc_column width=&#8220;6\/12&#8243;][vc_column_text css=&#8220;&#8220; el_class=&#8220;pt-50&#8243;]Router sind das Herzst\u00fcck Ihres IT-Netzwerks. Sie gew\u00e4hrleisten sichere Verbindungen, effizienten Datenverkehr und die Kontinuit\u00e4t Ihrer Infrastruktur. Qualified Networks bietet neue und general\u00fcberholte Router f\u00fchrender Marken \u2013 sofort verf\u00fcgbar und mit lebenslanger Garantie auf general\u00fcberholte Modelle.[\/vc_column_text][vc_column_text css=&#8220;&#8220; el_class=&#8220;list&#8220;]<\/p>\n<ul>\n<li>Verbessert die Netzwerkleistung<\/li>\n<li>Sch\u00fctzt vor unerw\u00fcnschtem Zugriff<\/li>\n<li>Reduziert die CO\u2082-Emissionen<\/li>\n<li>Spart Kosten und Rohstoffe<\/li>\n<\/ul>\n<p>[\/vc_column_text][vc_row_inner el_class=&#8220;buttons service-mobile-cta&#8220;][vc_column_inner css=&#8220;.vc_custom_1740487265499{padding-right: 10px !important;padding-left: 0px !important;}&#8220;][vc_btn title=&#8220;Kontakt aufnehmen&#8220; css=&#8220;&#8220; link=&#8220;url:https%3A%2F%2Fwww.qualifiednetworks.com%2Fde%2Fkontakt%2F|title:Kontakt|&#8220;][\/vc_column_inner][\/vc_row_inner][vc_column_text][\/vc_column_text][\/vc_column][vc_column width=&#8220;1\/12&#8243;][\/vc_column][vc_column width=&#8220;5\/12&#8243; el_class=&#8220;form&#8220;][vc_custom_heading text=&#8220;Warum Qualified Networks?&#8220; use_theme_fonts=&#8220;yes&#8220; css=&#8220;&#8220;][vc_column_text css=&#8220;&#8220;]Kreislaufwirtschaft in der IT bedeutet mehr als nur Recycling. Durch die Wiederverwendung, Aufarbeitung und den intelligenten Einsatz von Routern verl\u00e4ngern Sie die Lebensdauer der Hardware und senken die Kosten. Das ist gut f\u00fcr Ihr Unternehmen und die Umwelt.[\/vc_column_text][vc_column_text css=&#8220;&#8220; el_class=&#8220;list&#8220;]<\/p>\n<ul>\n<li><strong>Nachhaltig und umweltfreundlich<\/strong><br \/>\nWeniger Elektroschrott und CO\u2082-Emissionen durch Wiederverwendung.<\/li>\n<li><strong>Kostenbesparend<\/strong><br \/>\nSparen Sie bis zu 70 % Ihrer IT-Kosten.<\/li>\n<li><strong>Sicher und zuverl\u00e4ssig<\/strong><br \/>\nVollst\u00e4ndig gepr\u00fcfte Ger\u00e4te mit Garantie.<\/li>\n<li><strong>Schnelle Lieferung<\/strong><br \/>\nViele Router sind direkt ab Lager verf\u00fcgbar.<\/li>\n<\/ul>\n<p>[\/vc_column_text][\/vc_column][\/vc_row][\/vc_section][vc_row el_class=&#8220;product-menu pt-70&#8243;][vc_column][vc_custom_heading text=&#8220;Marken in unserem Sortiment&#8220; use_theme_fonts=&#8220;yes&#8220; css=&#8220;&#8220;][vc_column_text css=&#8220;&#8220;]Wir f\u00fchren Router aller f\u00fchrenden Marken. Ist Ihr Wunschmodell nicht dabei? Wir helfen Ihnen gerne weiter.[\/vc_column_text][vc_wp_custommenu nav_menu=&#8220;493&#8243;][\/vc_column][\/vc_row][vc_row el_class=&#8220;section-bestservice section-bestservice-small b-to-t in-view&#8220;][vc_column][vc_row_inner el_class=&#8220;inner&#8220;][vc_column_inner width=&#8220;6\/12&#8243;][vc_custom_heading text=&#8220;<em>Router <\/em>auf Anfrage&#8220; use_theme_fonts=&#8220;yes&#8220; css=&#8220;&#8220;][vc_column_text css=&#8220;&#8220;]Ben\u00f6tigen Sie ein bestimmtes Modell, das nicht aufgef\u00fchrt ist? Dank unseres internationalen Netzwerks k\u00f6nnen wir fast jedes Modell liefern, oft innerhalb von 24 Stunden.[\/vc_column_text][vc_btn title=&#8220;Kontakt aufnehmen&#8220; css=&#8220;&#8220; link=&#8220;url:https%3A%2F%2Fwww.qualifiednetworks.com%2Fde%2Fkontakt%2F|title:Kontakt%20aufnehmen|&#8220;][vc_btn title=&#8220;Ruf mich zur\u00fcck&#8220; style=&#8220;outline&#8220; color=&#8220;white&#8220; css=&#8220;&#8220; link=&#8220;url:https%3A%2F%2Fwww.qualifiednetworks.com%2Fde%2Fkontakt%2F|title:Ruf%20mich%20zur%C3%BCck|&#8220;][\/vc_column_inner][vc_column_inner width=&#8220;6\/12&#8243; offset=&#8220;vc_hidden-md vc_hidden-sm vc_hidden-xs&#8220;][\/vc_column_inner][\/vc_row_inner][vc_row_inner el_class=&#8220;bg-image&#8220;][vc_column_inner][\/vc_column_inner][\/vc_row_inner][\/vc_column][\/vc_row][vc_section full_width=&#8220;stretch_row&#8220;][vc_row equal_height=&#8220;yes&#8220; el_class=&#8220;service pb-80 pt-100&#8243;][vc_column width=&#8220;6\/12&#8243; el_class=&#8220;content info&#8220;][vc_custom_heading text=&#8220;renoviert&#8220; font_container=&#8220;tag:div|text_align:left&#8220; use_theme_fonts=&#8220;yes&#8220; css=&#8220;&#8220; el_class=&#8220;subtitle&#8220;][vc_custom_heading text=&#8220;Nachhaltig und erschwinglich&#8220; use_theme_fonts=&#8220;yes&#8220; css=&#8220;&#8220;][vc_column_text css=&#8220;&#8220;]Mit wiederaufbereiteten Routern profitieren Sie von wettbewerbsf\u00e4higen Preisen und einer nachhaltigeren IT-Strategie. Dies verl\u00e4ngert die Lebensdauer Ihrer Ger\u00e4te und vermeidet unn\u00f6tige Produktion.[\/vc_column_text][vc_column_text css=&#8220;&#8220; el_class=&#8220;list&#8220;]<\/p>\n<ul>\n<li>Neue und general\u00fcberholte Router von Top-Marken<\/li>\n<li>Zertifizierte Datenl\u00f6schung bei Inzahlungnahme<\/li>\n<li>Lebenslange Garantie auf general\u00fcberholte Modelle<\/li>\n<li>Ab Lager verf\u00fcgbar<\/li>\n<\/ul>\n<p>[\/vc_column_text][\/vc_column][vc_column width=&#8220;1\/12&#8243;][\/vc_column][vc_column width=&#8220;5\/12&#8243; el_class=&#8220;mo-1&#8243;][vc_single_image image=&#8220;6346&#8243; img_size=&#8220;large&#8220; css=&#8220;&#8220; el_class=&#8220;image-overlay&#8220;][\/vc_column][\/vc_row][vc_row el_class=&#8220;pb-130&#8243;][vc_column width=&#8220;7\/12&#8243; el_class=&#8220;left-content&#8220;][vc_custom_heading text=&#8220;Faq&#8220; font_container=&#8220;tag:div|text_align:left&#8220; use_theme_fonts=&#8220;yes&#8220; el_class=&#8220;subtitle&#8220;][vc_custom_heading text=&#8220;Frage und Antwort&#8220; use_theme_fonts=&#8220;yes&#8220; css=&#8220;&#8220; el_id=&#8220;faq-first&#8220;][vc_tta_accordion title_tag=&#8220;p&#8220; section_title_tag=&#8220;p&#8220; style=&#8220;outline&#8220; shape=&#8220;square&#8220; color=&#8220;black&#8220; c_position=&#8220;right&#8220; active_section=&#8220;100&#8243; collapsible_all=&#8220;true&#8220;][vc_tta_section title=&#8220;Liefern Sie auch neue Router?&#8220; tab_id=&#8220;1740059542177-a6d79dfd-70e5&#8243;][vc_column_text css=&#8220;&#8220;]Ja, neben general\u00fcberholten Modellen bieten wir auch neue Router an. Je nach Verf\u00fcgbarkeit handelt es sich dabei entweder um neue, originalverpackte oder neue, ge\u00f6ffnete Modelle.[\/vc_column_text][\/vc_tta_section][vc_tta_section title=&#8220;Wie schnell k\u00f6nnen Sie Router liefern?&#8220; tab_id=&#8220;1740059542197-b25b9ff3-e8ab&#8220;][vc_column_text css=&#8220;&#8220;]Viele Modelle sind direkt ab Lager verf\u00fcgbar und werden oft innerhalb von 24 Stunden geliefert.[\/vc_column_text][\/vc_tta_section][vc_tta_section title=&#8220;Gibt es eine Garantie auf general\u00fcberholte Router?&#8220; tab_id=&#8220;1740059542221-cf1635f0-c84f&#8220;][vc_column_text css=&#8220;&#8220;]Ja, alle unsere general\u00fcberholten Router haben eine lebenslange Garantie.[\/vc_column_text][\/vc_tta_section][vc_tta_section title=&#8220;Kaufen Sie auch gebrauchte Router?&#8220; tab_id=&#8220;1740059542242-d0c84e05-76e5&#8243;][vc_column_text css=&#8220;&#8220;]Absolut. Wir \u00fcbernehmen alte Hardware, f\u00fchren eine zertifizierte Datenl\u00f6schung durch und bieten den h\u00f6chsten Restwert.[\/vc_column_text][\/vc_tta_section][vc_tta_section title=&#8220;Welche Router-Marken f\u00fchren Sie?&#8220; tab_id=&#8220;1740059542261-bc0021b6-4bc5&#8243;][vc_column_text css=&#8220;&#8220;]Wir bieten Router von Marken wie Cisco, Dell, Fortinet, HP, Juniper und Meraki an. Ist Ihr Modell nicht dabei? Wir helfen Ihnen gerne weiter.[\/vc_column_text][\/vc_tta_section][\/vc_tta_accordion][vc_btn title=&#8220;Mehr h\u00e4ufig gestellte Fragen&#8220; style=&#8220;outline&#8220; css=&#8220;&#8220; link=&#8220;url:https%3A%2F%2Fwww.qualifiednetworks.com%2Fde%2Ffaq%2F|&#8220; el_class=&#8220;pt-30&#8243;][\/vc_column][vc_column width=&#8220;5\/12&#8243; el_class=&#8220;faq-sidebar&#8220;][vc_custom_heading text=&#8220;Kontakt&#8220; font_container=&#8220;tag:div|text_align:left&#8220; use_theme_fonts=&#8220;yes&#8220; el_class=&#8220;subtitle&#8220;][vc_custom_heading text=&#8220;Andere Frage?&#8220; use_theme_fonts=&#8220;yes&#8220; css=&#8220;.vc_custom_1747822179811{margin-bottom: 5px !important;}&#8220;][vc_column_text css=&#8220;.vc_custom_1747822193223{margin-bottom: 10px !important;}&#8220; el_class=&#8220;sub-title&#8220;]F\u00fcr weitere Informationen kontaktieren Sie uns bitte.[\/vc_column_text][vc_row_inner el_class=&#8220;faq-contact-block&#8220;][vc_column_inner width=&#8220;1\/4&#8243;][vc_single_image image=&#8220;3815&#8243; img_size=&#8220;large&#8220; style=&#8220;vc_box_circle_2&#8243; onclick=&#8220;custom_link&#8220; css=&#8220;&#8220; link=&#8220;\/author\/oskar-paarhuis\/&#8220;][\/vc_column_inner][vc_column_inner width=&#8220;3\/4&#8243;][vc_column_text css=&#8220;&#8220;]<\/p>\n<div class=\"contact-wrapper\">\n<div class=\"contact-info\">\n<h6 class=\"name\"><a href=\"\/author\/oskar-paarhuis\/\">Oskar Paarhuis<\/a><\/h6>\n<p><a href=\"\/author\/oskar-paarhuis\/\"><span class=\"position\">IT-Spezialist<\/span><\/a><\/p>\n<\/div>\n<div class=\"contact-details\"><span class=\"contact-tel\"><a href=\"tel:+31202402350\">+31 (0) 20-2402350<\/a><\/span><span class=\"contact-email\"><br \/>\n<a href=\"mailto:info@qualifiednetworks.com\">info@qualifiednetworks.com<\/a><br \/>\n<\/span><\/div>\n<\/div>\n<p>[\/vc_column_text][\/vc_column_inner][\/vc_row_inner][\/vc_column][\/vc_row][\/vc_section]<\/p>\n<\/div>","protected":false},"excerpt":{"rendered":"<p>[vc_section full_width=&#8220;stretch_row&#8220; el_class=&#8220;duurzaamheid section-intro category&#8220;][vc_row][vc_column width=&#8220;6\/12&#8243;][vc_column_text css=&#8220;&#8220; el_class=&#8220;pt-50&#8243;]Router sind das Herzst\u00fcck Ihres IT-Netzwerks. Sie gew\u00e4hrleisten sichere Verbindungen, effizienten Datenverkehr und die Kontinuit\u00e4t Ihrer Infrastruktur. Qualified Networks bietet neue und general\u00fcberholte Router f\u00fchrender Marken \u2013 sofort verf\u00fcgbar und mit lebenslanger Garantie auf general\u00fcberholte Modelle.[\/vc_column_text][vc_column_text css=&#8220;&#8220; el_class=&#8220;list&#8220;] Verbessert die Netzwerkleistung Sch\u00fctzt vor unerw\u00fcnschtem Zugriff Reduziert die CO\u2082-Emissionen [&hellip;]<\/p>\n","protected":false},"author":1,"featured_media":6346,"parent":3273,"menu_order":0,"comment_status":"closed","ping_status":"closed","template":"","meta":{"footnotes":""},"class_list":["post-7157","page","type-page","status-publish","has-post-thumbnail","hentry"],"acf":[],"_links":{"self":[{"href":"https:\/\/www.qualifiednetworks.com\/de\/wp-json\/wp\/v2\/pages\/7157","targetHints":{"allow":["GET"]}}],"collection":[{"href":"https:\/\/www.qualifiednetworks.com\/de\/wp-json\/wp\/v2\/pages"}],"about":[{"href":"https:\/\/www.qualifiednetworks.com\/de\/wp-json\/wp\/v2\/types\/page"}],"author":[{"embeddable":true,"href":"https:\/\/www.qualifiednetworks.com\/de\/wp-json\/wp\/v2\/users\/1"}],"replies":[{"embeddable":true,"href":"https:\/\/www.qualifiednetworks.com\/de\/wp-json\/wp\/v2\/comments?post=7157"}],"version-history":[{"count":3,"href":"https:\/\/www.qualifiednetworks.com\/de\/wp-json\/wp\/v2\/pages\/7157\/revisions"}],"predecessor-version":[{"id":7160,"href":"https:\/\/www.qualifiednetworks.com\/de\/wp-json\/wp\/v2\/pages\/7157\/revisions\/7160"}],"up":[{"embeddable":true,"href":"https:\/\/www.qualifiednetworks.com\/de\/wp-json\/wp\/v2\/pages\/3273"}],"wp:featuredmedia":[{"embeddable":true,"href":"https:\/\/www.qualifiednetworks.com\/de\/wp-json\/wp\/v2\/media\/6346"}],"wp:attachment":[{"href":"https:\/\/www.qualifiednetworks.com\/de\/wp-json\/wp\/v2\/media?parent=7157"}],"curies":[{"name":"wp","href":"https:\/\/api.w.org\/{rel}","templated":true}]}}