 {"id":7169,"date":"2025-11-19T21:52:19","date_gmt":"2025-11-19T21:52:19","guid":{"rendered":"https:\/\/www.qualifiednetworks.com\/produkte\/router\/cisco-router\/"},"modified":"2025-11-19T21:52:21","modified_gmt":"2025-11-19T21:52:21","slug":"cisco-router","status":"publish","type":"page","link":"https:\/\/www.qualifiednetworks.com\/de\/produkte\/router\/cisco-router\/","title":{"rendered":"Cisco-Router"},"content":{"rendered":"<div class=\"wpb-content-wrapper\"><p>[vc_section full_width=&#8220;stretch_row&#8220; el_class=&#8220;duurzaamheid section-intro pb-70&#8243; css=&#8220;.vc_custom_1748354937211{background-color: #F7F7FA !important;}&#8220;][vc_row el_class=&#8220;brand-section pt-180&#8243;][vc_column width=&#8220;6\/12&#8243;][vc_custom_heading text=&#8220;Immer ein stabiles Netzwerk&#8220; font_container=&#8220;tag:div|text_align:left&#8220; use_theme_fonts=&#8220;yes&#8220; css=&#8220;&#8220; el_class=&#8220;subtitle&#8220;][vc_custom_heading text=&#8220;Cisco-Router&#8220; font_container=&#8220;tag:h1|text_align:left&#8220; use_theme_fonts=&#8220;yes&#8220; css=&#8220;&#8220;][vc_column_text css=&#8220;&#8220;]Cisco-Router bilden das R\u00fcckgrat vieler Unternehmensnetzwerke. Sie sind bekannt f\u00fcr ihre Zuverl\u00e4ssigkeit, Leistung und Sicherheit. Ob kleines B\u00fcro, wachsendes Unternehmen oder komplexes Rechenzentrum \u2013 Cisco bietet die passende L\u00f6sung. Bei Qualified Networks finden Sie neue und gebrauchte Cisco-Router, die vollst\u00e4ndig gepr\u00fcft, auf Werkseinstellungen zur\u00fcckgesetzt und mit lebenslanger Garantie ausgestattet sind.[\/vc_column_text][vc_row_inner el_class=&#8220;buttons service-mobile-cta&#8220;][vc_column_inner width=&#8220;1\/2&#8243; css=&#8220;.vc_custom_1740487265499{padding-right: 10px !important;padding-left: 0px !important;}&#8220;][vc_btn title=&#8220;Angebot anfordern&#8220; css=&#8220;&#8220; link=&#8220;url:https%3A%2F%2Fwww.qualifiednetworks.com%2Fde%2Fangebot-anfordern%2F|title:Angebot%20anfordern|&#8220;][\/vc_column_inner][vc_column_inner width=&#8220;1\/2&#8243; css=&#8220;.vc_custom_1740487216177{padding-right: 0px !important;padding-left: 0px !important;}&#8220;][vc_btn title=&#8220;Kontakt aufnehmen&#8220; style=&#8220;outline&#8220; css=&#8220;&#8220; link=&#8220;url:https%3A%2F%2Fwww.qualifiednetworks.com%2Fde%2Fangebot-anfordern%2F|&#8220;][\/vc_column_inner][\/vc_row_inner][vc_column_text][\/vc_column_text][\/vc_column][vc_column width=&#8220;1\/12&#8243;][\/vc_column][vc_column width=&#8220;5\/12&#8243; el_class=&#8220;form&#8220;][vc_custom_heading text=&#8220;Warum Qualified Networks?&#8220; font_container=&#8220;tag:h2|font_size:25px|text_align:left&#8220; use_theme_fonts=&#8220;yes&#8220; css=&#8220;&#8220;][vc_column_text css=&#8220;&#8220; el_class=&#8220;list&#8220;]<\/p>\n<ul>\n<li><strong>Neue und gebrauchte Router ab Lager verf\u00fcgbar<\/strong><\/li>\n<li><strong>Lebenslange Garantie auf alle general\u00fcberholten Modelle<\/strong><\/li>\n<li><strong>Gr\u00fcndlich getestet und sofort einsatzbereit.<\/strong><\/li>\n<li><strong>Fachkundige Beratung und faire Preise<\/strong><\/li>\n<\/ul>\n<p>[\/vc_column_text][\/vc_column][\/vc_row][vc_row equal_height=&#8220;yes&#8220; el_class=&#8220;kwaliteit pb-90 pt-120&#8243;][vc_column width=&#8220;5\/12&#8243;][vc_custom_heading text=&#8220;Beliebte Modelle&#8220; font_container=&#8220;tag:div|text_align:left&#8220; use_theme_fonts=&#8220;yes&#8220; css=&#8220;&#8220; el_class=&#8220;subtitle&#8220;][vc_custom_heading text=&#8220;Beliebte Cisco-Router&#8220; use_theme_fonts=&#8220;yes&#8220; css=&#8220;&#8220;][vc_column_text css=&#8220;&#8220;]Cisco bietet eine breite Palette professioneller Router f\u00fcr verschiedene Netzwerkinfrastrukturen. Nachfolgend finden Sie eine Auswahl beliebter Modelle, die wir h\u00e4ufig auf Lager haben.[\/vc_column_text][vc_tta_accordion title_tag=&#8220;p&#8220; section_title_tag=&#8220;p&#8220; style=&#8220;outline&#8220; shape=&#8220;square&#8220; color=&#8220;black&#8220; c_position=&#8220;right&#8220; active_section=&#8220;100&#8243; collapsible_all=&#8220;true&#8220; el_class=&#8220;faq-list&#8220;][vc_tta_section title=&#8220;Cisco ISR 4331&#8243; tab_id=&#8220;1739950626685-57982fb7-7b0d5507-9270&#8243; el_class=&#8220;faq-first&#8220;][vc_column_text css=&#8220;&#8220;]Ein leistungsstarker Router mit Unterst\u00fctzung f\u00fcr mehrere Netzwerkdienste. H\u00e4ufig in mittelst\u00e4ndischen Unternehmen eingesetzt.[\/vc_column_text][\/vc_tta_section][vc_tta_section title=&#8220;Cisco ISR 4321&#8243; tab_id=&#8220;1739950826636-55c2f176-34655507-9270&#8243; el_class=&#8220;faq-second&#8220;][vc_column_text css=&#8220;&#8220;]Kompaktes Design, das sich ideal f\u00fcr kleine B\u00fcroumgebungen eignet. Bietet zuverl\u00e4ssige Leistung f\u00fcr grundlegenden Netzwerkverkehr.[\/vc_column_text][\/vc_tta_section][vc_tta_section title=&#8220;Cisco ISR 4451X&#8220; tab_id=&#8220;1739950825489-c6fadf36-f1965507-9270&#8243; el_class=&#8220;faq-third&#8220;][vc_column_text css=&#8220;&#8220;]Ideal f\u00fcr gr\u00f6\u00dfere Netzwerke, die Geschwindigkeit, Stabilit\u00e4t und erweiterte Funktionalit\u00e4t erfordern.[\/vc_column_text][\/vc_tta_section][vc_tta_section title=&#8220;Cisco ASR 1001 X&#8220; tab_id=&#8220;1739950824730-15fe4dd0-cd925507-9270&#8243; el_class=&#8220;faq-fourth&#8220;][vc_column_text css=&#8220;&#8220;]Professioneller Router f\u00fcr anspruchsvolle Umgebungen. Wird h\u00e4ufig in Rechenzentren oder als Core-Router eingesetzt.[\/vc_column_text][\/vc_tta_section][vc_tta_section title=&#8220;Cisco C1111 8P&#8220; tab_id=&#8220;1747834971747-e60e21e7-7c7e5507-9270&#8243; el_class=&#8220;faq-fourth&#8220;][vc_column_text css=&#8220;&#8220;]Leichtes und leistungsstarkes Modell mit PoE-Funktionalit\u00e4t. Ideal f\u00fcr Standorte, an denen Netzwerkger\u00e4te vom Router mit Strom versorgt werden m\u00fcssen.[\/vc_column_text][\/vc_tta_section][\/vc_tta_accordion][\/vc_column][vc_column width=&#8220;1\/12&#8243;][\/vc_column][vc_column width=&#8220;6\/12&#8243; el_class=&#8220;mo-1&#8243;][vc_single_image image=&#8220;6346&#8243; img_size=&#8220;full&#8220; css=&#8220;&#8220;][\/vc_column][\/vc_row][vc_row el_class=&#8220;section-bestservice section-bestservice-small section-bestservice-row&#8220;][vc_column width=&#8220;1\/2&#8243; el_class=&#8220;inner&#8220;][vc_custom_heading text=&#8220;Ist Ihr Modell nicht aufgef\u00fchrt?&#8220; use_theme_fonts=&#8220;yes&#8220; css=&#8220;&#8220;][vc_column_text css=&#8220;&#8220;]<\/p>\n<p data-start=\"2017\" data-end=\"2203\">Suchen Sie einen bestimmten Cisco-Router? Lassen Sie es uns wissen. Dank unseres umfangreichen Netzwerks k\u00f6nnen wir Ihnen nahezu jedes Modell liefern, in der Regel innerhalb eines Werktages. Wir helfen Ihnen gerne weiter.   <\/p>\n<p>[\/vc_column_text][vc_btn title=&#8220;Kontakt aufnehmen&#8220; css=&#8220;&#8220; link=&#8220;url:https%3A%2F%2Fwww.qualifiednetworks.com%2Fde%2Fangebot-anfordern%2F|title:Kontakt%20aufnehmen|&#8220;][vc_btn title=&#8220;Ruf mich zur\u00fcck&#8220; style=&#8220;outline&#8220; color=&#8220;white&#8220; css=&#8220;&#8220; link=&#8220;url:https%3A%2F%2Fwww.qualifiednetworks.com%2Fde%2Fangebot-anfordern%2F|title:Ruf%20mich%20zur%C3%BCck|&#8220;][\/vc_column][vc_column width=&#8220;1\/2&#8243;][\/vc_column][\/vc_row][\/vc_section][vc_row el_class=&#8220;pt-100 pb-130&#8243;][vc_column width=&#8220;7\/12&#8243; el_class=&#8220;left-content&#8220;][vc_custom_heading text=&#8220;Faq&#8220; font_container=&#8220;tag:div|text_align:left&#8220; use_theme_fonts=&#8220;yes&#8220; el_class=&#8220;subtitle&#8220;][vc_custom_heading text=&#8220;Frage und Antwort&#8220; use_theme_fonts=&#8220;yes&#8220; css=&#8220;&#8220; el_id=&#8220;faq-first&#8220;][vc_tta_accordion title_tag=&#8220;p&#8220; section_title_tag=&#8220;p&#8220; style=&#8220;outline&#8220; shape=&#8220;square&#8220; color=&#8220;black&#8220; c_position=&#8220;right&#8220; active_section=&#8220;100&#8243; collapsible_all=&#8220;true&#8220;][vc_tta_section title=&#8220;Liefern Sie auch neue Cisco-Router?&#8220; tab_id=&#8220;1740059542177-a6d79dfd-70e55507-9270&#8243;][vc_column_text css=&#8220;&#8220;]<\/p>\n<p data-pm-slice=\"1 1 []\">Ja, neben gebrauchten Routern bieten wir auch neue Modelle an. Kontaktieren Sie uns f\u00fcr die aktuelle Verf\u00fcgbarkeit. <\/p>\n<p>[\/vc_column_text][\/vc_tta_section][vc_tta_section title=&#8220;Welche Cisco-Modelle sind verf\u00fcgbar?&#8220; tab_id=&#8220;1747836109474-65abd71d-182e5507-9270&#8243;][vc_column_text css=&#8220;&#8220;]Wir liefern unter anderem die beliebten Serien ISR und ASR. Weitere Modelle sind auf Anfrage erh\u00e4ltlich.[\/vc_column_text][\/vc_tta_section][vc_tta_section title=&#8220;Gibt es eine Garantie auf general\u00fcberholte Router?&#8220; tab_id=&#8220;1747836106778-3a6b61ac-1ef85507-9270&#8243;][vc_column_text css=&#8220;&#8220;]Alle unsere general\u00fcberholten Cisco-Router werden mit einer lebenslangen Garantie geliefert.[\/vc_column_text][\/vc_tta_section][vc_tta_section title=&#8220;Was macht man mit alten Routern?&#8220; tab_id=&#8220;1747836106236-15e39d87-0d775507-9270&#8243;][vc_column_text css=&#8220;&#8220;]Wir kaufen gebrauchte Cisco-Router und gew\u00e4hrleisten die sichere L\u00f6schung aller Daten. Dies ist vollst\u00e4ndig zertifiziert.[\/vc_column_text][\/vc_tta_section][vc_tta_section title=&#8220;Wie schnell kann eine Bestellung geliefert werden?&#8220; tab_id=&#8220;1747836105323-499530d2-cc505507-9270&#8243;][vc_column_text css=&#8220;&#8220;]Viele Modelle sind auf Lager und k\u00f6nnen innerhalb von 24 Stunden versendet werden.[\/vc_column_text][\/vc_tta_section][\/vc_tta_accordion][vc_btn title=&#8220;Mehr h\u00e4ufig gestellte Fragen&#8220; style=&#8220;outline&#8220; css=&#8220;&#8220; link=&#8220;url:https%3A%2F%2Fwww.qualifiednetworks.com%2Fde%2Ffaq%2F|&#8220; el_class=&#8220;pt-30&#8243;][\/vc_column][vc_column width=&#8220;5\/12&#8243; el_class=&#8220;faq-sidebar&#8220;][vc_custom_heading text=&#8220;Kontakt&#8220; font_container=&#8220;tag:div|text_align:left&#8220; use_theme_fonts=&#8220;yes&#8220; el_class=&#8220;subtitle&#8220;][vc_custom_heading text=&#8220;Andere Frage?&#8220; use_theme_fonts=&#8220;yes&#8220; css=&#8220;.vc_custom_1747836143916{margin-bottom: 5px !important;}&#8220;][vc_column_text css=&#8220;.vc_custom_1747836159058{margin-bottom: 10px !important;}&#8220; el_class=&#8220;sub-title&#8220;]F\u00fcr weitere Informationen kontaktieren Sie uns bitte.[\/vc_column_text][vc_row_inner el_class=&#8220;faq-contact-block&#8220;][vc_column_inner width=&#8220;1\/4&#8243;][vc_single_image image=&#8220;3815&#8243; img_size=&#8220;large&#8220; style=&#8220;vc_box_circle_2&#8243; onclick=&#8220;custom_link&#8220; css=&#8220;&#8220; link=&#8220;\/author\/oskar-paarhuis\/&#8220;][\/vc_column_inner][vc_column_inner width=&#8220;3\/4&#8243;][vc_column_text css=&#8220;&#8220;]<\/p>\n<div class=\"contact-wrapper\">\n<div class=\"contact-info\">\n<h6 class=\"name\"><a href=\"\/author\/oskar-paarhuis\/\">Oskar Paarhuis<\/a><\/h6>\n<p><a href=\"\/author\/oskar-paarhuis\/\"><span class=\"position\">IT-Spezialist<\/span><\/a><\/p>\n<\/div>\n<div class=\"contact-details\"><span class=\"contact-tel\"><a href=\"tel:+31202402350\">+31 (0) 20-2402350<\/a><\/span><span class=\"contact-email\"><br \/>\n<a href=\"mailto:info@qualifiednetworks.com\">info@qualifiednetworks.com<\/a><br \/>\n<\/span><\/div>\n<\/div>\n<p>[\/vc_column_text][\/vc_column_inner][\/vc_row_inner][\/vc_column][\/vc_row]<\/p>\n<\/div>","protected":false},"excerpt":{"rendered":"<p>[vc_section full_width=&#8220;stretch_row&#8220; el_class=&#8220;duurzaamheid section-intro pb-70&#8243; css=&#8220;.vc_custom_1748354937211{background-color: #F7F7FA !important;}&#8220;][vc_row el_class=&#8220;brand-section pt-180&#8243;][vc_column width=&#8220;6\/12&#8243;][vc_custom_heading text=&#8220;Immer ein stabiles Netzwerk&#8220; font_container=&#8220;tag:div|text_align:left&#8220; use_theme_fonts=&#8220;yes&#8220; css=&#8220;&#8220; el_class=&#8220;subtitle&#8220;][vc_custom_heading text=&#8220;Cisco-Router&#8220; font_container=&#8220;tag:h1|text_align:left&#8220; use_theme_fonts=&#8220;yes&#8220; css=&#8220;&#8220;][vc_column_text css=&#8220;&#8220;]Cisco-Router bilden das R\u00fcckgrat vieler Unternehmensnetzwerke. Sie sind bekannt f\u00fcr ihre Zuverl\u00e4ssigkeit, Leistung und Sicherheit. Ob kleines B\u00fcro, wachsendes Unternehmen oder komplexes Rechenzentrum \u2013 Cisco bietet die passende L\u00f6sung. Bei Qualified Networks [&hellip;]<\/p>\n","protected":false},"author":1,"featured_media":0,"parent":7157,"menu_order":0,"comment_status":"closed","ping_status":"closed","template":"","meta":{"footnotes":""},"class_list":["post-7169","page","type-page","status-publish","hentry"],"acf":[],"_links":{"self":[{"href":"https:\/\/www.qualifiednetworks.com\/de\/wp-json\/wp\/v2\/pages\/7169","targetHints":{"allow":["GET"]}}],"collection":[{"href":"https:\/\/www.qualifiednetworks.com\/de\/wp-json\/wp\/v2\/pages"}],"about":[{"href":"https:\/\/www.qualifiednetworks.com\/de\/wp-json\/wp\/v2\/types\/page"}],"author":[{"embeddable":true,"href":"https:\/\/www.qualifiednetworks.com\/de\/wp-json\/wp\/v2\/users\/1"}],"replies":[{"embeddable":true,"href":"https:\/\/www.qualifiednetworks.com\/de\/wp-json\/wp\/v2\/comments?post=7169"}],"version-history":[{"count":3,"href":"https:\/\/www.qualifiednetworks.com\/de\/wp-json\/wp\/v2\/pages\/7169\/revisions"}],"predecessor-version":[{"id":7172,"href":"https:\/\/www.qualifiednetworks.com\/de\/wp-json\/wp\/v2\/pages\/7169\/revisions\/7172"}],"up":[{"embeddable":true,"href":"https:\/\/www.qualifiednetworks.com\/de\/wp-json\/wp\/v2\/pages\/7157"}],"wp:attachment":[{"href":"https:\/\/www.qualifiednetworks.com\/de\/wp-json\/wp\/v2\/media?parent=7169"}],"curies":[{"name":"wp","href":"https:\/\/api.w.org\/{rel}","templated":true}]}}