 {"id":7193,"date":"2025-11-19T22:50:31","date_gmt":"2025-11-19T22:50:31","guid":{"rendered":"https:\/\/www.qualifiednetworks.com\/produkte\/router\/fortinet-router\/"},"modified":"2025-11-19T22:50:33","modified_gmt":"2025-11-19T22:50:33","slug":"fortinet-router","status":"publish","type":"page","link":"https:\/\/www.qualifiednetworks.com\/de\/produkte\/router\/fortinet-router\/","title":{"rendered":"Fortinet-Router"},"content":{"rendered":"<div class=\"wpb-content-wrapper\"><p>[vc_section full_width=&#8220;stretch_row&#8220; el_class=&#8220;duurzaamheid section-intro pb-70&#8243; css=&#8220;.vc_custom_1748354937211{background-color: #F7F7FA !important;}&#8220;][vc_row el_class=&#8220;brand-section pt-180&#8243;][vc_column width=&#8220;6\/12&#8243;][vc_custom_heading text=&#8220;Netzwerksicherheit und Routing in einem&#8220; font_container=&#8220;tag:div|text_align:left&#8220; use_theme_fonts=&#8220;yes&#8220; css=&#8220;&#8220; el_class=&#8220;subtitle&#8220;][vc_custom_heading text=&#8220;Fortinet-Router&#8220; font_container=&#8220;tag:h1|text_align:left&#8220; use_theme_fonts=&#8220;yes&#8220; css=&#8220;&#8220;][vc_column_text css=&#8220;&#8220;]Fortinet-Router vereinen leistungsstarkes Routing mit fortschrittlicher Sicherheitstechnologie. Fortinet-L\u00f6sungen sind besonders beliebt in Umgebungen, in denen der Netzwerkverkehr aktiv \u00fcberwacht und gesch\u00fctzt werden muss. Dank der Integration mit FortiGate-Firewalls bieten sie optimale Kontrolle, Leistung und Schutz. Qualified Networks liefert sowohl neue als auch general\u00fcberholte Fortinet-Router, die vollst\u00e4ndig getestet und sofort einsatzbereit sind.[\/vc_column_text][vc_row_inner el_class=&#8220;buttons service-mobile-cta&#8220;][vc_column_inner width=&#8220;1\/2&#8243; css=&#8220;.vc_custom_1740487265499{padding-right: 10px !important;padding-left: 0px !important;}&#8220;][vc_btn title=&#8220;Angebot anfordern&#8220; css=&#8220;&#8220; link=&#8220;url:https%3A%2F%2Fwww.qualifiednetworks.com%2Fde%2Fangebot-anfordern%2F|title:Angebot%20anfordern|&#8220;][\/vc_column_inner][vc_column_inner width=&#8220;1\/2&#8243; css=&#8220;.vc_custom_1740487216177{padding-right: 0px !important;padding-left: 0px !important;}&#8220;][vc_btn title=&#8220;Kontakt aufnehmen&#8220; style=&#8220;outline&#8220; css=&#8220;&#8220; link=&#8220;url:https%3A%2F%2Fwww.qualifiednetworks.com%2Fde%2Fangebot-anfordern%2F|title:Kontakt%20aufnehmen|&#8220;][\/vc_column_inner][\/vc_row_inner][vc_column_text][\/vc_column_text][\/vc_column][vc_column width=&#8220;1\/12&#8243;][\/vc_column][vc_column width=&#8220;5\/12&#8243; el_class=&#8220;form&#8220;][vc_custom_heading text=&#8220;Warum Qualified Networks?&#8220; font_container=&#8220;tag:h2|font_size:25px|text_align:left&#8220; use_theme_fonts=&#8220;yes&#8220; css=&#8220;&#8220;][vc_column_text css=&#8220;&#8220; el_class=&#8220;list&#8220;]<\/p>\n<ul>\n<li><strong>Lieferung ab Lager<\/strong><\/li>\n<li><strong>Technisch gepr\u00fcft und sofort einsatzbereit<\/strong><\/li>\n<li><strong>Lebenslange Garantie auf gebrauchte Modelle<\/strong><\/li>\n<\/ul>\n<p>[\/vc_column_text][\/vc_column][\/vc_row][vc_row equal_height=&#8220;yes&#8220; el_class=&#8220;kwaliteit pb-90 pt-120&#8243;][vc_column width=&#8220;5\/12&#8243;][vc_custom_heading text=&#8220;H\u00e4ufig ausgew\u00e4hlte Modelle&#8220; font_container=&#8220;tag:div|text_align:left&#8220; use_theme_fonts=&#8220;yes&#8220; css=&#8220;&#8220; el_class=&#8220;subtitle&#8220;][vc_custom_heading text=&#8220;Beliebte Fortinet-Router&#8220; use_theme_fonts=&#8220;yes&#8220; css=&#8220;&#8220;][vc_column_text css=&#8220;&#8220;]Fortinet ist bekannt f\u00fcr seine sicherheitsorientierten Netzwerkprodukte. Nachfolgend finden Sie einige unserer beliebtesten Modelle.[\/vc_column_text][vc_tta_accordion title_tag=&#8220;p&#8220; section_title_tag=&#8220;p&#8220; style=&#8220;outline&#8220; shape=&#8220;square&#8220; color=&#8220;black&#8220; c_position=&#8220;right&#8220; active_section=&#8220;100&#8243; collapsible_all=&#8220;true&#8220; el_class=&#8220;faq-list&#8220;][vc_tta_section title=&#8220;Fortinet FortiGate 60F&#8220; tab_id=&#8220;1739950626685-57982fb7-7b0d5507-9270&#8243; el_class=&#8220;faq-first&#8220;][vc_column_text css=&#8220;&#8220;]Ein kompakter und dennoch leistungsstarker Router mit integrierter Firewall-Funktion. Geeignet f\u00fcr kleine bis mittelgro\u00dfe B\u00fcros.[\/vc_column_text][\/vc_tta_section][vc_tta_section title=&#8220;Fortinet FortiGate 80F&#8220; tab_id=&#8220;1739950826636-55c2f176-34655507-9270&#8243; el_class=&#8220;faq-second&#8220;][vc_column_text css=&#8220;&#8220;]Ein Router mit mehr Ports und h\u00f6herer Rechenleistung. Beliebt in Organisationen mit mehreren Netzwerken oder VLAN-Konfigurationen.[\/vc_column_text][\/vc_tta_section][vc_tta_section title=&#8220;Fortinet FortiGate 100F&#8220; tab_id=&#8220;1739950825489-c6fadf36-f1965507-9270&#8243; el_class=&#8220;faq-third&#8220;][vc_column_text css=&#8220;&#8220;]Eine robuste Netzwerkl\u00f6sung, die Routing mit UTM-Sicherheit kombiniert. Wird h\u00e4ufig als zentraler Router in einem Netzwerk eingesetzt.[\/vc_column_text][\/vc_tta_section][vc_tta_section title=&#8220;Fortinet FortiGate 200F&#8220; tab_id=&#8220;1739950824730-15fe4dd0-cd925507-9270&#8243; el_class=&#8220;faq-fourth&#8220;][vc_column_text css=&#8220;&#8220;]F\u00fcr gr\u00f6\u00dfere Netzwerke, in denen Leistung und Sicherheit Hand in Hand gehen m\u00fcssen. Unterst\u00fctzt umfassende Sicherheitsrichtlinien und -pr\u00fcfungen.[\/vc_column_text][\/vc_tta_section][vc_tta_section title=&#8220;Fortinet FortiGate 300E&#8220; tab_id=&#8220;1747834971747-e60e21e7-7c7e5507-9270&#8243; el_class=&#8220;faq-fourth&#8220;][vc_column_text css=&#8220;&#8220;]Router und Firewall der Enterprise-Klasse in einem Ger\u00e4t. Bietet hohe Geschwindigkeit, Skalierbarkeit und Schutz in Rechenzentren oder Hauptsitzen.[\/vc_column_text][\/vc_tta_section][\/vc_tta_accordion][\/vc_column][vc_column width=&#8220;1\/12&#8243;][\/vc_column][vc_column width=&#8220;6\/12&#8243; el_class=&#8220;mo-1&#8243;][vc_single_image image=&#8220;6465&#8243; img_size=&#8220;full&#8220; css=&#8220;&#8220;][\/vc_column][\/vc_row][vc_row el_class=&#8220;section-bestservice section-bestservice-small section-bestservice-row&#8220;][vc_column width=&#8220;1\/2&#8243; el_class=&#8220;inner&#8220;][vc_custom_heading text=&#8220;Ben\u00f6tigen Sie ein bestimmtes Modell?&#8220; use_theme_fonts=&#8220;yes&#8220; css=&#8220;&#8220;][vc_column_text css=&#8220;&#8220;]<\/p>\n<p data-start=\"1941\" data-end=\"2106\">Suchen Sie ein anderes Fortinet-Modell? Wir k\u00f6nnen es Ihnen wahrscheinlich liefern, auch wenn es nicht auf unserer Website aufgef\u00fchrt ist. Kontaktieren Sie uns, und wir finden es umgehend f\u00fcr Sie.  <\/p>\n<p>[\/vc_column_text][vc_btn title=&#8220;Kontakt aufnehmen&#8220; css=&#8220;&#8220; link=&#8220;url:https%3A%2F%2Fwww.qualifiednetworks.com%2Fde%2Fangebot-anfordern%2F|title:Kontakt%20aufnehmen|&#8220;][vc_btn title=&#8220;Ruf mich zur\u00fcck&#8220; style=&#8220;outline&#8220; color=&#8220;white&#8220; css=&#8220;&#8220; link=&#8220;url:https%3A%2F%2Fwww.qualifiednetworks.com%2Fde%2Fangebot-anfordern%2F|title:Ruf%20mich%20zur%C3%BCck|&#8220;][\/vc_column][vc_column width=&#8220;1\/2&#8243;][\/vc_column][\/vc_row][\/vc_section][vc_row el_class=&#8220;pt-100 pb-130&#8243;][vc_column width=&#8220;7\/12&#8243; el_class=&#8220;left-content&#8220;][vc_custom_heading text=&#8220;Faq&#8220; font_container=&#8220;tag:div|text_align:left&#8220; use_theme_fonts=&#8220;yes&#8220; el_class=&#8220;subtitle&#8220;][vc_custom_heading text=&#8220;Frage und Antwort&#8220; use_theme_fonts=&#8220;yes&#8220; css=&#8220;&#8220; el_id=&#8220;faq-first&#8220;][vc_tta_accordion title_tag=&#8220;p&#8220; section_title_tag=&#8220;p&#8220; style=&#8220;outline&#8220; shape=&#8220;square&#8220; color=&#8220;black&#8220; c_position=&#8220;right&#8220; active_section=&#8220;100&#8243; collapsible_all=&#8220;true&#8220;][vc_tta_section title=&#8220;Welche Fortinet-Modelle bieten Sie an?&#8220; tab_id=&#8220;1740059542177-a6d79dfd-70e55507-9270&#8243;][vc_column_text css=&#8220;&#8220;]<\/p>\n<p data-pm-slice=\"1 1 []\">Wir liefern die FortiGate-Serie, einschlie\u00dflich der Modelle 60F, 100F und 300E. Weitere Modelle sind auf Anfrage erh\u00e4ltlich. <\/p>\n<p>[\/vc_column_text][\/vc_tta_section][vc_tta_section title=&#8220;Wie schnell k\u00f6nnen Sie Fortinet-Router liefern?&#8220; tab_id=&#8220;1747836109474-65abd71d-182e5507-9270&#8243;][vc_column_text css=&#8220;&#8220;]Viele Modelle sind auf Lager. In den meisten F\u00e4llen versenden wir innerhalb eines Werktages.[\/vc_column_text][\/vc_tta_section][vc_tta_section title=&#8220;Sind die Router neu oder general\u00fcberholt?&#8220; tab_id=&#8220;1747836106778-3a6b61ac-1ef85507-9270&#8243;][vc_column_text css=&#8220;&#8220;]Wir bieten beides an. Unsere general\u00fcberholten Modelle wurden technisch gepr\u00fcft und werden mit einer lebenslangen Garantie geliefert.[\/vc_column_text][\/vc_tta_section][vc_tta_section title=&#8220;Gibt es eine Garantie auf gebrauchte Fortinet-Router?&#8220; tab_id=&#8220;1747836106236-15e39d87-0d775507-9270&#8243;][vc_column_text css=&#8220;&#8220;]Ja, alle general\u00fcberholten Fortinet-Router haben eine lebenslange Garantie.[\/vc_column_text][\/vc_tta_section][vc_tta_section title=&#8220;Kaufen Sie auch gebrauchte Fortinet-Ger\u00e4te?&#8220; tab_id=&#8220;1747836105323-499530d2-cc505507-9270&#8243;][vc_column_text css=&#8220;&#8220;]Absolut. Wir nehmen alte Router zur\u00fcck und gew\u00e4hrleisten die sichere Datenl\u00f6schung gem\u00e4\u00df zertifizierten Richtlinien.[\/vc_column_text][\/vc_tta_section][\/vc_tta_accordion][vc_btn title=&#8220;Mehr h\u00e4ufig gestellte Fragen&#8220; style=&#8220;outline&#8220; css=&#8220;&#8220; link=&#8220;url:https%3A%2F%2Fwww.qualifiednetworks.com%2Fde%2Ffaq%2F|&#8220; el_class=&#8220;pt-30&#8243;][\/vc_column][vc_column width=&#8220;5\/12&#8243; el_class=&#8220;faq-sidebar&#8220;][vc_custom_heading text=&#8220;Kontakt&#8220; font_container=&#8220;tag:div|text_align:left&#8220; use_theme_fonts=&#8220;yes&#8220; el_class=&#8220;subtitle&#8220;][vc_custom_heading text=&#8220;Andere Frage?&#8220; use_theme_fonts=&#8220;yes&#8220; css=&#8220;.vc_custom_1747836143916{margin-bottom: 5px !important;}&#8220;][vc_column_text css=&#8220;.vc_custom_1747836159058{margin-bottom: 10px !important;}&#8220; el_class=&#8220;sub-title&#8220;]F\u00fcr weitere Informationen kontaktieren Sie uns bitte.[\/vc_column_text][vc_row_inner el_class=&#8220;faq-contact-block&#8220;][vc_column_inner width=&#8220;1\/4&#8243;][vc_single_image image=&#8220;3815&#8243; img_size=&#8220;large&#8220; style=&#8220;vc_box_circle_2&#8243; onclick=&#8220;custom_link&#8220; css=&#8220;&#8220; link=&#8220;\/author\/oskar-paarhuis\/&#8220;][\/vc_column_inner][vc_column_inner width=&#8220;3\/4&#8243;][vc_column_text css=&#8220;&#8220;]<\/p>\n<div class=\"contact-wrapper\">\n<div class=\"contact-info\">\n<h6 class=\"name\"><a href=\"\/author\/oskar-paarhuis\/\">Oskar Paarhuis<\/a><\/h6>\n<p><a href=\"\/author\/oskar-paarhuis\/\"><span class=\"position\">IT-Spezialist<\/span><\/a><\/p>\n<\/div>\n<div class=\"contact-details\"><span class=\"contact-tel\"><a href=\"tel:+31202402350\">+31 (0) 20-2402350<\/a><\/span><span class=\"contact-email\"><br \/>\n<a href=\"mailto:info@qualifiednetworks.com\">info@qualifiednetworks.com<\/a><br \/>\n<\/span><\/div>\n<\/div>\n<p>[\/vc_column_text][\/vc_column_inner][\/vc_row_inner][\/vc_column][\/vc_row]<\/p>\n<\/div>","protected":false},"excerpt":{"rendered":"<p>[vc_section full_width=&#8220;stretch_row&#8220; el_class=&#8220;duurzaamheid section-intro pb-70&#8243; css=&#8220;.vc_custom_1748354937211{background-color: #F7F7FA !important;}&#8220;][vc_row el_class=&#8220;brand-section pt-180&#8243;][vc_column width=&#8220;6\/12&#8243;][vc_custom_heading text=&#8220;Netzwerksicherheit und Routing in einem&#8220; font_container=&#8220;tag:div|text_align:left&#8220; use_theme_fonts=&#8220;yes&#8220; css=&#8220;&#8220; el_class=&#8220;subtitle&#8220;][vc_custom_heading text=&#8220;Fortinet-Router&#8220; font_container=&#8220;tag:h1|text_align:left&#8220; use_theme_fonts=&#8220;yes&#8220; css=&#8220;&#8220;][vc_column_text css=&#8220;&#8220;]Fortinet-Router vereinen leistungsstarkes Routing mit fortschrittlicher Sicherheitstechnologie. Fortinet-L\u00f6sungen sind besonders beliebt in Umgebungen, in denen der Netzwerkverkehr aktiv \u00fcberwacht und gesch\u00fctzt werden muss. Dank der Integration mit FortiGate-Firewalls bieten sie optimale [&hellip;]<\/p>\n","protected":false},"author":1,"featured_media":0,"parent":7157,"menu_order":0,"comment_status":"closed","ping_status":"closed","template":"","meta":{"footnotes":""},"class_list":["post-7193","page","type-page","status-publish","hentry"],"acf":[],"_links":{"self":[{"href":"https:\/\/www.qualifiednetworks.com\/de\/wp-json\/wp\/v2\/pages\/7193","targetHints":{"allow":["GET"]}}],"collection":[{"href":"https:\/\/www.qualifiednetworks.com\/de\/wp-json\/wp\/v2\/pages"}],"about":[{"href":"https:\/\/www.qualifiednetworks.com\/de\/wp-json\/wp\/v2\/types\/page"}],"author":[{"embeddable":true,"href":"https:\/\/www.qualifiednetworks.com\/de\/wp-json\/wp\/v2\/users\/1"}],"replies":[{"embeddable":true,"href":"https:\/\/www.qualifiednetworks.com\/de\/wp-json\/wp\/v2\/comments?post=7193"}],"version-history":[{"count":3,"href":"https:\/\/www.qualifiednetworks.com\/de\/wp-json\/wp\/v2\/pages\/7193\/revisions"}],"predecessor-version":[{"id":7196,"href":"https:\/\/www.qualifiednetworks.com\/de\/wp-json\/wp\/v2\/pages\/7193\/revisions\/7196"}],"up":[{"embeddable":true,"href":"https:\/\/www.qualifiednetworks.com\/de\/wp-json\/wp\/v2\/pages\/7157"}],"wp:attachment":[{"href":"https:\/\/www.qualifiednetworks.com\/de\/wp-json\/wp\/v2\/media?parent=7193"}],"curies":[{"name":"wp","href":"https:\/\/api.w.org\/{rel}","templated":true}]}}