 {"id":7241,"date":"2025-11-19T23:27:28","date_gmt":"2025-11-19T23:27:28","guid":{"rendered":"https:\/\/www.qualifiednetworks.com\/produkte\/sicherheit\/"},"modified":"2025-11-19T23:27:30","modified_gmt":"2025-11-19T23:27:30","slug":"sicherheit","status":"publish","type":"page","link":"https:\/\/www.qualifiednetworks.com\/de\/produkte\/sicherheit\/","title":{"rendered":"Sicherheit"},"content":{"rendered":"<div class=\"wpb-content-wrapper\"><p>[vc_section full_width=&#8220;stretch_row&#8220; el_class=&#8220;duurzaamheid section-intro category&#8220;][vc_row][vc_column width=&#8220;6\/12&#8243;][vc_column_text css=&#8220;&#8220; el_class=&#8220;pt-50&#8243;]Netzwerksicherheit ist f\u00fcr jedes Unternehmen unerl\u00e4sslich. Mit der richtigen Hardware sch\u00fctzen Sie sich vor Datenverlust, Eindringversuchen und Ausfallzeiten. Qualified Networks bietet neue und general\u00fcberholte Sicherheitsl\u00f6sungen f\u00fchrender Marken wie Fortinet, Cisco, Juniper, Dell und HP. Alle Produkte werden strengen Tests unterzogen, zertifiziert und sofort einsatzbereit geliefert. Auf general\u00fcberholte Modelle gew\u00e4hren wir eine lebenslange Garantie.[\/vc_column_text][vc_column_text css=&#8220;&#8220; el_class=&#8220;list&#8220;]<\/p>\n<ul>\n<li>Firewalls, Gateways und Sicherheitsmodule von A-Marken<\/li>\n<li>Vollst\u00e4ndig getestet und sofort einsatzbereit<\/li>\n<li>Unterst\u00fctzung f\u00fcr verschiedene Netzwerkumgebungen<\/li>\n<li>Lebenslange Garantie auf general\u00fcberholte Modelle<\/li>\n<\/ul>\n<p>[\/vc_column_text][vc_row_inner el_class=&#8220;buttons service-mobile-cta&#8220;][vc_column_inner css=&#8220;.vc_custom_1740487265499{padding-right: 10px !important;padding-left: 0px !important;}&#8220;][vc_btn title=&#8220;Kontakt aufnehmen&#8220; css=&#8220;&#8220; link=&#8220;url:https%3A%2F%2Fwww.qualifiednetworks.com%2Fde%2Fkontakt%2F|title:Kontakt|&#8220;][\/vc_column_inner][\/vc_row_inner][vc_column_text][\/vc_column_text][\/vc_column][vc_column width=&#8220;1\/12&#8243;][\/vc_column][vc_column width=&#8220;5\/12&#8243; el_class=&#8220;form&#8220;][vc_custom_heading text=&#8220;Warum Qualified Networks?&#8220; use_theme_fonts=&#8220;yes&#8220; css=&#8220;&#8220;][vc_column_text css=&#8220;&#8220;]Wir liefern Sicherheitshardware f\u00fchrender Marken und erm\u00f6glichen es Unternehmen, ihre Netzwerke optimal selbst zu sch\u00fctzen. Unser Fokus liegt auf schneller Lieferung, Qualit\u00e4t und Zuverl\u00e4ssigkeit. Dank unseres umfangreichen Lagers k\u00f6nnen wir umgehend reagieren und Sie hinsichtlich Kapazit\u00e4t, Kompatibilit\u00e4t und geeigneter Alternativen beraten.[\/vc_column_text][vc_column_text css=&#8220;&#8220; el_class=&#8220;list&#8220;]<\/p>\n<ul>\n<li><strong>Neue und general\u00fcberholte Sicherheitshardware sofort lieferbar<\/strong><\/li>\n<li><strong>Gr\u00fcndlich auf Zuverl\u00e4ssigkeit und Leistung getestet<\/strong><\/li>\n<li><strong>Hinweise zu Hardwarekapazit\u00e4t und Kompatibilit\u00e4t<\/strong><\/li>\n<li><strong>Schnelle Lieferung und lebenslange Garantie auf general\u00fcberholte Produkte<\/strong><\/li>\n<\/ul>\n<p>[\/vc_column_text][\/vc_column][\/vc_row][\/vc_section][vc_row el_class=&#8220;product-menu pt-70&#8243;][vc_column][vc_custom_heading text=&#8220;Die von uns angebotenen Marken f\u00fcr Sicherheitshardware&#8220; use_theme_fonts=&#8220;yes&#8220; css=&#8220;&#8220;][vc_column_text css=&#8220;&#8220;]Wir f\u00fchren standardm\u00e4\u00dfig alle unten aufgef\u00fchrten Marken. Sollte Ihre gew\u00fcnschte Marke oder Ihr gew\u00fcnschtes Modell nicht aufgef\u00fchrt sein, kontaktieren Sie uns bitte \u2013 wir helfen Ihnen gerne weiter! [\/vc_column_text][vc_wp_custommenu nav_menu=&#8220;499&#8243;][\/vc_column][\/vc_row][vc_row el_class=&#8220;section-bestservice section-bestservice-small b-to-t in-view&#8220;][vc_column][vc_row_inner el_class=&#8220;inner&#8220;][vc_column_inner width=&#8220;6\/12&#8243;][vc_custom_heading text=&#8220;<em>Sicherheitshardware <\/em>auf Bestellung&#8220; use_theme_fonts=&#8220;yes&#8220; css=&#8220;&#8220;][vc_column_text css=&#8220;&#8220;]Suchen Sie ein bestimmtes Modell oder eine ma\u00dfgeschneiderte Sicherheitsl\u00f6sung? Dank unseres internationalen Netzwerks k\u00f6nnen wir praktisch jede Art von Hardware liefern, oft innerhalb von 24 Stunden.[\/vc_column_text][vc_btn title=&#8220;Kontakt aufnehmen&#8220; css=&#8220;&#8220; link=&#8220;url:https%3A%2F%2Fwww.qualifiednetworks.com%2Fde%2Fkontakt%2F|title:Kontakt%20aufnehmen|&#8220;][vc_btn title=&#8220;Ruf mich zur\u00fcck&#8220; style=&#8220;outline&#8220; color=&#8220;white&#8220; css=&#8220;&#8220; link=&#8220;url:https%3A%2F%2Fwww.qualifiednetworks.com%2Fde%2Fkontakt%2F|title:Ruf%20mich%20zur%C3%BCck|&#8220;][\/vc_column_inner][vc_column_inner width=&#8220;6\/12&#8243; offset=&#8220;vc_hidden-md vc_hidden-sm vc_hidden-xs&#8220;][\/vc_column_inner][\/vc_row_inner][\/vc_column][\/vc_row][vc_section full_width=&#8220;stretch_row&#8220;][vc_row equal_height=&#8220;yes&#8220; el_class=&#8220;service pb-80 pt-100&#8243;][vc_column width=&#8220;6\/12&#8243; el_class=&#8220;content info&#8220;][vc_custom_heading text=&#8220;Nachhaltig und wirtschaftlich&#8220; font_container=&#8220;tag:div|text_align:left&#8220; use_theme_fonts=&#8220;yes&#8220; css=&#8220;&#8220; el_class=&#8220;subtitle&#8220;][vc_custom_heading text=&#8220;Unsere Circular<br \/>\nIT-L\u00f6sungen&#8220; use_theme_fonts=&#8220;yes&#8220; css=&#8220;&#8220;][vc_column_text css=&#8220;&#8220;]General\u00fcberholte Sicherheitshardware bietet dieselbe Zuverl\u00e4ssigkeit wie Neuware, jedoch zu geringeren Kosten und mit reduzierter Umweltbelastung. Jedes Ger\u00e4t wird gr\u00fcndlich gepr\u00fcft, gereinigt und f\u00fcr die Wiederverwendung zertifiziert.[\/vc_column_text][vc_column_text css=&#8220;&#8220; el_class=&#8220;list&#8220;]<\/p>\n<ul>\n<li>Neue und general\u00fcberholte Firewalls und Sicherheitsl\u00f6sungen<\/li>\n<li>F\u00fcr die Wiederverwendung gepr\u00fcft und zertifiziert<\/li>\n<li>Lebenslange Garantie auf general\u00fcberholte Produkte<\/li>\n<li>Direkt ab unserem eigenen Lager verf\u00fcgbar<\/li>\n<\/ul>\n<p>[\/vc_column_text][\/vc_column][vc_column width=&#8220;1\/12&#8243;][\/vc_column][vc_column width=&#8220;5\/12&#8243; el_class=&#8220;mo-1&#8243;][vc_single_image image=&#8220;5131&#8243; img_size=&#8220;large&#8220; css=&#8220;&#8220; el_class=&#8220;image-overlay&#8220;][\/vc_column][\/vc_row][vc_row el_class=&#8220;pb-130&#8243;][vc_column width=&#8220;7\/12&#8243; el_class=&#8220;left-content&#8220;][vc_custom_heading text=&#8220;Faq&#8220; font_container=&#8220;tag:div|text_align:left&#8220; use_theme_fonts=&#8220;yes&#8220; el_class=&#8220;subtitle&#8220;][vc_custom_heading text=&#8220;Frage und Antwort&#8220; use_theme_fonts=&#8220;yes&#8220; css=&#8220;&#8220; el_id=&#8220;faq-first&#8220;][vc_tta_accordion title_tag=&#8220;p&#8220; section_title_tag=&#8220;p&#8220; style=&#8220;outline&#8220; shape=&#8220;square&#8220; color=&#8220;black&#8220; c_position=&#8220;right&#8220; active_section=&#8220;100&#8243; collapsible_all=&#8220;true&#8220;][vc_tta_section title=&#8220;Welche Arten von Sicherheitshardware liefern Sie?&#8220; tab_id=&#8220;1740059542177-a6d79dfd-70e5&#8243;][vc_column_text css=&#8220;&#8220;]Wir liefern Firewalls, Sicherheitsgateways, Controller und Sicherheitsmodule von Marken wie Fortinet, Cisco, Juniper, Dell und HP.[\/vc_column_text][\/vc_tta_section][vc_tta_section title=&#8220;Sind general\u00fcberholte Sicherheitsprodukte genauso sicher wie neue?&#8220; tab_id=&#8220;1740059542197-b25b9ff3-e8ab&#8220;][vc_column_text css=&#8220;&#8220;]Ja, jedes Ger\u00e4t wird gr\u00fcndlich getestet und zertifiziert, um die gleiche Leistung und Sicherheit zu gew\u00e4hrleisten.[\/vc_column_text][\/vc_tta_section][vc_tta_section title=&#8220;Kann wiederaufbereitete Hardware in einem aktiven Unternehmensnetzwerk eingesetzt werden?&#8220; tab_id=&#8220;1740059542221-cf1635f0-c84f&#8220;][vc_column_text css=&#8220;&#8220;]Selbstverst\u00e4ndlich k\u00f6nnen alle Produkte direkt in Produktionsumgebungen eingesetzt werden und erf\u00fcllen professionelle Standards.[\/vc_column_text][\/vc_tta_section][vc_tta_section title=&#8220;Bieten Sie auch Beratung zur Markenauswahl an?&#8220; tab_id=&#8220;1740059542242-d0c84e05-76e5&#8243;][vc_column_text css=&#8220;&#8220;]Ja, wir helfen Ihnen bei der Auswahl der passenden Sicherheitsl\u00f6sung, die auf Ihre Netzwerk- und Sicherheitsanforderungen zugeschnitten ist.[\/vc_column_text][\/vc_tta_section][vc_tta_section title=&#8220;Wie schnell k\u00f6nnen Sie liefern?&#8220; tab_id=&#8220;1740059542261-bc0021b6-4bc5&#8243;][vc_column_text css=&#8220;&#8220;]Viele Produkte sind direkt ab Lager verf\u00fcgbar und werden oft innerhalb von 24 Stunden geliefert.[\/vc_column_text][\/vc_tta_section][\/vc_tta_accordion][vc_btn title=&#8220;Mehr h\u00e4ufig gestellte Fragen&#8220; style=&#8220;outline&#8220; css=&#8220;&#8220; link=&#8220;url:https%3A%2F%2Fwww.qualifiednetworks.com%2Fde%2Ffaq%2F|&#8220; el_class=&#8220;pt-30&#8243;][\/vc_column][vc_column width=&#8220;5\/12&#8243; el_class=&#8220;faq-sidebar&#8220;][vc_custom_heading text=&#8220;Kontakt&#8220; font_container=&#8220;tag:div|text_align:left&#8220; use_theme_fonts=&#8220;yes&#8220; el_class=&#8220;subtitle&#8220;][vc_custom_heading text=&#8220;Andere Frage?&#8220; use_theme_fonts=&#8220;yes&#8220; css=&#8220;.vc_custom_1747822179811{margin-bottom: 5px !important;}&#8220;][vc_column_text css=&#8220;.vc_custom_1747822193223{margin-bottom: 10px !important;}&#8220; el_class=&#8220;sub-title&#8220;]F\u00fcr weitere Informationen kontaktieren Sie uns bitte.[\/vc_column_text][vc_row_inner el_class=&#8220;faq-contact-block&#8220;][vc_column_inner width=&#8220;1\/4&#8243;][vc_single_image image=&#8220;3815&#8243; img_size=&#8220;large&#8220; style=&#8220;vc_box_circle_2&#8243; onclick=&#8220;custom_link&#8220; css=&#8220;&#8220; link=&#8220;\/author\/oskar-paarhuis\/&#8220;][\/vc_column_inner][vc_column_inner width=&#8220;3\/4&#8243;][vc_column_text css=&#8220;&#8220;]<\/p>\n<div class=\"contact-wrapper\">\n<div class=\"contact-info\">\n<h6 class=\"name\"><a href=\"\/author\/oskar-paarhuis\/\">Oskar Paarhuis<\/a><\/h6>\n<p><a href=\"\/author\/oskar-paarhuis\/\"><span class=\"position\">IT-Spezialist<\/span><\/a><\/p>\n<\/div>\n<div class=\"contact-details\"><span class=\"contact-tel\"><a href=\"tel:+31202402350\">+31 (0) 20-2402350<\/a><\/span><span class=\"contact-email\"><br \/>\n<a href=\"mailto:info@qualifiednetworks.com\">info@qualifiednetworks.com<\/a><br \/>\n<\/span><\/div>\n<\/div>\n<p>[\/vc_column_text][\/vc_column_inner][\/vc_row_inner][\/vc_column][\/vc_row][\/vc_section]<\/p>\n<\/div>","protected":false},"excerpt":{"rendered":"<p>[vc_section full_width=&#8220;stretch_row&#8220; el_class=&#8220;duurzaamheid section-intro category&#8220;][vc_row][vc_column width=&#8220;6\/12&#8243;][vc_column_text css=&#8220;&#8220; el_class=&#8220;pt-50&#8243;]Netzwerksicherheit ist f\u00fcr jedes Unternehmen unerl\u00e4sslich. Mit der richtigen Hardware sch\u00fctzen Sie sich vor Datenverlust, Eindringversuchen und Ausfallzeiten. Qualified Networks bietet neue und general\u00fcberholte Sicherheitsl\u00f6sungen f\u00fchrender Marken wie Fortinet, Cisco, Juniper, Dell und HP. Alle Produkte werden strengen Tests unterzogen, zertifiziert und sofort einsatzbereit geliefert. Auf general\u00fcberholte Modelle [&hellip;]<\/p>\n","protected":false},"author":1,"featured_media":0,"parent":3273,"menu_order":0,"comment_status":"closed","ping_status":"closed","template":"","meta":{"footnotes":""},"class_list":["post-7241","page","type-page","status-publish","hentry"],"acf":[],"_links":{"self":[{"href":"https:\/\/www.qualifiednetworks.com\/de\/wp-json\/wp\/v2\/pages\/7241","targetHints":{"allow":["GET"]}}],"collection":[{"href":"https:\/\/www.qualifiednetworks.com\/de\/wp-json\/wp\/v2\/pages"}],"about":[{"href":"https:\/\/www.qualifiednetworks.com\/de\/wp-json\/wp\/v2\/types\/page"}],"author":[{"embeddable":true,"href":"https:\/\/www.qualifiednetworks.com\/de\/wp-json\/wp\/v2\/users\/1"}],"replies":[{"embeddable":true,"href":"https:\/\/www.qualifiednetworks.com\/de\/wp-json\/wp\/v2\/comments?post=7241"}],"version-history":[{"count":3,"href":"https:\/\/www.qualifiednetworks.com\/de\/wp-json\/wp\/v2\/pages\/7241\/revisions"}],"predecessor-version":[{"id":7244,"href":"https:\/\/www.qualifiednetworks.com\/de\/wp-json\/wp\/v2\/pages\/7241\/revisions\/7244"}],"up":[{"embeddable":true,"href":"https:\/\/www.qualifiednetworks.com\/de\/wp-json\/wp\/v2\/pages\/3273"}],"wp:attachment":[{"href":"https:\/\/www.qualifiednetworks.com\/de\/wp-json\/wp\/v2\/media?parent=7241"}],"curies":[{"name":"wp","href":"https:\/\/api.w.org\/{rel}","templated":true}]}}