 {"id":7277,"date":"2025-11-20T13:53:43","date_gmt":"2025-11-20T13:53:43","guid":{"rendered":"https:\/\/www.qualifiednetworks.com\/produkte\/sicherheit\/fortinet-sicherheit\/"},"modified":"2025-11-20T13:53:45","modified_gmt":"2025-11-20T13:53:45","slug":"fortinet-sicherheit","status":"publish","type":"page","link":"https:\/\/www.qualifiednetworks.com\/de\/produkte\/sicherheit\/fortinet-sicherheit\/","title":{"rendered":"Fortinet-Sicherheit"},"content":{"rendered":"<div class=\"wpb-content-wrapper\"><p>[vc_section full_width=&#8220;stretch_row&#8220; el_class=&#8220;duurzaamheid section-intro pb-70&#8243; css=&#8220;.vc_custom_1748354937211{background-color: #F7F7FA !important;}&#8220;][vc_row el_class=&#8220;brand-section pt-180&#8243;][vc_column width=&#8220;6\/12&#8243;][vc_custom_heading text=&#8220;Vollst\u00e4ndige Netzwerksicherheit von Fortinet&#8220; font_container=&#8220;tag:div|text_align:left&#8220; use_theme_fonts=&#8220;yes&#8220; css=&#8220;&#8220; el_class=&#8220;subtitle&#8220;][vc_custom_heading text=&#8220;Fortinet Sicherheitsl\u00f6sungen&#8220; font_container=&#8220;tag:h1|text_align:left&#8220; use_theme_fonts=&#8220;yes&#8220; css=&#8220;&#8220;][vc_column_text css=&#8220;&#8220;]Fortinet ist weltweit f\u00fcr seine fortschrittlichen Netzwerksicherheitsl\u00f6sungen bekannt. Mit L\u00f6sungen wie FortiGate-Firewalls, FortiSwitches und FortiAPs vereinen Sie Geschwindigkeit, Zuverl\u00e4ssigkeit und Sicherheit in einer einzigen Infrastruktur. Qualified Networks bietet neue und general\u00fcberholte Fortinet-Sicherheitsprodukte an, die umfassend getestet wurden und sofort einsatzbereit sind.[\/vc_column_text][vc_row_inner el_class=&#8220;buttons service-mobile-cta&#8220;][vc_column_inner width=&#8220;1\/2&#8243; css=&#8220;.vc_custom_1740487265499{padding-right: 10px !important;padding-left: 0px !important;}&#8220;][vc_btn title=&#8220;Angebot anfordern&#8220; css=&#8220;&#8220; link=&#8220;url:https%3A%2F%2Fwww.qualifiednetworks.com%2Fde%2Fangebot-anfordern%2F|title:Angebot%20anfordern|&#8220;][\/vc_column_inner][vc_column_inner width=&#8220;1\/2&#8243; css=&#8220;.vc_custom_1740487216177{padding-right: 0px !important;padding-left: 0px !important;}&#8220;][vc_btn title=&#8220;Kontakt aufnehmen&#8220; style=&#8220;outline&#8220; css=&#8220;&#8220; link=&#8220;url:https%3A%2F%2Fwww.qualifiednetworks.com%2Fde%2Fangebot-anfordern%2F|title:Kontakt%20aufnehmen|&#8220;][\/vc_column_inner][\/vc_row_inner][vc_column_text][\/vc_column_text][\/vc_column][vc_column width=&#8220;1\/12&#8243;][\/vc_column][vc_column width=&#8220;5\/12&#8243; el_class=&#8220;form&#8220;][vc_custom_heading text=&#8220;Warum Qualified Networks?&#8220; font_container=&#8220;tag:h2|font_size:25px|text_align:left&#8220; use_theme_fonts=&#8220;yes&#8220; css=&#8220;&#8220;][vc_column_text css=&#8220;&#8220; el_class=&#8220;list&#8220;]<\/p>\n<ul>\n<li><strong>Neue und general\u00fcberholte Fortinet-Firewalls sind sofort lieferbar.<\/strong><\/li>\n<li><strong>Gr\u00fcndlich getestet und funktionsgepr\u00fcft<\/strong><\/li>\n<li><strong>Beratung zu Implementierungs- und Sicherheitskonfigurationen<\/strong><\/li>\n<li><strong>Schnelle Lieferung und lebenslange Garantie auf general\u00fcberholte Produkte<\/strong><\/li>\n<\/ul>\n<p>[\/vc_column_text][\/vc_column][\/vc_row][vc_row equal_height=&#8220;yes&#8220; el_class=&#8220;kwaliteit pb-90 pt-120&#8243;][vc_column width=&#8220;5\/12&#8243;][vc_custom_heading text=&#8220;H\u00e4ufig verwendete Fortinet-Sicherheitsl\u00f6sungen&#8220; font_container=&#8220;tag:div|text_align:left&#8220; use_theme_fonts=&#8220;yes&#8220; css=&#8220;&#8220; el_class=&#8220;subtitle&#8220;][vc_custom_heading text=&#8220;Beliebte Fortinet-Sicherheitsprodukte&#8220; use_theme_fonts=&#8220;yes&#8220; css=&#8220;&#8220;][vc_column_text css=&#8220;&#8220;]Fortinet bietet eine breite Palette an Sicherheitsl\u00f6sungen f\u00fcr Unternehmen jeder Gr\u00f6\u00dfe. Nachfolgend finden Sie beliebte Produkte, die wir regelm\u00e4\u00dfig versenden.[\/vc_column_text][vc_tta_accordion title_tag=&#8220;p&#8220; section_title_tag=&#8220;p&#8220; style=&#8220;outline&#8220; shape=&#8220;square&#8220; color=&#8220;black&#8220; c_position=&#8220;right&#8220; active_section=&#8220;100&#8243; collapsible_all=&#8220;true&#8220; el_class=&#8220;faq-list&#8220;][vc_tta_section title=&#8220;FortiGate 100F Firewall&#8220; tab_id=&#8220;1739950626685-57982fb7-7b0d5507-9270&#8243; el_class=&#8220;faq-first&#8220;][vc_column_text css=&#8220;&#8220;]Leistungsstarke Firewall mit integriertem Schutz vor Malware und Eindringlingen, geeignet f\u00fcr mittelgro\u00dfe Unternehmensnetzwerke.[\/vc_column_text][\/vc_tta_section][vc_tta_section title=&#8220;FortiGate 200E Firewall&#8220; tab_id=&#8220;1739950826636-55c2f176-34655507-9270&#8243; el_class=&#8220;faq-second&#8220;][vc_column_text css=&#8220;&#8220;]Firewall der n\u00e4chsten Generation mit hohem Durchsatz und fortschrittlichem Bedrohungsschutz f\u00fcr gr\u00f6\u00dfere Netzwerke.[\/vc_column_text][\/vc_tta_section][vc_tta_section title=&#8220;FortiGate 60F Firewall&#8220; tab_id=&#8220;1739950825489-c6fadf36-f1965507-9270&#8243; el_class=&#8220;faq-third&#8220;][vc_column_text css=&#8220;&#8220;]Kompakte Firewall mit hoher Leistung und integrierter SD-WAN-Funktionalit\u00e4t f\u00fcr kleinere B\u00fcros oder Zweigstellen.[\/vc_column_text][\/vc_tta_section][vc_tta_section title=&#8220;FortiManager-Appliance&#8220; tab_id=&#8220;1739950824730-15fe4dd0-cd925507-9270&#8243; el_class=&#8220;faq-fourth&#8220;][vc_column_text css=&#8220;&#8220;]Zentrale Managementplattform f\u00fcr mehrere FortiGate-Firewalls, ideal f\u00fcr Unternehmen mit mehreren Standorten.[\/vc_column_text][\/vc_tta_section][vc_tta_section title=&#8220;FortiAnalyzer&#8220; tab_id=&#8220;1747834971747-e60e21e7-7c7e5507-9270&#8243; el_class=&#8220;faq-fourth&#8220;][vc_column_text css=&#8220;&#8220;]Sicherheitsanalyseplattform f\u00fcr Protokollverwaltung, Berichtswesen und Einblicke in die Netzwerkaktivit\u00e4t.[\/vc_column_text][\/vc_tta_section][\/vc_tta_accordion][\/vc_column][vc_column width=&#8220;1\/12&#8243;][\/vc_column][vc_column width=&#8220;6\/12&#8243; el_class=&#8220;mo-1&#8243;][vc_single_image image=&#8220;6576&#8243; img_size=&#8220;full&#8220; css=&#8220;&#8220;][\/vc_column][\/vc_row][vc_row el_class=&#8220;section-bestservice section-bestservice-small section-bestservice-row&#8220;][vc_column width=&#8220;1\/2&#8243; el_class=&#8220;inner&#8220;][vc_custom_heading text=&#8220;Fortinet-Produkte auf Anfrage&#8220; use_theme_fonts=&#8220;yes&#8220; css=&#8220;&#8220;][vc_column_text css=&#8220;&#8220;]Suchen Sie ein bestimmtes Fortinet-Modell oder m\u00f6chten Sie Ihre vorhandene Hardware ersetzen? Wir k\u00f6nnen Ihnen nahezu jedes Modell liefern, oft innerhalb von 24 Stunden. Kontaktieren Sie uns f\u00fcr eine Beratung zu Kapazit\u00e4t, Leistung und Lizenzierung.[\/vc_column_text][vc_btn title=&#8220;Kontakt aufnehmen&#8220; css=&#8220;&#8220; link=&#8220;url:https%3A%2F%2Fwww.qualifiednetworks.com%2Fde%2Fangebot-anfordern%2F|title:Kontakt%20aufnehmen|&#8220;][vc_btn title=&#8220;Ruf mich zur\u00fcck&#8220; style=&#8220;outline&#8220; color=&#8220;white&#8220; css=&#8220;&#8220; link=&#8220;url:https%3A%2F%2Fwww.qualifiednetworks.com%2Fde%2Fangebot-anfordern%2F|title:Ruf%20mich%20zur%C3%BCck|&#8220;][\/vc_column][vc_column width=&#8220;1\/2&#8243;][\/vc_column][\/vc_row][\/vc_section][vc_row el_class=&#8220;pt-100 pb-130&#8243;][vc_column width=&#8220;7\/12&#8243; el_class=&#8220;left-content&#8220;][vc_custom_heading text=&#8220;Faq&#8220; font_container=&#8220;tag:div|text_align:left&#8220; use_theme_fonts=&#8220;yes&#8220; el_class=&#8220;subtitle&#8220;][vc_custom_heading text=&#8220;Frage und Antwort&#8220; use_theme_fonts=&#8220;yes&#8220; css=&#8220;&#8220; el_id=&#8220;faq-first&#8220;][vc_tta_accordion title_tag=&#8220;p&#8220; section_title_tag=&#8220;p&#8220; style=&#8220;outline&#8220; shape=&#8220;square&#8220; color=&#8220;black&#8220; c_position=&#8220;right&#8220; active_section=&#8220;100&#8243; collapsible_all=&#8220;true&#8220;][vc_tta_section title=&#8220;Was macht die Fortinet-Sicherheit einzigartig?&#8220; tab_id=&#8220;1740059542177-a6d79dfd-70e55507-9270&#8243;][vc_column_text css=&#8220;&#8220;]Fortinet vereint Firewall, Virenschutz, VPN und Intrusion Prevention in einer einzigen, integrierten L\u00f6sung. Dies gew\u00e4hrleistet maximale Sicherheit und einfache Verwaltung.[\/vc_column_text][\/vc_tta_section][vc_tta_section title=&#8220;Sind general\u00fcberholte Fortinet-Firewalls zuverl\u00e4ssig?&#8220; tab_id=&#8220;1747836109474-65abd71d-182e5507-9270&#8243;][vc_column_text css=&#8220;&#8220;]Ja, jedes Ger\u00e4t wird gr\u00fcndlich gepr\u00fcft, zertifiziert und wird mit einer lebenslangen Garantie geliefert.[\/vc_column_text][\/vc_tta_section][vc_tta_section title=&#8220;Bieten Sie auch Beratung bei der Produktauswahl an?&#8220; tab_id=&#8220;1747836106778-3a6b61ac-1ef85507-9270&#8243;][vc_column_text css=&#8220;&#8220;]Ja, wir helfen Ihnen bei der Auswahl der passenden Fortinet-Hardware, basierend auf Kapazit\u00e4t, Leistung und Sicherheitsanforderungen.[\/vc_column_text][\/vc_tta_section][vc_tta_section title=&#8220;Wie schnell k\u00f6nnen Sie liefern?&#8220; tab_id=&#8220;1747836106236-15e39d87-0d775507-9270&#8243;][vc_column_text css=&#8220;&#8220;]Viele Fortinet-Produkte sind direkt ab Lager verf\u00fcgbar und werden oft innerhalb von 24 Stunden geliefert.[\/vc_column_text][\/vc_tta_section][vc_tta_section title=&#8220;Bieten Sie auch Lizenzen an?&#8220; tab_id=&#8220;1747836105323-499530d2-cc505507-9270&#8243;][vc_column_text css=&#8220;&#8220;]Ja, wir k\u00f6nnen Fortinet-Lizenzen liefern oder Sie bei der Verl\u00e4ngerung bestehender Vertr\u00e4ge beraten.[\/vc_column_text][\/vc_tta_section][\/vc_tta_accordion][vc_btn title=&#8220;Mehr h\u00e4ufig gestellte Fragen&#8220; style=&#8220;outline&#8220; css=&#8220;&#8220; link=&#8220;url:https%3A%2F%2Fwww.qualifiednetworks.com%2Fde%2Ffaq%2F|&#8220; el_class=&#8220;pt-30&#8243;][\/vc_column][vc_column width=&#8220;5\/12&#8243; el_class=&#8220;faq-sidebar&#8220;][vc_custom_heading text=&#8220;Kontakt&#8220; font_container=&#8220;tag:div|text_align:left&#8220; use_theme_fonts=&#8220;yes&#8220; el_class=&#8220;subtitle&#8220;][vc_custom_heading text=&#8220;Andere Frage?&#8220; use_theme_fonts=&#8220;yes&#8220; css=&#8220;.vc_custom_1747836143916{margin-bottom: 5px !important;}&#8220;][vc_column_text css=&#8220;.vc_custom_1747836159058{margin-bottom: 10px !important;}&#8220; el_class=&#8220;sub-title&#8220;]F\u00fcr weitere Informationen kontaktieren Sie uns bitte.[\/vc_column_text][vc_row_inner el_class=&#8220;faq-contact-block&#8220;][vc_column_inner width=&#8220;1\/4&#8243;][vc_single_image image=&#8220;3815&#8243; img_size=&#8220;large&#8220; style=&#8220;vc_box_circle_2&#8243; onclick=&#8220;custom_link&#8220; css=&#8220;&#8220; link=&#8220;\/author\/oskar-paarhuis\/&#8220;][\/vc_column_inner][vc_column_inner width=&#8220;3\/4&#8243;][vc_column_text css=&#8220;&#8220;]<\/p>\n<div class=\"contact-wrapper\">\n<div class=\"contact-info\">\n<h6 class=\"name\"><a href=\"\/author\/oskar-paarhuis\/\">Oskar Paarhuis<\/a><\/h6>\n<p><a href=\"\/author\/oskar-paarhuis\/\"><span class=\"position\">IT-Spezialist<\/span><\/a><\/p>\n<\/div>\n<div class=\"contact-details\"><span class=\"contact-tel\"><a href=\"tel:+31202402350\">+31 (0) 20-2402350<\/a><\/span><span class=\"contact-email\"><br \/>\n<a href=\"mailto:info@qualifiednetworks.com\">info@qualifiednetworks.com<\/a><br \/>\n<\/span><\/div>\n<\/div>\n<p>[\/vc_column_text][\/vc_column_inner][\/vc_row_inner][\/vc_column][\/vc_row]<\/p>\n<\/div>","protected":false},"excerpt":{"rendered":"<p>[vc_section full_width=&#8220;stretch_row&#8220; el_class=&#8220;duurzaamheid section-intro pb-70&#8243; css=&#8220;.vc_custom_1748354937211{background-color: #F7F7FA !important;}&#8220;][vc_row el_class=&#8220;brand-section pt-180&#8243;][vc_column width=&#8220;6\/12&#8243;][vc_custom_heading text=&#8220;Vollst\u00e4ndige Netzwerksicherheit von Fortinet&#8220; font_container=&#8220;tag:div|text_align:left&#8220; use_theme_fonts=&#8220;yes&#8220; css=&#8220;&#8220; el_class=&#8220;subtitle&#8220;][vc_custom_heading text=&#8220;Fortinet Sicherheitsl\u00f6sungen&#8220; font_container=&#8220;tag:h1|text_align:left&#8220; use_theme_fonts=&#8220;yes&#8220; css=&#8220;&#8220;][vc_column_text css=&#8220;&#8220;]Fortinet ist weltweit f\u00fcr seine fortschrittlichen Netzwerksicherheitsl\u00f6sungen bekannt. Mit L\u00f6sungen wie FortiGate-Firewalls, FortiSwitches und FortiAPs vereinen Sie Geschwindigkeit, Zuverl\u00e4ssigkeit und Sicherheit in einer einzigen Infrastruktur. Qualified Networks bietet neue und general\u00fcberholte [&hellip;]<\/p>\n","protected":false},"author":1,"featured_media":0,"parent":7241,"menu_order":0,"comment_status":"closed","ping_status":"closed","template":"","meta":{"footnotes":""},"class_list":["post-7277","page","type-page","status-publish","hentry"],"acf":[],"_links":{"self":[{"href":"https:\/\/www.qualifiednetworks.com\/de\/wp-json\/wp\/v2\/pages\/7277","targetHints":{"allow":["GET"]}}],"collection":[{"href":"https:\/\/www.qualifiednetworks.com\/de\/wp-json\/wp\/v2\/pages"}],"about":[{"href":"https:\/\/www.qualifiednetworks.com\/de\/wp-json\/wp\/v2\/types\/page"}],"author":[{"embeddable":true,"href":"https:\/\/www.qualifiednetworks.com\/de\/wp-json\/wp\/v2\/users\/1"}],"replies":[{"embeddable":true,"href":"https:\/\/www.qualifiednetworks.com\/de\/wp-json\/wp\/v2\/comments?post=7277"}],"version-history":[{"count":3,"href":"https:\/\/www.qualifiednetworks.com\/de\/wp-json\/wp\/v2\/pages\/7277\/revisions"}],"predecessor-version":[{"id":7280,"href":"https:\/\/www.qualifiednetworks.com\/de\/wp-json\/wp\/v2\/pages\/7277\/revisions\/7280"}],"up":[{"embeddable":true,"href":"https:\/\/www.qualifiednetworks.com\/de\/wp-json\/wp\/v2\/pages\/7241"}],"wp:attachment":[{"href":"https:\/\/www.qualifiednetworks.com\/de\/wp-json\/wp\/v2\/media?parent=7277"}],"curies":[{"name":"wp","href":"https:\/\/api.w.org\/{rel}","templated":true}]}}