 {"id":7313,"date":"2025-11-20T14:41:32","date_gmt":"2025-11-20T14:41:32","guid":{"rendered":"https:\/\/www.qualifiednetworks.com\/produkte\/server\/"},"modified":"2025-11-20T14:41:34","modified_gmt":"2025-11-20T14:41:34","slug":"server","status":"publish","type":"page","link":"https:\/\/www.qualifiednetworks.com\/de\/produkte\/server\/","title":{"rendered":"Server"},"content":{"rendered":"<div class=\"wpb-content-wrapper\"><p>[vc_section full_width=&#8220;stretch_row&#8220; el_class=&#8220;duurzaamheid section-intro category&#8220;][vc_row][vc_column width=&#8220;6\/12&#8243;][vc_column_text css=&#8220;&#8220; el_class=&#8220;pt-50&#8243;]Ein zuverl\u00e4ssiger Server ist das R\u00fcckgrat jeder IT-Infrastruktur. Ob Sie blitzschnelle Verarbeitungsgeschwindigkeit, stabilen Speicher oder skalierbare Leistung ben\u00f6tigen \u2013 bei Qualified Networks finden Sie leistungsstarke Server h\u00f6chster Qualit\u00e4t, sowohl general\u00fcberholt als auch neu. Wir garantieren schnelle Lieferung, kompetente Beratung und eine lebenslange Garantie auf unsere general\u00fcberholten Modelle.[\/vc_column_text][vc_row_inner el_class=&#8220;buttons service-mobile-cta&#8220;][vc_column_inner css=&#8220;.vc_custom_1740487265499{padding-right: 10px !important;padding-left: 0px !important;}&#8220;][vc_btn title=&#8220;Kontakt aufnehmen&#8220; css=&#8220;&#8220; link=&#8220;url:https%3A%2F%2Fwww.qualifiednetworks.com%2Fde%2Fkontakt%2F|title:Kontakt|&#8220;][\/vc_column_inner][\/vc_row_inner][vc_column_text][\/vc_column_text][\/vc_column][vc_column width=&#8220;1\/12&#8243;][\/vc_column][vc_column width=&#8220;5\/12&#8243; el_class=&#8220;form&#8220;][vc_custom_heading text=&#8220;Warum Qualified Networks?&#8220; use_theme_fonts=&#8220;yes&#8220; css=&#8220;&#8220;][vc_column_text css=&#8220;&#8220; el_class=&#8220;list&#8220;]<\/p>\n<ul>\n<li><strong>Sofort einsetzbar<\/strong><br \/>\nUnsere Server sind gr\u00fcndlich getestet, konfiguriert und sofort einsatzbereit.<\/li>\n<li><strong>Garantierte Qualit\u00e4t<\/strong><br \/>\nJeder general\u00fcberholte Server wird anhand von mehr als 20 Kriterien gepr\u00fcft.<\/li>\n<li><strong>Schnelle Lieferung<\/strong><br \/>\nViele Modelle sind ab Lager verf\u00fcgbar, oft innerhalb von 24 Stunden.<\/li>\n<li><strong>Wettbewerbsf\u00e4hige Preise<\/strong><br \/>\nSparen Sie bis zu 70 % im Vergleich zu neuen Servern. Ohne Qualit\u00e4tseinbu\u00dfen. <\/li>\n<li><strong>Lebenslange Garantie<\/strong><br \/>\nAlle unsere general\u00fcberholten Server werden mit einer standardm\u00e4\u00dfigen lebenslangen Garantie geliefert.<\/li>\n<\/ul>\n<p>[\/vc_column_text][\/vc_column][\/vc_row][\/vc_section][vc_row el_class=&#8220;product-menu pt-70&#8243;][vc_column][vc_custom_heading text=&#8220;Von uns belieferte Marken&#8220; use_theme_fonts=&#8220;yes&#8220; css=&#8220;&#8220;][vc_column_text css=&#8220;&#8220;]Wir f\u00fchren standardm\u00e4\u00dfig alle unten aufgef\u00fchrten Marken. Sollte Ihre gew\u00fcnschte Marke oder Ihr gew\u00fcnschtes Modell nicht aufgef\u00fchrt sein, kontaktieren Sie uns bitte \u2013 wir helfen Ihnen gerne weiter! [\/vc_column_text][vc_wp_custommenu nav_menu=&#8220;492&#8243;][\/vc_column][\/vc_row][vc_row el_class=&#8220;section-bestservice section-bestservice-small b-to-t in-view&#8220;][vc_column][vc_row_inner el_class=&#8220;inner&#8220;][vc_column_inner width=&#8220;6\/12&#8243;][vc_custom_heading text=&#8220;Ben\u00f6tigen Sie einen bestimmten Server?&#8220; use_theme_fonts=&#8220;yes&#8220; css=&#8220;&#8220;][vc_column_text css=&#8220;&#8220;]Sie finden das gew\u00fcnschte Modell nicht auf unserer Website? Wir helfen Ihnen gerne weiter. Dank unseres internationalen Netzwerks k\u00f6nnen wir Ihnen genau das liefern, was Sie suchen \u2013 oft schon am n\u00e4chsten Werktag.[\/vc_column_text][vc_btn title=&#8220;Kontakt aufnehmen&#8220; css=&#8220;&#8220; link=&#8220;url:https%3A%2F%2Fwww.qualifiednetworks.com%2Fde%2Fkontakt%2F|title:Kontakt%20aufnehmen|&#8220;][vc_btn title=&#8220;Ruf mich zur\u00fcck&#8220; style=&#8220;outline&#8220; color=&#8220;white&#8220; css=&#8220;&#8220; link=&#8220;url:https%3A%2F%2Fwww.qualifiednetworks.com%2Fde%2Fkontakt%2F|title:Ruf%20mich%20zur%C3%BCck|&#8220;][\/vc_column_inner][vc_column_inner width=&#8220;6\/12&#8243; offset=&#8220;vc_hidden-md vc_hidden-sm vc_hidden-xs&#8220;][\/vc_column_inner][\/vc_row_inner][vc_row_inner el_class=&#8220;bg-image&#8220;][vc_column_inner][\/vc_column_inner][\/vc_row_inner][\/vc_column][\/vc_row][vc_section full_width=&#8220;stretch_row&#8220;][vc_row equal_height=&#8220;yes&#8220; el_class=&#8220;service pb-80 pt-100&#8243;][vc_column width=&#8220;6\/12&#8243; el_class=&#8220;content info&#8220;][vc_custom_heading text=&#8220;kreisf\u00f6rmig&#8220; font_container=&#8220;tag:div|text_align:left&#8220; use_theme_fonts=&#8220;yes&#8220; css=&#8220;&#8220; el_class=&#8220;subtitle&#8220;][vc_custom_heading text=&#8220;Nachhaltige Wahl&#8220; use_theme_fonts=&#8220;yes&#8220; css=&#8220;&#8220;][vc_column_text css=&#8220;&#8220;]Wir glauben an eine effiziente und verantwortungsvolle IT-Infrastruktur. Deshalb liefern wir general\u00fcberholte Server, die:[\/vc_column_text][vc_column_text css=&#8220;&#8220; el_class=&#8220;list&#8220;]<\/p>\n<ul>\n<li>wurden vollst\u00e4ndig auf die Werkseinstellungen zur\u00fcckgesetzt<\/li>\n<li>werden bei Inzahlungnahme mit zertifizierter Datenl\u00f6schung geliefert<\/li>\n<li>wurden umfassend auf Leistung und Zuverl\u00e4ssigkeit getestet.<\/li>\n<li>tragen zu weniger Elektroschrott und CO\u2082-Emissionen bei<\/li>\n<\/ul>\n<p>[\/vc_column_text][\/vc_column][vc_column width=&#8220;1\/12&#8243;][\/vc_column][vc_column width=&#8220;5\/12&#8243; el_class=&#8220;mo-1&#8243;][vc_single_image image=&#8220;5131&#8243; img_size=&#8220;large&#8220; css=&#8220;&#8220; el_class=&#8220;image-overlay&#8220;][\/vc_column][\/vc_row][vc_row el_class=&#8220;pb-130&#8243;][vc_column width=&#8220;7\/12&#8243; el_class=&#8220;left-content&#8220;][vc_custom_heading text=&#8220;Faq&#8220; font_container=&#8220;tag:div|text_align:left&#8220; use_theme_fonts=&#8220;yes&#8220; el_class=&#8220;subtitle&#8220;][vc_custom_heading text=&#8220;Frage und Antwort&#8220; use_theme_fonts=&#8220;yes&#8220; css=&#8220;&#8220; el_id=&#8220;faq-first&#8220;][vc_tta_accordion title_tag=&#8220;p&#8220; section_title_tag=&#8220;p&#8220; style=&#8220;outline&#8220; shape=&#8220;square&#8220; color=&#8220;black&#8220; c_position=&#8220;right&#8220; active_section=&#8220;100&#8243; collapsible_all=&#8220;true&#8220;][vc_tta_section title=&#8220;Liefern Sie auch neue Server?&#8220; tab_id=&#8220;1740059542177-a6d79dfd-70e5&#8243;][vc_column_text css=&#8220;&#8220;]Ja, neben general\u00fcberholten Servern bieten wir auch neue Server von HP und Dell an.[\/vc_column_text][\/vc_tta_section][vc_tta_section title=&#8220;Wie schnell k\u00f6nnen Sie Server liefern?&#8220; tab_id=&#8220;1740059542197-b25b9ff3-e8ab&#8220;][vc_column_text css=&#8220;&#8220;]Viele Modelle sind ab Lager verf\u00fcgbar, oft innerhalb von 24 Stunden.[\/vc_column_text][\/vc_tta_section][vc_tta_section title=&#8220;Gibt es eine Garantie auf general\u00fcberholte Server?&#8220; tab_id=&#8220;1740059542221-cf1635f0-c84f&#8220;][vc_column_text css=&#8220;&#8220;]Ja, Sie erhalten eine standardm\u00e4\u00dfige lebenslange Garantie auf alle unsere general\u00fcberholten Server.[\/vc_column_text][\/vc_tta_section][vc_tta_section title=&#8220;Kaufen Sie auch gebrauchte Server?&#8220; tab_id=&#8220;1740059542242-d0c84e05-76e5&#8243;][vc_column_text css=&#8220;&#8220;]Absolut. Wir bieten einen guten Restwert und gew\u00e4hrleisten die sichere Datenl\u00f6schung.[\/vc_column_text][\/vc_tta_section][vc_tta_section title=&#8220;Welche Servermarken liefern Sie?&#8220; tab_id=&#8220;1740059542261-bc0021b6-4bc5&#8243;][vc_column_text css=&#8220;&#8220;]Wir liefern unter anderem Server von HP und Dell. Weitere Marken sind auf Anfrage erh\u00e4ltlich.[\/vc_column_text][\/vc_tta_section][\/vc_tta_accordion][vc_btn title=&#8220;Mehr h\u00e4ufig gestellte Fragen&#8220; style=&#8220;outline&#8220; css=&#8220;&#8220; link=&#8220;url:https%3A%2F%2Fwww.qualifiednetworks.com%2Fde%2Ffaq%2F|&#8220; el_class=&#8220;pt-30&#8243;][\/vc_column][vc_column width=&#8220;5\/12&#8243; el_class=&#8220;faq-sidebar&#8220;][vc_custom_heading text=&#8220;Kontakt&#8220; font_container=&#8220;tag:div|text_align:left&#8220; use_theme_fonts=&#8220;yes&#8220; el_class=&#8220;subtitle&#8220;][vc_custom_heading text=&#8220;Andere Frage?&#8220; use_theme_fonts=&#8220;yes&#8220; css=&#8220;.vc_custom_1747822179811{margin-bottom: 5px !important;}&#8220;][vc_column_text css=&#8220;.vc_custom_1747822193223{margin-bottom: 10px !important;}&#8220; el_class=&#8220;sub-title&#8220;]F\u00fcr weitere Informationen kontaktieren Sie uns bitte.[\/vc_column_text][vc_row_inner el_class=&#8220;faq-contact-block&#8220;][vc_column_inner width=&#8220;1\/4&#8243;][vc_single_image image=&#8220;3815&#8243; img_size=&#8220;large&#8220; style=&#8220;vc_box_circle_2&#8243; onclick=&#8220;custom_link&#8220; css=&#8220;&#8220; link=&#8220;\/author\/oskar-paarhuis\/&#8220;][\/vc_column_inner][vc_column_inner width=&#8220;3\/4&#8243;][vc_column_text css=&#8220;&#8220;]<\/p>\n<div class=\"contact-wrapper\">\n<div class=\"contact-info\">\n<h6 class=\"name\"><a href=\"\/author\/oskar-paarhuis\/\">Oskar Paarhuis<\/a><\/h6>\n<p><a href=\"\/author\/oskar-paarhuis\/\"><span class=\"position\">IT-Spezialist<\/span><\/a><\/p>\n<\/div>\n<div class=\"contact-details\"><span class=\"contact-tel\"><a href=\"tel:+31202402350\">+31 (0) 20-2402350<\/a><\/span><span class=\"contact-email\"><br \/>\n<a href=\"mailto:info@qualifiednetworks.com\">info@qualifiednetworks.com<\/a><br \/>\n<\/span><\/div>\n<\/div>\n<p>[\/vc_column_text][\/vc_column_inner][\/vc_row_inner][\/vc_column][\/vc_row][\/vc_section]<\/p>\n<\/div>","protected":false},"excerpt":{"rendered":"<p>[vc_section full_width=&#8220;stretch_row&#8220; el_class=&#8220;duurzaamheid section-intro category&#8220;][vc_row][vc_column width=&#8220;6\/12&#8243;][vc_column_text css=&#8220;&#8220; el_class=&#8220;pt-50&#8243;]Ein zuverl\u00e4ssiger Server ist das R\u00fcckgrat jeder IT-Infrastruktur. Ob Sie blitzschnelle Verarbeitungsgeschwindigkeit, stabilen Speicher oder skalierbare Leistung ben\u00f6tigen \u2013 bei Qualified Networks finden Sie leistungsstarke Server h\u00f6chster Qualit\u00e4t, sowohl general\u00fcberholt als auch neu. Wir garantieren schnelle Lieferung, kompetente Beratung und eine lebenslange Garantie auf unsere general\u00fcberholten Modelle.[\/vc_column_text][vc_row_inner el_class=&#8220;buttons [&hellip;]<\/p>\n","protected":false},"author":1,"featured_media":0,"parent":3273,"menu_order":0,"comment_status":"closed","ping_status":"closed","template":"","meta":{"footnotes":""},"class_list":["post-7313","page","type-page","status-publish","hentry"],"acf":[],"_links":{"self":[{"href":"https:\/\/www.qualifiednetworks.com\/de\/wp-json\/wp\/v2\/pages\/7313","targetHints":{"allow":["GET"]}}],"collection":[{"href":"https:\/\/www.qualifiednetworks.com\/de\/wp-json\/wp\/v2\/pages"}],"about":[{"href":"https:\/\/www.qualifiednetworks.com\/de\/wp-json\/wp\/v2\/types\/page"}],"author":[{"embeddable":true,"href":"https:\/\/www.qualifiednetworks.com\/de\/wp-json\/wp\/v2\/users\/1"}],"replies":[{"embeddable":true,"href":"https:\/\/www.qualifiednetworks.com\/de\/wp-json\/wp\/v2\/comments?post=7313"}],"version-history":[{"count":3,"href":"https:\/\/www.qualifiednetworks.com\/de\/wp-json\/wp\/v2\/pages\/7313\/revisions"}],"predecessor-version":[{"id":7316,"href":"https:\/\/www.qualifiednetworks.com\/de\/wp-json\/wp\/v2\/pages\/7313\/revisions\/7316"}],"up":[{"embeddable":true,"href":"https:\/\/www.qualifiednetworks.com\/de\/wp-json\/wp\/v2\/pages\/3273"}],"wp:attachment":[{"href":"https:\/\/www.qualifiednetworks.com\/de\/wp-json\/wp\/v2\/media?parent=7313"}],"curies":[{"name":"wp","href":"https:\/\/api.w.org\/{rel}","templated":true}]}}