 {"id":7325,"date":"2025-11-20T15:07:32","date_gmt":"2025-11-20T15:07:32","guid":{"rendered":"https:\/\/www.qualifiednetworks.com\/produkte\/server\/dell-server\/"},"modified":"2025-11-20T15:07:34","modified_gmt":"2025-11-20T15:07:34","slug":"dell-server","status":"publish","type":"page","link":"https:\/\/www.qualifiednetworks.com\/de\/produkte\/server\/dell-server\/","title":{"rendered":"Dell-Server"},"content":{"rendered":"<div class=\"wpb-content-wrapper\"><p>[vc_section full_width=&#8220;stretch_row&#8220; el_class=&#8220;duurzaamheid section-intro pb-70&#8243; css=&#8220;.vc_custom_1748354937211{background-color: #F7F7FA !important;}&#8220;][vc_row el_class=&#8220;brand-section pt-180&#8243;][vc_column width=&#8220;6\/12&#8243;][vc_custom_heading text=&#8220;Leistungsstarke Server f\u00fcr jede IT-Herausforderung&#8220; font_container=&#8220;tag:div|text_align:left&#8220; use_theme_fonts=&#8220;yes&#8220; css=&#8220;&#8220; el_class=&#8220;subtitle&#8220;][vc_custom_heading text=&#8220;Dell-Server&#8220; font_container=&#8220;tag:h1|text_align:left&#8220; use_theme_fonts=&#8220;yes&#8220; css=&#8220;&#8220;][vc_column_text css=&#8220;&#8220;]Dell PowerEdge-Server sind bekannt f\u00fcr ihre hohe Zuverl\u00e4ssigkeit, Skalierbarkeit und Benutzerfreundlichkeit. Sie werden sowohl in Gro\u00dfunternehmen als auch in kleinen und mittelst\u00e4ndischen Unternehmen (KMU) eingesetzt. Qualified Networks bietet eine gro\u00dfe Auswahl an Dell-Servern \u2013 sowohl neu als auch general\u00fcberholt \u2013 mit schneller Lieferung ab Lager und lebenslanger Garantie auf general\u00fcberholte Modelle.[\/vc_column_text][vc_row_inner el_class=&#8220;buttons service-mobile-cta&#8220;][vc_column_inner width=&#8220;1\/2&#8243; css=&#8220;.vc_custom_1740487265499{padding-right: 10px !important;padding-left: 0px !important;}&#8220;][vc_btn title=&#8220;Angebot anfordern&#8220; css=&#8220;&#8220; link=&#8220;url:https%3A%2F%2Fwww.qualifiednetworks.com%2Fde%2Fangebot-anfordern%2F|title:Angebot%20anfordern|&#8220;][\/vc_column_inner][vc_column_inner width=&#8220;1\/2&#8243; css=&#8220;.vc_custom_1740487216177{padding-right: 0px !important;padding-left: 0px !important;}&#8220;][vc_btn title=&#8220;Kontakt aufnehmen&#8220; style=&#8220;outline&#8220; css=&#8220;&#8220; link=&#8220;url:https%3A%2F%2Fwww.qualifiednetworks.com%2Fde%2Fangebot-anfordern%2F|title:Kontakt%20aufnehmen|&#8220;][\/vc_column_inner][\/vc_row_inner][vc_column_text][\/vc_column_text][\/vc_column][vc_column width=&#8220;1\/12&#8243;][\/vc_column][vc_column width=&#8220;5\/12&#8243; el_class=&#8220;form&#8220;][vc_custom_heading text=&#8220;Warum sollten Sie sich f\u00fcr Server von Qualified Networks entscheiden?&#8220; font_container=&#8220;tag:h2|font_size:25px|text_align:left&#8220; use_theme_fonts=&#8220;yes&#8220; css=&#8220;&#8220;][vc_column_text css=&#8220;&#8220; el_class=&#8220;list&#8220;]<\/p>\n<ul>\n<li data-start=\"1051\" data-end=\"1089\"><strong>General\u00fcberholte und neue Dell-Server<\/strong><\/li>\n<li data-start=\"1051\" data-end=\"1089\"><strong>Lebenslange Garantie auf general\u00fcberholte<\/strong><\/li>\n<li data-start=\"1051\" data-end=\"1089\"><strong>Schnelle Lieferung aus unserem eigenen Lager<\/strong><\/li>\n<li data-start=\"1051\" data-end=\"1089\"><strong>Faire Preise und kompetente Beratung<\/strong><\/li>\n<\/ul>\n<p>[\/vc_column_text][\/vc_column][\/vc_row][vc_row equal_height=&#8220;yes&#8220; el_class=&#8220;kwaliteit pb-90 pt-120&#8243;][vc_column width=&#8220;5\/12&#8243;][vc_custom_heading text=&#8220;H\u00e4ufig verkaufte Server&#8220; font_container=&#8220;tag:div|text_align:left&#8220; use_theme_fonts=&#8220;yes&#8220; css=&#8220;&#8220; el_class=&#8220;subtitle&#8220;][vc_custom_heading text=&#8220;Beliebte Dell-Serie&#8220; use_theme_fonts=&#8220;yes&#8220; css=&#8220;&#8220;][vc_column_text css=&#8220;&#8220;]Dell PowerEdge Server vereinen Leistung, Flexibilit\u00e4t und Stabilit\u00e4t. Nachfolgend finden Sie unsere meistverkauften Modelle, ideal f\u00fcr Virtualisierung, Datenbanken oder rechenintensive Anwendungen.[\/vc_column_text][vc_tta_accordion title_tag=&#8220;p&#8220; section_title_tag=&#8220;p&#8220; style=&#8220;outline&#8220; shape=&#8220;square&#8220; color=&#8220;black&#8220; c_position=&#8220;right&#8220; active_section=&#8220;100&#8243; collapsible_all=&#8220;true&#8220; el_class=&#8220;faq-list&#8220;][vc_tta_section title=&#8220;Dell PowerEdge R1000 Serie&#8220; tab_id=&#8220;1739950626685-57982fb7-7b0d5507-9270&#8243; el_class=&#8220;faq-first&#8220;][vc_column_text css=&#8220;&#8220;]Vielseitige und kompakte 1U-Rackserver f\u00fcr ein breites Anwendungsspektrum, von kleinen und mittelst\u00e4ndischen Unternehmen bis hin zu Gro\u00dfunternehmen.[\/vc_column_text][\/vc_tta_section][vc_tta_section title=&#8220;Dell PowerEdge R2000 Serie&#8220; tab_id=&#8220;1761576583011-d2212c29-1774&#8243; el_class=&#8220;faq-first&#8220;][vc_column_text css=&#8220;&#8220;]2U-Rackserver mit h\u00f6herer Flexibilit\u00e4t f\u00fcr kleine und mittlere Unternehmen. Diese Modelle bieten eine deutlich h\u00f6here Speicher- und Rechenkapazit\u00e4t im Vergleich zu 1U-Systemen.[\/vc_column_text][\/vc_tta_section][vc_tta_section title=&#8220;Dell PowerEdge R6000 Serie&#8220; tab_id=&#8220;1761576508977-e32dd716-412a&#8220; el_class=&#8220;faq-first&#8220;][vc_column_text css=&#8220;&#8220;]Hochdichte Server, die die Platzeffizienz in Rechenzentren maximieren und f\u00fcr anspruchsvollste Hochleistungs-Workloads optimiert sind.[\/vc_column_text][\/vc_tta_section][vc_tta_section title=&#8220;Dell PowerEdge R7000 Serie&#8220; tab_id=&#8220;1761576703476-d71dfead-a4fd&#8220; el_class=&#8220;faq-first&#8220;][vc_column_text css=&#8220;&#8220;]Hochdichte Server, die die Platzeffizienz in Rechenzentren maximieren und f\u00fcr anspruchsvollste Hochleistungs-Workloads optimiert sind.[\/vc_column_text][\/vc_tta_section][vc_tta_section title=&#8220;Dell EMC PowerEdge T1000 Serie&#8220; tab_id=&#8220;1761576702704-79e8f8d9-0ee2&#8243; el_class=&#8220;faq-first&#8220;][vc_column_text css=&#8220;&#8220;]Der perfekte Start f\u00fcr Ihre IT-Infrastruktur: Tower-Server der Einstiegsklasse, speziell entwickelt f\u00fcr kleine Unternehmen und Au\u00dfenstellen.[\/vc_column_text][\/vc_tta_section][vc_tta_section title=&#8220;Dell EMC PowerEdge T2000 Serie&#8220; tab_id=&#8220;1761576755789-e0e460e7-42ba&#8220; el_class=&#8220;faq-first&#8220;][vc_column_text css=&#8220;&#8220;]Mittelklasse-Server mit Blick auf die Zukunft: Diese Tower-Server bieten verbesserte Leistung und Skalierbarkeit und sind ideal f\u00fcr wachsende Unternehmen und Filialen.[\/vc_column_text][\/vc_tta_section][vc_tta_section title=&#8220;Dell EMC PowerEdge T3000 Serie&#8220; tab_id=&#8220;1761576755019-56226257-7699&#8243; el_class=&#8220;faq-first&#8220;][vc_column_text css=&#8220;&#8220;]Hochleistungsf\u00e4hige Tower-Server f\u00fcr kleine und mittlere Unternehmen sowie Gro\u00dfunternehmen, speziell entwickelt f\u00fcr anspruchsvolle Arbeitslasten.[\/vc_column_text][\/vc_tta_section][vc_tta_section title=&#8220;Dell EMC PowerEdge MX-Serie&#8220; tab_id=&#8220;1761576863429-eafe6d5b-c05a&#8220; el_class=&#8220;faq-first&#8220;][vc_column_text css=&#8220;&#8220;]Skalierbare, hochdichte modulare Infrastruktur, die Rechenleistung, Speicher und Netzwerk nahtlos integriert und sich ideal f\u00fcr dynamische Workloads in Rechenzentren eignet.[\/vc_column_text][\/vc_tta_section][vc_tta_section title=&#8220;Dell PowerEdge R740&#8243; tab_id=&#8220;1761576649238-00572887-08b3&#8243; el_class=&#8220;faq-first&#8220;][vc_column_text css=&#8220;&#8220;]Ein leistungsstarker und skalierbarer 2U-Rackserver, geeignet f\u00fcr ein breites Anwendungsspektrum \u2013 von der Virtualisierung bis zur Datenanalyse.[\/vc_column_text][\/vc_tta_section][vc_tta_section title=&#8220;Dell PowerEdge R640&#8243; tab_id=&#8220;1739950826636-55c2f176-34655507-9270&#8243; el_class=&#8220;faq-second&#8220;][vc_column_text css=&#8220;&#8220;]Kompakter 1U-Server mit hervorragender Leistung pro Quadratzentimeter. Ideal f\u00fcr Umgebungen mit begrenztem Platzangebot.[\/vc_column_text][\/vc_tta_section][vc_tta_section title=&#8220;Dell PowerEdge R540&#8243; tab_id=&#8220;1739950825489-c6fadf36-f1965507-9270&#8243; el_class=&#8220;faq-third&#8220;][vc_column_text css=&#8220;&#8220;]Preisg\u00fcnstiger 2U-Server f\u00fcr Standard-Workloads und Speicheranwendungen. Ideal f\u00fcr Unternehmen, die ohne Kompromisse skalieren m\u00f6chten.[\/vc_column_text][\/vc_tta_section][vc_tta_section title=&#8220;Dell PowerEdge R730xd&#8220; tab_id=&#8220;1739950824730-15fe4dd0-cd925507-9270&#8243; el_class=&#8220;faq-fourth&#8220;][vc_column_text css=&#8220;&#8220;]Ein leistungsstarker und erweiterbarer Server mit gro\u00dfz\u00fcgiger Speicherkapazit\u00e4t. Wird h\u00e4ufig in Umgebungen mit umfangreichen Datenbanken oder Virtualisierungsanforderungen eingesetzt.[\/vc_column_text][\/vc_tta_section][vc_tta_section title=&#8220;Dell PowerEdge T640&#8243; tab_id=&#8220;1747834971747-e60e21e7-7c7e5507-9270&#8243; el_class=&#8220;faq-fourth&#8220;][vc_column_text css=&#8220;&#8220;]Ein vielseitiger Tower-Server, der auch als Rack-Server eingesetzt werden kann. Geeignet f\u00fcr anspruchsvolle Workloads im B\u00fcro oder im Homeoffice.[\/vc_column_text][\/vc_tta_section][\/vc_tta_accordion][\/vc_column][vc_column width=&#8220;1\/12&#8243;][\/vc_column][vc_column width=&#8220;6\/12&#8243; el_class=&#8220;mo-1&#8243;][vc_single_image image=&#8220;6078&#8243; img_size=&#8220;full&#8220; css=&#8220;&#8220;][\/vc_column][\/vc_row][vc_row el_class=&#8220;section-bestservice section-bestservice-small section-bestservice-row&#8220;][vc_column width=&#8220;1\/2&#8243; el_class=&#8220;inner&#8220;][vc_custom_heading text=&#8220;Noch keinen Server gefunden?&#8220; use_theme_fonts=&#8220;yes&#8220; css=&#8220;&#8220;][vc_column_text css=&#8220;&#8220;]Sie finden das gew\u00fcnschte Dell-Servermodell nicht auf unserer Website? Kein Problem! Dank unseres umfangreichen Netzwerks k\u00f6nnen wir Ihnen nahezu jedes Modell liefern, oft innerhalb von 24 Stunden. Kontaktieren Sie uns \u2013 wir beraten Sie gerne.[\/vc_column_text][vc_btn title=&#8220;Kontakt aufnehmen&#8220; css=&#8220;&#8220; link=&#8220;url:https%3A%2F%2Fwww.qualifiednetworks.com%2Fde%2Fangebot-anfordern%2F|title:Kontakt%20aufnehmen|&#8220;][vc_btn title=&#8220;Ruf mich zur\u00fcck&#8220; style=&#8220;outline&#8220; color=&#8220;white&#8220; css=&#8220;&#8220; link=&#8220;url:https%3A%2F%2Fwww.qualifiednetworks.com%2Fde%2Fangebot-anfordern%2F|title:Ruf%20mich%20zur%C3%BCck|&#8220;][\/vc_column][vc_column width=&#8220;1\/2&#8243;][\/vc_column][\/vc_row][\/vc_section][vc_row el_class=&#8220;pt-100 pb-130&#8243;][vc_column width=&#8220;7\/12&#8243; el_class=&#8220;left-content&#8220;][vc_custom_heading text=&#8220;Faq&#8220; font_container=&#8220;tag:div|text_align:left&#8220; use_theme_fonts=&#8220;yes&#8220; el_class=&#8220;subtitle&#8220;][vc_custom_heading text=&#8220;Frage und Antwort&#8220; use_theme_fonts=&#8220;yes&#8220; css=&#8220;&#8220; el_id=&#8220;faq-first&#8220;][vc_tta_accordion title_tag=&#8220;p&#8220; section_title_tag=&#8220;p&#8220; style=&#8220;outline&#8220; shape=&#8220;square&#8220; color=&#8220;black&#8220; c_position=&#8220;right&#8220; active_section=&#8220;100&#8243; collapsible_all=&#8220;true&#8220;][vc_tta_section title=&#8220;Liefern Sie auch neue Dell-Server?&#8220; tab_id=&#8220;1740059542177-a6d79dfd-70e55507-9270&#8243;][vc_column_text css=&#8220;&#8220;]<\/p>\n<p data-pm-slice=\"1 1 []\">Ja, wir bieten sowohl neue als auch general\u00fcberholte Dell-Server an. Kontaktieren Sie uns gerne, um die aktuelle Verf\u00fcgbarkeit zu erfragen. <\/p>\n<p>[\/vc_column_text][\/vc_tta_section][vc_tta_section title=&#8220;Wie schnell k\u00f6nnen Sie Dell-Server liefern?&#8220; tab_id=&#8220;1747836109474-65abd71d-182e5507-9270&#8243;][vc_column_text css=&#8220;&#8220;]Viele Modelle sind direkt ab Lager verf\u00fcgbar und k\u00f6nnen oft innerhalb von 24 Stunden versendet werden.[\/vc_column_text][\/vc_tta_section][vc_tta_section title=&#8220;Gibt es eine Garantie auf general\u00fcberholte Dell-Server?&#8220; tab_id=&#8220;1747836106778-3a6b61ac-1ef85507-9270&#8243;][vc_column_text css=&#8220;&#8220;]Ja, wir bieten eine standardm\u00e4\u00dfige lebenslange Garantie auf alle unsere general\u00fcberholten Dell-Server.[\/vc_column_text][\/vc_tta_section][vc_tta_section title=&#8220;Kaufen Sie auch gebrauchte Dell-Server?&#8220; tab_id=&#8220;1747836106236-15e39d87-0d775507-9270&#8243;][vc_column_text css=&#8220;&#8220;]Absolut. Wir bieten einen hohen Restwert f\u00fcr Ihre Altger\u00e4te und f\u00fchren eine zertifizierte <a href=\"https:\/\/www.qualifiednetworks.com\/de\/diensten\/datenloeschung-datenvernichtung\/\">Datenl\u00f6schung <\/a>durch.[\/vc_column_text][\/vc_tta_section][vc_tta_section title=&#8220;Welche Dell-Servermodelle bieten Sie an?&#8220; tab_id=&#8220;1747836105323-499530d2-cc505507-9270&#8243;][vc_column_text css=&#8220;&#8220;]Wir liefern unter anderem die PowerEdge R- und T-Serie, k\u00f6nnen aber \u00fcber unser Netzwerk nahezu jedes Modell beschaffen.[\/vc_column_text][\/vc_tta_section][\/vc_tta_accordion][vc_btn title=&#8220;Mehr h\u00e4ufig gestellte Fragen&#8220; style=&#8220;outline&#8220; css=&#8220;&#8220; link=&#8220;url:https%3A%2F%2Fwww.qualifiednetworks.com%2Fde%2Ffaq%2F|&#8220; el_class=&#8220;pt-30&#8243;][\/vc_column][vc_column width=&#8220;5\/12&#8243; el_class=&#8220;faq-sidebar&#8220;][vc_custom_heading text=&#8220;Kontakt&#8220; font_container=&#8220;tag:div|text_align:left&#8220; use_theme_fonts=&#8220;yes&#8220; el_class=&#8220;subtitle&#8220;][vc_custom_heading text=&#8220;Andere Frage?&#8220; use_theme_fonts=&#8220;yes&#8220; css=&#8220;.vc_custom_1747836143916{margin-bottom: 5px !important;}&#8220;][vc_column_text css=&#8220;.vc_custom_1747836159058{margin-bottom: 10px !important;}&#8220; el_class=&#8220;sub-title&#8220;]F\u00fcr weitere Informationen kontaktieren Sie uns bitte.[\/vc_column_text][vc_row_inner el_class=&#8220;faq-contact-block&#8220;][vc_column_inner width=&#8220;1\/4&#8243;][vc_single_image image=&#8220;3815&#8243; img_size=&#8220;large&#8220; style=&#8220;vc_box_circle_2&#8243; onclick=&#8220;custom_link&#8220; css=&#8220;&#8220; link=&#8220;\/author\/oskar-paarhuis\/&#8220;][\/vc_column_inner][vc_column_inner width=&#8220;3\/4&#8243;][vc_column_text css=&#8220;&#8220;]<\/p>\n<div class=\"contact-wrapper\">\n<div class=\"contact-info\">\n<h6 class=\"name\"><a href=\"\/author\/oskar-paarhuis\/\">Oskar Paarhuis<\/a><\/h6>\n<p><a href=\"\/author\/oskar-paarhuis\/\"><span class=\"position\">IT-Spezialist<\/span><\/a><\/p>\n<\/div>\n<div class=\"contact-details\"><span class=\"contact-tel\"><a href=\"tel:+31202402350\">+31 (0) 20-2402350<\/a><\/span><span class=\"contact-email\"><br \/>\n<a href=\"mailto:info@qualifiednetworks.com\">info@qualifiednetworks.com<\/a><br \/>\n<\/span><\/div>\n<\/div>\n<p>[\/vc_column_text][\/vc_column_inner][\/vc_row_inner][\/vc_column][\/vc_row]<\/p>\n<\/div>","protected":false},"excerpt":{"rendered":"<p>[vc_section full_width=&#8220;stretch_row&#8220; el_class=&#8220;duurzaamheid section-intro pb-70&#8243; css=&#8220;.vc_custom_1748354937211{background-color: #F7F7FA !important;}&#8220;][vc_row el_class=&#8220;brand-section pt-180&#8243;][vc_column width=&#8220;6\/12&#8243;][vc_custom_heading text=&#8220;Leistungsstarke Server f\u00fcr jede IT-Herausforderung&#8220; font_container=&#8220;tag:div|text_align:left&#8220; use_theme_fonts=&#8220;yes&#8220; css=&#8220;&#8220; el_class=&#8220;subtitle&#8220;][vc_custom_heading text=&#8220;Dell-Server&#8220; font_container=&#8220;tag:h1|text_align:left&#8220; use_theme_fonts=&#8220;yes&#8220; css=&#8220;&#8220;][vc_column_text css=&#8220;&#8220;]Dell PowerEdge-Server sind bekannt f\u00fcr ihre hohe Zuverl\u00e4ssigkeit, Skalierbarkeit und Benutzerfreundlichkeit. Sie werden sowohl in Gro\u00dfunternehmen als auch in kleinen und mittelst\u00e4ndischen Unternehmen (KMU) eingesetzt. Qualified Networks bietet eine gro\u00dfe Auswahl [&hellip;]<\/p>\n","protected":false},"author":1,"featured_media":0,"parent":7313,"menu_order":0,"comment_status":"closed","ping_status":"closed","template":"","meta":{"footnotes":""},"class_list":["post-7325","page","type-page","status-publish","hentry"],"acf":[],"_links":{"self":[{"href":"https:\/\/www.qualifiednetworks.com\/de\/wp-json\/wp\/v2\/pages\/7325","targetHints":{"allow":["GET"]}}],"collection":[{"href":"https:\/\/www.qualifiednetworks.com\/de\/wp-json\/wp\/v2\/pages"}],"about":[{"href":"https:\/\/www.qualifiednetworks.com\/de\/wp-json\/wp\/v2\/types\/page"}],"author":[{"embeddable":true,"href":"https:\/\/www.qualifiednetworks.com\/de\/wp-json\/wp\/v2\/users\/1"}],"replies":[{"embeddable":true,"href":"https:\/\/www.qualifiednetworks.com\/de\/wp-json\/wp\/v2\/comments?post=7325"}],"version-history":[{"count":3,"href":"https:\/\/www.qualifiednetworks.com\/de\/wp-json\/wp\/v2\/pages\/7325\/revisions"}],"predecessor-version":[{"id":7328,"href":"https:\/\/www.qualifiednetworks.com\/de\/wp-json\/wp\/v2\/pages\/7325\/revisions\/7328"}],"up":[{"embeddable":true,"href":"https:\/\/www.qualifiednetworks.com\/de\/wp-json\/wp\/v2\/pages\/7313"}],"wp:attachment":[{"href":"https:\/\/www.qualifiednetworks.com\/de\/wp-json\/wp\/v2\/media?parent=7325"}],"curies":[{"name":"wp","href":"https:\/\/api.w.org\/{rel}","templated":true}]}}