 {"id":7337,"date":"2025-11-20T15:19:53","date_gmt":"2025-11-20T15:19:53","guid":{"rendered":"https:\/\/www.qualifiednetworks.com\/produkte\/server\/hp-server\/"},"modified":"2025-11-20T15:19:55","modified_gmt":"2025-11-20T15:19:55","slug":"hp-server","status":"publish","type":"page","link":"https:\/\/www.qualifiednetworks.com\/de\/produkte\/server\/hp-server\/","title":{"rendered":"HP-Server"},"content":{"rendered":"<div class=\"wpb-content-wrapper\"><p>[vc_section full_width=&#8220;stretch_row&#8220; el_class=&#8220;duurzaamheid section-intro pb-70&#8243; css=&#8220;.vc_custom_1748354937211{background-color: #F7F7FA !important;}&#8220;][vc_row el_class=&#8220;brand-section pt-180&#8243;][vc_column width=&#8220;6\/12&#8243;][vc_custom_heading text=&#8220;Zuverl\u00e4ssige Server f\u00fcr jede IT-Umgebung&#8220; font_container=&#8220;tag:div|text_align:left&#8220; use_theme_fonts=&#8220;yes&#8220; css=&#8220;&#8220; el_class=&#8220;subtitle&#8220;][vc_custom_heading text=&#8220;HP-Server&#8220; font_container=&#8220;tag:h1|text_align:left&#8220; use_theme_fonts=&#8220;yes&#8220; css=&#8220;&#8220;][vc_column_text css=&#8220;&#8220;]HP-Server (Hewlett Packard Enterprise) sind bekannt f\u00fcr ihre Zuverl\u00e4ssigkeit, Skalierbarkeit und Leistungsf\u00e4higkeit in Unternehmen und KMU. Qualified Networks bietet eine gro\u00dfe Auswahl an HP-Servern, sowohl neu als auch general\u00fcberholt. Unsere general\u00fcberholten Modelle wurden umfassend getestet, auf Werkseinstellungen zur\u00fcckgesetzt und verf\u00fcgen \u00fcber eine lebenslange Garantie.[\/vc_column_text][vc_row_inner el_class=&#8220;buttons service-mobile-cta&#8220;][vc_column_inner width=&#8220;1\/2&#8243; css=&#8220;.vc_custom_1740487265499{padding-right: 10px !important;padding-left: 0px !important;}&#8220;][vc_btn title=&#8220;Angebot anfordern&#8220; css=&#8220;&#8220; link=&#8220;url:https%3A%2F%2Fwww.qualifiednetworks.com%2Fde%2Fangebot-anfordern%2F|title:Angebot%20anfordern|&#8220;][\/vc_column_inner][vc_column_inner width=&#8220;1\/2&#8243; css=&#8220;.vc_custom_1740487216177{padding-right: 0px !important;padding-left: 0px !important;}&#8220;][vc_btn title=&#8220;Kontakt aufnehmen&#8220; style=&#8220;outline&#8220; css=&#8220;&#8220; link=&#8220;url:https%3A%2F%2Fwww.qualifiednetworks.com%2Fde%2Fangebot-anfordern%2F|title:Kontakt%20aufnehmen|&#8220;][\/vc_column_inner][\/vc_row_inner][vc_column_text][\/vc_column_text][\/vc_column][vc_column width=&#8220;1\/12&#8243;][\/vc_column][vc_column width=&#8220;5\/12&#8243; el_class=&#8220;form&#8220;][vc_custom_heading text=&#8220;Warum wechseln Sie zu Qualified Networks?&#8220; font_container=&#8220;tag:h2|font_size:25px|text_align:left&#8220; use_theme_fonts=&#8220;yes&#8220; css=&#8220;&#8220;][vc_column_text css=&#8220;&#8220; el_class=&#8220;list&#8220;]<\/p>\n<ul>\n<li>General\u00fcberholte und neue HP-Server<\/li>\n<li>Lebenslange Garantie auf general\u00fcberholte<\/li>\n<li>Schnelle Lieferung aus unserem eigenen Lager<\/li>\n<li>Faire Preise und kompetente Beratung<\/li>\n<\/ul>\n<p>[\/vc_column_text][\/vc_column][\/vc_row][vc_row equal_height=&#8220;yes&#8220; el_class=&#8220;kwaliteit pb-90 pt-120&#8243;][vc_column width=&#8220;5\/12&#8243;][vc_custom_heading text=&#8220;H\u00e4ufig verkaufte Server&#8220; font_container=&#8220;tag:div|text_align:left&#8220; use_theme_fonts=&#8220;yes&#8220; css=&#8220;&#8220; el_class=&#8220;subtitle&#8220;][vc_custom_heading text=&#8220;Beliebte HP-Serie&#8220; use_theme_fonts=&#8220;yes&#8220; css=&#8220;&#8220;][vc_column_text css=&#8220;&#8220;]HP Server sind auf maximale Verf\u00fcgbarkeit und Flexibilit\u00e4t ausgelegt. Ob Sie einen leistungsstarken Rack-Server oder eine kompakte Edge-Computing-L\u00f6sung ben\u00f6tigen \u2013 wir bieten beliebte, sofort einsatzbereite Modelle.[\/vc_column_text][vc_tta_accordion title_tag=&#8220;p&#8220; section_title_tag=&#8220;p&#8220; style=&#8220;outline&#8220; shape=&#8220;square&#8220; color=&#8220;black&#8220; c_position=&#8220;right&#8220; active_section=&#8220;100&#8243; collapsible_all=&#8220;true&#8220; el_class=&#8220;faq-list&#8220;][vc_tta_section title=&#8220;HP ProLiant DL380 Gen10&#8243; tab_id=&#8220;1739950626685-57982fb7-7b0d5507-9270&#8243; el_class=&#8220;faq-first&#8220;][vc_column_text css=&#8220;&#8220;]Der DL380 Gen10 ist ein vielseitiger 2U-Rackserver mit hoher Leistung und umfangreichen Erweiterungsm\u00f6glichkeiten. Ideal f\u00fcr Rechenzentren und virtuelle Umgebungen.[\/vc_column_text][\/vc_tta_section][vc_tta_section title=&#8220;HP ProLiant DL360 Gen10&#8243; tab_id=&#8220;1739950826636-55c2f176-34655507-9270&#8243; el_class=&#8220;faq-second&#8220;][vc_column_text css=&#8220;&#8220;]Ein kompakter 1U-Rackserver mit beeindruckender Leistung und effizientem Energieverbrauch. Ideal f\u00fcr beengte Umgebungen.[\/vc_column_text][\/vc_tta_section][vc_tta_section title=&#8220;HP ProLiant DL385 Gen10&#8243; tab_id=&#8220;1739950825489-c6fadf36-f1965507-9270&#8243; el_class=&#8220;faq-third&#8220;][vc_column_text css=&#8220;&#8220;]AMD-basierter Server mit exzellentem Preis-Leistungs-Verh\u00e4ltnis. Ideal f\u00fcr Virtualisierung und skalierbare Anwendungen.[\/vc_column_text][\/vc_tta_section][vc_tta_section title=&#8220;HP ProLiant DL560 Gen10&#8243; tab_id=&#8220;1739950824730-15fe4dd0-cd925507-9270&#8243; el_class=&#8220;faq-fourth&#8220;][vc_column_text css=&#8220;&#8220;]Hochleistungsf\u00e4higer 4-Sockel-Server f\u00fcr anspruchsvolle Workloads. Ideal geeignet f\u00fcr Unternehmensumgebungen, die maximale Rechenleistung ben\u00f6tigen.[\/vc_column_text][\/vc_tta_section][vc_tta_section title=&#8220;HP ProLiant ML350 Gen10&#8243; tab_id=&#8220;1747834971747-e60e21e7-7c7e5507-9270&#8243; el_class=&#8220;faq-fourth&#8220;][vc_column_text css=&#8220;&#8220;]Ein leistungsstarker Tower-Server mit der Flexibilit\u00e4t eines Rack-Servers. Ideal f\u00fcr wachsende Unternehmen und abgelegene Standorte.[\/vc_column_text][\/vc_tta_section][\/vc_tta_accordion][\/vc_column][vc_column width=&#8220;1\/12&#8243;][\/vc_column][vc_column width=&#8220;6\/12&#8243; el_class=&#8220;mo-1&#8243;][vc_single_image image=&#8220;6383&#8243; img_size=&#8220;full&#8220; css=&#8220;&#8220;][\/vc_column][\/vc_row][vc_row el_class=&#8220;section-bestservice section-bestservice-small section-bestservice-row&#8220;][vc_column width=&#8220;1\/2&#8243; el_class=&#8220;inner&#8220;][vc_custom_heading text=&#8220;Nicht gefunden, wonach Sie gesucht haben?&#8220; use_theme_fonts=&#8220;yes&#8220; css=&#8220;&#8220;][vc_column_text css=&#8220;&#8220;]<\/p>\n<p data-start=\"1311\" data-end=\"1556\">Sie finden das gew\u00fcnschte HP-Servermodell nicht auf unserer Website? Sprechen Sie uns an. Dank unseres umfangreichen Netzwerks k\u00f6nnen wir Ihnen nahezu jedes Modell liefern, oft innerhalb von 24 Stunden. Kontaktieren Sie uns, um Ihre Anforderungen zu besprechen; wir helfen Ihnen gerne weiter.   <\/p>\n<p>[\/vc_column_text][vc_btn title=&#8220;Kontakt aufnehmen&#8220; css=&#8220;&#8220; link=&#8220;url:https%3A%2F%2Fwww.qualifiednetworks.com%2Fde%2Fangebot-anfordern%2F|title:Kontakt%20aufnehmen|&#8220;][vc_btn title=&#8220;Ruf mich zur\u00fcck&#8220; style=&#8220;outline&#8220; color=&#8220;white&#8220; css=&#8220;&#8220; link=&#8220;url:https%3A%2F%2Fwww.qualifiednetworks.com%2Fde%2Fangebot-anfordern%2F|title:Ruf%20mich%20zur%C3%BCck|&#8220;][\/vc_column][vc_column width=&#8220;1\/2&#8243;][\/vc_column][\/vc_row][\/vc_section][vc_row el_class=&#8220;pt-100 pb-130&#8243;][vc_column width=&#8220;7\/12&#8243; el_class=&#8220;left-content&#8220;][vc_custom_heading text=&#8220;Faq&#8220; font_container=&#8220;tag:div|text_align:left&#8220; use_theme_fonts=&#8220;yes&#8220; el_class=&#8220;subtitle&#8220;][vc_custom_heading text=&#8220;Frage und Antwort&#8220; use_theme_fonts=&#8220;yes&#8220; css=&#8220;&#8220; el_id=&#8220;faq-first&#8220;][vc_tta_accordion title_tag=&#8220;p&#8220; section_title_tag=&#8220;p&#8220; style=&#8220;outline&#8220; shape=&#8220;square&#8220; color=&#8220;black&#8220; c_position=&#8220;right&#8220; active_section=&#8220;100&#8243; collapsible_all=&#8220;true&#8220;][vc_tta_section title=&#8220;Liefern Sie auch neue HP-Server?&#8220; tab_id=&#8220;1740059542177-a6d79dfd-70e55507-9270&#8243;][vc_column_text css=&#8220;&#8220;]<\/p>\n<p data-pm-slice=\"1 1 []\">Ja, neben general\u00fcberholten HP-Servern bieten wir auch neue Modelle an. Kontaktieren Sie uns gerne, um die M\u00f6glichkeiten zu besprechen. <\/p>\n<p>[\/vc_column_text][\/vc_tta_section][vc_tta_section title=&#8220;Wie schnell k\u00f6nnen Sie HP-Server liefern?&#8220; tab_id=&#8220;1747836109474-65abd71d-182e5507-9270&#8243;][vc_column_text css=&#8220;&#8220;]Viele Modelle liefern wir direkt ab Lager, oft innerhalb von 24 Stunden.[\/vc_column_text][\/vc_tta_section][vc_tta_section title=&#8220;Gibt es eine Garantie auf general\u00fcberholte HP-Server?&#8220; tab_id=&#8220;1747836106778-3a6b61ac-1ef85507-9270&#8243;][vc_column_text css=&#8220;&#8220;]Ja, alle unsere general\u00fcberholten Server haben eine lebenslange Garantie.[\/vc_column_text][\/vc_tta_section][vc_tta_section title=&#8220;Kaufen Sie auch gebrauchte HP-Server?&#8220; tab_id=&#8220;1747836106236-15e39d87-0d775507-9270&#8243;][vc_column_text css=&#8220;&#8220;]Absolut. Wir bieten einen wettbewerbsf\u00e4higen Preis f\u00fcr Ihre alten Server und gew\u00e4hrleisten die sichere <a href=\"https:\/\/www.qualifiednetworks.com\/de\/diensten\/datenloeschung-datenvernichtung\/\">Datenl\u00f6schung<\/a>.[\/vc_column_text][\/vc_tta_section][vc_tta_section title=&#8220;Welche HP-Servermodelle bieten Sie an?&#8220; tab_id=&#8220;1747836105323-499530d2-cc505507-9270&#8243;][vc_column_text css=&#8220;&#8220;]Wir liefern unter anderem die HP ProLiant DL- und ML-Serien, k\u00f6nnen aber \u00fcber unser Netzwerk praktisch jedes Modell beschaffen.[\/vc_column_text][\/vc_tta_section][\/vc_tta_accordion][vc_btn title=&#8220;Mehr h\u00e4ufig gestellte Fragen&#8220; style=&#8220;outline&#8220; css=&#8220;&#8220; link=&#8220;url:https%3A%2F%2Fwww.qualifiednetworks.com%2Fde%2Ffaq%2F|&#8220; el_class=&#8220;pt-30&#8243;][\/vc_column][vc_column width=&#8220;5\/12&#8243; el_class=&#8220;faq-sidebar&#8220;][vc_custom_heading text=&#8220;Kontakt&#8220; font_container=&#8220;tag:div|text_align:left&#8220; use_theme_fonts=&#8220;yes&#8220; el_class=&#8220;subtitle&#8220;][vc_custom_heading text=&#8220;Andere Frage?&#8220; use_theme_fonts=&#8220;yes&#8220; css=&#8220;.vc_custom_1747836143916{margin-bottom: 5px !important;}&#8220;][vc_column_text css=&#8220;.vc_custom_1747836159058{margin-bottom: 10px !important;}&#8220; el_class=&#8220;sub-title&#8220;]F\u00fcr weitere Informationen kontaktieren Sie uns bitte.[\/vc_column_text][vc_row_inner el_class=&#8220;faq-contact-block&#8220;][vc_column_inner width=&#8220;1\/4&#8243;][vc_single_image image=&#8220;3815&#8243; img_size=&#8220;large&#8220; style=&#8220;vc_box_circle_2&#8243; onclick=&#8220;custom_link&#8220; css=&#8220;&#8220; link=&#8220;\/author\/oskar-paarhuis\/&#8220;][\/vc_column_inner][vc_column_inner width=&#8220;3\/4&#8243;][vc_column_text css=&#8220;&#8220;]<\/p>\n<div class=\"contact-wrapper\">\n<div class=\"contact-info\">\n<h6 class=\"name\"><a href=\"\/author\/oskar-paarhuis\/\">Oskar Paarhuis<\/a><\/h6>\n<p><a href=\"\/author\/oskar-paarhuis\/\"><span class=\"position\">IT-Spezialist<\/span><\/a><\/p>\n<\/div>\n<div class=\"contact-details\"><span class=\"contact-tel\"><a href=\"tel:+31202402350\">+31 (0) 20-2402350<\/a><\/span><span class=\"contact-email\"><br \/>\n<a href=\"mailto:info@qualifiednetworks.com\">info@qualifiednetworks.com<\/a><br \/>\n<\/span><\/div>\n<\/div>\n<p>[\/vc_column_text][\/vc_column_inner][\/vc_row_inner][\/vc_column][\/vc_row]<\/p>\n<\/div>","protected":false},"excerpt":{"rendered":"<p>[vc_section full_width=&#8220;stretch_row&#8220; el_class=&#8220;duurzaamheid section-intro pb-70&#8243; css=&#8220;.vc_custom_1748354937211{background-color: #F7F7FA !important;}&#8220;][vc_row el_class=&#8220;brand-section pt-180&#8243;][vc_column width=&#8220;6\/12&#8243;][vc_custom_heading text=&#8220;Zuverl\u00e4ssige Server f\u00fcr jede IT-Umgebung&#8220; font_container=&#8220;tag:div|text_align:left&#8220; use_theme_fonts=&#8220;yes&#8220; css=&#8220;&#8220; el_class=&#8220;subtitle&#8220;][vc_custom_heading text=&#8220;HP-Server&#8220; font_container=&#8220;tag:h1|text_align:left&#8220; use_theme_fonts=&#8220;yes&#8220; css=&#8220;&#8220;][vc_column_text css=&#8220;&#8220;]HP-Server (Hewlett Packard Enterprise) sind bekannt f\u00fcr ihre Zuverl\u00e4ssigkeit, Skalierbarkeit und Leistungsf\u00e4higkeit in Unternehmen und KMU. Qualified Networks bietet eine gro\u00dfe Auswahl an HP-Servern, sowohl neu als auch general\u00fcberholt. Unsere general\u00fcberholten [&hellip;]<\/p>\n","protected":false},"author":1,"featured_media":0,"parent":7313,"menu_order":0,"comment_status":"closed","ping_status":"closed","template":"","meta":{"footnotes":""},"class_list":["post-7337","page","type-page","status-publish","hentry"],"acf":[],"_links":{"self":[{"href":"https:\/\/www.qualifiednetworks.com\/de\/wp-json\/wp\/v2\/pages\/7337","targetHints":{"allow":["GET"]}}],"collection":[{"href":"https:\/\/www.qualifiednetworks.com\/de\/wp-json\/wp\/v2\/pages"}],"about":[{"href":"https:\/\/www.qualifiednetworks.com\/de\/wp-json\/wp\/v2\/types\/page"}],"author":[{"embeddable":true,"href":"https:\/\/www.qualifiednetworks.com\/de\/wp-json\/wp\/v2\/users\/1"}],"replies":[{"embeddable":true,"href":"https:\/\/www.qualifiednetworks.com\/de\/wp-json\/wp\/v2\/comments?post=7337"}],"version-history":[{"count":3,"href":"https:\/\/www.qualifiednetworks.com\/de\/wp-json\/wp\/v2\/pages\/7337\/revisions"}],"predecessor-version":[{"id":7340,"href":"https:\/\/www.qualifiednetworks.com\/de\/wp-json\/wp\/v2\/pages\/7337\/revisions\/7340"}],"up":[{"embeddable":true,"href":"https:\/\/www.qualifiednetworks.com\/de\/wp-json\/wp\/v2\/pages\/7313"}],"wp:attachment":[{"href":"https:\/\/www.qualifiednetworks.com\/de\/wp-json\/wp\/v2\/media?parent=7337"}],"curies":[{"name":"wp","href":"https:\/\/api.w.org\/{rel}","templated":true}]}}