 {"id":7349,"date":"2025-11-20T15:31:45","date_gmt":"2025-11-20T15:31:45","guid":{"rendered":"https:\/\/www.qualifiednetworks.com\/produkte\/schalter\/"},"modified":"2025-11-20T15:31:47","modified_gmt":"2025-11-20T15:31:47","slug":"schalter","status":"publish","type":"page","link":"https:\/\/www.qualifiednetworks.com\/de\/produkte\/schalter\/","title":{"rendered":"Schalter"},"content":{"rendered":"<div class=\"wpb-content-wrapper\"><p>[vc_section full_width=&#8220;stretch_row&#8220; el_class=&#8220;duurzaamheid section-intro category&#8220;][vc_row][vc_column width=&#8220;6\/12&#8243;][vc_column_text css=&#8220;&#8220; el_class=&#8220;pt-50&#8243;]Zuverl\u00e4ssige Netzwerk-Switches bilden die Grundlage eines stabilen Netzwerks. Sie gew\u00e4hrleisten eine effiziente Kommunikation zwischen Ger\u00e4ten, erh\u00f6hen die Sicherheit und unterst\u00fctzen das Wachstum Ihrer IT-Infrastruktur. Qualified Networks bietet neue und general\u00fcberholte Switches f\u00fchrender Marken mit schneller Lieferung, lebenslanger Garantie auf general\u00fcberholte Modelle und Support bei Bedarf.[\/vc_column_text][vc_row_inner el_class=&#8220;buttons service-mobile-cta&#8220;][vc_column_inner css=&#8220;.vc_custom_1740487265499{padding-right: 10px !important;padding-left: 0px !important;}&#8220;][vc_btn title=&#8220;Kontakt aufnehmen&#8220; css=&#8220;&#8220; link=&#8220;url:https%3A%2F%2Fwww.qualifiednetworks.com%2Fde%2Fkontakt%2F|title:Kontakt|&#8220;][\/vc_column_inner][\/vc_row_inner][vc_column_text][\/vc_column_text][\/vc_column][vc_column width=&#8220;1\/12&#8243;][\/vc_column][vc_column width=&#8220;5\/12&#8243; el_class=&#8220;form&#8220;][vc_custom_heading text=&#8220;Warum bei uns?&#8220; use_theme_fonts=&#8220;yes&#8220; css=&#8220;&#8220;][vc_column_text css=&#8220;&#8220; el_class=&#8220;list&#8220;]<\/p>\n<ul>\n<li><strong>Nachhaltig und umweltfreundlich<\/strong><br \/>\nReduzierung von Elektroschrott und CO\u2082-Emissionen durch Hardware-Wiederverwendung.<\/li>\n<li><strong>Kosteng\u00fcnstig<\/strong><br \/>\nSparen Sie bis zu 70 % Ihrer IT-Kosten, ohne Kompromisse bei der Qualit\u00e4t einzugehen.<\/li>\n<li><strong>Sicher und zuverl\u00e4ssig<\/strong><br \/>\nVollst\u00e4ndig gepr\u00fcfte und zertifizierte Ger\u00e4te mit Garantien.<\/li>\n<li><strong>Weniger abh\u00e4ngig von der Neuproduktion<\/strong><br \/>\nKeine langen Lieferzeiten oder Lagerengp\u00e4sse.<\/li>\n<\/ul>\n<p>[\/vc_column_text][\/vc_column][\/vc_row][\/vc_section][vc_row el_class=&#8220;product-menu pt-70&#8243;][vc_column][vc_custom_heading text=&#8220;Marken in unserem Sortiment&#8220; use_theme_fonts=&#8220;yes&#8220; css=&#8220;&#8220;][vc_column_text css=&#8220;&#8220;]Wir f\u00fchren standardm\u00e4\u00dfig alle g\u00e4ngigen Schaltermarken. Ist Ihre Wunschmarke oder Ihr Wunschmodell nicht dabei? Sprechen Sie uns an. Wir pr\u00fcfen gerne die M\u00f6glichkeiten.[\/vc_column_text][vc_wp_custommenu nav_menu=&#8220;489&#8243;][\/vc_column][\/vc_row][vc_row el_class=&#8220;section-bestservice section-bestservice-small section-bestservice-row&#8220;][vc_column width=&#8220;1\/2&#8243; el_class=&#8220;inner&#8220;][vc_custom_heading text=&#8220;<em>Schalter <\/em>auf Anfrage&#8220; use_theme_fonts=&#8220;yes&#8220; css=&#8220;&#8220;][vc_column_text css=&#8220;&#8220;]Ben\u00f6tigen Sie ein bestimmtes Schaltermodell, das nicht auf unserer Website aufgef\u00fchrt ist? Dank unseres internationalen Netzwerks k\u00f6nnen wir Ihnen nahezu jedes Modell liefern. In vielen F\u00e4llen erhalten Sie es innerhalb von 24 Stunden. Kontaktieren Sie uns, um Ihre Anforderungen zu besprechen. Wir beraten Sie gerne.[\/vc_column_text][vc_btn title=&#8220;Kontakt aufnehmen&#8220; css=&#8220;&#8220; link=&#8220;url:https%3A%2F%2Fwww.qualifiednetworks.com%2Fde%2Fkontakt%2F|title:Kontakt%20aufnehmen|&#8220;][vc_btn title=&#8220;Ruf mich zur\u00fcck&#8220; style=&#8220;outline&#8220; color=&#8220;white&#8220; css=&#8220;&#8220; link=&#8220;url:https%3A%2F%2Fwww.qualifiednetworks.com%2Fde%2Fkontakt%2F|title:Ruf%20mich%20zur%C3%BCck|&#8220;][\/vc_column][vc_column width=&#8220;1\/2&#8243;][\/vc_column][\/vc_row][vc_section full_width=&#8220;stretch_row&#8220;][vc_row equal_height=&#8220;yes&#8220; el_class=&#8220;service pb-80 pt-100&#8243;][vc_column width=&#8220;6\/12&#8243; el_class=&#8220;content info&#8220;][vc_custom_heading text=&#8220;Qualit\u00e4t&#8220; font_container=&#8220;tag:div|text_align:left&#8220; use_theme_fonts=&#8220;yes&#8220; css=&#8220;&#8220; el_class=&#8220;subtitle&#8220;][vc_custom_heading text=&#8220;Nachhaltig und wirtschaftlich&#8220; use_theme_fonts=&#8220;yes&#8220; css=&#8220;&#8220;][vc_column_text css=&#8220;&#8220;]General\u00fcberholte Switches schonen nicht nur Ihren Geldbeutel, sondern auch die Umwelt. Sie verl\u00e4ngern die Lebensdauer Ihrer Ger\u00e4te, vermeiden unn\u00f6tige Neuproduktion und sparen Rohstoffe. Qualified Networks garantiert kontrollierte Qualit\u00e4t, faire Preise und Support, wo immer Sie ihn ben\u00f6tigen.[\/vc_column_text][vc_column_text css=&#8220;&#8220; el_class=&#8220;list&#8220;]<\/p>\n<ul>\n<li>General\u00fcberholte und neue Schalter von Top-Marken<\/li>\n<li>Zertifizierte Datenl\u00f6schung bei Inzahlungnahme<\/li>\n<li>Lebenslange Garantie auf general\u00fcberholte Ger\u00e4te<\/li>\n<li>Ab Lager verf\u00fcgbar<\/li>\n<\/ul>\n<p>[\/vc_column_text][\/vc_column][vc_column width=&#8220;1\/12&#8243;][\/vc_column][vc_column width=&#8220;5\/12&#8243; el_class=&#8220;mo-1&#8243;][vc_single_image image=&#8220;5131&#8243; img_size=&#8220;large&#8220; css=&#8220;&#8220; el_class=&#8220;image-overlay&#8220;][\/vc_column][\/vc_row][vc_row el_class=&#8220;pb-130&#8243;][vc_column width=&#8220;7\/12&#8243; el_class=&#8220;left-content&#8220;][vc_custom_heading text=&#8220;Faq&#8220; font_container=&#8220;tag:div|text_align:left&#8220; use_theme_fonts=&#8220;yes&#8220; el_class=&#8220;subtitle&#8220;][vc_custom_heading text=&#8220;Frage und Antwort&#8220; use_theme_fonts=&#8220;yes&#8220; css=&#8220;&#8220; el_id=&#8220;faq-first&#8220;][vc_tta_accordion title_tag=&#8220;p&#8220; section_title_tag=&#8220;p&#8220; style=&#8220;outline&#8220; shape=&#8220;square&#8220; color=&#8220;black&#8220; c_position=&#8220;right&#8220; active_section=&#8220;100&#8243; collapsible_all=&#8220;true&#8220;][vc_tta_section title=&#8220;Liefern Sie auch neue Schalter?&#8220; tab_id=&#8220;1740059542177-a6d79dfd-70e5&#8243;][vc_column_text css=&#8220;&#8220;]Ja, wir liefern sowohl neue als auch general\u00fcberholte Schalter. Neue, versiegelte und neue, ge\u00f6ffnete Modelle sind ebenfalls erh\u00e4ltlich.[\/vc_column_text][\/vc_tta_section][vc_tta_section title=&#8220;Wie schnell k\u00f6nnen Sie Schalter liefern?&#8220; tab_id=&#8220;1740059542197-b25b9ff3-e8ab&#8220;][vc_column_text css=&#8220;&#8220;]Viele Modelle sind ab Lager verf\u00fcgbar. In den meisten F\u00e4llen erhalten Sie Ihre Bestellung am n\u00e4chsten Werktag.[\/vc_column_text][\/vc_tta_section][vc_tta_section title=&#8220;Gibt es eine Garantie auf general\u00fcberholte Schalter?&#8220; tab_id=&#8220;1740059542221-cf1635f0-c84f&#8220;][vc_column_text css=&#8220;&#8220;]Ja, alle unsere general\u00fcberholten Schalter haben eine lebenslange Garantie.[\/vc_column_text][\/vc_tta_section][vc_tta_section title=&#8220;Kaufen Sie auch gebrauchte Schalter?&#8220; tab_id=&#8220;1740059542242-d0c84e05-76e5&#8243;][vc_column_text css=&#8220;&#8220;]Absolut. Wir bieten einen hohen Preis f\u00fcr abgeschriebene Netzwerkger\u00e4te und gew\u00e4hrleisten eine sichere Abwicklung.[\/vc_column_text][\/vc_tta_section][vc_tta_section title=&#8220;Welche Schaltermarken f\u00fchren Sie?&#8220; tab_id=&#8220;1740059542261-bc0021b6-4bc5&#8243;][vc_column_text css=&#8220;&#8220;]Einschlie\u00dflich Cisco, HP, Juniper, Aruba, Dell, Meraki, Arista und Fortinet.[\/vc_column_text][\/vc_tta_section][\/vc_tta_accordion][vc_btn title=&#8220;Mehr h\u00e4ufig gestellte Fragen&#8220; style=&#8220;outline&#8220; css=&#8220;&#8220; link=&#8220;url:https%3A%2F%2Fwww.qualifiednetworks.com%2Fde%2Ffaq%2F|&#8220; el_class=&#8220;pt-30&#8243;][\/vc_column][vc_column width=&#8220;5\/12&#8243; el_class=&#8220;faq-sidebar&#8220;][vc_custom_heading text=&#8220;Kontakt&#8220; font_container=&#8220;tag:div|text_align:left&#8220; use_theme_fonts=&#8220;yes&#8220; el_class=&#8220;subtitle&#8220;][vc_custom_heading text=&#8220;Andere Frage?&#8220; use_theme_fonts=&#8220;yes&#8220; css=&#8220;.vc_custom_1747822179811{margin-bottom: 5px !important;}&#8220;][vc_column_text css=&#8220;.vc_custom_1747822193223{margin-bottom: 10px !important;}&#8220; el_class=&#8220;sub-title&#8220;]F\u00fcr weitere Informationen kontaktieren Sie uns bitte.[\/vc_column_text][vc_row_inner el_class=&#8220;faq-contact-block&#8220;][vc_column_inner width=&#8220;1\/4&#8243;][vc_single_image image=&#8220;3815&#8243; img_size=&#8220;large&#8220; style=&#8220;vc_box_circle_2&#8243; onclick=&#8220;custom_link&#8220; css=&#8220;&#8220; link=&#8220;\/author\/oskar-paarhuis\/&#8220;][\/vc_column_inner][vc_column_inner width=&#8220;3\/4&#8243;][vc_column_text css=&#8220;&#8220;]<\/p>\n<div class=\"contact-wrapper\">\n<div class=\"contact-info\">\n<h6 class=\"name\"><a href=\"\/author\/oskar-paarhuis\/\">Oskar Paarhuis<\/a><\/h6>\n<p><a href=\"\/author\/oskar-paarhuis\/\"><span class=\"position\">IT-Spezialist<\/span><\/a><\/p>\n<\/div>\n<div class=\"contact-details\"><span class=\"contact-tel\"><a href=\"tel:+31202402350\">+31 (0) 20-2402350<\/a><\/span><span class=\"contact-email\"><br \/>\n<a href=\"mailto:info@qualifiednetworks.com\">info@qualifiednetworks.com<\/a><br \/>\n<\/span><\/div>\n<\/div>\n<p>[\/vc_column_text][\/vc_column_inner][\/vc_row_inner][\/vc_column][\/vc_row][\/vc_section]<\/p>\n<\/div>","protected":false},"excerpt":{"rendered":"<p>[vc_section full_width=&#8220;stretch_row&#8220; el_class=&#8220;duurzaamheid section-intro category&#8220;][vc_row][vc_column width=&#8220;6\/12&#8243;][vc_column_text css=&#8220;&#8220; el_class=&#8220;pt-50&#8243;]Zuverl\u00e4ssige Netzwerk-Switches bilden die Grundlage eines stabilen Netzwerks. Sie gew\u00e4hrleisten eine effiziente Kommunikation zwischen Ger\u00e4ten, erh\u00f6hen die Sicherheit und unterst\u00fctzen das Wachstum Ihrer IT-Infrastruktur. Qualified Networks bietet neue und general\u00fcberholte Switches f\u00fchrender Marken mit schneller Lieferung, lebenslanger Garantie auf general\u00fcberholte Modelle und Support bei Bedarf.[\/vc_column_text][vc_row_inner el_class=&#8220;buttons service-mobile-cta&#8220;][vc_column_inner css=&#8220;.vc_custom_1740487265499{padding-right: [&hellip;]<\/p>\n","protected":false},"author":1,"featured_media":0,"parent":3273,"menu_order":0,"comment_status":"closed","ping_status":"closed","template":"","meta":{"footnotes":""},"class_list":["post-7349","page","type-page","status-publish","hentry"],"acf":[],"_links":{"self":[{"href":"https:\/\/www.qualifiednetworks.com\/de\/wp-json\/wp\/v2\/pages\/7349","targetHints":{"allow":["GET"]}}],"collection":[{"href":"https:\/\/www.qualifiednetworks.com\/de\/wp-json\/wp\/v2\/pages"}],"about":[{"href":"https:\/\/www.qualifiednetworks.com\/de\/wp-json\/wp\/v2\/types\/page"}],"author":[{"embeddable":true,"href":"https:\/\/www.qualifiednetworks.com\/de\/wp-json\/wp\/v2\/users\/1"}],"replies":[{"embeddable":true,"href":"https:\/\/www.qualifiednetworks.com\/de\/wp-json\/wp\/v2\/comments?post=7349"}],"version-history":[{"count":3,"href":"https:\/\/www.qualifiednetworks.com\/de\/wp-json\/wp\/v2\/pages\/7349\/revisions"}],"predecessor-version":[{"id":7352,"href":"https:\/\/www.qualifiednetworks.com\/de\/wp-json\/wp\/v2\/pages\/7349\/revisions\/7352"}],"up":[{"embeddable":true,"href":"https:\/\/www.qualifiednetworks.com\/de\/wp-json\/wp\/v2\/pages\/3273"}],"wp:attachment":[{"href":"https:\/\/www.qualifiednetworks.com\/de\/wp-json\/wp\/v2\/media?parent=7349"}],"curies":[{"name":"wp","href":"https:\/\/api.w.org\/{rel}","templated":true}]}}