 {"id":7365,"date":"2025-11-20T16:38:48","date_gmt":"2025-11-20T16:38:48","guid":{"rendered":"https:\/\/www.qualifiednetworks.com\/produkte\/schalter\/arista-schalter\/"},"modified":"2025-12-08T10:14:38","modified_gmt":"2025-12-08T10:14:38","slug":"arista-schalter","status":"publish","type":"page","link":"https:\/\/www.qualifiednetworks.com\/de\/produkte\/schalter\/arista-schalter\/","title":{"rendered":"Arista-Schalter"},"content":{"rendered":"<div class=\"wpb-content-wrapper\"><p>[vc_section full_width=&#8220;stretch_row&#8220; el_class=&#8220;duurzaamheid section-intro pb-70&#8243; css=&#8220;.vc_custom_1748354937211{background-color: #F7F7FA !important;}&#8220;][vc_row el_class=&#8220;brand-section pt-180&#8243;][vc_column width=&#8220;6\/12&#8243;][vc_custom_heading text=&#8220;Zuverl\u00e4ssige Switches f\u00fcr moderne Netzwerke&#8220; font_container=&#8220;tag:div|text_align:left&#8220; use_theme_fonts=&#8220;yes&#8220; css=&#8220;&#8220; el_class=&#8220;subtitle&#8220;][vc_custom_heading text=&#8220;Arista-Schalter&#8220; font_container=&#8220;tag:h1|text_align:left&#8220; use_theme_fonts=&#8220;yes&#8220; css=&#8220;&#8220;][vc_column_text css=&#8220;&#8220;]Arista-Switches sind bekannt f\u00fcr ihre hohe Leistung, geringe Latenz und fortschrittlichen Netzwerkfunktionen. Sie wurden speziell f\u00fcr Rechenzentren, Cloud-Umgebungen und anspruchsvolle Netzwerkinfrastrukturen entwickelt. Qualified Networks bietet eine gro\u00dfe Auswahl an Arista-Switches \u2013 sowohl neu als auch general\u00fcberholt \u2013 mit schneller Lieferung und lebenslanger Garantie auf general\u00fcberholte Modelle.[\/vc_column_text][vc_row_inner el_class=&#8220;buttons service-mobile-cta&#8220;][vc_column_inner width=&#8220;1\/2&#8243; css=&#8220;.vc_custom_1740487265499{padding-right: 10px !important;padding-left: 0px !important;}&#8220;][vc_btn title=&#8220;Angebot anfordern&#8220; css=&#8220;&#8220; link=&#8220;url:https%3A%2F%2Fwww.qualifiednetworks.com%2Fde%2Fangebot-anfordern%2F|title:Angebot%20anfordern|&#8220;][\/vc_column_inner][vc_column_inner width=&#8220;1\/2&#8243; css=&#8220;.vc_custom_1740487216177{padding-right: 0px !important;padding-left: 0px !important;}&#8220;][vc_btn title=&#8220;Kontakt aufnehmen&#8220; style=&#8220;outline&#8220; css=&#8220;&#8220; link=&#8220;url:https%3A%2F%2Fwww.qualifiednetworks.com%2Fde%2Fangebot-anfordern%2F|title:Kontakt%20aufnehmen|&#8220;][\/vc_column_inner][\/vc_row_inner][vc_column_text][\/vc_column_text][\/vc_column][vc_column width=&#8220;1\/12&#8243;][\/vc_column][vc_column width=&#8220;5\/12&#8243; el_class=&#8220;form&#8220;][vc_custom_heading text=&#8220;Warum Qualified Networks?&#8220; font_container=&#8220;tag:h2|font_size:25px|text_align:left&#8220; use_theme_fonts=&#8220;yes&#8220; css=&#8220;&#8220;][vc_column_text css=&#8220;&#8220; el_class=&#8220;list&#8220;]<\/p>\n<ul>\n<li data-start=\"1051\" data-end=\"1089\">\n<p data-start=\"1053\" data-end=\"1089\"><strong data-start=\"1053\" data-end=\"1087\">General\u00fcberholte und neue Schalter<\/strong><\/p>\n<\/li>\n<li data-start=\"1090\" data-end=\"1133\">\n<p data-start=\"1092\" data-end=\"1133\"><strong data-start=\"1092\" data-end=\"1131\">Lebenslange Garantie auf general\u00fcberholte<\/strong><\/p>\n<\/li>\n<li data-start=\"1134\" data-end=\"1176\">\n<p data-start=\"1136\" data-end=\"1176\"><strong data-start=\"1136\" data-end=\"1174\">Schnelle Lieferung aus unserem eigenen Lager<\/strong><\/p>\n<\/li>\n<li data-start=\"1177\" data-end=\"1219\">\n<p data-start=\"1179\" data-end=\"1219\"><strong data-start=\"1179\" data-end=\"1219\">Faire Preise und kompetente Beratung<\/strong><\/p>\n<\/li>\n<\/ul>\n<p>[\/vc_column_text][\/vc_column][\/vc_row][vc_row equal_height=&#8220;yes&#8220; el_class=&#8220;kwaliteit pb-90 pt-120&#8243;][vc_column width=&#8220;5\/12&#8243;][vc_custom_heading text=&#8220;H\u00e4ufig verkaufte Schalter&#8220; font_container=&#8220;tag:div|text_align:left&#8220; use_theme_fonts=&#8220;yes&#8220; css=&#8220;&#8220; el_class=&#8220;subtitle&#8220;][vc_custom_heading text=&#8220;Arista-Serie&#8220; use_theme_fonts=&#8220;yes&#8220; css=&#8220;&#8220;][vc_column_text css=&#8220;&#8220;]Arista-Switches sind bekannt f\u00fcr ihre hohe Leistung und Zuverl\u00e4ssigkeit in Rechenzentrums- und Cloud-Umgebungen. Sie sind auf geringe Latenz, hohe Verf\u00fcgbarkeit und einfache Skalierbarkeit ausgelegt. Wir bieten unter anderem Modelle der folgenden Serien an:[\/vc_column_text][vc_tta_accordion title_tag=&#8220;p&#8220; section_title_tag=&#8220;p&#8220; style=&#8220;outline&#8220; shape=&#8220;square&#8220; color=&#8220;black&#8220; c_position=&#8220;right&#8220; active_section=&#8220;100&#8243; collapsible_all=&#8220;true&#8220; el_class=&#8220;faq-list&#8220;][vc_tta_section title=&#8220;Arista 7000X-Serie&#8220; tab_id=&#8220;1739950626685-57982fb7-7b0d5507-9270&#8243; el_class=&#8220;faq-first&#8220;][vc_column_text css=&#8220;&#8220;]Die Arista 7000X-Serie wurde f\u00fcr Rechenzentrums- und Cloud-Umgebungen entwickelt, in denen hohe Leistung und Skalierbarkeit von entscheidender Bedeutung sind. Sie bietet fortschrittliche Layer-2- und Layer-3-Funktionen, geringe Latenz und ein energieeffizientes Design und eignet sich daher ideal f\u00fcr Netzwerke mit hoher Dichte und anspruchsvolle Workloads. <\/p>\n<p><strong>Modelle<\/strong><\/p>\n<p>Die Serie umfasst Modelle von 10\/40GbE bis 100GbE: die 7050-Serie f\u00fcr flexible Rechenzentrumsinstallationen, die Switches 7250QX, 7260CX und 7280R f\u00fcr h\u00f6here Kapazit\u00e4ten sowie die modularen Plattformen 7300X und 7320X f\u00fcr maximale Skalierbarkeit.[\/vc_column_text][\/vc_tta_section][vc_tta_section title=&#8220;Arista 720XP-Serie&#8220; tab_id=&#8220;1761642944590-da87a014-b1b2&#8243; el_class=&#8220;faq-first&#8220;][vc_column_text css=&#8220;&#8220;]Die Arista 720XP-Serie wurde f\u00fcr moderne Campusnetzwerke entwickelt, in denen Zuverl\u00e4ssigkeit, Sicherheit und Power over Ethernet (PoE) unerl\u00e4sslich sind. Mit leistungsstarken Layer-2- und Layer-3-Funktionen bietet diese Serie eine stabile Grundlage f\u00fcr vielf\u00e4ltige Gesch\u00e4ftsumgebungen \u2013 von B\u00fcror\u00e4umen bis hin zu Unternehmensnetzwerken. <\/p>\n<p><strong>Modelle:<\/strong><\/p>\n<p>Die Modelle 720XP-24Y6 und 720XP-48Y6 bieten zuverl\u00e4ssige PoE-Unterst\u00fctzung und ausreichend Kapazit\u00e4t f\u00fcr Ger\u00e4te wie Access Points, Smartphones und IoT-L\u00f6sungen. Damit eignen sie sich ideal f\u00fcr Unternehmen, die eine skalierbare und energieeffiziente Campus-Infrastruktur aufbauen m\u00f6chten.[\/vc_column_text][\/vc_tta_section][vc_tta_section title=&#8220;Arista 7500R-Serie&#8220; tab_id=&#8220;1761642463658-4e965243-daf1&#8243; el_class=&#8220;faq-first&#8220;][vc_column_text css=&#8220;&#8220;]Die Arista 7500R-Serie wurde f\u00fcr gro\u00dfe Rechenzentren und Cloud-Netzwerke entwickelt, die h\u00f6chste Leistung und Zuverl\u00e4ssigkeit erfordern. Diese Switches sind f\u00fcr Core- und Spine-Architekturen optimiert und bieten hohen Durchsatz, gro\u00dfe Puffer und konstante Leistung auch unter hoher Last. <\/p>\n<p><strong>Modelle:<\/strong><br \/>\nDie Modelle 7504R, 7508R und 7512R sind modulare Spine-Switches mit 100\/400-GbE-Unterst\u00fctzung, die f\u00fcr Umgebungen mit hohen Anforderungen an Skalierbarkeit und Flexibilit\u00e4t entwickelt wurden. Damit bildet die 7500R-Serie eine leistungsstarke Grundlage f\u00fcr moderne Rechenzentrumsinfrastrukturen.[\/vc_column_text][\/vc_tta_section][vc_tta_section title=&#8220;Arista 7800-Serie&#8220; tab_id=&#8220;1761642539439-62f29b46-bb83&#8243; el_class=&#8220;faq-first&#8220;][vc_column_text css=&#8220;&#8220;]Die Arista 7800-Serie wurde f\u00fcr gr\u00f6\u00dfte Rechenzentren, Serviceprovider und Cloud-Betreiber entwickelt, die extrem hohe Bandbreite und Zuverl\u00e4ssigkeit ben\u00f6tigen. Diese Plattformen bieten fortschrittliche Layer-2\/3-Funktionen, gro\u00dfe Puffer und Unterst\u00fctzung f\u00fcr 100\/400-GbE und eignen sich ideal f\u00fcr Umgebungen, in denen Skalierbarkeit und Leistung h\u00f6chste Priorit\u00e4t haben. <\/p>\n<p><strong>Modelle:<\/strong><\/p>\n<p>Die Modelle 7804R, 7808R und 7812R sind modulare Hochleistungs-Switches, die maximale Flexibilit\u00e4t in gro\u00dffl\u00e4chigen Cloud-Architekturen bieten. Dank ihrer leistungsstarken Routing-Funktionen und ihres zukunftssicheren Designs bilden sie eine stabile Grundlage f\u00fcr rechenintensive Workloads in Rechenzentren.[\/vc_column_text][\/vc_tta_section][vc_tta_section title=&#8220;Arista 7280R3 Serie&#8220; tab_id=&#8220;1761642579076-97f9df8f-7d10&#8243; el_class=&#8220;faq-first&#8220;][vc_column_text css=&#8220;&#8220;]Die Arista 7050X3-Serie wurde f\u00fcr hochdichte Rechenzentren entwickelt, die skalierbare Layer-2\/3-Dienste, geringe Latenz und moderne Netzwerkvirtualisierung ben\u00f6tigen. Dank der Unterst\u00fctzung von VXLAN und weiterer Technologien bieten diese Switches eine leistungsstarke Grundlage f\u00fcr virtualisierte und Cloud-native Umgebungen. <\/p>\n<p><strong>Modelle:<\/strong><\/p>\n<p>Die Modelle 7050X3-32S und 7050X3-48C bieten flexible 10\/25\/40\/100-GbE-Konnektivit\u00e4t und eignen sich daher f\u00fcr vielf\u00e4ltige Workloads in Rechenzentren. Ihre Kombination aus Leistung und Effizienz macht sie zu einer zuverl\u00e4ssigen Wahl f\u00fcr wachsende, moderne Infrastrukturen.[\/vc_column_text][\/vc_tta_section][vc_tta_section title=&#8220;Arista 7060X4 Serie&#8220; tab_id=&#8220;1739950824730-15fe4dd0-cd925507-9270&#8243; el_class=&#8220;faq-fourth&#8220;][vc_column_text css=&#8220;&#8220;]Die Arista 7060X4-Serie wurde f\u00fcr Rechenzentren der n\u00e4chsten Generation entwickelt, die hohe Dichte, geringe Latenz und 100\/400-GbE-Konnektivit\u00e4t erfordern. Diese Switches lassen sich nahtlos in moderne Leaf-Spine-Architekturen integrieren und eignen sich f\u00fcr Umgebungen mit hohem Datenverkehr und hoher Skalierbarkeit. <\/p>\n<p><strong>Modelle<\/strong><\/p>\n<p>Die Modelle 7060X4-32 und 7060PX4-32 bieten flexible 100\/400-GbE-Optionen und sind f\u00fcr Hyperscale-Cloud-Rechenzentren konzipiert. Ihre Effizienz und hohe Portdichte machen sie zu einer soliden Wahl f\u00fcr Unternehmen, die sich auf zuk\u00fcnftige Netzwerkanforderungen vorbereiten m\u00f6chten.[\/vc_column_text][\/vc_tta_section][vc_tta_section title=&#8220;Arista 7280R3 Serie&#8220; tab_id=&#8220;1761642318158-fbf7daef-0bdf&#8220; el_class=&#8220;faq-fourth&#8220;][vc_column_text css=&#8220;&#8220;]Die Arista 7280R3-Serie wurde f\u00fcr Rechenzentren und Serviceprovider entwickelt, die leistungsstarkes Routing, gro\u00dfe Puffer und zuverl\u00e4ssige 100\/400-GbE-Konnektivit\u00e4t ben\u00f6tigen. Dank ihrer konstanten Leistung und fortschrittlichen Layer-2\/3-Funktionen eignen sich diese Switches ideal f\u00fcr Anwendungen wie Internet-Peering, Spine-Architekturen und WAN-Edge-Bereitstellungen. <\/p>\n<p><strong>Modelle<\/strong><\/p>\n<p>Die Modelle 7280SR3-48C6 und 7280SR3-32C bieten leistungsstarkes Routing mit einer tiefen Pufferarchitektur und eignen sich daher hervorragend f\u00fcr hohe Lastspitzen und Anwendungen mit sprunghaftem Datenverkehr. Dies bildet eine robuste Grundlage f\u00fcr anspruchsvolle Rechenzentrums- und Netzwerkumgebungen.[\/vc_column_text][\/vc_tta_section][vc_tta_section title=&#8220;Arista 7800R3 Serie&#8220; tab_id=&#8220;1747834971747-e60e21e7-7c7e5507-9270&#8243; el_class=&#8220;faq-fourth&#8220;][vc_column_text css=&#8220;&#8220;]Die Arista R3-Modelle der 7800er-Serie sind f\u00fcr Hyperscale-Cloud- und Serviceprovider-Netzwerke konzipiert, die h\u00f6chste Kapazit\u00e4t, Zuverl\u00e4ssigkeit und fortschrittliches Routing erfordern. Dank Unterst\u00fctzung f\u00fcr 100\/400GbE und einer modularen Architektur bieten diese Switches die Leistung und Flexibilit\u00e4t, die f\u00fcr Core-, Peering- und gro\u00dffl\u00e4chige Rechenzentrumsverbindungen ben\u00f6tigt werden. <\/p>\n<p><strong>Modelle<\/strong><\/p>\n<p>Die Modelle 7804R3, 7808R3 und 7812R3 sind leistungsstarke, modulare Plattformen, die speziell f\u00fcr Core-Switching, Internet-Peering und DCI (Data Center Interconnect) entwickelt wurden. Ihre Skalierbarkeit und ihre hohe Funktionalit\u00e4t bilden eine solide Grundlage f\u00fcr anspruchsvollste Netzwerkinfrastrukturen.[\/vc_column_text][\/vc_tta_section][vc_tta_section title=&#8220;Arista 5000-Serie&#8220; tab_id=&#8220;1763991983662-b94489a5-2b88&#8243; el_class=&#8220;faq-fourth&#8220;][vc_column_text css=&#8220;&#8220;]Die Arista 5000-Serie wurde f\u00fcr Rechenzentren entwickelt, die zuverl\u00e4ssiges und effizientes 10-GbE-Switching ben\u00f6tigen. Diese Switches bieten eine stabile Grundlage f\u00fcr bestehende Umgebungen und sind eine solide Wahl f\u00fcr Unternehmen, die ihre bestehende 10\/40-GbE-Infrastruktur warten oder erweitern m\u00f6chten. <\/p>\n<p><strong>Modelle<\/strong><\/p>\n<p>Die Modelle 5048, 7050QX-32 und 7050TX-64 unterst\u00fctzen 10\/40-GbE-Netzwerke und eignen sich ideal f\u00fcr Rechenzentren, die eine konstante Leistung ben\u00f6tigen, ohne vollst\u00e4ndig auf die n\u00e4chste Generation von Geschwindigkeiten umzusteigen. Dies erm\u00f6glicht ein kosteneffizientes und zukunftssicheres Netzwerk-Upgrade.[\/vc_column_text][\/vc_tta_section][vc_tta_section title=&#8220;Arista 7300X3 Serie &#8220; tab_id=&#8220;1763992087638-03af4fae-bca9&#8243; el_class=&#8220;faq-fourth&#8220;][vc_column_text css=&#8220;&#8220;]Die Arista 7300X3-Serie umfasst modulare Switches f\u00fcr Unternehmens- und Rechenzentrumsumgebungen, die hohe Dichte, Flexibilit\u00e4t und zuverl\u00e4ssige 100-GbE-Leistung erfordern. Diese Plattformen sind f\u00fcr Organisationen konzipiert, die eine skalierbare und zukunftssichere Core- oder Aggregationsschicht aufbauen m\u00f6chten. <\/p>\n<p><strong>Modelle<\/strong><\/p>\n<p>Die Modelle 7300X3-32C und 7300X3-48C6 bieten hochdichte 100GbE-Konnektivit\u00e4t und fortschrittliche Layer-2\/3-Funktionalit\u00e4t. Dank ihres modularen Designs eignen sie sich ideal f\u00fcr gro\u00dfe Unternehmensnetzwerke und Aggregationsarchitekturen, bei denen Erweiterbarkeit und konsistentes Netzwerkmanagement entscheidend sind.[\/vc_column_text][\/vc_tta_section][vc_tta_section title=&#8220;Arista 7368X4 Serie&#8220; tab_id=&#8220;1763992502488-1fc774d7-9342&#8243; el_class=&#8220;faq-fourth&#8220;][vc_column_text css=&#8220;&#8220;]Die Arista 7368X4-Serie bietet modulare Switches f\u00fcr Rechenzentren und Serviceprovider, die maximale Flexibilit\u00e4t bei Bandbreite und Portgeschwindigkeiten ben\u00f6tigen. Mit Unterst\u00fctzung f\u00fcr 10\/25\/40\/100\/400GbE ist diese Serie ideal f\u00fcr Unternehmen, die eine skalierbare Infrastruktur mit hoher Leistung und geringer Latenz aufbauen m\u00f6chten. <\/p>\n<p><strong>Modelle<\/strong><\/p>\n<p>Das Modell 7368X4-32C kombiniert eine hohe Speicherdichte von 100\/400GbE mit einem kompakten, modularen Design und ist damit eine leistungsstarke Wahl f\u00fcr Umgebungen, die Erweiterbarkeit erfordern, ohne Platz oder Effizienz einzub\u00fc\u00dfen.[\/vc_column_text][\/vc_tta_section][vc_tta_section title=&#8220;Arista 7010T Serie&#8220; tab_id=&#8220;1763992530946-2e825f07-381c&#8220; el_class=&#8220;faq-fourth&#8220;][vc_column_text css=&#8220;&#8220;]Die Arista 7010T-Serie bietet Einstiegs-Access-Switches f\u00fcr Campusnetzwerke, die zuverl\u00e4ssige Layer-2\/3-Funktionalit\u00e4t und ein attraktives Preis-Leistungs-Verh\u00e4ltnis erfordern. Diese Serie ist ideal f\u00fcr Unternehmen, die eine effiziente, stabile und einfach zu verwaltende Zugriffsschicht aufbauen m\u00f6chten. <\/p>\n<p><strong>Modelle<\/strong><\/p>\n<p>Die Modelle 7010T-24 und 7010T-48 bieten kosteng\u00fcnstige Konnektivit\u00e4t f\u00fcr Unternehmensnetzwerke. Ihre hohe Leistungsf\u00e4higkeit und ihr energieeffizientes Design machen sie zu einer praktischen Wahl f\u00fcr Unternehmen, die ihr Netzwerk ohne hohe Investitionskosten modernisieren m\u00f6chten.[\/vc_column_text][\/vc_tta_section][\/vc_tta_accordion][\/vc_column][vc_column width=&#8220;1\/12&#8243;][\/vc_column][vc_column width=&#8220;6\/12&#8243; el_class=&#8220;mo-1&#8243;][vc_single_image image=&#8220;6391&#8243; img_size=&#8220;full&#8220; css=&#8220;&#8220;][\/vc_column][\/vc_row][vc_row el_class=&#8220;section-bestservice section-bestservice-small section-bestservice-row&#8220;][vc_column width=&#8220;1\/2&#8243; el_class=&#8220;inner&#8220;][vc_custom_heading text=&#8220;Modell nicht gefunden?&#8220; use_theme_fonts=&#8220;yes&#8220; css=&#8220;&#8220;][vc_column_text css=&#8220;&#8220;]Sie finden das gew\u00fcnschte Arista-Modell nicht auf unserer Website? Kein Problem! Dank unseres umfangreichen Netzwerks k\u00f6nnen wir Ihnen nahezu jedes Modell liefern, oft innerhalb von 24 Stunden. Kontaktieren Sie uns, um Ihre W\u00fcnsche zu besprechen. Wir helfen Ihnen gerne weiter.[\/vc_column_text][vc_btn title=&#8220;Kontakt aufnehmen&#8220; css=&#8220;&#8220; link=&#8220;url:https%3A%2F%2Fwww.qualifiednetworks.com%2Fde%2Fangebot-anfordern%2F|title:Kontakt%20aufnehmen|&#8220;][vc_btn title=&#8220;Ruf mich zur\u00fcck&#8220; style=&#8220;outline&#8220; color=&#8220;white&#8220; css=&#8220;&#8220; link=&#8220;url:https%3A%2F%2Fwww.qualifiednetworks.com%2Fde%2Fangebot-anfordern%2F|title:Ruf%20mich%20zur%C3%BCck|&#8220;][\/vc_column][vc_column width=&#8220;1\/2&#8243;][\/vc_column][\/vc_row][\/vc_section][vc_row el_class=&#8220;pt-100 pb-130&#8243;][vc_column width=&#8220;7\/12&#8243; el_class=&#8220;left-content&#8220;][vc_custom_heading text=&#8220;Faq&#8220; font_container=&#8220;tag:div|text_align:left&#8220; use_theme_fonts=&#8220;yes&#8220; el_class=&#8220;subtitle&#8220;][vc_custom_heading text=&#8220;Frage und Antwort&#8220; use_theme_fonts=&#8220;yes&#8220; css=&#8220;&#8220; el_id=&#8220;faq-first&#8220;][vc_tta_accordion title_tag=&#8220;p&#8220; section_title_tag=&#8220;p&#8220; style=&#8220;outline&#8220; shape=&#8220;square&#8220; color=&#8220;black&#8220; c_position=&#8220;right&#8220; active_section=&#8220;100&#8243; collapsible_all=&#8220;true&#8220;][vc_tta_section title=&#8220;Liefern Sie auch neue Arista-Schalter?&#8220; tab_id=&#8220;1740059542177-a6d79dfd-70e55507-9270&#8243;][vc_column_text css=&#8220;&#8220;]<\/p>\n<p data-pm-slice=\"1 1 []\">Ja, wir liefern sowohl neue als auch general\u00fcberholte Arista-Schalter. Neue, originalverpackte und neue, ge\u00f6ffnete Modelle sind ebenfalls erh\u00e4ltlich. <\/p>\n<p>[\/vc_column_text][\/vc_tta_section][vc_tta_section title=&#8220;Wie schnell k\u00f6nnen Sie Arista-Switches liefern?&#8220; tab_id=&#8220;1747836109474-65abd71d-182e5507-9270&#8243;][vc_column_text css=&#8220;&#8220;]Viele Modelle sind ab Lager verf\u00fcgbar. In den meisten F\u00e4llen erhalten Sie Ihre Bestellung am n\u00e4chsten Werktag.[\/vc_column_text][\/vc_tta_section][vc_tta_section title=&#8220;Gibt es eine Garantie auf general\u00fcberholte Arista-Schalter?&#8220; tab_id=&#8220;1747836106778-3a6b61ac-1ef85507-9270&#8243;][vc_column_text css=&#8220;&#8220;]Ja, alle unsere general\u00fcberholten Arista-Schalter haben eine lebenslange Garantie.[\/vc_column_text][\/vc_tta_section][vc_tta_section title=&#8220;Kaufen Sie auch alte Arista-Schalter?&#8220; tab_id=&#8220;1747836106236-15e39d87-0d775507-9270&#8243;][vc_column_text css=&#8220;&#8220;]Absolut. Wir bieten einen hohen Preis f\u00fcr abgeschriebene Netzwerkger\u00e4te und gew\u00e4hrleisten eine sichere Abwicklung.[\/vc_column_text][\/vc_tta_section][vc_tta_section title=&#8220;Welche Arista-Serien f\u00fchren Sie?&#8220; tab_id=&#8220;1747836105323-499530d2-cc505507-9270&#8243;][vc_column_text css=&#8220;&#8220;]Einschlie\u00dflich der Serien 7050X3, 7280R3, 7300X3, 7500R3 und 7010X. Ist Ihr gew\u00fcnschtes Modell nicht dabei? Kontaktieren Sie uns gerne. Dank unseres umfangreichen Netzwerks k\u00f6nnen wir Ihnen nahezu jeden Arista-Switch liefern.[\/vc_column_text][\/vc_tta_section][\/vc_tta_accordion][vc_btn title=&#8220;Mehr h\u00e4ufig gestellte Fragen&#8220; style=&#8220;outline&#8220; css=&#8220;&#8220; link=&#8220;url:https%3A%2F%2Fwww.qualifiednetworks.com%2Fde%2Ffaq%2F|&#8220; el_class=&#8220;pt-30&#8243;][\/vc_column][vc_column width=&#8220;5\/12&#8243; el_class=&#8220;faq-sidebar&#8220;][vc_custom_heading text=&#8220;Kontakt&#8220; font_container=&#8220;tag:div|text_align:left&#8220; use_theme_fonts=&#8220;yes&#8220; el_class=&#8220;subtitle&#8220;][vc_custom_heading text=&#8220;Andere Frage?&#8220; use_theme_fonts=&#8220;yes&#8220; css=&#8220;.vc_custom_1747836143916{margin-bottom: 5px !important;}&#8220;][vc_column_text css=&#8220;.vc_custom_1747836159058{margin-bottom: 10px !important;}&#8220; el_class=&#8220;sub-title&#8220;]F\u00fcr weitere Informationen kontaktieren Sie uns bitte.[\/vc_column_text][vc_row_inner el_class=&#8220;faq-contact-block&#8220;][vc_column_inner width=&#8220;1\/4&#8243;][vc_single_image image=&#8220;3815&#8243; img_size=&#8220;large&#8220; style=&#8220;vc_box_circle_2&#8243; onclick=&#8220;custom_link&#8220; css=&#8220;&#8220; link=&#8220;\/author\/oskar-paarhuis\/&#8220;][\/vc_column_inner][vc_column_inner width=&#8220;3\/4&#8243;][vc_column_text css=&#8220;&#8220;]<\/p>\n<div class=\"contact-wrapper\">\n<div class=\"contact-info\">\n<h6 class=\"name\"><a href=\"\/author\/oskar-paarhuis\/\">Oskar Paarhuis<\/a><\/h6>\n<p><a href=\"\/author\/oskar-paarhuis\/\"><span class=\"position\">IT-Spezialist<\/span><\/a><\/p>\n<\/div>\n<div class=\"contact-details\"><span class=\"contact-tel\"><a href=\"tel:+31202402350\">+31 (0) 20-2402350<\/a><\/span><span class=\"contact-email\"><br \/>\n<a href=\"mailto:info@qualifiednetworks.com\">info@qualifiednetworks.com<\/a><br \/>\n<\/span><\/div>\n<\/div>\n<p>[\/vc_column_text][\/vc_column_inner][\/vc_row_inner][\/vc_column][\/vc_row]<\/p>\n<\/div>","protected":false},"excerpt":{"rendered":"<p>[vc_section full_width=&#8220;stretch_row&#8220; el_class=&#8220;duurzaamheid section-intro pb-70&#8243; css=&#8220;.vc_custom_1748354937211{background-color: #F7F7FA !important;}&#8220;][vc_row el_class=&#8220;brand-section pt-180&#8243;][vc_column width=&#8220;6\/12&#8243;][vc_custom_heading text=&#8220;Zuverl\u00e4ssige Switches f\u00fcr moderne Netzwerke&#8220; font_container=&#8220;tag:div|text_align:left&#8220; use_theme_fonts=&#8220;yes&#8220; css=&#8220;&#8220; el_class=&#8220;subtitle&#8220;][vc_custom_heading text=&#8220;Arista-Schalter&#8220; font_container=&#8220;tag:h1|text_align:left&#8220; use_theme_fonts=&#8220;yes&#8220; css=&#8220;&#8220;][vc_column_text css=&#8220;&#8220;]Arista-Switches sind bekannt f\u00fcr ihre hohe Leistung, geringe Latenz und fortschrittlichen Netzwerkfunktionen. Sie wurden speziell f\u00fcr Rechenzentren, Cloud-Umgebungen und anspruchsvolle Netzwerkinfrastrukturen entwickelt. Qualified Networks bietet eine gro\u00dfe Auswahl an Arista-Switches \u2013 [&hellip;]<\/p>\n","protected":false},"author":1,"featured_media":0,"parent":7349,"menu_order":0,"comment_status":"closed","ping_status":"closed","template":"","meta":{"footnotes":""},"class_list":["post-7365","page","type-page","status-publish","hentry"],"acf":[],"_links":{"self":[{"href":"https:\/\/www.qualifiednetworks.com\/de\/wp-json\/wp\/v2\/pages\/7365","targetHints":{"allow":["GET"]}}],"collection":[{"href":"https:\/\/www.qualifiednetworks.com\/de\/wp-json\/wp\/v2\/pages"}],"about":[{"href":"https:\/\/www.qualifiednetworks.com\/de\/wp-json\/wp\/v2\/types\/page"}],"author":[{"embeddable":true,"href":"https:\/\/www.qualifiednetworks.com\/de\/wp-json\/wp\/v2\/users\/1"}],"replies":[{"embeddable":true,"href":"https:\/\/www.qualifiednetworks.com\/de\/wp-json\/wp\/v2\/comments?post=7365"}],"version-history":[{"count":10,"href":"https:\/\/www.qualifiednetworks.com\/de\/wp-json\/wp\/v2\/pages\/7365\/revisions"}],"predecessor-version":[{"id":7700,"href":"https:\/\/www.qualifiednetworks.com\/de\/wp-json\/wp\/v2\/pages\/7365\/revisions\/7700"}],"up":[{"embeddable":true,"href":"https:\/\/www.qualifiednetworks.com\/de\/wp-json\/wp\/v2\/pages\/7349"}],"wp:attachment":[{"href":"https:\/\/www.qualifiednetworks.com\/de\/wp-json\/wp\/v2\/media?parent=7365"}],"curies":[{"name":"wp","href":"https:\/\/api.w.org\/{rel}","templated":true}]}}