 {"id":7381,"date":"2025-11-20T16:58:16","date_gmt":"2025-11-20T16:58:16","guid":{"rendered":"https:\/\/www.qualifiednetworks.com\/produkte\/schalter\/aruba-schalter\/"},"modified":"2025-11-20T16:58:18","modified_gmt":"2025-11-20T16:58:18","slug":"aruba-schalter","status":"publish","type":"page","link":"https:\/\/www.qualifiednetworks.com\/de\/produkte\/schalter\/aruba-schalter\/","title":{"rendered":"Aruba-Schalter"},"content":{"rendered":"<div class=\"wpb-content-wrapper\"><p>[vc_section full_width=&#8220;stretch_row&#8220; el_class=&#8220;duurzaamheid section-intro pb-70&#8243; css=&#8220;.vc_custom_1748354937211{background-color: #F7F7FA !important;}&#8220;][vc_row el_class=&#8220;brand-section pt-180&#8243;][vc_column width=&#8220;6\/12&#8243;][vc_custom_heading text=&#8220;Zuverl\u00e4ssige Switches f\u00fcr moderne Netzwerke&#8220; font_container=&#8220;tag:div|text_align:left&#8220; use_theme_fonts=&#8220;yes&#8220; css=&#8220;&#8220; el_class=&#8220;subtitle&#8220;][vc_custom_heading text=&#8220;Aruba-Schalter&#8220; font_container=&#8220;tag:h1|text_align:left&#8220; use_theme_fonts=&#8220;yes&#8220; css=&#8220;&#8220;][vc_column_text css=&#8220;&#8220;]Aruba Switches vereinen hohe Leistung, Skalierbarkeit und einfache Verwaltung. Ob Sie ein Netzwerk f\u00fcr ein mittelst\u00e4ndisches Unternehmen oder eine Gro\u00dfkonzernumgebung einrichten \u2013 wir haben das passende Modell f\u00fcr Sie. Alle unsere Switches werden gr\u00fcndlich getestet, auf Werkseinstellungen zur\u00fcckgesetzt und sind sofort einsatzbereit.[\/vc_column_text][vc_row_inner el_class=&#8220;buttons service-mobile-cta&#8220;][vc_column_inner width=&#8220;1\/2&#8243; css=&#8220;.vc_custom_1740487265499{padding-right: 10px !important;padding-left: 0px !important;}&#8220;][vc_btn title=&#8220;Angebot anfordern&#8220; css=&#8220;&#8220; link=&#8220;url:https%3A%2F%2Fwww.qualifiednetworks.com%2Fde%2Fangebot-anfordern%2F|title:Angebot%20anfordern|&#8220;][\/vc_column_inner][vc_column_inner width=&#8220;1\/2&#8243; css=&#8220;.vc_custom_1740487216177{padding-right: 0px !important;padding-left: 0px !important;}&#8220;][vc_btn title=&#8220;Kontakt aufnehmen&#8220; style=&#8220;outline&#8220; css=&#8220;&#8220; link=&#8220;url:https%3A%2F%2Fwww.qualifiednetworks.com%2Fde%2Fangebot-anfordern%2F|title:Kontakt%20aufnehmen|&#8220;][\/vc_column_inner][\/vc_row_inner][vc_column_text][\/vc_column_text][\/vc_column][vc_column width=&#8220;1\/12&#8243;][\/vc_column][vc_column width=&#8220;5\/12&#8243; el_class=&#8220;form&#8220;][vc_custom_heading text=&#8220;Warum Aruba mit uns?&#8220; use_theme_fonts=&#8220;yes&#8220; css=&#8220;&#8220;][vc_column_text css=&#8220;&#8220; el_class=&#8220;list&#8220;]<\/p>\n<ul>\n<li>Lebenslange Garantie<\/li>\n<li>Gr\u00fcndlich an mehr als 20 Punkten getestet<\/li>\n<li>Schnelle Lieferung ab Lager<\/li>\n<li>Pers\u00f6nliche Beratung f\u00fcr jedes Projekt<\/li>\n<\/ul>\n<p>[\/vc_column_text][\/vc_column][\/vc_row][vc_row equal_height=&#8220;yes&#8220; el_class=&#8220;kwaliteit pb-90 pt-120&#8243;][vc_column width=&#8220;5\/12&#8243;][vc_custom_heading text=&#8220;Unser Aruba-Angebot&#8220; font_container=&#8220;tag:div|text_align:left&#8220; use_theme_fonts=&#8220;yes&#8220; css=&#8220;&#8220; el_class=&#8220;subtitle&#8220;][vc_custom_heading text=&#8220;Beliebte Schalter&#8220; use_theme_fonts=&#8220;yes&#8220; css=&#8220;&#8220;][vc_column_text css=&#8220;&#8220;]Wir liefern unter anderem Modelle der Serien 2530, 2540, 2930F, 3810M und 5400R. Diese Switches sind bekannt f\u00fcr ihre Zuverl\u00e4ssigkeit, einfache Integration und hohe Leistungsf\u00e4higkeit in anspruchsvollen Netzwerken.[\/vc_column_text][vc_tta_accordion title_tag=&#8220;p&#8220; section_title_tag=&#8220;p&#8220; style=&#8220;outline&#8220; shape=&#8220;square&#8220; color=&#8220;black&#8220; c_position=&#8220;right&#8220; active_section=&#8220;100&#8243; collapsible_all=&#8220;true&#8220; el_class=&#8220;faq-list&#8220;][vc_tta_section title=&#8220;Aruba 2530&#8243; tab_id=&#8220;1747834971747-e60e21e7-7c7e5507-92708d48-17ee&#8220; el_class=&#8220;faq-fourth&#8220;][vc_column_text css=&#8220;&#8220;]Einstiegsmodell f\u00fcr kleinere Netzwerke. Zuverl\u00e4ssig, leise und energieeffizient.[\/vc_column_text][\/vc_tta_section][vc_tta_section title=&#8220;Aruba 2930F&#8220; tab_id=&#8220;1739950826636-55c2f176-34655507-92708d48-17ee&#8220; el_class=&#8220;faq-second&#8220;][vc_column_text css=&#8220;&#8220;]Geeignet f\u00fcr Campus- und Edge-Netzwerke. Kompakt, energieeffizient und einfach zu verwalten.[\/vc_column_text][\/vc_tta_section][vc_tta_section title=&#8220;Aruba 2930M&#8220; tab_id=&#8220;1739950825489-c6fadf36-f1965507-92708d48-17ee&#8220; el_class=&#8220;faq-third&#8220;][vc_column_text css=&#8220;&#8220;]\u00c4hnlich dem Modell 2930F, jedoch mit mehr Erweiterungsm\u00f6glichkeiten und h\u00f6herer Leistung.[\/vc_column_text][\/vc_tta_section][vc_tta_section title=&#8220;Aruba 3810M&#8220; tab_id=&#8220;1739950626685-57982fb7-7b0d5507-92708d48-17ee&#8220; el_class=&#8220;faq-first&#8220;][vc_column_text css=&#8220;&#8220;]Leistungsstarker Layer-3-Switch f\u00fcr mittlere bis gro\u00dfe Netzwerke. Flexibel einsetzbar und einfach zu stapeln.[\/vc_column_text][\/vc_tta_section][vc_tta_section title=&#8220;Aruba 5400R&#8220; tab_id=&#8220;1739950824730-15fe4dd0-cd925507-92708d48-17ee&#8220; el_class=&#8220;faq-fourth&#8220;][vc_column_text css=&#8220;&#8220;]Modularer Switch f\u00fcr anspruchsvolle Unternehmensumgebungen. Hoch skalierbar und zuverl\u00e4ssig.[\/vc_column_text][\/vc_tta_section][\/vc_tta_accordion][\/vc_column][vc_column width=&#8220;1\/12&#8243;][\/vc_column][vc_column width=&#8220;6\/12&#8243; el_class=&#8220;mo-1&#8243;][vc_single_image image=&#8220;6396&#8243; img_size=&#8220;full&#8220; css=&#8220;&#8220;][\/vc_column][\/vc_row][vc_row el_class=&#8220;section-bestservice section-bestservice-small section-bestservice-row&#8220;][vc_column width=&#8220;1\/2&#8243; el_class=&#8220;inner&#8220;][vc_custom_heading text=&#8220;Modell nicht gefunden?&#8220; use_theme_fonts=&#8220;yes&#8220; css=&#8220;&#8220;][vc_column_text css=&#8220;&#8220;]Keine Sorge. Dank unseres umfangreichen Netzwerks k\u00f6nnen wir Ihnen nahezu jedes Aruba-Modell liefern, oft innerhalb von 24 Stunden. Kontaktieren Sie uns gerne, um Ihre Anfrage zu besprechen. Wir helfen Ihnen gerne, die passende L\u00f6sung zu finden.[\/vc_column_text][vc_btn title=&#8220;Kontakt aufnehmen&#8220; css=&#8220;&#8220; link=&#8220;url:https%3A%2F%2Fwww.qualifiednetworks.com%2Fde%2Fangebot-anfordern%2F|title:Kontakt%20aufnehmen|&#8220;][vc_btn title=&#8220;Ruf mich zur\u00fcck&#8220; style=&#8220;outline&#8220; color=&#8220;white&#8220; css=&#8220;&#8220; link=&#8220;url:https%3A%2F%2Fwww.qualifiednetworks.com%2Fde%2Fangebot-anfordern%2F|title:Ruf%20mich%20zur%C3%BCck|&#8220;][\/vc_column][vc_column width=&#8220;1\/2&#8243;][\/vc_column][\/vc_row][\/vc_section][vc_row el_class=&#8220;pt-100 pb-130&#8243;][vc_column width=&#8220;7\/12&#8243; el_class=&#8220;left-content&#8220;][vc_custom_heading text=&#8220;Faq&#8220; font_container=&#8220;tag:div|text_align:left&#8220; use_theme_fonts=&#8220;yes&#8220; el_class=&#8220;subtitle&#8220;][vc_custom_heading text=&#8220;Frage und Antwort&#8220; use_theme_fonts=&#8220;yes&#8220; css=&#8220;&#8220; el_id=&#8220;faq-first&#8220;][vc_tta_accordion title_tag=&#8220;p&#8220; section_title_tag=&#8220;p&#8220; style=&#8220;outline&#8220; shape=&#8220;square&#8220; color=&#8220;black&#8220; c_position=&#8220;right&#8220; active_section=&#8220;100&#8243; collapsible_all=&#8220;true&#8220;][vc_tta_section title=&#8220;Welche Aruba-Serien bieten Sie an?&#8220; tab_id=&#8220;1740059542177-a6d79dfd-70e55507-92708d48-17ee&#8220;][vc_column_text css=&#8220;&#8220;]<\/p>\n<p data-pm-slice=\"1 1 []\">Wir liefern unter anderem Aruba Switches der Serien 2530, 2540, 2930F, 3810M und 5400R. Ist Ihr Modell nicht dabei? Kontaktieren Sie uns; wir k\u00f6nnen Ihnen dank unseres Netzwerks fast jedes Modell schnell liefern.  <\/p>\n<p>[\/vc_column_text][\/vc_tta_section][vc_tta_section title=&#8220;Sind die Aruba-Switches general\u00fcberholt oder neu?&#8220; tab_id=&#8220;1747836109474-65abd71d-182e5507-92708d48-17ee&#8220;][vc_column_text css=&#8220;&#8220;]Wir liefern sowohl general\u00fcberholte als auch neue Modelle. Unsere general\u00fcberholten Schalter wurden gr\u00fcndlich gepr\u00fcft, auf Werkseinstellungen zur\u00fcckgesetzt und sind sofort einsatzbereit.[\/vc_column_text][\/vc_tta_section][vc_tta_section title=&#8220;Wie schnell werden Aruba-Switches geliefert?&#8220; tab_id=&#8220;1747836106778-3a6b61ac-1ef85507-92708d48-17ee&#8220;][vc_column_text css=&#8220;&#8220;]Sofern verf\u00fcgbar, wird Ihre Bestellung in der Regel innerhalb von 24 Stunden versandt.[\/vc_column_text][\/vc_tta_section][vc_tta_section title=&#8220;Erhalte ich eine Garantie auf einen Aruba-Switch?&#8220; tab_id=&#8220;1747836106236-15e39d87-0d775507-92708d48-17ee&#8220;][vc_column_text css=&#8220;&#8220;]Ja, unsere general\u00fcberholten Schalter werden mit einer standardm\u00e4\u00dfigen lebenslangen Garantie geliefert.[\/vc_column_text][\/vc_tta_section][\/vc_tta_accordion][vc_btn title=&#8220;Mehr h\u00e4ufig gestellte Fragen&#8220; style=&#8220;outline&#8220; css=&#8220;&#8220; link=&#8220;url:https%3A%2F%2Fwww.qualifiednetworks.com%2Fde%2Ffaq%2F|&#8220; el_class=&#8220;pt-30&#8243;][\/vc_column][vc_column width=&#8220;5\/12&#8243; el_class=&#8220;faq-sidebar&#8220;][vc_custom_heading text=&#8220;Kontakt&#8220; font_container=&#8220;tag:div|text_align:left&#8220; use_theme_fonts=&#8220;yes&#8220; el_class=&#8220;subtitle&#8220;][vc_custom_heading text=&#8220;Andere Frage?&#8220; use_theme_fonts=&#8220;yes&#8220; css=&#8220;.vc_custom_1747836143916{margin-bottom: 5px !important;}&#8220;][vc_column_text css=&#8220;.vc_custom_1747836159058{margin-bottom: 10px !important;}&#8220; el_class=&#8220;sub-title&#8220;]F\u00fcr weitere Informationen kontaktieren Sie uns bitte.[\/vc_column_text][vc_row_inner el_class=&#8220;faq-contact-block&#8220;][vc_column_inner width=&#8220;1\/4&#8243;][vc_single_image image=&#8220;3815&#8243; img_size=&#8220;large&#8220; style=&#8220;vc_box_circle_2&#8243; onclick=&#8220;custom_link&#8220; css=&#8220;&#8220; link=&#8220;\/author\/oskar-paarhuis\/&#8220;][\/vc_column_inner][vc_column_inner width=&#8220;3\/4&#8243;][vc_column_text css=&#8220;&#8220;]<\/p>\n<div class=\"contact-wrapper\">\n<div class=\"contact-info\">\n<h6 class=\"name\"><a href=\"\/author\/oskar-paarhuis\/\">Oskar Paarhuis<\/a><\/h6>\n<p><a href=\"\/author\/oskar-paarhuis\/\"><span class=\"position\">IT-Spezialist<\/span><\/a><\/p>\n<\/div>\n<div class=\"contact-details\"><span class=\"contact-tel\"><a href=\"tel:+31202402350\">+31 (0) 20-2402350<\/a><\/span><span class=\"contact-email\"><br \/>\n<a href=\"mailto:info@qualifiednetworks.com\">info@qualifiednetworks.com<\/a><br \/>\n<\/span><\/div>\n<\/div>\n<p>[\/vc_column_text][\/vc_column_inner][\/vc_row_inner][\/vc_column][\/vc_row]<\/p>\n<\/div>","protected":false},"excerpt":{"rendered":"<p>[vc_section full_width=&#8220;stretch_row&#8220; el_class=&#8220;duurzaamheid section-intro pb-70&#8243; css=&#8220;.vc_custom_1748354937211{background-color: #F7F7FA !important;}&#8220;][vc_row el_class=&#8220;brand-section pt-180&#8243;][vc_column width=&#8220;6\/12&#8243;][vc_custom_heading text=&#8220;Zuverl\u00e4ssige Switches f\u00fcr moderne Netzwerke&#8220; font_container=&#8220;tag:div|text_align:left&#8220; use_theme_fonts=&#8220;yes&#8220; css=&#8220;&#8220; el_class=&#8220;subtitle&#8220;][vc_custom_heading text=&#8220;Aruba-Schalter&#8220; font_container=&#8220;tag:h1|text_align:left&#8220; use_theme_fonts=&#8220;yes&#8220; css=&#8220;&#8220;][vc_column_text css=&#8220;&#8220;]Aruba Switches vereinen hohe Leistung, Skalierbarkeit und einfache Verwaltung. Ob Sie ein Netzwerk f\u00fcr ein mittelst\u00e4ndisches Unternehmen oder eine Gro\u00dfkonzernumgebung einrichten \u2013 wir haben das passende Modell f\u00fcr Sie. Alle unsere [&hellip;]<\/p>\n","protected":false},"author":1,"featured_media":0,"parent":7349,"menu_order":0,"comment_status":"closed","ping_status":"closed","template":"","meta":{"footnotes":""},"class_list":["post-7381","page","type-page","status-publish","hentry"],"acf":[],"_links":{"self":[{"href":"https:\/\/www.qualifiednetworks.com\/de\/wp-json\/wp\/v2\/pages\/7381","targetHints":{"allow":["GET"]}}],"collection":[{"href":"https:\/\/www.qualifiednetworks.com\/de\/wp-json\/wp\/v2\/pages"}],"about":[{"href":"https:\/\/www.qualifiednetworks.com\/de\/wp-json\/wp\/v2\/types\/page"}],"author":[{"embeddable":true,"href":"https:\/\/www.qualifiednetworks.com\/de\/wp-json\/wp\/v2\/users\/1"}],"replies":[{"embeddable":true,"href":"https:\/\/www.qualifiednetworks.com\/de\/wp-json\/wp\/v2\/comments?post=7381"}],"version-history":[{"count":3,"href":"https:\/\/www.qualifiednetworks.com\/de\/wp-json\/wp\/v2\/pages\/7381\/revisions"}],"predecessor-version":[{"id":7384,"href":"https:\/\/www.qualifiednetworks.com\/de\/wp-json\/wp\/v2\/pages\/7381\/revisions\/7384"}],"up":[{"embeddable":true,"href":"https:\/\/www.qualifiednetworks.com\/de\/wp-json\/wp\/v2\/pages\/7349"}],"wp:attachment":[{"href":"https:\/\/www.qualifiednetworks.com\/de\/wp-json\/wp\/v2\/media?parent=7381"}],"curies":[{"name":"wp","href":"https:\/\/api.w.org\/{rel}","templated":true}]}}