 {"id":7405,"date":"2025-11-20T17:18:45","date_gmt":"2025-11-20T17:18:45","guid":{"rendered":"https:\/\/www.qualifiednetworks.com\/produkte\/schalter\/dell-switches\/"},"modified":"2025-11-20T17:18:47","modified_gmt":"2025-11-20T17:18:47","slug":"dell-switches","status":"publish","type":"page","link":"https:\/\/www.qualifiednetworks.com\/de\/produkte\/schalter\/dell-switches\/","title":{"rendered":"Dell-Switches"},"content":{"rendered":"<div class=\"wpb-content-wrapper\"><p>[vc_section full_width=&#8220;stretch_row&#8220; el_class=&#8220;duurzaamheid section-intro pb-70&#8243; css=&#8220;.vc_custom_1748354937211{background-color: #F7F7FA !important;}&#8220;][vc_row el_class=&#8220;brand-section pt-180&#8243;][vc_column width=&#8220;6\/12&#8243;][vc_custom_heading text=&#8220;Schalter f\u00fcr jede Umgebung&#8220; font_container=&#8220;tag:div|text_align:left&#8220; use_theme_fonts=&#8220;yes&#8220; css=&#8220;&#8220; el_class=&#8220;subtitle&#8220;][vc_custom_heading text=&#8220;Dell-Switches&#8220; font_container=&#8220;tag:h1|text_align:left&#8220; use_theme_fonts=&#8220;yes&#8220; css=&#8220;&#8220;][vc_column_text css=&#8220;&#8220;]Dell Switches vereinen hohe Leistung mit Skalierbarkeit und eignen sich f\u00fcr eine Vielzahl von IT-Umgebungen. Ob kleines Unternehmensnetzwerk oder gro\u00dfe Unternehmensinfrastruktur \u2013 Dell bietet das passende Modell. Wir liefern schnell ab Lager, beraten Sie professionell und gew\u00e4hren eine lebenslange Garantie auf general\u00fcberholte Ger\u00e4te.[\/vc_column_text][vc_row_inner el_class=&#8220;buttons service-mobile-cta&#8220;][vc_column_inner width=&#8220;1\/2&#8243; css=&#8220;.vc_custom_1740487265499{padding-right: 10px !important;padding-left: 0px !important;}&#8220;][vc_btn title=&#8220;Angebot anfordern&#8220; css=&#8220;&#8220; link=&#8220;url:https%3A%2F%2Fwww.qualifiednetworks.com%2Fde%2Fangebot-anfordern%2F|title:Angebot%20anfordern|&#8220;][\/vc_column_inner][vc_column_inner width=&#8220;1\/2&#8243; css=&#8220;.vc_custom_1740487216177{padding-right: 0px !important;padding-left: 0px !important;}&#8220;][vc_btn title=&#8220;Kontakt aufnehmen&#8220; style=&#8220;outline&#8220; css=&#8220;&#8220; link=&#8220;url:https%3A%2F%2Fwww.qualifiednetworks.com%2Fde%2Fangebot-anfordern%2F|title:Kontakt%20aufnehmen|&#8220;][\/vc_column_inner][\/vc_row_inner][vc_column_text][\/vc_column_text][\/vc_column][vc_column width=&#8220;1\/12&#8243;][\/vc_column][vc_column width=&#8220;5\/12&#8243; el_class=&#8220;form&#8220;][vc_custom_heading text=&#8220;Warum Qualified Networks?&#8220; use_theme_fonts=&#8220;yes&#8220; css=&#8220;&#8220;][vc_column_text css=&#8220;&#8220; el_class=&#8220;list&#8220;]<\/p>\n<ul>\n<li>Lebenslange Garantie auf general\u00fcberholte Modelle<\/li>\n<li>Ab Lager verf\u00fcgbar, oft innerhalb von 24 Stunden<\/li>\n<li>Technisch an mehr als 20 Punkten getestet<\/li>\n<li>Auf Werkseinstellungen zur\u00fcckgesetzt und vollst\u00e4ndig gel\u00f6scht<\/li>\n<li>Fachkundige Beratung zu Auswahl und Installation<\/li>\n<\/ul>\n<p>[\/vc_column_text][\/vc_column][\/vc_row][vc_row equal_height=&#8220;yes&#8220; el_class=&#8220;kwaliteit pb-90 pt-120&#8243;][vc_column width=&#8220;5\/12&#8243;][vc_custom_heading text=&#8220;Viel gefragt&#8220; font_container=&#8220;tag:div|text_align:left&#8220; use_theme_fonts=&#8220;yes&#8220; css=&#8220;&#8220; el_class=&#8220;subtitle&#8220;][vc_custom_heading text=&#8220;Beliebte Dell-Switches&#8220; use_theme_fonts=&#8220;yes&#8220; css=&#8220;&#8220;][vc_column_text css=&#8220;&#8220;]Dell bietet eine breite Palette an Switches, die f\u00fcr ihre Skalierbarkeit und Zuverl\u00e4ssigkeit bekannt sind. Im Folgenden stellen wir einige beliebte Serien vor.[\/vc_column_text][vc_tta_accordion title_tag=&#8220;p&#8220; section_title_tag=&#8220;p&#8220; style=&#8220;outline&#8220; shape=&#8220;square&#8220; color=&#8220;black&#8220; c_position=&#8220;right&#8220; active_section=&#8220;100&#8243; collapsible_all=&#8220;true&#8220; el_class=&#8220;faq-list&#8220;][vc_tta_section title=&#8220;Dell PowerConnect 2800 Serie&#8220; tab_id=&#8220;1739950626685-57982fb7-7b0d5507-92707b5e-12c8&#8243; el_class=&#8220;faq-first&#8220;][vc_column_text css=&#8220;&#8220;]Managed Layer 2 Gigabit-Switches f\u00fcr einfache Netzwerke. Zuverl\u00e4ssig, kosteng\u00fcnstig und einfach zu konfigurieren. Ideal f\u00fcr kleine B\u00fcros oder als Edge-Switch.[\/vc_column_text][\/vc_tta_section][vc_tta_section title=&#8220;Dell PowerConnect 5500 Serie&#8220; tab_id=&#8220;1739950826636-55c2f176-34655507-92707b5e-12c8&#8243; el_class=&#8220;faq-second&#8220;][vc_column_text css=&#8220;&#8220;]Stapelbare Layer-2-Switches mit PoE-Unterst\u00fctzung. Weit verbreitet in Campus-Netzwerken oder als Zugriffsschicht in gr\u00f6\u00dferen Netzwerken. Unterst\u00fctzt grundlegende Layer-3-Funktionen.[\/vc_column_text][\/vc_tta_section][vc_tta_section title=&#8220;Dell Netzwerk N-Serie&#8220; tab_id=&#8220;1739950825489-c6fadf36-f1965507-92707b5e-12c8&#8243; el_class=&#8220;faq-third&#8220;][vc_column_text css=&#8220;&#8220;]Zug\u00e4ngliche Layer-2- und Layer-3-Switches, geeignet f\u00fcr KMU- und Unternehmensnetzwerke. Die N-Serie bietet eine Kombination aus Energieeffizienz und hohem Durchsatz.[\/vc_column_text][\/vc_tta_section][vc_tta_section title=&#8220;Dell PowerSwitch S-Serie&#8220; tab_id=&#8220;1739950824730-15fe4dd0-cd925507-92707b5e-12c8&#8243; el_class=&#8220;faq-fourth&#8220;][vc_column_text css=&#8220;&#8220;]Modulare Switches f\u00fcr Rechenzentren und anspruchsvolle Netzwerkumgebungen. Unterst\u00fctzt hohe Portdichte, Layer-3-Routing und schnelle Uplinks bis zu 100 Gbit\/s.<\/p>\n<p>[\/vc_column_text][\/vc_tta_section][vc_tta_section title=&#8220;Dell PowerSwitch Z-Serie&#8220; tab_id=&#8220;1747834971747-e60e21e7-7c7e5507-92707b5e-12c8&#8243; el_class=&#8220;faq-fourth&#8220;][vc_column_text css=&#8220;&#8220;]Hochwertige Switches mit hoher Kapazit\u00e4t und Geschwindigkeit (10\/25\/40\/100GbE), entwickelt f\u00fcr das Backbone moderner Rechenzentren. Ideal f\u00fcr rechenintensive Workloads, Virtualisierung und Cloud-Anwendungen.[\/vc_column_text][\/vc_tta_section][\/vc_tta_accordion][\/vc_column][vc_column width=&#8220;1\/12&#8243;][\/vc_column][vc_column width=&#8220;6\/12&#8243; el_class=&#8220;mo-1&#8243;][vc_single_image image=&#8220;6402&#8243; img_size=&#8220;full&#8220; css=&#8220;&#8220;][\/vc_column][\/vc_row][vc_row el_class=&#8220;section-bestservice section-bestservice-small section-bestservice-row&#8220;][vc_column width=&#8220;1\/2&#8243; el_class=&#8220;inner&#8220;][vc_custom_heading text=&#8220;Modell nicht gefunden?&#8220; use_theme_fonts=&#8220;yes&#8220; css=&#8220;&#8220;][vc_column_text css=&#8220;&#8220;]Nicht alles ist online verf\u00fcgbar. Dank unseres umfangreichen Netzwerks k\u00f6nnen wir Ihnen nahezu jedes Dell-Switch-Modell liefern, oft innerhalb eines Tages. Teilen Sie uns Ihre Anforderungen mit; wir helfen Ihnen gerne, die optimale L\u00f6sung zu finden.[\/vc_column_text][vc_btn title=&#8220;Kontakt aufnehmen&#8220; css=&#8220;&#8220; link=&#8220;url:https%3A%2F%2Fwww.qualifiednetworks.com%2Fde%2Fangebot-anfordern%2F|title:Kontakt%20aufnehmen|&#8220;][vc_btn title=&#8220;Ruf mich zur\u00fcck&#8220; style=&#8220;outline&#8220; color=&#8220;white&#8220; css=&#8220;&#8220; link=&#8220;url:http%3A%2F%2Flocalhost%2Fqualifiednetworks%2Fen%2Fcontact%2F|title:Ruf%20mich%20zur%C3%BCck|&#8220;][\/vc_column][vc_column width=&#8220;1\/2&#8243;][\/vc_column][\/vc_row][\/vc_section][vc_row el_class=&#8220;pt-100 pb-130&#8243;][vc_column width=&#8220;7\/12&#8243; el_class=&#8220;left-content&#8220;][vc_custom_heading text=&#8220;Faq&#8220; font_container=&#8220;tag:div|text_align:left&#8220; use_theme_fonts=&#8220;yes&#8220; el_class=&#8220;subtitle&#8220;][vc_custom_heading text=&#8220;Frage und Antwort&#8220; use_theme_fonts=&#8220;yes&#8220; css=&#8220;&#8220; el_id=&#8220;faq-first&#8220;][vc_tta_accordion title_tag=&#8220;p&#8220; section_title_tag=&#8220;p&#8220; style=&#8220;outline&#8220; shape=&#8220;square&#8220; color=&#8220;black&#8220; c_position=&#8220;right&#8220; active_section=&#8220;100&#8243; collapsible_all=&#8220;true&#8220;][vc_tta_section title=&#8220;Welche Dell-Switch-Serien bieten Sie an?&#8220; tab_id=&#8220;1740059542177-a6d79dfd-70e55507-92707b5e-12c8&#8243;][vc_column_text css=&#8220;&#8220;]<\/p>\n<p data-pm-slice=\"1 1 []\">Wir bieten unter anderem Modelle der Dell N-Serie, PowerConnect-Serie und PowerSwitch-Serie an. Ist Ihr Modell nicht aufgef\u00fchrt? Kontaktieren Sie uns, um die M\u00f6glichkeiten zu besprechen.  <\/p>\n<p>[\/vc_column_text][\/vc_tta_section][vc_tta_section title=&#8220;Sind die Dell-Switches general\u00fcberholt?&#8220; tab_id=&#8220;1747836109474-65abd71d-182e5507-92707b5e-12c8&#8243;][vc_column_text css=&#8220;&#8220;]Ja, viele unserer Switches sind professionell \u00fcberholt. Sie werden vollst\u00e4ndig gepr\u00fcft, gel\u00f6scht und auf Werkseinstellungen zur\u00fcckgesetzt. Sie erhalten eine standardm\u00e4\u00dfige lebenslange Garantie.[\/vc_column_text][\/vc_tta_section][vc_tta_section title=&#8220;Wie lange ist die Lieferzeit f\u00fcr einen Dell-Switch?&#8220; tab_id=&#8220;1747836106778-3a6b61ac-1ef85507-92707b5e-12c8&#8243;][vc_column_text css=&#8220;&#8220;]Ist das gew\u00fcnschte Modell auf Lager, k\u00f6nnen wir es oft innerhalb von 24 Stunden liefern. Kontaktieren Sie uns f\u00fcr die aktuelle Verf\u00fcgbarkeit.[\/vc_column_text][\/vc_tta_section][vc_tta_section title=&#8220;Bieten Sie Beratung bei der Auswahl eines Dell-Switches an?&#8220; tab_id=&#8220;1747836106236-15e39d87-0d775507-92707b5e-12c8&#8243;][vc_column_text css=&#8220;&#8220;]Absolut. Basierend auf Ihrem Netzwerk, dessen Umfang und Ihren Anforderungen empfehlen wir Ihnen den optimalen Switch-Typ und die passende Serie.[\/vc_column_text][\/vc_tta_section][vc_tta_section title=&#8220;Liefern Sie auch neue Dell-Switches?&#8220; tab_id=&#8220;1747836105323-499530d2-cc505507-92707b5e-12c8&#8243;][vc_column_text css=&#8220;&#8220;]Ja, wir bieten general\u00fcberholte, neue originalverpackte und neue, ge\u00f6ffnete Dell-Switches an. Sie k\u00f6nnen Ihre Pr\u00e4ferenz bei Ihrer Anfrage angeben.[\/vc_column_text][\/vc_tta_section][\/vc_tta_accordion][vc_btn title=&#8220;Mehr h\u00e4ufig gestellte Fragen&#8220; style=&#8220;outline&#8220; css=&#8220;&#8220; link=&#8220;url:https%3A%2F%2Fwww.qualifiednetworks.com%2Fde%2Ffaq%2F|&#8220; el_class=&#8220;pt-30&#8243;][\/vc_column][vc_column width=&#8220;5\/12&#8243; el_class=&#8220;faq-sidebar&#8220;][vc_custom_heading text=&#8220;Kontakt&#8220; font_container=&#8220;tag:div|text_align:left&#8220; use_theme_fonts=&#8220;yes&#8220; el_class=&#8220;subtitle&#8220;][vc_custom_heading text=&#8220;Andere Frage?&#8220; use_theme_fonts=&#8220;yes&#8220; css=&#8220;.vc_custom_1747836143916{margin-bottom: 5px !important;}&#8220;][vc_column_text css=&#8220;.vc_custom_1747836159058{margin-bottom: 10px !important;}&#8220; el_class=&#8220;sub-title&#8220;]F\u00fcr weitere Informationen kontaktieren Sie uns bitte.[\/vc_column_text][vc_row_inner el_class=&#8220;faq-contact-block&#8220;][vc_column_inner width=&#8220;1\/4&#8243;][vc_single_image image=&#8220;3815&#8243; img_size=&#8220;large&#8220; style=&#8220;vc_box_circle_2&#8243; onclick=&#8220;custom_link&#8220; css=&#8220;&#8220; link=&#8220;\/author\/oskar-paarhuis\/&#8220;][\/vc_column_inner][vc_column_inner width=&#8220;3\/4&#8243;][vc_column_text css=&#8220;&#8220;]<\/p>\n<div class=\"contact-wrapper\">\n<div class=\"contact-info\">\n<h6 class=\"name\"><a href=\"\/author\/oskar-paarhuis\/\">Oskar Paarhuis<\/a><\/h6>\n<p><a href=\"\/author\/oskar-paarhuis\/\"><span class=\"position\">IT-Spezialist<\/span><\/a><\/p>\n<\/div>\n<div class=\"contact-details\"><span class=\"contact-tel\"><a href=\"tel:+31202402350\">+31 (0) 20-2402350<\/a><\/span><span class=\"contact-email\"><br \/>\n<a href=\"mailto:info@qualifiednetworks.com\">info@qualifiednetworks.com<\/a><br \/>\n<\/span><\/div>\n<\/div>\n<p>[\/vc_column_text][\/vc_column_inner][\/vc_row_inner][\/vc_column][\/vc_row]<\/p>\n<\/div>","protected":false},"excerpt":{"rendered":"<p>[vc_section full_width=&#8220;stretch_row&#8220; el_class=&#8220;duurzaamheid section-intro pb-70&#8243; css=&#8220;.vc_custom_1748354937211{background-color: #F7F7FA !important;}&#8220;][vc_row el_class=&#8220;brand-section pt-180&#8243;][vc_column width=&#8220;6\/12&#8243;][vc_custom_heading text=&#8220;Schalter f\u00fcr jede Umgebung&#8220; font_container=&#8220;tag:div|text_align:left&#8220; use_theme_fonts=&#8220;yes&#8220; css=&#8220;&#8220; el_class=&#8220;subtitle&#8220;][vc_custom_heading text=&#8220;Dell-Switches&#8220; font_container=&#8220;tag:h1|text_align:left&#8220; use_theme_fonts=&#8220;yes&#8220; css=&#8220;&#8220;][vc_column_text css=&#8220;&#8220;]Dell Switches vereinen hohe Leistung mit Skalierbarkeit und eignen sich f\u00fcr eine Vielzahl von IT-Umgebungen. Ob kleines Unternehmensnetzwerk oder gro\u00dfe Unternehmensinfrastruktur \u2013 Dell bietet das passende Modell. Wir liefern schnell ab Lager, [&hellip;]<\/p>\n","protected":false},"author":1,"featured_media":0,"parent":7349,"menu_order":0,"comment_status":"closed","ping_status":"closed","template":"","meta":{"footnotes":""},"class_list":["post-7405","page","type-page","status-publish","hentry"],"acf":[],"_links":{"self":[{"href":"https:\/\/www.qualifiednetworks.com\/de\/wp-json\/wp\/v2\/pages\/7405","targetHints":{"allow":["GET"]}}],"collection":[{"href":"https:\/\/www.qualifiednetworks.com\/de\/wp-json\/wp\/v2\/pages"}],"about":[{"href":"https:\/\/www.qualifiednetworks.com\/de\/wp-json\/wp\/v2\/types\/page"}],"author":[{"embeddable":true,"href":"https:\/\/www.qualifiednetworks.com\/de\/wp-json\/wp\/v2\/users\/1"}],"replies":[{"embeddable":true,"href":"https:\/\/www.qualifiednetworks.com\/de\/wp-json\/wp\/v2\/comments?post=7405"}],"version-history":[{"count":3,"href":"https:\/\/www.qualifiednetworks.com\/de\/wp-json\/wp\/v2\/pages\/7405\/revisions"}],"predecessor-version":[{"id":7408,"href":"https:\/\/www.qualifiednetworks.com\/de\/wp-json\/wp\/v2\/pages\/7405\/revisions\/7408"}],"up":[{"embeddable":true,"href":"https:\/\/www.qualifiednetworks.com\/de\/wp-json\/wp\/v2\/pages\/7349"}],"wp:attachment":[{"href":"https:\/\/www.qualifiednetworks.com\/de\/wp-json\/wp\/v2\/media?parent=7405"}],"curies":[{"name":"wp","href":"https:\/\/api.w.org\/{rel}","templated":true}]}}