 {"id":7417,"date":"2025-11-20T17:29:57","date_gmt":"2025-11-20T17:29:57","guid":{"rendered":"https:\/\/www.qualifiednetworks.com\/produkte\/schalter\/fortinet-switches\/"},"modified":"2025-11-20T17:30:00","modified_gmt":"2025-11-20T17:30:00","slug":"fortinet-switches","status":"publish","type":"page","link":"https:\/\/www.qualifiednetworks.com\/de\/produkte\/schalter\/fortinet-switches\/","title":{"rendered":"Fortinet-Switches"},"content":{"rendered":"<div class=\"wpb-content-wrapper\"><p>[vc_section full_width=&#8220;stretch_row&#8220; el_class=&#8220;duurzaamheid section-intro pb-70&#8243; css=&#8220;.vc_custom_1748354937211{background-color: #F7F7FA !important;}&#8220;][vc_row el_class=&#8220;brand-section pt-180&#8243;][vc_column width=&#8220;6\/12&#8243;][vc_custom_heading text=&#8220;Switches f\u00fcr sichere Netzwerke&#8220; font_container=&#8220;tag:div|text_align:left&#8220; use_theme_fonts=&#8220;yes&#8220; css=&#8220;&#8220; el_class=&#8220;subtitle&#8220;][vc_custom_heading text=&#8220;Fortinet-Switches&#8220; font_container=&#8220;tag:h1|text_align:left&#8220; use_theme_fonts=&#8220;yes&#8220; css=&#8220;&#8220;][vc_column_text css=&#8220;&#8220;]Fortinet-Switches bieten eine leistungsstarke Kombination aus Performance und fortschrittlicher Sicherheit \u2013 ideal f\u00fcr Unternehmen, die Wert auf Sicherheit und Skalierbarkeit legen. Bei Qualified Networks finden Sie sowohl neue als auch general\u00fcberholte Fortinet-Switches. Alle unsere Ger\u00e4te wurden gr\u00fcndlich getestet, vollst\u00e4ndig zur\u00fcckgesetzt und sind sofort einsatzbereit in Ihrem Netzwerk.[\/vc_column_text][vc_row_inner el_class=&#8220;buttons service-mobile-cta&#8220;][vc_column_inner width=&#8220;1\/2&#8243; css=&#8220;.vc_custom_1740487265499{padding-right: 10px !important;padding-left: 0px !important;}&#8220;][vc_btn title=&#8220;Angebot anfordern&#8220; css=&#8220;&#8220; link=&#8220;url:https%3A%2F%2Fwww.qualifiednetworks.com%2Fde%2Fangebot-anfordern%2F|title:Angebot%20anfordern|&#8220;][\/vc_column_inner][vc_column_inner width=&#8220;1\/2&#8243; css=&#8220;.vc_custom_1740487216177{padding-right: 0px !important;padding-left: 0px !important;}&#8220;][vc_btn title=&#8220;Kontakt aufnehmen&#8220; style=&#8220;outline&#8220; css=&#8220;&#8220; link=&#8220;url:https%3A%2F%2Fwww.qualifiednetworks.com%2Fde%2Fangebot-anfordern%2F|title:Kontakt%20aufnehmen|&#8220;][\/vc_column_inner][\/vc_row_inner][vc_column_text][\/vc_column_text][\/vc_column][vc_column width=&#8220;1\/12&#8243;][\/vc_column][vc_column width=&#8220;5\/12&#8243; el_class=&#8220;form&#8220;][vc_custom_heading text=&#8220;Warum Fortinet bei uns?&#8220; use_theme_fonts=&#8220;yes&#8220; css=&#8220;&#8220;][vc_column_text css=&#8220;&#8220; el_class=&#8220;list&#8220;]<\/p>\n<ul>\n<li><strong>General\u00fcberholte und neue Modelle verf\u00fcgbar<\/strong><\/li>\n<li><strong>Lebenslange Garantie auf \u00fcberholte Hardware<\/strong><\/li>\n<li><strong>Schnelle Lieferung, oft innerhalb von 24 Stunden<\/strong><\/li>\n<li><strong>Technisch gepr\u00fcft und sofort einsatzbereit<\/strong><\/li>\n<li><strong>Wettbewerbsf\u00e4hige Preise und hohe Verf\u00fcgbarkeit<\/strong><\/li>\n<\/ul>\n<p>[\/vc_column_text][\/vc_column][\/vc_row][vc_row equal_height=&#8220;yes&#8220; el_class=&#8220;kwaliteit pb-90 pt-120&#8243;][vc_column width=&#8220;5\/12&#8243;][vc_custom_heading text=&#8220;H\u00e4ufig verkaufte Schalter&#8220; font_container=&#8220;tag:div|text_align:left&#8220; use_theme_fonts=&#8220;yes&#8220; css=&#8220;&#8220; el_class=&#8220;subtitle&#8220;][vc_custom_heading text=&#8220;Beliebte Fortinet-Serie&#8220; use_theme_fonts=&#8220;yes&#8220; css=&#8220;&#8220;][vc_column_text css=&#8220;&#8220;]Im Folgenden stellen wir einige beliebte Switch-Serien von Fortinet vor. Jede Serie eignet sich f\u00fcr spezifische Netzwerkanforderungen, von kleinen und mittelst\u00e4ndischen Unternehmen bis hin zu Gro\u00dfunternehmen.[\/vc_column_text][vc_tta_accordion title_tag=&#8220;p&#8220; section_title_tag=&#8220;p&#8220; style=&#8220;outline&#8220; shape=&#8220;square&#8220; color=&#8220;black&#8220; c_position=&#8220;right&#8220; active_section=&#8220;100&#8243; collapsible_all=&#8220;true&#8220; el_class=&#8220;faq-list&#8220;][vc_tta_section title=&#8220;FortiSwitch 100-Serie&#8220; tab_id=&#8220;1739950626685-57982fb7-7b0d5507-9270e51a-c084&#8243; el_class=&#8220;faq-first&#8220;][vc_column_text css=&#8220;&#8220;]Preisg\u00fcnstige Layer-2+-Switches f\u00fcr kleinere Netzwerke und Zweigstellen. Kompakt, energieeffizient und einfach zu verwalten.[\/vc_column_text][\/vc_tta_section][vc_tta_section title=&#8220;FortiSwitch 200-Serie&#8220; tab_id=&#8220;1739950826636-55c2f176-34655507-9270e51a-c084&#8243; el_class=&#8220;faq-second&#8220;][vc_column_text css=&#8220;&#8220;]Zuverl\u00e4ssige Gigabit-Switches mit PoE-Unterst\u00fctzung. Weit verbreitet in B\u00fcros und als Erweiterung der Firewall-L\u00f6sungen von Fortinet.[\/vc_column_text][\/vc_tta_section][vc_tta_section title=&#8220;FortiSwitch 400-Serie&#8220; tab_id=&#8220;1739950825489-c6fadf36-f1965507-9270e51a-c084&#8243; el_class=&#8220;faq-third&#8220;][vc_column_text css=&#8220;&#8220;]Entwickelt f\u00fcr gr\u00f6\u00dfere Netzwerke mit anspruchsvollen Anwendungen. Geeignet f\u00fcr Netzwerke, die hohe Verf\u00fcgbarkeit und Geschwindigkeit erfordern.[\/vc_column_text][\/vc_tta_section][vc_tta_section title=&#8220;FortiSwitch 1000 Serie&#8220; tab_id=&#8220;1739950824730-15fe4dd0-cd925507-9270e51a-c084&#8243; el_class=&#8220;faq-fourth&#8220;][vc_column_text css=&#8220;&#8220;]Enterprise-Switches mit hohem Durchsatz, fortschrittlichen Layer-3-Funktionen und Redundanzoptionen. Ideal f\u00fcr Kernnetzwerke.[\/vc_column_text][\/vc_tta_section][vc_tta_section title=&#8220;FortiSwitch Rugged-Serie&#8220; tab_id=&#8220;1747834971747-e60e21e7-7c7e5507-9270e51a-c084&#8243; el_class=&#8220;faq-fourth&#8220;][vc_column_text css=&#8220;&#8220;]Robuste Schalter f\u00fcr industrielle Anwendungen. Best\u00e4ndig gegen Temperaturschwankungen und geeignet f\u00fcr anspruchsvolle Umgebungen.[\/vc_column_text][\/vc_tta_section][\/vc_tta_accordion][\/vc_column][vc_column width=&#8220;1\/12&#8243;][\/vc_column][vc_column width=&#8220;6\/12&#8243; el_class=&#8220;mo-1&#8243;][vc_single_image image=&#8220;6408&#8243; img_size=&#8220;full&#8220; css=&#8220;&#8220;][\/vc_column][\/vc_row][vc_row el_class=&#8220;section-bestservice section-bestservice-small section-bestservice-row&#8220;][vc_column width=&#8220;1\/2&#8243; el_class=&#8220;inner&#8220;][vc_custom_heading text=&#8220;Schalter nicht gefunden?&#8220; use_theme_fonts=&#8220;yes&#8220; css=&#8220;&#8220;][vc_column_text css=&#8220;&#8220;]Suchen Sie ein bestimmtes Fortinet-Modell, das nicht auf unserer Website aufgef\u00fchrt ist? Kontaktieren Sie uns gerne. Dank unseres umfangreichen Netzwerks k\u00f6nnen wir Ihnen nahezu jedes Modell liefern, oft innerhalb von 24 Stunden. Wir erarbeiten gemeinsam mit Ihnen die optimale L\u00f6sung f\u00fcr Ihre IT-Umgebung.[\/vc_column_text][vc_btn title=&#8220;Kontakt aufnehmen&#8220; css=&#8220;&#8220; link=&#8220;url:https%3A%2F%2Fwww.qualifiednetworks.com%2Fde%2Fangebot-anfordern%2F|title:Kontakt%20aufnehmen|&#8220;][vc_btn title=&#8220;Ruf mich zur\u00fcck&#8220; style=&#8220;outline&#8220; color=&#8220;white&#8220; css=&#8220;&#8220; link=&#8220;url:https%3A%2F%2Fwww.qualifiednetworks.com%2Fde%2Fangebot-anfordern%2F|title:Ruf%20mich%20zur%C3%BCck|&#8220;][\/vc_column][vc_column width=&#8220;1\/2&#8243;][\/vc_column][\/vc_row][\/vc_section][vc_row el_class=&#8220;pt-100 pb-130&#8243;][vc_column width=&#8220;7\/12&#8243; el_class=&#8220;left-content&#8220;][vc_custom_heading text=&#8220;Faq&#8220; font_container=&#8220;tag:div|text_align:left&#8220; use_theme_fonts=&#8220;yes&#8220; el_class=&#8220;subtitle&#8220;][vc_custom_heading text=&#8220;Frage und Antwort&#8220; use_theme_fonts=&#8220;yes&#8220; css=&#8220;&#8220; el_id=&#8220;faq-first&#8220;][vc_tta_accordion title_tag=&#8220;p&#8220; section_title_tag=&#8220;p&#8220; style=&#8220;outline&#8220; shape=&#8220;square&#8220; color=&#8220;black&#8220; c_position=&#8220;right&#8220; active_section=&#8220;100&#8243; collapsible_all=&#8220;true&#8220;][vc_tta_section title=&#8220;Welche FortiSwitch-Modelle bieten Sie an?&#8220; tab_id=&#8220;1740059542177-a6d79dfd-70e55507-9270e51a-c084&#8243;][vc_column_text css=&#8220;&#8220;]<\/p>\n<p data-pm-slice=\"1 1 []\">Wir bieten unter anderem Modelle der FortiSwitch-Serien 100, 200, 400, 1000 und Rugged an. Ist Ihr Modell nicht aufgef\u00fchrt? Kontaktieren Sie uns; wir k\u00f6nnen Ihnen fast alles liefern.  <\/p>\n<p>[\/vc_column_text][\/vc_tta_section][vc_tta_section title=&#8220;Sind general\u00fcberholte Fortinet-Switches zuverl\u00e4ssig?&#8220; tab_id=&#8220;1747836109474-65abd71d-182e5507-9270e51a-c084&#8243;][vc_column_text css=&#8220;&#8220;]Ja. Unsere general\u00fcberholten Ger\u00e4te werden anhand von \u00fcber 20 Punkten gepr\u00fcft, vollst\u00e4ndig zur\u00fcckgesetzt und getestet. Sie erhalten au\u00dferdem eine lebenslange Garantie.[\/vc_column_text][\/vc_tta_section][vc_tta_section title=&#8220;Worin besteht der Unterschied zwischen der 100er- und der 1000er-Serie?&#8220; tab_id=&#8220;1747836106778-3a6b61ac-1ef85507-9270e51a-c084&#8243;][vc_column_text css=&#8220;&#8220;]Die 100er-Serie richtet sich an kleinere Netzwerke, w\u00e4hrend die 1000er-Serie f\u00fcr Unternehmensumgebungen mit h\u00f6heren Anforderungen an Geschwindigkeit, Verf\u00fcgbarkeit und Routing konzipiert ist.[\/vc_column_text][\/vc_tta_section][vc_tta_section title=&#8220;Sind Fortinet-Switches mit PoE ausgestattet?&#8220; tab_id=&#8220;1747836106236-15e39d87-0d775507-9270e51a-c084&#8243;][vc_column_text css=&#8220;&#8220;]Viele Modelle der Serien 200, 400 und 1000 unterst\u00fctzen PoE. Kontaktieren Sie uns f\u00fcr spezifische Informationen zu Ihrem Modell.[\/vc_column_text][\/vc_tta_section][vc_tta_section title=&#8220;Wie schnell k\u00f6nnen Sie liefern?&#8220; tab_id=&#8220;1747836105323-499530d2-cc505507-9270e51a-c084&#8243;][vc_column_text css=&#8220;&#8220;]Die meisten Fortinet-Switches versenden wir innerhalb von 24 Stunden, je nach Verf\u00fcgbarkeit. Kontaktieren Sie uns f\u00fcr die aktuelle Lagerverf\u00fcgbarkeit.[\/vc_column_text][\/vc_tta_section][\/vc_tta_accordion][vc_btn title=&#8220;Mehr h\u00e4ufig gestellte Fragen&#8220; style=&#8220;outline&#8220; css=&#8220;&#8220; link=&#8220;url:https%3A%2F%2Fwww.qualifiednetworks.com%2Fde%2Ffaq%2F|&#8220; el_class=&#8220;pt-30&#8243;][\/vc_column][vc_column width=&#8220;5\/12&#8243; el_class=&#8220;faq-sidebar&#8220;][vc_custom_heading text=&#8220;Kontakt&#8220; font_container=&#8220;tag:div|text_align:left&#8220; use_theme_fonts=&#8220;yes&#8220; el_class=&#8220;subtitle&#8220;][vc_custom_heading text=&#8220;Andere Frage?&#8220; use_theme_fonts=&#8220;yes&#8220; css=&#8220;.vc_custom_1747836143916{margin-bottom: 5px !important;}&#8220;][vc_column_text css=&#8220;.vc_custom_1747836159058{margin-bottom: 10px !important;}&#8220; el_class=&#8220;sub-title&#8220;]F\u00fcr weitere Informationen kontaktieren Sie uns bitte.[\/vc_column_text][vc_row_inner el_class=&#8220;faq-contact-block&#8220;][vc_column_inner width=&#8220;1\/4&#8243;][vc_single_image image=&#8220;3815&#8243; img_size=&#8220;large&#8220; style=&#8220;vc_box_circle_2&#8243; onclick=&#8220;custom_link&#8220; css=&#8220;&#8220; link=&#8220;\/author\/oskar-paarhuis\/&#8220;][\/vc_column_inner][vc_column_inner width=&#8220;3\/4&#8243;][vc_column_text css=&#8220;&#8220;]<\/p>\n<div class=\"contact-wrapper\">\n<div class=\"contact-info\">\n<h6 class=\"name\"><a href=\"\/author\/oskar-paarhuis\/\">Oskar Paarhuis<\/a><\/h6>\n<p><a href=\"\/author\/oskar-paarhuis\/\"><span class=\"position\">IT-Spezialist<\/span><\/a><\/p>\n<\/div>\n<div class=\"contact-details\"><span class=\"contact-tel\"><a href=\"tel:+31202402350\">+31 (0) 20-2402350<\/a><\/span><span class=\"contact-email\"><br \/>\n<a href=\"mailto:info@qualifiednetworks.com\">info@qualifiednetworks.com<\/a><br \/>\n<\/span><\/div>\n<\/div>\n<p>[\/vc_column_text][\/vc_column_inner][\/vc_row_inner][\/vc_column][\/vc_row]<\/p>\n<\/div>","protected":false},"excerpt":{"rendered":"<p>[vc_section full_width=&#8220;stretch_row&#8220; el_class=&#8220;duurzaamheid section-intro pb-70&#8243; css=&#8220;.vc_custom_1748354937211{background-color: #F7F7FA !important;}&#8220;][vc_row el_class=&#8220;brand-section pt-180&#8243;][vc_column width=&#8220;6\/12&#8243;][vc_custom_heading text=&#8220;Switches f\u00fcr sichere Netzwerke&#8220; font_container=&#8220;tag:div|text_align:left&#8220; use_theme_fonts=&#8220;yes&#8220; css=&#8220;&#8220; el_class=&#8220;subtitle&#8220;][vc_custom_heading text=&#8220;Fortinet-Switches&#8220; font_container=&#8220;tag:h1|text_align:left&#8220; use_theme_fonts=&#8220;yes&#8220; css=&#8220;&#8220;][vc_column_text css=&#8220;&#8220;]Fortinet-Switches bieten eine leistungsstarke Kombination aus Performance und fortschrittlicher Sicherheit \u2013 ideal f\u00fcr Unternehmen, die Wert auf Sicherheit und Skalierbarkeit legen. Bei Qualified Networks finden Sie sowohl neue als auch general\u00fcberholte Fortinet-Switches. [&hellip;]<\/p>\n","protected":false},"author":1,"featured_media":0,"parent":7349,"menu_order":0,"comment_status":"closed","ping_status":"closed","template":"","meta":{"footnotes":""},"class_list":["post-7417","page","type-page","status-publish","hentry"],"acf":[],"_links":{"self":[{"href":"https:\/\/www.qualifiednetworks.com\/de\/wp-json\/wp\/v2\/pages\/7417","targetHints":{"allow":["GET"]}}],"collection":[{"href":"https:\/\/www.qualifiednetworks.com\/de\/wp-json\/wp\/v2\/pages"}],"about":[{"href":"https:\/\/www.qualifiednetworks.com\/de\/wp-json\/wp\/v2\/types\/page"}],"author":[{"embeddable":true,"href":"https:\/\/www.qualifiednetworks.com\/de\/wp-json\/wp\/v2\/users\/1"}],"replies":[{"embeddable":true,"href":"https:\/\/www.qualifiednetworks.com\/de\/wp-json\/wp\/v2\/comments?post=7417"}],"version-history":[{"count":3,"href":"https:\/\/www.qualifiednetworks.com\/de\/wp-json\/wp\/v2\/pages\/7417\/revisions"}],"predecessor-version":[{"id":7420,"href":"https:\/\/www.qualifiednetworks.com\/de\/wp-json\/wp\/v2\/pages\/7417\/revisions\/7420"}],"up":[{"embeddable":true,"href":"https:\/\/www.qualifiednetworks.com\/de\/wp-json\/wp\/v2\/pages\/7349"}],"wp:attachment":[{"href":"https:\/\/www.qualifiednetworks.com\/de\/wp-json\/wp\/v2\/media?parent=7417"}],"curies":[{"name":"wp","href":"https:\/\/api.w.org\/{rel}","templated":true}]}}