 {"id":7429,"date":"2025-11-20T17:40:32","date_gmt":"2025-11-20T17:40:32","guid":{"rendered":"https:\/\/www.qualifiednetworks.com\/produkte\/schalter\/hp\/"},"modified":"2025-11-20T17:40:34","modified_gmt":"2025-11-20T17:40:34","slug":"hp","status":"publish","type":"page","link":"https:\/\/www.qualifiednetworks.com\/de\/produkte\/schalter\/hp\/","title":{"rendered":"HP"},"content":{"rendered":"<div class=\"wpb-content-wrapper\"><p>[vc_section full_width=&#8220;stretch_row&#8220; el_class=&#8220;duurzaamheid section-intro pb-70&#8243; css=&#8220;.vc_custom_1748354937211{background-color: #F7F7FA !important;}&#8220;][vc_row el_class=&#8220;brand-section pt-180&#8243;][vc_column width=&#8220;6\/12&#8243;][vc_custom_heading text=&#8220;Die festen Bestandteile flie\u00dfen vollst\u00e4ndig durch&#8220; font_container=&#8220;tag:div|text_align:left&#8220; use_theme_fonts=&#8220;yes&#8220; css=&#8220;&#8220; el_class=&#8220;subtitle&#8220;][vc_custom_heading text=&#8220;HP-Switches&#8220; font_container=&#8220;tag:h1|text_align:left&#8220; use_theme_fonts=&#8220;yes&#8220; css=&#8220;&#8220;][vc_column_text css=&#8220;&#8220;]Ob Sie einfache Layer-2-Switches oder leistungsstarke Modelle f\u00fcr gro\u00dfe Unternehmensumgebungen suchen \u2013 HP Switches bieten eine zuverl\u00e4ssige Grundlage f\u00fcr Ihr Netzwerk. Jedes Modell wird gr\u00fcndlich getestet, auf Werkseinstellungen zur\u00fcckgesetzt und verf\u00fcgt \u00fcber eine lebenslange Garantie. Dies gew\u00e4hrleistet Qualit\u00e4t und unterbrechungsfreie Verf\u00fcgbarkeit.[\/vc_column_text][vc_row_inner el_class=&#8220;buttons service-mobile-cta&#8220;][vc_column_inner width=&#8220;1\/2&#8243; css=&#8220;.vc_custom_1740487265499{padding-right: 10px !important;padding-left: 0px !important;}&#8220;][vc_btn title=&#8220;Angebot anfordern&#8220; css=&#8220;&#8220; link=&#8220;url:https%3A%2F%2Fwww.qualifiednetworks.com%2Fde%2Fangebot-anfordern%2F|title:Angebot%20anfordern|&#8220;][\/vc_column_inner][vc_column_inner width=&#8220;1\/2&#8243; css=&#8220;.vc_custom_1740487216177{padding-right: 0px !important;padding-left: 0px !important;}&#8220;][vc_btn title=&#8220;Kontakt aufnehmen&#8220; style=&#8220;outline&#8220; css=&#8220;&#8220; link=&#8220;url:https%3A%2F%2Fwww.qualifiednetworks.com%2Fde%2Fangebot-anfordern%2F|title:Kontakt%20aufnehmen|&#8220;][\/vc_column_inner][\/vc_row_inner][vc_column_text][\/vc_column_text][\/vc_column][vc_column width=&#8220;1\/12&#8243;][\/vc_column][vc_column width=&#8220;5\/12&#8243; el_class=&#8220;form&#8220;][vc_custom_heading text=&#8220;Warum Qualified Networks?&#8220; use_theme_fonts=&#8220;yes&#8220; css=&#8220;&#8220;][vc_column_text css=&#8220;&#8220; el_class=&#8220;list&#8220;]<\/p>\n<ul>\n<li data-start=\"1051\" data-end=\"1089\">\n<p data-start=\"1053\" data-end=\"1089\">Lebenslange Garantie auf general\u00fcberholte Modelle<\/p>\n<\/li>\n<li data-start=\"1051\" data-end=\"1089\">\n<p data-start=\"1053\" data-end=\"1089\">Schnelle Lieferung, oft innerhalb von 24 Stunden<\/p>\n<\/li>\n<li data-start=\"1051\" data-end=\"1089\">\n<p data-start=\"1053\" data-end=\"1089\">Ausgiebig getestet und sofort einsatzbereit<\/p>\n<\/li>\n<li data-start=\"1051\" data-end=\"1089\">\n<p data-start=\"1053\" data-end=\"1089\">Technische Beratung zur Auswahl und Konfiguration<\/p>\n<\/li>\n<\/ul>\n<p>[\/vc_column_text][\/vc_column][\/vc_row][vc_row equal_height=&#8220;yes&#8220; el_class=&#8220;kwaliteit pb-90 pt-120&#8243;][vc_column width=&#8220;5\/12&#8243;][vc_custom_heading text=&#8220;Entdecken Sie die beliebte Serie&#8220; font_container=&#8220;tag:div|text_align:left&#8220; use_theme_fonts=&#8220;yes&#8220; css=&#8220;&#8220; el_class=&#8220;subtitle&#8220;][vc_custom_heading text=&#8220;Beliebte HP-Serie&#8220; use_theme_fonts=&#8220;yes&#8220; css=&#8220;&#8220;][vc_column_text css=&#8220;&#8220;]HP Switches eignen sich f\u00fcr verschiedenste Netzwerkumgebungen, von kleinen Unternehmen bis hin zu gro\u00dfen Konzernen. Die folgende \u00dcbersicht zeigt beliebte Modelle, die f\u00fcr ihre Zuverl\u00e4ssigkeit, Skalierbarkeit und lange Lebensdauer bekannt sind.[\/vc_column_text][vc_tta_accordion title_tag=&#8220;p&#8220; section_title_tag=&#8220;p&#8220; style=&#8220;outline&#8220; shape=&#8220;square&#8220; color=&#8220;black&#8220; c_position=&#8220;right&#8220; active_section=&#8220;100&#8243; collapsible_all=&#8220;true&#8220; el_class=&#8220;faq-list&#8220;][vc_tta_section title=&#8220;HP ProCurve 1800 Serie&#8220; tab_id=&#8220;1739950626685-57982fb7-7b0d5507-9270cd9a-1c36&#8243; el_class=&#8220;faq-first&#8220;][vc_column_text css=&#8220;&#8220;]Diese kompakten, energieeffizienten Gigabit-Switches eignen sich perfekt f\u00fcr kleine Netzwerke oder Arbeitsgruppen.[\/vc_column_text][\/vc_tta_section][vc_tta_section title=&#8220;HP ProCurve 2530 Serie&#8220; tab_id=&#8220;1739950826636-55c2f176-34655507-9270cd9a-1c36&#8243; el_class=&#8220;faq-second&#8220;][vc_column_text css=&#8220;&#8220;]Managed Layer 2 Switches mit umfangreichen Managementfunktionen und PoE-Unterst\u00fctzung, ideal f\u00fcr KMUs.[\/vc_column_text][\/vc_tta_section][vc_tta_section title=&#8220;HP ProCurve 2920 Serie&#8220; tab_id=&#8220;1739950825489-c6fadf36-f1965507-9270cd9a-1c36&#8243; el_class=&#8220;faq-third&#8220;][vc_column_text css=&#8220;&#8220;]Stapelbare Layer-3-Switches mit modularem Design, hoher Leistung und hervorragender Skalierbarkeit.[\/vc_column_text][\/vc_tta_section][vc_tta_section title=&#8220;HP ProCurve 3500 Serie&#8220; tab_id=&#8220;1739950824730-15fe4dd0-cd925507-9270cd9a-1c36&#8243; el_class=&#8220;faq-fourth&#8220;][vc_column_text css=&#8220;&#8220;]Fortschrittliche Managed Switches mit Layer-3-Routing und redundanter Stromversorgung, perfekt f\u00fcr unternehmenskritische Anwendungen.[\/vc_column_text][\/vc_tta_section][vc_tta_section title=&#8220;HP ProCurve 5400 Serie&#8220; tab_id=&#8220;1747834971747-e60e21e7-7c7e5507-9270cd9a-1c36&#8243; el_class=&#8220;faq-fourth&#8220;][vc_column_text css=&#8220;&#8220;]Modulare Core-Switches, die hohen Durchsatz und Flexibilit\u00e4t f\u00fcr Unternehmensumgebungen bieten.[\/vc_column_text][\/vc_tta_section][\/vc_tta_accordion][\/vc_column][vc_column width=&#8220;1\/12&#8243;][\/vc_column][vc_column width=&#8220;6\/12&#8243; el_class=&#8220;mo-1&#8243;][vc_single_image image=&#8220;6418&#8243; img_size=&#8220;full&#8220; css=&#8220;&#8220;][\/vc_column][\/vc_row][vc_row el_class=&#8220;section-bestservice section-bestservice-small section-bestservice-row&#8220;][vc_column width=&#8220;1\/2&#8243; el_class=&#8220;inner&#8220;][vc_custom_heading text=&#8220;HP-Modell nicht gefunden?&#8220; use_theme_fonts=&#8220;yes&#8220; css=&#8220;&#8220;][vc_column_text css=&#8220;&#8220;]Kontaktieren Sie uns gerne. Dank unseres umfangreichen Netzwerks k\u00f6nnen wir Ihnen nahezu jedes HP-Modell liefern, oft innerhalb eines Werktages. Wir helfen Ihnen gerne, die optimale L\u00f6sung f\u00fcr Ihre Bed\u00fcrfnisse zu finden.[\/vc_column_text][vc_btn title=&#8220;Kontakt aufnehmen&#8220; css=&#8220;&#8220; link=&#8220;url:https%3A%2F%2Fwww.qualifiednetworks.com%2Fde%2Fangebot-anfordern%2F|title:Kontakt%20aufnehmen|&#8220;][vc_btn title=&#8220;Ruf mich zur\u00fcck&#8220; style=&#8220;outline&#8220; color=&#8220;white&#8220; css=&#8220;&#8220; link=&#8220;url:https%3A%2F%2Fwww.qualifiednetworks.com%2Fde%2Fangebot-anfordern%2F|title:Ruf%20mich%20zur%C3%BCck|&#8220;][\/vc_column][vc_column width=&#8220;1\/2&#8243;][\/vc_column][\/vc_row][\/vc_section][vc_row el_class=&#8220;pt-100 pb-130&#8243;][vc_column width=&#8220;7\/12&#8243; el_class=&#8220;left-content&#8220;][vc_custom_heading text=&#8220;Faq&#8220; font_container=&#8220;tag:div|text_align:left&#8220; use_theme_fonts=&#8220;yes&#8220; el_class=&#8220;subtitle&#8220;][vc_custom_heading text=&#8220;H\u00e4ufig gestellte Fragen zu HP-Switches&#8220; use_theme_fonts=&#8220;yes&#8220; css=&#8220;&#8220; el_id=&#8220;faq-first&#8220;][vc_tta_accordion title_tag=&#8220;p&#8220; section_title_tag=&#8220;p&#8220; style=&#8220;outline&#8220; shape=&#8220;square&#8220; color=&#8220;black&#8220; c_position=&#8220;right&#8220; active_section=&#8220;100&#8243; collapsible_all=&#8220;true&#8220;][vc_tta_section title=&#8220;Welche HP-Switches eignen sich f\u00fcr ein kleines B\u00fcro?&#8220; tab_id=&#8220;1740059542177-a6d79dfd-70e55507-9270cd9a-1c36&#8243;][vc_column_text css=&#8220;&#8220;]<\/p>\n<p data-pm-slice=\"1 1 []\">Die HP 1800- oder 2530-Serien eignen sich ideal f\u00fcr kleinere Netzwerke mit grundlegenden Anforderungen und einer begrenzten Anzahl von Ger\u00e4ten.<\/p>\n<p>[\/vc_column_text][\/vc_tta_section][vc_tta_section title=&#8220;Sind general\u00fcberholte HP-Switches genauso leistungsstark wie neue Modelle?&#8220; tab_id=&#8220;1747836109474-65abd71d-182e5507-9270cd9a-1c36&#8243;][vc_column_text css=&#8220;&#8220;]Ja, alle unsere general\u00fcberholten Switches werden gr\u00fcndlich gepr\u00fcft und auf Werkseinstellungen zur\u00fcckgesetzt, sodass sie genauso gut funktionieren wie neue Ger\u00e4te.[\/vc_column_text][\/vc_tta_section][vc_tta_section title=&#8220;Kann ich auch PoE-Switches von HP beziehen?&#8220; tab_id=&#8220;1747836106778-3a6b61ac-1ef85507-9270cd9a-1c36&#8243;][vc_column_text css=&#8220;&#8220;]Absolut! Viele HP ProCurve Switches, wie beispielsweise die Serien 2530 oder 2920, unterst\u00fctzen Power over Ethernet (PoE).[\/vc_column_text][\/vc_tta_section][vc_tta_section title=&#8220;Wie schnell k\u00f6nnen Sie einen HP-Switch liefern?&#8220; tab_id=&#8220;1747836106236-15e39d87-0d775507-9270cd9a-1c36&#8243;][vc_column_text css=&#8220;&#8220;]In den meisten F\u00e4llen haben wir die Artikel auf Lager, sodass wir oft innerhalb von 24 Stunden nach Bestellung liefern k\u00f6nnen.[\/vc_column_text][\/vc_tta_section][vc_tta_section title=&#8220;Bieten Sie auch Zubeh\u00f6r oder Module f\u00fcr HP-Switches an?&#8220; tab_id=&#8220;1747836105323-499530d2-cc505507-9270cd9a-1c36&#8243;][vc_column_text css=&#8220;&#8220;]Ja, wir k\u00f6nnen Ihnen auch Erweiterungsmodule und Zubeh\u00f6r liefern. Teilen Sie uns einfach mit, was Sie ben\u00f6tigen![\/vc_column_text][\/vc_tta_section][\/vc_tta_accordion][vc_btn title=&#8220;Mehr h\u00e4ufig gestellte Fragen&#8220; style=&#8220;outline&#8220; css=&#8220;&#8220; link=&#8220;url:https%3A%2F%2Fwww.qualifiednetworks.com%2Fde%2Ffaq%2F|&#8220; el_class=&#8220;pt-30&#8243;][\/vc_column][vc_column width=&#8220;5\/12&#8243; el_class=&#8220;faq-sidebar&#8220;][vc_custom_heading text=&#8220;Kontakt&#8220; font_container=&#8220;tag:div|text_align:left&#8220; use_theme_fonts=&#8220;yes&#8220; el_class=&#8220;subtitle&#8220;][vc_custom_heading text=&#8220;Andere Frage?&#8220; use_theme_fonts=&#8220;yes&#8220; css=&#8220;.vc_custom_1747836143916{margin-bottom: 5px !important;}&#8220;][vc_column_text css=&#8220;.vc_custom_1747836159058{margin-bottom: 10px !important;}&#8220; el_class=&#8220;sub-title&#8220;]F\u00fcr weitere Informationen kontaktieren Sie uns bitte.[\/vc_column_text][vc_row_inner el_class=&#8220;faq-contact-block&#8220;][vc_column_inner width=&#8220;1\/4&#8243;][vc_single_image image=&#8220;3815&#8243; img_size=&#8220;large&#8220; style=&#8220;vc_box_circle_2&#8243; onclick=&#8220;custom_link&#8220; css=&#8220;&#8220; link=&#8220;\/author\/oskar-paarhuis\/&#8220;][\/vc_column_inner][vc_column_inner width=&#8220;3\/4&#8243;][vc_column_text css=&#8220;&#8220;]<\/p>\n<div class=\"contact-wrapper\">\n<div class=\"contact-info\">\n<h6 class=\"name\"><a href=\"\/author\/oskar-paarhuis\/\">Oskar Paarhuis<\/a><\/h6>\n<p><a href=\"\/author\/oskar-paarhuis\/\"><span class=\"position\">IT-Spezialist<\/span><\/a><\/p>\n<\/div>\n<div class=\"contact-details\"><span class=\"contact-tel\"><a href=\"tel:+31202402350\">+31 (0) 20-2402350<\/a><\/span><span class=\"contact-email\"><br \/>\n<a href=\"mailto:info@qualifiednetworks.com\">info@qualifiednetworks.com<\/a><br \/>\n<\/span><\/div>\n<\/div>\n<p>[\/vc_column_text][\/vc_column_inner][\/vc_row_inner][\/vc_column][\/vc_row]<\/p>\n<\/div>","protected":false},"excerpt":{"rendered":"<p>[vc_section full_width=&#8220;stretch_row&#8220; el_class=&#8220;duurzaamheid section-intro pb-70&#8243; css=&#8220;.vc_custom_1748354937211{background-color: #F7F7FA !important;}&#8220;][vc_row el_class=&#8220;brand-section pt-180&#8243;][vc_column width=&#8220;6\/12&#8243;][vc_custom_heading text=&#8220;Die festen Bestandteile flie\u00dfen vollst\u00e4ndig durch&#8220; font_container=&#8220;tag:div|text_align:left&#8220; use_theme_fonts=&#8220;yes&#8220; css=&#8220;&#8220; el_class=&#8220;subtitle&#8220;][vc_custom_heading text=&#8220;HP-Switches&#8220; font_container=&#8220;tag:h1|text_align:left&#8220; use_theme_fonts=&#8220;yes&#8220; css=&#8220;&#8220;][vc_column_text css=&#8220;&#8220;]Ob Sie einfache Layer-2-Switches oder leistungsstarke Modelle f\u00fcr gro\u00dfe Unternehmensumgebungen suchen \u2013 HP Switches bieten eine zuverl\u00e4ssige Grundlage f\u00fcr Ihr Netzwerk. Jedes Modell wird gr\u00fcndlich getestet, auf Werkseinstellungen zur\u00fcckgesetzt und [&hellip;]<\/p>\n","protected":false},"author":1,"featured_media":0,"parent":7349,"menu_order":0,"comment_status":"closed","ping_status":"closed","template":"","meta":{"footnotes":""},"class_list":["post-7429","page","type-page","status-publish","hentry"],"acf":[],"_links":{"self":[{"href":"https:\/\/www.qualifiednetworks.com\/de\/wp-json\/wp\/v2\/pages\/7429","targetHints":{"allow":["GET"]}}],"collection":[{"href":"https:\/\/www.qualifiednetworks.com\/de\/wp-json\/wp\/v2\/pages"}],"about":[{"href":"https:\/\/www.qualifiednetworks.com\/de\/wp-json\/wp\/v2\/types\/page"}],"author":[{"embeddable":true,"href":"https:\/\/www.qualifiednetworks.com\/de\/wp-json\/wp\/v2\/users\/1"}],"replies":[{"embeddable":true,"href":"https:\/\/www.qualifiednetworks.com\/de\/wp-json\/wp\/v2\/comments?post=7429"}],"version-history":[{"count":3,"href":"https:\/\/www.qualifiednetworks.com\/de\/wp-json\/wp\/v2\/pages\/7429\/revisions"}],"predecessor-version":[{"id":7432,"href":"https:\/\/www.qualifiednetworks.com\/de\/wp-json\/wp\/v2\/pages\/7429\/revisions\/7432"}],"up":[{"embeddable":true,"href":"https:\/\/www.qualifiednetworks.com\/de\/wp-json\/wp\/v2\/pages\/7349"}],"wp:attachment":[{"href":"https:\/\/www.qualifiednetworks.com\/de\/wp-json\/wp\/v2\/media?parent=7429"}],"curies":[{"name":"wp","href":"https:\/\/api.w.org\/{rel}","templated":true}]}}