 {"id":7441,"date":"2025-11-20T18:09:21","date_gmt":"2025-11-20T18:09:21","guid":{"rendered":"https:\/\/www.qualifiednetworks.com\/produkte\/schalter\/juniper\/"},"modified":"2025-12-08T12:13:58","modified_gmt":"2025-12-08T12:13:58","slug":"juniper","status":"publish","type":"page","link":"https:\/\/www.qualifiednetworks.com\/de\/produkte\/schalter\/juniper\/","title":{"rendered":"Juniper"},"content":{"rendered":"<div class=\"wpb-content-wrapper\"><p>[vc_section full_width=&#8220;stretch_row&#8220; el_class=&#8220;duurzaamheid section-intro pb-70&#8243; css=&#8220;.vc_custom_1748354937211{background-color: #F7F7FA !important;}&#8220;][vc_row el_class=&#8220;brand-section pt-180&#8243;][vc_column width=&#8220;6\/12&#8243;][vc_custom_heading text=&#8220;Zuverl\u00e4ssige Switches f\u00fcr moderne Netzwerke&#8220; font_container=&#8220;tag:div|text_align:left&#8220; use_theme_fonts=&#8220;yes&#8220; css=&#8220;&#8220; el_class=&#8220;subtitle&#8220;][vc_custom_heading text=&#8220;Juniper Switches&#8220; font_container=&#8220;tag:h1|text_align:left&#8220; use_theme_fonts=&#8220;yes&#8220; css=&#8220;&#8220;][vc_column_text css=&#8220;&#8220;]Juniper-Switches sind bekannt f\u00fcr ihre Stabilit\u00e4t, Skalierbarkeit und Sicherheit. Sie werden h\u00e4ufig in Rechenzentren, Unternehmensnetzwerken und Campus-Netzwerken eingesetzt. Bei Qualified Networks bieten wir sowohl neue als auch general\u00fcberholte Juniper-Switches an, die gr\u00fcndlich getestet wurden und sofort einsatzbereit sind. Oft k\u00f6nnen wir sie innerhalb von 24 Stunden liefern.[\/vc_column_text][vc_row_inner el_class=&#8220;buttons service-mobile-cta&#8220;][vc_column_inner width=&#8220;1\/2&#8243; css=&#8220;.vc_custom_1740487265499{padding-right: 10px !important;padding-left: 0px !important;}&#8220;][vc_btn title=&#8220;Angebot anfordern&#8220; css=&#8220;&#8220; link=&#8220;url:https%3A%2F%2Fwww.qualifiednetworks.com%2Fde%2Fangebot-anfordern%2F|title:Angebot%20anfordern|&#8220;][\/vc_column_inner][vc_column_inner width=&#8220;1\/2&#8243; css=&#8220;.vc_custom_1740487216177{padding-right: 0px !important;padding-left: 0px !important;}&#8220;][vc_btn title=&#8220;Kontakt aufnehmen&#8220; style=&#8220;outline&#8220; css=&#8220;&#8220; link=&#8220;url:https%3A%2F%2Fwww.qualifiednetworks.com%2Fde%2Fangebot-anfordern%2F|title:Kontakt%20aufnehmen|&#8220;][\/vc_column_inner][\/vc_row_inner][vc_column_text][\/vc_column_text][\/vc_column][vc_column width=&#8220;1\/12&#8243;][\/vc_column][vc_column width=&#8220;5\/12&#8243; el_class=&#8220;form&#8220;][vc_custom_heading text=&#8220;Warum Qualified Networks?&#8220; use_theme_fonts=&#8220;yes&#8220; css=&#8220;&#8220;][vc_column_text css=&#8220;&#8220; el_class=&#8220;list&#8220;]<\/p>\n<ul>\n<li data-start=\"1051\" data-end=\"1089\">\n<p data-start=\"1053\" data-end=\"1089\">Die Schalter wurden gr\u00fcndlich gepr\u00fcft und sind sofort einsatzbereit.<\/p>\n<\/li>\n<li data-start=\"1051\" data-end=\"1089\">\n<p data-start=\"1053\" data-end=\"1089\">Erh\u00e4ltlich als Neuware, neuwertig (ge\u00f6ffnet) und general\u00fcberholt.<\/p>\n<\/li>\n<li data-start=\"1051\" data-end=\"1089\">\n<p data-start=\"1053\" data-end=\"1089\">Lebenslange Garantie auf general\u00fcberholte Modelle<\/p>\n<\/li>\n<li data-start=\"1051\" data-end=\"1089\">\n<p data-start=\"1053\" data-end=\"1089\">Schnelle Lieferung dank unseres eigenen Lagers und Netzwerks<\/p>\n<\/li>\n<\/ul>\n<p>[\/vc_column_text][\/vc_column][\/vc_row][vc_row equal_height=&#8220;yes&#8220; el_class=&#8220;kwaliteit pb-90 pt-120&#8243;][vc_column width=&#8220;5\/12&#8243;][vc_custom_heading text=&#8220;H\u00e4ufig verkaufte Schalter&#8220; font_container=&#8220;tag:div|text_align:left&#8220; use_theme_fonts=&#8220;yes&#8220; css=&#8220;&#8220; el_class=&#8220;subtitle&#8220;][vc_custom_heading text=&#8220;Beliebte Juniper EX-Serie&#8220; use_theme_fonts=&#8220;yes&#8220; css=&#8220;&#8220;][vc_column_text css=&#8220;&#8220;]Die EX-Serie von Juniper bietet zuverl\u00e4ssige und skalierbare Zugriffs- und Aggregationsl\u00f6sungen f\u00fcr Unternehmensnetzwerke. Diese Switches sind einfach zu verwalten und verf\u00fcgen \u00fcber Virtual Chassis-Technologie, wodurch mehrere Switches als eine einzige Einheit fungieren k\u00f6nnen.[\/vc_column_text][vc_tta_accordion title_tag=&#8220;p&#8220; section_title_tag=&#8220;p&#8220; style=&#8220;outline&#8220; shape=&#8220;square&#8220; color=&#8220;black&#8220; c_position=&#8220;right&#8220; active_section=&#8220;100&#8243; collapsible_all=&#8220;true&#8220; el_class=&#8220;faq-list&#8220;][vc_tta_section title=&#8220;Juniper EX2200-Serie&#8220; tab_id=&#8220;1739950626685-57982fb7-7b0d5507-927052b3-47af&#8220; el_class=&#8220;faq-first&#8220;][vc_column_text css=&#8220;&#8220;]Einstiegs-Switches f\u00fcr kleine bis mittelst\u00e4ndische Unternehmen. <\/p>\n<p><strong>Modelle:<\/strong><br \/>\nEX2200-24T-4G, EX2200-24P-4G, EX2200-48T-4G, EX2200-48P-4G \u2013 Kompakte Layer-2-Switches mit 1-GbE-Ports und Uplinks f\u00fcr einfache Netzwerke.[\/vc_column_text][\/vc_tta_section][vc_tta_section title=&#8220;Juniper EX2300-Serie&#8220; tab_id=&#8220;1761640763498-585b0ec1-424b&#8220; el_class=&#8220;faq-second&#8220;][vc_column_text css=&#8220;&#8220;]Kompakte, leistungsstarke Switches f\u00fcr Zweigstellen und kleine Unternehmensnetzwerke. <\/p>\n<p><strong>Modelle:<\/strong><br \/>\nEX2300-24T, EX2300-24P, EX2300-48T, EX2300-48P, EX2300-C-12T, EX2300-C-12P \u2013 Leistungsstarke 1-GbE-Access-Switches mit PoE- und l\u00fcfterlosen Optionen f\u00fcr ger\u00e4uscharme Umgebungen.[\/vc_column_text][\/vc_tta_section][vc_tta_section title=&#8220;Juniper EX3400&#8243; tab_id=&#8220;1739950825489-c6fadf36-f1965507-927052b3-47af&#8220; el_class=&#8220;faq-third&#8220;][vc_column_text css=&#8220;&#8220;]Leistungsstarke, stapelbare Switches f\u00fcr Campusnetzwerke und kleine bis mittelst\u00e4ndische Unternehmen.<\/p>\n<p><strong>Modelle:<\/strong><br \/>\nEX3400-24T, EX3400-24P, EX3400-48T, EX3400-48P, EX3400-48MP \u2013 Stapelbare 1-GbE-Access-Switches mit PoE-Optionen und hoher Zuverl\u00e4ssigkeit f\u00fcr Campus-Umgebungen.[\/vc_column_text][\/vc_tta_section][vc_tta_section title=&#8220;Juniper EX4300 Serie&#8220; tab_id=&#8220;1764682679890-ad4ef0c5-029a&#8220; el_class=&#8220;faq-third&#8220;][vc_column_text css=&#8220;&#8220;]Skalierbare, stapelbare Switches f\u00fcr Campusnetzwerke mit erweiterten Layer-2- und Layer-3-Funktionen.<\/p>\n<p><strong>Modelle:<\/strong><br \/>\nEX4300-24T, EX4300-24P, EX4300-48T, EX4300-48P, EX4300-32F, EX4300-MP \u2013 Leistungsstarke Campus-Switches mit 1-GbE- und Multigigabit-Versionen f\u00fcr anspruchsvolle Netzwerkumgebungen.[\/vc_column_text][\/vc_tta_section][vc_tta_section title=&#8220;Juniper EX4400-Serie&#8220; tab_id=&#8220;1761640808568-c1143a51-cefe&#8220; el_class=&#8220;faq-third&#8220;][vc_column_text css=&#8220;&#8220;]Campus-Switches der n\u00e4chsten Generation, optimiert f\u00fcr sichere und skalierbare Unternehmensnetzwerke.<\/p>\n<p><strong>Modelle:<\/strong><br \/>\nEX4400-24T, EX4400-24P, EX4400-48T, EX4400-48P, EX4400-48MP \u2013 Moderne 1-GbE- und Multigigabit-Campus-Switches mit fortschrittlicher Sicherheit und hoher Leistung.[\/vc_column_text][\/vc_tta_section][vc_tta_section title=&#8220;Juniper EX4600-Serie&#8220; tab_id=&#8220;1761640896911-9d732cef-b77c&#8220; el_class=&#8220;faq-third&#8220;][vc_column_text css=&#8220;&#8220;]Leistungsstarke, kompakte Switches f\u00fcr Rechenzentrumszugang und Campus-Aggregation.<\/p>\n<p><strong>Modelle:<\/strong><br \/>\nEX4600-40F, EX4600-24T, EX4600-48Y \u2013 Hochleistungs-Switches mit 10\/25\/40-GbE-Konnektivit\u00e4t f\u00fcr anspruchsvolle Rechenzentrums- und Campus-Architekturen.[\/vc_column_text][\/vc_tta_section][vc_tta_section title=&#8220;Juniper EX4650-Serie&#8220; tab_id=&#8220;1761640917729-4371613a-4e40&#8243; el_class=&#8220;faq-third&#8220;][vc_column_text css=&#8220;&#8220;]Rechenzentrums- und Cloud-Netzwerke mit 25\/100-GbE-Unterst\u00fctzung f\u00fcr hochdichte Verbindungen.<\/p>\n<p><strong>Modelle:<\/strong><br \/>\nEX4650-48Y, EX4650-48Y-8C \u2013 Hochleistungs-Rechenzentrumsswitches mit 25\/100-GbE-Ports f\u00fcr skalierbare und schnelle Infrastrukturen.[\/vc_column_text][\/vc_tta_section][vc_tta_section title=&#8220;Juniper EX8200-Serie&#8220; tab_id=&#8220;1761640977103-0389abab-9c05&#8243; el_class=&#8220;faq-third&#8220;][vc_column_text css=&#8220;&#8220;]Modulare Hochleistungs-Switches f\u00fcr gro\u00dfe Unternehmensnetzwerke (Core und Aggregation).<\/p>\n<p><strong>Modelle:<\/strong><br \/>\nEX8208, EX8216 \u2013 Modulare Chassis-Switches mit hoher Kapazit\u00e4t f\u00fcr skalierbare Core-Architekturen.[\/vc_column_text][\/vc_tta_section][vc_tta_section title=&#8220;Juniper EX9250-Serie&#8220; tab_id=&#8220;1761641107964-226337c0-40ae&#8220; el_class=&#8220;faq-third&#8220;][vc_column_text css=&#8220;&#8220;]Modulare Switches f\u00fcr gro\u00dfe Rechenzentren und Campus-Core-Umgebungen.<\/p>\n<p><strong>Modelle:<\/strong><br \/>\nEX9251-32D, EX9251-64Y \u2013 Chassis-Plattformen mit hoher Kapazit\u00e4t und 40\/100-GbE-Unterst\u00fctzung f\u00fcr skalierbare Core- und Fabric-Architekturen.[\/vc_column_text][\/vc_tta_section][\/vc_tta_accordion][\/vc_column][vc_column width=&#8220;1\/12&#8243;][\/vc_column][vc_column width=&#8220;6\/12&#8243; el_class=&#8220;mo-1&#8243;][vc_single_image image=&#8220;6423&#8243; img_size=&#8220;full&#8220; css=&#8220;&#8220;][\/vc_column][\/vc_row][vc_row equal_height=&#8220;yes&#8220; el_class=&#8220;kwaliteit pb-90 pt-120&#8243;][vc_column width=&#8220;6\/12&#8243;][vc_single_image image=&#8220;6429&#8243; img_size=&#8220;full&#8220; css=&#8220;&#8220;][\/vc_column][vc_column width=&#8220;1\/12&#8243;][\/vc_column][vc_column width=&#8220;5\/12&#8243; el_class=&#8220;mo-1&#8243;][vc_custom_heading text=&#8220;H\u00e4ufig verkaufte Schalter&#8220; font_container=&#8220;tag:div|text_align:left&#8220; use_theme_fonts=&#8220;yes&#8220; css=&#8220;&#8220; el_class=&#8220;subtitle&#8220;][vc_custom_heading text=&#8220;Beliebte Juniper QFX-Serie&#8220; use_theme_fonts=&#8220;yes&#8220; css=&#8220;&#8220;][vc_column_text css=&#8220;&#8220;]Die QFX-Serie ist auf geringe Latenz und hohe Bandbreite ausgelegt. Diese Switches sind f\u00fcr Rechenzentren, Cloud-Infrastrukturen und anspruchsvolle Unternehmensumgebungen konzipiert.[\/vc_column_text][vc_tta_accordion title_tag=&#8220;p&#8220; section_title_tag=&#8220;p&#8220; style=&#8220;outline&#8220; shape=&#8220;square&#8220; color=&#8220;black&#8220; c_position=&#8220;right&#8220; active_section=&#8220;100&#8243; collapsible_all=&#8220;true&#8220; el_class=&#8220;faq-list&#8220;][vc_tta_section title=&#8220;Juniper QFX5100-Serie&#8220; tab_id=&#8220;1749819125171-39b18e76-b185&#8243; el_class=&#8220;faq-first&#8220;][vc_column_text css=&#8220;&#8220;]Leistungsstarke Switches f\u00fcr Rechenzentrums- und Campus-Zugang mit fortschrittlichen Layer-2- und Layer-3-Funktionen.<\/p>\n<p><strong>Modelle:<\/strong><br \/>\nQFX5100-48S, QFX5100-48T, QFX5100-24Q, QFX5100-96S-8Q \u2013 Hochleistungs-Switches mit 1\/10\/40-GbE f\u00fcr flexible Zugriffs- und Aggregationsaufgaben.[\/vc_column_text][\/vc_tta_section][vc_tta_section title=&#8220;Juniper QFX5120-Serie&#8220; tab_id=&#8220;1761641141020-050f6a8a-3d7b&#8220; el_class=&#8220;faq-first&#8220;][vc_column_text css=&#8220;&#8220;]F\u00fcr Rechenzentren, Campus-Netzwerke und Serviceprovider mit Unterst\u00fctzung f\u00fcr 10\/25\/100-GbE-Hochgeschwindigkeitsverbindungen.<\/p>\n<p><strong>Modelle:<\/strong><br \/>\nQFX5120-48Y, QFX5120-48T, QFX5120-32C \u2013 Hochleistungs-Switches mit vielseitigen 10\/25\/100-GbE-Schnittstellen f\u00fcr skalierbare und moderne Netzwerkumgebungen.[\/vc_column_text][\/vc_tta_section][vc_tta_section title=&#8220;Juniper QFX5200-Serie&#8220; tab_id=&#8220;1749819125195-364a9f15-fdb8&#8243; el_class=&#8220;faq-second&#8220;][vc_column_text css=&#8220;&#8220;]Hochleistungsf\u00e4hige Rechenzentrumsswitches f\u00fcr 25\/40\/100-GbE-Bereitstellungen.<\/p>\n<p><strong>Modelle:<\/strong><br \/>\nQFX5200-32C, QFX5200-48Y, QFX5210-64C \u2013 Leistungsstarke Rechenzentrumsswitches mit skalierbarer 25\/40\/100-GbE-Konnektivit\u00e4t f\u00fcr moderne Leaf- und Spine-Anwendungen.[\/vc_column_text][\/vc_tta_section][vc_tta_section title=&#8220;Juniper QFX5220-Serie&#8220; tab_id=&#8220;1761641215309-e4b7af7a-9a8a&#8220; el_class=&#8220;faq-second&#8220;][vc_column_text css=&#8220;&#8220;]Extrem latenzarme und leistungsstarke Switches f\u00fcr Rechenzentren der n\u00e4chsten Generation mit 400GbE-Unterst\u00fctzung.<\/p>\n<p><strong>Modelle:<\/strong><br \/>\nQFX5220-32CD, QFX5220-64C \u2013 Hochleistungs-Rechenzentrumsswitches mit 100\/400GbE-Konnektivit\u00e4t f\u00fcr gro\u00dffl\u00e4chige, latenzarme Fabric-Architekturen.[\/vc_column_text][\/vc_tta_section][vc_tta_section title=&#8220;Juniper QFX5700-Serie&#8220; tab_id=&#8220;1764683104215-6535669f-2220&#8243; el_class=&#8220;faq-second&#8220;][vc_column_text css=&#8220;&#8220;]Leistungsstarke Switches f\u00fcr gro\u00dffl\u00e4chige Rechenzentrumsumgebungen mit geringer Latenz und 100\/400-GbE-Anschl\u00fcssen.<\/p>\n<p><strong>Modelle:<\/strong><br \/>\nQFX5700-48D-AFI, QFX5700-48Y-6C \u2013 Hochleistungs-Rechenzentrumsswitches mit skalierbaren 100\/400-GbE-Ports f\u00fcr anspruchsvolle Fabric-Architekturen.[\/vc_column_text][\/vc_tta_section][vc_tta_section title=&#8220;Juniper QFX10000-Serie&#8220; tab_id=&#8220;1749819125216-1a5763f9-f141&#8243; el_class=&#8220;faq-third&#8220;][vc_column_text css=&#8220;&#8220;]F\u00fcr gro\u00dffl\u00e4chige Core- und Spine-Architekturen in Rechenzentren mit 100\/400-GbE-Unterst\u00fctzung.<\/p>\n<p><strong>Modelle:<\/strong><br \/>\nQFX10002-36Q, QFX10002-72Q, QFX10008, QFX10016 \u2013 Chassis und Switches mit festem Formfaktor und hoher Kapazit\u00e4t f\u00fcr skalierbare Rechenzentrums-Fabrics mit 100\/400-GbE-Konnektivit\u00e4t.[\/vc_column_text][\/vc_tta_section][vc_tta_section title=&#8220;Juniper EX-MP-Serie&#8220; tab_id=&#8220;1761641316531-1e0b96c4-9206&#8243; el_class=&#8220;faq-third&#8220;][vc_column_text css=&#8220;&#8220;]Zugangs- und Aggregations-Switches mit Multigigabit-Unterst\u00fctzung f\u00fcr leistungsstarke Ger\u00e4te und moderne drahtlose Netzwerke.<\/p>\n<p><strong>Modelle:<\/strong><br \/>\nEX2300-MP, EX4300-MP \u2013 Multigigabit-Campus-Switches mit leistungsstarker PoE-Funktionalit\u00e4t f\u00fcr anspruchsvolle Zugangsumgebungen.[\/vc_column_text][\/vc_tta_section][\/vc_tta_accordion][\/vc_column][\/vc_row][vc_row el_class=&#8220;section-bestservice section-bestservice-small section-bestservice-row&#8220;][vc_column width=&#8220;1\/2&#8243; el_class=&#8220;inner&#8220;][vc_custom_heading text=&#8220;Ist Ihr Juniper-Modell nicht aufgef\u00fchrt?&#8220; use_theme_fonts=&#8220;yes&#8220; css=&#8220;&#8220;][vc_column_text css=&#8220;&#8220;]Keine Sorge, wir f\u00fchren fast jedes Modell, auch wenn Sie es nicht auf unserer Website finden. Dank unseres globalen Netzwerks ist der gew\u00fcnschte Schalter oft schnell verf\u00fcgbar. Teilen Sie uns einfach Ihre Anforderungen mit; wir helfen Ihnen gerne![\/vc_column_text][vc_btn title=&#8220;Kontakt aufnehmen&#8220; css=&#8220;&#8220; link=&#8220;url:https%3A%2F%2Fwww.qualifiednetworks.com%2Fde%2Fangebot-anfordern%2F|title:Kontakt%20aufnehmen|&#8220;][vc_btn title=&#8220;Ruf mich zur\u00fcck&#8220; style=&#8220;outline&#8220; color=&#8220;white&#8220; css=&#8220;&#8220; link=&#8220;url:https%3A%2F%2Fwww.qualifiednetworks.com%2Fde%2Fangebot-anfordern%2F|title:Ruf%20mich%20zur%C3%BCck|&#8220;][\/vc_column][vc_column width=&#8220;1\/2&#8243;][\/vc_column][\/vc_row][\/vc_section][vc_row el_class=&#8220;pt-100 pb-130&#8243;][vc_column width=&#8220;7\/12&#8243; el_class=&#8220;left-content&#8220;][vc_custom_heading text=&#8220;Faq&#8220; font_container=&#8220;tag:div|text_align:left&#8220; use_theme_fonts=&#8220;yes&#8220; el_class=&#8220;subtitle&#8220;][vc_custom_heading text=&#8220;H\u00e4ufig gestellte Fragen zu Juniper-Switches&#8220; use_theme_fonts=&#8220;yes&#8220; css=&#8220;&#8220; el_id=&#8220;faq-first&#8220;][vc_tta_accordion title_tag=&#8220;p&#8220; section_title_tag=&#8220;p&#8220; style=&#8220;outline&#8220; shape=&#8220;square&#8220; color=&#8220;black&#8220; c_position=&#8220;right&#8220; active_section=&#8220;100&#8243; collapsible_all=&#8220;true&#8220;][vc_tta_section title=&#8220;Welcher Juniper-Switch ist am besten f\u00fcr mein Unternehmen geeignet?&#8220; tab_id=&#8220;1740059542177-a6d79dfd-70e55507-927052b3-47af&#8220;][vc_column_text css=&#8220;&#8220;]<\/p>\n<p data-pm-slice=\"1 1 []\">Die Wahl h\u00e4ngt ganz von Ihren Netzwerkanforderungen ab. F\u00fcr kleinere und mittelst\u00e4ndische Unternehmensnetzwerke sind die Modelle EX2200, EX3300 und EX4300 hervorragende Optionen. Wenn Sie in Rechenzentren oder anspruchsvollen Netzwerkumgebungen arbeiten, sind die Modelle QFX5100, QFX5200 und QFX10002 die richtige Wahl.  <\/p>\n<p>[\/vc_column_text][\/vc_tta_section][vc_tta_section title=&#8220;Worin besteht der Unterschied zwischen den Serien EX und QFX von Juniper?&#8220; tab_id=&#8220;1747836109474-65abd71d-182e5507-927052b3-47af&#8220;][vc_column_text css=&#8220;&#8220;]Die EX-Serie ist f\u00fcr die Basis- und Mittelschicht von Unternehmensnetzwerken konzipiert. Die QFX-Serie eignet sich speziell f\u00fcr schnelle und anspruchsvolle Netzwerkumgebungen wie Rechenzentren. QFX-Switches unterst\u00fctzen h\u00f6here Geschwindigkeiten und bieten zus\u00e4tzliche Funktionen f\u00fcr komplexere Netzwerke.[\/vc_column_text][\/vc_tta_section][vc_tta_section title=&#8220;Unterst\u00fctzen Sie auch \u00e4ltere Modelle wie den EX2200 oder den QFX5100?&#8220; tab_id=&#8220;1747836106778-3a6b61ac-1ef85507-927052b3-47af&#8220;][vc_column_text css=&#8220;&#8220;]Ja, wir haben h\u00e4ufig \u00e4ltere oder ausgemusterte Modelle wie den EX2200 oder den QFX5100 \u00fcber unser Netzwerk im Angebot. Diese Ger\u00e4te wurden vollst\u00e4ndig getestet, auf Werkseinstellungen zur\u00fcckgesetzt und werden mit einer lebenslangen Garantie geliefert.[\/vc_column_text][\/vc_tta_section][vc_tta_section title=&#8220;Bieten Sie auch Switches mit Virtual Chassis-Unterst\u00fctzung an?&#8220; tab_id=&#8220;1747836106236-15e39d87-0d775507-927052b3-47af&#8220;][vc_column_text css=&#8220;&#8220;]Ja, mehrere Modelle der EX-Serie (wie der EX3300 und der EX4300) unterst\u00fctzen Virtual Chassis. Dadurch k\u00f6nnen Sie mehrere Switches zu einer einzigen Managementeinheit verbinden.[\/vc_column_text][\/vc_tta_section][vc_tta_section title=&#8220;Was ist, wenn ein bestimmtes Juniper-Modell nicht auf der Website aufgef\u00fchrt ist?&#8220; tab_id=&#8220;1747836105323-499530d2-cc505507-927052b3-47af&#8220;][vc_column_text css=&#8220;&#8220;]Nehmen Sie gerne Kontakt mit uns auf. Dank unseres umfangreichen Netzwerks k\u00f6nnen wir Ihnen nahezu jedes Modell liefern, auch wenn es nicht in unserer \u00dcbersicht aufgef\u00fchrt ist.[\/vc_column_text][\/vc_tta_section][\/vc_tta_accordion][vc_btn title=&#8220;Mehr h\u00e4ufig gestellte Fragen&#8220; style=&#8220;outline&#8220; css=&#8220;&#8220; link=&#8220;url:https%3A%2F%2Fwww.qualifiednetworks.com%2Fde%2Ffaq%2F|&#8220; el_class=&#8220;pt-30&#8243;][\/vc_column][vc_column width=&#8220;5\/12&#8243; el_class=&#8220;faq-sidebar&#8220;][vc_custom_heading text=&#8220;Kontakt&#8220; font_container=&#8220;tag:div|text_align:left&#8220; use_theme_fonts=&#8220;yes&#8220; el_class=&#8220;subtitle&#8220;][vc_custom_heading text=&#8220;Andere Frage?&#8220; use_theme_fonts=&#8220;yes&#8220; css=&#8220;.vc_custom_1747836143916{margin-bottom: 5px !important;}&#8220;][vc_column_text css=&#8220;.vc_custom_1747836159058{margin-bottom: 10px !important;}&#8220; el_class=&#8220;sub-title&#8220;]F\u00fcr weitere Informationen kontaktieren Sie uns bitte.[\/vc_column_text][vc_row_inner el_class=&#8220;faq-contact-block&#8220;][vc_column_inner width=&#8220;1\/4&#8243;][vc_single_image image=&#8220;3815&#8243; img_size=&#8220;large&#8220; style=&#8220;vc_box_circle_2&#8243; onclick=&#8220;custom_link&#8220; css=&#8220;&#8220; link=&#8220;\/author\/oskar-paarhuis\/&#8220;][\/vc_column_inner][vc_column_inner width=&#8220;3\/4&#8243;][vc_column_text css=&#8220;&#8220;]<\/p>\n<div class=\"contact-wrapper\">\n<div class=\"contact-info\">\n<h6 class=\"name\"><a href=\"\/author\/oskar-paarhuis\/\">Oskar Paarhuis<\/a><\/h6>\n<p><a href=\"\/author\/oskar-paarhuis\/\"><span class=\"position\">IT-Spezialist<\/span><\/a><\/p>\n<\/div>\n<div class=\"contact-details\"><span class=\"contact-tel\"><a href=\"tel:+31202402350\">+31 (0) 20-2402350<\/a><\/span><span class=\"contact-email\"><br \/>\n<a href=\"mailto:info@qualifiednetworks.com\">info@qualifiednetworks.com<\/a><br \/>\n<\/span><\/div>\n<\/div>\n<p>[\/vc_column_text][\/vc_column_inner][\/vc_row_inner][\/vc_column][\/vc_row]<\/p>\n<\/div>","protected":false},"excerpt":{"rendered":"<p>[vc_section full_width=&#8220;stretch_row&#8220; el_class=&#8220;duurzaamheid section-intro pb-70&#8243; css=&#8220;.vc_custom_1748354937211{background-color: #F7F7FA !important;}&#8220;][vc_row el_class=&#8220;brand-section pt-180&#8243;][vc_column width=&#8220;6\/12&#8243;][vc_custom_heading text=&#8220;Zuverl\u00e4ssige Switches f\u00fcr moderne Netzwerke&#8220; font_container=&#8220;tag:div|text_align:left&#8220; use_theme_fonts=&#8220;yes&#8220; css=&#8220;&#8220; el_class=&#8220;subtitle&#8220;][vc_custom_heading text=&#8220;Juniper Switches&#8220; font_container=&#8220;tag:h1|text_align:left&#8220; use_theme_fonts=&#8220;yes&#8220; css=&#8220;&#8220;][vc_column_text css=&#8220;&#8220;]Juniper-Switches sind bekannt f\u00fcr ihre Stabilit\u00e4t, Skalierbarkeit und Sicherheit. Sie werden h\u00e4ufig in Rechenzentren, Unternehmensnetzwerken und Campus-Netzwerken eingesetzt. Bei Qualified Networks bieten wir sowohl neue als auch general\u00fcberholte Juniper-Switches an, [&hellip;]<\/p>\n","protected":false},"author":1,"featured_media":0,"parent":7349,"menu_order":0,"comment_status":"closed","ping_status":"closed","template":"","meta":{"footnotes":""},"class_list":["post-7441","page","type-page","status-publish","hentry"],"acf":[],"_links":{"self":[{"href":"https:\/\/www.qualifiednetworks.com\/de\/wp-json\/wp\/v2\/pages\/7441","targetHints":{"allow":["GET"]}}],"collection":[{"href":"https:\/\/www.qualifiednetworks.com\/de\/wp-json\/wp\/v2\/pages"}],"about":[{"href":"https:\/\/www.qualifiednetworks.com\/de\/wp-json\/wp\/v2\/types\/page"}],"author":[{"embeddable":true,"href":"https:\/\/www.qualifiednetworks.com\/de\/wp-json\/wp\/v2\/users\/1"}],"replies":[{"embeddable":true,"href":"https:\/\/www.qualifiednetworks.com\/de\/wp-json\/wp\/v2\/comments?post=7441"}],"version-history":[{"count":6,"href":"https:\/\/www.qualifiednetworks.com\/de\/wp-json\/wp\/v2\/pages\/7441\/revisions"}],"predecessor-version":[{"id":7718,"href":"https:\/\/www.qualifiednetworks.com\/de\/wp-json\/wp\/v2\/pages\/7441\/revisions\/7718"}],"up":[{"embeddable":true,"href":"https:\/\/www.qualifiednetworks.com\/de\/wp-json\/wp\/v2\/pages\/7349"}],"wp:attachment":[{"href":"https:\/\/www.qualifiednetworks.com\/de\/wp-json\/wp\/v2\/media?parent=7441"}],"curies":[{"name":"wp","href":"https:\/\/api.w.org\/{rel}","templated":true}]}}