 {"id":7453,"date":"2025-11-20T18:25:11","date_gmt":"2025-11-20T18:25:11","guid":{"rendered":"https:\/\/www.qualifiednetworks.com\/produkte\/schalter\/meraki\/"},"modified":"2025-11-20T18:25:13","modified_gmt":"2025-11-20T18:25:13","slug":"meraki","status":"publish","type":"page","link":"https:\/\/www.qualifiednetworks.com\/de\/produkte\/schalter\/meraki\/","title":{"rendered":"Meraki"},"content":{"rendered":"<div class=\"wpb-content-wrapper\"><p>[vc_section full_width=&#8220;stretch_row&#8220; el_class=&#8220;duurzaamheid section-intro pb-70&#8243; css=&#8220;.vc_custom_1748354937211{background-color: #F7F7FA !important;}&#8220;][vc_row el_class=&#8220;brand-section pt-180&#8243;][vc_column width=&#8220;6\/12&#8243;][vc_custom_heading text=&#8220;Netzwerkmanagement mit maximaler Einfachheit&#8220; font_container=&#8220;tag:div|text_align:left&#8220; use_theme_fonts=&#8220;yes&#8220; css=&#8220;&#8220; el_class=&#8220;subtitle&#8220;][vc_custom_heading text=&#8220;Meraki-Switches&#8220; font_container=&#8220;tag:h1|text_align:left&#8220; use_theme_fonts=&#8220;yes&#8220; css=&#8220;&#8220;][vc_column_text css=&#8220;&#8220;]Bei Qualified Networks finden Sie Meraki-Switches, die auf Einfachheit, Skalierbarkeit und zentrale Verwaltung \u00fcber das benutzerfreundliche Meraki-Dashboard ausgelegt sind. Ob Sie einen einzelnen Standort oder ein gro\u00dfes Netzwerk mit Dutzenden von Filialen verwalten \u2013 Meraki-Switches bieten Ihnen volle \u00dcbersicht und Kontrolle. Unsere Switches sind sofort einsatzbereit, auf Werkseinstellungen zur\u00fcckgesetzt und verf\u00fcgen \u00fcber eine lebenslange Garantie (f\u00fcr general\u00fcberholte Modelle).[\/vc_column_text][vc_row_inner el_class=&#8220;buttons service-mobile-cta&#8220;][vc_column_inner width=&#8220;1\/2&#8243; css=&#8220;.vc_custom_1740487265499{padding-right: 10px !important;padding-left: 0px !important;}&#8220;][vc_btn title=&#8220;Angebot anfordern&#8220; css=&#8220;&#8220; link=&#8220;url:https%3A%2F%2Fwww.qualifiednetworks.com%2Fde%2Fangebot-anfordern%2F|title:Angebot%20anfordern|&#8220;][\/vc_column_inner][vc_column_inner width=&#8220;1\/2&#8243; css=&#8220;.vc_custom_1740487216177{padding-right: 0px !important;padding-left: 0px !important;}&#8220;][vc_btn title=&#8220;Kontakt aufnehmen&#8220; style=&#8220;outline&#8220; css=&#8220;&#8220; link=&#8220;url:https%3A%2F%2Fwww.qualifiednetworks.com%2Fde%2Fangebot-anfordern%2F|title:Kontakt%20aufnehmen|&#8220;][\/vc_column_inner][\/vc_row_inner][vc_column_text][\/vc_column_text][\/vc_column][vc_column width=&#8220;1\/12&#8243;][\/vc_column][vc_column width=&#8220;5\/12&#8243; el_class=&#8220;form&#8220;][vc_custom_heading text=&#8220;Warum sollten Sie sich f\u00fcr Meraki-Switches von Qualified Networks entscheiden?&#8220; use_theme_fonts=&#8220;yes&#8220; css=&#8220;&#8220;][vc_column_text css=&#8220;&#8220; el_class=&#8220;list&#8220;]<\/p>\n<ul>\n<li data-start=\"1051\" data-end=\"1089\">Vollst\u00e4ndige Cloud-Integration f\u00fcr die zentrale Verwaltung<\/li>\n<li data-start=\"1051\" data-end=\"1089\">Schnelle Lieferung, auch general\u00fcberholte Modelle<\/li>\n<li data-start=\"1051\" data-end=\"1089\">Lebenslange Garantie auf general\u00fcberholte Meraki-Switches<\/li>\n<li data-start=\"1051\" data-end=\"1089\">Gr\u00fcndlich getestet und sofort einsatzbereit<\/li>\n<\/ul>\n<p>[\/vc_column_text][\/vc_column][\/vc_row][vc_row equal_height=&#8220;yes&#8220; el_class=&#8220;kwaliteit pb-90 pt-120&#8243;][vc_column width=&#8220;5\/12&#8243;][vc_custom_heading text=&#8220;H\u00e4ufig verkaufte Schalter&#8220; font_container=&#8220;tag:div|text_align:left&#8220; use_theme_fonts=&#8220;yes&#8220; css=&#8220;&#8220; el_class=&#8220;subtitle&#8220;][vc_custom_heading text=&#8220;Beliebte Meraki-Serie&#8220; use_theme_fonts=&#8220;yes&#8220; css=&#8220;&#8220;][vc_column_text css=&#8220;&#8220;]Meraki bietet eine umfassende Auswahl an Switches, die sich alle bequem \u00fcber das intuitive Cloud-Dashboard verwalten lassen. Hier ist eine Auswahl beliebter Serien, die wir h\u00e4ufig auf Lager haben:[\/vc_column_text][vc_tta_accordion title_tag=&#8220;p&#8220; section_title_tag=&#8220;p&#8220; style=&#8220;outline&#8220; shape=&#8220;square&#8220; color=&#8220;black&#8220; c_position=&#8220;right&#8220; active_section=&#8220;100&#8243; collapsible_all=&#8220;true&#8220; el_class=&#8220;faq-list&#8220;][vc_tta_section title=&#8220;MS120-serie&#8220; tab_id=&#8220;1739950626685-57982fb7-7b0d5507-9270a198-3149&#8243; el_class=&#8220;faq-first&#8220;][vc_column_text css=&#8220;&#8220;]Leichte Layer-2-Switches, ideal f\u00fcr kleine B\u00fcros oder Filialen. Erh\u00e4ltlich mit 1-Gbit\/s-Ports und PoE-Optionen.[\/vc_column_text][\/vc_tta_section][vc_tta_section title=&#8220;MS210-serie&#8220; tab_id=&#8220;1739950826636-55c2f176-34655507-9270a198-3149&#8243; el_class=&#8220;faq-second&#8220;][vc_column_text css=&#8220;&#8220;]Layer-2-Switch mit Stacking- und PoE+-Unterst\u00fctzung, ideal f\u00fcr mittelgro\u00dfe Netzwerke.[\/vc_column_text][\/vc_tta_section][vc_tta_section title=&#8220;MS225-serie&#8220; tab_id=&#8220;1739950825489-c6fadf36-f1965507-9270a198-3149&#8243; el_class=&#8220;faq-third&#8220;][vc_column_text css=&#8220;&#8220;]Layer-2\/3-Switch f\u00fcr gr\u00f6\u00dfere Netzwerke mit erweiterten Routing-Funktionen und hervorragender Skalierbarkeit.[\/vc_column_text][\/vc_tta_section][vc_tta_section title=&#8220;MS250-serie&#8220; tab_id=&#8220;1739950824730-15fe4dd0-cd925507-9270a198-3149&#8243; el_class=&#8220;faq-fourth&#8220;][vc_column_text css=&#8220;&#8220;]Layer-3-Switch mit redundanter Stromversorgung und Hochverf\u00fcgbarkeitsfunktionen, der in kritischen Umgebungen weit verbreitet ist.[\/vc_column_text][\/vc_tta_section][vc_tta_section title=&#8220;MS355-serie&#8220; tab_id=&#8220;1747834971747-e60e21e7-7c7e5507-9270a198-3149&#8243; el_class=&#8220;faq-fourth&#8220;][vc_column_text css=&#8220;&#8220;]Multigigabit Layer 3 Switch f\u00fcr hohe Leistung und schwere Arbeitslasten mit PoE++-Unterst\u00fctzung.[\/vc_column_text][\/vc_tta_section][\/vc_tta_accordion][\/vc_column][vc_column width=&#8220;1\/12&#8243;][\/vc_column][vc_column width=&#8220;6\/12&#8243; el_class=&#8220;mo-1&#8243;][vc_single_image image=&#8220;6413&#8243; img_size=&#8220;full&#8220; css=&#8220;&#8220;][\/vc_column][\/vc_row][vc_row el_class=&#8220;section-bestservice section-bestservice-small section-bestservice-row&#8220;][vc_column width=&#8220;1\/2&#8243; el_class=&#8220;inner&#8220;][vc_custom_heading text=&#8220;Nicht gefunden, wonach Sie suchen?&#8220; use_theme_fonts=&#8220;yes&#8220; css=&#8220;&#8220;][vc_column_text css=&#8220;&#8220;]Suchen Sie ein bestimmtes Meraki-Modell, das nicht auf unserer Website aufgef\u00fchrt ist? Sprechen Sie uns an. Dank unseres internationalen Netzwerks k\u00f6nnen wir Ihnen nahezu jedes Modell liefern, oft innerhalb von 24 Stunden. Wir helfen Ihnen gerne, die optimale L\u00f6sung zu finden.[\/vc_column_text][vc_btn title=&#8220;Kontakt aufnehmen&#8220; css=&#8220;&#8220; link=&#8220;url:https%3A%2F%2Fwww.qualifiednetworks.com%2Fde%2Fangebot-anfordern%2F|title:Kontakt%20aufnehmen|&#8220;][vc_btn title=&#8220;Ruf mich zur\u00fcck&#8220; style=&#8220;outline&#8220; color=&#8220;white&#8220; css=&#8220;&#8220; link=&#8220;url:https%3A%2F%2Fwww.qualifiednetworks.com%2Fde%2Fangebot-anfordern%2F|title:Ruf%20mich%20zur%C3%BCck|&#8220;][\/vc_column][vc_column width=&#8220;1\/2&#8243;][\/vc_column][\/vc_row][\/vc_section][vc_row el_class=&#8220;pt-100 pb-130&#8243;][vc_column width=&#8220;7\/12&#8243; el_class=&#8220;left-content&#8220;][vc_custom_heading text=&#8220;Faq&#8220; font_container=&#8220;tag:div|text_align:left&#8220; use_theme_fonts=&#8220;yes&#8220; el_class=&#8220;subtitle&#8220;][vc_custom_heading text=&#8220;Frage und Antwort&#8220; use_theme_fonts=&#8220;yes&#8220; css=&#8220;&#8220; el_id=&#8220;faq-first&#8220;][vc_tta_accordion title_tag=&#8220;p&#8220; section_title_tag=&#8220;p&#8220; style=&#8220;outline&#8220; shape=&#8220;square&#8220; color=&#8220;black&#8220; c_position=&#8220;right&#8220; active_section=&#8220;100&#8243; collapsible_all=&#8220;true&#8220;][vc_tta_section title=&#8220;Welche Meraki-Serien f\u00fchren Sie?&#8220; tab_id=&#8220;1740059542177-a6d79dfd-70e55507-9270a198-3149&#8243;][vc_column_text css=&#8220;&#8220;]<\/p>\n<p data-pm-slice=\"1 1 []\">Wir f\u00fchren unter anderem die Serien MS120, MS210, MS225, MS250 und MS355. Ist Ihr Modell nicht aufgef\u00fchrt? Kontaktieren Sie uns. Dank unseres umfangreichen Netzwerks k\u00f6nnen wir Ihnen nahezu jedes Modell liefern, oft innerhalb von 24 Stunden.   <\/p>\n<p>[\/vc_column_text][\/vc_tta_section][vc_tta_section title=&#8220;Was ist der Vorteil von Meraki-Schaltern?&#8220; tab_id=&#8220;1747836109474-65abd71d-182e5507-9270a198-3149&#8243;][vc_column_text css=&#8220;&#8220;]Meraki-Switches werden vollst\u00e4ndig \u00fcber die Cloud verwaltet, sodass Sie Updates, \u00dcberwachung und Management \u00fcber ein einziges Dashboard steuern k\u00f6nnen. Dadurch eignen sie sich ideal f\u00fcr Unternehmen mit mehreren Standorten oder begrenzten IT-Kapazit\u00e4ten vor Ort.[\/vc_column_text][\/vc_tta_section][vc_tta_section title=&#8220;Sind general\u00fcberholte Meraki-Schalter zuverl\u00e4ssig?&#8220; tab_id=&#8220;1747836106778-3a6b61ac-1ef85507-9270a198-3149&#8243;][vc_column_text css=&#8220;&#8220;]Ja, bei Qualified Networks werden alle general\u00fcberholten Switches anhand von mehr als 20 Kriterien gr\u00fcndlich gepr\u00fcft, auf Werkseinstellungen zur\u00fcckgesetzt und mit einer lebenslangen Garantie geliefert.[\/vc_column_text][\/vc_tta_section][vc_tta_section title=&#8220;Unterst\u00fctzen Sie auch Meraki-Lizenzen?&#8220; tab_id=&#8220;1747836106236-15e39d87-0d775507-9270a198-3149&#8243;][vc_column_text css=&#8220;&#8220;]Wir stellen selbst keine Lizenzen bereit, sorgen aber daf\u00fcr, dass Sie den richtigen Switch mit entsprechendem Support erhalten.[\/vc_column_text][\/vc_tta_section][vc_tta_section title=&#8220;Was ist, wenn mein Wunschmodell nicht aufgef\u00fchrt ist?&#8220; tab_id=&#8220;1747836105323-499530d2-cc505507-9270a198-3149&#8243;][vc_column_text css=&#8220;&#8220;]Sprechen Sie uns an. Dank unseres internationalen Netzwerks k\u00f6nnen wir Ihnen fast immer das gew\u00fcnschte Modell liefern. Wir antworten umgehend und finden gemeinsam mit Ihnen die optimale L\u00f6sung.[\/vc_column_text][\/vc_tta_section][\/vc_tta_accordion][vc_btn title=&#8220;Mehr h\u00e4ufig gestellte Fragen&#8220; style=&#8220;outline&#8220; css=&#8220;&#8220; link=&#8220;url:https%3A%2F%2Fwww.qualifiednetworks.com%2Fde%2Ffaq%2F|&#8220; el_class=&#8220;pt-30&#8243;][\/vc_column][vc_column width=&#8220;5\/12&#8243; el_class=&#8220;faq-sidebar&#8220;][vc_custom_heading text=&#8220;Kontakt&#8220; font_container=&#8220;tag:div|text_align:left&#8220; use_theme_fonts=&#8220;yes&#8220; el_class=&#8220;subtitle&#8220;][vc_custom_heading text=&#8220;Andere Frage?&#8220; use_theme_fonts=&#8220;yes&#8220; css=&#8220;.vc_custom_1747836143916{margin-bottom: 5px !important;}&#8220;][vc_column_text css=&#8220;.vc_custom_1747836159058{margin-bottom: 10px !important;}&#8220; el_class=&#8220;sub-title&#8220;]F\u00fcr weitere Informationen kontaktieren Sie uns bitte.[\/vc_column_text][vc_row_inner el_class=&#8220;faq-contact-block&#8220;][vc_column_inner width=&#8220;1\/4&#8243;][vc_single_image image=&#8220;3815&#8243; img_size=&#8220;large&#8220; style=&#8220;vc_box_circle_2&#8243; onclick=&#8220;custom_link&#8220; css=&#8220;&#8220; link=&#8220;\/author\/oskar-paarhuis\/&#8220;][\/vc_column_inner][vc_column_inner width=&#8220;3\/4&#8243;][vc_column_text css=&#8220;&#8220;]<\/p>\n<div class=\"contact-wrapper\">\n<div class=\"contact-info\">\n<h6 class=\"name\"><a href=\"\/author\/oskar-paarhuis\/\">Oskar Paarhuis<\/a><\/h6>\n<p><a href=\"\/author\/oskar-paarhuis\/\"><span class=\"position\">IT-Spezialist<\/span><\/a><\/p>\n<\/div>\n<div class=\"contact-details\"><span class=\"contact-tel\"><a href=\"tel:+31202402350\">+31 (0) 20-2402350<\/a><\/span><span class=\"contact-email\"><br \/>\n<a href=\"mailto:info@qualifiednetworks.com\">info@qualifiednetworks.com<\/a><br \/>\n<\/span><\/div>\n<\/div>\n<p>[\/vc_column_text][\/vc_column_inner][\/vc_row_inner][\/vc_column][\/vc_row]<\/p>\n<\/div>","protected":false},"excerpt":{"rendered":"<p>[vc_section full_width=&#8220;stretch_row&#8220; el_class=&#8220;duurzaamheid section-intro pb-70&#8243; css=&#8220;.vc_custom_1748354937211{background-color: #F7F7FA !important;}&#8220;][vc_row el_class=&#8220;brand-section pt-180&#8243;][vc_column width=&#8220;6\/12&#8243;][vc_custom_heading text=&#8220;Netzwerkmanagement mit maximaler Einfachheit&#8220; font_container=&#8220;tag:div|text_align:left&#8220; use_theme_fonts=&#8220;yes&#8220; css=&#8220;&#8220; el_class=&#8220;subtitle&#8220;][vc_custom_heading text=&#8220;Meraki-Switches&#8220; font_container=&#8220;tag:h1|text_align:left&#8220; use_theme_fonts=&#8220;yes&#8220; css=&#8220;&#8220;][vc_column_text css=&#8220;&#8220;]Bei Qualified Networks finden Sie Meraki-Switches, die auf Einfachheit, Skalierbarkeit und zentrale Verwaltung \u00fcber das benutzerfreundliche Meraki-Dashboard ausgelegt sind. Ob Sie einen einzelnen Standort oder ein gro\u00dfes Netzwerk mit Dutzenden von Filialen [&hellip;]<\/p>\n","protected":false},"author":1,"featured_media":0,"parent":7349,"menu_order":0,"comment_status":"closed","ping_status":"closed","template":"","meta":{"footnotes":""},"class_list":["post-7453","page","type-page","status-publish","hentry"],"acf":[],"_links":{"self":[{"href":"https:\/\/www.qualifiednetworks.com\/de\/wp-json\/wp\/v2\/pages\/7453","targetHints":{"allow":["GET"]}}],"collection":[{"href":"https:\/\/www.qualifiednetworks.com\/de\/wp-json\/wp\/v2\/pages"}],"about":[{"href":"https:\/\/www.qualifiednetworks.com\/de\/wp-json\/wp\/v2\/types\/page"}],"author":[{"embeddable":true,"href":"https:\/\/www.qualifiednetworks.com\/de\/wp-json\/wp\/v2\/users\/1"}],"replies":[{"embeddable":true,"href":"https:\/\/www.qualifiednetworks.com\/de\/wp-json\/wp\/v2\/comments?post=7453"}],"version-history":[{"count":3,"href":"https:\/\/www.qualifiednetworks.com\/de\/wp-json\/wp\/v2\/pages\/7453\/revisions"}],"predecessor-version":[{"id":7456,"href":"https:\/\/www.qualifiednetworks.com\/de\/wp-json\/wp\/v2\/pages\/7453\/revisions\/7456"}],"up":[{"embeddable":true,"href":"https:\/\/www.qualifiednetworks.com\/de\/wp-json\/wp\/v2\/pages\/7349"}],"wp:attachment":[{"href":"https:\/\/www.qualifiednetworks.com\/de\/wp-json\/wp\/v2\/media?parent=7453"}],"curies":[{"name":"wp","href":"https:\/\/api.w.org\/{rel}","templated":true}]}}