 {"id":7465,"date":"2025-11-20T18:40:31","date_gmt":"2025-11-20T18:40:31","guid":{"rendered":"https:\/\/www.qualifiednetworks.com\/produkte\/voip\/"},"modified":"2025-11-20T18:40:33","modified_gmt":"2025-11-20T18:40:33","slug":"voip","status":"publish","type":"page","link":"https:\/\/www.qualifiednetworks.com\/de\/produkte\/voip\/","title":{"rendered":"VoIP"},"content":{"rendered":"<div class=\"wpb-content-wrapper\"><p>[vc_section full_width=&#8220;stretch_row&#8220; el_class=&#8220;duurzaamheid section-intro category&#8220;][vc_row][vc_column width=&#8220;6\/12&#8243;][vc_column_text css=&#8220;&#8220; el_class=&#8220;pt-50&#8243;]Mit VoIP (Internettelefonie) profitieren Sie von moderner, professioneller Telefonie ohne herk\u00f6mmliche Telefonanlage. VoIP-Ger\u00e4te bieten fortschrittliche Funktionen wie HD-Sprachqualit\u00e4t, Gruppenanrufe, Videoanrufe und die Integration in Konferenzsysteme. Qualified Networks bietet hochwertige neue und general\u00fcberholte VoIP-L\u00f6sungen \u2013 umfassend getestet, sofort einsatzbereit und mit lebenslanger Garantie auf general\u00fcberholte Modelle.[\/vc_column_text][vc_column_text css=&#8220;&#8220; el_class=&#8220;list&#8220;]<\/p>\n<ul>\n<li>Professionelle IP-Telefonie f\u00fcr Unternehmen<\/li>\n<li>Sofort einsatzbereit und technisch gepr\u00fcft<\/li>\n<li>Lebenslange Garantie auf general\u00fcberholte Modelle<\/li>\n<li>Schnelle Lieferung und kompetente Beratung<\/li>\n<\/ul>\n<p>[\/vc_column_text][vc_row_inner el_class=&#8220;buttons service-mobile-cta&#8220;][vc_column_inner css=&#8220;.vc_custom_1740487265499{padding-right: 10px !important;padding-left: 0px !important;}&#8220;][vc_btn title=&#8220;Kontakt aufnehmen&#8220; css=&#8220;&#8220; link=&#8220;url:https%3A%2F%2Fwww.qualifiednetworks.com%2Fde%2Fkontakt%2F|title:Kontakt|&#8220;][\/vc_column_inner][\/vc_row_inner][vc_column_text][\/vc_column_text][\/vc_column][vc_column width=&#8220;1\/12&#8243;][\/vc_column][vc_column width=&#8220;5\/12&#8243; el_class=&#8220;form&#8220;][vc_custom_heading text=&#8220;Warum VoIP w\u00e4hlen?&#8220; use_theme_fonts=&#8220;yes&#8220; css=&#8220;&#8220;][vc_column_text css=&#8220;&#8220;]Kreislaufwirtschaft in der IT geht \u00fcber reines Recycling hinaus. Mit wiederaufbereiteten VoIP-Ger\u00e4ten verl\u00e4ngern Sie die Lebensdauer Ihrer Hardware und reduzieren Elektroschrott, w\u00e4hrend Sie gleichzeitig von niedrigen Kosten und hoher Zuverl\u00e4ssigkeit profitieren. So wird Telefonie intelligenter, nachhaltiger und erschwinglicher.[\/vc_column_text][vc_column_text css=&#8220;&#8220; el_class=&#8220;list&#8220;]<\/p>\n<ul>\n<li><strong>Nachhaltig &amp; umweltfreundlich<\/strong><br \/>\nReduzierung von Elektroschrott und CO\u2082-Emissionen durch Hardware-Wiederverwendung.<\/li>\n<li><strong>Kosteng\u00fcnstig<\/strong><br \/>\nBis zu 70 % g\u00fcnstiger als Neuware, ohne Kompromisse bei der Qualit\u00e4t.<\/li>\n<li><strong>Sicher und zuverl\u00e4ssig<\/strong><br \/>\nVollst\u00e4ndig gepr\u00fcft, zertifiziert und sofort einsatzbereit.<\/li>\n<li><strong>Weniger abh\u00e4ngig von der Neuproduktion<\/strong><br \/>\nKeine langen Lieferzeiten oder Engp\u00e4sse.<\/li>\n<\/ul>\n<p>[\/vc_column_text][\/vc_column][\/vc_row][\/vc_section][vc_row el_class=&#8220;product-menu pt-70&#8243;][vc_column][vc_custom_heading text=&#8220;Unsere VoIP-Marken&#8220; use_theme_fonts=&#8220;yes&#8220; css=&#8220;&#8220;][vc_column_text css=&#8220;&#8220;]Qualified Networks liefert VoIP-Ger\u00e4te f\u00fcr Unternehmensnetzwerke: von Einzelger\u00e4ten bis hin zu kompletten Kommunikationssystemen. Wir f\u00fchren standardm\u00e4\u00dfig Cisco VoIP-Ger\u00e4te, k\u00f6nnen Ihnen aber auf Anfrage auch alternative Marken anbieten.[\/vc_column_text][vc_wp_custommenu nav_menu=&#8220;498&#8243;][\/vc_column][\/vc_row][vc_row el_class=&#8220;section-bestservice section-bestservice-small b-to-t in-view&#8220;][vc_column][vc_row_inner el_class=&#8220;inner&#8220;][vc_column_inner width=&#8220;6\/12&#8243;][vc_custom_heading text=&#8220;<em>VoIP <\/em>auf Bestellung&#8220; use_theme_fonts=&#8220;yes&#8220; css=&#8220;&#8220;][vc_column_text css=&#8220;&#8220;]Suchen Sie ein bestimmtes VoIP-Telefonmodell? Wir helfen Ihnen gerne, das passende zu finden. Dank unseres internationalen Netzwerks k\u00f6nnen wir Ihnen nahezu jedes Cisco-Modell liefern, oft innerhalb von 24 Stunden.[\/vc_column_text][vc_btn title=&#8220;Kontakt aufnehmen&#8220; css=&#8220;&#8220; link=&#8220;url:https%3A%2F%2Fwww.qualifiednetworks.com%2Fde%2Fkontakt%2F|title:Kontakt%20aufnehmen|&#8220;][vc_btn title=&#8220;Ruf mich zur\u00fcck&#8220; style=&#8220;outline&#8220; color=&#8220;white&#8220; css=&#8220;&#8220; link=&#8220;url:https%3A%2F%2Fwww.qualifiednetworks.com%2Fde%2Fkontakt%2F|title:Ruf%20mich%20zur%C3%BCck|&#8220;][\/vc_column_inner][vc_column_inner width=&#8220;6\/12&#8243; offset=&#8220;vc_hidden-md vc_hidden-sm vc_hidden-xs&#8220;][\/vc_column_inner][\/vc_row_inner][\/vc_column][\/vc_row][vc_section full_width=&#8220;stretch_row&#8220;][vc_row equal_height=&#8220;yes&#8220; el_class=&#8220;service pb-80 pt-100&#8243;][vc_column width=&#8220;6\/12&#8243; el_class=&#8220;content info&#8220;][vc_custom_heading text=&#8220;Qualit\u00e4t&#8220; font_container=&#8220;tag:div|text_align:left&#8220; use_theme_fonts=&#8220;yes&#8220; css=&#8220;&#8220; el_class=&#8220;subtitle&#8220;][vc_custom_heading text=&#8220;Unsere Circular<br \/>\nIT-L\u00f6sungen&#8220; use_theme_fonts=&#8220;yes&#8220; css=&#8220;&#8220;][vc_column_text css=&#8220;&#8220;]Jede wiederaufbereitete VoIP-L\u00f6sung tr\u00e4gt zu einer nachhaltigeren IT-Umgebung bei. Durch die Kombination von Wiederverwendung und zertifizierter Qualit\u00e4tskontrolle erzielen Sie Kosteneinsparungen und \u00f6kologische Vorteile.[\/vc_column_text][vc_column_text css=&#8220;&#8220; el_class=&#8220;list&#8220;]<\/p>\n<ul>\n<li>Verl\u00e4ngerte Lebensdauer der Ger\u00e4te<\/li>\n<li>Geringere CO\u2082-Emissionen durch Wiederverwendung<\/li>\n<li>Technisch gepr\u00fcft und f\u00fcr die Wiederinstallation zertifiziert.<\/li>\n<li>Lebenslange Garantie auf general\u00fcberholte Modelle<\/li>\n<\/ul>\n<p>[\/vc_column_text][\/vc_column][vc_column width=&#8220;1\/12&#8243;][\/vc_column][vc_column width=&#8220;5\/12&#8243; el_class=&#8220;mo-1&#8243;][vc_single_image image=&#8220;5131&#8243; img_size=&#8220;large&#8220; css=&#8220;&#8220; el_class=&#8220;image-overlay&#8220;][\/vc_column][\/vc_row][vc_row el_class=&#8220;pb-130&#8243;][vc_column width=&#8220;7\/12&#8243; el_class=&#8220;left-content&#8220;][vc_custom_heading text=&#8220;Faq&#8220; font_container=&#8220;tag:div|text_align:left&#8220; use_theme_fonts=&#8220;yes&#8220; el_class=&#8220;subtitle&#8220;][vc_custom_heading text=&#8220;Frage und Antwort&#8220; use_theme_fonts=&#8220;yes&#8220; css=&#8220;&#8220; el_id=&#8220;faq-first&#8220;][vc_tta_accordion title_tag=&#8220;p&#8220; section_title_tag=&#8220;p&#8220; style=&#8220;outline&#8220; shape=&#8220;square&#8220; color=&#8220;black&#8220; c_position=&#8220;right&#8220; active_section=&#8220;100&#8243; collapsible_all=&#8220;true&#8220;][vc_tta_section title=&#8220;Welchen Vorteil bietet VoIP gegen\u00fcber der analogen Telefonie?&#8220; tab_id=&#8220;1740059542177-a6d79dfd-70e5&#8243;][vc_column_text css=&#8220;&#8220;]VoIP bietet h\u00f6here Gespr\u00e4chsqualit\u00e4t, niedrigere Kosten und gr\u00f6\u00dfere Flexibilit\u00e4t. Dar\u00fcber hinaus lassen sich die Ger\u00e4te problemlos in andere Gesch\u00e4ftsanwendungen integrieren.[\/vc_column_text][\/vc_tta_section][vc_tta_section title=&#8220;F\u00fchren Sie neben Cisco auch andere Marken?&#8220; tab_id=&#8220;1740059542197-b25b9ff3-e8ab&#8220;][vc_column_text css=&#8220;&#8220;]Wir liefern standardm\u00e4\u00dfig Cisco-Produkte, k\u00f6nnen Ihnen aber auf Anfrage \u00fcber unser internationales Netzwerk auch andere Marken anbieten.[\/vc_column_text][\/vc_tta_section][vc_tta_section title=&#8220;Unterst\u00fctzen Cisco-Ger\u00e4te Videoanrufe?&#8220; tab_id=&#8220;1740059542221-cf1635f0-c84f&#8220;][vc_column_text css=&#8220;&#8220;]Ja, viele Modelle, wie beispielsweise die Cisco 8800-Serie, unterst\u00fctzen HD-Video und Konferenzschaltungen.[\/vc_column_text][\/vc_tta_section][vc_tta_section title=&#8220;Wie schnell k\u00f6nnen Sie liefern?&#8220; tab_id=&#8220;1740059542242-d0c84e05-76e5&#8243;][vc_column_text css=&#8220;&#8220;]Viele Modelle sind direkt ab Lager verf\u00fcgbar. In vielen F\u00e4llen erhalten Sie Ihr Ger\u00e4t innerhalb von 24 Stunden.[\/vc_column_text][\/vc_tta_section][vc_tta_section title=&#8220;Haben general\u00fcberholte Ger\u00e4te eine Garantie?&#8220; tab_id=&#8220;1740059542261-bc0021b6-4bc5&#8243;][vc_column_text css=&#8220;&#8220;]Ja, alle general\u00fcberholten VoIP-Ger\u00e4te haben eine lebenslange Garantie.[\/vc_column_text][\/vc_tta_section][\/vc_tta_accordion][vc_btn title=&#8220;Mehr h\u00e4ufig gestellte Fragen&#8220; style=&#8220;outline&#8220; css=&#8220;&#8220; link=&#8220;url:https%3A%2F%2Fwww.qualifiednetworks.com%2Fde%2Ffaq%2F|&#8220; el_class=&#8220;pt-30&#8243;][\/vc_column][vc_column width=&#8220;5\/12&#8243; el_class=&#8220;faq-sidebar&#8220;][vc_custom_heading text=&#8220;Kontakt&#8220; font_container=&#8220;tag:div|text_align:left&#8220; use_theme_fonts=&#8220;yes&#8220; el_class=&#8220;subtitle&#8220;][vc_custom_heading text=&#8220;Andere Frage?&#8220; use_theme_fonts=&#8220;yes&#8220; css=&#8220;.vc_custom_1747822179811{margin-bottom: 5px !important;}&#8220;][vc_column_text css=&#8220;.vc_custom_1747822193223{margin-bottom: 10px !important;}&#8220; el_class=&#8220;sub-title&#8220;]F\u00fcr weitere Informationen kontaktieren Sie uns bitte.[\/vc_column_text][vc_row_inner el_class=&#8220;faq-contact-block&#8220;][vc_column_inner width=&#8220;1\/4&#8243;][vc_single_image image=&#8220;3815&#8243; img_size=&#8220;large&#8220; style=&#8220;vc_box_circle_2&#8243; onclick=&#8220;custom_link&#8220; css=&#8220;&#8220; link=&#8220;\/author\/oskar-paarhuis\/&#8220;][\/vc_column_inner][vc_column_inner width=&#8220;3\/4&#8243;][vc_column_text css=&#8220;&#8220;]<\/p>\n<div class=\"contact-wrapper\">\n<div class=\"contact-info\">\n<h6 class=\"name\"><a href=\"\/author\/oskar-paarhuis\/\">Oskar Paarhuis<\/a><\/h6>\n<p><a href=\"\/author\/oskar-paarhuis\/\"><span class=\"position\">IT-Spezialist<\/span><\/a><\/p>\n<\/div>\n<div class=\"contact-details\"><span class=\"contact-tel\"><a href=\"tel:+31202402350\">+31 (0) 20-2402350<\/a><\/span><span class=\"contact-email\"><br \/>\n<a href=\"mailto:info@qualifiednetworks.com\">info@qualifiednetworks.com<\/a><br \/>\n<\/span><\/div>\n<\/div>\n<p>[\/vc_column_text][\/vc_column_inner][\/vc_row_inner][\/vc_column][\/vc_row][\/vc_section]<\/p>\n<\/div>","protected":false},"excerpt":{"rendered":"<p>[vc_section full_width=&#8220;stretch_row&#8220; el_class=&#8220;duurzaamheid section-intro category&#8220;][vc_row][vc_column width=&#8220;6\/12&#8243;][vc_column_text css=&#8220;&#8220; el_class=&#8220;pt-50&#8243;]Mit VoIP (Internettelefonie) profitieren Sie von moderner, professioneller Telefonie ohne herk\u00f6mmliche Telefonanlage. VoIP-Ger\u00e4te bieten fortschrittliche Funktionen wie HD-Sprachqualit\u00e4t, Gruppenanrufe, Videoanrufe und die Integration in Konferenzsysteme. Qualified Networks bietet hochwertige neue und general\u00fcberholte VoIP-L\u00f6sungen \u2013 umfassend getestet, sofort einsatzbereit und mit lebenslanger Garantie auf general\u00fcberholte Modelle.[\/vc_column_text][vc_column_text css=&#8220;&#8220; el_class=&#8220;list&#8220;] Professionelle [&hellip;]<\/p>\n","protected":false},"author":1,"featured_media":0,"parent":3273,"menu_order":0,"comment_status":"closed","ping_status":"closed","template":"","meta":{"footnotes":""},"class_list":["post-7465","page","type-page","status-publish","hentry"],"acf":[],"_links":{"self":[{"href":"https:\/\/www.qualifiednetworks.com\/de\/wp-json\/wp\/v2\/pages\/7465","targetHints":{"allow":["GET"]}}],"collection":[{"href":"https:\/\/www.qualifiednetworks.com\/de\/wp-json\/wp\/v2\/pages"}],"about":[{"href":"https:\/\/www.qualifiednetworks.com\/de\/wp-json\/wp\/v2\/types\/page"}],"author":[{"embeddable":true,"href":"https:\/\/www.qualifiednetworks.com\/de\/wp-json\/wp\/v2\/users\/1"}],"replies":[{"embeddable":true,"href":"https:\/\/www.qualifiednetworks.com\/de\/wp-json\/wp\/v2\/comments?post=7465"}],"version-history":[{"count":3,"href":"https:\/\/www.qualifiednetworks.com\/de\/wp-json\/wp\/v2\/pages\/7465\/revisions"}],"predecessor-version":[{"id":7468,"href":"https:\/\/www.qualifiednetworks.com\/de\/wp-json\/wp\/v2\/pages\/7465\/revisions\/7468"}],"up":[{"embeddable":true,"href":"https:\/\/www.qualifiednetworks.com\/de\/wp-json\/wp\/v2\/pages\/3273"}],"wp:attachment":[{"href":"https:\/\/www.qualifiednetworks.com\/de\/wp-json\/wp\/v2\/media?parent=7465"}],"curies":[{"name":"wp","href":"https:\/\/api.w.org\/{rel}","templated":true}]}}