 {"id":7489,"date":"2025-11-20T19:00:53","date_gmt":"2025-11-20T19:00:53","guid":{"rendered":"https:\/\/www.qualifiednetworks.com\/produkte\/drahtlos\/"},"modified":"2025-11-20T19:00:55","modified_gmt":"2025-11-20T19:00:55","slug":"drahtlos","status":"publish","type":"page","link":"https:\/\/www.qualifiednetworks.com\/de\/produkte\/drahtlos\/","title":{"rendered":"Drahtlos"},"content":{"rendered":"<div class=\"wpb-content-wrapper\"><p>[vc_section full_width=&#8220;stretch_row&#8220; el_class=&#8220;duurzaamheid section-intro category&#8220;][vc_row][vc_column width=&#8220;6\/12&#8243;][vc_column_text css=&#8220;&#8220; el_class=&#8220;pt-50&#8243;]Zuverl\u00e4ssige WLAN-Verbindungen sind in modernen IT-Umgebungen unerl\u00e4sslich. Mit professionellen Access Points, Controllern und Antennen f\u00fchrender Marken bauen Sie m\u00fchelos ein schnelles und sicheres WLAN-Netzwerk auf. Qualified Networks bietet neue und general\u00fcberholte WLAN-Hardware von Herstellern wie Cisco, Meraki, HP und Aruba: gr\u00fcndlich gepr\u00fcft und sofort einsatzbereit.[\/vc_column_text][vc_column_text css=&#8220;&#8220; el_class=&#8220;list&#8220;]<\/p>\n<ul>\n<li>Neue und general\u00fcberholte drahtlose Hardware von A-Marken<\/li>\n<li>Zugangspunkte, Controller und Antennen f\u00fcr Unternehmensnetzwerke<\/li>\n<li>Vollst\u00e4ndig getestet und sofort einsatzbereit<\/li>\n<li>Lebenslange Garantie auf general\u00fcberholte Modelle<\/li>\n<\/ul>\n<p>[\/vc_column_text][vc_row_inner el_class=&#8220;buttons service-mobile-cta&#8220;][vc_column_inner css=&#8220;.vc_custom_1740487265499{padding-right: 10px !important;padding-left: 0px !important;}&#8220;][vc_btn title=&#8220;Kontakt aufnehmen&#8220; css=&#8220;&#8220; link=&#8220;url:https%3A%2F%2Fwww.qualifiednetworks.com%2Fde%2Fkontakt%2F|title:Kontakt|&#8220;][\/vc_column_inner][\/vc_row_inner][vc_column_text][\/vc_column_text][\/vc_column][vc_column width=&#8220;1\/12&#8243;][\/vc_column][vc_column width=&#8220;5\/12&#8243; el_class=&#8220;form&#8220;][vc_custom_heading text=&#8220;Warum Qualified Networks?&#8220; use_theme_fonts=&#8220;yes&#8220; css=&#8220;&#8220;][vc_column_text css=&#8220;&#8220;]Wir bieten zuverl\u00e4ssige WLAN-Hardware, mit der Unternehmen ihre Netzwerke einfach erweitern oder optimieren k\u00f6nnen. Alle Produkte werden auf Leistung und Kompatibilit\u00e4t gepr\u00fcft, um stabile WLAN-Verbindungen mit minimalen Ausfallzeiten zu gew\u00e4hrleisten.[\/vc_column_text][vc_column_text css=&#8220;&#8220; el_class=&#8220;list&#8220;]<\/p>\n<ul>\n<li><strong>Neue und general\u00fcberholte drahtlose Produkte sind sofort lieferbar.<\/strong><\/li>\n<li><strong>Gr\u00fcndlich gepr\u00fcft und zertifiziert<\/strong><\/li>\n<li><strong>Kompatibel mit Cisco, Meraki, HP und Aruba<\/strong><\/li>\n<li><strong>Schnelle Lieferung und lebenslange Garantie auf general\u00fcberholte Produkte<\/strong><\/li>\n<\/ul>\n<p>[\/vc_column_text][\/vc_column][\/vc_row][\/vc_section][vc_row el_class=&#8220;product-menu pt-70&#8243;][vc_column][vc_custom_heading text=&#8220;Alle unsere Wireless-Hardware&#8220; use_theme_fonts=&#8220;yes&#8220; css=&#8220;&#8220;][vc_column_text css=&#8220;&#8220;]Wir f\u00fchren standardm\u00e4\u00dfig alle unten aufgef\u00fchrten Marken. Ist Ihre Wunschmarke nicht dabei? Kontaktieren Sie uns \u2013 wir helfen Ihnen gerne weiter![\/vc_column_text][vc_wp_custommenu nav_menu=&#8220;495&#8243;][\/vc_column][\/vc_row][vc_row el_class=&#8220;section-bestservice section-bestservice-small b-to-t in-view&#8220;][vc_column][vc_row_inner el_class=&#8220;inner&#8220;][vc_column_inner width=&#8220;6\/12&#8243;][vc_custom_heading text=&#8220;<em>Wireless-Hardware<\/em> bestellt&#8220; use_theme_fonts=&#8220;yes&#8220; css=&#8220;&#8220;][vc_column_text css=&#8220;&#8220;]Suchen Sie einen bestimmten Access Point oder Controller, der nicht auf unserer Website aufgef\u00fchrt ist? Dank unseres internationalen Netzwerks k\u00f6nnen wir Ihnen nahezu jedes Modell liefern, oft innerhalb von 24 Stunden. Wir beraten Sie gerne zu Leistung, Kompatibilit\u00e4t und Alternativen innerhalb Ihres bestehenden Netzwerks.[\/vc_column_text][vc_btn title=&#8220;Kontakt aufnehmen&#8220; css=&#8220;&#8220; link=&#8220;url:https%3A%2F%2Fwww.qualifiednetworks.com%2Fde%2Fkontakt%2F|title:Kontakt%20aufnehmen|&#8220;][vc_btn title=&#8220;Ruf mich zur\u00fcck&#8220; style=&#8220;outline&#8220; color=&#8220;white&#8220; css=&#8220;&#8220; link=&#8220;url:https%3A%2F%2Fwww.qualifiednetworks.com%2Fde%2Fkontakt%2F|title:Ruf%20mich%20zur%C3%BCck|&#8220;][\/vc_column_inner][vc_column_inner width=&#8220;6\/12&#8243; offset=&#8220;vc_hidden-md vc_hidden-sm vc_hidden-xs&#8220;][\/vc_column_inner][\/vc_row_inner][vc_row_inner el_class=&#8220;bg-image&#8220;][vc_column_inner][\/vc_column_inner][\/vc_row_inner][\/vc_column][\/vc_row][vc_section full_width=&#8220;stretch_row&#8220;][vc_row equal_height=&#8220;yes&#8220; el_class=&#8220;service pb-80 pt-100&#8243;][vc_column width=&#8220;6\/12&#8243; el_class=&#8220;content info&#8220;][vc_custom_heading text=&#8220;Nachhaltig und wirtschaftlich&#8220; font_container=&#8220;tag:div|text_align:left&#8220; use_theme_fonts=&#8220;yes&#8220; css=&#8220;&#8220; el_class=&#8220;subtitle&#8220;][vc_custom_heading text=&#8220;General\u00fcberholte drahtlose Hardware&#8220; use_theme_fonts=&#8220;yes&#8220; css=&#8220;&#8220;][vc_column_text css=&#8220;&#8220;]General\u00fcberholte WLAN-Ger\u00e4te sind eine clevere und nachhaltige Wahl. Alle Produkte werden gr\u00fcndlich gepr\u00fcft, gereinigt und zertifiziert, sodass Sie sich auf hohe Leistung zu geringeren Kosten verlassen k\u00f6nnen.[\/vc_column_text][vc_column_text css=&#8220;&#8220; el_class=&#8220;list&#8220;]<\/p>\n<ul>\n<li>Neue und general\u00fcberholte drahtlose Ger\u00e4te<\/li>\n<li>Gr\u00fcndlich gepr\u00fcft und zertifiziert<\/li>\n<li>Lebenslange Garantie auf general\u00fcberholte Produkte<\/li>\n<li>Direkt ab unserem eigenen Lager verf\u00fcgbar<\/li>\n<\/ul>\n<p>[\/vc_column_text][\/vc_column][vc_column width=&#8220;1\/12&#8243;][\/vc_column][vc_column width=&#8220;5\/12&#8243; el_class=&#8220;mo-1&#8243;][vc_single_image image=&#8220;6363&#8243; img_size=&#8220;large&#8220; css=&#8220;&#8220; el_class=&#8220;image-overlay&#8220;][\/vc_column][\/vc_row][vc_row el_class=&#8220;pb-130&#8243;][vc_column width=&#8220;7\/12&#8243; el_class=&#8220;left-content&#8220;][vc_custom_heading text=&#8220;Faq&#8220; font_container=&#8220;tag:div|text_align:left&#8220; use_theme_fonts=&#8220;yes&#8220; el_class=&#8220;subtitle&#8220;][vc_custom_heading text=&#8220;Frage und Antwort&#8220; use_theme_fonts=&#8220;yes&#8220; css=&#8220;&#8220; el_id=&#8220;faq-first&#8220;][vc_tta_accordion title_tag=&#8220;p&#8220; section_title_tag=&#8220;p&#8220; style=&#8220;outline&#8220; shape=&#8220;square&#8220; color=&#8220;black&#8220; c_position=&#8220;right&#8220; active_section=&#8220;100&#8243; collapsible_all=&#8220;true&#8220;][vc_tta_section title=&#8220;Welche Marken von drahtloser Hardware f\u00fchren Sie?&#8220; tab_id=&#8220;1740059542177-a6d79dfd-70e5&#8243;][vc_column_text css=&#8220;&#8220;]Wir liefern drahtlose Netzwerkger\u00e4te von Cisco, Meraki, HP und Aruba.[\/vc_column_text][\/vc_tta_section][vc_tta_section title=&#8220;Sind wiederaufbereitete Zugangspunkte zuverl\u00e4ssig?&#8220; tab_id=&#8220;1740059542197-b25b9ff3-e8ab&#8220;][vc_column_text css=&#8220;&#8220;]Ja, alle general\u00fcberholten Produkte werden umfassend gepr\u00fcft und erf\u00fcllen die gleichen Qualit\u00e4tsstandards wie neue Modelle.[\/vc_column_text][\/vc_tta_section][vc_tta_section title=&#8220;Liefern Sie auch Controller und Antennen?&#8220; tab_id=&#8220;1740059542221-cf1635f0-c84f&#8220;][vc_column_text css=&#8220;&#8220;]Ja, wir liefern verschiedene Arten von drahtloser Hardware, darunter Zugangspunkte, Controller und Zubeh\u00f6r.[\/vc_column_text][\/vc_tta_section][vc_tta_section title=&#8220;K\u00f6nnen Sie bei der Bestimmung der Kompatibilit\u00e4t helfen?&#8220; tab_id=&#8220;1740059542242-d0c84e05-76e5&#8243;][vc_column_text css=&#8220;&#8220;]Ja, wir beraten Sie, welche Produkte zu Ihrer bestehenden Netzwerkausr\u00fcstung passen.[\/vc_column_text][\/vc_tta_section][vc_tta_section title=&#8220;Wie schnell k\u00f6nnen Sie liefern?&#8220; tab_id=&#8220;1740059542261-bc0021b6-4bc5&#8243;][vc_column_text css=&#8220;&#8220;]Viele Produkte sind direkt ab Lager verf\u00fcgbar und werden oft innerhalb von 24 Stunden geliefert.[\/vc_column_text][\/vc_tta_section][\/vc_tta_accordion][vc_btn title=&#8220;Mehr h\u00e4ufig gestellte Fragen&#8220; style=&#8220;outline&#8220; css=&#8220;&#8220; link=&#8220;url:https%3A%2F%2Fwww.qualifiednetworks.com%2Fde%2Ffaq%2F|&#8220; el_class=&#8220;pt-30&#8243;][\/vc_column][vc_column width=&#8220;5\/12&#8243; el_class=&#8220;faq-sidebar&#8220;][vc_custom_heading text=&#8220;Kontakt&#8220; font_container=&#8220;tag:div|text_align:left&#8220; use_theme_fonts=&#8220;yes&#8220; el_class=&#8220;subtitle&#8220;][vc_custom_heading text=&#8220;Andere Frage?&#8220; use_theme_fonts=&#8220;yes&#8220; css=&#8220;.vc_custom_1747822179811{margin-bottom: 5px !important;}&#8220;][vc_column_text css=&#8220;.vc_custom_1747822193223{margin-bottom: 10px !important;}&#8220; el_class=&#8220;sub-title&#8220;]F\u00fcr weitere Informationen kontaktieren Sie uns bitte.[\/vc_column_text][vc_row_inner el_class=&#8220;faq-contact-block&#8220;][vc_column_inner width=&#8220;1\/4&#8243;][vc_single_image image=&#8220;3815&#8243; img_size=&#8220;large&#8220; style=&#8220;vc_box_circle_2&#8243; onclick=&#8220;custom_link&#8220; css=&#8220;&#8220; link=&#8220;\/author\/oskar-paarhuis\/&#8220;][\/vc_column_inner][vc_column_inner width=&#8220;3\/4&#8243;][vc_column_text css=&#8220;&#8220;]<\/p>\n<div class=\"contact-wrapper\">\n<div class=\"contact-info\">\n<h6 class=\"name\"><a href=\"\/author\/oskar-paarhuis\/\">Oskar Paarhuis<\/a><\/h6>\n<p><a href=\"\/author\/oskar-paarhuis\/\"><span class=\"position\">IT-Spezialist<\/span><\/a><\/p>\n<\/div>\n<div class=\"contact-details\"><span class=\"contact-tel\"><a href=\"tel:+31202402350\">+31 (0) 20-2402350<\/a><\/span><span class=\"contact-email\"><br \/>\n<a href=\"mailto:info@qualifiednetworks.com\">info@qualifiednetworks.com<\/a><br \/>\n<\/span><\/div>\n<\/div>\n<p>[\/vc_column_text][\/vc_column_inner][\/vc_row_inner][\/vc_column][\/vc_row][\/vc_section]<\/p>\n<\/div>","protected":false},"excerpt":{"rendered":"<p>[vc_section full_width=&#8220;stretch_row&#8220; el_class=&#8220;duurzaamheid section-intro category&#8220;][vc_row][vc_column width=&#8220;6\/12&#8243;][vc_column_text css=&#8220;&#8220; el_class=&#8220;pt-50&#8243;]Zuverl\u00e4ssige WLAN-Verbindungen sind in modernen IT-Umgebungen unerl\u00e4sslich. Mit professionellen Access Points, Controllern und Antennen f\u00fchrender Marken bauen Sie m\u00fchelos ein schnelles und sicheres WLAN-Netzwerk auf. Qualified Networks bietet neue und general\u00fcberholte WLAN-Hardware von Herstellern wie Cisco, Meraki, HP und Aruba: gr\u00fcndlich gepr\u00fcft und sofort einsatzbereit.[\/vc_column_text][vc_column_text css=&#8220;&#8220; el_class=&#8220;list&#8220;] Neue [&hellip;]<\/p>\n","protected":false},"author":1,"featured_media":0,"parent":3273,"menu_order":0,"comment_status":"closed","ping_status":"closed","template":"","meta":{"footnotes":""},"class_list":["post-7489","page","type-page","status-publish","hentry"],"acf":[],"_links":{"self":[{"href":"https:\/\/www.qualifiednetworks.com\/de\/wp-json\/wp\/v2\/pages\/7489","targetHints":{"allow":["GET"]}}],"collection":[{"href":"https:\/\/www.qualifiednetworks.com\/de\/wp-json\/wp\/v2\/pages"}],"about":[{"href":"https:\/\/www.qualifiednetworks.com\/de\/wp-json\/wp\/v2\/types\/page"}],"author":[{"embeddable":true,"href":"https:\/\/www.qualifiednetworks.com\/de\/wp-json\/wp\/v2\/users\/1"}],"replies":[{"embeddable":true,"href":"https:\/\/www.qualifiednetworks.com\/de\/wp-json\/wp\/v2\/comments?post=7489"}],"version-history":[{"count":3,"href":"https:\/\/www.qualifiednetworks.com\/de\/wp-json\/wp\/v2\/pages\/7489\/revisions"}],"predecessor-version":[{"id":7492,"href":"https:\/\/www.qualifiednetworks.com\/de\/wp-json\/wp\/v2\/pages\/7489\/revisions\/7492"}],"up":[{"embeddable":true,"href":"https:\/\/www.qualifiednetworks.com\/de\/wp-json\/wp\/v2\/pages\/3273"}],"wp:attachment":[{"href":"https:\/\/www.qualifiednetworks.com\/de\/wp-json\/wp\/v2\/media?parent=7489"}],"curies":[{"name":"wp","href":"https:\/\/api.w.org\/{rel}","templated":true}]}}