 {"id":7501,"date":"2025-11-20T19:09:56","date_gmt":"2025-11-20T19:09:56","guid":{"rendered":"https:\/\/www.qualifiednetworks.com\/produkte\/drahtlos\/aruba-drahtlos\/"},"modified":"2025-11-20T19:09:59","modified_gmt":"2025-11-20T19:09:59","slug":"aruba-drahtlos","status":"publish","type":"page","link":"https:\/\/www.qualifiednetworks.com\/de\/produkte\/drahtlos\/aruba-drahtlos\/","title":{"rendered":"Aruba drahtlos"},"content":{"rendered":"<div class=\"wpb-content-wrapper\"><p>[vc_section full_width=&#8220;stretch_row&#8220; el_class=&#8220;duurzaamheid section-intro pb-70&#8243; css=&#8220;.vc_custom_1748354937211{background-color: #F7F7FA !important;}&#8220;][vc_row el_class=&#8220;brand-section pt-180&#8243;][vc_column width=&#8220;6\/12&#8243;][vc_custom_heading text=&#8220;Aruba Enterprise WiFi-L\u00f6sungen&#8220; font_container=&#8220;tag:div|text_align:left&#8220; use_theme_fonts=&#8220;yes&#8220; css=&#8220;&#8220; el_class=&#8220;subtitle&#8220;][vc_custom_heading text=&#8220;Aruba WLAN-Zugangspunkte&#8220; font_container=&#8220;tag:h1|text_align:left&#8220; use_theme_fonts=&#8220;yes&#8220; css=&#8220;&#8220;][vc_column_text css=&#8220;&#8220;]Aruba Access Points vereinen hohe Leistung mit intelligenter Netzwerksicherheit und einfacher Cloud-Verwaltung. Sie sind f\u00fcr Unternehmen, Bildungseinrichtungen und Organisationen im Gesundheitswesen konzipiert, die h\u00f6chste Zuverl\u00e4ssigkeit und Skalierbarkeit erwarten. Qualified Networks bietet neue und general\u00fcberholte Aruba Access Points an, die umfassend getestet und zertifiziert wurden und sofort einsatzbereit sind.[\/vc_column_text][vc_row_inner el_class=&#8220;buttons service-mobile-cta&#8220;][vc_column_inner width=&#8220;1\/2&#8243; css=&#8220;.vc_custom_1740487265499{padding-right: 10px !important;padding-left: 0px !important;}&#8220;][vc_btn title=&#8220;Angebot anfordern&#8220; css=&#8220;&#8220; link=&#8220;url:https%3A%2F%2Fwww.qualifiednetworks.com%2Fde%2Fangebot-anfordern%2F|title:Angebot%20anfordern|&#8220;][\/vc_column_inner][vc_column_inner width=&#8220;1\/2&#8243; css=&#8220;.vc_custom_1740487216177{padding-right: 0px !important;padding-left: 0px !important;}&#8220;][vc_btn title=&#8220;Kontakt aufnehmen&#8220; style=&#8220;outline&#8220; css=&#8220;&#8220; link=&#8220;url:https%3A%2F%2Fwww.qualifiednetworks.com%2Fde%2Fangebot-anfordern%2F|title:Kontakt%20aufnehmen|&#8220;][\/vc_column_inner][\/vc_row_inner][vc_column_text][\/vc_column_text][\/vc_column][vc_column width=&#8220;1\/12&#8243;][\/vc_column][vc_column width=&#8220;5\/12&#8243; el_class=&#8220;form&#8220;][vc_custom_heading text=&#8220;Warum Qualified Networks?&#8220; font_container=&#8220;tag:h2|font_size:25px|text_align:left&#8220; use_theme_fonts=&#8220;yes&#8220; css=&#8220;&#8220;][vc_column_text css=&#8220;&#8220; el_class=&#8220;list&#8220;]<\/p>\n<ul>\n<li><strong>Neue und general\u00fcberholte Aruba Access Points sofort lieferbar<\/strong><\/li>\n<li><strong>Gr\u00fcndlich auf Leistung, Sicherheit und Stabilit\u00e4t getestet.<\/strong><\/li>\n<li><strong>Beratung zum Cloud-Management \u00fcber Aruba Central oder Instant On<\/strong><\/li>\n<li><strong>Schnelle Lieferung und lebenslange Garantie auf general\u00fcberholte Produkte<\/strong><\/li>\n<\/ul>\n<p>[\/vc_column_text][\/vc_column][\/vc_row][vc_row equal_height=&#8220;yes&#8220; el_class=&#8220;kwaliteit pb-90 pt-120&#8243;][vc_column width=&#8220;5\/12&#8243;][vc_custom_heading text=&#8220;Beliebte drahtlose Aruba-L\u00f6sungen&#8220; font_container=&#8220;tag:div|text_align:left&#8220; use_theme_fonts=&#8220;yes&#8220; css=&#8220;&#8220; el_class=&#8220;subtitle&#8220;][vc_custom_heading text=&#8220;Beliebte Aruba-WLAN-Zugangspunkte&#8220; use_theme_fonts=&#8220;yes&#8220; css=&#8220;&#8220;][vc_column_text css=&#8220;&#8220;]Aruba bietet ein umfassendes Portfolio an Access Points f\u00fcr unterschiedlichste Umgebungen, von kleinen und mittelst\u00e4ndischen Unternehmen bis hin zu Rechenzentren gro\u00dfer Konzerne. Nachfolgend finden Sie beliebte Modelle, die wir regelm\u00e4\u00dfig ausliefern.[\/vc_column_text][vc_tta_accordion title_tag=&#8220;p&#8220; section_title_tag=&#8220;p&#8220; style=&#8220;outline&#8220; shape=&#8220;square&#8220; color=&#8220;black&#8220; c_position=&#8220;right&#8220; active_section=&#8220;100&#8243; collapsible_all=&#8220;true&#8220; el_class=&#8220;faq-list&#8220;][vc_tta_section title=&#8220;Aruba Instant On AP22&#8243; tab_id=&#8220;1739950626685-57982fb7-7b0d5507-9270&#8243; el_class=&#8220;faq-first&#8220;][vc_column_text css=&#8220;&#8220;]Hochgeschwindigkeits-WLAN-6-Zugangspunkt mit einfacher Cloud-Konfiguration \u00fcber Aruba Instant On.[\/vc_column_text][\/vc_tta_section][vc_tta_section title=&#8220;Aruba Instant On AP25&#8243; tab_id=&#8220;1739950826636-55c2f176-34655507-9270&#8243; el_class=&#8220;faq-second&#8220;][vc_column_text css=&#8220;&#8220;]Leistungsstarkes WiFi 6E-Modell mit 6-GHz-Bandunterst\u00fctzung, entwickelt f\u00fcr stark frequentierte B\u00fcroumgebungen.[\/vc_column_text][\/vc_tta_section][vc_tta_section title=&#8220;Aruba 500 Series Access Points&#8220; tab_id=&#8220;1739950825489-c6fadf36-f1965507-9270&#8243; el_class=&#8220;faq-third&#8220;][vc_column_text css=&#8220;&#8220;]Hochleistungsf\u00e4hige WiFi 6-Serie mit MU MIMO und verbesserter Sicherheit f\u00fcr Unternehmensnetzwerke.[\/vc_column_text][\/vc_tta_section][vc_tta_section title=&#8220;Aruba 635 Series Access Point&#8220; tab_id=&#8220;1752666246623-cdc889b0-d645&#8243; el_class=&#8220;faq-third&#8220;][vc_column_text css=&#8220;&#8220;]Tri-Band WiFi 6E Access Point, der maximale Kapazit\u00e4t f\u00fcr Umgebungen mit vielen Ger\u00e4ten bietet.[\/vc_column_text][\/vc_tta_section][vc_tta_section title=&#8220;Aruba 575 Outdoor-Zugangspunkt&#8220; tab_id=&#8220;1752666258943-addd708c-34c0&#8243; el_class=&#8220;faq-third&#8220;][vc_column_text css=&#8220;&#8220;]Wetterfestes Outdoor-Modell mit gro\u00dfer Reichweite, konzipiert f\u00fcr Au\u00dfenbereiche und Industrieanlagen.[\/vc_column_text][\/vc_tta_section][\/vc_tta_accordion][\/vc_column][vc_column width=&#8220;1\/12&#8243;][\/vc_column][vc_column width=&#8220;6\/12&#8243; el_class=&#8220;mo-1&#8243;][vc_single_image image=&#8220;6564&#8243; img_size=&#8220;full&#8220; css=&#8220;&#8220;][\/vc_column][\/vc_row][vc_row el_class=&#8220;section-bestservice section-bestservice-small section-bestservice-row&#8220;][vc_column width=&#8220;1\/2&#8243; el_class=&#8220;inner&#8220;][vc_custom_heading text=&#8220;Zugangspunkte auf Bestellung&#8220; use_theme_fonts=&#8220;yes&#8220; css=&#8220;&#8220;][vc_column_text css=&#8220;&#8220;]<\/p>\n<p data-start=\"2017\" data-end=\"2203\">Suchen Sie ein bestimmtes Aruba-Modell oder einen Ersatz f\u00fcr einen vorhandenen Access Point? Dank unseres internationalen Netzwerks k\u00f6nnen wir Ihnen nahezu jedes Modell liefern, oft innerhalb von 24 Stunden. Wir beraten Sie gerne, welche L\u00f6sung am besten zu Ihrem Netzwerk passt.  <\/p>\n<p>[\/vc_column_text][vc_btn title=&#8220;Kontakt aufnehmen&#8220; css=&#8220;&#8220; link=&#8220;url:https%3A%2F%2Fwww.qualifiednetworks.com%2Fde%2Fangebot-anfordern%2F|title:Kontakt%20aufnehmen|&#8220;][vc_btn title=&#8220;Ruf mich zur\u00fcck&#8220; style=&#8220;outline&#8220; color=&#8220;white&#8220; css=&#8220;&#8220; link=&#8220;url:https%3A%2F%2Fwww.qualifiednetworks.com%2Fde%2Fangebot-anfordern%2F|title:Ruf%20mich%20zur%C3%BCck|&#8220;][\/vc_column][vc_column width=&#8220;1\/2&#8243;][\/vc_column][\/vc_row][\/vc_section][vc_row el_class=&#8220;pt-100 pb-130&#8243;][vc_column width=&#8220;7\/12&#8243; el_class=&#8220;left-content&#8220;][vc_custom_heading text=&#8220;Faq&#8220; font_container=&#8220;tag:div|text_align:left&#8220; use_theme_fonts=&#8220;yes&#8220; el_class=&#8220;subtitle&#8220;][vc_custom_heading text=&#8220;Frage und Antwort&#8220; use_theme_fonts=&#8220;yes&#8220; css=&#8220;&#8220; el_id=&#8220;faq-first&#8220;][vc_tta_accordion title_tag=&#8220;p&#8220; section_title_tag=&#8220;p&#8220; style=&#8220;outline&#8220; shape=&#8220;square&#8220; color=&#8220;black&#8220; c_position=&#8220;right&#8220; active_section=&#8220;100&#8243; collapsible_all=&#8220;true&#8220;][vc_tta_section title=&#8220;Was unterscheidet Aruba-Access-Points von anderen Marken?&#8220; tab_id=&#8220;1740059542177-a6d79dfd-70e55507-9270&#8243;][vc_column_text css=&#8220;&#8220;]<\/p>\n<p data-pm-slice=\"1 1 []\">Aruba bietet intelligente Netzwerksicherheit, Cloud-Management \u00fcber Aruba Central und zuverl\u00e4ssige WLAN-Leistung in jeder Gr\u00f6\u00dfenordnung.<\/p>\n<p>[\/vc_column_text][\/vc_tta_section][vc_tta_section title=&#8220;Sind general\u00fcberholte Aruba-Access-Points zuverl\u00e4ssig?&#8220; tab_id=&#8220;1747836109474-65abd71d-182e5507-9270&#8243;][vc_column_text css=&#8220;&#8220;]Ja, jeder Zugangspunkt wird gr\u00fcndlich getestet, zertifiziert und auf die Werkseinstellungen zur\u00fcckgesetzt.[\/vc_column_text][\/vc_tta_section][vc_tta_section title=&#8220;K\u00f6nnen Aruba Access Points zentral verwaltet werden?&#8220; tab_id=&#8220;1747836106778-3a6b61ac-1ef85507-9270&#8243;][vc_column_text css=&#8220;&#8220;]Ja, \u00fcber Aruba Central oder Instant On k\u00f6nnen Sie alle Ihre Zugangspunkte ganz einfach \u00fcber ein \u00fcbersichtliches Dashboard verwalten.[\/vc_column_text][\/vc_tta_section][vc_tta_section title=&#8220;Wie schnell k\u00f6nnen Sie liefern?&#8220; tab_id=&#8220;1747836106236-15e39d87-0d775507-9270&#8243;][vc_column_text css=&#8220;&#8220;]Viele Modelle sind direkt ab Lager verf\u00fcgbar und werden oft innerhalb von 24 Stunden geliefert.[\/vc_column_text][\/vc_tta_section][vc_tta_section title=&#8220;Welche Garantie gilt f\u00fcr general\u00fcberholte Ger\u00e4te?&#8220; tab_id=&#8220;1747836105323-499530d2-cc505507-9270&#8243;][vc_column_text css=&#8220;&#8220;]Wir bieten eine standardm\u00e4\u00dfige lebenslange Garantie auf alle general\u00fcberholten HP Access Points.[\/vc_column_text][\/vc_tta_section][\/vc_tta_accordion][vc_btn title=&#8220;Mehr h\u00e4ufig gestellte Fragen&#8220; style=&#8220;outline&#8220; css=&#8220;&#8220; link=&#8220;url:https%3A%2F%2Fwww.qualifiednetworks.com%2Fde%2Ffaq%2F|&#8220; el_class=&#8220;pt-30&#8243;][\/vc_column][vc_column width=&#8220;5\/12&#8243; el_class=&#8220;faq-sidebar&#8220;][vc_custom_heading text=&#8220;Kontakt&#8220; font_container=&#8220;tag:div|text_align:left&#8220; use_theme_fonts=&#8220;yes&#8220; el_class=&#8220;subtitle&#8220;][vc_custom_heading text=&#8220;Andere Frage?&#8220; use_theme_fonts=&#8220;yes&#8220; css=&#8220;.vc_custom_1747836143916{margin-bottom: 5px !important;}&#8220;][vc_column_text css=&#8220;.vc_custom_1747836159058{margin-bottom: 10px !important;}&#8220; el_class=&#8220;sub-title&#8220;]F\u00fcr weitere Informationen kontaktieren Sie uns bitte.[\/vc_column_text][vc_row_inner el_class=&#8220;faq-contact-block&#8220;][vc_column_inner width=&#8220;1\/4&#8243;][vc_single_image image=&#8220;3815&#8243; img_size=&#8220;large&#8220; style=&#8220;vc_box_circle_2&#8243; onclick=&#8220;custom_link&#8220; css=&#8220;&#8220; link=&#8220;\/author\/oskar-paarhuis\/&#8220;][\/vc_column_inner][vc_column_inner width=&#8220;3\/4&#8243;][vc_column_text css=&#8220;&#8220;]<\/p>\n<div class=\"contact-wrapper\">\n<div class=\"contact-info\">\n<h6 class=\"name\"><a href=\"\/author\/oskar-paarhuis\/\">Oskar Paarhuis<\/a><\/h6>\n<p><a href=\"\/author\/oskar-paarhuis\/\"><span class=\"position\">IT-Spezialist<\/span><\/a><\/p>\n<\/div>\n<div class=\"contact-details\"><span class=\"contact-tel\"><a href=\"tel:+31202402350\">+31 (0) 20-2402350<\/a><\/span><span class=\"contact-email\"><br \/>\n<a href=\"mailto:info@qualifiednetworks.com\">info@qualifiednetworks.com<\/a><br \/>\n<\/span><\/div>\n<\/div>\n<p>[\/vc_column_text][\/vc_column_inner][\/vc_row_inner][\/vc_column][\/vc_row]<\/p>\n<\/div>","protected":false},"excerpt":{"rendered":"<p>[vc_section full_width=&#8220;stretch_row&#8220; el_class=&#8220;duurzaamheid section-intro pb-70&#8243; css=&#8220;.vc_custom_1748354937211{background-color: #F7F7FA !important;}&#8220;][vc_row el_class=&#8220;brand-section pt-180&#8243;][vc_column width=&#8220;6\/12&#8243;][vc_custom_heading text=&#8220;Aruba Enterprise WiFi-L\u00f6sungen&#8220; font_container=&#8220;tag:div|text_align:left&#8220; use_theme_fonts=&#8220;yes&#8220; css=&#8220;&#8220; el_class=&#8220;subtitle&#8220;][vc_custom_heading text=&#8220;Aruba WLAN-Zugangspunkte&#8220; font_container=&#8220;tag:h1|text_align:left&#8220; use_theme_fonts=&#8220;yes&#8220; css=&#8220;&#8220;][vc_column_text css=&#8220;&#8220;]Aruba Access Points vereinen hohe Leistung mit intelligenter Netzwerksicherheit und einfacher Cloud-Verwaltung. Sie sind f\u00fcr Unternehmen, Bildungseinrichtungen und Organisationen im Gesundheitswesen konzipiert, die h\u00f6chste Zuverl\u00e4ssigkeit und Skalierbarkeit erwarten. Qualified Networks bietet neue [&hellip;]<\/p>\n","protected":false},"author":1,"featured_media":0,"parent":7489,"menu_order":0,"comment_status":"closed","ping_status":"closed","template":"","meta":{"footnotes":""},"class_list":["post-7501","page","type-page","status-publish","hentry"],"acf":[],"_links":{"self":[{"href":"https:\/\/www.qualifiednetworks.com\/de\/wp-json\/wp\/v2\/pages\/7501","targetHints":{"allow":["GET"]}}],"collection":[{"href":"https:\/\/www.qualifiednetworks.com\/de\/wp-json\/wp\/v2\/pages"}],"about":[{"href":"https:\/\/www.qualifiednetworks.com\/de\/wp-json\/wp\/v2\/types\/page"}],"author":[{"embeddable":true,"href":"https:\/\/www.qualifiednetworks.com\/de\/wp-json\/wp\/v2\/users\/1"}],"replies":[{"embeddable":true,"href":"https:\/\/www.qualifiednetworks.com\/de\/wp-json\/wp\/v2\/comments?post=7501"}],"version-history":[{"count":3,"href":"https:\/\/www.qualifiednetworks.com\/de\/wp-json\/wp\/v2\/pages\/7501\/revisions"}],"predecessor-version":[{"id":7504,"href":"https:\/\/www.qualifiednetworks.com\/de\/wp-json\/wp\/v2\/pages\/7501\/revisions\/7504"}],"up":[{"embeddable":true,"href":"https:\/\/www.qualifiednetworks.com\/de\/wp-json\/wp\/v2\/pages\/7489"}],"wp:attachment":[{"href":"https:\/\/www.qualifiednetworks.com\/de\/wp-json\/wp\/v2\/media?parent=7501"}],"curies":[{"name":"wp","href":"https:\/\/api.w.org\/{rel}","templated":true}]}}