 {"id":7525,"date":"2025-11-20T19:28:20","date_gmt":"2025-11-20T19:28:20","guid":{"rendered":"https:\/\/www.qualifiednetworks.com\/produkte\/drahtlos\/hp-drahtlos\/"},"modified":"2025-11-20T19:28:23","modified_gmt":"2025-11-20T19:28:23","slug":"hp-drahtlos","status":"publish","type":"page","link":"https:\/\/www.qualifiednetworks.com\/de\/produkte\/drahtlos\/hp-drahtlos\/","title":{"rendered":"HP drahtlos"},"content":{"rendered":"<div class=\"wpb-content-wrapper\"><p>[vc_section full_width=&#8220;stretch_row&#8220; el_class=&#8220;duurzaamheid section-intro pb-70&#8243; css=&#8220;.vc_custom_1748354937211{background-color: #F7F7FA !important;}&#8220;][vc_row el_class=&#8220;brand-section pt-180&#8243;][vc_column width=&#8220;6\/12&#8243;][vc_custom_heading text=&#8220;HP Wireless-Netzwerkl\u00f6sungen&#8220; font_container=&#8220;tag:div|text_align:left&#8220; use_theme_fonts=&#8220;yes&#8220; css=&#8220;&#8220; el_class=&#8220;subtitle&#8220;][vc_custom_heading text=&#8220;HP drahtlos&#8220; font_container=&#8220;tag:h1|text_align:left&#8220; use_theme_fonts=&#8220;yes&#8220; css=&#8220;&#8220;][vc_column_text css=&#8220;&#8220;]HP WLAN-Zugangspunkte bieten zuverl\u00e4ssige Leistung und eignen sich ideal f\u00fcr kleine und mittelst\u00e4ndische Unternehmen. Die neueste Generation der HP Zugangspunkte wird von Hewlett Packard Enterprise unter dem Label Aruba entwickelt. So vereinen sich bew\u00e4hrte HP-Qualit\u00e4t und innovative Aruba-Technologie. Qualified Networks bietet neue und general\u00fcberholte HP Zugangspunkte an, die umfassend getestet wurden und sofort einsatzbereit sind.[\/vc_column_text][vc_row_inner el_class=&#8220;buttons service-mobile-cta&#8220;][vc_column_inner width=&#8220;1\/2&#8243; css=&#8220;.vc_custom_1740487265499{padding-right: 10px !important;padding-left: 0px !important;}&#8220;][vc_btn title=&#8220;Angebot anfordern&#8220; css=&#8220;&#8220; link=&#8220;url:https%3A%2F%2Fwww.qualifiednetworks.com%2Fde%2Fangebot-anfordern%2F|title:Angebot%20anfordern|&#8220;][\/vc_column_inner][vc_column_inner width=&#8220;1\/2&#8243; css=&#8220;.vc_custom_1740487216177{padding-right: 0px !important;padding-left: 0px !important;}&#8220;][vc_btn title=&#8220;Kontakt aufnehmen&#8220; style=&#8220;outline&#8220; css=&#8220;&#8220; link=&#8220;url:https%3A%2F%2Fwww.qualifiednetworks.com%2Fde%2Fangebot-anfordern%2F|title:Kontakt%20aufnehmen|&#8220;][\/vc_column_inner][\/vc_row_inner][vc_column_text][\/vc_column_text][\/vc_column][vc_column width=&#8220;1\/12&#8243;][\/vc_column][vc_column width=&#8220;5\/12&#8243; el_class=&#8220;form&#8220;][vc_custom_heading text=&#8220;Warum Qualified Networks?&#8220; font_container=&#8220;tag:h2|font_size:25px|text_align:left&#8220; use_theme_fonts=&#8220;yes&#8220; css=&#8220;&#8220;][vc_column_text css=&#8220;&#8220; el_class=&#8220;list&#8220;]<\/p>\n<ul>\n<li><strong>Neue und general\u00fcberholte HP Access Points sind sofort lieferbar.<\/strong><\/li>\n<li><strong>Ausgiebig getestet und vollst\u00e4ndig gepr\u00fcft<\/strong><\/li>\n<li><strong>Hinweise zu Austausch und Konfiguration<\/strong><\/li>\n<li><strong>Schnelle Lieferung und lebenslange Garantie auf general\u00fcberholte Produkte<\/strong><\/li>\n<\/ul>\n<p>[\/vc_column_text][\/vc_column][\/vc_row][vc_row equal_height=&#8220;yes&#8220; el_class=&#8220;kwaliteit pb-90 pt-120&#8243;][vc_column width=&#8220;5\/12&#8243;][vc_custom_heading text=&#8220;Hohe Nachfrage nach drahtlosen HP-L\u00f6sungen&#8220; font_container=&#8220;tag:div|text_align:left&#8220; use_theme_fonts=&#8220;yes&#8220; css=&#8220;&#8220; el_class=&#8220;subtitle&#8220;][vc_custom_heading text=&#8220;Beliebte HP Wireless Access Points&#8220; use_theme_fonts=&#8220;yes&#8220; css=&#8220;&#8220;][vc_column_text css=&#8220;&#8220;]Die modernen HP-Produktlinien nutzen Aruba-Technologie. Nachfolgend finden Sie beliebte Modelle, die wir regelm\u00e4\u00dfig liefern.[\/vc_column_text][vc_tta_accordion title_tag=&#8220;p&#8220; section_title_tag=&#8220;p&#8220; style=&#8220;outline&#8220; shape=&#8220;square&#8220; color=&#8220;black&#8220; c_position=&#8220;right&#8220; active_section=&#8220;100&#8243; collapsible_all=&#8220;true&#8220; el_class=&#8220;faq-list&#8220;][vc_tta_section title=&#8220;HP (Aruba) Instant On AP22&#8243; tab_id=&#8220;1739950626685-57982fb7-7b0d5507-9270&#8243; el_class=&#8220;faq-first&#8220;][vc_column_text css=&#8220;&#8220;]Hochgeschwindigkeits-WLAN-6-Zugangspunkt mit einfacher Cloud-Konfiguration \u00fcber Aruba Instant On.[\/vc_column_text][\/vc_tta_section][vc_tta_section title=&#8220;HP (Aruba) Instant On AP25&#8243; tab_id=&#8220;1739950826636-55c2f176-34655507-9270&#8243; el_class=&#8220;faq-second&#8220;][vc_column_text css=&#8220;&#8220;]Leistungsstarkes WiFi 6E-Modell mit 6-GHz-Bandunterst\u00fctzung, entwickelt f\u00fcr stark frequentierte B\u00fcroumgebungen.[\/vc_column_text][\/vc_tta_section][vc_tta_section title=&#8220;HP (Aruba) Instant On AP17&#8243; tab_id=&#8220;1739950825489-c6fadf36-f1965507-9270&#8243; el_class=&#8220;faq-third&#8220;][vc_column_text css=&#8220;&#8220;]Outdoor-Modell mit wetterfestem Geh\u00e4use, ideal f\u00fcr Au\u00dfenbereiche und Gastronomiebetriebe.[\/vc_column_text][\/vc_tta_section][vc_tta_section title=&#8220;HP (Aruba) 500 Series Access Points&#8220; tab_id=&#8220;1752666246623-cdc889b0-d645&#8243; el_class=&#8220;faq-third&#8220;][vc_column_text css=&#8220;&#8220;]WiFi 6-Serie der Enterprise-Klasse mit MU-MIMO-Unterst\u00fctzung und verbesserter Sicherheit.[\/vc_column_text][\/vc_tta_section][vc_tta_section title=&#8220;HP (Aruba) 635 Series Access Point&#8220; tab_id=&#8220;1752666258943-addd708c-34c0&#8243; el_class=&#8220;faq-third&#8220;][vc_column_text css=&#8220;&#8220;]Tri-Band-WLAN-Modell 6E f\u00fcr maximale Kapazit\u00e4t und minimale St\u00f6rungen in modernen Unternehmensnetzwerken.[\/vc_column_text][\/vc_tta_section][\/vc_tta_accordion][\/vc_column][vc_column width=&#8220;1\/12&#8243;][\/vc_column][vc_column width=&#8220;6\/12&#8243; el_class=&#8220;mo-1&#8243;][vc_single_image image=&#8220;6557&#8243; img_size=&#8220;full&#8220; css=&#8220;&#8220;][\/vc_column][\/vc_row][vc_row el_class=&#8220;section-bestservice section-bestservice-small section-bestservice-row&#8220;][vc_column width=&#8220;1\/2&#8243; el_class=&#8220;inner&#8220;][vc_custom_heading text=&#8220;Zugangspunkte auf Bestellung&#8220; use_theme_fonts=&#8220;yes&#8220; css=&#8220;&#8220;][vc_column_text css=&#8220;&#8220;]<\/p>\n<p data-start=\"2017\" data-end=\"2203\">Suchen Sie ein bestimmtes HP-Modell oder einen Ersatz f\u00fcr einen \u00e4lteren Access Point? Wir k\u00f6nnen Ihnen nahezu jedes Modell liefern, oft innerhalb von 24 Stunden. Kontaktieren Sie uns, um die optimale L\u00f6sung f\u00fcr Ihr Netzwerk zu finden.  <\/p>\n<p>[\/vc_column_text][vc_btn title=&#8220;Kontakt aufnehmen&#8220; css=&#8220;&#8220; link=&#8220;url:https%3A%2F%2Fwww.qualifiednetworks.com%2Fde%2Fangebot-anfordern%2F|title:Kontakt%20aufnehmen|&#8220;][vc_btn title=&#8220;Ruf mich zur\u00fcck&#8220; style=&#8220;outline&#8220; color=&#8220;white&#8220; css=&#8220;&#8220; link=&#8220;url:https%3A%2F%2Fwww.qualifiednetworks.com%2Fde%2Fangebot-anfordern%2F|title:Ruf%20mich%20zur%C3%BCck|&#8220;][\/vc_column][vc_column width=&#8220;1\/2&#8243;][\/vc_column][\/vc_row][\/vc_section][vc_row el_class=&#8220;pt-100 pb-130&#8243;][vc_column width=&#8220;7\/12&#8243; el_class=&#8220;left-content&#8220;][vc_custom_heading text=&#8220;Faq&#8220; font_container=&#8220;tag:div|text_align:left&#8220; use_theme_fonts=&#8220;yes&#8220; el_class=&#8220;subtitle&#8220;][vc_custom_heading text=&#8220;Frage und Antwort&#8220; use_theme_fonts=&#8220;yes&#8220; css=&#8220;&#8220; el_id=&#8220;faq-first&#8220;][vc_tta_accordion title_tag=&#8220;p&#8220; section_title_tag=&#8220;p&#8220; style=&#8220;outline&#8220; shape=&#8220;square&#8220; color=&#8220;black&#8220; c_position=&#8220;right&#8220; active_section=&#8220;100&#8243; collapsible_all=&#8220;true&#8220;][vc_tta_section title=&#8220;Stammen die modernen HP Access Points tats\u00e4chlich von Aruba?&#8220; tab_id=&#8220;1740059542177-a6d79dfd-70e55507-9270&#8243;][vc_column_text css=&#8220;&#8220;]<\/p>\n<p data-pm-slice=\"1 1 []\">Ja. Die aktuelle Generation der HP Access Points wird innerhalb von Hewlett Packard Enterprise unter dem Label Aruba entwickelt. <\/p>\n<p>[\/vc_column_text][\/vc_tta_section][vc_tta_section title=&#8220;Sind general\u00fcberholte Modelle zuverl\u00e4ssig?&#8220; tab_id=&#8220;1747836109474-65abd71d-182e5507-9270&#8243;][vc_column_text css=&#8220;&#8220;]Ja, jedes Ger\u00e4t wird gr\u00fcndlich getestet, gepr\u00fcft und sofort einsatzbereit ausgeliefert.[\/vc_column_text][\/vc_tta_section][vc_tta_section title=&#8220;Kann ich \u00e4ltere HP-Zugangspunkte austauschen lassen?&#8220; tab_id=&#8220;1747836106778-3a6b61ac-1ef85507-9270&#8243;][vc_column_text css=&#8220;&#8220;]Absolut. Wir helfen Ihnen gerne beim Wechsel zu modernen Aruba-Modellen mit der gleichen HP-Qualit\u00e4t.[\/vc_column_text][\/vc_tta_section][vc_tta_section title=&#8220;Wie schnell k\u00f6nnen Sie liefern?&#8220; tab_id=&#8220;1747836106236-15e39d87-0d775507-9270&#8243;][vc_column_text css=&#8220;&#8220;]Viele Modelle sind direkt ab Lager verf\u00fcgbar und werden oft innerhalb von 24 Stunden geliefert.[\/vc_column_text][\/vc_tta_section][vc_tta_section title=&#8220;Welche Garantie gilt f\u00fcr general\u00fcberholte Ger\u00e4te?&#8220; tab_id=&#8220;1747836105323-499530d2-cc505507-9270&#8243;][vc_column_text css=&#8220;&#8220;]Wir bieten eine standardm\u00e4\u00dfige lebenslange Garantie auf alle general\u00fcberholten HP Access Points.[\/vc_column_text][\/vc_tta_section][\/vc_tta_accordion][vc_btn title=&#8220;Mehr h\u00e4ufig gestellte Fragen&#8220; style=&#8220;outline&#8220; css=&#8220;&#8220; link=&#8220;url:https%3A%2F%2Fwww.qualifiednetworks.com%2Fde%2Ffaq%2F|&#8220; el_class=&#8220;pt-30&#8243;][\/vc_column][vc_column width=&#8220;5\/12&#8243; el_class=&#8220;faq-sidebar&#8220;][vc_custom_heading text=&#8220;Kontakt&#8220; font_container=&#8220;tag:div|text_align:left&#8220; use_theme_fonts=&#8220;yes&#8220; el_class=&#8220;subtitle&#8220;][vc_custom_heading text=&#8220;Andere Frage?&#8220; use_theme_fonts=&#8220;yes&#8220; css=&#8220;.vc_custom_1747836143916{margin-bottom: 5px !important;}&#8220;][vc_column_text css=&#8220;.vc_custom_1747836159058{margin-bottom: 10px !important;}&#8220; el_class=&#8220;sub-title&#8220;]F\u00fcr weitere Informationen kontaktieren Sie uns bitte.[\/vc_column_text][vc_row_inner el_class=&#8220;faq-contact-block&#8220;][vc_column_inner width=&#8220;1\/4&#8243;][vc_single_image image=&#8220;3815&#8243; img_size=&#8220;large&#8220; style=&#8220;vc_box_circle_2&#8243; onclick=&#8220;custom_link&#8220; css=&#8220;&#8220; link=&#8220;\/author\/oskar-paarhuis\/&#8220;][\/vc_column_inner][vc_column_inner width=&#8220;3\/4&#8243;][vc_column_text css=&#8220;&#8220;]<\/p>\n<div class=\"contact-wrapper\">\n<div class=\"contact-info\">\n<h6 class=\"name\"><a href=\"\/author\/oskar-paarhuis\/\">Oskar Paarhuis<\/a><\/h6>\n<p><a href=\"\/author\/oskar-paarhuis\/\"><span class=\"position\">IT-Spezialist<\/span><\/a><\/p>\n<\/div>\n<div class=\"contact-details\"><span class=\"contact-tel\"><a href=\"tel:+31202402350\">+31 (0) 20-2402350<\/a><\/span><span class=\"contact-email\"><br \/>\n<a href=\"mailto:info@qualifiednetworks.com\">info@qualifiednetworks.com<\/a><br \/>\n<\/span><\/div>\n<\/div>\n<p>[\/vc_column_text][\/vc_column_inner][\/vc_row_inner][\/vc_column][\/vc_row]<\/p>\n<\/div>","protected":false},"excerpt":{"rendered":"<p>[vc_section full_width=&#8220;stretch_row&#8220; el_class=&#8220;duurzaamheid section-intro pb-70&#8243; css=&#8220;.vc_custom_1748354937211{background-color: #F7F7FA !important;}&#8220;][vc_row el_class=&#8220;brand-section pt-180&#8243;][vc_column width=&#8220;6\/12&#8243;][vc_custom_heading text=&#8220;HP Wireless-Netzwerkl\u00f6sungen&#8220; font_container=&#8220;tag:div|text_align:left&#8220; use_theme_fonts=&#8220;yes&#8220; css=&#8220;&#8220; el_class=&#8220;subtitle&#8220;][vc_custom_heading text=&#8220;HP drahtlos&#8220; font_container=&#8220;tag:h1|text_align:left&#8220; use_theme_fonts=&#8220;yes&#8220; css=&#8220;&#8220;][vc_column_text css=&#8220;&#8220;]HP WLAN-Zugangspunkte bieten zuverl\u00e4ssige Leistung und eignen sich ideal f\u00fcr kleine und mittelst\u00e4ndische Unternehmen. Die neueste Generation der HP Zugangspunkte wird von Hewlett Packard Enterprise unter dem Label Aruba entwickelt. So vereinen sich [&hellip;]<\/p>\n","protected":false},"author":1,"featured_media":0,"parent":7489,"menu_order":0,"comment_status":"closed","ping_status":"closed","template":"","meta":{"footnotes":""},"class_list":["post-7525","page","type-page","status-publish","hentry"],"acf":[],"_links":{"self":[{"href":"https:\/\/www.qualifiednetworks.com\/de\/wp-json\/wp\/v2\/pages\/7525","targetHints":{"allow":["GET"]}}],"collection":[{"href":"https:\/\/www.qualifiednetworks.com\/de\/wp-json\/wp\/v2\/pages"}],"about":[{"href":"https:\/\/www.qualifiednetworks.com\/de\/wp-json\/wp\/v2\/types\/page"}],"author":[{"embeddable":true,"href":"https:\/\/www.qualifiednetworks.com\/de\/wp-json\/wp\/v2\/users\/1"}],"replies":[{"embeddable":true,"href":"https:\/\/www.qualifiednetworks.com\/de\/wp-json\/wp\/v2\/comments?post=7525"}],"version-history":[{"count":3,"href":"https:\/\/www.qualifiednetworks.com\/de\/wp-json\/wp\/v2\/pages\/7525\/revisions"}],"predecessor-version":[{"id":7528,"href":"https:\/\/www.qualifiednetworks.com\/de\/wp-json\/wp\/v2\/pages\/7525\/revisions\/7528"}],"up":[{"embeddable":true,"href":"https:\/\/www.qualifiednetworks.com\/de\/wp-json\/wp\/v2\/pages\/7489"}],"wp:attachment":[{"href":"https:\/\/www.qualifiednetworks.com\/de\/wp-json\/wp\/v2\/media?parent=7525"}],"curies":[{"name":"wp","href":"https:\/\/api.w.org\/{rel}","templated":true}]}}