 {"id":2868,"date":"2022-08-23T13:28:01","date_gmt":"2022-08-23T13:28:01","guid":{"rendered":"https:\/\/www.qualifiednetworks.com\/declaration-de-confidentialite\/"},"modified":"2025-11-19T16:55:33","modified_gmt":"2025-11-19T16:55:33","slug":"declaration-de-confidentialite","status":"publish","type":"page","link":"https:\/\/www.qualifiednetworks.com\/fr\/declaration-de-confidentialite\/","title":{"rendered":"D\u00e9claration de confidentialit\u00e9"},"content":{"rendered":"<div class=\"wpb-content-wrapper\"><p>[vc_row][vc_column][vc_custom_heading text=\u00a0\u00bbDonn\u00e9es personnelles que nous traitons\u00a0\u00bb font_container=\u00a0\u00bbtag:h4|text_align:left\u00a0\u00bb use_theme_fonts=\u00a0\u00bbyes\u00a0\u00bb][vc_column_text]Qualified Networks traite vos donn\u00e9es personnelles parce que vous utilisez nos services et\/ou parce que vous nous fournissez vous-m\u00eame ces donn\u00e9es. Vous trouverez ci-dessous un aper\u00e7u des donn\u00e9es personnelles que nous traitons:<\/p>\n<ul>\n<li>Nom et pr\u00e9nom<\/li>\n<li>Date de naissance<\/li>\n<li>D\u00e9tails de l&rsquo;adresse<\/li>\n<li>Localisation<\/li>\n<li>Pays<\/li>\n<li>Num\u00e9ro de t\u00e9l\u00e9phone<\/li>\n<li>E-mail<\/li>\n<li>Nom de la soci\u00e9t\u00e9<\/li>\n<li>Donn\u00e9es de localisation<\/li>\n<li>Donn\u00e9es relatives \u00e0 vos activit\u00e9s sur notre site web<\/li>\n<li>Navigateur Internet et type d&rsquo;appareil<\/li>\n<\/ul>\n<p>[\/vc_column_text][\/vc_column][\/vc_row][vc_row][vc_column][vc_custom_heading text=\u00a0\u00bbDonn\u00e9es personnelles sp\u00e9ciales et\/ou sensibles que nous traitons\u00a0\u00bb font_container=\u00a0\u00bbtag:h4|text_align:left\u00a0\u00bb use_theme_fonts=\u00a0\u00bbyes\u00a0\u00bb][vc_column_text]Notre site web et\/ou service n&rsquo;a pas l&rsquo;intention de collecter des donn\u00e9es sur les visiteurs du site web qui ont moins de 16 ans. Sauf s&rsquo;ils ont la permission des parents ou des tuteurs. Cependant, nous ne pouvons pas v\u00e9rifier si un visiteur est \u00e2g\u00e9 de plus de 16 ans. Nous recommandons donc aux parents de s&rsquo;impliquer dans les activit\u00e9s en ligne de leurs enfants afin d&#8217;emp\u00eacher la collecte de donn\u00e9es sur les enfants sans l&rsquo;autorisation des parents. Si vous \u00eates convaincu que nous avons collect\u00e9 des donn\u00e9es personnelles sur un mineur sans ce consentement, veuillez nous contacter \u00e0 l&rsquo;adresse Info@qualifiednetworks.com et nous supprimerons ces informations.[\/vc_column_text][\/vc_column][\/vc_row][vc_row][vc_column][vc_custom_heading text=\u00a0\u00bbDans quel but et sur quelle base traitons-nous les donn\u00e9es personnelles?\u00a0\u00bb font_container=\u00a0\u00bbtag:h4|text_align:left\u00a0\u00bb use_theme_fonts=\u00a0\u00bbyes\u00a0\u00bb][vc_column_text]Qualified Networks traite vos donn\u00e9es personnelles aux fins suivantes:<\/p>\n<p>Nous traitons les donn\u00e9es personnelles suivantes dans le but de pouvoir traiter votre demande de devis de mani\u00e8re correcte et compl\u00e8te et de vous fournir un retour d&rsquo;information \u00e0 ce sujet:<\/p>\n<ul>\n<li>Nom et pr\u00e9nom<\/li>\n<li>Date de naissance<\/li>\n<li>D\u00e9tails de l&rsquo;adresse<\/li>\n<li>Localisation<\/li>\n<li>Pays<\/li>\n<li>Num\u00e9ro de t\u00e9l\u00e9phone<\/li>\n<li>E-mail<\/li>\n<li>Nom de la soci\u00e9t\u00e9<\/li>\n<\/ul>\n<p>Nous traitons les donn\u00e9es suivantes dans le but de rendre notre site web plus convivial et d&rsquo;am\u00e9liorer nos services en ligne. Ces donn\u00e9es sont toutes compl\u00e8tement anonymes.<\/p>\n<ul>\n<li>Donn\u00e9es de localisation<\/li>\n<li>Donn\u00e9es relatives \u00e0 vos activit\u00e9s sur notre site web<\/li>\n<li>Navigateur Internet et type d&rsquo;appareil<\/li>\n<\/ul>\n<p>Nous traitons les donn\u00e9es personnelles en question sur la base suivante:<\/p>\n<p>Consentement : Avant de soumettre un formulaire, vous consentez au traitement des donn\u00e9es personnelles suivantes : pr\u00e9nom et nom, date de naissance, adresse, ville, pays, num\u00e9ro de t\u00e9l\u00e9phone, adresse \u00e9lectronique, nom de l&rsquo;entreprise.[\/vc_column_text][\/vc_column][\/vc_row][vc_row][vc_column][vc_custom_heading text=\u00a0\u00bbPrise de d\u00e9cision automatis\u00e9e\u00a0\u00bb font_container=\u00a0\u00bbtag:h4|text_align:left\u00a0\u00bb use_theme_fonts=\u00a0\u00bbyes\u00a0\u00bb][vc_column_text]Qualified Networks ne prend aucune d\u00e9cision bas\u00e9e sur un traitement automatis\u00e9 qui pourrait affecter (de mani\u00e8re significative) les personnes. Il s&rsquo;agit de d\u00e9cisions prises par des programmes ou des syst\u00e8mes informatiques, sans l&rsquo;intervention d&rsquo;un \u00eatre humain (par exemple un employ\u00e9 des r\u00e9seaux qualifi\u00e9s).<\/p>\n<p><strong>Combien de temps nous conservons les donn\u00e9es personnelles<\/strong><\/p>\n<p>Qualified Networks ne conserve pas vos donn\u00e9es personnelles plus longtemps que ce qui est strictement n\u00e9cessaire pour r\u00e9aliser les objectifs pour lesquels vos donn\u00e9es sont collect\u00e9es. Nous appliquons les p\u00e9riodes de conservation suivantes pour les (cat\u00e9gories) de donn\u00e9es personnelles suivantes:<\/p>\n<ul>\n<li>Nom et pr\u00e9nom<\/li>\n<li>Date de naissance<\/li>\n<li>D\u00e9tails de l&rsquo;adresse<\/li>\n<li>Localisation<\/li>\n<li>Pays<\/li>\n<li>Num\u00e9ro de t\u00e9l\u00e9phone<\/li>\n<li>E-mail<\/li>\n<li>Nom de la soci\u00e9t\u00e9<\/li>\n<\/ul>\n<p>P\u00e9riode de stockage de 6 mois.[\/vc_column_text][\/vc_column][\/vc_row][vc_row][vc_column][vc_custom_heading text=\u00a0\u00bbPartage des donn\u00e9es personnelles avec des tiers\u00a0\u00bb font_container=\u00a0\u00bbtag:h4|text_align:left\u00a0\u00bb use_theme_fonts=\u00a0\u00bbyes\u00a0\u00bb][vc_column_text]Qualified Networks ne vend pas vos donn\u00e9es \u00e0 des tiers et ne les fournit que si cela est n\u00e9cessaire pour l&rsquo;ex\u00e9cution de notre contrat avec vous ou pour r\u00e9pondre \u00e0 une obligation l\u00e9gale. Nous avons conclu un accord de sous-traitance avec les soci\u00e9t\u00e9s qui traitent vos donn\u00e9es en notre nom afin d&rsquo;assurer le m\u00eame niveau de s\u00e9curit\u00e9 et de confidentialit\u00e9 pour vos donn\u00e9es. Qualified Networks reste responsable de ce traitement.[\/vc_column_text][\/vc_column][\/vc_row][vc_row][vc_column][vc_custom_heading text=\u00a0\u00bbCookies, ou technologies similaires, que nous utilisons\u00a0\u00bb font_container=\u00a0\u00bbtag:h4|text_align:left\u00a0\u00bb use_theme_fonts=\u00a0\u00bbyes\u00a0\u00bb][vc_column_text]Qualified Networks utilise uniquement des cookies techniques et fonctionnels. Et des cookies analytiques qui ne portent pas atteinte \u00e0 votre vie priv\u00e9e. Un cookie est un petit fichier texte qui est stock\u00e9 sur votre ordinateur, tablette ou smartphone lors de votre premi\u00e8re visite sur ce site web. Les cookies que nous utilisons sont n\u00e9cessaires au fonctionnement technique du site web et \u00e0 votre confort d&rsquo;utilisation. Ils veillent \u00e0 ce que le site web fonctionne correctement et se souviennent, par exemple, de vos pr\u00e9f\u00e9rences. Cela nous permet \u00e9galement d&rsquo;optimiser notre site web. Vous pouvez refuser les cookies en configurant votre navigateur Internet de mani\u00e8re \u00e0 ce qu&rsquo;il n&rsquo;enregistre plus de cookies. En outre, vous pouvez supprimer toutes les informations pr\u00e9c\u00e9demment enregistr\u00e9es via les param\u00e8tres de votre navigateur.[\/vc_column_text][\/vc_column][\/vc_row][vc_row][vc_column][vc_custom_heading text=\u00a0\u00bbVisualisation, modification ou suppression de donn\u00e9es\u00a0\u00bb font_container=\u00a0\u00bbtag:h4|text_align:left\u00a0\u00bb use_theme_fonts=\u00a0\u00bbyes\u00a0\u00bb][vc_column_text]Vous avez le droit d&rsquo;acc\u00e9der \u00e0 vos donn\u00e9es personnelles, de les corriger ou de les supprimer. En outre, vous avez le droit de retirer votre \u00e9ventuel consentement au traitement des donn\u00e9es ou de vous opposer au traitement de vos donn\u00e9es personnelles par Qualified Networks et vous avez le droit \u00e0 la portabilit\u00e9 des donn\u00e9es. Cela signifie que vous pouvez nous demander d&rsquo;envoyer les donn\u00e9es personnelles dont nous disposons \u00e0 votre sujet dans un fichier informatique \u00e0 vous-m\u00eame ou \u00e0 une autre organisation que vous aurez d\u00e9sign\u00e9e. Vous pouvez envoyer une demande d&rsquo;acc\u00e8s, de rectification, d&rsquo;effacement, de modification des donn\u00e9es ou une demande de retrait de votre consentement ou une objection au traitement de vos donn\u00e9es personnelles \u00e0 info@qualifiednetworks.com. Afin de garantir que la demande d&rsquo;acc\u00e8s a \u00e9t\u00e9 faite par vous, veuillez joindre \u00e0 la demande une copie de votre preuve d&rsquo;identit\u00e9. Dans cette copie, veillez \u00e0 ce que votre photo d&rsquo;identit\u00e9, la MRZ (zone de lecture automatique), le num\u00e9ro de passeport et le num\u00e9ro de service du citoyen (BSN) soient en noir. Ceci afin de prot\u00e9ger votre vie priv\u00e9e. Nous r\u00e9pondrons \u00e0 votre demande d\u00e8s que possible, mais dans un d\u00e9lai de quatre semaines. Qualified Networks tient \u00e9galement \u00e0 souligner que vous avez la possibilit\u00e9 d&rsquo;introduire une plainte aupr\u00e8s de l&rsquo;autorit\u00e9 nationale de contr\u00f4le, l&rsquo;autorit\u00e9 charg\u00e9e des donn\u00e9es personnelles. Vous pouvez le faire via le lien suivant : https:\/\/autoriteitpersoonsgegevens.nl\/nl\/contact-met-de-autoriteit-persoonsgegevens\/tip-ons.[\/vc_column_text][\/vc_column][\/vc_row][vc_row][vc_column][vc_custom_heading text=\u00a0\u00bbComment nous s\u00e9curisons les donn\u00e9es personnelles\u00a0\u00bb font_container=\u00a0\u00bbtag:h4|text_align:left\u00a0\u00bb use_theme_fonts=\u00a0\u00bbyes\u00a0\u00bb][vc_column_text]Qualified Networks prend au s\u00e9rieux la protection de vos donn\u00e9es et prend des mesures appropri\u00e9es pour \u00e9viter les abus, les pertes, les acc\u00e8s non autoris\u00e9s, les divulgations non souhait\u00e9es et les modifications non autoris\u00e9es. Si vous avez l&rsquo;impression que vos donn\u00e9es ne sont pas s\u00e9curis\u00e9es ou qu&rsquo;il existe des indices d&rsquo;abus, veuillez contacter notre service client\u00e8le ou via info@qualifiednetworks.com.[\/vc_column_text][\/vc_column][\/vc_row]<\/p>\n<\/div>","protected":false},"excerpt":{"rendered":"<p>[vc_row][vc_column][vc_custom_heading text=\u00a0\u00bbDonn\u00e9es personnelles que nous traitons\u00a0\u00bb font_container=\u00a0\u00bbtag:h4|text_align:left\u00a0\u00bb use_theme_fonts=\u00a0\u00bbyes\u00a0\u00bb][vc_column_text]Qualified Networks traite vos donn\u00e9es personnelles parce que vous utilisez nos services et\/ou parce que vous nous fournissez vous-m\u00eame ces donn\u00e9es. Vous trouverez ci-dessous un aper\u00e7u des donn\u00e9es personnelles que nous traitons: Nom et pr\u00e9nom Date de naissance D\u00e9tails de l&rsquo;adresse Localisation Pays Num\u00e9ro de t\u00e9l\u00e9phone E-mail Nom [&hellip;]<\/p>\n","protected":false},"author":1,"featured_media":0,"parent":0,"menu_order":0,"comment_status":"closed","ping_status":"closed","template":"page-small.php","meta":{"footnotes":""},"class_list":["post-2868","page","type-page","status-publish","hentry"],"acf":[],"_links":{"self":[{"href":"https:\/\/www.qualifiednetworks.com\/fr\/wp-json\/wp\/v2\/pages\/2868","targetHints":{"allow":["GET"]}}],"collection":[{"href":"https:\/\/www.qualifiednetworks.com\/fr\/wp-json\/wp\/v2\/pages"}],"about":[{"href":"https:\/\/www.qualifiednetworks.com\/fr\/wp-json\/wp\/v2\/types\/page"}],"author":[{"embeddable":true,"href":"https:\/\/www.qualifiednetworks.com\/fr\/wp-json\/wp\/v2\/users\/1"}],"replies":[{"embeddable":true,"href":"https:\/\/www.qualifiednetworks.com\/fr\/wp-json\/wp\/v2\/comments?post=2868"}],"version-history":[{"count":1,"href":"https:\/\/www.qualifiednetworks.com\/fr\/wp-json\/wp\/v2\/pages\/2868\/revisions"}],"predecessor-version":[{"id":6933,"href":"https:\/\/www.qualifiednetworks.com\/fr\/wp-json\/wp\/v2\/pages\/2868\/revisions\/6933"}],"wp:attachment":[{"href":"https:\/\/www.qualifiednetworks.com\/fr\/wp-json\/wp\/v2\/media?parent=2868"}],"curies":[{"name":"wp","href":"https:\/\/api.w.org\/{rel}","templated":true}]}}