 {"id":2885,"date":"2022-08-23T13:57:55","date_gmt":"2022-08-23T13:57:55","guid":{"rendered":"https:\/\/www.qualifiednetworks.com\/services\/"},"modified":"2025-03-19T06:42:34","modified_gmt":"2025-03-19T06:42:34","slug":"services","status":"publish","type":"page","link":"https:\/\/www.qualifiednetworks.com\/fr\/services\/","title":{"rendered":"Services"},"content":{"rendered":"<div class=\"wpb-content-wrapper\"><p>[vc_row][vc_column][vc_column_text]<div class=\"section-services\">\t\r\n\t\t\t\t\t\t\t<div class=\"item\">\r\n\t\t\t\t\t<div class=\"row\">\r\n\t\t\t\t\t\t<div class=\"col-md-6 left-box\">\r\n\t\t\t\t\t\t<div class=\"image b-to-t\">\r\n\t\t\t\t<div class=\"wpb_wrapper\">\r\n\t\t\t\t\t\t\t\t\t\t\t\t\t\t\t<img loading=\"lazy\" decoding=\"async\" width=\"2560\" height=\"1707\" src=\"https:\/\/www.qualifiednetworks.com\/wp-content\/uploads\/2022\/01\/A7407991-scaled.webp\" class=\"attachment-full size-full wp-post-image\" alt=\"\" srcset=\"https:\/\/www.qualifiednetworks.com\/wp-content\/uploads\/2022\/01\/A7407991-scaled.webp 2560w, https:\/\/www.qualifiednetworks.com\/wp-content\/uploads\/2022\/01\/A7407991-300x200.webp 300w, https:\/\/www.qualifiednetworks.com\/wp-content\/uploads\/2022\/01\/A7407991-1024x683.webp 1024w, https:\/\/www.qualifiednetworks.com\/wp-content\/uploads\/2022\/01\/A7407991-768x512.webp 768w, https:\/\/www.qualifiednetworks.com\/wp-content\/uploads\/2022\/01\/A7407991-1536x1024.webp 1536w, https:\/\/www.qualifiednetworks.com\/wp-content\/uploads\/2022\/01\/A7407991-2048x1365.webp 2048w, https:\/\/www.qualifiednetworks.com\/wp-content\/uploads\/2022\/01\/A7407991-150x100.webp 150w\" sizes=\"auto, (max-width: 2560px) 100vw, 2560px\" \/>\t\t\t\t\t\t\t\t\t\t\t\t\t\t<\/div>\r\n\t\t\t\t\t\t<\/div>\r\n\t\t\t\t\t\t\t<\/div>\r\n\t\t\t\t\t\t\t<div class=\"col-md-6 right-box\">\r\n\t\t\t\t\t\t<div class=\"info b-to-t\">\r\n\t\t\t\t\t\t<div class=\"subtitle\">SERVICES<\/div>\r\n\t\t\t\t\t\t<h2>Fournisseur de TI<\/h2>\r\n\t\t\t\t\t\t\t<p>Choisissez du mat\u00e9riel informatique neuf ou reconditionn\u00e9 de qualit\u00e9 avec une garantie \u00e0 vie. Nous livrons rapidement et r\u00e9fl\u00e9chissons avec vous sur les questions techniques ou les projets de remplacement. <\/p>\n\t\t\t\t\t\t\t\t<a class=\"btn vc_btn3-style-outline vc_btn3-color-grey\" href=\"https:\/\/www.qualifiednetworks.com\/fr\/services\/fournisseur-de-ti\/\">Lire la suite<\/a>\r\n\t\t\t\t\t\t\t\t<\/div>\r\n\t\t\t\t\t\t\t<\/div>\r\n\r\n\t\t\t\t\t<\/div>\r\n\t\t\t<\/div>\r\n\t\t\t\t\t\t\t<div class=\"item\">\r\n\t\t\t\t\t<div class=\"row\">\r\n\t\t\t\t\t\t<div class=\"col-md-6 left-box\">\r\n\t\t\t\t\t\t<div class=\"image b-to-t\">\r\n\t\t\t\t<div class=\"wpb_wrapper\">\r\n\t\t\t\t\t\t\t\t\t\t\t\t\t\t\t<img loading=\"lazy\" decoding=\"async\" width=\"1324\" height=\"736\" src=\"https:\/\/www.qualifiednetworks.com\/wp-content\/uploads\/2024\/11\/Netwerkapparatuur-1.webp\" class=\"attachment-full size-full wp-post-image\" alt=\"netwerkapparatuur\" srcset=\"https:\/\/www.qualifiednetworks.com\/wp-content\/uploads\/2024\/11\/Netwerkapparatuur-1.webp 1324w, https:\/\/www.qualifiednetworks.com\/wp-content\/uploads\/2024\/11\/Netwerkapparatuur-1-300x167.webp 300w, https:\/\/www.qualifiednetworks.com\/wp-content\/uploads\/2024\/11\/Netwerkapparatuur-1-1024x569.webp 1024w, https:\/\/www.qualifiednetworks.com\/wp-content\/uploads\/2024\/11\/Netwerkapparatuur-1-768x427.webp 768w, https:\/\/www.qualifiednetworks.com\/wp-content\/uploads\/2024\/11\/Netwerkapparatuur-1-150x83.webp 150w\" sizes=\"auto, (max-width: 1324px) 100vw, 1324px\" \/>\t\t\t\t\t\t\t\t\t\t\t\t\t\t<\/div>\r\n\t\t\t\t\t\t<\/div>\r\n\t\t\t\t\t\t\t<\/div>\r\n\t\t\t\t\t\t\t<div class=\"col-md-6 right-box\">\r\n\t\t\t\t\t\t<div class=\"info b-to-t\">\r\n\t\t\t\t\t\t<div class=\"subtitle\">SERVICES<\/div>\r\n\t\t\t\t\t\t<h2>Effacement et destruction des donn\u00e9es<\/h2>\r\n\t\t\t\t\t\t\t<p>Assurez-vous que les informations sensibles de l&rsquo;entreprise disparaissent r\u00e9ellement. Nous proposons \u00e0 la fois l&rsquo;effacement standard des donn\u00e9es et l&rsquo;effacement certifi\u00e9 via YouWipe, y compris l&rsquo;\u00e9tablissement de rapports et le traitement s\u00e9curis\u00e9. <\/p>\n\t\t\t\t\t\t\t\t<a class=\"btn vc_btn3-style-outline vc_btn3-color-grey\" href=\"https:\/\/www.qualifiednetworks.com\/fr\/services\/effacement-et-destruction-des-donnees\/\">Lire la suite<\/a>\r\n\t\t\t\t\t\t\t\t<\/div>\r\n\t\t\t\t\t\t\t<\/div>\r\n\r\n\t\t\t\t\t<\/div>\r\n\t\t\t<\/div>\r\n\t\t\t\t\t\t\t<div class=\"item\">\r\n\t\t\t\t\t<div class=\"row\">\r\n\t\t\t\t\t\t<div class=\"col-md-6 left-box\">\r\n\t\t\t\t\t\t<div class=\"image b-to-t\">\r\n\t\t\t\t<div class=\"wpb_wrapper\">\r\n\t\t\t\t\t\t\t\t\t\t\t\t\t\t\t<img loading=\"lazy\" decoding=\"async\" width=\"2560\" height=\"1707\" src=\"https:\/\/www.qualifiednetworks.com\/wp-content\/uploads\/2024\/12\/AdobeStock_415538891-scaled.webp\" class=\"attachment-full size-full wp-post-image\" alt=\"\" srcset=\"https:\/\/www.qualifiednetworks.com\/wp-content\/uploads\/2024\/12\/AdobeStock_415538891-scaled.webp 2560w, https:\/\/www.qualifiednetworks.com\/wp-content\/uploads\/2024\/12\/AdobeStock_415538891-300x200.webp 300w, https:\/\/www.qualifiednetworks.com\/wp-content\/uploads\/2024\/12\/AdobeStock_415538891-1024x683.webp 1024w, https:\/\/www.qualifiednetworks.com\/wp-content\/uploads\/2024\/12\/AdobeStock_415538891-768x512.webp 768w, https:\/\/www.qualifiednetworks.com\/wp-content\/uploads\/2024\/12\/AdobeStock_415538891-1536x1024.webp 1536w, https:\/\/www.qualifiednetworks.com\/wp-content\/uploads\/2024\/12\/AdobeStock_415538891-2048x1366.webp 2048w, https:\/\/www.qualifiednetworks.com\/wp-content\/uploads\/2024\/12\/AdobeStock_415538891-150x100.webp 150w\" sizes=\"auto, (max-width: 2560px) 100vw, 2560px\" \/>\t\t\t\t\t\t\t\t\t\t\t\t\t\t<\/div>\r\n\t\t\t\t\t\t<\/div>\r\n\t\t\t\t\t\t\t<\/div>\r\n\t\t\t\t\t\t\t<div class=\"col-md-6 right-box\">\r\n\t\t\t\t\t\t<div class=\"info b-to-t\">\r\n\t\t\t\t\t\t<div class=\"subtitle\">SERVICES<\/div>\r\n\t\t\t\t\t\t<h2>Conseils et soutien<\/h2>\r\n\t\t\t\t\t\t\t<p>B\u00e9n\u00e9ficiez de conseils de sp\u00e9cialistes pour votre infrastructure informatique. Nous r\u00e9fl\u00e9chissons avec vous \u00e0 la configuration, au choix du mat\u00e9riel et \u00e0 la conception du r\u00e9seau, dans un souci d&rsquo;efficacit\u00e9 et de r\u00e9duction des co\u00fbts. <\/p>\n\t\t\t\t\t\t\t\t<a class=\"btn vc_btn3-style-outline vc_btn3-color-grey\" href=\"https:\/\/www.qualifiednetworks.com\/fr\/services\/conseils-et-soutien\/\">Lire la suite<\/a>\r\n\t\t\t\t\t\t\t\t<\/div>\r\n\t\t\t\t\t\t\t<\/div>\r\n\r\n\t\t\t\t\t<\/div>\r\n\t\t\t<\/div>\r\n\t\t\t\t\t\t\t<div class=\"item\">\r\n\t\t\t\t\t<div class=\"row\">\r\n\t\t\t\t\t\t<div class=\"col-md-6 left-box\">\r\n\t\t\t\t\t\t<div class=\"image b-to-t\">\r\n\t\t\t\t<div class=\"wpb_wrapper\">\r\n\t\t\t\t\t\t\t\t\t\t\t\t\t\t\t<img loading=\"lazy\" decoding=\"async\" width=\"2560\" height=\"1707\" src=\"https:\/\/www.qualifiednetworks.com\/wp-content\/uploads\/2022\/01\/A7407991-Enhanced-NR-scaled.webp\" class=\"attachment-full size-full wp-post-image\" alt=\"\" srcset=\"https:\/\/www.qualifiednetworks.com\/wp-content\/uploads\/2022\/01\/A7407991-Enhanced-NR-scaled.webp 2560w, https:\/\/www.qualifiednetworks.com\/wp-content\/uploads\/2022\/01\/A7407991-Enhanced-NR-300x200.webp 300w, https:\/\/www.qualifiednetworks.com\/wp-content\/uploads\/2022\/01\/A7407991-Enhanced-NR-1024x683.webp 1024w, https:\/\/www.qualifiednetworks.com\/wp-content\/uploads\/2022\/01\/A7407991-Enhanced-NR-768x512.webp 768w, https:\/\/www.qualifiednetworks.com\/wp-content\/uploads\/2022\/01\/A7407991-Enhanced-NR-1536x1024.webp 1536w, https:\/\/www.qualifiednetworks.com\/wp-content\/uploads\/2022\/01\/A7407991-Enhanced-NR-2048x1365.webp 2048w, https:\/\/www.qualifiednetworks.com\/wp-content\/uploads\/2022\/01\/A7407991-Enhanced-NR-150x100.webp 150w\" sizes=\"auto, (max-width: 2560px) 100vw, 2560px\" \/>\t\t\t\t\t\t\t\t\t\t\t\t\t\t<\/div>\r\n\t\t\t\t\t\t<\/div>\r\n\t\t\t\t\t\t\t<\/div>\r\n\t\t\t\t\t\t\t<div class=\"col-md-6 right-box\">\r\n\t\t\t\t\t\t<div class=\"info b-to-t\">\r\n\t\t\t\t\t\t<div class=\"subtitle\">SERVICES<\/div>\r\n\t\t\t\t\t\t<h2>Achat de mat\u00e9riel informatique<\/h2>\r\n\t\t\t\t\t\t\t<p>Votre organisation poss\u00e8de-t-elle du mat\u00e9riel informatique ancien ou inutilis\u00e9 ? Qualified Networks vous propose un prix \u00e9quitable, un d\u00e9lai d&rsquo;ex\u00e9cution rapide et une \u00e9limination compl\u00e8te des risques &#8211; de l&rsquo;\u00e9valuation \u00e0 la mise au rebut en toute s\u00e9curit\u00e9. <\/p>\n\t\t\t\t\t\t\t\t<a class=\"btn vc_btn3-style-outline vc_btn3-color-grey\" href=\"https:\/\/www.qualifiednetworks.com\/fr\/services\/achats-et-elimination\/\">Lire la suite<\/a>\r\n\t\t\t\t\t\t\t\t<\/div>\r\n\t\t\t\t\t\t\t<\/div>\r\n\r\n\t\t\t\t\t<\/div>\r\n\t\t\t<\/div>\r\n\t\t\t\t\t\t\t<div class=\"item\">\r\n\t\t\t\t\t<div class=\"row\">\r\n\t\t\t\t\t\t<div class=\"col-md-6 left-box\">\r\n\t\t\t\t\t\t<div class=\"image b-to-t\">\r\n\t\t\t\t<div class=\"wpb_wrapper\">\r\n\t\t\t\t\t\t\t\t\t\t\t\t\t\t\t<img loading=\"lazy\" decoding=\"async\" width=\"2560\" height=\"1706\" src=\"https:\/\/www.qualifiednetworks.com\/wp-content\/uploads\/2022\/01\/A7407896-scaled.webp\" class=\"attachment-full size-full wp-post-image\" alt=\"\" srcset=\"https:\/\/www.qualifiednetworks.com\/wp-content\/uploads\/2022\/01\/A7407896-scaled.webp 2560w, https:\/\/www.qualifiednetworks.com\/wp-content\/uploads\/2022\/01\/A7407896-300x200.webp 300w, https:\/\/www.qualifiednetworks.com\/wp-content\/uploads\/2022\/01\/A7407896-1024x683.webp 1024w, https:\/\/www.qualifiednetworks.com\/wp-content\/uploads\/2022\/01\/A7407896-768x512.webp 768w, https:\/\/www.qualifiednetworks.com\/wp-content\/uploads\/2022\/01\/A7407896-1536x1024.webp 1536w, https:\/\/www.qualifiednetworks.com\/wp-content\/uploads\/2022\/01\/A7407896-2048x1365.webp 2048w, https:\/\/www.qualifiednetworks.com\/wp-content\/uploads\/2022\/01\/A7407896-150x100.webp 150w\" sizes=\"auto, (max-width: 2560px) 100vw, 2560px\" \/>\t\t\t\t\t\t\t\t\t\t\t\t\t\t<\/div>\r\n\t\t\t\t\t\t<\/div>\r\n\t\t\t\t\t\t\t<\/div>\r\n\t\t\t\t\t\t\t<div class=\"col-md-6 right-box\">\r\n\t\t\t\t\t\t<div class=\"info b-to-t\">\r\n\t\t\t\t\t\t<div class=\"subtitle\">SERVICES<\/div>\r\n\t\t\t\t\t\t<h2>Achat d&rsquo;ordinateurs et d&rsquo;appareils<\/h2>\r\n\t\t\t\t\t\t\t<p>Qu&rsquo;il s&rsquo;agisse d&rsquo;ordinateurs de bureau ou de tablettes, nous achetons les anciens appareils, proc\u00e9dons \u00e0 une \u00e9valuation \u00e0 distance ou sur place et assurons une mise au rebut s\u00fbre et durable.<\/p>\n\t\t\t\t\t\t\t\t<a class=\"btn vc_btn3-style-outline vc_btn3-color-grey\" href=\"https:\/\/www.qualifiednetworks.com\/fr\/services\/achats-et-elimination\/achat-dordinateurs-et-dappareils\/\">Lire la suite<\/a>\r\n\t\t\t\t\t\t\t\t<\/div>\r\n\t\t\t\t\t\t\t<\/div>\r\n\r\n\t\t\t\t\t<\/div>\r\n\t\t\t<\/div>\r\n\t\t\t\t\t\t\t<div class=\"item\">\r\n\t\t\t\t\t<div class=\"row\">\r\n\t\t\t\t\t\t<div class=\"col-md-6 left-box\">\r\n\t\t\t\t\t\t<div class=\"image b-to-t\">\r\n\t\t\t\t<div class=\"wpb_wrapper\">\r\n\t\t\t\t\t\t\t\t\t\t\t\t\t\t\t<img loading=\"lazy\" decoding=\"async\" width=\"1324\" height=\"736\" src=\"https:\/\/www.qualifiednetworks.com\/wp-content\/uploads\/2024\/11\/Netwerkapp-origineel.webp\" class=\"attachment-full size-full wp-post-image\" alt=\"netwerkapparatuur inkopen in warehouse\" srcset=\"https:\/\/www.qualifiednetworks.com\/wp-content\/uploads\/2024\/11\/Netwerkapp-origineel.webp 1324w, https:\/\/www.qualifiednetworks.com\/wp-content\/uploads\/2024\/11\/Netwerkapp-origineel-300x167.webp 300w, https:\/\/www.qualifiednetworks.com\/wp-content\/uploads\/2024\/11\/Netwerkapp-origineel-1024x569.webp 1024w, https:\/\/www.qualifiednetworks.com\/wp-content\/uploads\/2024\/11\/Netwerkapp-origineel-768x427.webp 768w, https:\/\/www.qualifiednetworks.com\/wp-content\/uploads\/2024\/11\/Netwerkapp-origineel-150x83.webp 150w\" sizes=\"auto, (max-width: 1324px) 100vw, 1324px\" \/>\t\t\t\t\t\t\t\t\t\t\t\t\t\t<\/div>\r\n\t\t\t\t\t\t<\/div>\r\n\t\t\t\t\t\t\t<\/div>\r\n\t\t\t\t\t\t\t<div class=\"col-md-6 right-box\">\r\n\t\t\t\t\t\t<div class=\"info b-to-t\">\r\n\t\t\t\t\t\t<div class=\"subtitle\">SERVICES<\/div>\r\n\t\t\t\t\t\t<h2>Achat d&rsquo;\u00e9quipements de r\u00e9seau<\/h2>\r\n\t\t\t\t\t\t\t<p>Vous avez d&rsquo;anciens commutateurs, routeurs ou autres mat\u00e9riels de r\u00e9seau ? Nous vous proposons une offre \u00e9quitable et nous nous chargeons de tout le traitement, y compris l&rsquo;effacement des donn\u00e9es. <\/p>\n\t\t\t\t\t\t\t\t<a class=\"btn vc_btn3-style-outline vc_btn3-color-grey\" href=\"https:\/\/www.qualifiednetworks.com\/fr\/services\/achats-et-elimination\/achat-dequipements-de-reseau\/\">Lire la suite<\/a>\r\n\t\t\t\t\t\t\t\t<\/div>\r\n\t\t\t\t\t\t\t<\/div>\r\n\r\n\t\t\t\t\t<\/div>\r\n\t\t\t<\/div>\r\n\t\t\t\t\t\t\t<div class=\"item\">\r\n\t\t\t\t\t<div class=\"row\">\r\n\t\t\t\t\t\t<div class=\"col-md-6 left-box\">\r\n\t\t\t\t\t\t<div class=\"image b-to-t\">\r\n\t\t\t\t<div class=\"wpb_wrapper\">\r\n\t\t\t\t\t\t\t\t\t\t\t\t\t\t\t<img loading=\"lazy\" decoding=\"async\" width=\"1324\" height=\"736\" src=\"https:\/\/www.qualifiednetworks.com\/wp-content\/uploads\/2024\/11\/Netwerkapparatuur.webp\" class=\"attachment-full size-full wp-post-image\" alt=\"inkoop netwerkapparatuur\" srcset=\"https:\/\/www.qualifiednetworks.com\/wp-content\/uploads\/2024\/11\/Netwerkapparatuur.webp 1324w, https:\/\/www.qualifiednetworks.com\/wp-content\/uploads\/2024\/11\/Netwerkapparatuur-300x167.webp 300w, https:\/\/www.qualifiednetworks.com\/wp-content\/uploads\/2024\/11\/Netwerkapparatuur-1024x569.webp 1024w, https:\/\/www.qualifiednetworks.com\/wp-content\/uploads\/2024\/11\/Netwerkapparatuur-768x427.webp 768w, https:\/\/www.qualifiednetworks.com\/wp-content\/uploads\/2024\/11\/Netwerkapparatuur-150x83.webp 150w\" sizes=\"auto, (max-width: 1324px) 100vw, 1324px\" \/>\t\t\t\t\t\t\t\t\t\t\t\t\t\t<\/div>\r\n\t\t\t\t\t\t<\/div>\r\n\t\t\t\t\t\t\t<\/div>\r\n\t\t\t\t\t\t\t<div class=\"col-md-6 right-box\">\r\n\t\t\t\t\t\t<div class=\"info b-to-t\">\r\n\t\t\t\t\t\t<div class=\"subtitle\">SERVICES<\/div>\r\n\t\t\t\t\t\t<h2>Achat de serveurs<\/h2>\r\n\t\t\t\t\t\t\t<p>D\u00e9barrassez-vous en toute s\u00e9curit\u00e9 des solutions de stockage obsol\u00e8tes telles que NAS ou SAN. Nous assurons l&rsquo;\u00e9valuation, l&rsquo;\u00e9limination et la suppression certifi\u00e9e des donn\u00e9es. <\/p>\n\t\t\t\t\t\t\t\t<a class=\"btn vc_btn3-style-outline vc_btn3-color-grey\" href=\"https:\/\/www.qualifiednetworks.com\/fr\/services\/achats-et-elimination\/achat-dequipements-de-stockage\/\">Lire la suite<\/a>\r\n\t\t\t\t\t\t\t\t<\/div>\r\n\t\t\t\t\t\t\t<\/div>\r\n\r\n\t\t\t\t\t<\/div>\r\n\t\t\t<\/div>\r\n\t\t\t\t\t\t\t<div class=\"item\">\r\n\t\t\t\t\t<div class=\"row\">\r\n\t\t\t\t\t\t<div class=\"col-md-6 left-box\">\r\n\t\t\t\t\t\t<div class=\"image b-to-t\">\r\n\t\t\t\t<div class=\"wpb_wrapper\">\r\n\t\t\t\t\t\t\t\t\t\t\t\t\t\t\t<img loading=\"lazy\" decoding=\"async\" width=\"1324\" height=\"736\" src=\"https:\/\/www.qualifiednetworks.com\/wp-content\/uploads\/2024\/12\/Computers.webp\" class=\"attachment-full size-full wp-post-image\" alt=\"computers\" srcset=\"https:\/\/www.qualifiednetworks.com\/wp-content\/uploads\/2024\/12\/Computers.webp 1324w, https:\/\/www.qualifiednetworks.com\/wp-content\/uploads\/2024\/12\/Computers-300x167.webp 300w, https:\/\/www.qualifiednetworks.com\/wp-content\/uploads\/2024\/12\/Computers-1024x569.webp 1024w, https:\/\/www.qualifiednetworks.com\/wp-content\/uploads\/2024\/12\/Computers-768x427.webp 768w, https:\/\/www.qualifiednetworks.com\/wp-content\/uploads\/2024\/12\/Computers-150x83.webp 150w\" sizes=\"auto, (max-width: 1324px) 100vw, 1324px\" \/>\t\t\t\t\t\t\t\t\t\t\t\t\t\t<\/div>\r\n\t\t\t\t\t\t<\/div>\r\n\t\t\t\t\t\t\t<\/div>\r\n\t\t\t\t\t\t\t<div class=\"col-md-6 right-box\">\r\n\t\t\t\t\t\t<div class=\"info b-to-t\">\r\n\t\t\t\t\t\t<div class=\"subtitle\">SERVICES<\/div>\r\n\t\t\t\t\t\t<h2>Achat d&rsquo;ordinateurs<\/h2>\r\n\t\t\t\t\t\t\t<p>Votre organisation poss\u00e8de-t-elle des \u00e9quipements informatiques anciens et inutilis\u00e9s? Ensuite, vous pourrez nous le vendre. Pour conna\u00eetre la valeur de votre mat\u00e9riel informatique, nous proc\u00e9dons \u00e0 une estimation \u00e0 distance des retours possibles. L&rsquo;un de nos sp\u00e9cialistes peut \u00e9galement vous rendre visite sur place. Ici, notre sp\u00e9cialiste documente votre \u00e9quipement informatique et cr\u00e9e un bon de commande sur cette base. Il nous est \u00e9galement possible de nous d\u00e9barrasser de votre ancien mat\u00e9riel informatique.     <\/p>\n\t\t\t\t\t\t\t\t<a class=\"btn vc_btn3-style-outline vc_btn3-color-grey\" href=\"https:\/\/www.qualifiednetworks.com\/fr\/services\/achats-et-elimination\/achat-dordinateurs-et-dappareils\/achat-dordinateurs\/\">Lire la suite<\/a>\r\n\t\t\t\t\t\t\t\t<\/div>\r\n\t\t\t\t\t\t\t<\/div>\r\n\r\n\t\t\t\t\t<\/div>\r\n\t\t\t<\/div>\r\n\t\t\t\t\t\t\t<div class=\"item\">\r\n\t\t\t\t\t<div class=\"row\">\r\n\t\t\t\t\t\t<div class=\"col-md-6 left-box\">\r\n\t\t\t\t\t\t<div class=\"image b-to-t\">\r\n\t\t\t\t<div class=\"wpb_wrapper\">\r\n\t\t\t\t\t\t\t\t\t\t\t\t\t\t\t<img loading=\"lazy\" decoding=\"async\" width=\"2560\" height=\"1706\" src=\"https:\/\/www.qualifiednetworks.com\/wp-content\/uploads\/2022\/01\/A7407896-scaled.webp\" class=\"attachment-full size-full wp-post-image\" alt=\"\" srcset=\"https:\/\/www.qualifiednetworks.com\/wp-content\/uploads\/2022\/01\/A7407896-scaled.webp 2560w, https:\/\/www.qualifiednetworks.com\/wp-content\/uploads\/2022\/01\/A7407896-300x200.webp 300w, https:\/\/www.qualifiednetworks.com\/wp-content\/uploads\/2022\/01\/A7407896-1024x683.webp 1024w, https:\/\/www.qualifiednetworks.com\/wp-content\/uploads\/2022\/01\/A7407896-768x512.webp 768w, https:\/\/www.qualifiednetworks.com\/wp-content\/uploads\/2022\/01\/A7407896-1536x1024.webp 1536w, https:\/\/www.qualifiednetworks.com\/wp-content\/uploads\/2022\/01\/A7407896-2048x1365.webp 2048w, https:\/\/www.qualifiednetworks.com\/wp-content\/uploads\/2022\/01\/A7407896-150x100.webp 150w\" sizes=\"auto, (max-width: 2560px) 100vw, 2560px\" \/>\t\t\t\t\t\t\t\t\t\t\t\t\t\t<\/div>\r\n\t\t\t\t\t\t<\/div>\r\n\t\t\t\t\t\t\t<\/div>\r\n\t\t\t\t\t\t\t<div class=\"col-md-6 right-box\">\r\n\t\t\t\t\t\t<div class=\"info b-to-t\">\r\n\t\t\t\t\t\t<div class=\"subtitle\">SERVICES<\/div>\r\n\t\t\t\t\t\t<h2>Achat d&rsquo;ordinateurs portables<\/h2>\r\n\t\t\t\t\t\t\t<p>Vendez vos vieux ordinateurs portables facilement et en toute s\u00e9curit\u00e9. Nous proposons un approvisionnement rapide, une \u00e9valuation claire et une \u00e9limination responsable gr\u00e2ce \u00e0 notre approche circulaire. <\/p>\n\t\t\t\t\t\t\t\t<a class=\"btn vc_btn3-style-outline vc_btn3-color-grey\" href=\"https:\/\/www.qualifiednetworks.com\/fr\/services\/achats-et-elimination\/achat-dordinateurs-et-dappareils\/achat-dordinateurs-portables\/\">Lire la suite<\/a>\r\n\t\t\t\t\t\t\t\t<\/div>\r\n\t\t\t\t\t\t\t<\/div>\r\n\r\n\t\t\t\t\t<\/div>\r\n\t\t\t<\/div>\r\n\t\t\t\t\t\t\t<div class=\"item\">\r\n\t\t\t\t\t<div class=\"row\">\r\n\t\t\t\t\t\t<div class=\"col-md-6 left-box\">\r\n\t\t\t\t\t\t<div class=\"image b-to-t\">\r\n\t\t\t\t<div class=\"wpb_wrapper\">\r\n\t\t\t\t\t\t\t\t\t\t\t\t\t\t\t<img loading=\"lazy\" decoding=\"async\" width=\"2560\" height=\"1707\" src=\"https:\/\/www.qualifiednetworks.com\/wp-content\/uploads\/2022\/01\/A7407795-scaled.webp\" class=\"attachment-full size-full wp-post-image\" alt=\"\" srcset=\"https:\/\/www.qualifiednetworks.com\/wp-content\/uploads\/2022\/01\/A7407795-scaled.webp 2560w, https:\/\/www.qualifiednetworks.com\/wp-content\/uploads\/2022\/01\/A7407795-300x200.webp 300w, https:\/\/www.qualifiednetworks.com\/wp-content\/uploads\/2022\/01\/A7407795-1024x683.webp 1024w, https:\/\/www.qualifiednetworks.com\/wp-content\/uploads\/2022\/01\/A7407795-768x512.webp 768w, https:\/\/www.qualifiednetworks.com\/wp-content\/uploads\/2022\/01\/A7407795-1536x1024.webp 1536w, https:\/\/www.qualifiednetworks.com\/wp-content\/uploads\/2022\/01\/A7407795-2048x1366.webp 2048w, https:\/\/www.qualifiednetworks.com\/wp-content\/uploads\/2022\/01\/A7407795-150x100.webp 150w\" sizes=\"auto, (max-width: 2560px) 100vw, 2560px\" \/>\t\t\t\t\t\t\t\t\t\t\t\t\t\t<\/div>\r\n\t\t\t\t\t\t<\/div>\r\n\t\t\t\t\t\t\t<\/div>\r\n\t\t\t\t\t\t\t<div class=\"col-md-6 right-box\">\r\n\t\t\t\t\t\t<div class=\"info b-to-t\">\r\n\t\t\t\t\t\t<div class=\"subtitle\">SERVICES<\/div>\r\n\t\t\t\t\t\t<h2>Achat de t\u00e9l\u00e9phones portables<\/h2>\r\n\t\t\t\t\t\t\t<p>Les smartphones professionnels sont termin\u00e9s ? Qualified Networks vous propose un prix \u00e9quitable et vous garantit un effacement s\u00e9curis\u00e9 des donn\u00e9es, quelle que soit la taille du projet. <\/p>\n\t\t\t\t\t\t\t\t<a class=\"btn vc_btn3-style-outline vc_btn3-color-grey\" href=\"https:\/\/www.qualifiednetworks.com\/fr\/services\/achats-et-elimination\/achat-dordinateurs-et-dappareils\/achat-de-telephones-portables\/\">Lire la suite<\/a>\r\n\t\t\t\t\t\t\t\t<\/div>\r\n\t\t\t\t\t\t\t<\/div>\r\n\r\n\t\t\t\t\t<\/div>\r\n\t\t\t<\/div>\r\n\t\t\t\t\t\t\t<div class=\"item\">\r\n\t\t\t\t\t<div class=\"row\">\r\n\t\t\t\t\t\t<div class=\"col-md-6 left-box\">\r\n\t\t\t\t\t\t<div class=\"image b-to-t\">\r\n\t\t\t\t<div class=\"wpb_wrapper\">\r\n\t\t\t\t\t\t\t\t\t\t\t\t\t\t\t<img loading=\"lazy\" decoding=\"async\" width=\"2560\" height=\"1706\" src=\"https:\/\/www.qualifiednetworks.com\/wp-content\/uploads\/2022\/01\/A7407899-scaled.webp\" class=\"attachment-full size-full wp-post-image\" alt=\"\" srcset=\"https:\/\/www.qualifiednetworks.com\/wp-content\/uploads\/2022\/01\/A7407899-scaled.webp 2560w, https:\/\/www.qualifiednetworks.com\/wp-content\/uploads\/2022\/01\/A7407899-300x200.webp 300w, https:\/\/www.qualifiednetworks.com\/wp-content\/uploads\/2022\/01\/A7407899-1024x683.webp 1024w, https:\/\/www.qualifiednetworks.com\/wp-content\/uploads\/2022\/01\/A7407899-768x512.webp 768w, https:\/\/www.qualifiednetworks.com\/wp-content\/uploads\/2022\/01\/A7407899-1536x1024.webp 1536w, https:\/\/www.qualifiednetworks.com\/wp-content\/uploads\/2022\/01\/A7407899-2048x1365.webp 2048w, https:\/\/www.qualifiednetworks.com\/wp-content\/uploads\/2022\/01\/A7407899-150x100.webp 150w\" sizes=\"auto, (max-width: 2560px) 100vw, 2560px\" \/>\t\t\t\t\t\t\t\t\t\t\t\t\t\t<\/div>\r\n\t\t\t\t\t\t<\/div>\r\n\t\t\t\t\t\t\t<\/div>\r\n\t\t\t\t\t\t\t<div class=\"col-md-6 right-box\">\r\n\t\t\t\t\t\t<div class=\"info b-to-t\">\r\n\t\t\t\t\t\t<div class=\"subtitle\">SERVICES<\/div>\r\n\t\t\t\t\t\t<h2>Achat de routeurs<\/h2>\r\n\t\t\t\t\t\t\t<p>Vendez vos anciens routeurs avec un minimum d&rsquo;efforts. Nous nous occupons de tout : \u00e9valuation, effacement des donn\u00e9es, \u00e9limination et recyclage. <\/p>\n\t\t\t\t\t\t\t\t<a class=\"btn vc_btn3-style-outline vc_btn3-color-grey\" href=\"https:\/\/www.qualifiednetworks.com\/fr\/services\/achats-et-elimination\/achat-dequipements-de-reseau\/achat-de-routeurs\/\">Lire la suite<\/a>\r\n\t\t\t\t\t\t\t\t<\/div>\r\n\t\t\t\t\t\t\t<\/div>\r\n\r\n\t\t\t\t\t<\/div>\r\n\t\t\t<\/div>\r\n\t\t\t\t\t\t\t<div class=\"item\">\r\n\t\t\t\t\t<div class=\"row\">\r\n\t\t\t\t\t\t<div class=\"col-md-6 left-box\">\r\n\t\t\t\t\t\t<div class=\"image b-to-t\">\r\n\t\t\t\t<div class=\"wpb_wrapper\">\r\n\t\t\t\t\t\t\t\t\t\t\t\t\t\t\t<img loading=\"lazy\" decoding=\"async\" width=\"1000\" height=\"667\" src=\"https:\/\/www.qualifiednetworks.com\/wp-content\/uploads\/2024\/12\/Netwerkapparatuur-inkoop.webp\" class=\"attachment-full size-full wp-post-image\" alt=\"\" srcset=\"https:\/\/www.qualifiednetworks.com\/wp-content\/uploads\/2024\/12\/Netwerkapparatuur-inkoop.webp 1000w, https:\/\/www.qualifiednetworks.com\/wp-content\/uploads\/2024\/12\/Netwerkapparatuur-inkoop-300x200.webp 300w, https:\/\/www.qualifiednetworks.com\/wp-content\/uploads\/2024\/12\/Netwerkapparatuur-inkoop-768x512.webp 768w, https:\/\/www.qualifiednetworks.com\/wp-content\/uploads\/2024\/12\/Netwerkapparatuur-inkoop-150x100.webp 150w\" sizes=\"auto, (max-width: 1000px) 100vw, 1000px\" \/>\t\t\t\t\t\t\t\t\t\t\t\t\t\t<\/div>\r\n\t\t\t\t\t\t<\/div>\r\n\t\t\t\t\t\t\t<\/div>\r\n\t\t\t\t\t\t\t<div class=\"col-md-6 right-box\">\r\n\t\t\t\t\t\t<div class=\"info b-to-t\">\r\n\t\t\t\t\t\t<div class=\"subtitle\">SERVICES<\/div>\r\n\t\t\t\t\t\t<h2>Achat de commutateurs<\/h2>\r\n\t\t\t\t\t\t\t<p>Donnez une seconde vie \u00e0 vos anciens commutateurs de r\u00e9seau. Nous les achetons, assurons leur \u00e9limination en toute s\u00e9curit\u00e9 et r\u00e9duisons les d\u00e9chets \u00e9lectroniques gr\u00e2ce \u00e0 l&rsquo;informatique circulaire. <\/p>\n\t\t\t\t\t\t\t\t<a class=\"btn vc_btn3-style-outline vc_btn3-color-grey\" href=\"https:\/\/www.qualifiednetworks.com\/fr\/services\/achats-et-elimination\/achat-dequipements-de-reseau\/achat-de-commutateurs\/\">Lire la suite<\/a>\r\n\t\t\t\t\t\t\t\t<\/div>\r\n\t\t\t\t\t\t\t<\/div>\r\n\r\n\t\t\t\t\t<\/div>\r\n\t\t\t<\/div>\r\n\t\t\t<\/div>\r\n\r\n[\/vc_column_text][\/vc_column][\/vc_row]<\/p>\n<\/div>","protected":false},"excerpt":{"rendered":"<p>[vc_row][vc_column][vc_column_text][\/vc_column_text][\/vc_column][\/vc_row]<\/p>\n","protected":false},"author":1,"featured_media":0,"parent":0,"menu_order":0,"comment_status":"closed","ping_status":"closed","template":"","meta":{"footnotes":""},"class_list":["post-2885","page","type-page","status-publish","hentry"],"acf":[],"_links":{"self":[{"href":"https:\/\/www.qualifiednetworks.com\/fr\/wp-json\/wp\/v2\/pages\/2885","targetHints":{"allow":["GET"]}}],"collection":[{"href":"https:\/\/www.qualifiednetworks.com\/fr\/wp-json\/wp\/v2\/pages"}],"about":[{"href":"https:\/\/www.qualifiednetworks.com\/fr\/wp-json\/wp\/v2\/types\/page"}],"author":[{"embeddable":true,"href":"https:\/\/www.qualifiednetworks.com\/fr\/wp-json\/wp\/v2\/users\/1"}],"replies":[{"embeddable":true,"href":"https:\/\/www.qualifiednetworks.com\/fr\/wp-json\/wp\/v2\/comments?post=2885"}],"version-history":[{"count":0,"href":"https:\/\/www.qualifiednetworks.com\/fr\/wp-json\/wp\/v2\/pages\/2885\/revisions"}],"wp:attachment":[{"href":"https:\/\/www.qualifiednetworks.com\/fr\/wp-json\/wp\/v2\/media?parent=2885"}],"curies":[{"name":"wp","href":"https:\/\/api.w.org\/{rel}","templated":true}]}}