 {"id":2896,"date":"2022-08-23T14:06:06","date_gmt":"2022-08-23T14:06:06","guid":{"rendered":"https:\/\/www.qualifiednetworks.com\/postes-vacants\/"},"modified":"2025-03-19T05:54:31","modified_gmt":"2025-03-19T05:54:31","slug":"postes-vacants","status":"publish","type":"page","link":"https:\/\/www.qualifiednetworks.com\/fr\/postes-vacants\/","title":{"rendered":"Postes vacants"},"content":{"rendered":"<div class=\"wpb-content-wrapper\"><p>[vc_row el_class=\u00a0\u00bbpt-170 pb-40&Prime; el_id=\u00a0\u00bbnos-emplois\u00a0\u00bb][vc_column width=\u00a0\u00bb2\/12&Prime;][\/vc_column][vc_column width=\u00a0\u00bb8\/12&Prime;][vc_custom_heading text=\u00a0\u00bbpostes vacants\u00a0\u00bb font_container=\u00a0\u00bbtag:div|text_align:center\u00a0\u00bb use_theme_fonts=\u00a0\u00bbyes\u00a0\u00bb el_class=\u00a0\u00bbsubtitle\u00a0\u00bb][vc_custom_heading text=\u00a0\u00bbNOS VACANCES\u00a0\u00bb font_container=\u00a0\u00bbtag:h2|text_align:center\u00a0\u00bb use_theme_fonts=\u00a0\u00bbyes\u00a0\u00bb][vc_column_text]\r\n<div class=\"block_vacancies b-to-t\">\r\n\r\n<div class=\"grid\" id=\"list\">\r\n\t\t\t<div class=\"item b-to-t\">\r\n\t\t\t<div class=\"inner\">\t\t\t\t\r\n\t\t\t<a href=\"https:\/\/www.qualifiednetworks.com\/fr\/vacancies\/responsable-dentrepot\/\" class=\"absolute-link\">Link<\/a>\r\n\t\t\t<div class=\"info\">\r\n\t\t\t<h4>Responsable d&rsquo;entrep\u00f4t ICT<\/h4>\r\n\t\t\t<div class=\"more-info\">\r\n\t\t\t\t<ul>\r\n\t\t\t\t\t<li><\/li>\r\n\t\t\t\t<\/ul>\r\n\t\t\t<\/div>\r\n\t\t\t<\/div>\r\n\t\t\t<a class=\"btn\" href=\"https:\/\/www.qualifiednetworks.com\/fr\/vacancies\/responsable-dentrepot\/\">Lire la suite<\/a>\r\n\t\t\t<\/div>\r\n\t<\/div>\r\n\t\t\t<div class=\"item b-to-t\">\r\n\t\t\t<div class=\"inner\">\t\t\t\t\r\n\t\t\t<a href=\"https:\/\/www.qualifiednetworks.com\/fr\/vacancies\/membre-du-personnel-administratif\/\" class=\"absolute-link\">Link<\/a>\r\n\t\t\t<div class=\"info\">\r\n\t\t\t<h4>Membre du personnel administratif<\/h4>\r\n\t\t\t<div class=\"more-info\">\r\n\t\t\t\t<ul>\r\n\t\t\t\t\t<li><\/li>\r\n\t\t\t\t<\/ul>\r\n\t\t\t<\/div>\r\n\t\t\t<\/div>\r\n\t\t\t<a class=\"btn\" href=\"https:\/\/www.qualifiednetworks.com\/fr\/vacancies\/membre-du-personnel-administratif\/\">Lire la suite<\/a>\r\n\t\t\t<\/div>\r\n\t<\/div>\r\n\t\t\t<div class=\"item b-to-t\">\r\n\t\t\t<div class=\"inner\">\t\t\t\t\r\n\t\t\t<a href=\"https:\/\/www.qualifiednetworks.com\/fr\/vacancies\/gestionnaire-de-comptes\/\" class=\"absolute-link\">Link<\/a>\r\n\t\t\t<div class=\"info\">\r\n\t\t\t<h4>Gestionnaire de comptes<\/h4>\r\n\t\t\t<div class=\"more-info\">\r\n\t\t\t\t<ul>\r\n\t\t\t\t\t<li><\/li>\r\n\t\t\t\t<\/ul>\r\n\t\t\t<\/div>\r\n\t\t\t<\/div>\r\n\t\t\t<a class=\"btn\" href=\"https:\/\/www.qualifiednetworks.com\/fr\/vacancies\/gestionnaire-de-comptes\/\">Lire la suite<\/a>\r\n\t\t\t<\/div>\r\n\t<\/div>\r\n\t\t<\/div>\r\n<\/div>\r\n\r\n[\/vc_column_text][\/vc_column][vc_column width=\u00a0\u00bb2\/12&Prime;][\/vc_column][\/vc_row][vc_row el_class=\u00a0\u00bbpb-60 pt-140&Prime;][vc_column width=\u00a0\u00bb5\/12&Prime;][vc_custom_heading text=\u00a0\u00bbVACANCY\u00a0\u00bb font_container=\u00a0\u00bbtag:div|text_align:left\u00a0\u00bb use_theme_fonts=\u00a0\u00bbyes\u00a0\u00bb el_class=\u00a0\u00bbsubtitle\u00a0\u00bb][vc_custom_heading text=\u00a0\u00bbpourquoi travailler chez qualified r\u00e9seaux?\u00a0\u00bb use_theme_fonts=\u00a0\u00bbyes\u00a0\u00bb][vc_column_text el_class=\u00a0\u00bbpr-160&Prime;]<span style=\"font-weight: 400;\">Vous souhaitez vendre votre ancien mat\u00e9riel informatique? Ou bien voulez-vous acheter du mat\u00e9riel informatique neuf ou remis \u00e0 neuf? Choisissez ensuite R\u00e9seaux qualifi\u00e9s. Vous serez aid\u00e9 personnellement par nos sp\u00e9cialistes afin que vous puissiez faire le meilleur choix parmi tous les \u00e9quipements que nous proposons. Vous pouvez \u00e9galement obtenir de l&rsquo;aide pour configurer votre nouvel \u00e9quipement informatique et effacer les donn\u00e9es de votre ancien \u00e9quipement.    <\/span>[\/vc_column_text][vc_btn title=\u00a0\u00bbEn savoir plus sur nous\u00a0\u00bb style=\u00a0\u00bboutline\u00a0\u00bb link=\u00a0\u00bburl:https%3A%2F%2Fwww.qualifiednetworks.com%2Fen%2Fover-ons%2F|title:A%20propos%20de%20nous|\u00a0\u00bb][\/vc_column][vc_column width=\u00a0\u00bb7\/12&Prime;][vc_column_text el_class=\u00a0\u00bblist col2 hide-text-m pt-35&Prime;]<\/p>\n<ul>\n<li><strong>Les prix les plus \u00e9lev\u00e9s pour l&rsquo;achat et la vente<br \/>\n<\/strong> Tant pour l&rsquo;achat que pour la vente de mat\u00e9riel informatique, vous recevrez ou paierez toujours un prix comp\u00e9titif.<\/li>\n<li><strong>Livraison souvent dans les 24 heure<br \/>\n<\/strong> Vous recevez souvent votre \u00e9quipement informatique achet\u00e9 dans les 24 heures. Vous pouvez donc commencer \u00e0 utiliser votre \u00e9quipement en un rien de temps.<\/li>\n<li><strong>Suppression certifi\u00e9e des donn\u00e9es<br \/>\n<\/strong> Les donn\u00e9es commerciales sensibles sont supprim\u00e9es de votre \u00e9quipement informatique de mani\u00e8re certifi\u00e9e. Ainsi, vous pouvez \u00eatre s\u00fbr que vos donn\u00e9es professionnelles sensibles sont s\u00e9curis\u00e9es et supprim\u00e9es \u00e0 100%. <\/li>\n<li><strong>Garantie \u00e0 vie sur votre \u00e9quipement<br \/>\n<\/strong> L&rsquo;\u00e9quipement informatique ne fonctionne pas correctement ? Gr\u00e2ce \u00e0 notre garantie \u00e0 vie, nous veillons \u00e0 ce que votre \u00e9quipement informatique fonctionne \u00e0 nouveau correctement. <\/li>\n<li><strong>Prise en charge de l&rsquo;ensemble du processus logistique<br \/>\n<\/strong>Vous n&rsquo;avez peut-\u00eatre pas le temps ou les ressources n\u00e9cessaires pour apporter ou r\u00e9cup\u00e9rer vous-m\u00eame votre mat\u00e9riel informatique. C&rsquo;est pourquoi nous organisons pour vous l&rsquo;ensemble du processus logistique. <\/li>\n<\/ul>\n<p>[\/vc_column_text][\/vc_column][\/vc_row][vc_row full_width=\u00a0\u00bbstretch_row_content_no_spaces\u00a0\u00bb][vc_column][vc_gallery type=\u00a0\u00bbimage_grid\u00a0\u00bb images=\u00a0\u00bb4579,5112,5024,5064,5056&Prime; img_size=\u00a0\u00bbfull\u00a0\u00bb onclick=\u00a0\u00bb\u00a0\u00bb css=\u00a0\u00bb\u00a0\u00bb el_class=\u00a0\u00bbimage-slider big-image-4&Prime; el_id=\u00a0\u00bbimage-slider\u00a0\u00bb][vc_gallery type=\u00a0\u00bbimage_grid\u00a0\u00bb images=\u00a0\u00bb2278,5080,2269,5048,2272,5072&Prime; img_size=\u00a0\u00bbfull\u00a0\u00bb onclick=\u00a0\u00bb\u00a0\u00bb css=\u00a0\u00bb\u00a0\u00bb el_class=\u00a0\u00bbimage-slider big-image-2&Prime; el_id=\u00a0\u00bbimage-slider-reverse\u00a0\u00bb][\/vc_column][\/vc_row][vc_row full_width=\u00a0\u00bbstretch_row\u00a0\u00bb el_class=\u00a0\u00bbsection-bestservice section-bestservice-big\u00a0\u00bb][vc_column el_class=\u00a0\u00bbinner\u00a0\u00bb][vc_row_inner][vc_column_inner width=\u00a0\u00bb4\/12&Prime;][vc_custom_heading text=\u00a0\u00bbrenforcer notre \u00e9quipe?\u00a0\u00bb use_theme_fonts=\u00a0\u00bbyes\u00a0\u00bb][vc_column_text]Vous \u00eates int\u00e9ress\u00e9 par l&rsquo;un de nos postes vacants? Ou voulez-vous faire une demande ouverte? Nous aimerions entrer en contact avec vous![\/vc_column_text][vc_btn title=\u00a0\u00bbNous contacter\u00a0\u00bb link=\u00a0\u00bburl:https%3A%2F%2Fwww.qualifiednetworks.com%2Ffr%2Fcontact%2F|\u00a0\u00bb][vc_btn title=\u00a0\u00bbRappelle-moi\u00a0\u00bb style=\u00a0\u00bboutline\u00a0\u00bb color=\u00a0\u00bbwhite\u00a0\u00bb link=\u00a0\u00bburl:%23call-me-back|\u00a0\u00bb el_class=\u00a0\u00bblightbox-toggle\u00a0\u00bb][\/vc_column_inner][vc_column_inner width=\u00a0\u00bb8\/12&Prime;][\/vc_column_inner][\/vc_row_inner][\/vc_column][\/vc_row]<\/p>\n<\/div>","protected":false},"excerpt":{"rendered":"<p>[vc_row el_class=\u00a0\u00bbpt-170 pb-40&Prime; el_id=\u00a0\u00bbnos-emplois\u00a0\u00bb][vc_column width=\u00a0\u00bb2\/12&Prime;][\/vc_column][vc_column width=\u00a0\u00bb8\/12&Prime;][vc_custom_heading text=\u00a0\u00bbpostes vacants\u00a0\u00bb font_container=\u00a0\u00bbtag:div|text_align:center\u00a0\u00bb use_theme_fonts=\u00a0\u00bbyes\u00a0\u00bb el_class=\u00a0\u00bbsubtitle\u00a0\u00bb][vc_custom_heading text=\u00a0\u00bbNOS VACANCES\u00a0\u00bb font_container=\u00a0\u00bbtag:h2|text_align:center\u00a0\u00bb use_theme_fonts=\u00a0\u00bbyes\u00a0\u00bb][vc_column_text][\/vc_column_text][\/vc_column][vc_column width=\u00a0\u00bb2\/12&Prime;][\/vc_column][\/vc_row][vc_row el_class=\u00a0\u00bbpb-60 pt-140&Prime;][vc_column width=\u00a0\u00bb5\/12&Prime;][vc_custom_heading text=\u00a0\u00bbVACANCY\u00a0\u00bb font_container=\u00a0\u00bbtag:div|text_align:left\u00a0\u00bb use_theme_fonts=\u00a0\u00bbyes\u00a0\u00bb el_class=\u00a0\u00bbsubtitle\u00a0\u00bb][vc_custom_heading text=\u00a0\u00bbpourquoi travailler chez qualified r\u00e9seaux?\u00a0\u00bb use_theme_fonts=\u00a0\u00bbyes\u00a0\u00bb][vc_column_text el_class=\u00a0\u00bbpr-160&Prime;]Vous souhaitez vendre votre ancien mat\u00e9riel informatique? Ou bien voulez-vous acheter du mat\u00e9riel informatique neuf ou remis \u00e0 neuf? Choisissez ensuite R\u00e9seaux qualifi\u00e9s. Vous serez aid\u00e9 [&hellip;]<\/p>\n","protected":false},"author":1,"featured_media":0,"parent":0,"menu_order":0,"comment_status":"closed","ping_status":"closed","template":"","meta":{"footnotes":""},"class_list":["post-2896","page","type-page","status-publish","hentry"],"acf":[],"_links":{"self":[{"href":"https:\/\/www.qualifiednetworks.com\/fr\/wp-json\/wp\/v2\/pages\/2896","targetHints":{"allow":["GET"]}}],"collection":[{"href":"https:\/\/www.qualifiednetworks.com\/fr\/wp-json\/wp\/v2\/pages"}],"about":[{"href":"https:\/\/www.qualifiednetworks.com\/fr\/wp-json\/wp\/v2\/types\/page"}],"author":[{"embeddable":true,"href":"https:\/\/www.qualifiednetworks.com\/fr\/wp-json\/wp\/v2\/users\/1"}],"replies":[{"embeddable":true,"href":"https:\/\/www.qualifiednetworks.com\/fr\/wp-json\/wp\/v2\/comments?post=2896"}],"version-history":[{"count":0,"href":"https:\/\/www.qualifiednetworks.com\/fr\/wp-json\/wp\/v2\/pages\/2896\/revisions"}],"wp:attachment":[{"href":"https:\/\/www.qualifiednetworks.com\/fr\/wp-json\/wp\/v2\/media?parent=2896"}],"curies":[{"name":"wp","href":"https:\/\/api.w.org\/{rel}","templated":true}]}}