 {"id":4771,"date":"2025-03-03T12:42:59","date_gmt":"2025-03-03T12:42:59","guid":{"rendered":"https:\/\/www.qualifiednetworks.com\/informatique-circulaire\/"},"modified":"2025-11-19T14:57:35","modified_gmt":"2025-11-19T14:57:35","slug":"informatique-circulaire","status":"publish","type":"page","link":"https:\/\/www.qualifiednetworks.com\/fr\/informatique-circulaire\/","title":{"rendered":"Informatique circulaire"},"content":{"rendered":"<div class=\"wpb-content-wrapper\"><p>[vc_section full_width=\u00a0\u00bbstretch_row\u00a0\u00bb el_class=\u00a0\u00bbduurzaamheid section-intro\u00a0\u00bb css=\u00a0\u00bb.vc_custom_1740054729106{background-color: #f8f8fa !important;}\u00a0\u00bb][vc_row][vc_column width=\u00a0\u00bb6\/12&Prime;][vc_column_text]Les \u00e9quipements informatiques peuvent durer plus longtemps et \u00eatre r\u00e9utilis\u00e9s. Les solutions informatiques circulaires permettent de r\u00e9aliser des \u00e9conomies, de r\u00e9duire les d\u00e9chets \u00e9lectroniques et de contribuer \u00e0 un avenir plus durable. D\u00e9couvrez comment votre organisation peut b\u00e9n\u00e9ficier de la r\u00e9utilisation et de la gestion responsable des technologies de l&rsquo;information.[\/vc_column_text][vc_column_text el_class=\u00a0\u00bblist\u00a0\u00bb]<\/p>\n<ul>\n<li><strong>Moins de d\u00e9chets \u00e9lectroniques<\/strong>: Donnez une seconde vie aux \u00e9quipements.<\/li>\n<li><strong>\u00c9conomies<\/strong>: prolongez la dur\u00e9e de vie et \u00e9conomisez.<\/li>\n<li><strong>Impact durable<\/strong>: moins de CO\u2082, moins de d\u00e9chets.<\/li>\n<li><strong>Traitement s\u00e9curis\u00e9<\/strong>: effacement certifi\u00e9 des donn\u00e9es.<\/li>\n<\/ul>\n<p>[\/vc_column_text][vc_row_inner el_class=\u00a0\u00bbbuttons service-mobile-cta\u00a0\u00bb][vc_column_inner width=\u00a0\u00bb1\/2&Prime; css=\u00a0\u00bb.vc_custom_1740487265499{padding-right: 10px !important;padding-left: 0px !important;}\u00a0\u00bb][vc_btn title=\u00a0\u00bbDemander un devis\u00a0\u00bb link=\u00a0\u00bburl:https%3A%2F%2Fwww.qualifiednetworks.com%2Ffr%2Fdemander-un-devis%2F|\u00a0\u00bb][\/vc_column_inner][vc_column_inner width=\u00a0\u00bb1\/2&Prime; css=\u00a0\u00bb.vc_custom_1740487216177{padding-right: 0px !important;padding-left: 0px !important;}\u00a0\u00bb][vc_btn title=\u00a0\u00bbNous contacter\u00a0\u00bb style=\u00a0\u00bboutline\u00a0\u00bb link=\u00a0\u00bburl:https%3A%2F%2Fwww.qualifiednetworks.com%2Ffr%2Fcontact%2F|\u00a0\u00bb][\/vc_column_inner][\/vc_row_inner][vc_column_text][\/vc_column_text][\/vc_column][vc_column width=\u00a0\u00bb1\/12&Prime;][\/vc_column][vc_column width=\u00a0\u00bb5\/12&Prime; el_class=\u00a0\u00bbform\u00a0\u00bb][vc_custom_heading text=\u00a0\u00bbPourquoi choisir Circular IT ?\u00a0\u00bb use_theme_fonts=\u00a0\u00bbyes\u00a0\u00bb][vc_column_text]En int\u00e9grant des solutions informatiques circulaires, vous am\u00e9liorez votre gestion informatique, r\u00e9duisez vos co\u00fbts et votre empreinte carbone. La r\u00e9duction des d\u00e9chets \u00e9lectroniques, l&rsquo;utilisation plus efficace des mati\u00e8res premi\u00e8res et la diminution des \u00e9missions de carbone garantissent que votre organisation est pr\u00eate pour l&rsquo;avenir.[\/vc_column_text][vc_column_text el_class=\u00a0\u00bblist\u00a0\u00bb]<\/p>\n<ul>\n<li><strong>R\u00e9duction des \u00e9missions de carbone<\/strong><br \/>La r\u00e9utilisation r\u00e9duit l&rsquo;impact environnemental des \u00e9quipements informatiques.<\/li>\n<li><strong>R\u00e9duction de la demande de nouveaux mat\u00e9riaux<\/strong><br \/>Limite l&rsquo;\u00e9puisement des ressources<\/li>\n<li><strong>R\u00e9duction des co\u00fbts<\/strong><br \/>R\u00e9duisez consid\u00e9rablement vos d\u00e9penses informatiques.<\/li>\n<li><strong>Lois et r\u00e9glementations<\/strong><br \/>Respecter les exigences en mati\u00e8re de d\u00e9veloppement durable et \u00e9viter les amendes.<\/li>\n<\/ul>\n<p>[\/vc_column_text][\/vc_column][\/vc_row][vc_row equal_height=\u00a0\u00bbyes\u00a0\u00bb el_class=\u00a0\u00bbkwaliteit pb-90 pt-120&Prime;][vc_column width=\u00a0\u00bb6\/12&Prime; el_class=\u00a0\u00bbmo-1&Prime;][vc_single_image image=\u00a0\u00bb5006&Prime; img_size=\u00a0\u00bbfull\u00a0\u00bb css=\u00a0\u00bb\u00a0\u00bb][\/vc_column][vc_column width=\u00a0\u00bb1\/12&Prime;][\/vc_column][vc_column width=\u00a0\u00bb5\/12&Prime; el_class=\u00a0\u00bbinfo custom-faq\u00a0\u00bb][vc_custom_heading text=\u00a0\u00bbqualit\u00e9\u00a0\u00bb font_container=\u00a0\u00bbtag:div|text_align:left\u00a0\u00bb use_theme_fonts=\u00a0\u00bbyes\u00a0\u00bb el_class=\u00a0\u00bbsubtitle\u00a0\u00bb][vc_custom_heading text=\u00a0\u00bbNos solutions informatiques Circulaire<br \/>\u00a0\u00bb use_theme_fonts=\u00a0\u00bbyes\u00a0\u00bb][vc_column_text]Chez Qualified Networks, nous aidons les organisations \u00e0 g\u00e9rer leurs \u00e9quipements informatiques de mani\u00e8re plus durable. D\u00e9couvrez comment nous pouvons faire de l&rsquo;informatique circulaire une r\u00e9alit\u00e9 pour votre entreprise.[\/vc_column_text][vc_tta_accordion title_tag=\u00a0\u00bbp\u00a0\u00bb section_title_tag=\u00a0\u00bbp\u00a0\u00bb style=\u00a0\u00bboutline\u00a0\u00bb shape=\u00a0\u00bbsquare\u00a0\u00bb color=\u00a0\u00bbblack\u00a0\u00bb c_position=\u00a0\u00bbright\u00a0\u00bb active_section=\u00a0\u00bb100&Prime; collapsible_all=\u00a0\u00bbtrue\u00a0\u00bb el_class=\u00a0\u00bbfaq-list\u00a0\u00bb][vc_tta_section title=\u00a0\u00bbInformatique remise \u00e0 neuf : mat\u00e9riel r\u00e9utilis\u00e9 de haute qualit\u00e9\u00a0\u00bb tab_id=\u00a0\u00bb1739950626685-57982fb7-7b0d\u00a0\u00bb el_class=\u00a0\u00bbfaq-first\u00a0\u00bb][vc_column_text]Notre mat\u00e9riel remis \u00e0 neuf subit des tests approfondis et est assorti d&rsquo;une garantie, ce qui le rend pr\u00eat \u00e0 \u00eatre r\u00e9utilis\u00e9 au sein de votre organisation.[\/vc_column_text][\/vc_tta_section][vc_tta_section title=\u00a0\u00bbGestion du cycle de vie des technologies de l&apos;information : de l&apos;approvisionnement au recyclage\u00a0\u00bb tab_id=\u00a0\u00bb1739950826636-55c2f176-3465&Prime; el_class=\u00a0\u00bbfaq-second\u00a0\u00bb][vc_column_text]Nous offrons une assistance compl\u00e8te en mati\u00e8re de gestion des technologies de l&rsquo;information, depuis l&rsquo;acquisition jusqu&rsquo;\u00e0 l&rsquo;\u00e9limination responsable en fin de cycle de vie.[\/vc_column_text][\/vc_tta_section][vc_tta_section title=\u00a0\u00bbS\u00e9curit\u00e9 des donn\u00e9es et effacement : suppression s\u00e9curis\u00e9e \u00e0 100&Prime; tab_id=\u00a0\u00bb1739950825489-c6fadf36-f196&Prime; el_class=\u00a0\u00bbfaq-third\u00a0\u00bb][vc_column_text]Les donn\u00e9es sensibles sont effac\u00e9es de mani\u00e8re permanente et certifi\u00e9e, conform\u00e9ment aux normes de s\u00e9curit\u00e9 les plus strictes.[\/vc_column_text][\/vc_tta_section][vc_tta_section title=\u00a0\u00bbAchats durables et r\u00e9cup\u00e9ration des actifs\u00a0\u00bb tab_id=\u00a0\u00bb1739950824730-15fe4dd0-cd92&Prime; el_class=\u00a0\u00bbfaq-fourth\u00a0\u00bb][vc_column_text]Optimisez vos investissements informatiques en achetant de mani\u00e8re responsable et en tirant le maximum de valeur des \u00e9quipements amortis.[\/vc_column_text][\/vc_tta_section][\/vc_tta_accordion][\/vc_column][\/vc_row][vc_row el_class=\u00a0\u00bbpb-120&Prime;][vc_column][vc_custom_heading text=\u00a0\u00bbM\u00c9THODE DE TRAVAIL\u00a0\u00bb font_container=\u00a0\u00bbtag:div|text_align:center\u00a0\u00bb use_theme_fonts=\u00a0\u00bbyes\u00a0\u00bb el_class=\u00a0\u00bbsubtitle\u00a0\u00bb][vc_custom_heading text=\u00a0\u00bbNotre m\u00e9thode de travail en 4 \u00e9tapes\u00a0\u00bb font_container=\u00a0\u00bbtag:h2|text_align:center\u00a0\u00bb use_theme_fonts=\u00a0\u00bbyes\u00a0\u00bb][vc_row_inner el_class=\u00a0\u00bbsection-our-steps swiper cursor-drag\u00a0\u00bb][vc_column_inner width=\u00a0\u00bb1\/4&Prime;][vc_single_image image=\u00a0\u00bb4687&Prime; img_size=\u00a0\u00bbfull\u00a0\u00bb][vc_custom_heading text=\u00a0\u00bbInventaire et conseils\u00a0\u00bb font_container=\u00a0\u00bbtag:h4|text_align:left\u00a0\u00bb use_theme_fonts=\u00a0\u00bbyes\u00a0\u00bb][vc_column_text]Nous examinons vos besoins informatiques et vous conseillons sur les solutions circulaires pour votre organisation.[\/vc_column_text][\/vc_column_inner][vc_column_inner width=\u00a0\u00bb1\/4&Prime;][vc_single_image image=\u00a0\u00bb5138&Prime; img_size=\u00a0\u00bbfull\u00a0\u00bb css=\u00a0\u00bb\u00a0\u00bb][vc_custom_heading text=\u00a0\u00bbR\u00e9novation et r\u00e9utilisation\u00a0\u00bb font_container=\u00a0\u00bbtag:h4|text_align:left\u00a0\u00bb use_theme_fonts=\u00a0\u00bbyes\u00a0\u00bb][vc_column_text css=\u00a0\u00bb\u00a0\u00bb]Le mat\u00e9riel informatique est soumis \u00e0 des tests approfondis en plus de 20 points et pr\u00e9par\u00e9 en vue de sa r\u00e9utilisation.[\/vc_column_text][\/vc_column_inner][vc_column_inner width=\u00a0\u00bb1\/4&Prime;][vc_single_image image=\u00a0\u00bb3645&Prime; img_size=\u00a0\u00bbfull\u00a0\u00bb css=\u00a0\u00bb\u00a0\u00bb][vc_custom_heading text=\u00a0\u00bbCollecte et traitement s\u00e9curis\u00e9s des donn\u00e9es\u00a0\u00bb font_container=\u00a0\u00bbtag:h4|text_align:left\u00a0\u00bb use_theme_fonts=\u00a0\u00bbyes\u00a0\u00bb][vc_column_text css=\u00a0\u00bb\u00a0\u00bb]Nous utilisons des conduites de donn\u00e9es certifi\u00e9es \u00e0 100 %.[\/vc_column_text][\/vc_column_inner][vc_column_inner width=\u00a0\u00bb1\/4&Prime;][vc_single_image image=\u00a0\u00bb4891&Prime; img_size=\u00a0\u00bbfull\u00a0\u00bb css=\u00a0\u00bb\u00a0\u00bb][vc_custom_heading text=\u00a0\u00bbNouvelle destination ou recyclage\u00a0\u00bb font_container=\u00a0\u00bbtag:h4|text_align:left\u00a0\u00bb use_theme_fonts=\u00a0\u00bbyes\u00a0\u00bb][vc_column_text]Les \u00e9quipements r\u00e9utilisables trouvent un nouveau propri\u00e9taire, tandis que les autres sont recycl\u00e9s de mani\u00e8re responsable.[\/vc_column_text][\/vc_column_inner][\/vc_row_inner][\/vc_column][\/vc_row][\/vc_section][vc_section full_width=\u00a0\u00bbstretch_row\u00a0\u00bb][vc_row equal_height=\u00a0\u00bbyes\u00a0\u00bb el_class=\u00a0\u00bbservice pb-100 pt-100&Prime;][vc_column width=\u00a0\u00bb6\/12&Prime; el_class=\u00a0\u00bbcontent info\u00a0\u00bb][vc_custom_heading text=\u00a0\u00bble passage \u00e0 l&apos;informatique circulaire\u00a0\u00bb font_container=\u00a0\u00bbtag:div|text_align:left\u00a0\u00bb use_theme_fonts=\u00a0\u00bbyes\u00a0\u00bb el_class=\u00a0\u00bbsubtitle\u00a0\u00bb][vc_custom_heading text=\u00a0\u00bbTechnologies de l&apos;information durables<br \/>Des choix intelligents\u00a0\u00bb use_theme_fonts=\u00a0\u00bbyes\u00a0\u00bb][vc_column_text]L&rsquo;informatique circulaire permet de r\u00e9duire les co\u00fbts et les d\u00e9chets et de rendre votre organisation plus durable. Gr\u00e2ce \u00e0 la r\u00e9utilisation et \u00e0 l&rsquo;\u00e9limination s\u00fbre, vous contribuez \u00e0 une strat\u00e9gie informatique \u00e0 l&rsquo;\u00e9preuve du temps.[\/vc_column_text][vc_column_text el_class=\u00a0\u00bblist\u00a0\u00bb]<\/p>\n<ul>\n<li><strong>Dur\u00e9e de vie maximale :<\/strong> l&rsquo;\u00e9quipement est utilis\u00e9 de mani\u00e8re optimale, ce qui r\u00e9duit les d\u00e9chets.<\/li>\n<li><strong data-start=\"376\" data-end=\"400\">Soulagement total<\/strong>: nous organisons la r\u00e9utilisation, l&rsquo;essuyage et le recyclage.<\/li>\n<li><strong>\u00c9limination responsable :<\/strong> les technologies de l&rsquo;information sont trait\u00e9es de mani\u00e8re circulaire ou recycl\u00e9es de mani\u00e8re durable.<\/li>\n<\/ul>\n<p>[\/vc_column_text][\/vc_column][vc_column width=\u00a0\u00bb1\/12&Prime;][\/vc_column][vc_column width=\u00a0\u00bb5\/12&Prime; el_class=\u00a0\u00bbmo-1&Prime;][vc_single_image image=\u00a0\u00bb5130&Prime; img_size=\u00a0\u00bblarge\u00a0\u00bb css=\u00a0\u00bb\u00a0\u00bb el_class=\u00a0\u00bbimage-overlay\u00a0\u00bb][\/vc_column][\/vc_row][vc_row el_class=\u00a0\u00bbpb-130&Prime;][vc_column width=\u00a0\u00bb7\/12&Prime; el_class=\u00a0\u00bbleft-content\u00a0\u00bb][vc_custom_heading text=\u00a0\u00bbFaq\u00a0\u00bb font_container=\u00a0\u00bbtag:div|text_align:left\u00a0\u00bb use_theme_fonts=\u00a0\u00bbyes\u00a0\u00bb el_class=\u00a0\u00bbsubtitle\u00a0\u00bb][vc_custom_heading text=\u00a0\u00bbquestion et r\u00e9ponse\u00a0\u00bb use_theme_fonts=\u00a0\u00bbyes\u00a0\u00bb el_id=\u00a0\u00bbfaq-first\u00a0\u00bb][vc_tta_accordion title_tag=\u00a0\u00bbp\u00a0\u00bb section_title_tag=\u00a0\u00bbp\u00a0\u00bb style=\u00a0\u00bboutline\u00a0\u00bb shape=\u00a0\u00bbsquare\u00a0\u00bb color=\u00a0\u00bbblack\u00a0\u00bb c_position=\u00a0\u00bbright\u00a0\u00bb active_section=\u00a0\u00bb100&Prime; collapsible_all=\u00a0\u00bbtrue\u00a0\u00bb][vc_tta_section title=\u00a0\u00bbComment garantissez-vous la qualit\u00e9 de l&apos;informatique reconditionn\u00e9e ?\u00a0\u00bb tab_id=\u00a0\u00bb1740059542177-a6d79dfd-70e5&Prime;][vc_column_text]Nous testons minutieusement chaque composant sur plus de 20 points et offrons une garantie sur nos \u00e9quipements informatiques remis \u00e0 neuf.[\/vc_column_text][\/vc_tta_section][vc_tta_section title=\u00a0\u00bbQu&apos;advient-il de nos anciens \u00e9quipements ?\u00a0\u00bb tab_id=\u00a0\u00bb1740059542197-b25b9ff3-e8ab\u00a0\u00bb][vc_column_text]Nous remettons \u00e0 neuf et r\u00e9utilisons chaque fois que cela est possible. Les pi\u00e8ces qui ne peuvent \u00eatre r\u00e9utilis\u00e9es sont recycl\u00e9es dans le respect de l&rsquo;environnement.[\/vc_column_text][\/vc_tta_section][vc_tta_section title=\u00a0\u00bbComment nos donn\u00e9es sont-elles effac\u00e9es en toute s\u00e9curit\u00e9 ?\u00a0\u00bb tab_id=\u00a0\u00bb1740059542221-cf1635f0-c84f\u00a0\u00bb][vc_column_text]Nous utilisons des technologies de bascule certifi\u00e9es telles que Youwipe, qui sont conformes aux normes internationales telles que GDPR et ISO27001.[\/vc_column_text][\/vc_tta_section][vc_tta_section title=\u00a0\u00bbL&apos;informatique circulaire me permet-elle vraiment de r\u00e9aliser des \u00e9conomies ?\u00a0\u00bb tab_id=\u00a0\u00bb1740059542242-d0c84e05-76e5&Prime;][vc_column_text]Oui, en prolongeant la dur\u00e9e de vie de votre \u00e9quipement, vous r\u00e9duisez les co\u00fbts de remplacement et augmentez la valeur de votre investissement informatique.[\/vc_column_text][\/vc_tta_section][vc_tta_section title=\u00a0\u00bbL&apos;informatique circulaire peut-elle contribuer au respect de la l\u00e9gislation en mati\u00e8re de d\u00e9veloppement durable ?\u00a0\u00bb tab_id=\u00a0\u00bb1740059542261-bc0021b6-4bc5&Prime;][vc_column_text]Bien s\u00fbr. Les solutions informatiques circulaires aident les organisations \u00e0 se conformer \u00e0 des r\u00e9glementations environnementales plus strictes et \u00e0 des objectifs de d\u00e9veloppement durable.[\/vc_column_text][\/vc_tta_section][\/vc_tta_accordion][vc_btn title=\u00a0\u00bbPlus de questions fr\u00e9quemment pos\u00e9es\u00a0\u00bb style=\u00a0\u00bboutline\u00a0\u00bb link=\u00a0\u00bburl:https%3A%2F%2Fwww.qualifiednetworks.com%2Ffr%2Ffaq%2F|\u00a0\u00bb el_class=\u00a0\u00bbpt-30&Prime;][\/vc_column][vc_column width=\u00a0\u00bb5\/12&Prime; el_class=\u00a0\u00bbfaq-sidebar\u00a0\u00bb][vc_custom_heading text=\u00a0\u00bbContact\u00a0\u00bb font_container=\u00a0\u00bbtag:div|text_align:left\u00a0\u00bb use_theme_fonts=\u00a0\u00bbyes\u00a0\u00bb el_class=\u00a0\u00bbsubtitle\u00a0\u00bb][vc_custom_heading text=\u00a0\u00bbAUTRE QUESTION ?\u00a0\u00bb use_theme_fonts=\u00a0\u00bbyes\u00a0\u00bb css=\u00a0\u00bb.vc_custom_1741258731637{margin-bottom: 5px !important;}\u00a0\u00bb][vc_column_text css=\u00a0\u00bb.vc_custom_1740487348920{margin-bottom: 10px !important;}\u00a0\u00bb el_class=\u00a0\u00bbsub-title\u00a0\u00bb]Contactez directement l&rsquo;un de nos sp\u00e9cialistes.[\/vc_column_text][vc_row_inner el_class=\u00a0\u00bbfaq-contact-block\u00a0\u00bb][vc_column_inner width=\u00a0\u00bb1\/4&Prime;][vc_single_image image=\u00a0\u00bb3814&Prime; img_size=\u00a0\u00bblarge\u00a0\u00bb style=\u00a0\u00bbvc_box_circle_2&Prime; onclick=\u00a0\u00bbcustom_link\u00a0\u00bb css=\u00a0\u00bb\u00a0\u00bb link=\u00a0\u00bb\/author\/oskar-paarhuis\/\u00a0\u00bb][\/vc_column_inner][vc_column_inner width=\u00a0\u00bb3\/4&Prime;][vc_column_text css=\u00a0\u00bb\u00a0\u00bb]<\/p>\n<div class=\"contact-wrapper\">\n<div class=\"contact-info\">\n<h6 class=\"name\"><a href=\"\/author\/oskar-paarhuis\/\">Oskar Paarhuis<\/a><\/h6>\n<p><a href=\"\/author\/oskar-paarhuis\/\"><span class=\"position\">Sp\u00e9cialiste en informatique<\/span><\/a><\/div>\n<div class=\"contact-details\"><span class=\"contact-tel\"><a href=\"tel:+31202402350\">+31 (0) 20-2402350<\/a><\/span><span class=\"contact-email\"><br \/><a href=\"mailto:info@qualifiednetworks.com\">info@qualifiednetworks.com<\/a><br \/><\/span><\/div>\n<\/div>\n<p>[\/vc_column_text][\/vc_column_inner][\/vc_row_inner][\/vc_column][\/vc_row][\/vc_section]<\/p>\n<\/div>","protected":false},"excerpt":{"rendered":"<p>[vc_section full_width=\u00a0\u00bbstretch_row\u00a0\u00bb el_class=\u00a0\u00bbduurzaamheid section-intro\u00a0\u00bb css=\u00a0\u00bb.vc_custom_1740054729106{background-color: #f8f8fa !important;}\u00a0\u00bb][vc_row][vc_column width=\u00a0\u00bb6\/12&Prime;][vc_column_text]Les \u00e9quipements informatiques peuvent durer plus longtemps et \u00eatre r\u00e9utilis\u00e9s. Les solutions informatiques circulaires permettent de r\u00e9aliser des \u00e9conomies, de r\u00e9duire les d\u00e9chets \u00e9lectroniques et de contribuer \u00e0 un avenir plus durable. D\u00e9couvrez comment votre organisation peut b\u00e9n\u00e9ficier de la r\u00e9utilisation et de la gestion responsable des technologies [&hellip;]<\/p>\n","protected":false},"author":1,"featured_media":0,"parent":0,"menu_order":0,"comment_status":"closed","ping_status":"closed","template":"","meta":{"footnotes":""},"class_list":["post-4771","page","type-page","status-publish","hentry"],"acf":[],"_links":{"self":[{"href":"https:\/\/www.qualifiednetworks.com\/fr\/wp-json\/wp\/v2\/pages\/4771","targetHints":{"allow":["GET"]}}],"collection":[{"href":"https:\/\/www.qualifiednetworks.com\/fr\/wp-json\/wp\/v2\/pages"}],"about":[{"href":"https:\/\/www.qualifiednetworks.com\/fr\/wp-json\/wp\/v2\/types\/page"}],"author":[{"embeddable":true,"href":"https:\/\/www.qualifiednetworks.com\/fr\/wp-json\/wp\/v2\/users\/1"}],"replies":[{"embeddable":true,"href":"https:\/\/www.qualifiednetworks.com\/fr\/wp-json\/wp\/v2\/comments?post=4771"}],"version-history":[{"count":4,"href":"https:\/\/www.qualifiednetworks.com\/fr\/wp-json\/wp\/v2\/pages\/4771\/revisions"}],"predecessor-version":[{"id":6852,"href":"https:\/\/www.qualifiednetworks.com\/fr\/wp-json\/wp\/v2\/pages\/4771\/revisions\/6852"}],"wp:attachment":[{"href":"https:\/\/www.qualifiednetworks.com\/fr\/wp-json\/wp\/v2\/media?parent=4771"}],"curies":[{"name":"wp","href":"https:\/\/api.w.org\/{rel}","templated":true}]}}