 {"id":5686,"date":"2025-03-19T05:53:27","date_gmt":"2025-03-19T05:53:27","guid":{"rendered":"https:\/\/www.qualifiednetworks.com\/faq\/"},"modified":"2025-03-19T05:53:28","modified_gmt":"2025-03-19T05:53:28","slug":"faq","status":"publish","type":"page","link":"https:\/\/www.qualifiednetworks.com\/fr\/faq\/","title":{"rendered":"Faq"},"content":{"rendered":"<div class=\"wpb-content-wrapper\"><p>[vc_row el_class=\u00a0\u00bbpt-75 pb-130 faq-mobile-wrapper\u00a0\u00bb][vc_column width=\u00a0\u00bb7\/12&Prime; el_class=\u00a0\u00bbleft-content s-faq\u00a0\u00bb][vc_custom_heading text=\u00a0\u00bbAlgemeen\u00a0\u00bb use_theme_fonts=\u00a0\u00bbyes\u00a0\u00bb el_id=\u00a0\u00bbfaq-first\u00a0\u00bb][vc_tta_accordion title_tag=\u00a0\u00bbp\u00a0\u00bb section_title_tag=\u00a0\u00bbp\u00a0\u00bb style=\u00a0\u00bboutline\u00a0\u00bb shape=\u00a0\u00bbsquare\u00a0\u00bb color=\u00a0\u00bbblack\u00a0\u00bb c_position=\u00a0\u00bbright\u00a0\u00bb active_section=\u00a0\u00bb100&Prime; collapsible_all=\u00a0\u00bbtrue\u00a0\u00bb][vc_tta_section title=\u00a0\u00bbQue font les r\u00e9seaux qualifi\u00e9s ?\u00a0\u00bb tab_id=\u00a0\u00bb1739950626685-57982fb7-7b0d\u00a0\u00bb][vc_column_text]Qualified Networks ach\u00e8te et vend du mat\u00e9riel informatique, aussi bien neuf que remis \u00e0 neuf. En outre, nous proposons des contrats de service, une garantie et une assistance pour les infrastructures informatiques.[\/vc_column_text][\/vc_tta_section][vc_tta_section title=\u00a0\u00bbQue faire pour acheter et vendre des \u00e9quipements informatiques aujourd&apos;hui ?\u00a0\u00bb tab_id=\u00a0\u00bb1739950826636-55c2f176-3465&Prime;][vc_column_text]Nous vendons des serveurs, des \u00e9quipements r\u00e9seau, des syst\u00e8mes de stockage, des ordinateurs portables et d&rsquo;autres mat\u00e9riels informatiques de marques telles que Cisco, HPE, Dell EMC et bien d&rsquo;autres encore.[\/vc_column_text][\/vc_tta_section][vc_tta_section title=\u00a0\u00bbPour quelle raison les r\u00e9seaux qualifi\u00e9s ont-ils \u00e9t\u00e9 cr\u00e9\u00e9s ?\u00a0\u00bb tab_id=\u00a0\u00bb1739950825489-c6fadf36-f196&Prime;][vc_column_text]Nous travaillons avec des entreprises de tous les horizons, de MKB \u00e0 des multinationales, qui souhaitent d\u00e9velopper leur mat\u00e9riel informatique, l&rsquo;installer ou prendre en charge leur infrastructure circulante. Consultez nos <a href=\"https:\/\/www.qualifiednetworks.com\/fr\/vue-densemble-des-branches\/\">agences<\/a> pour en savoir plus.[\/vc_column_text][\/vc_tta_section][vc_tta_section title=\u00a0\u00bbVous avez besoin d&apos;aide et de soutien ?\u00a0\u00bb tab_id=\u00a0\u00bb1739950824730-15fe4dd0-cd92&Prime;][vc_column_text]Oui, nous proposons des contrats de service, des garanties de tiers et des services techniques pour les \u00e9quipements informatiques, y compris un service sur site de qualit\u00e9.[\/vc_column_text][\/vc_tta_section][vc_tta_section title=\u00a0\u00bbComment obtenir rapidement une offre ?\u00a0\u00bb tab_id=\u00a0\u00bb1739950836802-8332f23d-e49e\u00a0\u00bb][vc_column_text]Lors de l&rsquo;installation de votre mat\u00e9riel informatique, vous recevrez dans les 24 heures une offre vari\u00e9e.[\/vc_column_text][\/vc_tta_section][\/vc_tta_accordion][vc_custom_heading text=\u00a0\u00bbLe mat\u00e9riel informatique s&apos;ouvre\u00a0\u00bb use_theme_fonts=\u00a0\u00bbyes\u00a0\u00bb el_class=\u00a0\u00bbpt-40&Prime; el_id=\u00a0\u00bbfaq-second\u00a0\u00bb][vc_tta_accordion title_tag=\u00a0\u00bbp\u00a0\u00bb section_title_tag=\u00a0\u00bbp\u00a0\u00bb style=\u00a0\u00bboutline\u00a0\u00bb shape=\u00a0\u00bbsquare\u00a0\u00bb color=\u00a0\u00bbblack\u00a0\u00bb c_position=\u00a0\u00bbright\u00a0\u00bb active_section=\u00a0\u00bb100&Prime; collapsible_all=\u00a0\u00bbtrue\u00a0\u00bb][vc_tta_section title=\u00a0\u00bbComment s&apos;effectue la livraison d&apos;\u00e9quipements informatiques chez Qualified Networks ?\u00a0\u00bb tab_id=\u00a0\u00bb1739953943480-769520bb-db7c\u00a0\u00bb][vc_column_text]Vous pouvez obtenir votre mat\u00e9riel via notre site web ou nous contacter directement. Nous commandons l&rsquo;appareil et offrons un prix avantageux.[\/vc_column_text][\/vc_tta_section][vc_tta_section title=\u00a0\u00bbQuelles sont les applications informatiques que vous pouvez utiliser ?\u00a0\u00bb tab_id=\u00a0\u00bb1739953943489-9360ea55-13d8&Prime;][vc_column_text]Nous proposons des serveurs, des \u00e9quipements r\u00e9seau, des solutions de stockage, des syst\u00e8mes VoIP, des ordinateurs portables et bien d&rsquo;autres produits de marques renomm\u00e9es telles que Cisco, Dell EMC, HPE et IBM.[\/vc_column_text][\/vc_tta_section][vc_tta_section title=\u00a0\u00bbEst-il n\u00e9cessaire d&apos;utiliser votre propre mat\u00e9riel informatique ?\u00a0\u00bb tab_id=\u00a0\u00bb1739953943498-d100c58b-beef\u00a0\u00bb][vc_column_text]Oui, nous sommes favorables \u00e0 un traitement certifi\u00e9 des donn\u00e9es, de sorte que toutes les donn\u00e9es soient totalement et partiellement v\u00e9rifi\u00e9es.[\/vc_column_text][\/vc_tta_section][vc_tta_section title=\u00a0\u00bbQu&apos;est-ce qui se passe avec l&apos;appareil de contr\u00f4le ?\u00a0\u00bb tab_id=\u00a0\u00bb1739953943507-1a0df65c-4793&Prime;][vc_column_text]En fonction de l&rsquo;\u00e9tat de l&rsquo;appareil, celui-ci sera remis \u00e0 neuf pour \u00eatre utilis\u00e9, renvoy\u00e9 \u00e0 d&rsquo;autres entreprises ou recycl\u00e9.[\/vc_column_text][\/vc_tta_section][vc_tta_section title=\u00a0\u00bbQuel est le moment le plus propice \u00e0 l&apos;obtention d&apos;une autorisation de mise sur le march\u00e9 ?\u00a0\u00bb tab_id=\u00a0\u00bb1739953943515-80ff88e9-f744&Prime;][vc_column_text]Si l&rsquo;appareil est en bon \u00e9tat de marche, v\u00e9rifiez que l&rsquo;appareil est en bon \u00e9tat de fonctionnement pendant toute la dur\u00e9e du travail.[\/vc_column_text][\/vc_tta_section][\/vc_tta_accordion][vc_custom_heading text=\u00a0\u00bbMat\u00e9riel remis \u00e0 neuf\u00a0\u00bb use_theme_fonts=\u00a0\u00bbyes\u00a0\u00bb el_class=\u00a0\u00bbpt-40&Prime; el_id=\u00a0\u00bbfaq-third\u00a0\u00bb][vc_tta_accordion title_tag=\u00a0\u00bbp\u00a0\u00bb section_title_tag=\u00a0\u00bbp\u00a0\u00bb style=\u00a0\u00bboutline\u00a0\u00bb shape=\u00a0\u00bbsquare\u00a0\u00bb color=\u00a0\u00bbblack\u00a0\u00bb c_position=\u00a0\u00bbright\u00a0\u00bb active_section=\u00a0\u00bb100&Prime; collapsible_all=\u00a0\u00bbtrue\u00a0\u00bb][vc_tta_section title=\u00a0\u00bbQu&apos;est-ce que le mat\u00e9riel informatique remis \u00e0 neuf ?\u00a0\u00bb tab_id=\u00a0\u00bb1739958719275-184a81e3-661d\u00a0\u00bb][vc_column_text]Le mat\u00e9riel remis \u00e0 neuf est un appareil qui a \u00e9t\u00e9 achet\u00e9, remis en \u00e9tat et dot\u00e9 de nouveaux composants pour fonctionner de mani\u00e8re optimale.[\/vc_column_text][\/vc_tta_section][vc_tta_section title=\u00a0\u00bbLa remise \u00e0 neuf n&apos;est-elle pas aussi difficile \u00e0 r\u00e9aliser que la nouvelle ?\u00a0\u00bb tab_id=\u00a0\u00bb1739958719287-dd92a50e-7577&Prime;][vc_column_text]Oui, tous nos produits reconditionn\u00e9s b\u00e9n\u00e9ficient d&rsquo;un contr\u00f4le rigoureux de la qualit\u00e9 et sont assortis d&rsquo;une garantie.[\/vc_column_text][\/vc_tta_section][vc_tta_section title=\u00a0\u00bbComment m&apos;aider avec l&apos;informatique r\u00e9nov\u00e9e ?\u00a0\u00bb tab_id=\u00a0\u00bb1739958719299-041798c0-ff5b\u00a0\u00bb][vc_column_text]Je participe \u00e0 hauteur de 70 % \u00e0 l&rsquo;\u00e9valuation des nouveaux prix, apr\u00e8s que les prestations et les avantages ont \u00e9t\u00e9 am\u00e9lior\u00e9s.[\/vc_column_text][\/vc_tta_section][vc_tta_section title=\u00a0\u00bbL&apos;informatique remise \u00e0 neuf est-elle une mauvaise id\u00e9e ?\u00a0\u00bb tab_id=\u00a0\u00bb1739958719311-dfa75e4f-57b6&Prime;][vc_column_text]Ja, door hardware te hergebruiken verminder je e-waste and de vraag naar nieuwe productie, wat helpt om CO\u2082-uitstoot te verminderen.[\/vc_column_text][\/vc_tta_section][vc_tta_section title=\u00a0\u00bbQuelle est la garantie offerte par le mat\u00e9riel reconditionn\u00e9 ?\u00a0\u00bb tab_id=\u00a0\u00bb1739958719320-ff93299e-3e9e\u00a0\u00bb][vc_column_text]Nous offrons une garantie de longue dur\u00e9e sur nos appareils r\u00e9nov\u00e9s, afin que vous puissiez tirer le meilleur parti de votre investissement dans l&rsquo;informatique.[\/vc_column_text][\/vc_tta_section][\/vc_tta_accordion][vc_custom_heading text=\u00a0\u00bbSur des r\u00e9seaux qualifi\u00e9s\u00a0\u00bb use_theme_fonts=\u00a0\u00bbyes\u00a0\u00bb el_class=\u00a0\u00bbpt-40&Prime; el_id=\u00a0\u00bbfaq-fourth\u00a0\u00bb][vc_tta_accordion title_tag=\u00a0\u00bbp\u00a0\u00bb section_title_tag=\u00a0\u00bbp\u00a0\u00bb style=\u00a0\u00bboutline\u00a0\u00bb shape=\u00a0\u00bbsquare\u00a0\u00bb color=\u00a0\u00bbblack\u00a0\u00bb c_position=\u00a0\u00bbright\u00a0\u00bb active_section=\u00a0\u00bb100&Prime; collapsible_all=\u00a0\u00bbtrue\u00a0\u00bb][vc_tta_section title=\u00a0\u00bbQu&apos;est-ce qui fait que Qualified Networks est unique ?\u00a0\u00bb tab_id=\u00a0\u00bb1739958783077-9fe79d42-311c\u00a0\u00bb][vc_column_text]Nous offrons une combinaison de prix comp\u00e9titifs, d&rsquo;effets de levier rapides, de garanties \u00e9tendues et de services informatiques circulaires qui permettent aux entreprises de r\u00e9duire leurs co\u00fbts.[\/vc_column_text][\/vc_tta_section][vc_tta_section title=\u00a0\u00bbDans quels pays les jeunes sont-ils actifs ?\u00a0\u00bb tab_id=\u00a0\u00bb1739958783090-c01dd00d-b12a\u00a0\u00bb][vc_column_text]Nous sommes actifs au niveau international et d\u00e9veloppons des solutions informatiques dans plus de 70 pays.[\/vc_column_text][\/vc_tta_section][vc_tta_section title=\u00a0\u00bbQuels sont les moyens d&apos;am\u00e9liorer la qualit\u00e9 de vie ?\u00a0\u00bb tab_id=\u00a0\u00bb1739958783102-e6923b08-20c5&Prime;][vc_column_text]L&rsquo;appareil doit \u00eatre install\u00e9 et contr\u00f4l\u00e9 sur plus de 20 points, ce qui signifie qu&rsquo;il doit \u00eatre install\u00e9 sur les plus grandes surfaces de travail.[\/vc_column_text][\/vc_tta_section][vc_tta_section title=\u00a0\u00bbQuelle est la dur\u00e9e de vie la plus courte d&apos;une personne ?\u00a0\u00bb tab_id=\u00a0\u00bb1739958783112-6b2b5ad7-59cd\u00a0\u00bb][vc_column_text]Gr\u00e2ce \u00e0 notre grand portail, nous pouvons v\u00e9rifier les meilleures ventes dans les 24 heures.[\/vc_column_text][\/vc_tta_section][vc_tta_section title=\u00a0\u00bbPuis-je faire recycler mon ancien mat\u00e9riel informatique par nos soins ?\u00a0\u00bb tab_id=\u00a0\u00bb1739958783124-dedff834-52a9&Prime;][vc_column_text]Nous offrons des services informatiques circulaires dans lesquels les appareils remplac\u00e9s sont remis en \u00e9tat ou remis \u00e0 neuf pour \u00eatre r\u00e9utilis\u00e9s.[\/vc_column_text][\/vc_tta_section][\/vc_tta_accordion][vc_custom_heading text=\u00a0\u00bbGarantie\u00a0\u00bb use_theme_fonts=\u00a0\u00bbyes\u00a0\u00bb el_class=\u00a0\u00bbpt-40&Prime; el_id=\u00a0\u00bbfaq-fifth\u00a0\u00bb][vc_tta_accordion title_tag=\u00a0\u00bbp\u00a0\u00bb section_title_tag=\u00a0\u00bbp\u00a0\u00bb style=\u00a0\u00bboutline\u00a0\u00bb shape=\u00a0\u00bbsquare\u00a0\u00bb color=\u00a0\u00bbblack\u00a0\u00bb c_position=\u00a0\u00bbright\u00a0\u00bb active_section=\u00a0\u00bb100&Prime; collapsible_all=\u00a0\u00bbtrue\u00a0\u00bb][vc_tta_section title=\u00a0\u00bbQuelle est la garantie offerte par Jullie sur Refurbished IT ?\u00a0\u00bb tab_id=\u00a0\u00bb1739958809624-50e5fa57-f9b0&Prime;][vc_column_text]Nous offrons une garantie de longue dur\u00e9e sur tous les \u00e9quipements informatiques remis \u00e0 neuf.[\/vc_column_text][\/vc_tta_section][vc_tta_section title=\u00a0\u00bbComment fonctionne la garantie en cas d&apos;erreur ?\u00a0\u00bb tab_id=\u00a0\u00bb1739958809641-445b9079-0f30&Prime;][vc_column_text]En cas de d\u00e9faut, nous nous r\u00e9servons le droit de proc\u00e9der \u00e0 une r\u00e9paration, \u00e0 un remplacement ou \u00e0 une autre solution satisfaisante, ind\u00e9pendamment du probl\u00e8me et des conditions d&rsquo;utilisation du produit.[\/vc_column_text][\/vc_tta_section][vc_tta_section title=\u00a0\u00bbLa garantie s&apos;applique-t-elle \u00e9galement aux appareils r\u00e9nov\u00e9s ?\u00a0\u00bb tab_id=\u00a0\u00bb1739958809656-1464bbe9-d2bb\u00a0\u00bb][vc_column_text]Oui, tous nos produits reconditionn\u00e9s sont assortis d&rsquo;une garantie, m\u00eame s&rsquo;il s&rsquo;agit d&rsquo;un produit \u00e0 mains nues.[\/vc_column_text][\/vc_tta_section][vc_tta_section title=\u00a0\u00bb\u00c0 quel moment un produit d\u00e9fectueux doit-il \u00eatre v\u00e9rifi\u00e9 ?\u00a0\u00bb tab_id=\u00a0\u00bb1739958809668-c86e1bf2-1ac8&Prime;][vc_column_text]Cela fait partie du contrat de service. Avec un <strong data-start=\"4467\" data-end=\"4474\">accord de niveau de service<\/strong>, nous pouvons fournir un service sur site \u00e0 plusieurs reprises.[\/vc_column_text][\/vc_tta_section][vc_tta_section title=\u00a0\u00bbLes entreprises peuvent-elles se pr\u00e9valoir d&apos;un contrat de garantie solide ?\u00a0\u00bb tab_id=\u00a0\u00bb1739958809682-c2834694-bcae\u00a0\u00bb][vc_column_text]Ja, naast standaardgarantie bieden we aanvullende <a href=\"https:\/\/www.qualifiednetworks.com\/fr\/garantie\/\">ondersteunings- en onderhoudscontracten<\/a> voor extra zekerheid.[\/vc_column_text][\/vc_tta_section][\/vc_tta_accordion][vc_custom_heading text=\u00a0\u00bbDuurzaamheid\u00a0\u00bb use_theme_fonts=\u00a0\u00bbyes\u00a0\u00bb el_class=\u00a0\u00bbpt-40&Prime; el_id=\u00a0\u00bbfaq-sixth\u00a0\u00bb][vc_tta_accordion title_tag=\u00a0\u00bbp\u00a0\u00bb section_title_tag=\u00a0\u00bbp\u00a0\u00bb style=\u00a0\u00bboutline\u00a0\u00bb shape=\u00a0\u00bbsquare\u00a0\u00bb color=\u00a0\u00bbblack\u00a0\u00bb c_position=\u00a0\u00bbright\u00a0\u00bb active_section=\u00a0\u00bb100&Prime; collapsible_all=\u00a0\u00bbtrue\u00a0\u00bb][vc_tta_section title=\u00a0\u00bbEn quoi les technologies de l&apos;information sont-elles un facteur d&apos;impact important pour la sant\u00e9 publique ?\u00a0\u00bb tab_id=\u00a0\u00bb1741075121011-9cd79e9c-dc61&Prime;][vc_column_text]Le secteur des technologies de l&rsquo;information est responsable de 3 \u00e0 6 % des \u00e9missions mondiales de CO\u2082. Les entreprises peuvent r\u00e9duire consid\u00e9rablement l&rsquo;impact de l&rsquo;utilisation des technologies de l&rsquo;information en circuit ferm\u00e9.[\/vc_column_text][\/vc_tta_section][vc_tta_section title=\u00a0\u00bbQuel est le r\u00f4le des technologies de l&apos;information r\u00e9nov\u00e9es en mati\u00e8re de sant\u00e9 publique ?\u00a0\u00bb tab_id=\u00a0\u00bb1741075121029-b33398a9-299a\u00a0\u00bb][vc_column_text]L&rsquo;informatique remise \u00e0 neuf permet de r\u00e9duire la dur\u00e9e de vie des appareils, de remplacer les produits neufs par des produits neufs et de ne pas produire de d\u00e9chets \u00e9lectroniques.[\/vc_column_text][\/vc_tta_section][vc_tta_section title=\u00a0\u00bbQue font les r\u00e9seaux qualifi\u00e9s en mati\u00e8re de s\u00e9curit\u00e9 ?\u00a0\u00bb tab_id=\u00a0\u00bb1741075121043-896cc17e-3fe8&Prime;][vc_column_text]Oui, tous nos produits reconditionn\u00e9s sont assortis d&rsquo;une garantie, m\u00eame s&rsquo;il s&rsquo;agit d&rsquo;un produit \u00e0 mains nues.[\/vc_column_text][\/vc_tta_section][vc_tta_section title=\u00a0\u00bbLes entreprises ont-elles re\u00e7u des rapports CO\u2082 ?\u00a0\u00bb tab_id=\u00a0\u00bb1741075121058-762451fb-aa49&Prime;][vc_column_text]Ja, we bieden <strong data-start=\"5438\" data-end=\"5457\">CO\u2082-rapportages<\/strong> die inzicht geven in de milieu-impact van IT-hergebruik en circulaire keuzes.[\/vc_column_text][\/vc_tta_section][vc_tta_section title=\u00a0\u00bbVous avez des droits d&apos;auteur \u00e0 faire valoir ?\u00a0\u00bb tab_id=\u00a0\u00bb1741075121073-b75d062a-81f2&Prime;][vc_column_text]En dehors de l&rsquo;informatique r\u00e9nov\u00e9e, nous nous occupons \u00e9galement de la r\u00e9cup\u00e9ration des actifs et de l&rsquo;approvisionnement, ce qui permet aux entreprises de disposer de ressources informatiques suffisantes.[\/vc_column_text][\/vc_tta_section][\/vc_tta_accordion][vc_custom_heading text=\u00a0\u00bbCirculaire IT\u00a0\u00bb use_theme_fonts=\u00a0\u00bbyes\u00a0\u00bb el_class=\u00a0\u00bbpt-40&Prime; el_id=\u00a0\u00bbfaq-seventh\u00a0\u00bb][vc_tta_accordion title_tag=\u00a0\u00bbp\u00a0\u00bb section_title_tag=\u00a0\u00bbp\u00a0\u00bb style=\u00a0\u00bboutline\u00a0\u00bb shape=\u00a0\u00bbsquare\u00a0\u00bb color=\u00a0\u00bbblack\u00a0\u00bb c_position=\u00a0\u00bbright\u00a0\u00bb active_section=\u00a0\u00bb100&Prime; collapsible_all=\u00a0\u00bbtrue\u00a0\u00bb][vc_tta_section title=\u00a0\u00bbQu&apos;est-ce que l&apos;informatique circulaire ?\u00a0\u00bb tab_id=\u00a0\u00bb1741074140734-a0d88102-6889&Prime;][vc_column_text]Circulaire IT signifie que le mat\u00e9riel informatique n&rsquo;est pas toujours perdu, mais qu&rsquo;il peut \u00eatre remis en \u00e9tat, remis \u00e0 neuf ou recycl\u00e9.[\/vc_column_text][\/vc_tta_section][vc_tta_section title=\u00a0\u00bbQuels sont les objectifs de l&apos;informatique circulaire ?\u00a0\u00bb tab_id=\u00a0\u00bb1741074140749-9fe97d2e-c81f\u00a0\u00bb][vc_column_text]Je r\u00e9duis les co\u00fbts, j&rsquo;all\u00e8ge la dur\u00e9e de vie des appareils, je diminue les \u00e9missions de CO\u2082 et j&rsquo;\u00e9limine les d\u00e9chets \u00e9lectroniques.[\/vc_column_text][\/vc_tta_section][vc_tta_section title=\u00a0\u00bbComment Qualified Networks peut-il aider les entreprises dans le cadre de l&apos;informatique circulaire ?\u00a0\u00bb tab_id=\u00a0\u00bb1741074140764-f1a49216-92d5&Prime;][vc_column_text]Nous proposons du mat\u00e9riel remis \u00e0 neuf, la gestion du cycle de vie des technologies de l&rsquo;information, l&rsquo;effacement de donn\u00e9es en toute s\u00e9curit\u00e9 et des services d&rsquo;assistance de qualit\u00e9 pour aider les entreprises \u00e0 se d\u00e9velopper dans le domaine des technologies de l&rsquo;information.[\/vc_column_text][\/vc_tta_section][vc_tta_section title=\u00a0\u00bbQu&apos;est-ce qui se passe avec les appareils qui ne peuvent pas \u00eatre plus utilis\u00e9s ?\u00a0\u00bb tab_id=\u00a0\u00bb1741074140777-3c0eacd3-a6c5&Prime;][vc_column_text]Les appareils non herbac\u00e9s sont recycl\u00e9s d&rsquo;une mani\u00e8re tr\u00e8s efficace afin d&rsquo;\u00e9conomiser les mati\u00e8res premi\u00e8res et de minimiser les co\u00fbts.[\/vc_column_text][\/vc_tta_section][vc_tta_section title=\u00a0\u00bbVous avez besoin d&apos;une aide informatique circulaire pour la prise en charge de vos frais de d\u00e9placement ?\u00a0\u00bb tab_id=\u00a0\u00bb1741074140790-4e516e22-fe25&Prime;][vc_column_text]Ja, we bieden CO\u2082-calculaties and rapportages, zodat bedrijven inzicht krijgen in hun besparingen en milieuwinst.[\/vc_column_text][\/vc_tta_section][\/vc_tta_accordion][\/vc_column][vc_column width=\u00a0\u00bb1\/12&Prime;][\/vc_column][vc_column width=\u00a0\u00bb4\/12&Prime; el_class=\u00a0\u00bbfaq-sidebar\u00a0\u00bb][vc_row_inner el_class=\u00a0\u00bbfaq-mobile\u00a0\u00bb][vc_column_inner][vc_custom_heading text=\u00a0\u00bbinhoudsopgave\u00a0\u00bb font_container=\u00a0\u00bbtag:h3|text_align:left\u00a0\u00bb use_theme_fonts=\u00a0\u00bbyes\u00a0\u00bb][vc_column_text el_class=\u00a0\u00bbinternal-child\u00a0\u00bb]<\/p>\n<ul>\n<li>\n<h5><a href=\"#faq-first\">Algemeen<\/a><\/h5>\n<\/li>\n<li>\n<h5><a href=\"#faq-second\">Le mat\u00e9riel informatique s&rsquo;ouvre<\/a><\/h5>\n<\/li>\n<li>\n<h5><a href=\"#faq-third\">Mat\u00e9riel remis \u00e0 neuf<\/a><\/h5>\n<\/li>\n<li>\n<h5><a href=\"#faq-fourth\">Sur des r\u00e9seaux qualifi\u00e9s<\/a><\/h5>\n<\/li>\n<li>\n<h5><a href=\"#faq-fifth\">Garantie<\/a><\/h5>\n<\/li>\n<li>\n<h5><a href=\"#faq-sixth\">Duurzaamheid<\/a><\/h5>\n<\/li>\n<li>\n<h5><a href=\"#faq-seventh\">Circulaire IT<\/a><\/h5>\n<\/li>\n<\/ul>\n<p>[\/vc_column_text][\/vc_column_inner][\/vc_row_inner][vc_custom_heading text=\u00a0\u00bbaNDERE VRAAG ?\u00a0\u00bb font_container=\u00a0\u00bbtag:h3|text_align:left\u00a0\u00bb use_theme_fonts=\u00a0\u00bbyes\u00a0\u00bb css=\u00a0\u00bb.vc_custom_1739966723152{margin-bottom: 5px !important;}\u00a0\u00bb][vc_column_text css=\u00a0\u00bb.vc_custom_1740403592743{margin-bottom: 10px !important;}\u00a0\u00bb el_class=\u00a0\u00bbsub-title\u00a0\u00bb]N&rsquo;h\u00e9sitez pas \u00e0 prendre contact directement avec l&rsquo;un de nos sp\u00e9cialistes.[\/vc_column_text][vc_row_inner el_class=\u00a0\u00bbfaq-contact-block\u00a0\u00bb][vc_column_inner width=\u00a0\u00bb1\/4&Prime;][vc_single_image image=\u00a0\u00bb3812&Prime; img_size=\u00a0\u00bbmedium\u00a0\u00bb style=\u00a0\u00bbvc_box_circle_2&Prime; onclick=\u00a0\u00bbcustom_link\u00a0\u00bb css=\u00a0\u00bb\u00a0\u00bb link=\u00a0\u00bb\/author\/oskar-paarhuis\/\u00a0\u00bb][\/vc_column_inner][vc_column_inner width=\u00a0\u00bb3\/4&Prime;][vc_column_text css=\u00a0\u00bb\u00a0\u00bb]<\/p>\n<div class=\"contact-wrapper\">\n<div class=\"contact-info\">\n<h6 class=\"name\"><a href=\"\/author\/oskar-paarhuis\/\">Oskar Paarhuis<\/a><\/h6>\n<p><a href=\"\/author\/oskar-paarhuis\/\"><span class=\"position\">Sp\u00e9cialiste des technologies de l&rsquo;information<\/span><\/a><\/p>\n<\/div>\n<div class=\"contact-details\"><span class=\"contact-tel\"><a href=\"tel:+31202402350\">+31 (0) 20-2402350<\/a><\/span><span class=\"contact-email\"><br \/>\n<a href=\"mailto:info@qualifiednetworks.com\">info@qualifiednetworks.com<\/a><br \/>\n<\/span><\/div>\n<\/div>\n<p>[\/vc_column_text][\/vc_column_inner][\/vc_row_inner][\/vc_column][\/vc_row]<\/p>\n<\/div>","protected":false},"excerpt":{"rendered":"<p>[vc_row el_class=\u00a0\u00bbpt-75 pb-130 faq-mobile-wrapper\u00a0\u00bb][vc_column width=\u00a0\u00bb7\/12&Prime; el_class=\u00a0\u00bbleft-content s-faq\u00a0\u00bb][vc_custom_heading text=\u00a0\u00bbAlgemeen\u00a0\u00bb use_theme_fonts=\u00a0\u00bbyes\u00a0\u00bb el_id=\u00a0\u00bbfaq-first\u00a0\u00bb][vc_tta_accordion title_tag=\u00a0\u00bbp\u00a0\u00bb section_title_tag=\u00a0\u00bbp\u00a0\u00bb style=\u00a0\u00bboutline\u00a0\u00bb shape=\u00a0\u00bbsquare\u00a0\u00bb color=\u00a0\u00bbblack\u00a0\u00bb c_position=\u00a0\u00bbright\u00a0\u00bb active_section=\u00a0\u00bb100&Prime; collapsible_all=\u00a0\u00bbtrue\u00a0\u00bb][vc_tta_section title=\u00a0\u00bbQue font les r\u00e9seaux qualifi\u00e9s ?\u00a0\u00bb tab_id=\u00a0\u00bb1739950626685-57982fb7-7b0d\u00a0\u00bb][vc_column_text]Qualified Networks ach\u00e8te et vend du mat\u00e9riel informatique, aussi bien neuf que remis \u00e0 neuf. En outre, nous proposons des contrats de service, une garantie et une assistance pour les infrastructures [&hellip;]<\/p>\n","protected":false},"author":1,"featured_media":0,"parent":0,"menu_order":0,"comment_status":"closed","ping_status":"closed","template":"","meta":{"footnotes":""},"class_list":["post-5686","page","type-page","status-publish","hentry"],"acf":[],"_links":{"self":[{"href":"https:\/\/www.qualifiednetworks.com\/fr\/wp-json\/wp\/v2\/pages\/5686","targetHints":{"allow":["GET"]}}],"collection":[{"href":"https:\/\/www.qualifiednetworks.com\/fr\/wp-json\/wp\/v2\/pages"}],"about":[{"href":"https:\/\/www.qualifiednetworks.com\/fr\/wp-json\/wp\/v2\/types\/page"}],"author":[{"embeddable":true,"href":"https:\/\/www.qualifiednetworks.com\/fr\/wp-json\/wp\/v2\/users\/1"}],"replies":[{"embeddable":true,"href":"https:\/\/www.qualifiednetworks.com\/fr\/wp-json\/wp\/v2\/comments?post=5686"}],"version-history":[{"count":0,"href":"https:\/\/www.qualifiednetworks.com\/fr\/wp-json\/wp\/v2\/pages\/5686\/revisions"}],"wp:attachment":[{"href":"https:\/\/www.qualifiednetworks.com\/fr\/wp-json\/wp\/v2\/media?parent=5686"}],"curies":[{"name":"wp","href":"https:\/\/api.w.org\/{rel}","templated":true}]}}