 {"id":5736,"date":"2025-03-19T06:55:23","date_gmt":"2025-03-19T06:55:23","guid":{"rendered":"https:\/\/www.qualifiednetworks.com\/materiel-informatique-remis-a-neuf\/"},"modified":"2025-03-19T06:55:24","modified_gmt":"2025-03-19T06:55:24","slug":"materiel-informatique-remis-a-neuf","status":"publish","type":"page","link":"https:\/\/www.qualifiednetworks.com\/fr\/materiel-informatique-remis-a-neuf\/","title":{"rendered":"Mat\u00e9riel informatique remis \u00e0 neuf"},"content":{"rendered":"<div class=\"wpb-content-wrapper\"><p>[vc_section full_width=\u00a0\u00bbstretch_row\u00a0\u00bb el_class=\u00a0\u00bbduurzaamheid section-intro\u00a0\u00bb css=\u00a0\u00bb.vc_custom_1740054729106{background-color: #f8f8fa !important;}\u00a0\u00bb][vc_row][vc_column width=\u00a0\u00bb6\/12&Prime;][vc_column_text css=\u00a0\u00bb\u00a0\u00bb]Le mat\u00e9riel informatique remis \u00e0 neuf de Qualified Networks offre la meilleure qualit\u00e9, une garantie \u00e0 vie et une livraison rapide. Notre mat\u00e9riel, test\u00e9 et certifi\u00e9, est aussi performant qu&rsquo;un mat\u00e9riel neuf, mais jusqu&rsquo;\u00e0 70% plus \u00e9conomique. Choisissez une solution informatique plus durable sans faire de compromis sur la fiabilit\u00e9 et la performance.[\/vc_column_text][vc_row_inner el_class=\u00a0\u00bbbuttons\u00a0\u00bb][vc_column_inner width=\u00a0\u00bb1\/2&Prime;][vc_btn title=\u00a0\u00bbPrenez contact avec nous\u00a0\u00bb link=\u00a0\u00bburl:https%3A%2F%2Fwww.qualifiednetworks.com%2Ffr%2Fcontact%2F|\u00a0\u00bb][\/vc_column_inner][\/vc_row_inner][vc_column_text][\/vc_column_text][\/vc_column][vc_column width=\u00a0\u00bb1\/12&Prime;][\/vc_column][vc_column width=\u00a0\u00bb5\/12&Prime; el_class=\u00a0\u00bbform\u00a0\u00bb][vc_custom_heading text=\u00a0\u00bbPourquoi des \u00e9quipements informatiques remis \u00e0 neuf chez Qualified Networks ?\u00a0\u00bb use_theme_fonts=\u00a0\u00bbyes\u00a0\u00bb css=\u00a0\u00bb\u00a0\u00bb][vc_column_text css=\u00a0\u00bb\u00a0\u00bb el_class=\u00a0\u00bblist\u00a0\u00bb]<\/p>\n<ul>\n<li><strong>Garantie \u00e0 vie<\/strong><br \/>\nVous \u00eates toujours assur\u00e9 d&rsquo;avoir un produit qui fonctionne.<\/li>\n<li><strong>Qualit\u00e9 sup\u00e9rieure, tests approfondis<\/strong><br \/>\nContr\u00f4l\u00e9 en interne sur plus de 20 points.<\/li>\n<li><strong>D\u00e9ploiement imm\u00e9diat et livraison rapide<\/strong><br \/>\nL&rsquo;\u00e9quipement est livr\u00e9 enti\u00e8rement configur\u00e9.<\/li>\n<li><strong>Durable et \u00e9conomique<\/strong><br \/>\nMoins de d\u00e9chets \u00e9lectroniques et jusqu&rsquo;\u00e0 70 % moins cher qu&rsquo;un produit neuf.<\/li>\n<\/ul>\n<p>[\/vc_column_text][\/vc_column][\/vc_row][vc_row equal_height=\u00a0\u00bbyes\u00a0\u00bb el_class=\u00a0\u00bbkwaliteit pb-90 pt-120&Prime;][vc_column width=\u00a0\u00bb6\/12&Prime; el_class=\u00a0\u00bbmo-1&Prime;][vc_single_image image=\u00a0\u00bb5132&Prime; img_size=\u00a0\u00bbfull\u00a0\u00bb css=\u00a0\u00bb\u00a0\u00bb][\/vc_column][vc_column width=\u00a0\u00bb1\/12&Prime;][\/vc_column][vc_column width=\u00a0\u00bb5\/12&Prime; el_class=\u00a0\u00bbinfo custom-faq\u00a0\u00bb][vc_custom_heading text=\u00a0\u00bbL&apos;informatique reconditionn\u00e9e : un choix judicieux pour les entreprises\u00a0\u00bb font_container=\u00a0\u00bbtag:div|text_align:left\u00a0\u00bb use_theme_fonts=\u00a0\u00bbyes\u00a0\u00bb css=\u00a0\u00bb\u00a0\u00bb el_class=\u00a0\u00bbsubtitle\u00a0\u00bb][vc_custom_heading text=\u00a0\u00bbLa plus haute qualit\u00e9, enti\u00e8rement test\u00e9e et pr\u00eate \u00e0 l&apos;emploi imm\u00e9diatement\u00a0\u00bb use_theme_fonts=\u00a0\u00bbyes\u00a0\u00bb css=\u00a0\u00bb\u00a0\u00bb][vc_column_text css=\u00a0\u00bb\u00a0\u00bb]<\/p>\n<p data-start=\"1070\" data-end=\"1410\">Chez Qualified Networks, nous ne fournissons que les meilleurs \u00e9quipements informatiques remis \u00e0 neuf. Nos produits sont test\u00e9s en interne sur plus de 20 points critiques afin de s&rsquo;assurer qu&rsquo;ils offrent les m\u00eames performances et la m\u00eame fiabilit\u00e9 que du mat\u00e9riel neuf. Chaque appareil est enti\u00e8rement configur\u00e9 et restaur\u00e9 aux param\u00e8tres d&rsquo;usine afin que vous puissiez le d\u00e9ployer imm\u00e9diatement.    <\/p>\n<p data-start=\"1412\" data-end=\"1634\">Nos ing\u00e9nieurs internes inspectent et certifient chaque produit, ce qui nous donne une garantie totale de fonctionnement et de long\u00e9vit\u00e9. En outre, vous b\u00e9n\u00e9ficiez d&rsquo;une garantie \u00e0 vie sur tout le mat\u00e9riel informatique remis \u00e0 neuf.   <\/p>\n<p>[\/vc_column_text][vc_btn title=\u00a0\u00bbPrenez contact avec nous\u00a0\u00bb link=\u00a0\u00bburl:https%3A%2F%2Fwww.qualifiednetworks.com%2Ffr%2Fcontact%2F|\u00a0\u00bb][\/vc_column][\/vc_row][vc_row equal_height=\u00a0\u00bbyes\u00a0\u00bb el_class=\u00a0\u00bbservice pb-100&Prime;][vc_column width=\u00a0\u00bb6\/12&Prime; el_class=\u00a0\u00bbcontent info\u00a0\u00bb][vc_custom_heading text=\u00a0\u00bb\u00c9conomisez sans sacrifier les performances\u00a0\u00bb font_container=\u00a0\u00bbtag:div|text_align:left\u00a0\u00bb use_theme_fonts=\u00a0\u00bbyes\u00a0\u00bb css=\u00a0\u00bb\u00a0\u00bb el_class=\u00a0\u00bbsubtitle\u00a0\u00bb][vc_custom_heading text=\u00a0\u00bbJusqu&apos;\u00e0 70 % moins cher que le neuf, sans perte de qualit\u00e9\u00a0\u00bb use_theme_fonts=\u00a0\u00bbyes\u00a0\u00bb css=\u00a0\u00bb\u00a0\u00bb][vc_column_text css=\u00a0\u00bb\u00a0\u00bb el_class=\u00a0\u00bblist col2&Prime;]<\/p>\n<p data-start=\"1880\" data-end=\"2124\">Pourquoi payer pour du mat\u00e9riel informatique neuf alors qu&rsquo;un mat\u00e9riel reconditionn\u00e9 offre les m\u00eames performances pour une fraction du prix ? Chez Qualified Networks, vous \u00e9conomisez jusqu&rsquo;\u00e0 70% sur vos investissements informatiques sans compromettre la fiabilit\u00e9 et la fonctionnalit\u00e9.   <\/p>\n<p data-start=\"2126\" data-end=\"2414\">Nos produits remis \u00e0 neuf proviennent d&rsquo;environnements professionnels et sont enti\u00e8rement v\u00e9rifi\u00e9s et, si n\u00e9cessaire, \u00e9quip\u00e9s de nouveaux composants. Vous b\u00e9n\u00e9ficiez ainsi du meilleur rapport qualit\u00e9-prix, tout en contribuant \u00e0 une gestion informatique plus durable.   <\/p>\n<p>[\/vc_column_text][vc_btn title=\u00a0\u00bbPrenez contact avec nous\u00a0\u00bb link=\u00a0\u00bburl:https%3A%2F%2Fwww.qualifiednetworks.com%2Ffr%2Fcontact%2F|\u00a0\u00bb][\/vc_column][vc_column width=\u00a0\u00bb1\/12&Prime;][\/vc_column][vc_column width=\u00a0\u00bb5\/12&Prime; el_class=\u00a0\u00bbmo-1&Prime;][vc_single_image image=\u00a0\u00bb4729&Prime; img_size=\u00a0\u00bblarge\u00a0\u00bb el_class=\u00a0\u00bbimage-overlay\u00a0\u00bb][\/vc_column][\/vc_row][\/vc_section][vc_section full_width=\u00a0\u00bbstretch_row\u00a0\u00bb][vc_row equal_height=\u00a0\u00bbyes\u00a0\u00bb el_class=\u00a0\u00bbgarantie-kwaliteit service pb-100 pt-100&Prime;][vc_column width=\u00a0\u00bb6\/12&Prime; el_class=\u00a0\u00bbmo-1&Prime;][vc_single_image image=\u00a0\u00bb4312&Prime; img_size=\u00a0\u00bbfull\u00a0\u00bb css=\u00a0\u00bb\u00a0\u00bb el_class=\u00a0\u00bbimage-overlay\u00a0\u00bb][\/vc_column][vc_column width=\u00a0\u00bb1\/12&Prime; el_class=\u00a0\u00bbcontent info\u00a0\u00bb][\/vc_column][vc_column width=\u00a0\u00bb5\/12&Prime; el_class=\u00a0\u00bbcontent info\u00a0\u00bb][vc_custom_heading text=\u00a0\u00bbDurable et circulaire\u00a0\u00bb font_container=\u00a0\u00bbtag:div|text_align:left\u00a0\u00bb use_theme_fonts=\u00a0\u00bbyes\u00a0\u00bb css=\u00a0\u00bb\u00a0\u00bb el_class=\u00a0\u00bbsubtitle\u00a0\u00bb][vc_custom_heading text=\u00a0\u00bbL&apos;informatique reconditionn\u00e9e est un choix \u00e9cologique\u00a0\u00bb use_theme_fonts=\u00a0\u00bbyes\u00a0\u00bb css=\u00a0\u00bb\u00a0\u00bb][vc_column_text css=\u00a0\u00bb\u00a0\u00bb el_class=\u00a0\u00bblist\u00a0\u00bb]Chaque achat de mat\u00e9riel informatique remis \u00e0 neuf contribue \u00e0 une \u00e9conomie circulaire. En r\u00e9utilisant le mat\u00e9riel, vous r\u00e9duisez non seulement les d\u00e9chets \u00e9lectroniques, mais aussi les \u00e9missions de carbone associ\u00e9es \u00e0 la fabrication de nouveaux \u00e9quipements.   <\/p>\n<p>Chez Qualified Networks, nous combinons la durabilit\u00e9 avec la valeur r\u00e9siduelle la plus \u00e9lev\u00e9e. Nous veillons \u00e0 ce que les \u00e9quipements informatiques aient une seconde vie et nous contribuons activement \u00e0 des initiatives respectueuses de l&rsquo;environnement, comme notre partenariat avec Trees for All. C&rsquo;est ainsi que nous aidons les entreprises \u00e0 g\u00e9rer leurs actifs informatiques de mani\u00e8re plus intelligente et plus responsable.[\/vc_column_text][vc_btn title=\u00a0\u00bbEn savoir plus sur le d\u00e9veloppement durable\u00a0\u00bb css=\u00a0\u00bb\u00a0\u00bb link=\u00a0\u00bburl:https%3A%2F%2Fwww.qualifiednetworks.com%2Fduurzaamheid%2F|\u00a0\u00bb][\/vc_column][\/vc_row][vc_row el_class=\u00a0\u00bbpb-130&Prime;][vc_column width=\u00a0\u00bb7\/12&Prime; el_class=\u00a0\u00bbleft-content\u00a0\u00bb][vc_custom_heading text=\u00a0\u00bbFaq\u00a0\u00bb font_container=\u00a0\u00bbtag:div|text_align:left\u00a0\u00bb use_theme_fonts=\u00a0\u00bbyes\u00a0\u00bb el_class=\u00a0\u00bbsubtitle\u00a0\u00bb][vc_custom_heading text=\u00a0\u00bbquestion et r\u00e9ponse\u00a0\u00bb use_theme_fonts=\u00a0\u00bbyes\u00a0\u00bb el_id=\u00a0\u00bbfaq-first\u00a0\u00bb][vc_tta_accordion title_tag=\u00a0\u00bbp\u00a0\u00bb section_title_tag=\u00a0\u00bbp\u00a0\u00bb style=\u00a0\u00bboutline\u00a0\u00bb shape=\u00a0\u00bbsquare\u00a0\u00bb color=\u00a0\u00bbblack\u00a0\u00bb c_position=\u00a0\u00bbright\u00a0\u00bb active_section=\u00a0\u00bb100&Prime; collapsible_all=\u00a0\u00bbtrue\u00a0\u00bb][vc_tta_section title=\u00a0\u00bbQu&apos;est-ce qu&apos;un \u00e9quipement informatique remis \u00e0 neuf ?\u00a0\u00bb tab_id=\u00a0\u00bb1740059542177-a6d79dfd-70e5&Prime;][vc_column_text css=\u00a0\u00bb\u00a0\u00bb]Les \u00e9quipements informatiques remis \u00e0 neuf sont des \u00e9quipements professionnels usag\u00e9s qui ont \u00e9t\u00e9 enti\u00e8rement test\u00e9s, nettoy\u00e9s et, si n\u00e9cessaire, \u00e9quip\u00e9s de nouvelles pi\u00e8ces. Par cons\u00e9quent, l&rsquo;\u00e9quipement fonctionne comme s&rsquo;il \u00e9tait neuf, mais \u00e0 un prix nettement inf\u00e9rieur.[\/vc_column_text][\/vc_tta_section][vc_tta_section title=\u00a0\u00bbLe mat\u00e9riel informatique remis \u00e0 neuf est-il aussi fiable que le mat\u00e9riel neuf ?\u00a0\u00bb tab_id=\u00a0\u00bb1740059542197-b25b9ff3-e8ab\u00a0\u00bb][vc_column_text css=\u00a0\u00bb\u00a0\u00bb]Oui ! Chez Qualified Networks, tous les produits informatiques remis \u00e0 neuf sont soumis \u00e0 un contr\u00f4le de qualit\u00e9 interne rigoureux sur plus de 20 points. Nous garantissons que chaque produit est 100% fonctionnel et offrons une garantie \u00e0 vie.[\/vc_column_text][\/vc_tta_section][vc_tta_section title=\u00a0\u00bbCombien vais-je \u00e9conomiser gr\u00e2ce \u00e0 l&apos;informatique r\u00e9nov\u00e9e ?\u00a0\u00bb tab_id=\u00a0\u00bb1740059542221-cf1635f0-c84f\u00a0\u00bb][vc_column_text css=\u00a0\u00bb\u00a0\u00bb]Avec du mat\u00e9riel remis \u00e0 neuf, vous \u00e9conomisez jusqu&rsquo;\u00e0 70 % par rapport au prix du neuf. Cela signifie un investissement beaucoup plus faible, sans sacrifier la qualit\u00e9 ou la performance.[\/vc_column_text][\/vc_tta_section][vc_tta_section title=\u00a0\u00bbComment les technologies de l&apos;information r\u00e9nov\u00e9es contribuent-elles au d\u00e9veloppement durable ?\u00a0\u00bb tab_id=\u00a0\u00bb1740059542242-d0c84e05-76e5&Prime;][vc_column_text css=\u00a0\u00bb\u00a0\u00bb]En utilisant du mat\u00e9riel informatique reconditionn\u00e9, vous prolongez la dur\u00e9e de vie du mat\u00e9riel et r\u00e9duisez les d\u00e9chets \u00e9lectroniques. Cela permet d&rsquo;\u00e9conomiser des ressources et de r\u00e9duire les \u00e9missions de carbone li\u00e9es \u00e0 la nouvelle production.[\/vc_column_text][\/vc_tta_section][vc_tta_section title=\u00a0\u00bbDans quel d\u00e9lai puis-je recevoir du mat\u00e9riel informatique remis \u00e0 neuf ?\u00a0\u00bb tab_id=\u00a0\u00bb1740059542261-bc0021b6-4bc5&Prime;][vc_column_text css=\u00a0\u00bb\u00a0\u00bb]Notre large inventaire nous permet de livrer la plupart des produits informatiques remis \u00e0 neuf dans les 24 heures. Tous les \u00e9quipements sont exp\u00e9di\u00e9s enti\u00e8rement configur\u00e9s et pr\u00eats \u00e0 \u00eatre utilis\u00e9s imm\u00e9diatement.[\/vc_column_text][\/vc_tta_section][\/vc_tta_accordion][vc_btn title=\u00a0\u00bbPlus de questions fr\u00e9quemment pos\u00e9es\u00a0\u00bb style=\u00a0\u00bboutline\u00a0\u00bb link=\u00a0\u00bburl:https%3A%2F%2Fwww.qualifiednetworks.com%2Fduurzaamheid%2F|title:Faq|\u00a0\u00bb el_class=\u00a0\u00bbpt-30&Prime;][\/vc_column][vc_column width=\u00a0\u00bb5\/12&Prime; el_class=\u00a0\u00bbfaq-sidebar\u00a0\u00bb][vc_custom_heading text=\u00a0\u00bbContact\u00a0\u00bb font_container=\u00a0\u00bbtag:div|text_align:left\u00a0\u00bb use_theme_fonts=\u00a0\u00bbyes\u00a0\u00bb el_class=\u00a0\u00bbsubtitle\u00a0\u00bb][vc_custom_heading text=\u00a0\u00bbune autre question ?\u00a0\u00bb use_theme_fonts=\u00a0\u00bbyes\u00a0\u00bb css=\u00a0\u00bb.vc_custom_1741258736685{margin-bottom: 5px !important;}\u00a0\u00bb][vc_column_text css=\u00a0\u00bb.vc_custom_1740493701143{margin-bottom: 10px !important;}\u00a0\u00bb el_class=\u00a0\u00bbsub-title\u00a0\u00bb]Contactez directement l&rsquo;un de nos sp\u00e9cialistes.[\/vc_column_text][vc_row_inner el_class=\u00a0\u00bbfaq-contact-block\u00a0\u00bb][vc_column_inner width=\u00a0\u00bb1\/4&Prime;][vc_single_image image=\u00a0\u00bb3812&Prime; img_size=\u00a0\u00bblarge\u00a0\u00bb style=\u00a0\u00bbvc_box_circle_2&Prime; onclick=\u00a0\u00bbcustom_link\u00a0\u00bb css=\u00a0\u00bb\u00a0\u00bb link=\u00a0\u00bb\/author\/oskar-paarhuis\/\u00a0\u00bb][\/vc_column_inner][vc_column_inner width=\u00a0\u00bb3\/4&Prime;][vc_column_text css=\u00a0\u00bb\u00a0\u00bb]<\/p>\n<div class=\"contact-wrapper\">\n<div class=\"contact-info\">\n<h6 class=\"name\"><a href=\"\/author\/oskar-paarhuis\/\">Oskar Paarhuis<\/a><\/h6>\n<p><a href=\"\/author\/oskar-paarhuis\/\"><span class=\"position\">Sp\u00e9cialiste en informatique<\/span><\/a><\/p>\n<\/div>\n<div class=\"contact-details\"><span class=\"contact-tel\"><a href=\"tel:+31202402350\">+31 (0) 20-2402350<\/a><\/span><span class=\"contact-email\"><br \/>\n<a href=\"mailto:info@qualifiednetworks.com\">info@qualifiednetworks.com<\/a><br \/>\n<\/span><\/div>\n<\/div>\n<p>[\/vc_column_text][\/vc_column_inner][\/vc_row_inner][\/vc_column][\/vc_row][\/vc_section]<\/p>\n<\/div>","protected":false},"excerpt":{"rendered":"<p>[vc_section full_width=\u00a0\u00bbstretch_row\u00a0\u00bb el_class=\u00a0\u00bbduurzaamheid section-intro\u00a0\u00bb css=\u00a0\u00bb.vc_custom_1740054729106{background-color: #f8f8fa !important;}\u00a0\u00bb][vc_row][vc_column width=\u00a0\u00bb6\/12&Prime;][vc_column_text css=\u00a0\u00bb\u00a0\u00bb]Le mat\u00e9riel informatique remis \u00e0 neuf de Qualified Networks offre la meilleure qualit\u00e9, une garantie \u00e0 vie et une livraison rapide. Notre mat\u00e9riel, test\u00e9 et certifi\u00e9, est aussi performant qu&rsquo;un mat\u00e9riel neuf, mais jusqu&rsquo;\u00e0 70% plus \u00e9conomique. Choisissez une solution informatique plus durable sans faire de compromis [&hellip;]<\/p>\n","protected":false},"author":1,"featured_media":0,"parent":0,"menu_order":0,"comment_status":"closed","ping_status":"closed","template":"","meta":{"footnotes":""},"class_list":["post-5736","page","type-page","status-publish","hentry"],"acf":[],"_links":{"self":[{"href":"https:\/\/www.qualifiednetworks.com\/fr\/wp-json\/wp\/v2\/pages\/5736","targetHints":{"allow":["GET"]}}],"collection":[{"href":"https:\/\/www.qualifiednetworks.com\/fr\/wp-json\/wp\/v2\/pages"}],"about":[{"href":"https:\/\/www.qualifiednetworks.com\/fr\/wp-json\/wp\/v2\/types\/page"}],"author":[{"embeddable":true,"href":"https:\/\/www.qualifiednetworks.com\/fr\/wp-json\/wp\/v2\/users\/1"}],"replies":[{"embeddable":true,"href":"https:\/\/www.qualifiednetworks.com\/fr\/wp-json\/wp\/v2\/comments?post=5736"}],"version-history":[{"count":0,"href":"https:\/\/www.qualifiednetworks.com\/fr\/wp-json\/wp\/v2\/pages\/5736\/revisions"}],"wp:attachment":[{"href":"https:\/\/www.qualifiednetworks.com\/fr\/wp-json\/wp\/v2\/media?parent=5736"}],"curies":[{"name":"wp","href":"https:\/\/api.w.org\/{rel}","templated":true}]}}