 {"id":6891,"date":"2025-11-19T15:13:10","date_gmt":"2025-11-19T15:13:10","guid":{"rendered":"https:\/\/www.qualifiednetworks.com\/durabilite-2\/"},"modified":"2025-12-02T09:12:30","modified_gmt":"2025-12-02T09:12:30","slug":"durabilite","status":"publish","type":"page","link":"https:\/\/www.qualifiednetworks.com\/fr\/durabilite\/","title":{"rendered":"Durabilit\u00e9"},"content":{"rendered":"<div class=\"wpb-content-wrapper\"><p>[vc_row equal_height=\u00a0\u00bbyes\u00a0\u00bb el_class=\u00a0\u00bbgoede pt-130 pb-90&Prime;][vc_column width=\u00a0\u00bb5\/12&Prime; el_class=\u00a0\u00bbinfo\u00a0\u00bb][vc_custom_heading text=\u00a0\u00bbRapport sur le CO\u2082\u00a0\u00bb font_container=\u00a0\u00bbtag:div|text_align:left\u00a0\u00bb use_theme_fonts=\u00a0\u00bbyes\u00a0\u00bb el_class=\u00a0\u00bbsubtitle\u00a0\u00bb][vc_custom_heading text=\u00a0\u00bbD\u00e9couvrez comment nous pouvons vous fournir un rapport CO\u2082.\u00a0\u00bb use_theme_fonts=\u00a0\u00bbyes\u00a0\u00bb][vc_column_text css=\u00a0\u00bb.vc_custom_1741035323950{margin-bottom: 10px !important;}\u00a0\u00bb]<\/p>\n<p data-start=\"1353\" data-end=\"1618\">La transparence est essentielle pour une activit\u00e9 durable. Notre <strong data-start=\"1414\" data-end=\"1432\">rapport CO\u2082<\/strong> vous donne un aper\u00e7u clair des avantages environnementaux des solutions informatiques circulaires. Nous calculons la quantit\u00e9 d&rsquo;\u00e9missions de CO\u2082 et de d\u00e9chets \u00e9lectroniques \u00e9conomis\u00e9s gr\u00e2ce \u00e0 votre \u00e9quipement informatique retourn\u00e9 et r\u00e9utilis\u00e9. Ce rapport vous aide \u00e0 surveiller vos objectifs de d\u00e9veloppement durable et \u00e0 vous conformer aux exigences environnementales. En outre, il constitue un outil pr\u00e9cieux pour les rapports de RSE et les strat\u00e9gies internes de d\u00e9veloppement durable.    <\/p>\n<p>[\/vc_column_text][vc_btn title=\u00a0\u00bbLire plus\u00a0\u00bb style=\u00a0\u00bboutline\u00a0\u00bb css=\u00a0\u00bb.vc_custom_1741358908844{margin-top: 20px !important;}\u00a0\u00bb link=\u00a0\u00bburl:https%3A%2F%2Fwww.qualifiednetworks.com%2Ffr%2Frapport-sur-le-co2%2F|title:Rapport|\u00a0\u00bb][\/vc_column][vc_column width=\u00a0\u00bb2\/12&Prime;][\/vc_column][vc_column width=\u00a0\u00bb5\/12&Prime; el_class=\u00a0\u00bbmo-1&Prime;][vc_single_image image=\u00a0\u00bb4887&Prime; img_size=\u00a0\u00bblarge\u00a0\u00bb el_class=\u00a0\u00bbimage-overlay\u00a0\u00bb][\/vc_column][\/vc_row][vc_row equal_height=\u00a0\u00bbyes\u00a0\u00bb el_class=\u00a0\u00bbservice pb-90&Prime;][vc_column width=\u00a0\u00bb5\/12&Prime; el_class=\u00a0\u00bbmo-1&Prime;][vc_single_image image=\u00a0\u00bb4891&Prime; img_size=\u00a0\u00bblarge\u00a0\u00bb el_class=\u00a0\u00bbimage-overlay\u00a0\u00bb][\/vc_column][vc_column width=\u00a0\u00bb2\/12&Prime;][\/vc_column][vc_column width=\u00a0\u00bb5\/12&Prime; el_class=\u00a0\u00bbinfo\u00a0\u00bb][vc_custom_heading text=\u00a0\u00bborganismes de bienfaisance\u00a0\u00bb font_container=\u00a0\u00bbtag:div|text_align:left\u00a0\u00bb use_theme_fonts=\u00a0\u00bbyes\u00a0\u00bb el_class=\u00a0\u00bbsubtitle\u00a0\u00bb][vc_custom_heading text=\u00a0\u00bbFaites un don \u00e0 une association caritative\u00a0\u00bb use_theme_fonts=\u00a0\u00bbyes\u00a0\u00bb][vc_column_text]<\/p>\n<p data-start=\"757\" data-end=\"1032\">L&rsquo;informatique peut signifier bien plus que la technologie. Chez Qualified Networks, nous utilisons la valeur r\u00e9siduelle du mat\u00e9riel informatique pour soutenir des projets sociaux et environnementaux. Vous pouvez choisir de donner (une partie de) la valeur de votre ancien mat\u00e9riel informatique \u00e0 des associations caritatives.  <\/p>\n<p data-start=\"1034\" data-end=\"1285\">Des projets de reforestation et de lutte contre le changement climatique aux initiatives sociales comme la <strong data-start=\"1111\" data-end=\"1136\">Fondation Blijf Groep<\/strong>, votre contribution a un impact concret. Ensemble, nous veillons \u00e0 ce que les technologies de l&rsquo;information b\u00e9n\u00e9ficient d&rsquo;une seconde vie et contribuent \u00e0 un monde meilleur. <\/p>\n<p>[\/vc_column_text][vc_btn title=\u00a0\u00bbLire plus\u00a0\u00bb style=\u00a0\u00bboutline\u00a0\u00bb link=\u00a0\u00bburl:https%3A%2F%2Fwww.qualifiednetworks.com%2Ffr%2Fbonnes-causes%2F|title:Bonnes%20causes|\u00a0\u00bb][\/vc_column][\/vc_row][vc_row equal_height=\u00a0\u00bbyes\u00a0\u00bb el_class=\u00a0\u00bbservice pb-90&Prime;][vc_column width=\u00a0\u00bb5\/12&Prime; el_class=\u00a0\u00bbinfo\u00a0\u00bb][vc_custom_heading text=\u00a0\u00bbDes arbres pour tous\u00a0\u00bb font_container=\u00a0\u00bbtag:div|text_align:left\u00a0\u00bb use_theme_fonts=\u00a0\u00bbyes\u00a0\u00bb el_class=\u00a0\u00bbsubtitle\u00a0\u00bb][vc_custom_heading text=\u00a0\u00bbPlanter des arbres pour un avenir vert\u00a0\u00bb use_theme_fonts=\u00a0\u00bbyes\u00a0\u00bb][vc_column_text]<\/p>\n<p data-start=\"109\" data-end=\"401\">Chez Qualified Networks, nous associons l&rsquo;informatique circulaire \u00e0 la reforestation. En remettant votre ancien mat\u00e9riel informatique, vous contribuez directement \u00e0 un monde plus vert. En collaboration avec <strong data-start=\"166\" data-end=\"183\">Trees for All<\/strong>, nous convertissons la valeur r\u00e9siduelle du mat\u00e9riel informatique en arbres et en compensations carbone. Pour chaque don, un arbre est plant\u00e9 localement et internationalement. Ainsi, non seulement nous r\u00e9duisons les d\u00e9chets \u00e9lectroniques, mais nous contribuons \u00e9galement \u00e0 la restauration de la nature. La r\u00e9utilisation permet d&rsquo;\u00e9viter l&rsquo;impact de la production et de r\u00e9duire les \u00e9missions de CO\u2082, tout en soutenant des projets durables dans le monde entier. Ayez un impact avec nous et faites un pas vers un avenir plus durable.     <\/p>\n<p>[\/vc_column_text][vc_btn title=\u00a0\u00bbLire plus\u00a0\u00bb style=\u00a0\u00bboutline\u00a0\u00bb link=\u00a0\u00bburl:https%3A%2F%2Fwww.qualifiednetworks.com%2Ffr%2Frapport-sur-le-co2%2F|title:Bonnes%20causes|\u00a0\u00bb][\/vc_column][vc_column width=\u00a0\u00bb2\/12&Prime;][\/vc_column][vc_column width=\u00a0\u00bb5\/12&Prime; el_class=\u00a0\u00bbmo-1&Prime;][vc_single_image image=\u00a0\u00bb4906&Prime; img_size=\u00a0\u00bblarge\u00a0\u00bb el_class=\u00a0\u00bbimage-overlay\u00a0\u00bb][\/vc_column][\/vc_row][vc_row equal_height=\u00a0\u00bbyes\u00a0\u00bb el_class=\u00a0\u00bbservice pb-90&Prime;][vc_column width=\u00a0\u00bb5\/12&Prime; el_class=\u00a0\u00bbmo-1&Prime;][vc_single_image image=\u00a0\u00bb4895&Prime; img_size=\u00a0\u00bblarge\u00a0\u00bb el_class=\u00a0\u00bbimage-overlay\u00a0\u00bb][\/vc_column][vc_column width=\u00a0\u00bb2\/12&Prime;][\/vc_column][vc_column width=\u00a0\u00bb5\/12&Prime; el_class=\u00a0\u00bbinfo\u00a0\u00bb][vc_custom_heading text=\u00a0\u00bbInformatique circulaire\u00a0\u00bb font_container=\u00a0\u00bbtag:div|text_align:left\u00a0\u00bb use_theme_fonts=\u00a0\u00bbyes\u00a0\u00bb el_class=\u00a0\u00bbsubtitle\u00a0\u00bb][vc_custom_heading text=\u00a0\u00bbFaites fonctionner l&apos;informatique circulaire au sein de votre entreprise\u00a0\u00bb use_theme_fonts=\u00a0\u00bbyes\u00a0\u00bb][vc_column_text css=\u00a0\u00bb.vc_custom_1741035250015{margin-bottom: 10px !important;}\u00a0\u00bb]<\/p>\n<p data-start=\"1894\" data-end=\"2150\">En adoptant des solutions informatiques circulaires, vous ne r\u00e9duisez pas seulement les co\u00fbts, mais vous contribuez \u00e9galement \u00e0 un avenir durable. Chez Qualified Networks, nous aidons les entreprises \u00e0 utiliser les \u00e9quipements informatiques plus longtemps, \u00e0 les recycler de mani\u00e8re responsable et \u00e0 r\u00e9duire les d\u00e9chets \u00e9lectroniques. En choisissant du <g id=\"gid_0\">mat\u00e9riel reconditionn\u00e9, l&rsquo;informatique circulaire et l&rsquo;effacement s\u00e9curis\u00e9 des donn\u00e9es<\/g>, l&rsquo;informatique devient non seulement plus efficace, mais aussi plus durable. Passez \u00e0 l&rsquo;informatique circulaire et faites un pas vers des op\u00e9rations plus \u00e9cologiques.   <\/p>\n<p>[\/vc_column_text][vc_btn title=\u00a0\u00bbLire plus\u00a0\u00bb style=\u00a0\u00bboutline\u00a0\u00bb css=\u00a0\u00bb.vc_custom_1741034778631{margin-top: 20px !important;}\u00a0\u00bb link=\u00a0\u00bburl:https%3A%2F%2Fwww.qualifiednetworks.com%2Ffr%2Finformatique-circulaire%2F|title:Informatique%20circulaire|\u00a0\u00bb][\/vc_column][\/vc_row][vc_row equal_height=\u00a0\u00bbyes\u00a0\u00bb el_class=\u00a0\u00bbservice pb-90&Prime;][vc_column width=\u00a0\u00bb5\/12&Prime; el_class=\u00a0\u00bbcontent info\u00a0\u00bb][vc_custom_heading text=\u00a0\u00bbCalculateur de CO\u2082\u00a0\u00bb font_container=\u00a0\u00bbtag:div|text_align:left\u00a0\u00bb use_theme_fonts=\u00a0\u00bbyes\u00a0\u00bb el_class=\u00a0\u00bbsubtitle\u00a0\u00bb][vc_custom_heading text=\u00a0\u00bbCalculez maintenant la quantit\u00e9 d&apos;\u00e9missions de CO\u2082 que vous pouvez \u00e9conomiser\u00a0\u00bb use_theme_fonts=\u00a0\u00bbyes\u00a0\u00bb][vc_column_text css=\u00a0\u00bb\u00a0\u00bb]<\/p>\n<p data-start=\"2448\" data-end=\"2643\">Voulez-vous savoir exactement combien d&rsquo;\u00e9conomies de CO\u2082 votre \u00e9quipement informatique mis au rebut va g\u00e9n\u00e9rer ? Notre <strong data-start=\"2541\" data-end=\"2559\">calculateur de CO\u2082<\/strong> vous donne un aper\u00e7u instantan\u00e9 de l&rsquo;impact de la r\u00e9utilisation et des solutions informatiques circulaires. En entrant simplement les d\u00e9tails de votre ancien mat\u00e9riel, notre outil calcule la quantit\u00e9 de mati\u00e8res premi\u00e8res, d&rsquo;\u00e9nergie et d&rsquo;\u00e9missions de CO\u2082 \u00e9conomis\u00e9es. Un moyen simple de rendre vos objectifs de d\u00e9veloppement durable mesurables et pertinents.   <\/p>\n<p>[\/vc_column_text][vc_btn title=\u00a0\u00bbCalculez maintenant\u00a0\u00bb style=\u00a0\u00bboutline\u00a0\u00bb css=\u00a0\u00bb\u00a0\u00bb link=\u00a0\u00bburl:https%3A%2F%2Fwww.qualifiednetworks.com%2Ffr%2Frapport-sur-le-co2%2F|title:Calculez%20maintenant|\u00a0\u00bb][\/vc_column][vc_column width=\u00a0\u00bb2\/12&Prime;][\/vc_column][vc_column width=\u00a0\u00bb5\/12&Prime; el_class=\u00a0\u00bbmo-1&Prime;][vc_single_image image=\u00a0\u00bb4899&Prime; img_size=\u00a0\u00bblarge\u00a0\u00bb el_class=\u00a0\u00bbimage-overlay\u00a0\u00bb][\/vc_column][\/vc_row]<\/p>\n<\/div>","protected":false},"excerpt":{"rendered":"<p>[vc_row equal_height=\u00a0\u00bbyes\u00a0\u00bb el_class=\u00a0\u00bbgoede pt-130 pb-90&Prime;][vc_column width=\u00a0\u00bb5\/12&Prime; el_class=\u00a0\u00bbinfo\u00a0\u00bb][vc_custom_heading text=\u00a0\u00bbRapport sur le CO\u2082\u00a0\u00bb font_container=\u00a0\u00bbtag:div|text_align:left\u00a0\u00bb use_theme_fonts=\u00a0\u00bbyes\u00a0\u00bb el_class=\u00a0\u00bbsubtitle\u00a0\u00bb][vc_custom_heading text=\u00a0\u00bbD\u00e9couvrez comment nous pouvons vous fournir un rapport CO\u2082.\u00a0\u00bb use_theme_fonts=\u00a0\u00bbyes\u00a0\u00bb][vc_column_text css=\u00a0\u00bb.vc_custom_1741035323950{margin-bottom: 10px !important;}\u00a0\u00bb] La transparence est essentielle pour une activit\u00e9 durable. Notre rapport CO\u2082 vous donne un aper\u00e7u clair des avantages environnementaux des solutions informatiques circulaires. Nous calculons la quantit\u00e9 d&rsquo;\u00e9missions [&hellip;]<\/p>\n","protected":false},"author":1,"featured_media":0,"parent":0,"menu_order":0,"comment_status":"closed","ping_status":"closed","template":"","meta":{"footnotes":""},"class_list":["post-6891","page","type-page","status-publish","hentry"],"acf":[],"_links":{"self":[{"href":"https:\/\/www.qualifiednetworks.com\/fr\/wp-json\/wp\/v2\/pages\/6891","targetHints":{"allow":["GET"]}}],"collection":[{"href":"https:\/\/www.qualifiednetworks.com\/fr\/wp-json\/wp\/v2\/pages"}],"about":[{"href":"https:\/\/www.qualifiednetworks.com\/fr\/wp-json\/wp\/v2\/types\/page"}],"author":[{"embeddable":true,"href":"https:\/\/www.qualifiednetworks.com\/fr\/wp-json\/wp\/v2\/users\/1"}],"replies":[{"embeddable":true,"href":"https:\/\/www.qualifiednetworks.com\/fr\/wp-json\/wp\/v2\/comments?post=6891"}],"version-history":[{"count":12,"href":"https:\/\/www.qualifiednetworks.com\/fr\/wp-json\/wp\/v2\/pages\/6891\/revisions"}],"predecessor-version":[{"id":7642,"href":"https:\/\/www.qualifiednetworks.com\/fr\/wp-json\/wp\/v2\/pages\/6891\/revisions\/7642"}],"wp:attachment":[{"href":"https:\/\/www.qualifiednetworks.com\/fr\/wp-json\/wp\/v2\/media?parent=6891"}],"curies":[{"name":"wp","href":"https:\/\/api.w.org\/{rel}","templated":true}]}}