 {"id":6973,"date":"2025-11-19T17:43:14","date_gmt":"2025-11-19T17:43:14","guid":{"rendered":"https:\/\/www.qualifiednetworks.com\/produits\/composants\/composants-cisco\/"},"modified":"2025-11-19T17:43:16","modified_gmt":"2025-11-19T17:43:16","slug":"composants-cisco","status":"publish","type":"page","link":"https:\/\/www.qualifiednetworks.com\/fr\/produits\/composants\/composants-cisco\/","title":{"rendered":"Composants Cisco"},"content":{"rendered":"<div class=\"wpb-content-wrapper\"><p>[vc_section full_width=\u00a0\u00bbstretch_row\u00a0\u00bb el_class=\u00a0\u00bbduurzaamheid section-intro pb-70&Prime; css=\u00a0\u00bb.vc_custom_1748354937211{background-color: #F7F7FA !important;}\u00a0\u00bb][vc_row el_class=\u00a0\u00bbbrand-section pt-180&Prime;][vc_column width=\u00a0\u00bb6\/12&Prime;][vc_custom_heading text=\u00a0\u00bbPi\u00e8ces d&apos;origine pour \u00e9quipements Cisco\u00a0\u00bb font_container=\u00a0\u00bbtag:div|text_align:left\u00a0\u00bb use_theme_fonts=\u00a0\u00bbyes\u00a0\u00bb css=\u00a0\u00bb\u00a0\u00bb el_class=\u00a0\u00bbsubtitle\u00a0\u00bb][vc_custom_heading text=\u00a0\u00bbComposants Cisco\u00a0\u00bb font_container=\u00a0\u00bbtag:h1|text_align:left\u00a0\u00bb use_theme_fonts=\u00a0\u00bbyes\u00a0\u00bb css=\u00a0\u00bb\u00a0\u00bb][vc_column_text css=\u00a0\u00bb\u00a0\u00bb]Les composants Cisco sont essentiels au bon fonctionnement de votre \u00e9quipement r\u00e9seau. Il s&rsquo;agit notamment des alimentations, des ventilateurs, des supports, des ch\u00e2ssis de rack, des fonds de panier et autres composants mat\u00e9riels. Ces composants sont indispensables pour remplacer, \u00e9tendre ou entretenir les commutateurs, routeurs et serveurs. Qualified Networks propose des composants Cisco neufs et reconditionn\u00e9s, rigoureusement test\u00e9s et souvent disponibles imm\u00e9diatement en stock.[\/vc_column_text][vc_row_inner el_class=\u00a0\u00bbbuttons service-mobile-cta\u00a0\u00bb][vc_column_inner width=\u00a0\u00bb1\/2&Prime; css=\u00a0\u00bb.vc_custom_1740487265499{padding-right: 10px !important;padding-left: 0px !important;}\u00a0\u00bb][vc_btn title=\u00a0\u00bbDemander un devis\u00a0\u00bb css=\u00a0\u00bb\u00a0\u00bb link=\u00a0\u00bburl:https%3A%2F%2Fwww.qualifiednetworks.com%2Ffr%2Fdemander-un-devis%2F|\u00a0\u00bb][\/vc_column_inner][vc_column_inner width=\u00a0\u00bb1\/2&Prime; css=\u00a0\u00bb.vc_custom_1740487216177{padding-right: 0px !important;padding-left: 0px !important;}\u00a0\u00bb][vc_btn title=\u00a0\u00bbNous contacter\u00a0\u00bb style=\u00a0\u00bboutline\u00a0\u00bb css=\u00a0\u00bb\u00a0\u00bb link=\u00a0\u00bburl:https%3A%2F%2Fwww.qualifiednetworks.com%2Ffr%2Fcontact%2F|\u00a0\u00bb][\/vc_column_inner][\/vc_row_inner][vc_column_text][\/vc_column_text][\/vc_column][vc_column width=\u00a0\u00bb1\/12&Prime;][\/vc_column][vc_column width=\u00a0\u00bb5\/12&Prime; el_class=\u00a0\u00bbform\u00a0\u00bb][vc_custom_heading text=\u00a0\u00bbPourquoi Qualified Networks ?\u00a0\u00bb font_container=\u00a0\u00bbtag:h2|font_size:25px|text_align:left\u00a0\u00bb use_theme_fonts=\u00a0\u00bbyes\u00a0\u00bb css=\u00a0\u00bb\u00a0\u00bb][vc_column_text css=\u00a0\u00bb\u00a0\u00bb el_class=\u00a0\u00bblist\u00a0\u00bb]<\/p>\n<ul>\n<li>Pi\u00e8ces neuves et remises \u00e0 neuf disponibles<\/li>\n<li>Garantie \u00e0 vie sur les composants remis \u00e0 neuf<\/li>\n<li>Disponible en stock pour un remplacement rapide<\/li>\n<li>Test\u00e9 techniquement et toujours livr\u00e9 en \u00e9tat de marche<\/li>\n<\/ul>\n<p>[\/vc_column_text][\/vc_column][\/vc_row][vc_row equal_height=\u00a0\u00bbyes\u00a0\u00bb el_class=\u00a0\u00bbkwaliteit pb-90 pt-120&Prime;][vc_column width=\u00a0\u00bb5\/12&Prime;][vc_custom_heading text=\u00a0\u00bbPi\u00e8ces fr\u00e9quemment demand\u00e9es\u00a0\u00bb font_container=\u00a0\u00bbtag:div|text_align:left\u00a0\u00bb use_theme_fonts=\u00a0\u00bbyes\u00a0\u00bb css=\u00a0\u00bb\u00a0\u00bb el_class=\u00a0\u00bbsubtitle\u00a0\u00bb][vc_custom_heading text=\u00a0\u00bbComposants Cisco populaires\u00a0\u00bb use_theme_fonts=\u00a0\u00bbyes\u00a0\u00bb css=\u00a0\u00bb\u00a0\u00bb][vc_column_text css=\u00a0\u00bb\u00a0\u00bb]Vous trouverez ci-dessous une pr\u00e9sentation des composants Cisco les plus couramment utilis\u00e9s que nous fournissons r\u00e9guli\u00e8rement. Id\u00e9aux pour prolonger la dur\u00e9e de vie de votre \u00e9quipement r\u00e9seau.[\/vc_column_text][vc_tta_accordion title_tag=\u00a0\u00bbp\u00a0\u00bb section_title_tag=\u00a0\u00bbp\u00a0\u00bb style=\u00a0\u00bboutline\u00a0\u00bb shape=\u00a0\u00bbsquare\u00a0\u00bb color=\u00a0\u00bbblack\u00a0\u00bb c_position=\u00a0\u00bbright\u00a0\u00bb active_section=\u00a0\u00bb100&Prime; collapsible_all=\u00a0\u00bbtrue\u00a0\u00bb el_class=\u00a0\u00bbfaq-list\u00a0\u00bb][vc_tta_section title=\u00a0\u00bbCisco PWR-C1-715WAC\u00a0\u00bb tab_id=\u00a0\u00bb1739950626685-57982fb7-7b0d5507-9270&Prime; el_class=\u00a0\u00bbfaq-first\u00a0\u00bb][vc_column_text css=\u00a0\u00bb\u00a0\u00bb]Alimentation pour commutateurs Catalyst 3850. Rempla\u00e7able et \u00e9changeable \u00e0 chaud.[\/vc_column_text][\/vc_tta_section][vc_tta_section title=\u00a0\u00bbCisco FAN-T4-R\u00a0\u00bb tab_id=\u00a0\u00bb1739950826636-55c2f176-34655507-9270&Prime; el_class=\u00a0\u00bbfaq-second\u00a0\u00bb][vc_column_text css=\u00a0\u00bb\u00a0\u00bb]Ventilateur de remplacement pour commutateurs Nexus. Assure une circulation d&rsquo;air constante.[\/vc_column_text][\/vc_tta_section][vc_tta_section title=\u00a0\u00bbCisco RCKMNT-1RU\u00a0\u00bb tab_id=\u00a0\u00bb1739950825489-c6fadf36-f1965507-9270&Prime; el_class=\u00a0\u00bbfaq-third\u00a0\u00bb][vc_column_text css=\u00a0\u00bb\u00a0\u00bb]Kit de montage en rack compatible avec divers commutateurs Cisco. Indispensable pour une installation dans des racks 19 pouces.[\/vc_column_text][\/vc_tta_section][vc_tta_section title=\u00a0\u00bbCisco WS-X45-SUP7L-E backplane\u00a0\u00bb tab_id=\u00a0\u00bb1739950824730-15fe4dd0-cd925507-9270&Prime; el_class=\u00a0\u00bbfaq-fourth\u00a0\u00bb][vc_column_text css=\u00a0\u00bb\u00a0\u00bb]Module de supervision avec fonctionnalit\u00e9 de fond de panier pour commutateurs Catalyst 4500E. Indispensable pour la mise \u00e0 niveau ou le remplacement.[\/vc_column_text][\/vc_tta_section][vc_tta_section title=\u00a0\u00bbRails Cisco pour serveurs UCS\u00a0\u00bb tab_id=\u00a0\u00bb1747834971747-e60e21e7-7c7e5507-9270&Prime; el_class=\u00a0\u00bbfaq-fourth\u00a0\u00bb][vc_column_text css=\u00a0\u00bb\u00a0\u00bb]Kits de montage d&rsquo;origine pour installer en toute s\u00e9curit\u00e9 les serveurs Cisco UCS dans une baie.[\/vc_column_text][\/vc_tta_section][\/vc_tta_accordion][\/vc_column][vc_column width=\u00a0\u00bb1\/12&Prime;][\/vc_column][vc_column width=\u00a0\u00bb6\/12&Prime; el_class=\u00a0\u00bbmo-1&Prime;][vc_single_image image=\u00a0\u00bb6434&Prime; img_size=\u00a0\u00bbfull\u00a0\u00bb css=\u00a0\u00bb\u00a0\u00bb][\/vc_column][\/vc_row][vc_row el_class=\u00a0\u00bbsection-bestservice section-bestservice-small section-bestservice-row\u00a0\u00bb][vc_column width=\u00a0\u00bb1\/2&Prime; el_class=\u00a0\u00bbinner\u00a0\u00bb][vc_custom_heading text=\u00a0\u00bbVous recherchez une pi\u00e8ce sp\u00e9cifique ?\u00a0\u00bb use_theme_fonts=\u00a0\u00bbyes\u00a0\u00bb css=\u00a0\u00bb\u00a0\u00bb][vc_column_text css=\u00a0\u00bb\u00a0\u00bb]<\/p>\n<p data-start=\"2017\" data-end=\"2203\">Vous ne trouvez pas le composant Cisco qu&rsquo;il vous faut ? Contactez-nous. Gr\u00e2ce \u00e0 notre r\u00e9seau mondial, nous pouvons fournir quasiment n&rsquo;importe quelle pi\u00e8ce d&rsquo;origine, souvent sous 24 heures.  <\/p>\n<p>[\/vc_column_text][vc_btn title=\u00a0\u00bbNous contacter\u00a0\u00bb css=\u00a0\u00bb\u00a0\u00bb link=\u00a0\u00bburl:https%3A%2F%2Fwww.qualifiednetworks.com%2Ffr%2Fcontact%2F|title:Nous%20contacter|\u00a0\u00bb][vc_btn title=\u00a0\u00bbRappelle-moi\u00a0\u00bb style=\u00a0\u00bboutline\u00a0\u00bb color=\u00a0\u00bbwhite\u00a0\u00bb css=\u00a0\u00bb\u00a0\u00bb link=\u00a0\u00bburl:https%3A%2F%2Fwww.qualifiednetworks.com%2Ffr%2Fcontact%2F|title:Rappelle-moi|\u00a0\u00bb][\/vc_column][vc_column width=\u00a0\u00bb1\/2&Prime;][\/vc_column][\/vc_row][\/vc_section][vc_row el_class=\u00a0\u00bbpt-100 pb-130&Prime;][vc_column width=\u00a0\u00bb7\/12&Prime; el_class=\u00a0\u00bbleft-content\u00a0\u00bb][vc_custom_heading text=\u00a0\u00bbFaq\u00a0\u00bb font_container=\u00a0\u00bbtag:div|text_align:left\u00a0\u00bb use_theme_fonts=\u00a0\u00bbyes\u00a0\u00bb el_class=\u00a0\u00bbsubtitle\u00a0\u00bb][vc_custom_heading text=\u00a0\u00bbquestion et r\u00e9ponse\u00a0\u00bb use_theme_fonts=\u00a0\u00bbyes\u00a0\u00bb css=\u00a0\u00bb\u00a0\u00bb el_id=\u00a0\u00bbfaq-first\u00a0\u00bb][vc_tta_accordion title_tag=\u00a0\u00bbp\u00a0\u00bb section_title_tag=\u00a0\u00bbp\u00a0\u00bb style=\u00a0\u00bboutline\u00a0\u00bb shape=\u00a0\u00bbsquare\u00a0\u00bb color=\u00a0\u00bbblack\u00a0\u00bb c_position=\u00a0\u00bbright\u00a0\u00bb active_section=\u00a0\u00bb100&Prime; collapsible_all=\u00a0\u00bbtrue\u00a0\u00bb][vc_tta_section title=\u00a0\u00bbQuels types de pi\u00e8ces Cisco fournissez-vous ?\u00a0\u00bb tab_id=\u00a0\u00bb1740059542177-a6d79dfd-70e55507-9270&Prime;][vc_column_text css=\u00a0\u00bb\u00a0\u00bb]<\/p>\n<p data-pm-slice=\"1 1 []\">Nous fournissons des alimentations, des ventilateurs, des fonds de panier, des supports, des kits de montage et des accessoires pour le montage en rack.<\/p>\n<p>[\/vc_column_text][\/vc_tta_section][vc_tta_section title=\u00a0\u00bbLes composants ont-ils \u00e9t\u00e9 test\u00e9s ?\u00a0\u00bb tab_id=\u00a0\u00bb1747836109474-65abd71d-182e5507-9270&Prime;][vc_column_text css=\u00a0\u00bb\u00a0\u00bb]Oui, toutes les pi\u00e8ces remises \u00e0 neuf sont enti\u00e8rement test\u00e9es et pr\u00eates \u00e0 l&#8217;emploi.[\/vc_column_text][\/vc_tta_section][vc_tta_section title=\u00a0\u00bbLes composants Cisco remis \u00e0 neuf sont-ils couverts par une garantie ?\u00a0\u00bb tab_id=\u00a0\u00bb1747836106778-3a6b61ac-1ef85507-9270&Prime;][vc_column_text css=\u00a0\u00bb\u00a0\u00bb]Absolument. Vous b\u00e9n\u00e9ficiez d&rsquo;une garantie \u00e0 vie standard sur tous les composants utilis\u00e9s.[\/vc_column_text][\/vc_tta_section][vc_tta_section title=\u00a0\u00bbPouvez-vous aussi racheter mes anciennes pi\u00e8ces ?\u00a0\u00bb tab_id=\u00a0\u00bb1747836106236-15e39d87-0d775507-9270&Prime;][vc_column_text css=\u00a0\u00bb\u00a0\u00bb]Absolument. Nous rachetons le mat\u00e9riel Cisco d&rsquo;occasion et les pi\u00e8ces d\u00e9tach\u00e9es \u00e0 un prix avantageux.[\/vc_column_text][\/vc_tta_section][vc_tta_section title=\u00a0\u00bbDans quel d\u00e9lai pouvez-vous livrer ?\u00a0\u00bb tab_id=\u00a0\u00bb1747836105323-499530d2-cc505507-9270&Prime;][vc_column_text css=\u00a0\u00bb\u00a0\u00bb]De nombreux composants sont en stock et peuvent \u00eatre livr\u00e9s le jour m\u00eame ou le jour ouvrable suivant.[\/vc_column_text][\/vc_tta_section][\/vc_tta_accordion][vc_btn title=\u00a0\u00bbPlus de questions fr\u00e9quemment pos\u00e9es\u00a0\u00bb style=\u00a0\u00bboutline\u00a0\u00bb css=\u00a0\u00bb\u00a0\u00bb link=\u00a0\u00bburl:https%3A%2F%2Fwww.qualifiednetworks.com%2Ffr%2Ffaq%2F|\u00a0\u00bb el_class=\u00a0\u00bbpt-30&Prime;][\/vc_column][vc_column width=\u00a0\u00bb5\/12&Prime; el_class=\u00a0\u00bbfaq-sidebar\u00a0\u00bb][vc_custom_heading text=\u00a0\u00bbContact\u00a0\u00bb font_container=\u00a0\u00bbtag:div|text_align:left\u00a0\u00bb use_theme_fonts=\u00a0\u00bbyes\u00a0\u00bb el_class=\u00a0\u00bbsubtitle\u00a0\u00bb][vc_custom_heading text=\u00a0\u00bbune autre question ?\u00a0\u00bb use_theme_fonts=\u00a0\u00bbyes\u00a0\u00bb css=\u00a0\u00bb.vc_custom_1747836143916{margin-bottom: 5px !important;}\u00a0\u00bb][vc_column_text css=\u00a0\u00bb.vc_custom_1747836159058{margin-bottom: 10px !important;}\u00a0\u00bb el_class=\u00a0\u00bbsub-title\u00a0\u00bb]Veuillez nous contacter pour plus d&rsquo;informations.[\/vc_column_text][vc_row_inner el_class=\u00a0\u00bbfaq-contact-block\u00a0\u00bb][vc_column_inner width=\u00a0\u00bb1\/4&Prime;][vc_single_image image=\u00a0\u00bb3814&Prime; img_size=\u00a0\u00bblarge\u00a0\u00bb style=\u00a0\u00bbvc_box_circle_2&Prime; onclick=\u00a0\u00bbcustom_link\u00a0\u00bb css=\u00a0\u00bb\u00a0\u00bb link=\u00a0\u00bb\/author\/oskar-paarhuis\/\u00a0\u00bb][\/vc_column_inner][vc_column_inner width=\u00a0\u00bb3\/4&Prime;][vc_column_text css=\u00a0\u00bb\u00a0\u00bb]<\/p>\n<div class=\"contact-wrapper\">\n<div class=\"contact-info\">\n<h6 class=\"name\"><a href=\"\/author\/oskar-paarhuis\/\">Oskar Paarhuis<\/a><\/h6>\n<p><a href=\"\/author\/oskar-paarhuis\/\"><span class=\"position\">Sp\u00e9cialiste informatique<\/span><\/a><\/p>\n<\/div>\n<div class=\"contact-details\"><span class=\"contact-tel\"><a href=\"tel:+31202402350\">+31 (0) 20-2402350<\/a><\/span><span class=\"contact-email\"><br \/>\n<a href=\"mailto:info@qualifiednetworks.com\">info@qualifiednetworks.com<\/a><br \/>\n<\/span><\/div>\n<\/div>\n<p>[\/vc_column_text][\/vc_column_inner][\/vc_row_inner][\/vc_column][\/vc_row]<\/p>\n<\/div>","protected":false},"excerpt":{"rendered":"<p>[vc_section full_width=\u00a0\u00bbstretch_row\u00a0\u00bb el_class=\u00a0\u00bbduurzaamheid section-intro pb-70&Prime; css=\u00a0\u00bb.vc_custom_1748354937211{background-color: #F7F7FA !important;}\u00a0\u00bb][vc_row el_class=\u00a0\u00bbbrand-section pt-180&Prime;][vc_column width=\u00a0\u00bb6\/12&Prime;][vc_custom_heading text=\u00a0\u00bbPi\u00e8ces d&apos;origine pour \u00e9quipements Cisco\u00a0\u00bb font_container=\u00a0\u00bbtag:div|text_align:left\u00a0\u00bb use_theme_fonts=\u00a0\u00bbyes\u00a0\u00bb css=\u00a0\u00bb\u00a0\u00bb el_class=\u00a0\u00bbsubtitle\u00a0\u00bb][vc_custom_heading text=\u00a0\u00bbComposants Cisco\u00a0\u00bb font_container=\u00a0\u00bbtag:h1|text_align:left\u00a0\u00bb use_theme_fonts=\u00a0\u00bbyes\u00a0\u00bb css=\u00a0\u00bb\u00a0\u00bb][vc_column_text css=\u00a0\u00bb\u00a0\u00bb]Les composants Cisco sont essentiels au bon fonctionnement de votre \u00e9quipement r\u00e9seau. Il s&rsquo;agit notamment des alimentations, des ventilateurs, des supports, des ch\u00e2ssis de rack, des fonds de panier et [&hellip;]<\/p>\n","protected":false},"author":1,"featured_media":0,"parent":6961,"menu_order":0,"comment_status":"closed","ping_status":"closed","template":"","meta":{"footnotes":""},"class_list":["post-6973","page","type-page","status-publish","hentry"],"acf":[],"_links":{"self":[{"href":"https:\/\/www.qualifiednetworks.com\/fr\/wp-json\/wp\/v2\/pages\/6973","targetHints":{"allow":["GET"]}}],"collection":[{"href":"https:\/\/www.qualifiednetworks.com\/fr\/wp-json\/wp\/v2\/pages"}],"about":[{"href":"https:\/\/www.qualifiednetworks.com\/fr\/wp-json\/wp\/v2\/types\/page"}],"author":[{"embeddable":true,"href":"https:\/\/www.qualifiednetworks.com\/fr\/wp-json\/wp\/v2\/users\/1"}],"replies":[{"embeddable":true,"href":"https:\/\/www.qualifiednetworks.com\/fr\/wp-json\/wp\/v2\/comments?post=6973"}],"version-history":[{"count":3,"href":"https:\/\/www.qualifiednetworks.com\/fr\/wp-json\/wp\/v2\/pages\/6973\/revisions"}],"predecessor-version":[{"id":6976,"href":"https:\/\/www.qualifiednetworks.com\/fr\/wp-json\/wp\/v2\/pages\/6973\/revisions\/6976"}],"up":[{"embeddable":true,"href":"https:\/\/www.qualifiednetworks.com\/fr\/wp-json\/wp\/v2\/pages\/6961"}],"wp:attachment":[{"href":"https:\/\/www.qualifiednetworks.com\/fr\/wp-json\/wp\/v2\/media?parent=6973"}],"curies":[{"name":"wp","href":"https:\/\/api.w.org\/{rel}","templated":true}]}}