 {"id":6997,"date":"2025-11-19T18:14:54","date_gmt":"2025-11-19T18:14:54","guid":{"rendered":"https:\/\/www.qualifiednetworks.com\/produits\/composants\/composants-hp\/"},"modified":"2025-11-19T18:14:56","modified_gmt":"2025-11-19T18:14:56","slug":"composants-hp","status":"publish","type":"page","link":"https:\/\/www.qualifiednetworks.com\/fr\/produits\/composants\/composants-hp\/","title":{"rendered":"Composants HP"},"content":{"rendered":"<div class=\"wpb-content-wrapper\"><p>[vc_section full_width=\u00a0\u00bbstretch_row\u00a0\u00bb el_class=\u00a0\u00bbduurzaamheid section-intro pb-70&Prime; css=\u00a0\u00bb.vc_custom_1748354937211{background-color: #F7F7FA !important;}\u00a0\u00bb][vc_row el_class=\u00a0\u00bbbrand-section pt-180&Prime;][vc_column width=\u00a0\u00bb6\/12&Prime;][vc_custom_heading text=\u00a0\u00bbPi\u00e8ces et extensions pour syst\u00e8mes HP\u00a0\u00bb font_container=\u00a0\u00bbtag:div|text_align:left\u00a0\u00bb use_theme_fonts=\u00a0\u00bbyes\u00a0\u00bb css=\u00a0\u00bb\u00a0\u00bb el_class=\u00a0\u00bbsubtitle\u00a0\u00bb][vc_custom_heading text=\u00a0\u00bbComposants HP\u00a0\u00bb font_container=\u00a0\u00bbtag:h1|text_align:left\u00a0\u00bb use_theme_fonts=\u00a0\u00bbyes\u00a0\u00bb css=\u00a0\u00bb\u00a0\u00bb][vc_column_text css=\u00a0\u00bb\u00a0\u00bb]Les composants HP constituent la base d&rsquo;infrastructures informatiques fiables. Qu&rsquo;il s&rsquo;agisse de m\u00e9moire suppl\u00e9mentaire, de cartes r\u00e9seau ou d&rsquo;alimentations de remplacement, les pi\u00e8ces HP d&rsquo;origine garantissent des performances optimales de votre mat\u00e9riel. Qualified Networks fournit des composants HP neufs et reconditionn\u00e9s, rigoureusement test\u00e9s et pr\u00eats \u00e0 l&#8217;emploi dans votre environnement existant.[\/vc_column_text][vc_row_inner el_class=\u00a0\u00bbbuttons service-mobile-cta\u00a0\u00bb][vc_column_inner width=\u00a0\u00bb1\/2&Prime; css=\u00a0\u00bb.vc_custom_1740487265499{padding-right: 10px !important;padding-left: 0px !important;}\u00a0\u00bb][vc_btn title=\u00a0\u00bbDemander un devis\u00a0\u00bb css=\u00a0\u00bb\u00a0\u00bb link=\u00a0\u00bburl:https%3A%2F%2Fwww.qualifiednetworks.com%2Ffr%2Fdemander-un-devis%2F|\u00a0\u00bb][\/vc_column_inner][vc_column_inner width=\u00a0\u00bb1\/2&Prime; css=\u00a0\u00bb.vc_custom_1740487216177{padding-right: 0px !important;padding-left: 0px !important;}\u00a0\u00bb][vc_btn title=\u00a0\u00bbNous contacter\u00a0\u00bb style=\u00a0\u00bboutline\u00a0\u00bb css=\u00a0\u00bb\u00a0\u00bb link=\u00a0\u00bburl:https%3A%2F%2Fwww.qualifiednetworks.com%2Ffr%2Fcontact%2F|\u00a0\u00bb][\/vc_column_inner][\/vc_row_inner][vc_column_text][\/vc_column_text][\/vc_column][vc_column width=\u00a0\u00bb1\/12&Prime;][\/vc_column][vc_column width=\u00a0\u00bb5\/12&Prime; el_class=\u00a0\u00bbform\u00a0\u00bb][vc_custom_heading text=\u00a0\u00bbPourquoi Qualified Networks ?\u00a0\u00bb font_container=\u00a0\u00bbtag:h2|font_size:25px|text_align:left\u00a0\u00bb use_theme_fonts=\u00a0\u00bbyes\u00a0\u00bb css=\u00a0\u00bb\u00a0\u00bb][vc_column_text css=\u00a0\u00bb\u00a0\u00bb el_class=\u00a0\u00bblist\u00a0\u00bb]<\/p>\n<ul>\n<li><strong>Pi\u00e8ces HP neuves et reconditionn\u00e9es disponibles pour une livraison imm\u00e9diate<\/strong><\/li>\n<li><strong>Test\u00e9 et v\u00e9rifi\u00e9 fonctionnellement en profondeur<\/strong><\/li>\n<li><strong>Conseils d&rsquo;experts sur la compatibilit\u00e9 et les performances<\/strong><\/li>\n<li><strong>Livraison rapide et garantie \u00e0 vie sur les produits reconditionn\u00e9s<\/strong><\/li>\n<\/ul>\n<p>[\/vc_column_text][\/vc_column][\/vc_row][vc_row equal_height=\u00a0\u00bbyes\u00a0\u00bb el_class=\u00a0\u00bbkwaliteit pb-90 pt-120&Prime;][vc_column width=\u00a0\u00bb5\/12&Prime;][vc_custom_heading text=\u00a0\u00bbModules compl\u00e9mentaires HP populaires\u00a0\u00bb font_container=\u00a0\u00bbtag:div|text_align:left\u00a0\u00bb use_theme_fonts=\u00a0\u00bbyes\u00a0\u00bb css=\u00a0\u00bb\u00a0\u00bb el_class=\u00a0\u00bbsubtitle\u00a0\u00bb][vc_custom_heading text=\u00a0\u00bbComposants HP populaires\u00a0\u00bb use_theme_fonts=\u00a0\u00bbyes\u00a0\u00bb css=\u00a0\u00bb\u00a0\u00bb][vc_column_text css=\u00a0\u00bb\u00a0\u00bb]HP propose une vaste gamme de composants pour serveurs, stockage et r\u00e9seaux. Vous trouverez ci-dessous une s\u00e9lection de produits courants que nous fournissons r\u00e9guli\u00e8rement.[\/vc_column_text][vc_tta_accordion title_tag=\u00a0\u00bbp\u00a0\u00bb section_title_tag=\u00a0\u00bbp\u00a0\u00bb style=\u00a0\u00bboutline\u00a0\u00bb shape=\u00a0\u00bbsquare\u00a0\u00bb color=\u00a0\u00bbblack\u00a0\u00bb c_position=\u00a0\u00bbright\u00a0\u00bb active_section=\u00a0\u00bb100&Prime; collapsible_all=\u00a0\u00bbtrue\u00a0\u00bb el_class=\u00a0\u00bbfaq-list\u00a0\u00bb][vc_tta_section title=\u00a0\u00bbModule de m\u00e9moire HP 16 Go DDR4 ECC\u00a0\u00bb tab_id=\u00a0\u00bb1739950626685-57982fb7-7b0d5507-9270&Prime; el_class=\u00a0\u00bbfaq-first\u00a0\u00bb][vc_column_text css=\u00a0\u00bb\u00a0\u00bb]M\u00e9moire serveur avec correction d&rsquo;erreurs pour des performances fiables et une stabilit\u00e9 syst\u00e8me accrue.[\/vc_column_text][\/vc_tta_section][vc_tta_section title=\u00a0\u00bbDisque dur SAS HP 600 Go 10K\u00a0\u00bb tab_id=\u00a0\u00bb1739950826636-55c2f176-34655507-9270&Prime; el_class=\u00a0\u00bbfaq-second\u00a0\u00bb][vc_column_text css=\u00a0\u00bb\u00a0\u00bb]Disque dur professionnel haute vitesse et durable pour serveurs HP ProLiant.[\/vc_column_text][\/vc_tta_section][vc_tta_section title=\u00a0\u00bbBloc d&apos;alimentation HP 500 W\u00a0\u00bb tab_id=\u00a0\u00bb1739950825489-c6fadf36-f1965507-9270&Prime; el_class=\u00a0\u00bbfaq-third\u00a0\u00bb][vc_column_text css=\u00a0\u00bb\u00a0\u00bb]Alimentation efficace pour serveurs HP avec protection contre les surtensions et la surchauffe.[\/vc_column_text][\/vc_tta_section][vc_tta_section title=\u00a0\u00bbAdaptateur Ethernet HP 1 Gb \u00e0 4 ports\u00a0\u00bb tab_id=\u00a0\u00bb1739950824730-15fe4dd0-cd925507-9270&Prime; el_class=\u00a0\u00bbfaq-fourth\u00a0\u00bb][vc_column_text css=\u00a0\u00bb\u00a0\u00bb]Carte r\u00e9seau dot\u00e9e de quatre ports Gigabit Ethernet pour une bande passante et une redondance accrues.[\/vc_column_text][\/vc_tta_section][vc_tta_section title=\u00a0\u00bbContr\u00f4leur HP Smart Array P440&Prime; tab_id=\u00a0\u00bb1747834971747-e60e21e7-7c7e5507-9270&Prime; el_class=\u00a0\u00bbfaq-fourth\u00a0\u00bb][vc_column_text css=\u00a0\u00bb\u00a0\u00bb]Contr\u00f4leur RAID pour des performances de stockage et une protection des donn\u00e9es am\u00e9lior\u00e9es dans les environnements serveurs HP.[\/vc_column_text][\/vc_tta_section][\/vc_tta_accordion][\/vc_column][vc_column width=\u00a0\u00bb1\/12&Prime;][\/vc_column][vc_column width=\u00a0\u00bb6\/12&Prime; el_class=\u00a0\u00bbmo-1&Prime;][vc_single_image image=\u00a0\u00bb6603&Prime; img_size=\u00a0\u00bbfull\u00a0\u00bb css=\u00a0\u00bb\u00a0\u00bb][\/vc_column][\/vc_row][vc_row el_class=\u00a0\u00bbsection-bestservice section-bestservice-small section-bestservice-row\u00a0\u00bb][vc_column width=\u00a0\u00bb1\/2&Prime; el_class=\u00a0\u00bbinner\u00a0\u00bb][vc_custom_heading text=\u00a0\u00bbPi\u00e8ces HP en commande\u00a0\u00bb use_theme_fonts=\u00a0\u00bbyes\u00a0\u00bb css=\u00a0\u00bb\u00a0\u00bb][vc_column_text css=\u00a0\u00bb\u00a0\u00bb]<\/p>\n<p data-start=\"2017\" data-end=\"2203\">Vous recherchez une pi\u00e8ce HP ou un module d&rsquo;extension sp\u00e9cifique ? Nous pouvons fournir quasiment tous les types de composants, souvent sous 24 heures. Contactez-nous pour conna\u00eetre la disponibilit\u00e9 et la compatibilit\u00e9 avec votre syst\u00e8me.  <\/p>\n<p>[\/vc_column_text][vc_btn title=\u00a0\u00bbNous contacter\u00a0\u00bb css=\u00a0\u00bb\u00a0\u00bb link=\u00a0\u00bburl:https%3A%2F%2Fwww.qualifiednetworks.com%2Ffr%2Fcontact%2F|title:Nous%20contacter|\u00a0\u00bb][vc_btn title=\u00a0\u00bbRappelle-moi\u00a0\u00bb style=\u00a0\u00bboutline\u00a0\u00bb color=\u00a0\u00bbwhite\u00a0\u00bb css=\u00a0\u00bb\u00a0\u00bb link=\u00a0\u00bburl:https%3A%2F%2Fwww.qualifiednetworks.com%2Ffr%2Fcontact%2F|title:Rappelle-moi|\u00a0\u00bb][\/vc_column][vc_column width=\u00a0\u00bb1\/2&Prime;][\/vc_column][\/vc_row][\/vc_section][vc_row el_class=\u00a0\u00bbpt-100 pb-130&Prime;][vc_column width=\u00a0\u00bb7\/12&Prime; el_class=\u00a0\u00bbleft-content\u00a0\u00bb][vc_custom_heading text=\u00a0\u00bbFaq\u00a0\u00bb font_container=\u00a0\u00bbtag:div|text_align:left\u00a0\u00bb use_theme_fonts=\u00a0\u00bbyes\u00a0\u00bb el_class=\u00a0\u00bbsubtitle\u00a0\u00bb][vc_custom_heading text=\u00a0\u00bbquestion et r\u00e9ponse\u00a0\u00bb use_theme_fonts=\u00a0\u00bbyes\u00a0\u00bb css=\u00a0\u00bb\u00a0\u00bb el_id=\u00a0\u00bbfaq-first\u00a0\u00bb][vc_tta_accordion title_tag=\u00a0\u00bbp\u00a0\u00bb section_title_tag=\u00a0\u00bbp\u00a0\u00bb style=\u00a0\u00bboutline\u00a0\u00bb shape=\u00a0\u00bbsquare\u00a0\u00bb color=\u00a0\u00bbblack\u00a0\u00bb c_position=\u00a0\u00bbright\u00a0\u00bb active_section=\u00a0\u00bb100&Prime; collapsible_all=\u00a0\u00bbtrue\u00a0\u00bb][vc_tta_section title=\u00a0\u00bbPour quels syst\u00e8mes HP fournissez-vous des pi\u00e8ces d\u00e9tach\u00e9es ?\u00a0\u00bb tab_id=\u00a0\u00bb1740059542177-a6d79dfd-70e55507-9270&Prime;][vc_column_text css=\u00a0\u00bb\u00a0\u00bb]<\/p>\n<p data-pm-slice=\"1 1 []\">Nous fournissons des composants pour les serveurs, le stockage et les \u00e9quipements r\u00e9seau HP et HPE.<\/p>\n<p>[\/vc_column_text][\/vc_tta_section][vc_tta_section title=\u00a0\u00bbLes pi\u00e8ces remises \u00e0 neuf sont-elles aussi fiables que les neuves ?\u00a0\u00bb tab_id=\u00a0\u00bb1747836109474-65abd71d-182e5507-9270&Prime;][vc_column_text css=\u00a0\u00bb\u00a0\u00bb]Oui, chaque composant est test\u00e9 et inspect\u00e9 de mani\u00e8re approfondie selon les m\u00eames normes de qualit\u00e9.[\/vc_column_text][\/vc_tta_section][vc_tta_section title=\u00a0\u00bbPouvez-vous nous aider \u00e0 d\u00e9terminer la compatibilit\u00e9 ?\u00a0\u00bb tab_id=\u00a0\u00bb1747836106778-3a6b61ac-1ef85507-9270&Prime;][vc_column_text css=\u00a0\u00bb\u00a0\u00bb]Oui, nous vous conseillons sur les composants adapt\u00e9s en fonction du type et de la configuration de votre mat\u00e9riel HP.[\/vc_column_text][\/vc_tta_section][vc_tta_section title=\u00a0\u00bbDans quel d\u00e9lai pouvez-vous livrer ?\u00a0\u00bb tab_id=\u00a0\u00bb1747836106236-15e39d87-0d775507-9270&Prime;][vc_column_text css=\u00a0\u00bb\u00a0\u00bb]De nombreuses pi\u00e8ces sont disponibles directement en stock et souvent livr\u00e9es sous 24 heures.[\/vc_column_text][\/vc_tta_section][vc_tta_section title=\u00a0\u00bbQue deviennent les pi\u00e8ces us\u00e9es ou d\u00e9fectueuses ?\u00a0\u00bb tab_id=\u00a0\u00bb1747836105323-499530d2-cc505507-9270&Prime;][vc_column_text css=\u00a0\u00bb\u00a0\u00bb]Nous reprenons le mat\u00e9riel informatique obsol\u00e8te, effectuons un effacement certifi\u00e9 des donn\u00e9es et assurons un traitement durable.[\/vc_column_text][\/vc_tta_section][\/vc_tta_accordion][vc_btn title=\u00a0\u00bbPlus de questions fr\u00e9quemment pos\u00e9es\u00a0\u00bb style=\u00a0\u00bboutline\u00a0\u00bb css=\u00a0\u00bb\u00a0\u00bb link=\u00a0\u00bburl:https%3A%2F%2Fwww.qualifiednetworks.com%2Ffr%2Ffaq%2F|\u00a0\u00bb el_class=\u00a0\u00bbpt-30&Prime;][\/vc_column][vc_column width=\u00a0\u00bb5\/12&Prime; el_class=\u00a0\u00bbfaq-sidebar\u00a0\u00bb][vc_custom_heading text=\u00a0\u00bbContact\u00a0\u00bb font_container=\u00a0\u00bbtag:div|text_align:left\u00a0\u00bb use_theme_fonts=\u00a0\u00bbyes\u00a0\u00bb el_class=\u00a0\u00bbsubtitle\u00a0\u00bb][vc_custom_heading text=\u00a0\u00bbune autre question ?\u00a0\u00bb use_theme_fonts=\u00a0\u00bbyes\u00a0\u00bb css=\u00a0\u00bb.vc_custom_1747836143916{margin-bottom: 5px !important;}\u00a0\u00bb][vc_column_text css=\u00a0\u00bb.vc_custom_1747836159058{margin-bottom: 10px !important;}\u00a0\u00bb el_class=\u00a0\u00bbsub-title\u00a0\u00bb]Veuillez nous contacter pour plus d&rsquo;informations.[\/vc_column_text][vc_row_inner el_class=\u00a0\u00bbfaq-contact-block\u00a0\u00bb][vc_column_inner width=\u00a0\u00bb1\/4&Prime;][vc_single_image image=\u00a0\u00bb3814&Prime; img_size=\u00a0\u00bblarge\u00a0\u00bb style=\u00a0\u00bbvc_box_circle_2&Prime; onclick=\u00a0\u00bbcustom_link\u00a0\u00bb css=\u00a0\u00bb\u00a0\u00bb link=\u00a0\u00bb\/author\/oskar-paarhuis\/\u00a0\u00bb][\/vc_column_inner][vc_column_inner width=\u00a0\u00bb3\/4&Prime;][vc_column_text css=\u00a0\u00bb\u00a0\u00bb]<\/p>\n<div class=\"contact-wrapper\">\n<div class=\"contact-info\">\n<h6 class=\"name\"><a href=\"\/author\/oskar-paarhuis\/\">Oskar Paarhuis<\/a><\/h6>\n<p><a href=\"\/author\/oskar-paarhuis\/\"><span class=\"position\">Sp\u00e9cialiste informatique<\/span><\/a><\/p>\n<\/div>\n<div class=\"contact-details\"><span class=\"contact-tel\"><a href=\"tel:+31202402350\">+31 (0) 20-2402350<\/a><\/span><span class=\"contact-email\"><br \/>\n<a href=\"mailto:info@qualifiednetworks.com\">info@qualifiednetworks.com<\/a><br \/>\n<\/span><\/div>\n<\/div>\n<p>[\/vc_column_text][\/vc_column_inner][\/vc_row_inner][\/vc_column][\/vc_row]<\/p>\n<\/div>","protected":false},"excerpt":{"rendered":"<p>[vc_section full_width=\u00a0\u00bbstretch_row\u00a0\u00bb el_class=\u00a0\u00bbduurzaamheid section-intro pb-70&Prime; css=\u00a0\u00bb.vc_custom_1748354937211{background-color: #F7F7FA !important;}\u00a0\u00bb][vc_row el_class=\u00a0\u00bbbrand-section pt-180&Prime;][vc_column width=\u00a0\u00bb6\/12&Prime;][vc_custom_heading text=\u00a0\u00bbPi\u00e8ces et extensions pour syst\u00e8mes HP\u00a0\u00bb font_container=\u00a0\u00bbtag:div|text_align:left\u00a0\u00bb use_theme_fonts=\u00a0\u00bbyes\u00a0\u00bb css=\u00a0\u00bb\u00a0\u00bb el_class=\u00a0\u00bbsubtitle\u00a0\u00bb][vc_custom_heading text=\u00a0\u00bbComposants HP\u00a0\u00bb font_container=\u00a0\u00bbtag:h1|text_align:left\u00a0\u00bb use_theme_fonts=\u00a0\u00bbyes\u00a0\u00bb css=\u00a0\u00bb\u00a0\u00bb][vc_column_text css=\u00a0\u00bb\u00a0\u00bb]Les composants HP constituent la base d&rsquo;infrastructures informatiques fiables. Qu&rsquo;il s&rsquo;agisse de m\u00e9moire suppl\u00e9mentaire, de cartes r\u00e9seau ou d&rsquo;alimentations de remplacement, les pi\u00e8ces HP d&rsquo;origine garantissent des performances optimales [&hellip;]<\/p>\n","protected":false},"author":1,"featured_media":0,"parent":6961,"menu_order":0,"comment_status":"closed","ping_status":"closed","template":"","meta":{"footnotes":""},"class_list":["post-6997","page","type-page","status-publish","hentry"],"acf":[],"_links":{"self":[{"href":"https:\/\/www.qualifiednetworks.com\/fr\/wp-json\/wp\/v2\/pages\/6997","targetHints":{"allow":["GET"]}}],"collection":[{"href":"https:\/\/www.qualifiednetworks.com\/fr\/wp-json\/wp\/v2\/pages"}],"about":[{"href":"https:\/\/www.qualifiednetworks.com\/fr\/wp-json\/wp\/v2\/types\/page"}],"author":[{"embeddable":true,"href":"https:\/\/www.qualifiednetworks.com\/fr\/wp-json\/wp\/v2\/users\/1"}],"replies":[{"embeddable":true,"href":"https:\/\/www.qualifiednetworks.com\/fr\/wp-json\/wp\/v2\/comments?post=6997"}],"version-history":[{"count":3,"href":"https:\/\/www.qualifiednetworks.com\/fr\/wp-json\/wp\/v2\/pages\/6997\/revisions"}],"predecessor-version":[{"id":7000,"href":"https:\/\/www.qualifiednetworks.com\/fr\/wp-json\/wp\/v2\/pages\/6997\/revisions\/7000"}],"up":[{"embeddable":true,"href":"https:\/\/www.qualifiednetworks.com\/fr\/wp-json\/wp\/v2\/pages\/6961"}],"wp:attachment":[{"href":"https:\/\/www.qualifiednetworks.com\/fr\/wp-json\/wp\/v2\/media?parent=6997"}],"curies":[{"name":"wp","href":"https:\/\/api.w.org\/{rel}","templated":true}]}}