 {"id":7141,"date":"2025-11-19T21:03:12","date_gmt":"2025-11-19T21:03:12","guid":{"rendered":"https:\/\/www.qualifiednetworks.com\/produits\/optique\/optique-juniper\/"},"modified":"2025-11-19T21:03:14","modified_gmt":"2025-11-19T21:03:14","slug":"optique-juniper","status":"publish","type":"page","link":"https:\/\/www.qualifiednetworks.com\/fr\/produits\/optique\/optique-juniper\/","title":{"rendered":"Optique Juniper"},"content":{"rendered":"<div class=\"wpb-content-wrapper\"><p>[vc_section full_width=\u00a0\u00bbstretch_row\u00a0\u00bb el_class=\u00a0\u00bbduurzaamheid section-intro pb-70&Prime; css=\u00a0\u00bb.vc_custom_1748354937211{background-color: #F7F7FA !important;}\u00a0\u00bb][vc_row el_class=\u00a0\u00bbbrand-section pt-180&Prime;][vc_column width=\u00a0\u00bb6\/12&Prime;][vc_custom_heading text=\u00a0\u00bbConnexions haut d\u00e9bit et fiables\u00a0\u00bb font_container=\u00a0\u00bbtag:div|text_align:left\u00a0\u00bb use_theme_fonts=\u00a0\u00bbyes\u00a0\u00bb css=\u00a0\u00bb\u00a0\u00bb el_class=\u00a0\u00bbsubtitle\u00a0\u00bb][vc_custom_heading text=\u00a0\u00bbOptique Juniper\u00a0\u00bb font_container=\u00a0\u00bbtag:h1|text_align:left\u00a0\u00bb use_theme_fonts=\u00a0\u00bbyes\u00a0\u00bb css=\u00a0\u00bb\u00a0\u00bb][vc_column_text css=\u00a0\u00bb\u00a0\u00bb]Les solutions optiques Juniper assurent des connexions fibre optique fiables entre les \u00e9quipements r\u00e9seau. Elles sont con\u00e7ues pour les environnements d&rsquo;entreprise, les fournisseurs de services et les centres de donn\u00e9es. De 1G \u00e0 100G, Juniper propose une large gamme d&rsquo;\u00e9metteurs-r\u00e9cepteurs alliant performance et compatibilit\u00e9. Qualified Networks fournit des solutions optiques Juniper neuves et reconditionn\u00e9es, syst\u00e9matiquement test\u00e9es et pr\u00eates \u00e0 l&#8217;emploi.[\/vc_column_text][vc_row_inner el_class=\u00a0\u00bbbuttons service-mobile-cta\u00a0\u00bb][vc_column_inner width=\u00a0\u00bb1\/2&Prime; css=\u00a0\u00bb.vc_custom_1740487265499{padding-right: 10px !important;padding-left: 0px !important;}\u00a0\u00bb][vc_btn title=\u00a0\u00bbDemander un devis\u00a0\u00bb css=\u00a0\u00bb\u00a0\u00bb link=\u00a0\u00bburl:https%3A%2F%2Fwww.qualifiednetworks.com%2Ffr%2Fdemander-un-devis%2F|title:Demander%20un%20devis|\u00a0\u00bb][\/vc_column_inner][vc_column_inner width=\u00a0\u00bb1\/2&Prime; css=\u00a0\u00bb.vc_custom_1740487216177{padding-right: 0px !important;padding-left: 0px !important;}\u00a0\u00bb][vc_btn title=\u00a0\u00bbNous contacter\u00a0\u00bb style=\u00a0\u00bboutline\u00a0\u00bb css=\u00a0\u00bb\u00a0\u00bb link=\u00a0\u00bburl:https%3A%2F%2Fwww.qualifiednetworks.com%2Ffr%2Fcontact%2F|title:Nous%20contacter|\u00a0\u00bb][\/vc_column_inner][\/vc_row_inner][vc_column_text][\/vc_column_text][\/vc_column][vc_column width=\u00a0\u00bb1\/12&Prime;][\/vc_column][vc_column width=\u00a0\u00bb5\/12&Prime; el_class=\u00a0\u00bbform\u00a0\u00bb][vc_custom_heading text=\u00a0\u00bbPourquoi Qualified Networks ?\u00a0\u00bb font_container=\u00a0\u00bbtag:h2|font_size:25px|text_align:left\u00a0\u00bb use_theme_fonts=\u00a0\u00bbyes\u00a0\u00bb css=\u00a0\u00bb\u00a0\u00bb][vc_column_text css=\u00a0\u00bb\u00a0\u00bb el_class=\u00a0\u00bblist\u00a0\u00bb]<\/p>\n<ul>\n<li><strong>\u00c9metteurs-r\u00e9cepteurs Juniper remis \u00e0 neuf et neufs<\/strong><\/li>\n<li><strong>Garantie \u00e0 vie sur les modules d&rsquo;occasion<\/strong><\/li>\n<li><strong>Livraison rapide et conseils personnalis\u00e9s<\/strong><\/li>\n<\/ul>\n<p>[\/vc_column_text][\/vc_column][\/vc_row][vc_row equal_height=\u00a0\u00bbyes\u00a0\u00bb el_class=\u00a0\u00bbkwaliteit pb-90 pt-120&Prime;][vc_column width=\u00a0\u00bb5\/12&Prime;][vc_custom_heading text=\u00a0\u00bbModules fr\u00e9quemment demand\u00e9s\u00a0\u00bb font_container=\u00a0\u00bbtag:div|text_align:left\u00a0\u00bb use_theme_fonts=\u00a0\u00bbyes\u00a0\u00bb css=\u00a0\u00bb\u00a0\u00bb el_class=\u00a0\u00bbsubtitle\u00a0\u00bb][vc_custom_heading text=\u00a0\u00bbOptiques Juniper populaires\u00a0\u00bb use_theme_fonts=\u00a0\u00bbyes\u00a0\u00bb css=\u00a0\u00bb\u00a0\u00bb][vc_column_text css=\u00a0\u00bb\u00a0\u00bb]Vous trouverez ci-dessous une s\u00e9lection des \u00e9metteurs-r\u00e9cepteurs Juniper que nous fournissons le plus fr\u00e9quemment. Ils conviennent \u00e0 diff\u00e9rentes vitesses, distances et applications r\u00e9seau.[\/vc_column_text][vc_tta_accordion title_tag=\u00a0\u00bbp\u00a0\u00bb section_title_tag=\u00a0\u00bbp\u00a0\u00bb style=\u00a0\u00bboutline\u00a0\u00bb shape=\u00a0\u00bbsquare\u00a0\u00bb color=\u00a0\u00bbblack\u00a0\u00bb c_position=\u00a0\u00bbright\u00a0\u00bb active_section=\u00a0\u00bb100&Prime; collapsible_all=\u00a0\u00bbtrue\u00a0\u00bb el_class=\u00a0\u00bbfaq-list\u00a0\u00bb][vc_tta_section title=\u00a0\u00bbJuniper EX-SFP-1GE-LX\u00a0\u00bb tab_id=\u00a0\u00bb1739950626685-57982fb7-7b0d5507-9270&Prime; el_class=\u00a0\u00bbfaq-first\u00a0\u00bb][vc_column_text css=\u00a0\u00bb\u00a0\u00bb]\u00c9metteur-r\u00e9cepteur Gigabit pour fibre monomode. Prend en charge les connexions jusqu&rsquo;\u00e0 10 kilom\u00e8tres.[\/vc_column_text][\/vc_tta_section][vc_tta_section title=\u00a0\u00bbJuniper EX-SFP-10GE-SR\u00a0\u00bb tab_id=\u00a0\u00bb1739950826636-55c2f176-34655507-9270&Prime; el_class=\u00a0\u00bbfaq-second\u00a0\u00bb][vc_column_text css=\u00a0\u00bb\u00a0\u00bb]Module 10G pour les courtes distances sur fibre multimode. Couramment utilis\u00e9 dans les r\u00e9seaux de campus et les centres de donn\u00e9es.[\/vc_column_text][\/vc_tta_section][vc_tta_section title=\u00a0\u00bbJuniper QFX-QSFP-40G-SR4&Prime; tab_id=\u00a0\u00bb1739950825489-c6fadf36-f1965507-9270&Prime; el_class=\u00a0\u00bbfaq-third\u00a0\u00bb][vc_column_text css=\u00a0\u00bb\u00a0\u00bb]\u00c9metteur-r\u00e9cepteur 40G avec technologie multimode parall\u00e8le. Id\u00e9al pour les liaisons dorsales haut d\u00e9bit jusqu&rsquo;\u00e0 150 m\u00e8tres.[\/vc_column_text][\/vc_tta_section][vc_tta_section title=\u00a0\u00bbJuniper JNP-QSFP-100G-LR4&Prime; tab_id=\u00a0\u00bb1739950824730-15fe4dd0-cd925507-9270&Prime; el_class=\u00a0\u00bbfaq-fourth\u00a0\u00bb][vc_column_text css=\u00a0\u00bb\u00a0\u00bb]Module 100G pour les longues distances. Souvent utilis\u00e9 pour les interconnexions entre centres de donn\u00e9es ou grands sites.[\/vc_column_text][\/vc_tta_section][vc_tta_section title=\u00a0\u00bbJuniper SFPP-10GE-LR\u00a0\u00bb tab_id=\u00a0\u00bb1747834971747-e60e21e7-7c7e5507-9270&Prime; el_class=\u00a0\u00bbfaq-fourth\u00a0\u00bb][vc_column_text css=\u00a0\u00bb\u00a0\u00bb]Module monomode 10G pour des connexions jusqu&rsquo;\u00e0 10 kilom\u00e8tres. Convient \u00e0 diverses applications d&rsquo;entreprise et de fournisseurs d&rsquo;acc\u00e8s Internet.[\/vc_column_text][\/vc_tta_section][\/vc_tta_accordion][\/vc_column][vc_column width=\u00a0\u00bb1\/12&Prime;][\/vc_column][vc_column width=\u00a0\u00bb6\/12&Prime; el_class=\u00a0\u00bbmo-1&Prime;][vc_single_image image=\u00a0\u00bb6077&Prime; img_size=\u00a0\u00bbfull\u00a0\u00bb css=\u00a0\u00bb\u00a0\u00bb][\/vc_column][\/vc_row][vc_row el_class=\u00a0\u00bbsection-bestservice section-bestservice-small section-bestservice-row\u00a0\u00bb][vc_column width=\u00a0\u00bb1\/2&Prime; el_class=\u00a0\u00bbinner\u00a0\u00bb][vc_custom_heading text=\u00a0\u00bbVous recherchez un mod\u00e8le sp\u00e9cifique ?\u00a0\u00bb use_theme_fonts=\u00a0\u00bbyes\u00a0\u00bb css=\u00a0\u00bb\u00a0\u00bb][vc_column_text css=\u00a0\u00bb\u00a0\u00bb]<\/p>\n<p data-start=\"2017\" data-end=\"2203\">Vous recherchez un autre \u00e9metteur-r\u00e9cepteur Juniper ? Nous pouvons vous fournir pratiquement tous les mod\u00e8les, souvent sous 24 heures. Demandez un devis ou contactez notre \u00e9quipe.  <\/p>\n<p>[\/vc_column_text][vc_btn title=\u00a0\u00bbNous contacter\u00a0\u00bb css=\u00a0\u00bb\u00a0\u00bb link=\u00a0\u00bburl:https%3A%2F%2Fwww.qualifiednetworks.com%2Ffr%2Fcontact%2F|title:Nous%20contacter|\u00a0\u00bb][vc_btn title=\u00a0\u00bbRappelle-moi\u00a0\u00bb style=\u00a0\u00bboutline\u00a0\u00bb color=\u00a0\u00bbwhite\u00a0\u00bb css=\u00a0\u00bb\u00a0\u00bb link=\u00a0\u00bburl:https%3A%2F%2Fwww.qualifiednetworks.com%2Ffr%2Fcontact%2F|title:Rappelle-moi|\u00a0\u00bb][\/vc_column][vc_column width=\u00a0\u00bb1\/2&Prime;][\/vc_column][\/vc_row][\/vc_section][vc_row el_class=\u00a0\u00bbpt-100 pb-130&Prime;][vc_column width=\u00a0\u00bb7\/12&Prime; el_class=\u00a0\u00bbleft-content\u00a0\u00bb][vc_custom_heading text=\u00a0\u00bbFaq\u00a0\u00bb font_container=\u00a0\u00bbtag:div|text_align:left\u00a0\u00bb use_theme_fonts=\u00a0\u00bbyes\u00a0\u00bb el_class=\u00a0\u00bbsubtitle\u00a0\u00bb][vc_custom_heading text=\u00a0\u00bbquestion et r\u00e9ponse\u00a0\u00bb use_theme_fonts=\u00a0\u00bbyes\u00a0\u00bb css=\u00a0\u00bb\u00a0\u00bb el_id=\u00a0\u00bbfaq-first\u00a0\u00bb][vc_tta_accordion title_tag=\u00a0\u00bbp\u00a0\u00bb section_title_tag=\u00a0\u00bbp\u00a0\u00bb style=\u00a0\u00bboutline\u00a0\u00bb shape=\u00a0\u00bbsquare\u00a0\u00bb color=\u00a0\u00bbblack\u00a0\u00bb c_position=\u00a0\u00bbright\u00a0\u00bb active_section=\u00a0\u00bb100&Prime; collapsible_all=\u00a0\u00bbtrue\u00a0\u00bb][vc_tta_section title=\u00a0\u00bbLes optiques Juniper sont-elles compatibles avec les commutateurs d&apos;autres marques ?\u00a0\u00bb tab_id=\u00a0\u00bb1740059542177-a6d79dfd-70e55507-9270&Prime;][vc_column_text css=\u00a0\u00bb\u00a0\u00bb]<\/p>\n<p data-pm-slice=\"1 1 []\">Les optiques Juniper sont optimis\u00e9es pour les \u00e9quipements Juniper. Des modules universels ou tiers sont souvent n\u00e9cessaires pour une utilisation avec d&rsquo;autres marques. Nous sommes \u00e0 votre disposition pour vous conseiller.  <\/p>\n<p>[\/vc_column_text][\/vc_tta_section][vc_tta_section title=\u00a0\u00bbQuelle est la diff\u00e9rence entre les modules SR et LR ?\u00a0\u00bb tab_id=\u00a0\u00bb1747836109474-65abd71d-182e5507-9270&Prime;][vc_column_text css=\u00a0\u00bb\u00a0\u00bb]SR signifie courte port\u00e9e et est utilis\u00e9 avec la fibre multimode. LR est destin\u00e9 aux applications longue port\u00e9e avec la fibre monomode.[\/vc_column_text][\/vc_tta_section][vc_tta_section title=\u00a0\u00bbLes optiques Juniper remises \u00e0 neuf sont-elles garanties ?\u00a0\u00bb tab_id=\u00a0\u00bb1747836106778-3a6b61ac-1ef85507-9270&Prime;][vc_column_text css=\u00a0\u00bb\u00a0\u00bb]Oui, toutes nos optiques remises \u00e0 neuf sont garanties \u00e0 vie.[\/vc_column_text][\/vc_tta_section][vc_tta_section title=\u00a0\u00bbDans quel d\u00e9lai pouvez-vous livrer ?\u00a0\u00bb tab_id=\u00a0\u00bb1747836106236-15e39d87-0d775507-9270&Prime;][vc_column_text css=\u00a0\u00bb\u00a0\u00bb]Nous avons en stock de nombreux mod\u00e8les courants. Dans la plupart des cas, nous livrons sous 24 heures ouvrables.[\/vc_column_text][\/vc_tta_section][vc_tta_section title=\u00a0\u00bbAchetez-vous \u00e9galement des optiques d&apos;occasion ?\u00a0\u00bb tab_id=\u00a0\u00bb1747836105323-499530d2-cc505507-9270&Prime;][vc_column_text css=\u00a0\u00bb\u00a0\u00bb]Absolument. Nous achetons des \u00e9metteurs-r\u00e9cepteurs Juniper d&rsquo;occasion et assurons leur traitement ou leur r\u00e9utilisation en toute s\u00e9curit\u00e9.[\/vc_column_text][\/vc_tta_section][\/vc_tta_accordion][vc_btn title=\u00a0\u00bbPlus de questions fr\u00e9quemment pos\u00e9es\u00a0\u00bb style=\u00a0\u00bboutline\u00a0\u00bb css=\u00a0\u00bb\u00a0\u00bb link=\u00a0\u00bburl:https%3A%2F%2Fwww.qualifiednetworks.com%2Ffr%2Ffaq%2F|\u00a0\u00bb el_class=\u00a0\u00bbpt-30&Prime;][\/vc_column][vc_column width=\u00a0\u00bb5\/12&Prime; el_class=\u00a0\u00bbfaq-sidebar\u00a0\u00bb][vc_custom_heading text=\u00a0\u00bbContact\u00a0\u00bb font_container=\u00a0\u00bbtag:div|text_align:left\u00a0\u00bb use_theme_fonts=\u00a0\u00bbyes\u00a0\u00bb el_class=\u00a0\u00bbsubtitle\u00a0\u00bb][vc_custom_heading text=\u00a0\u00bbune autre question ?\u00a0\u00bb use_theme_fonts=\u00a0\u00bbyes\u00a0\u00bb css=\u00a0\u00bb.vc_custom_1747836143916{margin-bottom: 5px !important;}\u00a0\u00bb][vc_column_text css=\u00a0\u00bb.vc_custom_1747836159058{margin-bottom: 10px !important;}\u00a0\u00bb el_class=\u00a0\u00bbsub-title\u00a0\u00bb]Veuillez nous contacter pour plus d&rsquo;informations.[\/vc_column_text][vc_row_inner el_class=\u00a0\u00bbfaq-contact-block\u00a0\u00bb][vc_column_inner width=\u00a0\u00bb1\/4&Prime;][vc_single_image image=\u00a0\u00bb3814&Prime; img_size=\u00a0\u00bblarge\u00a0\u00bb style=\u00a0\u00bbvc_box_circle_2&Prime; onclick=\u00a0\u00bbcustom_link\u00a0\u00bb css=\u00a0\u00bb\u00a0\u00bb link=\u00a0\u00bb\/author\/oskar-paarhuis\/\u00a0\u00bb][\/vc_column_inner][vc_column_inner width=\u00a0\u00bb3\/4&Prime;][vc_column_text css=\u00a0\u00bb\u00a0\u00bb]<\/p>\n<div class=\"contact-wrapper\">\n<div class=\"contact-info\">\n<h6 class=\"name\"><a href=\"\/author\/oskar-paarhuis\/\">Oskar Paarhuis<\/a><\/h6>\n<p><a href=\"\/author\/oskar-paarhuis\/\"><span class=\"position\">Sp\u00e9cialiste informatique<\/span><\/a><\/p>\n<\/div>\n<div class=\"contact-details\"><span class=\"contact-tel\"><a href=\"tel:+31202402350\">+31 (0) 20-2402350<\/a><\/span><span class=\"contact-email\"><br \/>\n<a href=\"mailto:info@qualifiednetworks.com\">info@qualifiednetworks.com<\/a><br \/>\n<\/span><\/div>\n<\/div>\n<p>[\/vc_column_text][\/vc_column_inner][\/vc_row_inner][\/vc_column][\/vc_row]<\/p>\n<\/div>","protected":false},"excerpt":{"rendered":"<p>[vc_section full_width=\u00a0\u00bbstretch_row\u00a0\u00bb el_class=\u00a0\u00bbduurzaamheid section-intro pb-70&Prime; css=\u00a0\u00bb.vc_custom_1748354937211{background-color: #F7F7FA !important;}\u00a0\u00bb][vc_row el_class=\u00a0\u00bbbrand-section pt-180&Prime;][vc_column width=\u00a0\u00bb6\/12&Prime;][vc_custom_heading text=\u00a0\u00bbConnexions haut d\u00e9bit et fiables\u00a0\u00bb font_container=\u00a0\u00bbtag:div|text_align:left\u00a0\u00bb use_theme_fonts=\u00a0\u00bbyes\u00a0\u00bb css=\u00a0\u00bb\u00a0\u00bb el_class=\u00a0\u00bbsubtitle\u00a0\u00bb][vc_custom_heading text=\u00a0\u00bbOptique Juniper\u00a0\u00bb font_container=\u00a0\u00bbtag:h1|text_align:left\u00a0\u00bb use_theme_fonts=\u00a0\u00bbyes\u00a0\u00bb css=\u00a0\u00bb\u00a0\u00bb][vc_column_text css=\u00a0\u00bb\u00a0\u00bb]Les solutions optiques Juniper assurent des connexions fibre optique fiables entre les \u00e9quipements r\u00e9seau. Elles sont con\u00e7ues pour les environnements d&rsquo;entreprise, les fournisseurs de services et les centres de donn\u00e9es. [&hellip;]<\/p>\n","protected":false},"author":1,"featured_media":0,"parent":7081,"menu_order":0,"comment_status":"closed","ping_status":"closed","template":"","meta":{"footnotes":""},"class_list":["post-7141","page","type-page","status-publish","hentry"],"acf":[],"_links":{"self":[{"href":"https:\/\/www.qualifiednetworks.com\/fr\/wp-json\/wp\/v2\/pages\/7141","targetHints":{"allow":["GET"]}}],"collection":[{"href":"https:\/\/www.qualifiednetworks.com\/fr\/wp-json\/wp\/v2\/pages"}],"about":[{"href":"https:\/\/www.qualifiednetworks.com\/fr\/wp-json\/wp\/v2\/types\/page"}],"author":[{"embeddable":true,"href":"https:\/\/www.qualifiednetworks.com\/fr\/wp-json\/wp\/v2\/users\/1"}],"replies":[{"embeddable":true,"href":"https:\/\/www.qualifiednetworks.com\/fr\/wp-json\/wp\/v2\/comments?post=7141"}],"version-history":[{"count":3,"href":"https:\/\/www.qualifiednetworks.com\/fr\/wp-json\/wp\/v2\/pages\/7141\/revisions"}],"predecessor-version":[{"id":7144,"href":"https:\/\/www.qualifiednetworks.com\/fr\/wp-json\/wp\/v2\/pages\/7141\/revisions\/7144"}],"up":[{"embeddable":true,"href":"https:\/\/www.qualifiednetworks.com\/fr\/wp-json\/wp\/v2\/pages\/7081"}],"wp:attachment":[{"href":"https:\/\/www.qualifiednetworks.com\/fr\/wp-json\/wp\/v2\/media?parent=7141"}],"curies":[{"name":"wp","href":"https:\/\/api.w.org\/{rel}","templated":true}]}}