 {"id":7285,"date":"2025-11-20T14:08:48","date_gmt":"2025-11-20T14:08:48","guid":{"rendered":"https:\/\/www.qualifiednetworks.com\/produits\/security\/securite-hp\/"},"modified":"2025-11-20T14:08:50","modified_gmt":"2025-11-20T14:08:50","slug":"securite-hp","status":"publish","type":"page","link":"https:\/\/www.qualifiednetworks.com\/fr\/produits\/security\/securite-hp\/","title":{"rendered":"S\u00e9curit\u00e9 HP"},"content":{"rendered":"<div class=\"wpb-content-wrapper\"><p>[vc_section full_width=\u00a0\u00bbstretch_row\u00a0\u00bb el_class=\u00a0\u00bbduurzaamheid section-intro pb-70&Prime; css=\u00a0\u00bb.vc_custom_1748354937211{background-color: #F7F7FA !important;}\u00a0\u00bb][vc_row el_class=\u00a0\u00bbbrand-section pt-180&Prime;][vc_column width=\u00a0\u00bb6\/12&Prime;][vc_custom_heading text=\u00a0\u00bbSolutions de s\u00e9curit\u00e9 pour les r\u00e9seaux HP\u00a0\u00bb font_container=\u00a0\u00bbtag:div|text_align:left\u00a0\u00bb use_theme_fonts=\u00a0\u00bbyes\u00a0\u00bb css=\u00a0\u00bb\u00a0\u00bb el_class=\u00a0\u00bbsubtitle\u00a0\u00bb][vc_custom_heading text=\u00a0\u00bbMat\u00e9riel de s\u00e9curit\u00e9 HP\u00a0\u00bb font_container=\u00a0\u00bbtag:h1|text_align:left\u00a0\u00bb use_theme_fonts=\u00a0\u00bbyes\u00a0\u00bb css=\u00a0\u00bb\u00a0\u00bb][vc_column_text css=\u00a0\u00bb\u00a0\u00bb]Les solutions de s\u00e9curit\u00e9 HP aident les entreprises \u00e0 prot\u00e9ger leur r\u00e9seau contre les menaces et les pertes de donn\u00e9es. Des commutateurs et passerelles s\u00e9curis\u00e9s aux pare-feu mat\u00e9riels bas\u00e9s sur la technologie HPE Aruba, HP offre une connectivit\u00e9 s\u00e9curis\u00e9e tout en garantissant rapidit\u00e9 et simplicit\u00e9 d&rsquo;utilisation. Qualified Networks fournit des \u00e9quipements de s\u00e9curit\u00e9 HP neufs et reconditionn\u00e9s, rigoureusement test\u00e9s et pr\u00eats \u00e0 l&#8217;emploi.[\/vc_column_text][vc_row_inner el_class=\u00a0\u00bbbuttons service-mobile-cta\u00a0\u00bb][vc_column_inner width=\u00a0\u00bb1\/2&Prime; css=\u00a0\u00bb.vc_custom_1740487265499{padding-right: 10px !important;padding-left: 0px !important;}\u00a0\u00bb][vc_btn title=\u00a0\u00bbDemander un devis\u00a0\u00bb css=\u00a0\u00bb\u00a0\u00bb link=\u00a0\u00bburl:https%3A%2F%2Fwww.qualifiednetworks.com%2Ffr%2Fdemander-un-devis%2F|title:Demander%20un%20devis|\u00a0\u00bb][\/vc_column_inner][vc_column_inner width=\u00a0\u00bb1\/2&Prime; css=\u00a0\u00bb.vc_custom_1740487216177{padding-right: 0px !important;padding-left: 0px !important;}\u00a0\u00bb][vc_btn title=\u00a0\u00bbNous contacter\u00a0\u00bb style=\u00a0\u00bboutline\u00a0\u00bb css=\u00a0\u00bb\u00a0\u00bb link=\u00a0\u00bburl:https%3A%2F%2Fwww.qualifiednetworks.com%2Ffr%2Fcontact%2F|title:Nous%20contacter|\u00a0\u00bb][\/vc_column_inner][\/vc_row_inner][\/vc_column][vc_column width=\u00a0\u00bb1\/12&Prime;][\/vc_column][vc_column width=\u00a0\u00bb5\/12&Prime; el_class=\u00a0\u00bbform\u00a0\u00bb][vc_custom_heading text=\u00a0\u00bbPourquoi Qualified Networks ?\u00a0\u00bb font_container=\u00a0\u00bbtag:h2|font_size:25px|text_align:left\u00a0\u00bb use_theme_fonts=\u00a0\u00bbyes\u00a0\u00bb css=\u00a0\u00bb\u00a0\u00bb][vc_column_text css=\u00a0\u00bb\u00a0\u00bb el_class=\u00a0\u00bblist\u00a0\u00bb]<\/p>\n<ul>\n<li><strong>Produits de s\u00e9curit\u00e9 HP neufs et reconditionn\u00e9s disponibles pour une livraison imm\u00e9diate<\/strong><\/li>\n<li><strong>Test\u00e9 et v\u00e9rifi\u00e9 pour ses performances et sa fiabilit\u00e9<\/strong><\/li>\n<li><strong>Conseils sur la compatibilit\u00e9 avec les r\u00e9seaux existants<\/strong><\/li>\n<li><strong>Livraison rapide et garantie \u00e0 vie sur les produits reconditionn\u00e9s<\/strong><\/li>\n<\/ul>\n<p>[\/vc_column_text][\/vc_column][\/vc_row][vc_row equal_height=\u00a0\u00bbyes\u00a0\u00bb el_class=\u00a0\u00bbkwaliteit pb-90 pt-120&Prime;][vc_column width=\u00a0\u00bb5\/12&Prime;][vc_custom_heading text=\u00a0\u00bbSolutions de s\u00e9curit\u00e9 HP populaires\u00a0\u00bb font_container=\u00a0\u00bbtag:div|text_align:left\u00a0\u00bb use_theme_fonts=\u00a0\u00bbyes\u00a0\u00bb css=\u00a0\u00bb\u00a0\u00bb el_class=\u00a0\u00bbsubtitle\u00a0\u00bb][vc_custom_heading text=\u00a0\u00bbProduits de s\u00e9curit\u00e9 HP populaires\u00a0\u00bb use_theme_fonts=\u00a0\u00bbyes\u00a0\u00bb css=\u00a0\u00bb\u00a0\u00bb][vc_column_text css=\u00a0\u00bb\u00a0\u00bb]HP et HPE proposent diverses solutions de s\u00e9curit\u00e9 r\u00e9seau, de la protection p\u00e9riph\u00e9rique aux pare-feu mat\u00e9riels. Vous trouverez ci-dessous les mod\u00e8les les plus courants que nous fournissons r\u00e9guli\u00e8rement.[\/vc_column_text][vc_tta_accordion title_tag=\u00a0\u00bbp\u00a0\u00bb section_title_tag=\u00a0\u00bbp\u00a0\u00bb style=\u00a0\u00bboutline\u00a0\u00bb shape=\u00a0\u00bbsquare\u00a0\u00bb color=\u00a0\u00bbblack\u00a0\u00bb c_position=\u00a0\u00bbright\u00a0\u00bb active_section=\u00a0\u00bb100&Prime; collapsible_all=\u00a0\u00bbtrue\u00a0\u00bb el_class=\u00a0\u00bbfaq-list\u00a0\u00bb][vc_tta_section title=\u00a0\u00bbContr\u00f4leur d&apos;acc\u00e8s HP MSM765&Prime; tab_id=\u00a0\u00bb1739950626685-57982fb7-7b0d5507-9270&Prime; el_class=\u00a0\u00bbfaq-first\u00a0\u00bb][vc_column_text css=\u00a0\u00bb\u00a0\u00bb]Contr\u00f4leur de s\u00e9curit\u00e9 pour points d&rsquo;acc\u00e8s HP et Aruba avec gestion centralis\u00e9e et authentification utilisateur int\u00e9gr\u00e9e.[\/vc_column_text][\/vc_tta_section][vc_tta_section title=\u00a0\u00bbCommutateurs HP s\u00e9rie 2920 avec contr\u00f4le d&apos;acc\u00e8s\u00a0\u00bb tab_id=\u00a0\u00bb1739950826636-55c2f176-34655507-9270&Prime; el_class=\u00a0\u00bbfaq-second\u00a0\u00bb][vc_column_text css=\u00a0\u00bb\u00a0\u00bb]Commutateurs de couche 3 avec s\u00e9curit\u00e9 d&rsquo;acc\u00e8s avanc\u00e9e, id\u00e9aux pour les r\u00e9seaux d&rsquo;entreprise comportant plusieurs VLAN.[\/vc_column_text][\/vc_tta_section][vc_tta_section title=\u00a0\u00bbCommutateur HP 5400R zl2 avec modules de s\u00e9curit\u00e9\u00a0\u00bb tab_id=\u00a0\u00bb1739950825489-c6fadf36-f1965507-9270&Prime; el_class=\u00a0\u00bbfaq-third\u00a0\u00bb][vc_column_text css=\u00a0\u00bb\u00a0\u00bb]Commutateur d&rsquo;entreprise avec options de s\u00e9curit\u00e9 int\u00e9gr\u00e9es et prise en charge du contr\u00f4le d&rsquo;acc\u00e8s au r\u00e9seau et de l&rsquo;application des politiques.[\/vc_column_text][\/vc_tta_section][vc_tta_section title=\u00a0\u00bbHP ProCurve 6200yl-24G\u00a0\u00bb tab_id=\u00a0\u00bb1739950824730-15fe4dd0-cd925507-9270&Prime; el_class=\u00a0\u00bbfaq-fourth\u00a0\u00bb][vc_column_text css=\u00a0\u00bb\u00a0\u00bb]Commutateur administrable dot\u00e9 de nombreuses fonctionnalit\u00e9s de s\u00e9curit\u00e9 telles que l&rsquo;authentification des ports et la surveillance du trafic.[\/vc_column_text][\/vc_tta_section][vc_tta_section title=\u00a0\u00bbCh\u00e2ssis de commutateur HP 8206 zl\u00a0\u00bb tab_id=\u00a0\u00bb1747834971747-e60e21e7-7c7e5507-9270&Prime; el_class=\u00a0\u00bbfaq-fourth\u00a0\u00bb][vc_column_text css=\u00a0\u00bb\u00a0\u00bb]Commutateur modulaire avec modules de s\u00e9curit\u00e9 redondants et prise en charge de l&rsquo;int\u00e9gration Aruba ClearPass.[\/vc_column_text][\/vc_tta_section][\/vc_tta_accordion][\/vc_column][vc_column width=\u00a0\u00bb1\/12&Prime;][\/vc_column][vc_column width=\u00a0\u00bb6\/12&Prime; el_class=\u00a0\u00bbmo-1&Prime;][vc_single_image image=\u00a0\u00bb6590&Prime; img_size=\u00a0\u00bbfull\u00a0\u00bb css=\u00a0\u00bb\u00a0\u00bb][\/vc_column][\/vc_row][vc_row el_class=\u00a0\u00bbsection-bestservice section-bestservice-small section-bestservice-row\u00a0\u00bb][vc_column width=\u00a0\u00bb1\/2&Prime; el_class=\u00a0\u00bbinner\u00a0\u00bb][vc_custom_heading text=\u00a0\u00bbProduits HP en commande\u00a0\u00bb use_theme_fonts=\u00a0\u00bbyes\u00a0\u00bb css=\u00a0\u00bb\u00a0\u00bb][vc_column_text css=\u00a0\u00bb\u00a0\u00bb]Vous recherchez un produit de s\u00e9curit\u00e9 HP sp\u00e9cifique ou un remplacement pour une ancienne gamme ? Gr\u00e2ce \u00e0 notre r\u00e9seau international, nous pouvons livrer quasiment tous les types de produits, souvent sous 24 heures. Nous sommes l\u00e0 pour vous aider \u00e0 trouver la solution adapt\u00e9e \u00e0 votre infrastructure.[\/vc_column_text][vc_btn title=\u00a0\u00bbNous contacter\u00a0\u00bb css=\u00a0\u00bb\u00a0\u00bb link=\u00a0\u00bburl:https%3A%2F%2Fwww.qualifiednetworks.com%2Ffr%2Fcontact%2F|title:Nous%20contacter|\u00a0\u00bb][vc_btn title=\u00a0\u00bbRappelle-moi\u00a0\u00bb style=\u00a0\u00bboutline\u00a0\u00bb color=\u00a0\u00bbwhite\u00a0\u00bb css=\u00a0\u00bb\u00a0\u00bb link=\u00a0\u00bburl:https%3A%2F%2Fwww.qualifiednetworks.com%2Ffr%2Fcontact%2F|title:Rappelle-moi|\u00a0\u00bb][\/vc_column][vc_column width=\u00a0\u00bb1\/2&Prime;][\/vc_column][\/vc_row][\/vc_section][vc_row el_class=\u00a0\u00bbpt-100 pb-130&Prime;][vc_column width=\u00a0\u00bb7\/12&Prime; el_class=\u00a0\u00bbleft-content\u00a0\u00bb][vc_custom_heading text=\u00a0\u00bbFaq\u00a0\u00bb font_container=\u00a0\u00bbtag:div|text_align:left\u00a0\u00bb use_theme_fonts=\u00a0\u00bbyes\u00a0\u00bb el_class=\u00a0\u00bbsubtitle\u00a0\u00bb][vc_custom_heading text=\u00a0\u00bbquestion et r\u00e9ponse\u00a0\u00bb use_theme_fonts=\u00a0\u00bbyes\u00a0\u00bb css=\u00a0\u00bb\u00a0\u00bb el_id=\u00a0\u00bbfaq-first\u00a0\u00bb][vc_tta_accordion title_tag=\u00a0\u00bbp\u00a0\u00bb section_title_tag=\u00a0\u00bbp\u00a0\u00bb style=\u00a0\u00bboutline\u00a0\u00bb shape=\u00a0\u00bbsquare\u00a0\u00bb color=\u00a0\u00bbblack\u00a0\u00bb c_position=\u00a0\u00bbright\u00a0\u00bb active_section=\u00a0\u00bb100&Prime; collapsible_all=\u00a0\u00bbtrue\u00a0\u00bb][vc_tta_section title=\u00a0\u00bbQuels produits HP sont consid\u00e9r\u00e9s comme du mat\u00e9riel de s\u00e9curit\u00e9 ?\u00a0\u00bb tab_id=\u00a0\u00bb1740059542177-a6d79dfd-70e55507-9270&Prime;][vc_column_text css=\u00a0\u00bb\u00a0\u00bb]HP propose des solutions de s\u00e9curit\u00e9 int\u00e9gr\u00e9es \u00e0 ses commutateurs, contr\u00f4leurs et passerelles, souvent avec les technologies Aruba et HPE.[\/vc_column_text][\/vc_tta_section][vc_tta_section title=\u00a0\u00bbPuis-je combiner la s\u00e9curit\u00e9 HP avec le mat\u00e9riel Aruba ?\u00a0\u00bb tab_id=\u00a0\u00bb1747836109474-65abd71d-182e5507-9270&Prime;][vc_column_text css=\u00a0\u00bb\u00a0\u00bb]Oui, Aruba et HP sont enti\u00e8rement compatibles au sein de la gamme de solutions r\u00e9seau HPE. Cela facilite la migration et l&rsquo;extension.[\/vc_column_text][\/vc_tta_section][vc_tta_section title=\u00a0\u00bbLes produits de s\u00e9curit\u00e9 HP reconditionn\u00e9s sont-ils s\u00fbrs \u00e0 utiliser ?\u00a0\u00bb tab_id=\u00a0\u00bb1747836106778-3a6b61ac-1ef85507-9270&Prime;][vc_column_text css=\u00a0\u00bb\u00a0\u00bb]Oui, chaque appareil est test\u00e9 et inspect\u00e9 de mani\u00e8re approfondie avant d&rsquo;\u00eatre livr\u00e9 \u00e0 nouveau.[\/vc_column_text][\/vc_tta_section][vc_tta_section title=\u00a0\u00bbQuel est l&apos;avantage du mat\u00e9riel reconditionn\u00e9 par rapport au mat\u00e9riel neuf ?\u00a0\u00bb tab_id=\u00a0\u00bb1747836106236-15e39d87-0d775507-9270&Prime;][vc_column_text css=\u00a0\u00bb\u00a0\u00bb]Vous r\u00e9alisez des \u00e9conomies et contribuez \u00e0 une strat\u00e9gie informatique plus durable, sans compromis sur la qualit\u00e9 ni sur les performances.[\/vc_column_text][\/vc_tta_section][vc_tta_section title=\u00a0\u00bbQue faire du vieux mat\u00e9riel informatique lors de son remplacement ?\u00a0\u00bb tab_id=\u00a0\u00bb1747836105323-499530d2-cc505507-9270&Prime;][vc_column_text css=\u00a0\u00bb\u00a0\u00bb]Nous rachetons du mat\u00e9riel d&rsquo;occasion, assurons l&rsquo;effacement certifi\u00e9 des donn\u00e9es et donnons une seconde vie \u00e0 votre mat\u00e9riel informatique.[\/vc_column_text][\/vc_tta_section][\/vc_tta_accordion][vc_btn title=\u00a0\u00bbPlus de questions fr\u00e9quemment pos\u00e9es\u00a0\u00bb style=\u00a0\u00bboutline\u00a0\u00bb css=\u00a0\u00bb\u00a0\u00bb link=\u00a0\u00bburl:https%3A%2F%2Fwww.qualifiednetworks.com%2Ffr%2Ffaq%2F|\u00a0\u00bb el_class=\u00a0\u00bbpt-30&Prime;][\/vc_column][vc_column width=\u00a0\u00bb5\/12&Prime; el_class=\u00a0\u00bbfaq-sidebar\u00a0\u00bb][vc_custom_heading text=\u00a0\u00bbContact\u00a0\u00bb font_container=\u00a0\u00bbtag:div|text_align:left\u00a0\u00bb use_theme_fonts=\u00a0\u00bbyes\u00a0\u00bb el_class=\u00a0\u00bbsubtitle\u00a0\u00bb][vc_custom_heading text=\u00a0\u00bbune autre question ?\u00a0\u00bb use_theme_fonts=\u00a0\u00bbyes\u00a0\u00bb css=\u00a0\u00bb.vc_custom_1747836143916{margin-bottom: 5px !important;}\u00a0\u00bb][vc_column_text css=\u00a0\u00bb.vc_custom_1747836159058{margin-bottom: 10px !important;}\u00a0\u00bb el_class=\u00a0\u00bbsub-title\u00a0\u00bb]Veuillez nous contacter pour plus d&rsquo;informations.[\/vc_column_text][vc_row_inner el_class=\u00a0\u00bbfaq-contact-block\u00a0\u00bb][vc_column_inner width=\u00a0\u00bb1\/4&Prime;][vc_single_image image=\u00a0\u00bb3814&Prime; img_size=\u00a0\u00bblarge\u00a0\u00bb style=\u00a0\u00bbvc_box_circle_2&Prime; onclick=\u00a0\u00bbcustom_link\u00a0\u00bb css=\u00a0\u00bb\u00a0\u00bb link=\u00a0\u00bb\/author\/oskar-paarhuis\/\u00a0\u00bb][\/vc_column_inner][vc_column_inner width=\u00a0\u00bb3\/4&Prime;][vc_column_text css=\u00a0\u00bb\u00a0\u00bb]<\/p>\n<div class=\"contact-wrapper\">\n<div class=\"contact-info\">\n<h6 class=\"name\"><a href=\"\/author\/oskar-paarhuis\/\">Oskar Paarhuis<\/a><\/h6>\n<p><a href=\"\/author\/oskar-paarhuis\/\"><span class=\"position\">Sp\u00e9cialiste informatique<\/span><\/a><\/p>\n<\/div>\n<div class=\"contact-details\"><span class=\"contact-tel\"><a href=\"tel:+31202402350\">+31 (0) 20-2402350<\/a><\/span><span class=\"contact-email\"><br \/>\n<a href=\"mailto:info@qualifiednetworks.com\">info@qualifiednetworks.com<\/a><br \/>\n<\/span><\/div>\n<\/div>\n<p>[\/vc_column_text][\/vc_column_inner][\/vc_row_inner][\/vc_column][\/vc_row]<\/p>\n<\/div>","protected":false},"excerpt":{"rendered":"<p>[vc_section full_width=\u00a0\u00bbstretch_row\u00a0\u00bb el_class=\u00a0\u00bbduurzaamheid section-intro pb-70&Prime; css=\u00a0\u00bb.vc_custom_1748354937211{background-color: #F7F7FA !important;}\u00a0\u00bb][vc_row el_class=\u00a0\u00bbbrand-section pt-180&Prime;][vc_column width=\u00a0\u00bb6\/12&Prime;][vc_custom_heading text=\u00a0\u00bbSolutions de s\u00e9curit\u00e9 pour les r\u00e9seaux HP\u00a0\u00bb font_container=\u00a0\u00bbtag:div|text_align:left\u00a0\u00bb use_theme_fonts=\u00a0\u00bbyes\u00a0\u00bb css=\u00a0\u00bb\u00a0\u00bb el_class=\u00a0\u00bbsubtitle\u00a0\u00bb][vc_custom_heading text=\u00a0\u00bbMat\u00e9riel de s\u00e9curit\u00e9 HP\u00a0\u00bb font_container=\u00a0\u00bbtag:h1|text_align:left\u00a0\u00bb use_theme_fonts=\u00a0\u00bbyes\u00a0\u00bb css=\u00a0\u00bb\u00a0\u00bb][vc_column_text css=\u00a0\u00bb\u00a0\u00bb]Les solutions de s\u00e9curit\u00e9 HP aident les entreprises \u00e0 prot\u00e9ger leur r\u00e9seau contre les menaces et les pertes de donn\u00e9es. Des commutateurs et passerelles s\u00e9curis\u00e9s aux [&hellip;]<\/p>\n","protected":false},"author":1,"featured_media":0,"parent":7237,"menu_order":0,"comment_status":"closed","ping_status":"closed","template":"","meta":{"footnotes":""},"class_list":["post-7285","page","type-page","status-publish","hentry"],"acf":[],"_links":{"self":[{"href":"https:\/\/www.qualifiednetworks.com\/fr\/wp-json\/wp\/v2\/pages\/7285","targetHints":{"allow":["GET"]}}],"collection":[{"href":"https:\/\/www.qualifiednetworks.com\/fr\/wp-json\/wp\/v2\/pages"}],"about":[{"href":"https:\/\/www.qualifiednetworks.com\/fr\/wp-json\/wp\/v2\/types\/page"}],"author":[{"embeddable":true,"href":"https:\/\/www.qualifiednetworks.com\/fr\/wp-json\/wp\/v2\/users\/1"}],"replies":[{"embeddable":true,"href":"https:\/\/www.qualifiednetworks.com\/fr\/wp-json\/wp\/v2\/comments?post=7285"}],"version-history":[{"count":3,"href":"https:\/\/www.qualifiednetworks.com\/fr\/wp-json\/wp\/v2\/pages\/7285\/revisions"}],"predecessor-version":[{"id":7288,"href":"https:\/\/www.qualifiednetworks.com\/fr\/wp-json\/wp\/v2\/pages\/7285\/revisions\/7288"}],"up":[{"embeddable":true,"href":"https:\/\/www.qualifiednetworks.com\/fr\/wp-json\/wp\/v2\/pages\/7237"}],"wp:attachment":[{"href":"https:\/\/www.qualifiednetworks.com\/fr\/wp-json\/wp\/v2\/media?parent=7285"}],"curies":[{"name":"wp","href":"https:\/\/api.w.org\/{rel}","templated":true}]}}