 {"id":7321,"date":"2025-11-20T15:02:48","date_gmt":"2025-11-20T15:02:48","guid":{"rendered":"https:\/\/www.qualifiednetworks.com\/produits\/serveurs\/serveurs-dell\/"},"modified":"2025-11-20T15:02:50","modified_gmt":"2025-11-20T15:02:50","slug":"serveurs-dell","status":"publish","type":"page","link":"https:\/\/www.qualifiednetworks.com\/fr\/produits\/serveurs\/serveurs-dell\/","title":{"rendered":"Serveurs Dell"},"content":{"rendered":"<div class=\"wpb-content-wrapper\"><p>[vc_section full_width=\u00a0\u00bbstretch_row\u00a0\u00bb el_class=\u00a0\u00bbduurzaamheid section-intro pb-70&Prime; css=\u00a0\u00bb.vc_custom_1748354937211{background-color: #F7F7FA !important;}\u00a0\u00bb][vc_row el_class=\u00a0\u00bbbrand-section pt-180&Prime;][vc_column width=\u00a0\u00bb6\/12&Prime;][vc_custom_heading text=\u00a0\u00bbDes serveurs puissants pour relever tous les d\u00e9fis informatiques\u00a0\u00bb font_container=\u00a0\u00bbtag:div|text_align:left\u00a0\u00bb use_theme_fonts=\u00a0\u00bbyes\u00a0\u00bb css=\u00a0\u00bb\u00a0\u00bb el_class=\u00a0\u00bbsubtitle\u00a0\u00bb][vc_custom_heading text=\u00a0\u00bbServeurs Dell\u00a0\u00bb font_container=\u00a0\u00bbtag:h1|text_align:left\u00a0\u00bb use_theme_fonts=\u00a0\u00bbyes\u00a0\u00bb css=\u00a0\u00bb\u00a0\u00bb][vc_column_text css=\u00a0\u00bb\u00a0\u00bb]Les serveurs Dell PowerEdge sont r\u00e9put\u00e9s pour leur grande fiabilit\u00e9, leur \u00e9volutivit\u00e9 et leur simplicit\u00e9 d&rsquo;utilisation. Ils sont largement utilis\u00e9s dans les grandes entreprises et les PME. Qualified Networks propose une vaste gamme de serveurs Dell, neufs et reconditionn\u00e9s, avec une livraison rapide gr\u00e2ce \u00e0 notre stock et une garantie \u00e0 vie sur les mod\u00e8les reconditionn\u00e9s.[\/vc_column_text][vc_row_inner el_class=\u00a0\u00bbbuttons service-mobile-cta\u00a0\u00bb][vc_column_inner width=\u00a0\u00bb1\/2&Prime; css=\u00a0\u00bb.vc_custom_1740487265499{padding-right: 10px !important;padding-left: 0px !important;}\u00a0\u00bb][vc_btn title=\u00a0\u00bbDemander un devis\u00a0\u00bb css=\u00a0\u00bb\u00a0\u00bb link=\u00a0\u00bburl:https%3A%2F%2Fwww.qualifiednetworks.com%2Ffr%2Fdemander-un-devis%2F|title:Demander%20un%20devis|\u00a0\u00bb][\/vc_column_inner][vc_column_inner width=\u00a0\u00bb1\/2&Prime; css=\u00a0\u00bb.vc_custom_1740487216177{padding-right: 0px !important;padding-left: 0px !important;}\u00a0\u00bb][vc_btn title=\u00a0\u00bbNous contacter\u00a0\u00bb style=\u00a0\u00bboutline\u00a0\u00bb css=\u00a0\u00bb\u00a0\u00bb link=\u00a0\u00bburl:https%3A%2F%2Fwww.qualifiednetworks.com%2Ffr%2Fcontact%2F|title:Nous%20contacter|\u00a0\u00bb][\/vc_column_inner][\/vc_row_inner][vc_column_text][\/vc_column_text][\/vc_column][vc_column width=\u00a0\u00bb1\/12&Prime;][\/vc_column][vc_column width=\u00a0\u00bb5\/12&Prime; el_class=\u00a0\u00bbform\u00a0\u00bb][vc_custom_heading text=\u00a0\u00bbPourquoi choisir les serveurs de Qualified Networks ?\u00a0\u00bb font_container=\u00a0\u00bbtag:h2|font_size:25px|text_align:left\u00a0\u00bb use_theme_fonts=\u00a0\u00bbyes\u00a0\u00bb css=\u00a0\u00bb\u00a0\u00bb][vc_column_text css=\u00a0\u00bb\u00a0\u00bb el_class=\u00a0\u00bblist\u00a0\u00bb]<\/p>\n<ul>\n<li data-start=\"1051\" data-end=\"1089\"><strong>Serveurs Dell remis \u00e0 neuf et neufs<\/strong><\/li>\n<li data-start=\"1051\" data-end=\"1089\"><strong>Garantie \u00e0 vie sur les produits remis \u00e0 neuf<\/strong><\/li>\n<li data-start=\"1051\" data-end=\"1089\"><strong>Livraison rapide \u00e0 partir de notre stock<\/strong><\/li>\n<li data-start=\"1051\" data-end=\"1089\"><strong>Des prix justes et des conseils d&rsquo;experts<\/strong><\/li>\n<\/ul>\n<p>[\/vc_column_text][\/vc_column][\/vc_row][vc_row equal_height=\u00a0\u00bbyes\u00a0\u00bb el_class=\u00a0\u00bbkwaliteit pb-90 pt-120&Prime;][vc_column width=\u00a0\u00bb5\/12&Prime;][vc_custom_heading text=\u00a0\u00bbServeurs fr\u00e9quemment vendus\u00a0\u00bb font_container=\u00a0\u00bbtag:div|text_align:left\u00a0\u00bb use_theme_fonts=\u00a0\u00bbyes\u00a0\u00bb css=\u00a0\u00bb\u00a0\u00bb el_class=\u00a0\u00bbsubtitle\u00a0\u00bb][vc_custom_heading text=\u00a0\u00bbS\u00e9rie Dell populaire\u00a0\u00bb use_theme_fonts=\u00a0\u00bbyes\u00a0\u00bb css=\u00a0\u00bb\u00a0\u00bb][vc_column_text css=\u00a0\u00bb\u00a0\u00bb]Les serveurs Dell PowerEdge allient puissance, flexibilit\u00e9 et stabilit\u00e9. D\u00e9couvrez ci-dessous nos mod\u00e8les les plus vendus, id\u00e9aux pour la virtualisation, les bases de donn\u00e9es ou le calcul intensif.[\/vc_column_text][vc_tta_accordion title_tag=\u00a0\u00bbp\u00a0\u00bb section_title_tag=\u00a0\u00bbp\u00a0\u00bb style=\u00a0\u00bboutline\u00a0\u00bb shape=\u00a0\u00bbsquare\u00a0\u00bb color=\u00a0\u00bbblack\u00a0\u00bb c_position=\u00a0\u00bbright\u00a0\u00bb active_section=\u00a0\u00bb100&Prime; collapsible_all=\u00a0\u00bbtrue\u00a0\u00bb el_class=\u00a0\u00bbfaq-list\u00a0\u00bb][vc_tta_section title=\u00a0\u00bbS\u00e9rie Dell PowerEdge R1000&Prime; tab_id=\u00a0\u00bb1739950626685-57982fb7-7b0d5507-9270&Prime; el_class=\u00a0\u00bbfaq-first\u00a0\u00bb][vc_column_text css=\u00a0\u00bb\u00a0\u00bb]Serveurs rack 1U polyvalents et compacts pour une large gamme d&rsquo;applications, des petites et moyennes entreprises aux grandes entreprises.[\/vc_column_text][\/vc_tta_section][vc_tta_section title=\u00a0\u00bbS\u00e9rie Dell PowerEdge R2000&Prime; tab_id=\u00a0\u00bb1761576583011-d2212c29-1774&Prime; el_class=\u00a0\u00bbfaq-first\u00a0\u00bb][vc_column_text css=\u00a0\u00bb\u00a0\u00bb]Serveurs rack 2U offrant une plus grande polyvalence aux petites et moyennes entreprises. Ces mod\u00e8les offrent une capacit\u00e9 de stockage et de traitement nettement sup\u00e9rieure aux syst\u00e8mes 1U.[\/vc_column_text][\/vc_tta_section][vc_tta_section title=\u00a0\u00bbS\u00e9rie Dell PowerEdge R6000&Prime; tab_id=\u00a0\u00bb1761576508977-e32dd716-412a\u00a0\u00bb el_class=\u00a0\u00bbfaq-first\u00a0\u00bb][vc_column_text css=\u00a0\u00bb\u00a0\u00bb]Serveurs haute densit\u00e9 qui optimisent l&rsquo;utilisation de l&rsquo;espace dans les centres de donn\u00e9es, optimis\u00e9s pour les charges de travail hautes performances les plus exigeantes.[\/vc_column_text][\/vc_tta_section][vc_tta_section title=\u00a0\u00bbS\u00e9rie Dell PowerEdge R7000&Prime; tab_id=\u00a0\u00bb1761576703476-d71dfead-a4fd\u00a0\u00bb el_class=\u00a0\u00bbfaq-first\u00a0\u00bb][vc_column_text css=\u00a0\u00bb\u00a0\u00bb]Serveurs haute densit\u00e9 qui optimisent l&rsquo;utilisation de l&rsquo;espace dans les centres de donn\u00e9es, optimis\u00e9s pour les charges de travail hautes performances les plus exigeantes.[\/vc_column_text][\/vc_tta_section][vc_tta_section title=\u00a0\u00bbS\u00e9rie Dell EMC PowerEdge T1000&Prime; tab_id=\u00a0\u00bb1761576702704-79e8f8d9-0ee2&Prime; el_class=\u00a0\u00bbfaq-first\u00a0\u00bb][vc_column_text css=\u00a0\u00bb\u00a0\u00bb]Le point de d\u00e9part id\u00e9al pour votre infrastructure informatique : des serveurs tour d\u2019entr\u00e9e de gamme, sp\u00e9cialement con\u00e7us pour les petites entreprises et les bureaux distants.[\/vc_column_text][\/vc_tta_section][vc_tta_section title=\u00a0\u00bbS\u00e9rie Dell EMC PowerEdge T2000&Prime; tab_id=\u00a0\u00bb1761576755789-e0e460e7-42ba\u00a0\u00bb el_class=\u00a0\u00bbfaq-first\u00a0\u00bb][vc_column_text css=\u00a0\u00bb\u00a0\u00bb]Serveurs de milieu de gamme tourn\u00e9s vers l&rsquo;avenir : ces serveurs tour offrent des performances et une \u00e9volutivit\u00e9 accrues, id\u00e9ales pour les entreprises en pleine croissance et les succursales.[\/vc_column_text][\/vc_tta_section][vc_tta_section title=\u00a0\u00bbS\u00e9rie Dell EMC PowerEdge T3000&Prime; tab_id=\u00a0\u00bb1761576755019-56226257-7699&Prime; el_class=\u00a0\u00bbfaq-first\u00a0\u00bb][vc_column_text css=\u00a0\u00bb\u00a0\u00bb]Serveurs tour haute performance pour PME et grandes entreprises, sp\u00e9cialement con\u00e7us pour les charges de travail exigeantes.[\/vc_column_text][\/vc_tta_section][vc_tta_section title=\u00a0\u00bbS\u00e9rie Dell EMC PowerEdge MX\u00a0\u00bb tab_id=\u00a0\u00bb1761576863429-eafe6d5b-c05a\u00a0\u00bb el_class=\u00a0\u00bbfaq-first\u00a0\u00bb][vc_column_text css=\u00a0\u00bb\u00a0\u00bb]Infrastructure modulaire \u00e9volutive et haute densit\u00e9 int\u00e9grant de mani\u00e8re transparente le calcul, le stockage et la mise en r\u00e9seau, id\u00e9ale pour les charges de travail dynamiques dans les centres de donn\u00e9es.[\/vc_column_text][\/vc_tta_section][vc_tta_section title=\u00a0\u00bbDell PowerEdge R740&Prime; tab_id=\u00a0\u00bb1761576649238-00572887-08b3&Prime; el_class=\u00a0\u00bbfaq-first\u00a0\u00bb][vc_column_text css=\u00a0\u00bb\u00a0\u00bb]Un serveur rack 2U puissant et \u00e9volutif, adapt\u00e9 \u00e0 une large gamme d&rsquo;applications \u2013 de la virtualisation \u00e0 l&rsquo;analyse de donn\u00e9es.[\/vc_column_text][\/vc_tta_section][vc_tta_section title=\u00a0\u00bbDell PowerEdge R640&Prime; tab_id=\u00a0\u00bb1739950826636-55c2f176-34655507-9270&Prime; el_class=\u00a0\u00bbfaq-second\u00a0\u00bb][vc_column_text css=\u00a0\u00bb\u00a0\u00bb]Serveur compact 1U offrant d&rsquo;excellentes performances par centim\u00e8tre carr\u00e9. Id\u00e9al pour les environnements o\u00f9 l&rsquo;espace est limit\u00e9.[\/vc_column_text][\/vc_tta_section][vc_tta_section title=\u00a0\u00bbDell PowerEdge R540&Prime; tab_id=\u00a0\u00bb1739950825489-c6fadf36-f1965507-9270&Prime; el_class=\u00a0\u00bbfaq-third\u00a0\u00bb][vc_column_text css=\u00a0\u00bb\u00a0\u00bb]Serveur 2U abordable pour les charges de travail et les applications de stockage standard. Id\u00e9al pour les entreprises qui souhaitent \u00e9voluer sans compromis.[\/vc_column_text][\/vc_tta_section][vc_tta_section title=\u00a0\u00bbDell PowerEdge R730xd\u00a0\u00bb tab_id=\u00a0\u00bb1739950824730-15fe4dd0-cd925507-9270&Prime; el_class=\u00a0\u00bbfaq-fourth\u00a0\u00bb][vc_column_text css=\u00a0\u00bb\u00a0\u00bb]Un serveur puissant et \u00e9volutif dot\u00e9 d&rsquo;une grande capacit\u00e9 de stockage. Souvent utilis\u00e9 dans des environnements avec des bases de donn\u00e9es volumineuses ou des besoins de virtualisation importants.[\/vc_column_text][\/vc_tta_section][vc_tta_section title=\u00a0\u00bbDell PowerEdge T640&Prime; tab_id=\u00a0\u00bb1747834971747-e60e21e7-7c7e5507-9270&Prime; el_class=\u00a0\u00bbfaq-fourth\u00a0\u00bb][vc_column_text css=\u00a0\u00bb\u00a0\u00bb]Un serveur tour polyvalent pouvant \u00e9galement \u00eatre install\u00e9 en rack. Adapt\u00e9 aux charges de travail exigeantes, au bureau ou \u00e0 distance.[\/vc_column_text][\/vc_tta_section][\/vc_tta_accordion][\/vc_column][vc_column width=\u00a0\u00bb1\/12&Prime;][\/vc_column][vc_column width=\u00a0\u00bb6\/12&Prime; el_class=\u00a0\u00bbmo-1&Prime;][vc_single_image image=\u00a0\u00bb6077&Prime; img_size=\u00a0\u00bbfull\u00a0\u00bb css=\u00a0\u00bb\u00a0\u00bb][\/vc_column][\/vc_row][vc_row el_class=\u00a0\u00bbsection-bestservice section-bestservice-small section-bestservice-row\u00a0\u00bb][vc_column width=\u00a0\u00bb1\/2&Prime; el_class=\u00a0\u00bbinner\u00a0\u00bb][vc_custom_heading text=\u00a0\u00bbVous n&apos;avez pas encore trouv\u00e9 de serveur ?\u00a0\u00bb use_theme_fonts=\u00a0\u00bbyes\u00a0\u00bb css=\u00a0\u00bb\u00a0\u00bb][vc_column_text css=\u00a0\u00bb\u00a0\u00bb]Vous ne trouvez pas le serveur Dell que vous recherchez sur notre site web ? N&rsquo;h\u00e9sitez pas \u00e0 nous le faire savoir. Gr\u00e2ce \u00e0 notre vaste r\u00e9seau, nous pouvons vous fournir quasiment n&rsquo;importe quel mod\u00e8le, souvent sous 24 heures. Contactez-nous ; nous serons ravis d&rsquo;\u00e9changer avec vous sur vos besoins.[\/vc_column_text][vc_btn title=\u00a0\u00bbNous contacter\u00a0\u00bb css=\u00a0\u00bb\u00a0\u00bb link=\u00a0\u00bburl:https%3A%2F%2Fwww.qualifiednetworks.com%2Ffr%2Fcontact%2F|title:Nous%20contacter|\u00a0\u00bb][vc_btn title=\u00a0\u00bbRappelle-moi\u00a0\u00bb style=\u00a0\u00bboutline\u00a0\u00bb color=\u00a0\u00bbwhite\u00a0\u00bb css=\u00a0\u00bb\u00a0\u00bb link=\u00a0\u00bburl:https%3A%2F%2Fwww.qualifiednetworks.com%2Ffr%2Fcontact%2F|title:Rappelle-moi|\u00a0\u00bb][\/vc_column][vc_column width=\u00a0\u00bb1\/2&Prime;][\/vc_column][\/vc_row][\/vc_section][vc_row el_class=\u00a0\u00bbpt-100 pb-130&Prime;][vc_column width=\u00a0\u00bb7\/12&Prime; el_class=\u00a0\u00bbleft-content\u00a0\u00bb][vc_custom_heading text=\u00a0\u00bbFaq\u00a0\u00bb font_container=\u00a0\u00bbtag:div|text_align:left\u00a0\u00bb use_theme_fonts=\u00a0\u00bbyes\u00a0\u00bb el_class=\u00a0\u00bbsubtitle\u00a0\u00bb][vc_custom_heading text=\u00a0\u00bbquestion et r\u00e9ponse\u00a0\u00bb use_theme_fonts=\u00a0\u00bbyes\u00a0\u00bb css=\u00a0\u00bb\u00a0\u00bb el_id=\u00a0\u00bbfaq-first\u00a0\u00bb][vc_tta_accordion title_tag=\u00a0\u00bbp\u00a0\u00bb section_title_tag=\u00a0\u00bbp\u00a0\u00bb style=\u00a0\u00bboutline\u00a0\u00bb shape=\u00a0\u00bbsquare\u00a0\u00bb color=\u00a0\u00bbblack\u00a0\u00bb c_position=\u00a0\u00bbright\u00a0\u00bb active_section=\u00a0\u00bb100&Prime; collapsible_all=\u00a0\u00bbtrue\u00a0\u00bb][vc_tta_section title=\u00a0\u00bbFournissez-vous \u00e9galement de nouveaux serveurs Dell ?\u00a0\u00bb tab_id=\u00a0\u00bb1740059542177-a6d79dfd-70e55507-9270&Prime;][vc_column_text css=\u00a0\u00bb\u00a0\u00bb]<\/p>\n<p data-pm-slice=\"1 1 []\">Oui, nous proposons des serveurs Dell neufs et reconditionn\u00e9s. N&rsquo;h\u00e9sitez pas \u00e0 nous contacter pour conna\u00eetre les disponibilit\u00e9s actuelles. <\/p>\n<p>[\/vc_column_text][\/vc_tta_section][vc_tta_section title=\u00a0\u00bbQuel est votre d\u00e9lai de livraison pour les serveurs Dell ?\u00a0\u00bb tab_id=\u00a0\u00bb1747836109474-65abd71d-182e5507-9270&Prime;][vc_column_text css=\u00a0\u00bb\u00a0\u00bb]De nombreux mod\u00e8les sont disponibles directement en stock et peuvent souvent \u00eatre exp\u00e9di\u00e9s sous 24 heures.[\/vc_column_text][\/vc_tta_section][vc_tta_section title=\u00a0\u00bbLes serveurs Dell reconditionn\u00e9s sont-ils couverts par une garantie ?\u00a0\u00bb tab_id=\u00a0\u00bb1747836106778-3a6b61ac-1ef85507-9270&Prime;][vc_column_text css=\u00a0\u00bb\u00a0\u00bb]Oui, nous offrons une garantie \u00e0 vie standard sur tous nos serveurs Dell reconditionn\u00e9s.[\/vc_column_text][\/vc_tta_section][vc_tta_section title=\u00a0\u00bbAchetez-vous \u00e9galement d&apos;anciens serveurs Dell ?\u00a0\u00bb tab_id=\u00a0\u00bb1747836106236-15e39d87-0d775507-9270&Prime;][vc_column_text css=\u00a0\u00bb\u00a0\u00bb]Absolument. Nous offrons une valeur r\u00e9siduelle \u00e9lev\u00e9e pour votre ancien mat\u00e9riel et assurons <a href=\"https:\/\/www.qualifiednetworks.com\/fr\/diensten\/effacement-et-destruction-des-donnees\/\">l&rsquo;effacement certifi\u00e9 des donn\u00e9es.<\/a>[\/vc_column_text][\/vc_tta_section][vc_tta_section title=\u00a0\u00bbQuels mod\u00e8les de serveurs Dell fournissez-vous ?\u00a0\u00bb tab_id=\u00a0\u00bb1747836105323-499530d2-cc505507-9270&Prime;][vc_column_text css=\u00a0\u00bb\u00a0\u00bb]Nous fournissons notamment les s\u00e9ries PowerEdge R et T, mais nous pouvons fournir presque tous les mod\u00e8les gr\u00e2ce \u00e0 notre r\u00e9seau.[\/vc_column_text][\/vc_tta_section][\/vc_tta_accordion][vc_btn title=\u00a0\u00bbPlus de questions fr\u00e9quemment pos\u00e9es\u00a0\u00bb style=\u00a0\u00bboutline\u00a0\u00bb css=\u00a0\u00bb\u00a0\u00bb link=\u00a0\u00bburl:https%3A%2F%2Fwww.qualifiednetworks.com%2Ffr%2Ffaq%2F|\u00a0\u00bb el_class=\u00a0\u00bbpt-30&Prime;][\/vc_column][vc_column width=\u00a0\u00bb5\/12&Prime; el_class=\u00a0\u00bbfaq-sidebar\u00a0\u00bb][vc_custom_heading text=\u00a0\u00bbContact\u00a0\u00bb font_container=\u00a0\u00bbtag:div|text_align:left\u00a0\u00bb use_theme_fonts=\u00a0\u00bbyes\u00a0\u00bb el_class=\u00a0\u00bbsubtitle\u00a0\u00bb][vc_custom_heading text=\u00a0\u00bbune autre question ?\u00a0\u00bb use_theme_fonts=\u00a0\u00bbyes\u00a0\u00bb css=\u00a0\u00bb.vc_custom_1747836143916{margin-bottom: 5px !important;}\u00a0\u00bb][vc_column_text css=\u00a0\u00bb.vc_custom_1747836159058{margin-bottom: 10px !important;}\u00a0\u00bb el_class=\u00a0\u00bbsub-title\u00a0\u00bb]Veuillez nous contacter pour plus d&rsquo;informations.[\/vc_column_text][vc_row_inner el_class=\u00a0\u00bbfaq-contact-block\u00a0\u00bb][vc_column_inner width=\u00a0\u00bb1\/4&Prime;][vc_single_image image=\u00a0\u00bb3814&Prime; img_size=\u00a0\u00bblarge\u00a0\u00bb style=\u00a0\u00bbvc_box_circle_2&Prime; onclick=\u00a0\u00bbcustom_link\u00a0\u00bb css=\u00a0\u00bb\u00a0\u00bb link=\u00a0\u00bb\/author\/oskar-paarhuis\/\u00a0\u00bb][\/vc_column_inner][vc_column_inner width=\u00a0\u00bb3\/4&Prime;][vc_column_text css=\u00a0\u00bb\u00a0\u00bb]<\/p>\n<div class=\"contact-wrapper\">\n<div class=\"contact-info\">\n<h6 class=\"name\"><a href=\"\/author\/oskar-paarhuis\/\">Oskar Paarhuis<\/a><\/h6>\n<p><a href=\"\/author\/oskar-paarhuis\/\"><span class=\"position\">Sp\u00e9cialiste informatique<\/span><\/a><\/p>\n<\/div>\n<div class=\"contact-details\"><span class=\"contact-tel\"><a href=\"tel:+31202402350\">+31 (0) 20-2402350<\/a><\/span><span class=\"contact-email\"><br \/>\n<a href=\"mailto:info@qualifiednetworks.com\">info@qualifiednetworks.com<\/a><br \/>\n<\/span><\/div>\n<\/div>\n<p>[\/vc_column_text][\/vc_column_inner][\/vc_row_inner][\/vc_column][\/vc_row]<\/p>\n<\/div>","protected":false},"excerpt":{"rendered":"<p>[vc_section full_width=\u00a0\u00bbstretch_row\u00a0\u00bb el_class=\u00a0\u00bbduurzaamheid section-intro pb-70&Prime; css=\u00a0\u00bb.vc_custom_1748354937211{background-color: #F7F7FA !important;}\u00a0\u00bb][vc_row el_class=\u00a0\u00bbbrand-section pt-180&Prime;][vc_column width=\u00a0\u00bb6\/12&Prime;][vc_custom_heading text=\u00a0\u00bbDes serveurs puissants pour relever tous les d\u00e9fis informatiques\u00a0\u00bb font_container=\u00a0\u00bbtag:div|text_align:left\u00a0\u00bb use_theme_fonts=\u00a0\u00bbyes\u00a0\u00bb css=\u00a0\u00bb\u00a0\u00bb el_class=\u00a0\u00bbsubtitle\u00a0\u00bb][vc_custom_heading text=\u00a0\u00bbServeurs Dell\u00a0\u00bb font_container=\u00a0\u00bbtag:h1|text_align:left\u00a0\u00bb use_theme_fonts=\u00a0\u00bbyes\u00a0\u00bb css=\u00a0\u00bb\u00a0\u00bb][vc_column_text css=\u00a0\u00bb\u00a0\u00bb]Les serveurs Dell PowerEdge sont r\u00e9put\u00e9s pour leur grande fiabilit\u00e9, leur \u00e9volutivit\u00e9 et leur simplicit\u00e9 d&rsquo;utilisation. Ils sont largement utilis\u00e9s dans les grandes entreprises et les [&hellip;]<\/p>\n","protected":false},"author":1,"featured_media":0,"parent":7309,"menu_order":0,"comment_status":"closed","ping_status":"closed","template":"","meta":{"footnotes":""},"class_list":["post-7321","page","type-page","status-publish","hentry"],"acf":[],"_links":{"self":[{"href":"https:\/\/www.qualifiednetworks.com\/fr\/wp-json\/wp\/v2\/pages\/7321","targetHints":{"allow":["GET"]}}],"collection":[{"href":"https:\/\/www.qualifiednetworks.com\/fr\/wp-json\/wp\/v2\/pages"}],"about":[{"href":"https:\/\/www.qualifiednetworks.com\/fr\/wp-json\/wp\/v2\/types\/page"}],"author":[{"embeddable":true,"href":"https:\/\/www.qualifiednetworks.com\/fr\/wp-json\/wp\/v2\/users\/1"}],"replies":[{"embeddable":true,"href":"https:\/\/www.qualifiednetworks.com\/fr\/wp-json\/wp\/v2\/comments?post=7321"}],"version-history":[{"count":3,"href":"https:\/\/www.qualifiednetworks.com\/fr\/wp-json\/wp\/v2\/pages\/7321\/revisions"}],"predecessor-version":[{"id":7324,"href":"https:\/\/www.qualifiednetworks.com\/fr\/wp-json\/wp\/v2\/pages\/7321\/revisions\/7324"}],"up":[{"embeddable":true,"href":"https:\/\/www.qualifiednetworks.com\/fr\/wp-json\/wp\/v2\/pages\/7309"}],"wp:attachment":[{"href":"https:\/\/www.qualifiednetworks.com\/fr\/wp-json\/wp\/v2\/media?parent=7321"}],"curies":[{"name":"wp","href":"https:\/\/api.w.org\/{rel}","templated":true}]}}