 {"id":7357,"date":"2025-11-20T16:33:05","date_gmt":"2025-11-20T16:33:05","guid":{"rendered":"https:\/\/www.qualifiednetworks.com\/produits\/commutateurs\/commutateurs-arista\/"},"modified":"2025-12-08T10:09:35","modified_gmt":"2025-12-08T10:09:35","slug":"commutateurs-arista","status":"publish","type":"page","link":"https:\/\/www.qualifiednetworks.com\/fr\/produits\/commutateurs\/commutateurs-arista\/","title":{"rendered":"Commutateurs Arista"},"content":{"rendered":"<div class=\"wpb-content-wrapper\"><p>[vc_section full_width=\u00a0\u00bbstretch_row\u00a0\u00bb el_class=\u00a0\u00bbduurzaamheid section-intro pb-70&Prime; css=\u00a0\u00bb.vc_custom_1748354937211{background-color: #F7F7FA !important;}\u00a0\u00bb][vc_row el_class=\u00a0\u00bbbrand-section pt-180&Prime;][vc_column width=\u00a0\u00bb6\/12&Prime;][vc_custom_heading text=\u00a0\u00bbDes commutateurs fiables pour les r\u00e9seaux modernes\u00a0\u00bb font_container=\u00a0\u00bbtag:div|text_align:left\u00a0\u00bb use_theme_fonts=\u00a0\u00bbyes\u00a0\u00bb css=\u00a0\u00bb\u00a0\u00bb el_class=\u00a0\u00bbsubtitle\u00a0\u00bb][vc_custom_heading text=\u00a0\u00bbCommutateurs Arista\u00a0\u00bb font_container=\u00a0\u00bbtag:h1|text_align:left\u00a0\u00bb use_theme_fonts=\u00a0\u00bbyes\u00a0\u00bb css=\u00a0\u00bb\u00a0\u00bb][vc_column_text css=\u00a0\u00bb\u00a0\u00bb]Les commutateurs Arista sont r\u00e9put\u00e9s pour leurs hautes performances, leur faible latence et leurs fonctionnalit\u00e9s r\u00e9seau avanc\u00e9es. Ils sont sp\u00e9cialement con\u00e7us pour les centres de donn\u00e9es, les environnements cloud et les infrastructures r\u00e9seau exigeantes. Qualified Networks propose une large gamme de commutateurs Arista, neufs et reconditionn\u00e9s, avec une livraison rapide et une garantie \u00e0 vie sur les mod\u00e8les reconditionn\u00e9s.[\/vc_column_text][vc_row_inner el_class=\u00a0\u00bbbuttons service-mobile-cta\u00a0\u00bb][vc_column_inner width=\u00a0\u00bb1\/2&Prime; css=\u00a0\u00bb.vc_custom_1740487265499{padding-right: 10px !important;padding-left: 0px !important;}\u00a0\u00bb][vc_btn title=\u00a0\u00bbDemander un devis\u00a0\u00bb css=\u00a0\u00bb\u00a0\u00bb link=\u00a0\u00bburl:https%3A%2F%2Fwww.qualifiednetworks.com%2Ffr%2Fdemander-un-devis%2F|title:Demander%20un%20devis|\u00a0\u00bb][\/vc_column_inner][vc_column_inner width=\u00a0\u00bb1\/2&Prime; css=\u00a0\u00bb.vc_custom_1740487216177{padding-right: 0px !important;padding-left: 0px !important;}\u00a0\u00bb][vc_btn title=\u00a0\u00bbNous contacter\u00a0\u00bb style=\u00a0\u00bboutline\u00a0\u00bb css=\u00a0\u00bb\u00a0\u00bb link=\u00a0\u00bburl:https%3A%2F%2Fwww.qualifiednetworks.com%2Ffr%2Fcontact%2F|title:Nous%20contacter|\u00a0\u00bb][\/vc_column_inner][\/vc_row_inner][vc_column_text][\/vc_column_text][\/vc_column][vc_column width=\u00a0\u00bb1\/12&Prime;][\/vc_column][vc_column width=\u00a0\u00bb5\/12&Prime; el_class=\u00a0\u00bbform\u00a0\u00bb][vc_custom_heading text=\u00a0\u00bbPourquoi Qualified Networks ?\u00a0\u00bb font_container=\u00a0\u00bbtag:h2|font_size:25px|text_align:left\u00a0\u00bb use_theme_fonts=\u00a0\u00bbyes\u00a0\u00bb css=\u00a0\u00bb\u00a0\u00bb][vc_column_text css=\u00a0\u00bb\u00a0\u00bb el_class=\u00a0\u00bblist\u00a0\u00bb]<\/p>\n<ul>\n<li data-start=\"1051\" data-end=\"1089\">\n<p data-start=\"1053\" data-end=\"1089\"><strong data-start=\"1053\" data-end=\"1087\">Interrupteurs remis \u00e0 neuf et neufs<\/strong><\/p>\n<\/li>\n<li data-start=\"1090\" data-end=\"1133\">\n<p data-start=\"1092\" data-end=\"1133\"><strong data-start=\"1092\" data-end=\"1131\">Garantie \u00e0 vie sur les produits remis \u00e0 neuf<\/strong><\/p>\n<\/li>\n<li data-start=\"1134\" data-end=\"1176\">\n<p data-start=\"1136\" data-end=\"1176\"><strong data-start=\"1136\" data-end=\"1174\">Livraison rapide \u00e0 partir de notre stock<\/strong><\/p>\n<\/li>\n<li data-start=\"1177\" data-end=\"1219\">\n<p data-start=\"1179\" data-end=\"1219\"><strong data-start=\"1179\" data-end=\"1219\">Des prix justes et des conseils d&rsquo;experts<\/strong><\/p>\n<\/li>\n<\/ul>\n<p>[\/vc_column_text][\/vc_column][\/vc_row][vc_row equal_height=\u00a0\u00bbyes\u00a0\u00bb el_class=\u00a0\u00bbkwaliteit pb-90 pt-120&Prime;][vc_column width=\u00a0\u00bb5\/12&Prime;][vc_custom_heading text=\u00a0\u00bbInterrupteurs fr\u00e9quemment vendus\u00a0\u00bb font_container=\u00a0\u00bbtag:div|text_align:left\u00a0\u00bb use_theme_fonts=\u00a0\u00bbyes\u00a0\u00bb css=\u00a0\u00bb\u00a0\u00bb el_class=\u00a0\u00bbsubtitle\u00a0\u00bb][vc_custom_heading text=\u00a0\u00bbS\u00e9rie Arista\u00a0\u00bb use_theme_fonts=\u00a0\u00bbyes\u00a0\u00bb css=\u00a0\u00bb\u00a0\u00bb][vc_column_text css=\u00a0\u00bb\u00a0\u00bb]Les commutateurs Arista sont r\u00e9put\u00e9s pour leurs hautes performances et leur fiabilit\u00e9 dans les environnements de centres de donn\u00e9es et de cloud. Ils sont con\u00e7us pour une faible latence, une haute disponibilit\u00e9 et une \u00e9volutivit\u00e9 ais\u00e9e. Nous proposons notamment des mod\u00e8les des s\u00e9ries suivantes :[\/vc_column_text][vc_tta_accordion title_tag=\u00a0\u00bbp\u00a0\u00bb section_title_tag=\u00a0\u00bbp\u00a0\u00bb style=\u00a0\u00bboutline\u00a0\u00bb shape=\u00a0\u00bbsquare\u00a0\u00bb color=\u00a0\u00bbblack\u00a0\u00bb c_position=\u00a0\u00bbright\u00a0\u00bb active_section=\u00a0\u00bb100&Prime; collapsible_all=\u00a0\u00bbtrue\u00a0\u00bb el_class=\u00a0\u00bbfaq-list\u00a0\u00bb][vc_tta_section title=\u00a0\u00bbS\u00e9rie Arista 7000X\u00a0\u00bb tab_id=\u00a0\u00bb1739950626685-57982fb7-7b0d5507-9270&Prime; el_class=\u00a0\u00bbfaq-first\u00a0\u00bb][vc_column_text css=\u00a0\u00bb\u00a0\u00bb]La gamme Arista 7000X est con\u00e7ue pour les environnements de centres de donn\u00e9es et de cloud o\u00f9 la performance et l&rsquo;\u00e9volutivit\u00e9 sont essentielles. Elle offre des fonctionnalit\u00e9s avanc\u00e9es de couche 2 et de couche 3, une faible latence et une conception \u00e9co\u00e9nerg\u00e9tique, ce qui la rend id\u00e9ale pour les r\u00e9seaux haute densit\u00e9 et les charges de travail exigeantes. <\/p>\n<p><strong>Mod\u00e8les<\/strong><\/p>\n<p>La s\u00e9rie comprend des mod\u00e8les allant de 10\/40GbE \u00e0 100GbE : les gammes 7050 pour des installations de centres de donn\u00e9es flexibles, les commutateurs 7250QX, 7260CX et 7280R pour une capacit\u00e9 plus \u00e9lev\u00e9e et les plateformes modulaires 7300X et 7320X pour une \u00e9volutivit\u00e9 maximale.[\/vc_column_text][\/vc_tta_section][vc_tta_section title=\u00a0\u00bbS\u00e9rie Arista 720XP\u00a0\u00bb tab_id=\u00a0\u00bb1761642944590-da87a014-b1b2&Prime; el_class=\u00a0\u00bbfaq-first\u00a0\u00bb][vc_column_text css=\u00a0\u00bb\u00a0\u00bb]La gamme Arista 720XP est con\u00e7ue pour les r\u00e9seaux de campus modernes o\u00f9 la fiabilit\u00e9, la s\u00e9curit\u00e9 et l&rsquo;alimentation par Ethernet (PoE) sont essentielles. Gr\u00e2ce \u00e0 ses puissantes fonctionnalit\u00e9s de couche 2 et de couche 3, cette gamme offre une base stable pour divers environnements professionnels, des bureaux aux r\u00e9seaux d&rsquo;entreprise. <\/p>\n<p><strong>Mod\u00e8les :<\/strong><\/p>\n<p>Les mod\u00e8les 720XP-24Y6 et 720XP-48Y6 offrent une alimentation PoE robuste et une capacit\u00e9 suffisante pour les appareils tels que les points d&rsquo;acc\u00e8s, les t\u00e9l\u00e9phones et les solutions IoT. Ils sont ainsi parfaitement adapt\u00e9s aux organisations souhaitant mettre en place une infrastructure de campus \u00e9volutive et \u00e9co\u00e9nerg\u00e9tique.[\/vc_column_text][\/vc_tta_section][vc_tta_section title=\u00a0\u00bbS\u00e9rie Arista 7500R\u00a0\u00bb tab_id=\u00a0\u00bb1761642463658-4e965243-daf1&Prime; el_class=\u00a0\u00bbfaq-first\u00a0\u00bb][vc_column_text css=\u00a0\u00bb\u00a0\u00bb]La gamme Arista 7500R est con\u00e7ue pour les centres de donn\u00e9es et les r\u00e9seaux cloud de grande envergure exigeant des performances et une fiabilit\u00e9 maximales. Ces commutateurs sont optimis\u00e9s pour les architectures c\u0153ur et spine et offrent un d\u00e9bit \u00e9lev\u00e9, des m\u00e9moires tampons importantes et des performances constantes m\u00eame en cas de forte charge. <\/p>\n<p><strong>Mod\u00e8les :<\/strong><br \/>Les mod\u00e8les 7504R, 7508R et 7512R sont des commutateurs spine modulaires compatibles 100\/400 GbE, con\u00e7us pour les environnements exigeant une \u00e9volutivit\u00e9 et une flexibilit\u00e9 \u00e9lev\u00e9es. La s\u00e9rie 7500R constitue ainsi une base solide pour les infrastructures de centres de donn\u00e9es modernes.[\/vc_column_text][\/vc_tta_section][vc_tta_section title=\u00a0\u00bbS\u00e9rie Arista 7800&Prime; tab_id=\u00a0\u00bb1761642539439-62f29b46-bb83&Prime; el_class=\u00a0\u00bbfaq-first\u00a0\u00bb][vc_column_text css=\u00a0\u00bb\u00a0\u00bb]La gamme Arista 7800 est con\u00e7ue pour les plus grands centres de donn\u00e9es, les fournisseurs de services et les op\u00e9rateurs cloud exigeant une bande passante et une fiabilit\u00e9 extr\u00eamement \u00e9lev\u00e9es. Ces plateformes offrent des fonctionnalit\u00e9s avanc\u00e9es de couche 2\/3, des m\u00e9moires tampons importantes et la prise en charge du 100\/400 GbE, ce qui les rend id\u00e9ales pour les environnements o\u00f9 l&rsquo;\u00e9volutivit\u00e9 et les performances sont primordiales. <\/p>\n<p><strong>Mod\u00e8les :<\/strong><\/p>\n<p>Les mod\u00e8les 7804R, 7808R et 7812R sont des commutateurs modulaires hautes performances offrant une flexibilit\u00e9 maximale pour les architectures cloud \u00e0 grande \u00e9chelle. Gr\u00e2ce \u00e0 leurs puissantes capacit\u00e9s de routage et \u00e0 leur conception \u00e9volutive, ils constituent une base solide pour les charges de travail intensives des centres de donn\u00e9es.[\/vc_column_text][\/vc_tta_section][vc_tta_section title=\u00a0\u00bbS\u00e9rie Arista 7280R3&Prime; tab_id=\u00a0\u00bb1761642579076-97f9df8f-7d10&Prime; el_class=\u00a0\u00bbfaq-first\u00a0\u00bb][vc_column_text css=\u00a0\u00bb\u00a0\u00bb]La gamme Arista 7050X3 est con\u00e7ue pour les datacenters haute densit\u00e9 exigeant des services de couche 2\/3 \u00e9volutifs, une faible latence et une virtualisation r\u00e9seau moderne. Gr\u00e2ce \u00e0 la prise en charge de VXLAN et d&rsquo;autres technologies, ces commutateurs constituent une base solide pour les environnements virtualis\u00e9s et cloud-native. <\/p>\n<p><strong>Mod\u00e8les :<\/strong><\/p>\n<p>Les mod\u00e8les 7050X3-32S et 7050X3-48C offrent une connectivit\u00e9 flexible 10\/25\/40\/100 GbE, ce qui les rend adapt\u00e9s \u00e0 diverses charges de travail de centres de donn\u00e9es. Leur combinaison de performances et d&rsquo;efficacit\u00e9 en fait un choix fiable pour les infrastructures modernes en pleine croissance.[\/vc_column_text][\/vc_tta_section][vc_tta_section title=\u00a0\u00bbS\u00e9rie Arista 7060X4&Prime; tab_id=\u00a0\u00bb1739950824730-15fe4dd0-cd925507-9270&Prime; el_class=\u00a0\u00bbfaq-fourth\u00a0\u00bb][vc_column_text css=\u00a0\u00bb\u00a0\u00bb]La gamme Arista 7060X4 est con\u00e7ue pour les datacenters de nouvelle g\u00e9n\u00e9ration exigeant une haute densit\u00e9, une faible latence et une connectivit\u00e9 100\/400 GbE. Ces commutateurs s&rsquo;int\u00e8grent parfaitement aux architectures leaf et spine modernes et conviennent aux environnements \u00e0 fort trafic et \u00e0 forte \u00e9volutivit\u00e9. <\/p>\n<p><strong>Mod\u00e8les<\/strong><\/p>\n<p>Les mod\u00e8les 7060X4-32 et 7060PX4-32 offrent des options 100\/400 GbE flexibles et sont con\u00e7us pour les centres de donn\u00e9es cloud hyperscale. Leur efficacit\u00e9 et leur haute densit\u00e9 de ports en font un choix judicieux pour les organisations souhaitant anticiper leurs besoins futurs en mati\u00e8re de r\u00e9seau.[\/vc_column_text][\/vc_tta_section][vc_tta_section title=\u00a0\u00bbS\u00e9rie Arista 7280R3&Prime; tab_id=\u00a0\u00bb1761642318158-fbf7daef-0bdf\u00a0\u00bb el_class=\u00a0\u00bbfaq-fourth\u00a0\u00bb][vc_column_text css=\u00a0\u00bb\u00a0\u00bb]La gamme Arista 7280R3 est con\u00e7ue pour les centres de donn\u00e9es et les fournisseurs de services exigeant un routage performant, des m\u00e9moires tampons importantes et une connectivit\u00e9 100\/400 GbE fiable. Gr\u00e2ce \u00e0 leurs performances constantes et \u00e0 leurs fonctionnalit\u00e9s avanc\u00e9es de couche 2\/3, ces commutateurs sont parfaitement adapt\u00e9s \u00e0 des applications telles que l&rsquo;interconnexion Internet, les architectures spine et les d\u00e9ploiements en p\u00e9riph\u00e9rie de WAN. <\/p>\n<p><strong>Mod\u00e8les<\/strong><\/p>\n<p>Les mod\u00e8les 7280SR3-48C6 et 7280SR3-32C offrent un routage haute performance gr\u00e2ce \u00e0 une architecture de m\u00e9moire tampon \u00e9tendue, leur permettant de fonctionner de mani\u00e8re optimale m\u00eame en cas de forte charge et d&rsquo;applications \u00e0 forte impulsion. Ils constituent ainsi une base solide pour les environnements de centres de donn\u00e9es et de r\u00e9seaux exigeants.[\/vc_column_text][\/vc_tta_section][vc_tta_section title=\u00a0\u00bbS\u00e9rie Arista 7800R3&Prime; tab_id=\u00a0\u00bb1747834971747-e60e21e7-7c7e5507-9270&Prime; el_class=\u00a0\u00bbfaq-fourth\u00a0\u00bb][vc_column_text css=\u00a0\u00bb\u00a0\u00bb]Les mod\u00e8les Arista R3 de la s\u00e9rie 7800 sont con\u00e7us pour les r\u00e9seaux cloud hyperscale et les fournisseurs de services exigeant une capacit\u00e9 maximale, une fiabilit\u00e9 \u00e0 toute \u00e9preuve et un routage avanc\u00e9. Gr\u00e2ce \u00e0 leur compatibilit\u00e9 100\/400 GbE et \u00e0 leur architecture modulaire, ces commutateurs offrent les performances et la flexibilit\u00e9 n\u00e9cessaires aux connexions c\u0153ur de r\u00e9seau, peering et aux datacenters \u00e0 grande \u00e9chelle. <\/p>\n<p><strong>Mod\u00e8les<\/strong><\/p>\n<p>Les mod\u00e8les 7804R3, 7808R3 et 7812R3 sont des plateformes modulaires performantes, con\u00e7ues sp\u00e9cifiquement pour la commutation de c\u0153ur de r\u00e9seau, l&rsquo;interconnexion Internet et l&rsquo;interconnexion de centres de donn\u00e9es (DCI). Leur \u00e9volutivit\u00e9 et leurs fonctionnalit\u00e9s haut de gamme constituent une base solide pour les infrastructures r\u00e9seau les plus exigeantes.[\/vc_column_text][\/vc_tta_section][vc_tta_section title=\u00a0\u00bbS\u00e9rie Arista 5000&Prime; tab_id=\u00a0\u00bb1763991983662-b94489a5-2b88&Prime; el_class=\u00a0\u00bbfaq-fourth\u00a0\u00bb][vc_column_text css=\u00a0\u00bb\u00a0\u00bb]La gamme Arista 5000 est con\u00e7ue pour les centres de donn\u00e9es exigeant une commutation 10 GbE fiable et performante. Ces commutateurs offrent une base solide pour les environnements existants et constituent un choix judicieux pour les organisations souhaitant maintenir ou \u00e9tendre leurs infrastructures 10\/40 GbE. <\/p>\n<p><strong>Mod\u00e8les<\/strong><\/p>\n<p>Les mod\u00e8les 5048, 7050QX-32 et 7050TX-64 prennent en charge les d\u00e9ploiements 10\/40 GbE et sont parfaitement adapt\u00e9s aux centres de donn\u00e9es exigeant des performances constantes sans migration compl\u00e8te vers les d\u00e9bits de nouvelle g\u00e9n\u00e9ration. Ils permettent ainsi une mise \u00e0 niveau du r\u00e9seau \u00e9conomique et p\u00e9renne.[\/vc_column_text][\/vc_tta_section][vc_tta_section title=\u00a0\u00bbS\u00e9rie Arista 7300X3 \u00a0\u00bb tab_id=\u00a0\u00bb1763992087638-03af4fae-bca9&Prime; el_class=\u00a0\u00bbfaq-fourth\u00a0\u00bb][vc_column_text css=\u00a0\u00bb\u00a0\u00bb]La gamme Arista 7300X3 se compose de commutateurs modulaires destin\u00e9s aux environnements d&rsquo;entreprise et de centres de donn\u00e9es exigeant une haute densit\u00e9, une grande flexibilit\u00e9 et des performances fiables en 100 GbE. Ces plateformes sont con\u00e7ues pour les organisations souhaitant b\u00e2tir une infrastructure c\u0153ur ou d&rsquo;agr\u00e9gation \u00e9volutive et p\u00e9renne. <\/p>\n<p><strong>Mod\u00e8les<\/strong><\/p>\n<p>Les mod\u00e8les 7300X3-32C et 7300X3-48C6 offrent une connectivit\u00e9 100 GbE haute densit\u00e9 et des fonctionnalit\u00e9s avanc\u00e9es de couche 2\/3. Leur conception modulaire les rend id\u00e9aux pour les c\u0153urs de r\u00e9seau d&rsquo;entreprise et les architectures d&rsquo;agr\u00e9gation de grande envergure o\u00f9 l&rsquo;\u00e9volutivit\u00e9 et une gestion de r\u00e9seau coh\u00e9rente sont essentielles.[\/vc_column_text][\/vc_tta_section][vc_tta_section title=\u00a0\u00bbS\u00e9rie Arista 7368X4&Prime; tab_id=\u00a0\u00bb1763992502488-1fc774d7-9342&Prime; el_class=\u00a0\u00bbfaq-fourth\u00a0\u00bb][vc_column_text css=\u00a0\u00bb\u00a0\u00bb]La gamme Arista 7368X4 propose des commutateurs modulaires pour les centres de donn\u00e9es et les fournisseurs de services exigeant une flexibilit\u00e9 maximale en termes de bande passante et de vitesse des ports. Compatible avec les normes 10\/25\/40\/100\/400 GbE, cette gamme est id\u00e9ale pour les organisations souhaitant construire une infrastructure \u00e9volutive, performante et \u00e0 faible latence. <\/p>\n<p><strong>Mod\u00e8les<\/strong><\/p>\n<p>Le mod\u00e8le 7368X4-32C combine une capacit\u00e9 haute densit\u00e9 de 100\/400 GbE avec une conception compacte et modulaire, ce qui en fait un choix puissant pour les environnements n\u00e9cessitant une \u00e9volutivit\u00e9 sans sacrifier l&rsquo;espace ni l&rsquo;efficacit\u00e9.[\/vc_column_text][\/vc_tta_section][vc_tta_section title=\u00a0\u00bbS\u00e9rie Arista 7010T\u00a0\u00bb tab_id=\u00a0\u00bb1763992530946-2e825f07-381c\u00a0\u00bb el_class=\u00a0\u00bbfaq-fourth\u00a0\u00bb][vc_column_text css=\u00a0\u00bb\u00a0\u00bb]La gamme Arista 7010T propose des commutateurs d&rsquo;acc\u00e8s d&rsquo;entr\u00e9e de gamme pour les r\u00e9seaux de campus n\u00e9cessitant des fonctionnalit\u00e9s fiables de couche 2\/3 et un rapport qualit\u00e9-prix comp\u00e9titif. Cette gamme est id\u00e9ale pour les organisations souhaitant mettre en place une couche d&rsquo;acc\u00e8s efficace, stable et facile \u00e0 g\u00e9rer. <\/p>\n<p><strong>Mod\u00e8les<\/strong><\/p>\n<p>Les mod\u00e8les 7010T-24 et 7010T-48 offrent une connectivit\u00e9 \u00e9conomique pour les environnements de campus d&rsquo;entreprise. Leurs performances robustes et leur conception \u00e9co\u00e9nerg\u00e9tique en font un choix judicieux pour les organisations souhaitant moderniser leur r\u00e9seau sans investissements importants.[\/vc_column_text][\/vc_tta_section][\/vc_tta_accordion][\/vc_column][vc_column width=\u00a0\u00bb1\/12&Prime;][\/vc_column][vc_column width=\u00a0\u00bb6\/12&Prime; el_class=\u00a0\u00bbmo-1&Prime;][vc_single_image image=\u00a0\u00bb6390&Prime; img_size=\u00a0\u00bbfull\u00a0\u00bb css=\u00a0\u00bb\u00a0\u00bb][\/vc_column][\/vc_row][vc_row el_class=\u00a0\u00bbsection-bestservice section-bestservice-small section-bestservice-row\u00a0\u00bb][vc_column width=\u00a0\u00bb1\/2&Prime; el_class=\u00a0\u00bbinner\u00a0\u00bb][vc_custom_heading text=\u00a0\u00bbMod\u00e8le introuvable ?\u00a0\u00bb use_theme_fonts=\u00a0\u00bbyes\u00a0\u00bb css=\u00a0\u00bb\u00a0\u00bb][vc_column_text css=\u00a0\u00bb\u00a0\u00bb]Vous ne trouvez pas le mod\u00e8le Arista que vous recherchez sur notre site web ? N&rsquo;h\u00e9sitez pas \u00e0 nous le faire savoir. Gr\u00e2ce \u00e0 notre vaste r\u00e9seau, nous pouvons vous fournir quasiment tous les mod\u00e8les, souvent sous 24 heures. Contactez-nous pour nous faire part de vos besoins. Nous serons ravis de vous aider.[\/vc_column_text][vc_btn title=\u00a0\u00bbNous contacter\u00a0\u00bb css=\u00a0\u00bb\u00a0\u00bb link=\u00a0\u00bburl:https%3A%2F%2Fwww.qualifiednetworks.com%2Ffr%2Fcontact%2F|title:Nous%20contacter|\u00a0\u00bb][vc_btn title=\u00a0\u00bbRappelle-moi\u00a0\u00bb style=\u00a0\u00bboutline\u00a0\u00bb color=\u00a0\u00bbwhite\u00a0\u00bb css=\u00a0\u00bb\u00a0\u00bb link=\u00a0\u00bburl:https%3A%2F%2Fwww.qualifiednetworks.com%2Ffr%2Fcontact%2F|title:Rappelle-moi|\u00a0\u00bb][\/vc_column][vc_column width=\u00a0\u00bb1\/2&Prime;][\/vc_column][\/vc_row][\/vc_section][vc_row el_class=\u00a0\u00bbpt-100 pb-130&Prime;][vc_column width=\u00a0\u00bb7\/12&Prime; el_class=\u00a0\u00bbleft-content\u00a0\u00bb][vc_custom_heading text=\u00a0\u00bbFaq\u00a0\u00bb font_container=\u00a0\u00bbtag:div|text_align:left\u00a0\u00bb use_theme_fonts=\u00a0\u00bbyes\u00a0\u00bb el_class=\u00a0\u00bbsubtitle\u00a0\u00bb][vc_custom_heading text=\u00a0\u00bbquestion et r\u00e9ponse\u00a0\u00bb use_theme_fonts=\u00a0\u00bbyes\u00a0\u00bb css=\u00a0\u00bb\u00a0\u00bb el_id=\u00a0\u00bbfaq-first\u00a0\u00bb][vc_tta_accordion title_tag=\u00a0\u00bbp\u00a0\u00bb section_title_tag=\u00a0\u00bbp\u00a0\u00bb style=\u00a0\u00bboutline\u00a0\u00bb shape=\u00a0\u00bbsquare\u00a0\u00bb color=\u00a0\u00bbblack\u00a0\u00bb c_position=\u00a0\u00bbright\u00a0\u00bb active_section=\u00a0\u00bb100&Prime; collapsible_all=\u00a0\u00bbtrue\u00a0\u00bb][vc_tta_section title=\u00a0\u00bbFournissez-vous \u00e9galement de nouveaux commutateurs Arista ?\u00a0\u00bb tab_id=\u00a0\u00bb1740059542177-a6d79dfd-70e55507-9270&Prime;][vc_column_text css=\u00a0\u00bb\u00a0\u00bb]<\/p>\n<p data-pm-slice=\"1 1 []\">Oui, nous fournissons des commutateurs Arista neufs et reconditionn\u00e9s. Des mod\u00e8les neufs sous blister et des mod\u00e8les neufs d\u00e9ball\u00e9s sont \u00e9galement disponibles. <\/p>\n<p>[\/vc_column_text][\/vc_tta_section][vc_tta_section title=\u00a0\u00bbQuel est votre d\u00e9lai de livraison pour les commutateurs Arista ?\u00a0\u00bb tab_id=\u00a0\u00bb1747836109474-65abd71d-182e5507-9270&Prime;][vc_column_text css=\u00a0\u00bb\u00a0\u00bb]De nombreux mod\u00e8les sont disponibles en stock. Dans la plupart des cas, vous recevrez votre commande le jour ouvrable suivant.[\/vc_column_text][\/vc_tta_section][vc_tta_section title=\u00a0\u00bbLes commutateurs Arista reconditionn\u00e9s sont-ils garantis ?\u00a0\u00bb tab_id=\u00a0\u00bb1747836106778-3a6b61ac-1ef85507-9270&Prime;][vc_column_text css=\u00a0\u00bb\u00a0\u00bb]Oui, tous nos commutateurs Arista reconditionn\u00e9s sont garantis \u00e0 vie.[\/vc_column_text][\/vc_tta_section][vc_tta_section title=\u00a0\u00bbAchetez-vous aussi d&apos;anciens commutateurs Arista ?\u00a0\u00bb tab_id=\u00a0\u00bb1747836106236-15e39d87-0d775507-9270&Prime;][vc_column_text css=\u00a0\u00bb\u00a0\u00bb]Absolument. Nous proposons un prix \u00e9lev\u00e9 pour le rachat de votre mat\u00e9riel r\u00e9seau obsol\u00e8te et garantissons un traitement s\u00e9curis\u00e9.[\/vc_column_text][\/vc_tta_section][vc_tta_section title=\u00a0\u00bbQuelle s\u00e9rie Arista proposez-vous ?\u00a0\u00bb tab_id=\u00a0\u00bb1747836105323-499530d2-cc505507-9270&Prime;][vc_column_text css=\u00a0\u00bb\u00a0\u00bb]Y compris les s\u00e9ries 7050X3, 7280R3, 7300X3, 7500R3 et 7010X. Vous ne trouvez pas le mod\u00e8le que vous cherchez ? N&rsquo;h\u00e9sitez pas \u00e0 nous contacter. Gr\u00e2ce \u00e0 notre vaste r\u00e9seau, nous pouvons fournir pratiquement tous les commutateurs Arista.[\/vc_column_text][\/vc_tta_section][\/vc_tta_accordion][vc_btn title=\u00a0\u00bbPlus de questions fr\u00e9quemment pos\u00e9es\u00a0\u00bb style=\u00a0\u00bboutline\u00a0\u00bb css=\u00a0\u00bb\u00a0\u00bb link=\u00a0\u00bburl:https%3A%2F%2Fwww.qualifiednetworks.com%2Ffr%2Ffaq%2F|\u00a0\u00bb el_class=\u00a0\u00bbpt-30&Prime;][\/vc_column][vc_column width=\u00a0\u00bb5\/12&Prime; el_class=\u00a0\u00bbfaq-sidebar\u00a0\u00bb][vc_custom_heading text=\u00a0\u00bbContact\u00a0\u00bb font_container=\u00a0\u00bbtag:div|text_align:left\u00a0\u00bb use_theme_fonts=\u00a0\u00bbyes\u00a0\u00bb el_class=\u00a0\u00bbsubtitle\u00a0\u00bb][vc_custom_heading text=\u00a0\u00bbune autre question ?\u00a0\u00bb use_theme_fonts=\u00a0\u00bbyes\u00a0\u00bb css=\u00a0\u00bb.vc_custom_1747836143916{margin-bottom: 5px !important;}\u00a0\u00bb][vc_column_text css=\u00a0\u00bb.vc_custom_1747836159058{margin-bottom: 10px !important;}\u00a0\u00bb el_class=\u00a0\u00bbsub-title\u00a0\u00bb]Veuillez nous contacter pour plus d&rsquo;informations.[\/vc_column_text][vc_row_inner el_class=\u00a0\u00bbfaq-contact-block\u00a0\u00bb][vc_column_inner width=\u00a0\u00bb1\/4&Prime;][vc_single_image image=\u00a0\u00bb3814&Prime; img_size=\u00a0\u00bblarge\u00a0\u00bb style=\u00a0\u00bbvc_box_circle_2&Prime; onclick=\u00a0\u00bbcustom_link\u00a0\u00bb css=\u00a0\u00bb\u00a0\u00bb link=\u00a0\u00bb\/author\/oskar-paarhuis\/\u00a0\u00bb][\/vc_column_inner][vc_column_inner width=\u00a0\u00bb3\/4&Prime;][vc_column_text css=\u00a0\u00bb\u00a0\u00bb]<\/p>\n<div class=\"contact-wrapper\">\n<div class=\"contact-info\">\n<h6 class=\"name\"><a href=\"\/author\/oskar-paarhuis\/\">Oskar Paarhuis<\/a><\/h6>\n<p><a href=\"\/author\/oskar-paarhuis\/\"><span class=\"position\">Sp\u00e9cialiste informatique<\/span><\/a><\/p>\n<\/div>\n<div class=\"contact-details\"><span class=\"contact-tel\"><a href=\"tel:+31202402350\">+31 (0) 20-2402350<\/a><\/span><span class=\"contact-email\"><br \/>\n<a href=\"mailto:info@qualifiednetworks.com\">info@qualifiednetworks.com<\/a><br \/>\n<\/span><\/div>\n<\/div>\n<p>[\/vc_column_text][\/vc_column_inner][\/vc_row_inner][\/vc_column][\/vc_row]<\/p>\n<\/div>","protected":false},"excerpt":{"rendered":"<p>[vc_section full_width=\u00a0\u00bbstretch_row\u00a0\u00bb el_class=\u00a0\u00bbduurzaamheid section-intro pb-70&Prime; css=\u00a0\u00bb.vc_custom_1748354937211{background-color: #F7F7FA !important;}\u00a0\u00bb][vc_row el_class=\u00a0\u00bbbrand-section pt-180&Prime;][vc_column width=\u00a0\u00bb6\/12&Prime;][vc_custom_heading text=\u00a0\u00bbDes commutateurs fiables pour les r\u00e9seaux modernes\u00a0\u00bb font_container=\u00a0\u00bbtag:div|text_align:left\u00a0\u00bb use_theme_fonts=\u00a0\u00bbyes\u00a0\u00bb css=\u00a0\u00bb\u00a0\u00bb el_class=\u00a0\u00bbsubtitle\u00a0\u00bb][vc_custom_heading text=\u00a0\u00bbCommutateurs Arista\u00a0\u00bb font_container=\u00a0\u00bbtag:h1|text_align:left\u00a0\u00bb use_theme_fonts=\u00a0\u00bbyes\u00a0\u00bb css=\u00a0\u00bb\u00a0\u00bb][vc_column_text css=\u00a0\u00bb\u00a0\u00bb]Les commutateurs Arista sont r\u00e9put\u00e9s pour leurs hautes performances, leur faible latence et leurs fonctionnalit\u00e9s r\u00e9seau avanc\u00e9es. Ils sont sp\u00e9cialement con\u00e7us pour les centres de donn\u00e9es, les environnements [&hellip;]<\/p>\n","protected":false},"author":1,"featured_media":0,"parent":7345,"menu_order":0,"comment_status":"closed","ping_status":"closed","template":"","meta":{"footnotes":""},"class_list":["post-7357","page","type-page","status-publish","hentry"],"acf":[],"_links":{"self":[{"href":"https:\/\/www.qualifiednetworks.com\/fr\/wp-json\/wp\/v2\/pages\/7357","targetHints":{"allow":["GET"]}}],"collection":[{"href":"https:\/\/www.qualifiednetworks.com\/fr\/wp-json\/wp\/v2\/pages"}],"about":[{"href":"https:\/\/www.qualifiednetworks.com\/fr\/wp-json\/wp\/v2\/types\/page"}],"author":[{"embeddable":true,"href":"https:\/\/www.qualifiednetworks.com\/fr\/wp-json\/wp\/v2\/users\/1"}],"replies":[{"embeddable":true,"href":"https:\/\/www.qualifiednetworks.com\/fr\/wp-json\/wp\/v2\/comments?post=7357"}],"version-history":[{"count":10,"href":"https:\/\/www.qualifiednetworks.com\/fr\/wp-json\/wp\/v2\/pages\/7357\/revisions"}],"predecessor-version":[{"id":7697,"href":"https:\/\/www.qualifiednetworks.com\/fr\/wp-json\/wp\/v2\/pages\/7357\/revisions\/7697"}],"up":[{"embeddable":true,"href":"https:\/\/www.qualifiednetworks.com\/fr\/wp-json\/wp\/v2\/pages\/7345"}],"wp:attachment":[{"href":"https:\/\/www.qualifiednetworks.com\/fr\/wp-json\/wp\/v2\/media?parent=7357"}],"curies":[{"name":"wp","href":"https:\/\/api.w.org\/{rel}","templated":true}]}}