 {"id":7401,"date":"2025-11-20T17:15:33","date_gmt":"2025-11-20T17:15:33","guid":{"rendered":"https:\/\/www.qualifiednetworks.com\/produits\/commutateurs\/commutateurs-dell\/"},"modified":"2025-11-20T17:15:35","modified_gmt":"2025-11-20T17:15:35","slug":"commutateurs-dell","status":"publish","type":"page","link":"https:\/\/www.qualifiednetworks.com\/fr\/produits\/commutateurs\/commutateurs-dell\/","title":{"rendered":"Commutateurs Dell"},"content":{"rendered":"<div class=\"wpb-content-wrapper\"><p>[vc_section full_width=\u00a0\u00bbstretch_row\u00a0\u00bb el_class=\u00a0\u00bbduurzaamheid section-intro pb-70&Prime; css=\u00a0\u00bb.vc_custom_1748354937211{background-color: #F7F7FA !important;}\u00a0\u00bb][vc_row el_class=\u00a0\u00bbbrand-section pt-180&Prime;][vc_column width=\u00a0\u00bb6\/12&Prime;][vc_custom_heading text=\u00a0\u00bbdes commutateurs pour chaque environnement\u00a0\u00bb font_container=\u00a0\u00bbtag:div|text_align:left\u00a0\u00bb use_theme_fonts=\u00a0\u00bbyes\u00a0\u00bb css=\u00a0\u00bb\u00a0\u00bb el_class=\u00a0\u00bbsubtitle\u00a0\u00bb][vc_custom_heading text=\u00a0\u00bbCommutateurs Dell\u00a0\u00bb font_container=\u00a0\u00bbtag:h1|text_align:left\u00a0\u00bb use_theme_fonts=\u00a0\u00bbyes\u00a0\u00bb css=\u00a0\u00bb\u00a0\u00bb][vc_column_text css=\u00a0\u00bb\u00a0\u00bb]Les commutateurs Dell allient hautes performances et \u00e9volutivit\u00e9, et conviennent \u00e0 une vaste gamme d&rsquo;environnements informatiques. Que vous g\u00e9riez un r\u00e9seau de petite entreprise ou une infrastructure de grande envergure, il existe un mod\u00e8le Dell adapt\u00e9. Nous proposons une livraison rapide \u00e0 partir de nos stocks, des conseils d&rsquo;experts et une garantie \u00e0 vie sur le mat\u00e9riel reconditionn\u00e9.[\/vc_column_text][vc_row_inner el_class=\u00a0\u00bbbuttons service-mobile-cta\u00a0\u00bb][vc_column_inner width=\u00a0\u00bb1\/2&Prime; css=\u00a0\u00bb.vc_custom_1740487265499{padding-right: 10px !important;padding-left: 0px !important;}\u00a0\u00bb][vc_btn title=\u00a0\u00bbDemander un devis\u00a0\u00bb css=\u00a0\u00bb\u00a0\u00bb link=\u00a0\u00bburl:https%3A%2F%2Fwww.qualifiednetworks.com%2Ffr%2Fdemander-un-devis%2F|title:Demander%20un%20devis|\u00a0\u00bb][\/vc_column_inner][vc_column_inner width=\u00a0\u00bb1\/2&Prime; css=\u00a0\u00bb.vc_custom_1740487216177{padding-right: 0px !important;padding-left: 0px !important;}\u00a0\u00bb][vc_btn title=\u00a0\u00bbNous contacter\u00a0\u00bb style=\u00a0\u00bboutline\u00a0\u00bb css=\u00a0\u00bb\u00a0\u00bb link=\u00a0\u00bburl:https%3A%2F%2Fwww.qualifiednetworks.com%2Ffr%2Fcontact%2F|title:Nous%20contacter|\u00a0\u00bb][\/vc_column_inner][\/vc_row_inner][vc_column_text][\/vc_column_text][\/vc_column][vc_column width=\u00a0\u00bb1\/12&Prime;][\/vc_column][vc_column width=\u00a0\u00bb5\/12&Prime; el_class=\u00a0\u00bbform\u00a0\u00bb][vc_custom_heading text=\u00a0\u00bbPourquoi Qualified Networks ?\u00a0\u00bb use_theme_fonts=\u00a0\u00bbyes\u00a0\u00bb css=\u00a0\u00bb\u00a0\u00bb][vc_column_text css=\u00a0\u00bb\u00a0\u00bb el_class=\u00a0\u00bblist\u00a0\u00bb]<\/p>\n<ul>\n<li>Garantie \u00e0 vie sur les mod\u00e8les remis \u00e0 neuf<\/li>\n<li>Disponible en stock, souvent dans les 24 heures<\/li>\n<li>Test\u00e9 techniquement sur plus de 20 points<\/li>\n<li>R\u00e9initialisation d&rsquo;usine et effacement complet<\/li>\n<li>Conseils d&rsquo;experts sur la s\u00e9lection et l&rsquo;installation<\/li>\n<\/ul>\n<p>[\/vc_column_text][\/vc_column][\/vc_row][vc_row equal_height=\u00a0\u00bbyes\u00a0\u00bb el_class=\u00a0\u00bbkwaliteit pb-90 pt-120&Prime;][vc_column width=\u00a0\u00bb5\/12&Prime;][vc_custom_heading text=\u00a0\u00bbBeaucoup demand\u00e9\u00a0\u00bb font_container=\u00a0\u00bbtag:div|text_align:left\u00a0\u00bb use_theme_fonts=\u00a0\u00bbyes\u00a0\u00bb css=\u00a0\u00bb\u00a0\u00bb el_class=\u00a0\u00bbsubtitle\u00a0\u00bb][vc_custom_heading text=\u00a0\u00bbCommutateurs Dell populaires\u00a0\u00bb use_theme_fonts=\u00a0\u00bbyes\u00a0\u00bb css=\u00a0\u00bb\u00a0\u00bb][vc_column_text css=\u00a0\u00bb\u00a0\u00bb]Dell propose une vaste gamme de commutateurs reconnus pour leur \u00e9volutivit\u00e9 et leur fiabilit\u00e9. Ci-dessous, nous pr\u00e9sentons quelques s\u00e9ries populaires.[\/vc_column_text][vc_tta_accordion title_tag=\u00a0\u00bbp\u00a0\u00bb section_title_tag=\u00a0\u00bbp\u00a0\u00bb style=\u00a0\u00bboutline\u00a0\u00bb shape=\u00a0\u00bbsquare\u00a0\u00bb color=\u00a0\u00bbblack\u00a0\u00bb c_position=\u00a0\u00bbright\u00a0\u00bb active_section=\u00a0\u00bb100&Prime; collapsible_all=\u00a0\u00bbtrue\u00a0\u00bb el_class=\u00a0\u00bbfaq-list\u00a0\u00bb][vc_tta_section title=\u00a0\u00bbS\u00e9rie Dell PowerConnect 2800&Prime; tab_id=\u00a0\u00bb1739950626685-57982fb7-7b0d5507-92707b5e-12c8&Prime; el_class=\u00a0\u00bbfaq-first\u00a0\u00bb][vc_column_text css=\u00a0\u00bb\u00a0\u00bb]Commutateurs Gigabit de couche 2 administrables pour r\u00e9seaux simples. Fiables, abordables et faciles \u00e0 configurer. Id\u00e9aux pour les petits bureaux ou comme commutateur de p\u00e9riph\u00e9rie.[\/vc_column_text][\/vc_tta_section][vc_tta_section title=\u00a0\u00bbS\u00e9rie Dell PowerConnect 5500&Prime; tab_id=\u00a0\u00bb1739950826636-55c2f176-34655507-92707b5e-12c8&Prime; el_class=\u00a0\u00bbfaq-second\u00a0\u00bb][vc_column_text css=\u00a0\u00bb\u00a0\u00bb]Commutateurs empilables de couche 2 avec alimentation PoE. Largement utilis\u00e9s dans les environnements de campus ou comme couche d&rsquo;acc\u00e8s dans les grands r\u00e9seaux. Prennent en charge les fonctionnalit\u00e9s de base de la couche 3.[\/vc_column_text][\/vc_tta_section][vc_tta_section title=\u00a0\u00bbR\u00e9seaux Dell s\u00e9rie N\u00a0\u00bb tab_id=\u00a0\u00bb1739950825489-c6fadf36-f1965507-92707b5e-12c8&Prime; el_class=\u00a0\u00bbfaq-third\u00a0\u00bb][vc_column_text css=\u00a0\u00bb\u00a0\u00bb]Commutateurs de couche 2 et de couche 3 accessibles, adapt\u00e9s aux r\u00e9seaux des PME et des grandes entreprises. La s\u00e9rie N offre une combinaison d&rsquo;efficacit\u00e9 \u00e9nerg\u00e9tique et de d\u00e9bit \u00e9lev\u00e9.[\/vc_column_text][\/vc_tta_section][vc_tta_section title=\u00a0\u00bbDell PowerSwitch s\u00e9rie S\u00a0\u00bb tab_id=\u00a0\u00bb1739950824730-15fe4dd0-cd925507-92707b5e-12c8&Prime; el_class=\u00a0\u00bbfaq-fourth\u00a0\u00bb][vc_column_text css=\u00a0\u00bb\u00a0\u00bb]Commutateurs modulaires pour centres de donn\u00e9es et environnements r\u00e9seau exigeants. Prend en charge une haute densit\u00e9 de ports, le routage de couche 3 et des liaisons montantes rapides jusqu&rsquo;\u00e0 100 GbE.<\/p>\n<p>[\/vc_column_text][\/vc_tta_section][vc_tta_section title=\u00a0\u00bbDell PowerSwitch s\u00e9rie Z\u00a0\u00bb tab_id=\u00a0\u00bb1747834971747-e60e21e7-7c7e5507-92707b5e-12c8&Prime; el_class=\u00a0\u00bbfaq-fourth\u00a0\u00bb][vc_column_text css=\u00a0\u00bb\u00a0\u00bb]Commutateurs haut de gamme \u00e0 haute capacit\u00e9 et \u00e0 haut d\u00e9bit (10\/25\/40\/100 GbE), con\u00e7us pour l&rsquo;infrastructure des centres de donn\u00e9es modernes. Id\u00e9aux pour les charges de travail importantes, la virtualisation et les applications cloud.[\/vc_column_text][\/vc_tta_section][\/vc_tta_accordion][\/vc_column][vc_column width=\u00a0\u00bb1\/12&Prime;][\/vc_column][vc_column width=\u00a0\u00bb6\/12&Prime; el_class=\u00a0\u00bbmo-1&Prime;][vc_single_image image=\u00a0\u00bb6401&Prime; img_size=\u00a0\u00bbfull\u00a0\u00bb css=\u00a0\u00bb\u00a0\u00bb][\/vc_column][\/vc_row][vc_row el_class=\u00a0\u00bbsection-bestservice section-bestservice-small section-bestservice-row\u00a0\u00bb][vc_column width=\u00a0\u00bb1\/2&Prime; el_class=\u00a0\u00bbinner\u00a0\u00bb][vc_custom_heading text=\u00a0\u00bbMod\u00e8le introuvable ?\u00a0\u00bb use_theme_fonts=\u00a0\u00bbyes\u00a0\u00bb css=\u00a0\u00bb\u00a0\u00bb][vc_column_text css=\u00a0\u00bb\u00a0\u00bb]Tout n&rsquo;est pas disponible en ligne. Gr\u00e2ce \u00e0 notre vaste r\u00e9seau, nous pouvons fournir la quasi-totalit\u00e9 des mod\u00e8les de commutateurs Dell, souvent sous 24 heures. Faites-nous part de vos besoins ; nous serons ravis de vous aider \u00e0 trouver la solution id\u00e9ale.[\/vc_column_text][vc_btn title=\u00a0\u00bbNous contacter\u00a0\u00bb css=\u00a0\u00bb\u00a0\u00bb link=\u00a0\u00bburl:https%3A%2F%2Fwww.qualifiednetworks.com%2Ffr%2Fcontact%2F|title:Nous%20contacter|\u00a0\u00bb][vc_btn title=\u00a0\u00bbRappelle-moi\u00a0\u00bb style=\u00a0\u00bboutline\u00a0\u00bb color=\u00a0\u00bbwhite\u00a0\u00bb css=\u00a0\u00bb\u00a0\u00bb link=\u00a0\u00bburl:http%3A%2F%2Flocalhost%2Fqualifiednetworks%2Fen%2Fcontact%2F|title:Rappelle-moi|\u00a0\u00bb][\/vc_column][vc_column width=\u00a0\u00bb1\/2&Prime;][\/vc_column][\/vc_row][\/vc_section][vc_row el_class=\u00a0\u00bbpt-100 pb-130&Prime;][vc_column width=\u00a0\u00bb7\/12&Prime; el_class=\u00a0\u00bbleft-content\u00a0\u00bb][vc_custom_heading text=\u00a0\u00bbFaq\u00a0\u00bb font_container=\u00a0\u00bbtag:div|text_align:left\u00a0\u00bb use_theme_fonts=\u00a0\u00bbyes\u00a0\u00bb el_class=\u00a0\u00bbsubtitle\u00a0\u00bb][vc_custom_heading text=\u00a0\u00bbquestion et r\u00e9ponse\u00a0\u00bb use_theme_fonts=\u00a0\u00bbyes\u00a0\u00bb css=\u00a0\u00bb\u00a0\u00bb el_id=\u00a0\u00bbfaq-first\u00a0\u00bb][vc_tta_accordion title_tag=\u00a0\u00bbp\u00a0\u00bb section_title_tag=\u00a0\u00bbp\u00a0\u00bb style=\u00a0\u00bboutline\u00a0\u00bb shape=\u00a0\u00bbsquare\u00a0\u00bb color=\u00a0\u00bbblack\u00a0\u00bb c_position=\u00a0\u00bbright\u00a0\u00bb active_section=\u00a0\u00bb100&Prime; collapsible_all=\u00a0\u00bbtrue\u00a0\u00bb][vc_tta_section title=\u00a0\u00bbQuelle s\u00e9rie de commutateurs Dell fournissez-vous ?\u00a0\u00bb tab_id=\u00a0\u00bb1740059542177-a6d79dfd-70e55507-92707b5e-12c8&Prime;][vc_column_text css=\u00a0\u00bb\u00a0\u00bb]<\/p>\n<p data-pm-slice=\"1 1 []\">Nous proposons des mod\u00e8les des gammes Dell s\u00e9rie N, PowerConnect et PowerSwitch, entre autres. Votre mod\u00e8le n&rsquo;est pas list\u00e9 ? Contactez-nous pour en discuter.  <\/p>\n<p>[\/vc_column_text][\/vc_tta_section][vc_tta_section title=\u00a0\u00bbLes commutateurs Dell sont-ils remis \u00e0 neuf ?\u00a0\u00bb tab_id=\u00a0\u00bb1747836109474-65abd71d-182e5507-92707b5e-12c8&Prime;][vc_column_text css=\u00a0\u00bb\u00a0\u00bb]Oui, nombre de nos commutateurs sont remis \u00e0 neuf par des professionnels. Ils sont enti\u00e8rement test\u00e9s, effac\u00e9s et r\u00e9initialis\u00e9s aux param\u00e8tres d&rsquo;usine. Vous b\u00e9n\u00e9ficiez d&rsquo;une garantie \u00e0 vie standard.[\/vc_column_text][\/vc_tta_section][vc_tta_section title=\u00a0\u00bbQuel est le d\u00e9lai de livraison d&apos;un commutateur Dell ?\u00a0\u00bb tab_id=\u00a0\u00bb1747836106778-3a6b61ac-1ef85507-92707b5e-12c8&Prime;][vc_column_text css=\u00a0\u00bb\u00a0\u00bb]Si le mod\u00e8le est en stock, nous pouvons souvent livrer sous 24 heures. Contactez-nous pour conna\u00eetre sa disponibilit\u00e9 actuelle.[\/vc_column_text][\/vc_tta_section][vc_tta_section title=\u00a0\u00bbProposez-vous des conseils pour choisir un commutateur Dell ?\u00a0\u00bb tab_id=\u00a0\u00bb1747836106236-15e39d87-0d775507-92707b5e-12c8&Prime;][vc_column_text css=\u00a0\u00bb\u00a0\u00bb]Absolument. En fonction de votre r\u00e9seau, de son envergure et de vos besoins, nous vous recommanderons le type de commutateur et la s\u00e9rie les mieux adapt\u00e9s.[\/vc_column_text][\/vc_tta_section][vc_tta_section title=\u00a0\u00bbFournissez-vous \u00e9galement de nouveaux commutateurs Dell ?\u00a0\u00bb tab_id=\u00a0\u00bb1747836105323-499530d2-cc505507-92707b5e-12c8&Prime;][vc_column_text css=\u00a0\u00bb\u00a0\u00bb]Oui, nous proposons des commutateurs Dell reconditionn\u00e9s, neufs sous blister et neufs en bo\u00eete ouverte. Vous pouvez indiquer votre pr\u00e9f\u00e9rence lors de votre demande.[\/vc_column_text][\/vc_tta_section][\/vc_tta_accordion][vc_btn title=\u00a0\u00bbPlus de questions fr\u00e9quemment pos\u00e9es\u00a0\u00bb style=\u00a0\u00bboutline\u00a0\u00bb css=\u00a0\u00bb\u00a0\u00bb link=\u00a0\u00bburl:https%3A%2F%2Fwww.qualifiednetworks.com%2Ffr%2Ffaq%2F|\u00a0\u00bb el_class=\u00a0\u00bbpt-30&Prime;][\/vc_column][vc_column width=\u00a0\u00bb5\/12&Prime; el_class=\u00a0\u00bbfaq-sidebar\u00a0\u00bb][vc_custom_heading text=\u00a0\u00bbContact\u00a0\u00bb font_container=\u00a0\u00bbtag:div|text_align:left\u00a0\u00bb use_theme_fonts=\u00a0\u00bbyes\u00a0\u00bb el_class=\u00a0\u00bbsubtitle\u00a0\u00bb][vc_custom_heading text=\u00a0\u00bbune autre question ?\u00a0\u00bb use_theme_fonts=\u00a0\u00bbyes\u00a0\u00bb css=\u00a0\u00bb.vc_custom_1747836143916{margin-bottom: 5px !important;}\u00a0\u00bb][vc_column_text css=\u00a0\u00bb.vc_custom_1747836159058{margin-bottom: 10px !important;}\u00a0\u00bb el_class=\u00a0\u00bbsub-title\u00a0\u00bb]Veuillez nous contacter pour plus d&rsquo;informations.[\/vc_column_text][vc_row_inner el_class=\u00a0\u00bbfaq-contact-block\u00a0\u00bb][vc_column_inner width=\u00a0\u00bb1\/4&Prime;][vc_single_image image=\u00a0\u00bb3814&Prime; img_size=\u00a0\u00bblarge\u00a0\u00bb style=\u00a0\u00bbvc_box_circle_2&Prime; onclick=\u00a0\u00bbcustom_link\u00a0\u00bb css=\u00a0\u00bb\u00a0\u00bb link=\u00a0\u00bb\/author\/oskar-paarhuis\/\u00a0\u00bb][\/vc_column_inner][vc_column_inner width=\u00a0\u00bb3\/4&Prime;][vc_column_text css=\u00a0\u00bb\u00a0\u00bb]<\/p>\n<div class=\"contact-wrapper\">\n<div class=\"contact-info\">\n<h6 class=\"name\"><a href=\"\/author\/oskar-paarhuis\/\">Oskar Paarhuis<\/a><\/h6>\n<p><a href=\"\/author\/oskar-paarhuis\/\"><span class=\"position\">Sp\u00e9cialiste informatique<\/span><\/a><\/p>\n<\/div>\n<div class=\"contact-details\"><span class=\"contact-tel\"><a href=\"tel:+31202402350\">+31 (0) 20-2402350<\/a><\/span><span class=\"contact-email\"><br \/>\n<a href=\"mailto:info@qualifiednetworks.com\">info@qualifiednetworks.com<\/a><br \/>\n<\/span><\/div>\n<\/div>\n<p>[\/vc_column_text][\/vc_column_inner][\/vc_row_inner][\/vc_column][\/vc_row]<\/p>\n<\/div>","protected":false},"excerpt":{"rendered":"<p>[vc_section full_width=\u00a0\u00bbstretch_row\u00a0\u00bb el_class=\u00a0\u00bbduurzaamheid section-intro pb-70&Prime; css=\u00a0\u00bb.vc_custom_1748354937211{background-color: #F7F7FA !important;}\u00a0\u00bb][vc_row el_class=\u00a0\u00bbbrand-section pt-180&Prime;][vc_column width=\u00a0\u00bb6\/12&Prime;][vc_custom_heading text=\u00a0\u00bbdes commutateurs pour chaque environnement\u00a0\u00bb font_container=\u00a0\u00bbtag:div|text_align:left\u00a0\u00bb use_theme_fonts=\u00a0\u00bbyes\u00a0\u00bb css=\u00a0\u00bb\u00a0\u00bb el_class=\u00a0\u00bbsubtitle\u00a0\u00bb][vc_custom_heading text=\u00a0\u00bbCommutateurs Dell\u00a0\u00bb font_container=\u00a0\u00bbtag:h1|text_align:left\u00a0\u00bb use_theme_fonts=\u00a0\u00bbyes\u00a0\u00bb css=\u00a0\u00bb\u00a0\u00bb][vc_column_text css=\u00a0\u00bb\u00a0\u00bb]Les commutateurs Dell allient hautes performances et \u00e9volutivit\u00e9, et conviennent \u00e0 une vaste gamme d&rsquo;environnements informatiques. Que vous g\u00e9riez un r\u00e9seau de petite entreprise ou une infrastructure de grande envergure, [&hellip;]<\/p>\n","protected":false},"author":1,"featured_media":0,"parent":7345,"menu_order":0,"comment_status":"closed","ping_status":"closed","template":"","meta":{"footnotes":""},"class_list":["post-7401","page","type-page","status-publish","hentry"],"acf":[],"_links":{"self":[{"href":"https:\/\/www.qualifiednetworks.com\/fr\/wp-json\/wp\/v2\/pages\/7401","targetHints":{"allow":["GET"]}}],"collection":[{"href":"https:\/\/www.qualifiednetworks.com\/fr\/wp-json\/wp\/v2\/pages"}],"about":[{"href":"https:\/\/www.qualifiednetworks.com\/fr\/wp-json\/wp\/v2\/types\/page"}],"author":[{"embeddable":true,"href":"https:\/\/www.qualifiednetworks.com\/fr\/wp-json\/wp\/v2\/users\/1"}],"replies":[{"embeddable":true,"href":"https:\/\/www.qualifiednetworks.com\/fr\/wp-json\/wp\/v2\/comments?post=7401"}],"version-history":[{"count":3,"href":"https:\/\/www.qualifiednetworks.com\/fr\/wp-json\/wp\/v2\/pages\/7401\/revisions"}],"predecessor-version":[{"id":7404,"href":"https:\/\/www.qualifiednetworks.com\/fr\/wp-json\/wp\/v2\/pages\/7401\/revisions\/7404"}],"up":[{"embeddable":true,"href":"https:\/\/www.qualifiednetworks.com\/fr\/wp-json\/wp\/v2\/pages\/7345"}],"wp:attachment":[{"href":"https:\/\/www.qualifiednetworks.com\/fr\/wp-json\/wp\/v2\/media?parent=7401"}],"curies":[{"name":"wp","href":"https:\/\/api.w.org\/{rel}","templated":true}]}}