 {"id":7437,"date":"2025-11-20T17:57:26","date_gmt":"2025-11-20T17:57:26","guid":{"rendered":"https:\/\/www.qualifiednetworks.com\/produits\/commutateurs\/juniper\/"},"modified":"2025-12-08T11:59:53","modified_gmt":"2025-12-08T11:59:53","slug":"juniper","status":"publish","type":"page","link":"https:\/\/www.qualifiednetworks.com\/fr\/produits\/commutateurs\/juniper\/","title":{"rendered":"Juniper"},"content":{"rendered":"<div class=\"wpb-content-wrapper\"><p>[vc_section full_width=\u00a0\u00bbstretch_row\u00a0\u00bb el_class=\u00a0\u00bbduurzaamheid section-intro pb-70&Prime; css=\u00a0\u00bb.vc_custom_1748354937211{background-color: #F7F7FA !important;}\u00a0\u00bb][vc_row el_class=\u00a0\u00bbbrand-section pt-180&Prime;][vc_column width=\u00a0\u00bb6\/12&Prime;][vc_custom_heading text=\u00a0\u00bbDes commutateurs fiables pour les r\u00e9seaux modernes\u00a0\u00bb font_container=\u00a0\u00bbtag:div|text_align:left\u00a0\u00bb use_theme_fonts=\u00a0\u00bbyes\u00a0\u00bb css=\u00a0\u00bb\u00a0\u00bb el_class=\u00a0\u00bbsubtitle\u00a0\u00bb][vc_custom_heading text=\u00a0\u00bbCommutateurs Juniper\u00a0\u00bb font_container=\u00a0\u00bbtag:h1|text_align:left\u00a0\u00bb use_theme_fonts=\u00a0\u00bbyes\u00a0\u00bb css=\u00a0\u00bb\u00a0\u00bb][vc_column_text css=\u00a0\u00bb\u00a0\u00bb]Les commutateurs Juniper sont r\u00e9put\u00e9s pour leur stabilit\u00e9, leur \u00e9volutivit\u00e9 et leur s\u00e9curit\u00e9. Ils sont fr\u00e9quemment utilis\u00e9s dans les centres de donn\u00e9es, les environnements d&rsquo;entreprise et les r\u00e9seaux de campus. Chez Qualified Networks, nous proposons des commutateurs Juniper neufs et reconditionn\u00e9s, rigoureusement test\u00e9s et pr\u00eats \u00e0 l&#8217;emploi. Nous pouvons g\u00e9n\u00e9ralement vous les livrer sous 24 heures.[\/vc_column_text][vc_row_inner el_class=\u00a0\u00bbbuttons service-mobile-cta\u00a0\u00bb][vc_column_inner width=\u00a0\u00bb1\/2&Prime; css=\u00a0\u00bb.vc_custom_1740487265499{padding-right: 10px !important;padding-left: 0px !important;}\u00a0\u00bb][vc_btn title=\u00a0\u00bbDemander un devis\u00a0\u00bb css=\u00a0\u00bb\u00a0\u00bb link=\u00a0\u00bburl:https%3A%2F%2Fwww.qualifiednetworks.com%2Ffr%2Fdemander-un-devis%2F|title:Demander%20un%20devis|\u00a0\u00bb][\/vc_column_inner][vc_column_inner width=\u00a0\u00bb1\/2&Prime; css=\u00a0\u00bb.vc_custom_1740487216177{padding-right: 0px !important;padding-left: 0px !important;}\u00a0\u00bb][vc_btn title=\u00a0\u00bbNous contacter\u00a0\u00bb style=\u00a0\u00bboutline\u00a0\u00bb css=\u00a0\u00bb\u00a0\u00bb link=\u00a0\u00bburl:https%3A%2F%2Fwww.qualifiednetworks.com%2Ffr%2Fcontact%2F|title:Nous%20contacter|\u00a0\u00bb][\/vc_column_inner][\/vc_row_inner][vc_column_text][\/vc_column_text][\/vc_column][vc_column width=\u00a0\u00bb1\/12&Prime;][\/vc_column][vc_column width=\u00a0\u00bb5\/12&Prime; el_class=\u00a0\u00bbform\u00a0\u00bb][vc_custom_heading text=\u00a0\u00bbPourquoi Qualified Networks ?\u00a0\u00bb use_theme_fonts=\u00a0\u00bbyes\u00a0\u00bb css=\u00a0\u00bb\u00a0\u00bb][vc_column_text css=\u00a0\u00bb\u00a0\u00bb el_class=\u00a0\u00bblist\u00a0\u00bb]<\/p>\n<ul>\n<li data-start=\"1051\" data-end=\"1089\">\n<p data-start=\"1053\" data-end=\"1089\">Interrupteurs enti\u00e8rement test\u00e9s et imm\u00e9diatement pr\u00eats \u00e0 l&#8217;emploi<\/p>\n<\/li>\n<li data-start=\"1051\" data-end=\"1089\">\n<p data-start=\"1053\" data-end=\"1089\">Disponible en version neuve, neuve d\u00e9ball\u00e9e et reconditionn\u00e9e<\/p>\n<\/li>\n<li data-start=\"1051\" data-end=\"1089\">\n<p data-start=\"1053\" data-end=\"1089\">Garantie \u00e0 vie sur les mod\u00e8les remis \u00e0 neuf<\/p>\n<\/li>\n<li data-start=\"1051\" data-end=\"1089\">\n<p data-start=\"1053\" data-end=\"1089\">Livraison rapide gr\u00e2ce \u00e0 notre propre stock et notre r\u00e9seau<\/p>\n<\/li>\n<\/ul>\n<p>[\/vc_column_text][\/vc_column][\/vc_row][vc_row equal_height=\u00a0\u00bbyes\u00a0\u00bb el_class=\u00a0\u00bbkwaliteit pb-90 pt-120&Prime;][vc_column width=\u00a0\u00bb5\/12&Prime;][vc_custom_heading text=\u00a0\u00bbInterrupteurs fr\u00e9quemment vendus\u00a0\u00bb font_container=\u00a0\u00bbtag:div|text_align:left\u00a0\u00bb use_theme_fonts=\u00a0\u00bbyes\u00a0\u00bb css=\u00a0\u00bb\u00a0\u00bb el_class=\u00a0\u00bbsubtitle\u00a0\u00bb][vc_custom_heading text=\u00a0\u00bbS\u00e9rie Juniper EX populaire\u00a0\u00bb use_theme_fonts=\u00a0\u00bbyes\u00a0\u00bb css=\u00a0\u00bb\u00a0\u00bb][vc_column_text css=\u00a0\u00bb\u00a0\u00bb]La gamme EX de Juniper offre des solutions d&rsquo;acc\u00e8s et d&rsquo;agr\u00e9gation fiables et \u00e9volutives pour les r\u00e9seaux d&rsquo;entreprise. Ces commutateurs sont faciles \u00e0 g\u00e9rer et int\u00e8grent la technologie Virtual Chassis, permettant \u00e0 plusieurs commutateurs de fonctionner comme une seule entit\u00e9.[\/vc_column_text][vc_tta_accordion title_tag=\u00a0\u00bbp\u00a0\u00bb section_title_tag=\u00a0\u00bbp\u00a0\u00bb style=\u00a0\u00bboutline\u00a0\u00bb shape=\u00a0\u00bbsquare\u00a0\u00bb color=\u00a0\u00bbblack\u00a0\u00bb c_position=\u00a0\u00bbright\u00a0\u00bb active_section=\u00a0\u00bb100&Prime; collapsible_all=\u00a0\u00bbtrue\u00a0\u00bb el_class=\u00a0\u00bbfaq-list\u00a0\u00bb][vc_tta_section title=\u00a0\u00bbS\u00e9rie Juniper EX2200&Prime; tab_id=\u00a0\u00bb1739950626685-57982fb7-7b0d5507-927052b3-47af\u00a0\u00bb el_class=\u00a0\u00bbfaq-first\u00a0\u00bb][vc_column_text css=\u00a0\u00bb\u00a0\u00bb]Commutateurs d&rsquo;entr\u00e9e de gamme pour les environnements d&rsquo;entreprises de petite et moyenne taille.<\/p>\n<p><strong>Mod\u00e8les :<\/strong><br \/>\nEX2200-24T-4G, EX2200-24P-4G, EX2200-48T-4G, EX2200-48P-4G \u2013 Commutateurs compacts de couche 2 avec ports 1 GbE et liaisons montantes pour les r\u00e9seaux de base.[\/vc_column_text][\/vc_tta_section][vc_tta_section title=\u00a0\u00bbS\u00e9rie Juniper EX2300&Prime; tab_id=\u00a0\u00bb1761640763498-585b0ec1-424b\u00a0\u00bb el_class=\u00a0\u00bbfaq-second\u00a0\u00bb][vc_column_text css=\u00a0\u00bb\u00a0\u00bb]Commutateurs compacts et performants pour les succursales et les r\u00e9seaux de petites entreprises.<\/p>\n<p><strong>Mod\u00e8les :<\/strong><br \/>\nEX2300-24T, EX2300-24P, EX2300-48T, EX2300-48P, EX2300-C-12T, EX2300-C-12P \u2013 Commutateurs d\u2019acc\u00e8s 1 GbE puissants avec PoE et options sans ventilateur pour un fonctionnement silencieux.[\/vc_column_text][\/vc_tta_section][vc_tta_section title=\u00a0\u00bbJuniper EX3400&Prime; tab_id=\u00a0\u00bb1739950825489-c6fadf36-f1965507-927052b3-47af\u00a0\u00bb el_class=\u00a0\u00bbfaq-third\u00a0\u00bb][vc_column_text css=\u00a0\u00bb\u00a0\u00bb]Commutateurs empilables performants pour les r\u00e9seaux de campus et les PME.<\/p>\n<p><strong>Mod\u00e8les :<\/strong><br \/>\nEX3400-24T, EX3400-24P, EX3400-48T, EX3400-48P, EX3400-48MP \u2013 Commutateurs d\u2019acc\u00e8s 1 GbE empilables avec alimentation PoE et haute fiabilit\u00e9 pour les d\u00e9ploiements sur campus.[\/vc_column_text][\/vc_tta_section][vc_tta_section title=\u00a0\u00bbS\u00e9rie Juniper EX4300&Prime; tab_id=\u00a0\u00bb1764682679890-ad4ef0c5-029a\u00a0\u00bb el_class=\u00a0\u00bbfaq-third\u00a0\u00bb][vc_column_text css=\u00a0\u00bb\u00a0\u00bb]Commutateurs \u00e9volutifs et empilables pour r\u00e9seaux de campus, dot\u00e9s de fonctionnalit\u00e9s avanc\u00e9es de couche 2 et de couche 3.<\/p>\n<p><strong>Mod\u00e8les :<\/strong><br \/>\nEX4300-24T, EX4300-24P, EX4300-48T, EX4300-48P, EX4300-32F, EX4300-MP \u2013 Commutateurs de campus hautes performances disponibles en versions 1 GbE et multigigabit pour les environnements r\u00e9seau exigeants.[\/vc_column_text][\/vc_tta_section][vc_tta_section title=\u00a0\u00bbS\u00e9rie Juniper EX4400&Prime; tab_id=\u00a0\u00bb1761640808568-c1143a51-cefe\u00a0\u00bb el_class=\u00a0\u00bbfaq-third\u00a0\u00bb][vc_column_text css=\u00a0\u00bb\u00a0\u00bb]Commutateurs de campus nouvelle g\u00e9n\u00e9ration, optimis\u00e9s pour les r\u00e9seaux d&rsquo;entreprise s\u00e9curis\u00e9s et \u00e9volutifs.<\/p>\n<p><strong>Mod\u00e8les :<\/strong><br \/>\nEX4400-24T, EX4400-24P, EX4400-48T, EX4400-48P, EX4400-48MP \u2013 Commutateurs de campus modernes 1 GbE et multigigabit offrant une s\u00e9curit\u00e9 avanc\u00e9e et des performances \u00e9lev\u00e9es.[\/vc_column_text][\/vc_tta_section][vc_tta_section title=\u00a0\u00bbS\u00e9rie Juniper EX4600&Prime; tab_id=\u00a0\u00bb1761640896911-9d732cef-b77c\u00a0\u00bb el_class=\u00a0\u00bbfaq-third\u00a0\u00bb][vc_column_text css=\u00a0\u00bb\u00a0\u00bb]Commutateurs puissants et compacts pour l&rsquo;acc\u00e8s aux centres de donn\u00e9es et l&rsquo;agr\u00e9gation de campus.<\/p>\n<p><strong>Mod\u00e8les :<\/strong><br \/>\nEX4600-40F, EX4600-24T, EX4600-48Y \u2013 Commutateurs hautes performances avec connectivit\u00e9 10\/25\/40 GbE pour les architectures de centres de donn\u00e9es et de campus exigeantes.[\/vc_column_text][\/vc_tta_section][vc_tta_section title=\u00a0\u00bbS\u00e9rie Juniper EX4650&Prime; tab_id=\u00a0\u00bb1761640917729-4371613a-4e40&Prime; el_class=\u00a0\u00bbfaq-third\u00a0\u00bb][vc_column_text css=\u00a0\u00bb\u00a0\u00bb]R\u00e9seaux de centres de donn\u00e9es et de cloud avec prise en charge 25\/100 GbE pour une connectivit\u00e9 haute densit\u00e9.<\/p>\n<p><strong>Mod\u00e8les :<\/strong><br \/>\nEX4650-48Y, EX4650-48Y-8C \u2013 Commutateurs de centres de donn\u00e9es hautes performances avec ports 25\/100 GbE pour des infrastructures \u00e9volutives et \u00e0 haut d\u00e9bit.[\/vc_column_text][\/vc_tta_section][vc_tta_section title=\u00a0\u00bbS\u00e9rie Juniper EX8200&Prime; tab_id=\u00a0\u00bb1761640977103-0389abab-9c05&Prime; el_class=\u00a0\u00bbfaq-third\u00a0\u00bb][vc_column_text css=\u00a0\u00bb\u00a0\u00bb]Commutateurs modulaires hautes performances pour les grands r\u00e9seaux d&rsquo;entreprise (c\u0153ur de r\u00e9seau et agr\u00e9gation).<\/p>\n<p><strong>Mod\u00e8les :<\/strong><br \/>\nEX8208, EX8216 \u2013 Commutateurs ch\u00e2ssis modulaires haute capacit\u00e9 pour architectures c\u0153ur de r\u00e9seau \u00e9volutives.[\/vc_column_text][\/vc_tta_section][vc_tta_section title=\u00a0\u00bbS\u00e9rie Juniper EX9250&Prime; tab_id=\u00a0\u00bb1761641107964-226337c0-40ae\u00a0\u00bb el_class=\u00a0\u00bbfaq-third\u00a0\u00bb][vc_column_text css=\u00a0\u00bb\u00a0\u00bb]Commutateurs modulaires pour les centres de donn\u00e9es \u00e0 grande \u00e9chelle et les infrastructures r\u00e9seau de campus.<\/p>\n<p><strong>Mod\u00e8les :<\/strong><br \/>\nEX9251-32D, EX9251-64Y \u2013 Plateformes ch\u00e2ssis haute capacit\u00e9 compatibles 40\/100 GbE pour les architectures de c\u0153ur de r\u00e9seau et de fabric \u00e9volutives.[\/vc_column_text][\/vc_tta_section][\/vc_tta_accordion][\/vc_column][vc_column width=\u00a0\u00bb1\/12&Prime;][\/vc_column][vc_column width=\u00a0\u00bb6\/12&Prime; el_class=\u00a0\u00bbmo-1&Prime;][vc_single_image image=\u00a0\u00bb6422&Prime; img_size=\u00a0\u00bbfull\u00a0\u00bb css=\u00a0\u00bb\u00a0\u00bb][\/vc_column][\/vc_row][vc_row equal_height=\u00a0\u00bbyes\u00a0\u00bb el_class=\u00a0\u00bbkwaliteit pb-90 pt-120&Prime;][vc_column width=\u00a0\u00bb6\/12&Prime;][vc_single_image image=\u00a0\u00bb6428&Prime; img_size=\u00a0\u00bbfull\u00a0\u00bb css=\u00a0\u00bb\u00a0\u00bb][\/vc_column][vc_column width=\u00a0\u00bb1\/12&Prime;][\/vc_column][vc_column width=\u00a0\u00bb5\/12&Prime; el_class=\u00a0\u00bbmo-1&Prime;][vc_custom_heading text=\u00a0\u00bbInterrupteurs fr\u00e9quemment vendus\u00a0\u00bb font_container=\u00a0\u00bbtag:div|text_align:left\u00a0\u00bb use_theme_fonts=\u00a0\u00bbyes\u00a0\u00bb css=\u00a0\u00bb\u00a0\u00bb el_class=\u00a0\u00bbsubtitle\u00a0\u00bb][vc_custom_heading text=\u00a0\u00bbS\u00e9rie populaire Juniper QFX\u00a0\u00bb use_theme_fonts=\u00a0\u00bbyes\u00a0\u00bb css=\u00a0\u00bb\u00a0\u00bb][vc_column_text css=\u00a0\u00bb\u00a0\u00bb]La gamme QFX est con\u00e7ue pour une faible latence et une bande passante \u00e9lev\u00e9e. Ces commutateurs sont destin\u00e9s aux centres de donn\u00e9es, aux infrastructures cloud et aux environnements d&rsquo;entreprise avanc\u00e9s.[\/vc_column_text][vc_tta_accordion title_tag=\u00a0\u00bbp\u00a0\u00bb section_title_tag=\u00a0\u00bbp\u00a0\u00bb style=\u00a0\u00bboutline\u00a0\u00bb shape=\u00a0\u00bbsquare\u00a0\u00bb color=\u00a0\u00bbblack\u00a0\u00bb c_position=\u00a0\u00bbright\u00a0\u00bb active_section=\u00a0\u00bb100&Prime; collapsible_all=\u00a0\u00bbtrue\u00a0\u00bb el_class=\u00a0\u00bbfaq-list\u00a0\u00bb][vc_tta_section title=\u00a0\u00bbS\u00e9rie Juniper QFX5100&Prime; tab_id=\u00a0\u00bb1749819125171-39b18e76-b185&Prime; el_class=\u00a0\u00bbfaq-first\u00a0\u00bb][vc_column_text css=\u00a0\u00bb\u00a0\u00bb]Commutateurs performants pour l&rsquo;acc\u00e8s aux centres de donn\u00e9es et aux campus, dot\u00e9s de fonctionnalit\u00e9s avanc\u00e9es de couche 2 et de couche 3.<\/p>\n<p><strong>Mod\u00e8les :<\/strong><br \/>\nQFX5100-48S, QFX5100-48T, QFX5100-24Q, QFX5100-96S-8Q \u2013 Commutateurs hautes performances avec interface 1\/10\/40 GbE pour une gestion flexible de l&rsquo;acc\u00e8s et de l&rsquo;agr\u00e9gation.[\/vc_column_text][\/vc_tta_section][vc_tta_section title=\u00a0\u00bbS\u00e9rie Juniper QFX5120&Prime; tab_id=\u00a0\u00bb1761641141020-050f6a8a-3d7b\u00a0\u00bb el_class=\u00a0\u00bbfaq-first\u00a0\u00bb][vc_column_text css=\u00a0\u00bb\u00a0\u00bb]Pour les centres de donn\u00e9es, les campus et les fournisseurs de services prenant en charge la connectivit\u00e9 haut d\u00e9bit 10\/25\/100 GbE.<\/p>\n<p><strong>Mod\u00e8les :<\/strong><br \/>\nQFX5120-48Y, QFX5120-48T, QFX5120-32C \u2013 Commutateurs hautes performances dot\u00e9s d\u2019interfaces 10\/25\/100 GbE polyvalentes pour des environnements r\u00e9seau modernes et \u00e9volutifs.[\/vc_column_text][\/vc_tta_section][vc_tta_section title=\u00a0\u00bbS\u00e9rie Juniper QFX5200&Prime; tab_id=\u00a0\u00bb1749819125195-364a9f15-fdb8&Prime; el_class=\u00a0\u00bbfaq-second\u00a0\u00bb][vc_column_text css=\u00a0\u00bb\u00a0\u00bb]Commutateurs de centre de donn\u00e9es haute densit\u00e9 con\u00e7us pour les d\u00e9ploiements 25\/40\/100 GbE.<\/p>\n<p><strong>Mod\u00e8les :<\/strong><br \/>\nQFX5200-32C, QFX5200-48Y, QFX5210-64C \u2013 Commutateurs de centre de donn\u00e9es hautes performances offrant une connectivit\u00e9 \u00e9volutive 25\/40\/100 GbE pour les applications leaf et spine modernes.[\/vc_column_text][\/vc_tta_section][vc_tta_section title=\u00a0\u00bbS\u00e9rie Juniper QFX5220&Prime; tab_id=\u00a0\u00bb1761641215309-e4b7af7a-9a8a\u00a0\u00bb el_class=\u00a0\u00bbfaq-second\u00a0\u00bb][vc_column_text css=\u00a0\u00bb\u00a0\u00bb]Commutateurs hautes performances \u00e0 latence ultra-faible pour les datacenters de nouvelle g\u00e9n\u00e9ration, compatibles 400 GbE.<br \/>\n<strong>Mod\u00e8les :<\/strong><br \/>\nQFX5220-32CD, QFX5220-64C \u2013 Commutateurs hautes performances pour datacenters, offrant une connectivit\u00e9 100\/400 GbE pour les architectures r\u00e9seau \u00e0 grande \u00e9chelle et faible latence.[\/vc_column_text][\/vc_tta_section][vc_tta_section title=\u00a0\u00bbS\u00e9rie Juniper QFX5700&Prime; tab_id=\u00a0\u00bb1764683104215-6535669f-2220&Prime; el_class=\u00a0\u00bbfaq-second\u00a0\u00bb][vc_column_text css=\u00a0\u00bb\u00a0\u00bb]Commutateurs performants pour les d\u00e9ploiements de centres de donn\u00e9es \u00e0 grande \u00e9chelle et faible latence avec connectivit\u00e9 100\/400 GbE.<\/p>\n<p><strong>Mod\u00e8les :<\/strong><br \/>\nQFX5700-48D-AFI, QFX5700-48Y-6C \u2013 Commutateurs de centres de donn\u00e9es hautes performances avec ports 100\/400 GbE \u00e9volutifs pour les architectures r\u00e9seau exigeantes.[\/vc_column_text][\/vc_tta_section][vc_tta_section title=\u00a0\u00bbS\u00e9rie Juniper QFX10000&Prime; tab_id=\u00a0\u00bb1749819125216-1a5763f9-f141&Prime; el_class=\u00a0\u00bbfaq-third\u00a0\u00bb][vc_column_text css=\u00a0\u00bb\u00a0\u00bb]Pour les architectures c\u0153ur et spine \u00e0 grande \u00e9chelle des datacenters compatibles 100\/400 GbE.<\/p>\n<p><strong>Mod\u00e8les :<\/strong><br \/>\nQFX10002-36Q, QFX10002-72Q, QFX10008, QFX10016 \u2013 Ch\u00e2ssis haute capacit\u00e9 et commutateurs \u00e0 format fixe pour les infrastructures de datacenters \u00e9volutives avec connectivit\u00e9 100\/400 GbE.[\/vc_column_text][\/vc_tta_section][vc_tta_section title=\u00a0\u00bbS\u00e9rie Juniper EX-MP\u00a0\u00bb tab_id=\u00a0\u00bb1761641316531-1e0b96c4-9206&Prime; el_class=\u00a0\u00bbfaq-third\u00a0\u00bb][vc_column_text css=\u00a0\u00bb\u00a0\u00bb]Commutateurs d&rsquo;acc\u00e8s et d&rsquo;agr\u00e9gation multigigabits pour p\u00e9riph\u00e9riques hautes performances et r\u00e9seaux sans fil modernes<\/p>\n<p><strong>Mod\u00e8les :<\/strong><br \/>\nEX2300-MP, EX4300-MP \u2013 Commutateurs de campus multigigabits avec alimentation PoE performante pour les environnements d&rsquo;acc\u00e8s exigeants.[\/vc_column_text][\/vc_tta_section][\/vc_tta_accordion][\/vc_column][\/vc_row][vc_row el_class=\u00a0\u00bbsection-bestservice section-bestservice-small section-bestservice-row\u00a0\u00bb][vc_column width=\u00a0\u00bb1\/2&Prime; el_class=\u00a0\u00bbinner\u00a0\u00bb][vc_custom_heading text=\u00a0\u00bbVotre mod\u00e8le Juniper n&apos;est pas r\u00e9pertori\u00e9 ?\u00a0\u00bb use_theme_fonts=\u00a0\u00bbyes\u00a0\u00bb css=\u00a0\u00bb\u00a0\u00bb][vc_column_text css=\u00a0\u00bb\u00a0\u00bb]Pas d&rsquo;inqui\u00e9tude, nous proposons la quasi-totalit\u00e9 des mod\u00e8les, m\u00eame si vous ne le trouvez pas sur notre site web. Gr\u00e2ce \u00e0 notre r\u00e9seau international, l&rsquo;interrupteur que vous recherchez est souvent disponible rapidement. Dites-nous ce dont vous avez besoin ; nous serons ravis de vous aider ![\/vc_column_text][vc_btn title=\u00a0\u00bbNous contacter\u00a0\u00bb css=\u00a0\u00bb\u00a0\u00bb link=\u00a0\u00bburl:https%3A%2F%2Fwww.qualifiednetworks.com%2Ffr%2Fcontact%2F|title:Nous%20contacter|\u00a0\u00bb][vc_btn title=\u00a0\u00bbRappelle-moi\u00a0\u00bb style=\u00a0\u00bboutline\u00a0\u00bb color=\u00a0\u00bbwhite\u00a0\u00bb css=\u00a0\u00bb\u00a0\u00bb link=\u00a0\u00bburl:https%3A%2F%2Fwww.qualifiednetworks.com%2Ffr%2Fcontact%2F|title:Rappelle-moi|\u00a0\u00bb][\/vc_column][vc_column width=\u00a0\u00bb1\/2&Prime;][\/vc_column][\/vc_row][\/vc_section][vc_row el_class=\u00a0\u00bbpt-100 pb-130&Prime;][vc_column width=\u00a0\u00bb7\/12&Prime; el_class=\u00a0\u00bbleft-content\u00a0\u00bb][vc_custom_heading text=\u00a0\u00bbFaq\u00a0\u00bb font_container=\u00a0\u00bbtag:div|text_align:left\u00a0\u00bb use_theme_fonts=\u00a0\u00bbyes\u00a0\u00bb el_class=\u00a0\u00bbsubtitle\u00a0\u00bb][vc_custom_heading text=\u00a0\u00bbQuestions fr\u00e9quentes sur les commutateurs Juniper\u00a0\u00bb use_theme_fonts=\u00a0\u00bbyes\u00a0\u00bb css=\u00a0\u00bb\u00a0\u00bb el_id=\u00a0\u00bbfaq-first\u00a0\u00bb][vc_tta_accordion title_tag=\u00a0\u00bbp\u00a0\u00bb section_title_tag=\u00a0\u00bbp\u00a0\u00bb style=\u00a0\u00bboutline\u00a0\u00bb shape=\u00a0\u00bbsquare\u00a0\u00bb color=\u00a0\u00bbblack\u00a0\u00bb c_position=\u00a0\u00bbright\u00a0\u00bb active_section=\u00a0\u00bb100&Prime; collapsible_all=\u00a0\u00bbtrue\u00a0\u00bb][vc_tta_section title=\u00a0\u00bbQuel commutateur Juniper est le mieux adapt\u00e9 \u00e0 mon organisation ?\u00a0\u00bb tab_id=\u00a0\u00bb1740059542177-a6d79dfd-70e55507-927052b3-47af\u00a0\u00bb][vc_column_text css=\u00a0\u00bb\u00a0\u00bb]<\/p>\n<p data-pm-slice=\"1 1 []\">Le choix d\u00e9pendra essentiellement des besoins de votre r\u00e9seau. Pour les r\u00e9seaux d&rsquo;entreprises de petite et moyenne taille, les mod\u00e8les EX2200, EX3300 et EX4300 sont d&rsquo;excellentes options. Si vous travaillez dans des centres de donn\u00e9es ou des environnements r\u00e9seau exigeants, les mod\u00e8les QFX5100, QFX5200 et QFX10002 sont la solution id\u00e9ale.  <\/p>\n<p>[\/vc_column_text][\/vc_tta_section][vc_tta_section title=\u00a0\u00bbQuelle est la diff\u00e9rence entre les s\u00e9ries EX et QFX de Juniper ?\u00a0\u00bb tab_id=\u00a0\u00bb1747836109474-65abd71d-182e5507-927052b3-47af\u00a0\u00bb][vc_column_text css=\u00a0\u00bb\u00a0\u00bb]La s\u00e9rie EX est con\u00e7ue pour les r\u00e9seaux d&rsquo;entreprise de base et interm\u00e9diaires. La s\u00e9rie QFX est sp\u00e9cifiquement adapt\u00e9e aux environnements r\u00e9seau rapides et exigeants, tels que les centres de donn\u00e9es. Les commutateurs QFX prennent en charge des vitesses plus \u00e9lev\u00e9es et offrent des fonctionnalit\u00e9s suppl\u00e9mentaires pour les r\u00e9seaux plus complexes.[\/vc_column_text][\/vc_tta_section][vc_tta_section title=\u00a0\u00bbPrenez-vous \u00e9galement en charge les anciens mod\u00e8les comme l&apos;EX2200 ou le QFX5100 ?\u00a0\u00bb tab_id=\u00a0\u00bb1747836106778-3a6b61ac-1ef85507-927052b3-47af\u00a0\u00bb][vc_column_text css=\u00a0\u00bb\u00a0\u00bb]Oui, nous proposons r\u00e9guli\u00e8rement, via notre r\u00e9seau, des mod\u00e8les plus anciens ou en fin de vie comme l&rsquo;EX2200 ou le QFX5100. Ces appareils ont \u00e9t\u00e9 enti\u00e8rement test\u00e9s, r\u00e9initialis\u00e9s aux param\u00e8tres d&rsquo;usine et b\u00e9n\u00e9ficient d&rsquo;une garantie \u00e0 vie.[\/vc_column_text][\/vc_tta_section][vc_tta_section title=\u00a0\u00bbFournissez-vous \u00e9galement des commutateurs compatibles avec le ch\u00e2ssis virtuel ?\u00a0\u00bb tab_id=\u00a0\u00bb1747836106236-15e39d87-0d775507-927052b3-47af\u00a0\u00bb][vc_column_text css=\u00a0\u00bb\u00a0\u00bb]Oui, plusieurs mod\u00e8les de la s\u00e9rie EX (comme les EX3300 et EX4300) prennent en charge le ch\u00e2ssis virtuel. Cela vous permet de connecter plusieurs commutateurs \u00e0 une seule unit\u00e9 de gestion.[\/vc_column_text][\/vc_tta_section][vc_tta_section title=\u00a0\u00bbQue faire si un mod\u00e8le Juniper sp\u00e9cifique n&apos;est pas r\u00e9pertori\u00e9 sur le site ?\u00a0\u00bb tab_id=\u00a0\u00bb1747836105323-499530d2-cc505507-927052b3-47af\u00a0\u00bb][vc_column_text css=\u00a0\u00bb\u00a0\u00bb]N&rsquo;h\u00e9sitez pas \u00e0 nous contacter. Gr\u00e2ce \u00e0 notre vaste r\u00e9seau, nous pouvons fournir presque tous les mod\u00e8les, m\u00eame s&rsquo;ils ne figurent pas dans notre catalogue.[\/vc_column_text][\/vc_tta_section][\/vc_tta_accordion][vc_btn title=\u00a0\u00bbPlus de questions fr\u00e9quemment pos\u00e9es\u00a0\u00bb style=\u00a0\u00bboutline\u00a0\u00bb css=\u00a0\u00bb\u00a0\u00bb link=\u00a0\u00bburl:https%3A%2F%2Fwww.qualifiednetworks.com%2Ffr%2Ffaq%2F|\u00a0\u00bb el_class=\u00a0\u00bbpt-30&Prime;][\/vc_column][vc_column width=\u00a0\u00bb5\/12&Prime; el_class=\u00a0\u00bbfaq-sidebar\u00a0\u00bb][vc_custom_heading text=\u00a0\u00bbContact\u00a0\u00bb font_container=\u00a0\u00bbtag:div|text_align:left\u00a0\u00bb use_theme_fonts=\u00a0\u00bbyes\u00a0\u00bb el_class=\u00a0\u00bbsubtitle\u00a0\u00bb][vc_custom_heading text=\u00a0\u00bbune autre question ?\u00a0\u00bb use_theme_fonts=\u00a0\u00bbyes\u00a0\u00bb css=\u00a0\u00bb.vc_custom_1747836143916{margin-bottom: 5px !important;}\u00a0\u00bb][vc_column_text css=\u00a0\u00bb.vc_custom_1747836159058{margin-bottom: 10px !important;}\u00a0\u00bb el_class=\u00a0\u00bbsub-title\u00a0\u00bb]Veuillez nous contacter pour plus d&rsquo;informations.[\/vc_column_text][vc_row_inner el_class=\u00a0\u00bbfaq-contact-block\u00a0\u00bb][vc_column_inner width=\u00a0\u00bb1\/4&Prime;][vc_single_image image=\u00a0\u00bb3814&Prime; img_size=\u00a0\u00bblarge\u00a0\u00bb style=\u00a0\u00bbvc_box_circle_2&Prime; onclick=\u00a0\u00bbcustom_link\u00a0\u00bb css=\u00a0\u00bb\u00a0\u00bb link=\u00a0\u00bb\/author\/oskar-paarhuis\/\u00a0\u00bb][\/vc_column_inner][vc_column_inner width=\u00a0\u00bb3\/4&Prime;][vc_column_text css=\u00a0\u00bb\u00a0\u00bb]<\/p>\n<div class=\"contact-wrapper\">\n<div class=\"contact-info\">\n<h6 class=\"name\"><a href=\"\/author\/oskar-paarhuis\/\">Oskar Paarhuis<\/a><\/h6>\n<p><a href=\"\/author\/oskar-paarhuis\/\"><span class=\"position\">Sp\u00e9cialiste informatique<\/span><\/a><\/p>\n<\/div>\n<div class=\"contact-details\"><span class=\"contact-tel\"><a href=\"tel:+31202402350\">+31 (0) 20-2402350<\/a><\/span><span class=\"contact-email\"><br \/>\n<a href=\"mailto:info@qualifiednetworks.com\">info@qualifiednetworks.com<\/a><br \/>\n<\/span><\/div>\n<\/div>\n<p>[\/vc_column_text][\/vc_column_inner][\/vc_row_inner][\/vc_column][\/vc_row]<\/p>\n<\/div>","protected":false},"excerpt":{"rendered":"<p>[vc_section full_width=\u00a0\u00bbstretch_row\u00a0\u00bb el_class=\u00a0\u00bbduurzaamheid section-intro pb-70&Prime; css=\u00a0\u00bb.vc_custom_1748354937211{background-color: #F7F7FA !important;}\u00a0\u00bb][vc_row el_class=\u00a0\u00bbbrand-section pt-180&Prime;][vc_column width=\u00a0\u00bb6\/12&Prime;][vc_custom_heading text=\u00a0\u00bbDes commutateurs fiables pour les r\u00e9seaux modernes\u00a0\u00bb font_container=\u00a0\u00bbtag:div|text_align:left\u00a0\u00bb use_theme_fonts=\u00a0\u00bbyes\u00a0\u00bb css=\u00a0\u00bb\u00a0\u00bb el_class=\u00a0\u00bbsubtitle\u00a0\u00bb][vc_custom_heading text=\u00a0\u00bbCommutateurs Juniper\u00a0\u00bb font_container=\u00a0\u00bbtag:h1|text_align:left\u00a0\u00bb use_theme_fonts=\u00a0\u00bbyes\u00a0\u00bb css=\u00a0\u00bb\u00a0\u00bb][vc_column_text css=\u00a0\u00bb\u00a0\u00bb]Les commutateurs Juniper sont r\u00e9put\u00e9s pour leur stabilit\u00e9, leur \u00e9volutivit\u00e9 et leur s\u00e9curit\u00e9. Ils sont fr\u00e9quemment utilis\u00e9s dans les centres de donn\u00e9es, les environnements d&rsquo;entreprise et les r\u00e9seaux [&hellip;]<\/p>\n","protected":false},"author":1,"featured_media":0,"parent":7345,"menu_order":0,"comment_status":"closed","ping_status":"closed","template":"","meta":{"footnotes":""},"class_list":["post-7437","page","type-page","status-publish","hentry"],"acf":[],"_links":{"self":[{"href":"https:\/\/www.qualifiednetworks.com\/fr\/wp-json\/wp\/v2\/pages\/7437","targetHints":{"allow":["GET"]}}],"collection":[{"href":"https:\/\/www.qualifiednetworks.com\/fr\/wp-json\/wp\/v2\/pages"}],"about":[{"href":"https:\/\/www.qualifiednetworks.com\/fr\/wp-json\/wp\/v2\/types\/page"}],"author":[{"embeddable":true,"href":"https:\/\/www.qualifiednetworks.com\/fr\/wp-json\/wp\/v2\/users\/1"}],"replies":[{"embeddable":true,"href":"https:\/\/www.qualifiednetworks.com\/fr\/wp-json\/wp\/v2\/comments?post=7437"}],"version-history":[{"count":6,"href":"https:\/\/www.qualifiednetworks.com\/fr\/wp-json\/wp\/v2\/pages\/7437\/revisions"}],"predecessor-version":[{"id":7715,"href":"https:\/\/www.qualifiednetworks.com\/fr\/wp-json\/wp\/v2\/pages\/7437\/revisions\/7715"}],"up":[{"embeddable":true,"href":"https:\/\/www.qualifiednetworks.com\/fr\/wp-json\/wp\/v2\/pages\/7345"}],"wp:attachment":[{"href":"https:\/\/www.qualifiednetworks.com\/fr\/wp-json\/wp\/v2\/media?parent=7437"}],"curies":[{"name":"wp","href":"https:\/\/api.w.org\/{rel}","templated":true}]}}