 {"id":7449,"date":"2025-11-20T18:21:09","date_gmt":"2025-11-20T18:21:09","guid":{"rendered":"https:\/\/www.qualifiednetworks.com\/produits\/commutateurs\/meraki\/"},"modified":"2025-11-20T18:21:12","modified_gmt":"2025-11-20T18:21:12","slug":"meraki","status":"publish","type":"page","link":"https:\/\/www.qualifiednetworks.com\/fr\/produits\/commutateurs\/meraki\/","title":{"rendered":"Meraki"},"content":{"rendered":"<div class=\"wpb-content-wrapper\"><p>[vc_section full_width=\u00a0\u00bbstretch_row\u00a0\u00bb el_class=\u00a0\u00bbduurzaamheid section-intro pb-70&Prime; css=\u00a0\u00bb.vc_custom_1748354937211{background-color: #F7F7FA !important;}\u00a0\u00bb][vc_row el_class=\u00a0\u00bbbrand-section pt-180&Prime;][vc_column width=\u00a0\u00bb6\/12&Prime;][vc_custom_heading text=\u00a0\u00bbGestion de r\u00e9seau en toute simplicit\u00e9\u00a0\u00bb font_container=\u00a0\u00bbtag:div|text_align:left\u00a0\u00bb use_theme_fonts=\u00a0\u00bbyes\u00a0\u00bb css=\u00a0\u00bb\u00a0\u00bb el_class=\u00a0\u00bbsubtitle\u00a0\u00bb][vc_custom_heading text=\u00a0\u00bbCommutateurs Meraki\u00a0\u00bb font_container=\u00a0\u00bbtag:h1|text_align:left\u00a0\u00bb use_theme_fonts=\u00a0\u00bbyes\u00a0\u00bb css=\u00a0\u00bb\u00a0\u00bb][vc_column_text css=\u00a0\u00bb\u00a0\u00bb]Chez Qualified Networks, vous trouverez des commutateurs Meraki con\u00e7us pour la simplicit\u00e9, l&rsquo;\u00e9volutivit\u00e9 et une gestion centralis\u00e9e gr\u00e2ce au tableau de bord Meraki intuitif. Que vous g\u00e9riez un site unique ou un vaste r\u00e9seau avec des dizaines d&rsquo;agences, les commutateurs Meraki vous offrent une vue d&rsquo;ensemble et un contr\u00f4le complets. Nos commutateurs sont pr\u00eats \u00e0 l&#8217;emploi, r\u00e9initialis\u00e9s aux param\u00e8tres d&rsquo;usine et b\u00e9n\u00e9ficient d&rsquo;une garantie \u00e0 vie (pour les mod\u00e8les reconditionn\u00e9s).[\/vc_column_text][vc_row_inner el_class=\u00a0\u00bbbuttons service-mobile-cta\u00a0\u00bb][vc_column_inner width=\u00a0\u00bb1\/2&Prime; css=\u00a0\u00bb.vc_custom_1740487265499{padding-right: 10px !important;padding-left: 0px !important;}\u00a0\u00bb][vc_btn title=\u00a0\u00bbDemander un devis\u00a0\u00bb css=\u00a0\u00bb\u00a0\u00bb link=\u00a0\u00bburl:https%3A%2F%2Fwww.qualifiednetworks.com%2Ffr%2Fdemander-un-devis%2F|title:Demander%20un%20devis|\u00a0\u00bb][\/vc_column_inner][vc_column_inner width=\u00a0\u00bb1\/2&Prime; css=\u00a0\u00bb.vc_custom_1740487216177{padding-right: 0px !important;padding-left: 0px !important;}\u00a0\u00bb][vc_btn title=\u00a0\u00bbNous contacter\u00a0\u00bb style=\u00a0\u00bboutline\u00a0\u00bb css=\u00a0\u00bb\u00a0\u00bb link=\u00a0\u00bburl:https%3A%2F%2Fwww.qualifiednetworks.com%2Ffr%2Fcontact%2F|title:Nous%20contacter|\u00a0\u00bb][\/vc_column_inner][\/vc_row_inner][vc_column_text][\/vc_column_text][\/vc_column][vc_column width=\u00a0\u00bb1\/12&Prime;][\/vc_column][vc_column width=\u00a0\u00bb5\/12&Prime; el_class=\u00a0\u00bbform\u00a0\u00bb][vc_custom_heading text=\u00a0\u00bbPourquoi choisir les commutateurs Meraki de Qualified Networks ?\u00a0\u00bb use_theme_fonts=\u00a0\u00bbyes\u00a0\u00bb css=\u00a0\u00bb\u00a0\u00bb][vc_column_text css=\u00a0\u00bb\u00a0\u00bb el_class=\u00a0\u00bblist\u00a0\u00bb]<\/p>\n<ul>\n<li data-start=\"1051\" data-end=\"1089\">Int\u00e9gration compl\u00e8te au cloud pour une gestion centralis\u00e9e<\/li>\n<li data-start=\"1051\" data-end=\"1089\">Livraison rapide, y compris les mod\u00e8les reconditionn\u00e9s<\/li>\n<li data-start=\"1051\" data-end=\"1089\">Garantie \u00e0 vie sur les commutateurs Meraki remis \u00e0 neuf<\/li>\n<li data-start=\"1051\" data-end=\"1089\">Test\u00e9 et pr\u00eat \u00e0 l&#8217;emploi<\/li>\n<\/ul>\n<p>[\/vc_column_text][\/vc_column][\/vc_row][vc_row equal_height=\u00a0\u00bbyes\u00a0\u00bb el_class=\u00a0\u00bbkwaliteit pb-90 pt-120&Prime;][vc_column width=\u00a0\u00bb5\/12&Prime;][vc_custom_heading text=\u00a0\u00bbInterrupteurs fr\u00e9quemment vendus\u00a0\u00bb font_container=\u00a0\u00bbtag:div|text_align:left\u00a0\u00bb use_theme_fonts=\u00a0\u00bbyes\u00a0\u00bb css=\u00a0\u00bb\u00a0\u00bb el_class=\u00a0\u00bbsubtitle\u00a0\u00bb][vc_custom_heading text=\u00a0\u00bbS\u00e9rie Meraki populaire\u00a0\u00bb use_theme_fonts=\u00a0\u00bbyes\u00a0\u00bb css=\u00a0\u00bb\u00a0\u00bb][vc_column_text css=\u00a0\u00bb\u00a0\u00bb]Meraki propose une gamme compl\u00e8te d&rsquo;interrupteurs, tous facilement g\u00e9rables via le tableau de bord cloud intuitif. Voici une s\u00e9lection de s\u00e9ries populaires que nous avons souvent en stock :[\/vc_column_text][vc_tta_accordion title_tag=\u00a0\u00bbp\u00a0\u00bb section_title_tag=\u00a0\u00bbp\u00a0\u00bb style=\u00a0\u00bboutline\u00a0\u00bb shape=\u00a0\u00bbsquare\u00a0\u00bb color=\u00a0\u00bbblack\u00a0\u00bb c_position=\u00a0\u00bbright\u00a0\u00bb active_section=\u00a0\u00bb100&Prime; collapsible_all=\u00a0\u00bbtrue\u00a0\u00bb el_class=\u00a0\u00bbfaq-list\u00a0\u00bb][vc_tta_section title=\u00a0\u00bbS\u00e9rie MS120&Prime; tab_id=\u00a0\u00bb1739950626685-57982fb7-7b0d5507-9270a198-3149&Prime; el_class=\u00a0\u00bbfaq-first\u00a0\u00bb][vc_column_text css=\u00a0\u00bb\u00a0\u00bb]Commutateurs de couche 2 l\u00e9gers, parfaits pour les petits bureaux ou les succursales. Disponibles avec des ports 1G et des options PoE.[\/vc_column_text][\/vc_tta_section][vc_tta_section title=\u00a0\u00bbS\u00e9rie MS210&Prime; tab_id=\u00a0\u00bb1739950826636-55c2f176-34655507-9270a198-3149&Prime; el_class=\u00a0\u00bbfaq-second\u00a0\u00bb][vc_column_text css=\u00a0\u00bb\u00a0\u00bb]Commutateur de couche 2 avec empilage et prise en charge PoE+, id\u00e9al pour les r\u00e9seaux de taille moyenne.[\/vc_column_text][\/vc_tta_section][vc_tta_section title=\u00a0\u00bbS\u00e9rie MS225&Prime; tab_id=\u00a0\u00bb1739950825489-c6fadf36-f1965507-9270a198-3149&Prime; el_class=\u00a0\u00bbfaq-third\u00a0\u00bb][vc_column_text css=\u00a0\u00bb\u00a0\u00bb]Commutateur de couche 2\/3 pour les grands r\u00e9seaux, avec des capacit\u00e9s de routage avanc\u00e9es et une excellente \u00e9volutivit\u00e9.[\/vc_column_text][\/vc_tta_section][vc_tta_section title=\u00a0\u00bbS\u00e9rie MS250&Prime; tab_id=\u00a0\u00bb1739950824730-15fe4dd0-cd925507-9270a198-3149&Prime; el_class=\u00a0\u00bbfaq-fourth\u00a0\u00bb][vc_column_text css=\u00a0\u00bb\u00a0\u00bb]Commutateur de couche 3 avec alimentation redondante et haute disponibilit\u00e9, largement utilis\u00e9 dans les environnements critiques.[\/vc_column_text][\/vc_tta_section][vc_tta_section title=\u00a0\u00bbS\u00e9rie MS355&Prime; tab_id=\u00a0\u00bb1747834971747-e60e21e7-7c7e5507-9270a198-3149&Prime; el_class=\u00a0\u00bbfaq-fourth\u00a0\u00bb][vc_column_text css=\u00a0\u00bb\u00a0\u00bb]Commutateur multigigabit de couche 3 pour des performances \u00e9lev\u00e9es et des charges de travail importantes, avec prise en charge PoE++.[\/vc_column_text][\/vc_tta_section][\/vc_tta_accordion][\/vc_column][vc_column width=\u00a0\u00bb1\/12&Prime;][\/vc_column][vc_column width=\u00a0\u00bb6\/12&Prime; el_class=\u00a0\u00bbmo-1&Prime;][vc_single_image image=\u00a0\u00bb6412&Prime; img_size=\u00a0\u00bbfull\u00a0\u00bb css=\u00a0\u00bb\u00a0\u00bb][\/vc_column][\/vc_row][vc_row el_class=\u00a0\u00bbsection-bestservice section-bestservice-small section-bestservice-row\u00a0\u00bb][vc_column width=\u00a0\u00bb1\/2&Prime; el_class=\u00a0\u00bbinner\u00a0\u00bb][vc_custom_heading text=\u00a0\u00bbVous n&apos;avez pas trouv\u00e9 ce que vous cherchiez ?\u00a0\u00bb use_theme_fonts=\u00a0\u00bbyes\u00a0\u00bb css=\u00a0\u00bb\u00a0\u00bb][vc_column_text css=\u00a0\u00bb\u00a0\u00bb]Vous recherchez un mod\u00e8le Meraki sp\u00e9cifique qui ne figure pas sur notre site web ? N\u2019h\u00e9sitez pas \u00e0 nous contacter. Gr\u00e2ce \u00e0 notre r\u00e9seau international, nous pouvons livrer quasiment tous les mod\u00e8les, souvent sous 24 heures. Nous serons ravis de vous aider \u00e0 trouver la solution id\u00e9ale.[\/vc_column_text][vc_btn title=\u00a0\u00bbNous contacter\u00a0\u00bb css=\u00a0\u00bb\u00a0\u00bb link=\u00a0\u00bburl:https%3A%2F%2Fwww.qualifiednetworks.com%2Ffr%2Fcontact%2F|title:Nous%20contacter|\u00a0\u00bb][vc_btn title=\u00a0\u00bbRappelle-moi\u00a0\u00bb style=\u00a0\u00bboutline\u00a0\u00bb color=\u00a0\u00bbwhite\u00a0\u00bb css=\u00a0\u00bb\u00a0\u00bb link=\u00a0\u00bburl:https%3A%2F%2Fwww.qualifiednetworks.com%2Ffr%2Fcontact%2F|title:Rappelle-moi|\u00a0\u00bb][\/vc_column][vc_column width=\u00a0\u00bb1\/2&Prime;][\/vc_column][\/vc_row][\/vc_section][vc_row el_class=\u00a0\u00bbpt-100 pb-130&Prime;][vc_column width=\u00a0\u00bb7\/12&Prime; el_class=\u00a0\u00bbleft-content\u00a0\u00bb][vc_custom_heading text=\u00a0\u00bbFaq\u00a0\u00bb font_container=\u00a0\u00bbtag:div|text_align:left\u00a0\u00bb use_theme_fonts=\u00a0\u00bbyes\u00a0\u00bb el_class=\u00a0\u00bbsubtitle\u00a0\u00bb][vc_custom_heading text=\u00a0\u00bbquestion et r\u00e9ponse\u00a0\u00bb use_theme_fonts=\u00a0\u00bbyes\u00a0\u00bb css=\u00a0\u00bb\u00a0\u00bb el_id=\u00a0\u00bbfaq-first\u00a0\u00bb][vc_tta_accordion title_tag=\u00a0\u00bbp\u00a0\u00bb section_title_tag=\u00a0\u00bbp\u00a0\u00bb style=\u00a0\u00bboutline\u00a0\u00bb shape=\u00a0\u00bbsquare\u00a0\u00bb color=\u00a0\u00bbblack\u00a0\u00bb c_position=\u00a0\u00bbright\u00a0\u00bb active_section=\u00a0\u00bb100&Prime; collapsible_all=\u00a0\u00bbtrue\u00a0\u00bb][vc_tta_section title=\u00a0\u00bbQuelle s\u00e9rie Meraki proposez-vous ?\u00a0\u00bb tab_id=\u00a0\u00bb1740059542177-a6d79dfd-70e55507-9270a198-3149&Prime;][vc_column_text css=\u00a0\u00bb\u00a0\u00bb]<\/p>\n<p data-pm-slice=\"1 1 []\">Nous fournissons notamment les s\u00e9ries MS120, MS210, MS225, MS250 et MS355. Votre mod\u00e8le n&rsquo;est pas list\u00e9 ? Contactez-nous. Gr\u00e2ce \u00e0 notre vaste r\u00e9seau, nous pouvons livrer quasiment tous les mod\u00e8les, souvent sous 24 heures.   <\/p>\n<p>[\/vc_column_text][\/vc_tta_section][vc_tta_section title=\u00a0\u00bbQuel est l&apos;avantage des commutateurs Meraki ?\u00a0\u00bb tab_id=\u00a0\u00bb1747836109474-65abd71d-182e5507-9270a198-3149&Prime;][vc_column_text css=\u00a0\u00bb\u00a0\u00bb]Les commutateurs Meraki sont enti\u00e8rement g\u00e9r\u00e9s dans le cloud, ce qui vous permet de g\u00e9rer les mises \u00e0 jour, la surveillance et l&rsquo;administration depuis un tableau de bord unique. Ils sont donc parfaitement adapt\u00e9s aux organisations multisites ou disposant de ressources informatiques sur site limit\u00e9es.[\/vc_column_text][\/vc_tta_section][vc_tta_section title=\u00a0\u00bbLes commutateurs Meraki reconditionn\u00e9s sont-ils fiables ?\u00a0\u00bb tab_id=\u00a0\u00bb1747836106778-3a6b61ac-1ef85507-9270a198-3149&Prime;][vc_column_text css=\u00a0\u00bb\u00a0\u00bb]Oui, chez Qualified Networks, tous les commutateurs remis \u00e0 neuf sont test\u00e9s minutieusement sur plus de 20 points, r\u00e9initialis\u00e9s aux param\u00e8tres d&rsquo;usine et b\u00e9n\u00e9ficient d&rsquo;une garantie \u00e0 vie.[\/vc_column_text][\/vc_tta_section][vc_tta_section title=\u00a0\u00bbPrenez-vous \u00e9galement en charge les licences Meraki ?\u00a0\u00bb tab_id=\u00a0\u00bb1747836106236-15e39d87-0d775507-9270a198-3149&Prime;][vc_column_text css=\u00a0\u00bb\u00a0\u00bb]Nous ne fournissons pas nous-m\u00eames les licences, mais nous veillons \u00e0 ce que vous receviez le commutateur ad\u00e9quat accompagn\u00e9 d&rsquo;une assistance appropri\u00e9e.[\/vc_column_text][\/vc_tta_section][vc_tta_section title=\u00a0\u00bbQue faire si le mod\u00e8le que je souhaite n&apos;est pas r\u00e9pertori\u00e9 ?\u00a0\u00bb tab_id=\u00a0\u00bb1747836105323-499530d2-cc505507-9270a198-3149&Prime;][vc_column_text css=\u00a0\u00bb\u00a0\u00bb]N&rsquo;h\u00e9sitez pas \u00e0 nous contacter. Gr\u00e2ce \u00e0 notre r\u00e9seau international, nous pouvons presque toujours vous fournir le mod\u00e8le qu&rsquo;il vous faut. Nous vous r\u00e9pondrons rapidement et collaborerons avec vous pour trouver la solution id\u00e9ale.[\/vc_column_text][\/vc_tta_section][\/vc_tta_accordion][vc_btn title=\u00a0\u00bbPlus de questions fr\u00e9quemment pos\u00e9es\u00a0\u00bb style=\u00a0\u00bboutline\u00a0\u00bb css=\u00a0\u00bb\u00a0\u00bb link=\u00a0\u00bburl:https%3A%2F%2Fwww.qualifiednetworks.com%2Ffr%2Ffaq%2F|\u00a0\u00bb el_class=\u00a0\u00bbpt-30&Prime;][\/vc_column][vc_column width=\u00a0\u00bb5\/12&Prime; el_class=\u00a0\u00bbfaq-sidebar\u00a0\u00bb][vc_custom_heading text=\u00a0\u00bbContact\u00a0\u00bb font_container=\u00a0\u00bbtag:div|text_align:left\u00a0\u00bb use_theme_fonts=\u00a0\u00bbyes\u00a0\u00bb el_class=\u00a0\u00bbsubtitle\u00a0\u00bb][vc_custom_heading text=\u00a0\u00bbune autre question ?\u00a0\u00bb use_theme_fonts=\u00a0\u00bbyes\u00a0\u00bb css=\u00a0\u00bb.vc_custom_1747836143916{margin-bottom: 5px !important;}\u00a0\u00bb][vc_column_text css=\u00a0\u00bb.vc_custom_1747836159058{margin-bottom: 10px !important;}\u00a0\u00bb el_class=\u00a0\u00bbsub-title\u00a0\u00bb]Veuillez nous contacter pour plus d&rsquo;informations.[\/vc_column_text][vc_row_inner el_class=\u00a0\u00bbfaq-contact-block\u00a0\u00bb][vc_column_inner width=\u00a0\u00bb1\/4&Prime;][vc_single_image image=\u00a0\u00bb3814&Prime; img_size=\u00a0\u00bblarge\u00a0\u00bb style=\u00a0\u00bbvc_box_circle_2&Prime; onclick=\u00a0\u00bbcustom_link\u00a0\u00bb css=\u00a0\u00bb\u00a0\u00bb link=\u00a0\u00bb\/author\/oskar-paarhuis\/\u00a0\u00bb][\/vc_column_inner][vc_column_inner width=\u00a0\u00bb3\/4&Prime;][vc_column_text css=\u00a0\u00bb\u00a0\u00bb]<\/p>\n<div class=\"contact-wrapper\">\n<div class=\"contact-info\">\n<h6 class=\"name\"><a href=\"\/author\/oskar-paarhuis\/\">Oskar Paarhuis<\/a><\/h6>\n<p><a href=\"\/author\/oskar-paarhuis\/\"><span class=\"position\">Sp\u00e9cialiste informatique<\/span><\/a><\/p>\n<\/div>\n<div class=\"contact-details\"><span class=\"contact-tel\"><a href=\"tel:+31202402350\">+31 (0) 20-2402350<\/a><\/span><span class=\"contact-email\"><br \/>\n<a href=\"mailto:info@qualifiednetworks.com\">info@qualifiednetworks.com<\/a><br \/>\n<\/span><\/div>\n<\/div>\n<p>[\/vc_column_text][\/vc_column_inner][\/vc_row_inner][\/vc_column][\/vc_row]<\/p>\n<\/div>","protected":false},"excerpt":{"rendered":"<p>[vc_section full_width=\u00a0\u00bbstretch_row\u00a0\u00bb el_class=\u00a0\u00bbduurzaamheid section-intro pb-70&Prime; css=\u00a0\u00bb.vc_custom_1748354937211{background-color: #F7F7FA !important;}\u00a0\u00bb][vc_row el_class=\u00a0\u00bbbrand-section pt-180&Prime;][vc_column width=\u00a0\u00bb6\/12&Prime;][vc_custom_heading text=\u00a0\u00bbGestion de r\u00e9seau en toute simplicit\u00e9\u00a0\u00bb font_container=\u00a0\u00bbtag:div|text_align:left\u00a0\u00bb use_theme_fonts=\u00a0\u00bbyes\u00a0\u00bb css=\u00a0\u00bb\u00a0\u00bb el_class=\u00a0\u00bbsubtitle\u00a0\u00bb][vc_custom_heading text=\u00a0\u00bbCommutateurs Meraki\u00a0\u00bb font_container=\u00a0\u00bbtag:h1|text_align:left\u00a0\u00bb use_theme_fonts=\u00a0\u00bbyes\u00a0\u00bb css=\u00a0\u00bb\u00a0\u00bb][vc_column_text css=\u00a0\u00bb\u00a0\u00bb]Chez Qualified Networks, vous trouverez des commutateurs Meraki con\u00e7us pour la simplicit\u00e9, l&rsquo;\u00e9volutivit\u00e9 et une gestion centralis\u00e9e gr\u00e2ce au tableau de bord Meraki intuitif. Que vous g\u00e9riez un site [&hellip;]<\/p>\n","protected":false},"author":1,"featured_media":0,"parent":7345,"menu_order":0,"comment_status":"closed","ping_status":"closed","template":"","meta":{"footnotes":""},"class_list":["post-7449","page","type-page","status-publish","hentry"],"acf":[],"_links":{"self":[{"href":"https:\/\/www.qualifiednetworks.com\/fr\/wp-json\/wp\/v2\/pages\/7449","targetHints":{"allow":["GET"]}}],"collection":[{"href":"https:\/\/www.qualifiednetworks.com\/fr\/wp-json\/wp\/v2\/pages"}],"about":[{"href":"https:\/\/www.qualifiednetworks.com\/fr\/wp-json\/wp\/v2\/types\/page"}],"author":[{"embeddable":true,"href":"https:\/\/www.qualifiednetworks.com\/fr\/wp-json\/wp\/v2\/users\/1"}],"replies":[{"embeddable":true,"href":"https:\/\/www.qualifiednetworks.com\/fr\/wp-json\/wp\/v2\/comments?post=7449"}],"version-history":[{"count":3,"href":"https:\/\/www.qualifiednetworks.com\/fr\/wp-json\/wp\/v2\/pages\/7449\/revisions"}],"predecessor-version":[{"id":7452,"href":"https:\/\/www.qualifiednetworks.com\/fr\/wp-json\/wp\/v2\/pages\/7449\/revisions\/7452"}],"up":[{"embeddable":true,"href":"https:\/\/www.qualifiednetworks.com\/fr\/wp-json\/wp\/v2\/pages\/7345"}],"wp:attachment":[{"href":"https:\/\/www.qualifiednetworks.com\/fr\/wp-json\/wp\/v2\/media?parent=7449"}],"curies":[{"name":"wp","href":"https:\/\/api.w.org\/{rel}","templated":true}]}}