 {"id":7485,"date":"2025-11-20T18:58:18","date_gmt":"2025-11-20T18:58:18","guid":{"rendered":"https:\/\/www.qualifiednetworks.com\/produits\/wireless\/"},"modified":"2025-11-20T18:58:20","modified_gmt":"2025-11-20T18:58:20","slug":"wireless","status":"publish","type":"page","link":"https:\/\/www.qualifiednetworks.com\/fr\/produits\/wireless\/","title":{"rendered":"Wireless"},"content":{"rendered":"<div class=\"wpb-content-wrapper\"><p>[vc_section full_width=\u00a0\u00bbstretch_row\u00a0\u00bb el_class=\u00a0\u00bbduurzaamheid section-intro category\u00a0\u00bb][vc_row][vc_column width=\u00a0\u00bb6\/12&Prime;][vc_column_text css=\u00a0\u00bb\u00a0\u00bb el_class=\u00a0\u00bbpt-50&Prime;]Dans les environnements informatiques modernes, une connexion sans fil fiable est essentielle. Gr\u00e2ce aux points d&rsquo;acc\u00e8s, contr\u00f4leurs et antennes professionnels des plus grandes marques, vous pouvez facilement d\u00e9ployer un r\u00e9seau Wi-Fi rapide et s\u00e9curis\u00e9. Qualified Networks propose du mat\u00e9riel sans fil neuf et reconditionn\u00e9 de marques telles que Cisco, Meraki, HP et Aruba : rigoureusement test\u00e9 et pr\u00eat \u00e0 l&#8217;emploi.[\/vc_column_text][vc_column_text css=\u00a0\u00bb\u00a0\u00bb el_class=\u00a0\u00bblist\u00a0\u00bb]<\/p>\n<ul>\n<li>Mat\u00e9riel sans fil neuf et remis \u00e0 neuf de marques A<\/li>\n<li>Points d&rsquo;acc\u00e8s, contr\u00f4leurs et antennes pour r\u00e9seaux d&rsquo;entreprise<\/li>\n<li>Enti\u00e8rement test\u00e9 et pr\u00eat \u00e0 l&#8217;emploi<\/li>\n<li>Garantie \u00e0 vie sur les mod\u00e8les remis \u00e0 neuf<\/li>\n<\/ul>\n<p>[\/vc_column_text][vc_row_inner el_class=\u00a0\u00bbbuttons service-mobile-cta\u00a0\u00bb][vc_column_inner css=\u00a0\u00bb.vc_custom_1740487265499{padding-right: 10px !important;padding-left: 0px !important;}\u00a0\u00bb][vc_btn title=\u00a0\u00bbNous contacter\u00a0\u00bb css=\u00a0\u00bb\u00a0\u00bb link=\u00a0\u00bburl:https%3A%2F%2Fwww.qualifiednetworks.com%2Ffr%2Fcontact%2F|title:Contact|\u00a0\u00bb][\/vc_column_inner][\/vc_row_inner][vc_column_text][\/vc_column_text][\/vc_column][vc_column width=\u00a0\u00bb1\/12&Prime;][\/vc_column][vc_column width=\u00a0\u00bb5\/12&Prime; el_class=\u00a0\u00bbform\u00a0\u00bb][vc_custom_heading text=\u00a0\u00bbPourquoi Qualified Networks ?\u00a0\u00bb use_theme_fonts=\u00a0\u00bbyes\u00a0\u00bb css=\u00a0\u00bb\u00a0\u00bb][vc_column_text css=\u00a0\u00bb\u00a0\u00bb]Nous fournissons du mat\u00e9riel sans fil fiable permettant aux entreprises d&rsquo;\u00e9tendre ou d&rsquo;optimiser facilement leurs r\u00e9seaux. Tous nos produits sont test\u00e9s en termes de performance et de compatibilit\u00e9, garantissant ainsi des connexions sans fil stables et une interruption de service minimale.[\/vc_column_text][vc_column_text css=\u00a0\u00bb\u00a0\u00bb el_class=\u00a0\u00bblist\u00a0\u00bb]<\/p>\n<ul>\n<li><strong>Produits sans fil neufs et reconditionn\u00e9s disponibles pour une livraison imm\u00e9diate<\/strong><\/li>\n<li><strong>Test\u00e9 et certifi\u00e9 en profondeur<\/strong><\/li>\n<li><strong>Compatible avec Cisco, Meraki, HP et Aruba<\/strong><\/li>\n<li><strong>Livraison rapide et garantie \u00e0 vie sur les produits reconditionn\u00e9s<\/strong><\/li>\n<\/ul>\n<p>[\/vc_column_text][\/vc_column][\/vc_row][\/vc_section][vc_row el_class=\u00a0\u00bbproduct-menu pt-70&Prime;][vc_column][vc_custom_heading text=\u00a0\u00bbTout notre mat\u00e9riel sans fil\u00a0\u00bb use_theme_fonts=\u00a0\u00bbyes\u00a0\u00bb css=\u00a0\u00bb\u00a0\u00bb][vc_column_text css=\u00a0\u00bb\u00a0\u00bb]Nous avons en stock toutes les marques ci-dessous. Vous ne trouvez pas la marque que vous recherchez ? Contactez-nous, nous ferons tout notre possible pour vous satisfaire ![\/vc_column_text][vc_wp_custommenu nav_menu=\u00a0\u00bb495&Prime;][\/vc_column][\/vc_row][vc_row el_class=\u00a0\u00bbsection-bestservice section-bestservice-small b-to-t in-view\u00a0\u00bb][vc_column][vc_row_inner el_class=\u00a0\u00bbinner\u00a0\u00bb][vc_column_inner width=\u00a0\u00bb6\/12&Prime;][vc_custom_heading text=\u00a0\u00bb<em>Mat\u00e9riel <\/em>sans fil sur commande\u00a0\u00bb use_theme_fonts=\u00a0\u00bbyes\u00a0\u00bb css=\u00a0\u00bb\u00a0\u00bb][vc_column_text css=\u00a0\u00bb\u00a0\u00bb]Vous recherchez un point d&rsquo;acc\u00e8s ou un contr\u00f4leur sp\u00e9cifique qui ne figure pas sur notre site web ? Gr\u00e2ce \u00e0 notre r\u00e9seau international, nous pouvons vous fournir quasiment tous les mod\u00e8les, souvent sous 24 heures. Nous vous conseillerons sur les performances, la compatibilit\u00e9 et les alternatives au sein de votre r\u00e9seau existant.[\/vc_column_text][vc_btn title=\u00a0\u00bbNous contacter\u00a0\u00bb css=\u00a0\u00bb\u00a0\u00bb link=\u00a0\u00bburl:https%3A%2F%2Fwww.qualifiednetworks.com%2Ffr%2Fcontact%2F|title:Nous%20contacter|\u00a0\u00bb][vc_btn title=\u00a0\u00bbRappelle-moi\u00a0\u00bb style=\u00a0\u00bboutline\u00a0\u00bb color=\u00a0\u00bbwhite\u00a0\u00bb css=\u00a0\u00bb\u00a0\u00bb link=\u00a0\u00bburl:https%3A%2F%2Fwww.qualifiednetworks.com%2Ffr%2Fcontact%2F|title:Rappelle-moi|\u00a0\u00bb][\/vc_column_inner][vc_column_inner width=\u00a0\u00bb6\/12&Prime; offset=\u00a0\u00bbvc_hidden-md vc_hidden-sm vc_hidden-xs\u00a0\u00bb][\/vc_column_inner][\/vc_row_inner][vc_row_inner el_class=\u00a0\u00bbbg-image\u00a0\u00bb][vc_column_inner][\/vc_column_inner][\/vc_row_inner][\/vc_column][\/vc_row][vc_section full_width=\u00a0\u00bbstretch_row\u00a0\u00bb][vc_row equal_height=\u00a0\u00bbyes\u00a0\u00bb el_class=\u00a0\u00bbservice pb-80 pt-100&Prime;][vc_column width=\u00a0\u00bb6\/12&Prime; el_class=\u00a0\u00bbcontent info\u00a0\u00bb][vc_custom_heading text=\u00a0\u00bbDurable et \u00e9conomique\u00a0\u00bb font_container=\u00a0\u00bbtag:div|text_align:left\u00a0\u00bb use_theme_fonts=\u00a0\u00bbyes\u00a0\u00bb css=\u00a0\u00bb\u00a0\u00bb el_class=\u00a0\u00bbsubtitle\u00a0\u00bb][vc_custom_heading text=\u00a0\u00bbMat\u00e9riel sans fil remis \u00e0 neuf\u00a0\u00bb use_theme_fonts=\u00a0\u00bbyes\u00a0\u00bb css=\u00a0\u00bb\u00a0\u00bb][vc_column_text css=\u00a0\u00bb\u00a0\u00bb]L&rsquo;achat de mat\u00e9riel sans fil reconditionn\u00e9 est une solution judicieuse et durable. Tous les produits sont rigoureusement test\u00e9s, nettoy\u00e9s et certifi\u00e9s, vous garantissant ainsi des performances optimales \u00e0 moindre co\u00fbt.[\/vc_column_text][vc_column_text css=\u00a0\u00bb\u00a0\u00bb el_class=\u00a0\u00bblist\u00a0\u00bb]<\/p>\n<ul>\n<li>\u00c9quipements sans fil neufs et remis \u00e0 neuf<\/li>\n<li>Test\u00e9 et certifi\u00e9 en profondeur<\/li>\n<li>Garantie \u00e0 vie sur les produits remis \u00e0 neuf<\/li>\n<li>Disponible directement en stock<\/li>\n<\/ul>\n<p>[\/vc_column_text][\/vc_column][vc_column width=\u00a0\u00bb1\/12&Prime;][\/vc_column][vc_column width=\u00a0\u00bb5\/12&Prime; el_class=\u00a0\u00bbmo-1&Prime;][vc_single_image image=\u00a0\u00bb6362&Prime; img_size=\u00a0\u00bblarge\u00a0\u00bb css=\u00a0\u00bb\u00a0\u00bb el_class=\u00a0\u00bbimage-overlay\u00a0\u00bb][\/vc_column][\/vc_row][vc_row el_class=\u00a0\u00bbpb-130&Prime;][vc_column width=\u00a0\u00bb7\/12&Prime; el_class=\u00a0\u00bbleft-content\u00a0\u00bb][vc_custom_heading text=\u00a0\u00bbFaq\u00a0\u00bb font_container=\u00a0\u00bbtag:div|text_align:left\u00a0\u00bb use_theme_fonts=\u00a0\u00bbyes\u00a0\u00bb el_class=\u00a0\u00bbsubtitle\u00a0\u00bb][vc_custom_heading text=\u00a0\u00bbquestion et r\u00e9ponse\u00a0\u00bb use_theme_fonts=\u00a0\u00bbyes\u00a0\u00bb css=\u00a0\u00bb\u00a0\u00bb el_id=\u00a0\u00bbfaq-first\u00a0\u00bb][vc_tta_accordion title_tag=\u00a0\u00bbp\u00a0\u00bb section_title_tag=\u00a0\u00bbp\u00a0\u00bb style=\u00a0\u00bboutline\u00a0\u00bb shape=\u00a0\u00bbsquare\u00a0\u00bb color=\u00a0\u00bbblack\u00a0\u00bb c_position=\u00a0\u00bbright\u00a0\u00bb active_section=\u00a0\u00bb100&Prime; collapsible_all=\u00a0\u00bbtrue\u00a0\u00bb][vc_tta_section title=\u00a0\u00bbQuelles marques de mat\u00e9riel sans fil fournissez-vous ?\u00a0\u00bb tab_id=\u00a0\u00bb1740059542177-a6d79dfd-70e5&Prime;][vc_column_text css=\u00a0\u00bb\u00a0\u00bb]Nous fournissons des \u00e9quipements de r\u00e9seau sans fil de marques Cisco, Meraki, HP et Aruba.[\/vc_column_text][\/vc_tta_section][vc_tta_section title=\u00a0\u00bbLes points d&apos;acc\u00e8s remis \u00e0 neuf sont-ils fiables ?\u00a0\u00bb tab_id=\u00a0\u00bb1740059542197-b25b9ff3-e8ab\u00a0\u00bb][vc_column_text css=\u00a0\u00bb\u00a0\u00bb]Oui, tous les produits remis \u00e0 neuf sont soumis \u00e0 des tests approfondis et r\u00e9pondent aux m\u00eames normes de qualit\u00e9 que les mod\u00e8les neufs.[\/vc_column_text][\/vc_tta_section][vc_tta_section title=\u00a0\u00bbFournissez-vous \u00e9galement des contr\u00f4leurs et des antennes ?\u00a0\u00bb tab_id=\u00a0\u00bb1740059542221-cf1635f0-c84f\u00a0\u00bb][vc_column_text css=\u00a0\u00bb\u00a0\u00bb]Oui, nous fournissons diff\u00e9rents types de mat\u00e9riel sans fil, notamment des points d&rsquo;acc\u00e8s, des contr\u00f4leurs et des accessoires.[\/vc_column_text][\/vc_tta_section][vc_tta_section title=\u00a0\u00bbPouvez-vous nous aider \u00e0 d\u00e9terminer la compatibilit\u00e9 ?\u00a0\u00bb tab_id=\u00a0\u00bb1740059542242-d0c84e05-76e5&Prime;][vc_column_text css=\u00a0\u00bb\u00a0\u00bb]Oui, nous vous conseillons sur les produits compatibles avec votre \u00e9quipement r\u00e9seau existant.[\/vc_column_text][\/vc_tta_section][vc_tta_section title=\u00a0\u00bbDans quel d\u00e9lai pouvez-vous livrer ?\u00a0\u00bb tab_id=\u00a0\u00bb1740059542261-bc0021b6-4bc5&Prime;][vc_column_text css=\u00a0\u00bb\u00a0\u00bb]De nombreux produits sont disponibles directement en stock et souvent livr\u00e9s sous 24 heures.[\/vc_column_text][\/vc_tta_section][\/vc_tta_accordion][vc_btn title=\u00a0\u00bbPlus de questions fr\u00e9quemment pos\u00e9es\u00a0\u00bb style=\u00a0\u00bboutline\u00a0\u00bb css=\u00a0\u00bb\u00a0\u00bb link=\u00a0\u00bburl:https%3A%2F%2Fwww.qualifiednetworks.com%2Ffr%2Ffaq%2F|\u00a0\u00bb el_class=\u00a0\u00bbpt-30&Prime;][\/vc_column][vc_column width=\u00a0\u00bb5\/12&Prime; el_class=\u00a0\u00bbfaq-sidebar\u00a0\u00bb][vc_custom_heading text=\u00a0\u00bbContact\u00a0\u00bb font_container=\u00a0\u00bbtag:div|text_align:left\u00a0\u00bb use_theme_fonts=\u00a0\u00bbyes\u00a0\u00bb el_class=\u00a0\u00bbsubtitle\u00a0\u00bb][vc_custom_heading text=\u00a0\u00bbune autre question ?\u00a0\u00bb use_theme_fonts=\u00a0\u00bbyes\u00a0\u00bb css=\u00a0\u00bb.vc_custom_1747822179811{margin-bottom: 5px !important;}\u00a0\u00bb][vc_column_text css=\u00a0\u00bb.vc_custom_1747822193223{margin-bottom: 10px !important;}\u00a0\u00bb el_class=\u00a0\u00bbsub-title\u00a0\u00bb]Veuillez nous contacter pour plus d&rsquo;informations.[\/vc_column_text][vc_row_inner el_class=\u00a0\u00bbfaq-contact-block\u00a0\u00bb][vc_column_inner width=\u00a0\u00bb1\/4&Prime;][vc_single_image image=\u00a0\u00bb3814&Prime; img_size=\u00a0\u00bblarge\u00a0\u00bb style=\u00a0\u00bbvc_box_circle_2&Prime; onclick=\u00a0\u00bbcustom_link\u00a0\u00bb css=\u00a0\u00bb\u00a0\u00bb link=\u00a0\u00bb\/author\/oskar-paarhuis\/\u00a0\u00bb][\/vc_column_inner][vc_column_inner width=\u00a0\u00bb3\/4&Prime;][vc_column_text css=\u00a0\u00bb\u00a0\u00bb]<\/p>\n<div class=\"contact-wrapper\">\n<div class=\"contact-info\">\n<h6 class=\"name\"><a href=\"\/author\/oskar-paarhuis\/\">Oskar Paarhuis<\/a><\/h6>\n<p><a href=\"\/author\/oskar-paarhuis\/\"><span class=\"position\">Sp\u00e9cialiste informatique<\/span><\/a><\/p>\n<\/div>\n<div class=\"contact-details\"><span class=\"contact-tel\"><a href=\"tel:+31202402350\">+31 (0) 20-2402350<\/a><\/span><span class=\"contact-email\"><br \/>\n<a href=\"mailto:info@qualifiednetworks.com\">info@qualifiednetworks.com<\/a><br \/>\n<\/span><\/div>\n<\/div>\n<p>[\/vc_column_text][\/vc_column_inner][\/vc_row_inner][\/vc_column][\/vc_row][\/vc_section]<\/p>\n<\/div>","protected":false},"excerpt":{"rendered":"<p>[vc_section full_width=\u00a0\u00bbstretch_row\u00a0\u00bb el_class=\u00a0\u00bbduurzaamheid section-intro category\u00a0\u00bb][vc_row][vc_column width=\u00a0\u00bb6\/12&Prime;][vc_column_text css=\u00a0\u00bb\u00a0\u00bb el_class=\u00a0\u00bbpt-50&Prime;]Dans les environnements informatiques modernes, une connexion sans fil fiable est essentielle. Gr\u00e2ce aux points d&rsquo;acc\u00e8s, contr\u00f4leurs et antennes professionnels des plus grandes marques, vous pouvez facilement d\u00e9ployer un r\u00e9seau Wi-Fi rapide et s\u00e9curis\u00e9. Qualified Networks propose du mat\u00e9riel sans fil neuf et reconditionn\u00e9 de marques telles que [&hellip;]<\/p>\n","protected":false},"author":1,"featured_media":0,"parent":2874,"menu_order":0,"comment_status":"closed","ping_status":"closed","template":"","meta":{"footnotes":""},"class_list":["post-7485","page","type-page","status-publish","hentry"],"acf":[],"_links":{"self":[{"href":"https:\/\/www.qualifiednetworks.com\/fr\/wp-json\/wp\/v2\/pages\/7485","targetHints":{"allow":["GET"]}}],"collection":[{"href":"https:\/\/www.qualifiednetworks.com\/fr\/wp-json\/wp\/v2\/pages"}],"about":[{"href":"https:\/\/www.qualifiednetworks.com\/fr\/wp-json\/wp\/v2\/types\/page"}],"author":[{"embeddable":true,"href":"https:\/\/www.qualifiednetworks.com\/fr\/wp-json\/wp\/v2\/users\/1"}],"replies":[{"embeddable":true,"href":"https:\/\/www.qualifiednetworks.com\/fr\/wp-json\/wp\/v2\/comments?post=7485"}],"version-history":[{"count":3,"href":"https:\/\/www.qualifiednetworks.com\/fr\/wp-json\/wp\/v2\/pages\/7485\/revisions"}],"predecessor-version":[{"id":7488,"href":"https:\/\/www.qualifiednetworks.com\/fr\/wp-json\/wp\/v2\/pages\/7485\/revisions\/7488"}],"up":[{"embeddable":true,"href":"https:\/\/www.qualifiednetworks.com\/fr\/wp-json\/wp\/v2\/pages\/2874"}],"wp:attachment":[{"href":"https:\/\/www.qualifiednetworks.com\/fr\/wp-json\/wp\/v2\/media?parent=7485"}],"curies":[{"name":"wp","href":"https:\/\/api.w.org\/{rel}","templated":true}]}}