 {"id":7533,"date":"2025-11-20T19:34:57","date_gmt":"2025-11-20T19:34:57","guid":{"rendered":"https:\/\/www.qualifiednetworks.com\/produits\/wireless\/meraki-sans-fil\/"},"modified":"2025-11-20T19:34:59","modified_gmt":"2025-11-20T19:34:59","slug":"meraki-sans-fil","status":"publish","type":"page","link":"https:\/\/www.qualifiednetworks.com\/fr\/produits\/wireless\/meraki-sans-fil\/","title":{"rendered":"Meraki sans fil"},"content":{"rendered":"<div class=\"wpb-content-wrapper\"><p>[vc_section full_width=\u00a0\u00bbstretch_row\u00a0\u00bb el_class=\u00a0\u00bbduurzaamheid section-intro pb-70&Prime; css=\u00a0\u00bb.vc_custom_1748354937211{background-color: #F7F7FA !important;}\u00a0\u00bb][vc_row el_class=\u00a0\u00bbbrand-section pt-180&Prime;][vc_column width=\u00a0\u00bb6\/12&Prime;][vc_custom_heading text=\u00a0\u00bbSolutions de r\u00e9seau sans fil Meraki\u00a0\u00bb font_container=\u00a0\u00bbtag:div|text_align:left\u00a0\u00bb use_theme_fonts=\u00a0\u00bbyes\u00a0\u00bb css=\u00a0\u00bb\u00a0\u00bb el_class=\u00a0\u00bbsubtitle\u00a0\u00bb][vc_custom_heading text=\u00a0\u00bbMeraki sans fil\u00a0\u00bb font_container=\u00a0\u00bbtag:h1|text_align:left\u00a0\u00bb use_theme_fonts=\u00a0\u00bbyes\u00a0\u00bb css=\u00a0\u00bb\u00a0\u00bb][vc_column_text css=\u00a0\u00bb\u00a0\u00bb]Les points d&rsquo;acc\u00e8s Meraki allient performances sans fil exceptionnelles et gestion simplifi\u00e9e via le cloud. Ils offrent un r\u00e9seau Wi-Fi s\u00e9curis\u00e9 et \u00e9volutif aux entreprises, aux \u00e9tablissements scolaires et aux centres de sant\u00e9. Qualified Networks propose des points d&rsquo;acc\u00e8s sans fil Meraki neufs et reconditionn\u00e9s, rigoureusement test\u00e9s et pr\u00eats \u00e0 l&#8217;emploi.[\/vc_column_text][vc_row_inner el_class=\u00a0\u00bbbuttons service-mobile-cta\u00a0\u00bb][vc_column_inner width=\u00a0\u00bb1\/2&Prime; css=\u00a0\u00bb.vc_custom_1740487265499{padding-right: 10px !important;padding-left: 0px !important;}\u00a0\u00bb][vc_btn title=\u00a0\u00bbDemander un devis\u00a0\u00bb css=\u00a0\u00bb\u00a0\u00bb link=\u00a0\u00bburl:https%3A%2F%2Fwww.qualifiednetworks.com%2Ffr%2Fdemander-un-devis%2F|title:Demander%20un%20devis|\u00a0\u00bb][\/vc_column_inner][vc_column_inner width=\u00a0\u00bb1\/2&Prime; css=\u00a0\u00bb.vc_custom_1740487216177{padding-right: 0px !important;padding-left: 0px !important;}\u00a0\u00bb][vc_btn title=\u00a0\u00bbNous contacter\u00a0\u00bb style=\u00a0\u00bboutline\u00a0\u00bb css=\u00a0\u00bb\u00a0\u00bb link=\u00a0\u00bburl:https%3A%2F%2Fwww.qualifiednetworks.com%2Ffr%2Fcontact%2F|title:Nous%20contacter|\u00a0\u00bb][\/vc_column_inner][\/vc_row_inner][vc_column_text][\/vc_column_text][\/vc_column][vc_column width=\u00a0\u00bb1\/12&Prime;][\/vc_column][vc_column width=\u00a0\u00bb5\/12&Prime; el_class=\u00a0\u00bbform\u00a0\u00bb][vc_custom_heading text=\u00a0\u00bbPourquoi Qualified Networks ?\u00a0\u00bb font_container=\u00a0\u00bbtag:h2|font_size:25px|text_align:left\u00a0\u00bb use_theme_fonts=\u00a0\u00bbyes\u00a0\u00bb css=\u00a0\u00bb\u00a0\u00bb][vc_column_text css=\u00a0\u00bb\u00a0\u00bb el_class=\u00a0\u00bblist\u00a0\u00bb]<\/p>\n<ul>\n<li><strong>Points d&rsquo;acc\u00e8s Meraki neufs et remis \u00e0 neuf disponibles pour une livraison imm\u00e9diate<\/strong><\/li>\n<li><strong>Test\u00e9 rigoureusement pour ses performances et sa fiabilit\u00e9<\/strong><\/li>\n<li><strong>Conseils d&rsquo;experts sur la couverture et la configuration du Wi-Fi<\/strong><\/li>\n<li><strong>Livraison rapide et garantie \u00e0 vie sur les produits reconditionn\u00e9s<\/strong><\/li>\n<\/ul>\n<p>[\/vc_column_text][\/vc_column][\/vc_row][vc_row equal_height=\u00a0\u00bbyes\u00a0\u00bb el_class=\u00a0\u00bbkwaliteit pb-90 pt-120&Prime;][vc_column width=\u00a0\u00bb5\/12&Prime;][vc_custom_heading text=\u00a0\u00bbPoints d&apos;acc\u00e8s Meraki populaires\u00a0\u00bb font_container=\u00a0\u00bbtag:div|text_align:left\u00a0\u00bb use_theme_fonts=\u00a0\u00bbyes\u00a0\u00bb css=\u00a0\u00bb\u00a0\u00bb el_class=\u00a0\u00bbsubtitle\u00a0\u00bb][vc_custom_heading text=\u00a0\u00bbSolutions sans fil Meraki populaires\u00a0\u00bb use_theme_fonts=\u00a0\u00bbyes\u00a0\u00bb css=\u00a0\u00bb\u00a0\u00bb][vc_column_text css=\u00a0\u00bb\u00a0\u00bb]Meraki propose une gamme de points d&rsquo;acc\u00e8s sans fil adapt\u00e9s \u00e0 de nombreuses applications, des petits bureaux aux grands r\u00e9seaux d&rsquo;entreprise. Vous trouverez ci-dessous quelques mod\u00e8les populaires que nous fournissons r\u00e9guli\u00e8rement.[\/vc_column_text][vc_tta_accordion title_tag=\u00a0\u00bbp\u00a0\u00bb section_title_tag=\u00a0\u00bbp\u00a0\u00bb style=\u00a0\u00bboutline\u00a0\u00bb shape=\u00a0\u00bbsquare\u00a0\u00bb color=\u00a0\u00bbblack\u00a0\u00bb c_position=\u00a0\u00bbright\u00a0\u00bb active_section=\u00a0\u00bb100&Prime; collapsible_all=\u00a0\u00bbtrue\u00a0\u00bb el_class=\u00a0\u00bbfaq-list\u00a0\u00bb][vc_tta_section title=\u00a0\u00bbPoint d&apos;acc\u00e8s Meraki MR36&Prime; tab_id=\u00a0\u00bb1739950626685-57982fb7-7b0d5507-9270&Prime; el_class=\u00a0\u00bbfaq-first\u00a0\u00bb][vc_column_text css=\u00a0\u00bb\u00a0\u00bb]Point d&rsquo;acc\u00e8s WiFi 6 haute performance, id\u00e9al pour les entreprises de taille moyenne et les \u00e9tablissements d&rsquo;enseignement.[\/vc_column_text][\/vc_tta_section][vc_tta_section title=\u00a0\u00bbPoint d&apos;acc\u00e8s Meraki MR46&Prime; tab_id=\u00a0\u00bb1739950826636-55c2f176-34655507-9270&Prime; el_class=\u00a0\u00bbfaq-second\u00a0\u00bb][vc_column_text css=\u00a0\u00bb\u00a0\u00bb]Point d&rsquo;acc\u00e8s WiFi 6 double bande \u00e0 capacit\u00e9 am\u00e9lior\u00e9e, adapt\u00e9 aux environnements \u00e0 fort volume.[\/vc_column_text][\/vc_tta_section][vc_tta_section title=\u00a0\u00bbPoint d&apos;acc\u00e8s Meraki MR56&Prime; tab_id=\u00a0\u00bb1739950825489-c6fadf36-f1965507-9270&Prime; el_class=\u00a0\u00bbfaq-third\u00a0\u00bb][vc_column_text css=\u00a0\u00bb\u00a0\u00bb]Mod\u00e8le haut de gamme \u00e0 haute densit\u00e9 prenant en charge jusqu&rsquo;\u00e0 5,9 Gbit\/s et dot\u00e9 de fonctionnalit\u00e9s de s\u00e9curit\u00e9 avanc\u00e9es.[\/vc_column_text][\/vc_tta_section][vc_tta_section title=\u00a0\u00bbPoint d&apos;acc\u00e8s ext\u00e9rieur Meraki MR86&Prime; tab_id=\u00a0\u00bb1752666246623-cdc889b0-d645&Prime; el_class=\u00a0\u00bbfaq-third\u00a0\u00bb][vc_column_text css=\u00a0\u00bb\u00a0\u00bb]Mod\u00e8le robuste pour l&rsquo;ext\u00e9rieur, offrant une large couverture et une conception r\u00e9sistante aux intemp\u00e9ries, adapt\u00e9 aux espaces ext\u00e9rieurs et aux sites industriels.[\/vc_column_text][\/vc_tta_section][vc_tta_section title=\u00a0\u00bbPoint d&apos;acc\u00e8s Meraki MR28&Prime; tab_id=\u00a0\u00bb1752666258943-addd708c-34c0&Prime; el_class=\u00a0\u00bbfaq-third\u00a0\u00bb][vc_column_text css=\u00a0\u00bb\u00a0\u00bb]Solution WiFi 6 abordable et facile \u00e0 g\u00e9rer via le tableau de bord Meraki.[\/vc_column_text][\/vc_tta_section][\/vc_tta_accordion][\/vc_column][vc_column width=\u00a0\u00bb1\/12&Prime;][\/vc_column][vc_column width=\u00a0\u00bb6\/12&Prime; el_class=\u00a0\u00bbmo-1&Prime;][vc_single_image image=\u00a0\u00bb6548&Prime; img_size=\u00a0\u00bbfull\u00a0\u00bb css=\u00a0\u00bb\u00a0\u00bb][\/vc_column][\/vc_row][vc_row el_class=\u00a0\u00bbsection-bestservice section-bestservice-small section-bestservice-row\u00a0\u00bb][vc_column width=\u00a0\u00bb1\/2&Prime; el_class=\u00a0\u00bbinner\u00a0\u00bb][vc_custom_heading text=\u00a0\u00bbPoints d&apos;acc\u00e8s sur commande\u00a0\u00bb use_theme_fonts=\u00a0\u00bbyes\u00a0\u00bb css=\u00a0\u00bb\u00a0\u00bb][vc_column_text css=\u00a0\u00bb\u00a0\u00bb]<\/p>\n<p data-start=\"2017\" data-end=\"2203\">Vous recherchez un mod\u00e8le Meraki sp\u00e9cifique ou un point d&rsquo;acc\u00e8s de remplacement ? Nous proposons la quasi-totalit\u00e9 des mod\u00e8les, souvent sous 24 heures. Contactez-nous pour trouver la solution adapt\u00e9e \u00e0 vos besoins.  <\/p>\n<p>[\/vc_column_text][vc_btn title=\u00a0\u00bbNous contacter\u00a0\u00bb css=\u00a0\u00bb\u00a0\u00bb link=\u00a0\u00bburl:https%3A%2F%2Fwww.qualifiednetworks.com%2Ffr%2Fcontact%2F|title:Nous%20contacter|\u00a0\u00bb][vc_btn title=\u00a0\u00bbRappelle-moi\u00a0\u00bb style=\u00a0\u00bboutline\u00a0\u00bb color=\u00a0\u00bbwhite\u00a0\u00bb css=\u00a0\u00bb\u00a0\u00bb link=\u00a0\u00bburl:https%3A%2F%2Fwww.qualifiednetworks.com%2Ffr%2Fcontact%2F|title:Rappelle-moi|\u00a0\u00bb][\/vc_column][vc_column width=\u00a0\u00bb1\/2&Prime;][\/vc_column][\/vc_row][\/vc_section][vc_row el_class=\u00a0\u00bbpt-100 pb-130&Prime;][vc_column width=\u00a0\u00bb7\/12&Prime; el_class=\u00a0\u00bbleft-content\u00a0\u00bb][vc_custom_heading text=\u00a0\u00bbFaq\u00a0\u00bb font_container=\u00a0\u00bbtag:div|text_align:left\u00a0\u00bb use_theme_fonts=\u00a0\u00bbyes\u00a0\u00bb el_class=\u00a0\u00bbsubtitle\u00a0\u00bb][vc_custom_heading text=\u00a0\u00bbquestion et r\u00e9ponse\u00a0\u00bb use_theme_fonts=\u00a0\u00bbyes\u00a0\u00bb css=\u00a0\u00bb\u00a0\u00bb el_id=\u00a0\u00bbfaq-first\u00a0\u00bb][vc_tta_accordion title_tag=\u00a0\u00bbp\u00a0\u00bb section_title_tag=\u00a0\u00bbp\u00a0\u00bb style=\u00a0\u00bboutline\u00a0\u00bb shape=\u00a0\u00bbsquare\u00a0\u00bb color=\u00a0\u00bbblack\u00a0\u00bb c_position=\u00a0\u00bbright\u00a0\u00bb active_section=\u00a0\u00bb100&Prime; collapsible_all=\u00a0\u00bbtrue\u00a0\u00bb][vc_tta_section title=\u00a0\u00bbQuel est l&apos;avantage des points d&apos;acc\u00e8s Meraki ?\u00a0\u00bb tab_id=\u00a0\u00bb1740059542177-a6d79dfd-70e55507-9270&Prime;][vc_column_text css=\u00a0\u00bb\u00a0\u00bb]<\/p>\n<p data-pm-slice=\"1 1 []\">Ils offrent une gestion performante des r\u00e9seaux sans fil via le cloud Meraki, avec une configuration simple et des performances \u00e9lev\u00e9es.<\/p>\n<p>[\/vc_column_text][\/vc_tta_section][vc_tta_section title=\u00a0\u00bbLes points d&apos;acc\u00e8s Meraki remis \u00e0 neuf sont-ils fiables ?\u00a0\u00bb tab_id=\u00a0\u00bb1747836109474-65abd71d-182e5507-9270&Prime;][vc_column_text css=\u00a0\u00bb\u00a0\u00bb]Oui, tous les mod\u00e8les sont test\u00e9s, v\u00e9rifi\u00e9s et r\u00e9initialis\u00e9s aux param\u00e8tres d&rsquo;usine de mani\u00e8re approfondie.[\/vc_column_text][\/vc_tta_section][vc_tta_section title=\u00a0\u00bbDans quel d\u00e9lai pouvez-vous livrer ?\u00a0\u00bb tab_id=\u00a0\u00bb1747836106778-3a6b61ac-1ef85507-9270&Prime;][vc_column_text css=\u00a0\u00bb\u00a0\u00bb]De nombreux mod\u00e8les sont disponibles imm\u00e9diatement. Dans la plupart des cas, vous les recevrez sous 24 heures.[\/vc_column_text][\/vc_tta_section][vc_tta_section title=\u00a0\u00bbPrenez-vous \u00e9galement en charge les anciens mod\u00e8les Meraki ?\u00a0\u00bb tab_id=\u00a0\u00bb1747836106236-15e39d87-0d775507-9270&Prime;][vc_column_text css=\u00a0\u00bb\u00a0\u00bb]Oui, nous fournissons \u00e9galement des points d&rsquo;acc\u00e8s plus anciens et nous vous aidons \u00e0 trouver des remplacements adapt\u00e9s.[\/vc_column_text][\/vc_tta_section][vc_tta_section title=\u00a0\u00bbLes points d&apos;acc\u00e8s reconditionn\u00e9s sont-ils garantis ?\u00a0\u00bb tab_id=\u00a0\u00bb1747836105323-499530d2-cc505507-9270&Prime;][vc_column_text css=\u00a0\u00bb\u00a0\u00bb]Oui, tous les points d&rsquo;acc\u00e8s Meraki reconditionn\u00e9s sont garantis \u00e0 vie.[\/vc_column_text][\/vc_tta_section][\/vc_tta_accordion][vc_btn title=\u00a0\u00bbPlus de questions fr\u00e9quemment pos\u00e9es\u00a0\u00bb style=\u00a0\u00bboutline\u00a0\u00bb css=\u00a0\u00bb\u00a0\u00bb link=\u00a0\u00bburl:https%3A%2F%2Fwww.qualifiednetworks.com%2Ffr%2Ffaq%2F|\u00a0\u00bb el_class=\u00a0\u00bbpt-30&Prime;][\/vc_column][vc_column width=\u00a0\u00bb5\/12&Prime; el_class=\u00a0\u00bbfaq-sidebar\u00a0\u00bb][vc_custom_heading text=\u00a0\u00bbContact\u00a0\u00bb font_container=\u00a0\u00bbtag:div|text_align:left\u00a0\u00bb use_theme_fonts=\u00a0\u00bbyes\u00a0\u00bb el_class=\u00a0\u00bbsubtitle\u00a0\u00bb][vc_custom_heading text=\u00a0\u00bbune autre question ?\u00a0\u00bb use_theme_fonts=\u00a0\u00bbyes\u00a0\u00bb css=\u00a0\u00bb.vc_custom_1747836143916{margin-bottom: 5px !important;}\u00a0\u00bb][vc_column_text css=\u00a0\u00bb.vc_custom_1747836159058{margin-bottom: 10px !important;}\u00a0\u00bb el_class=\u00a0\u00bbsub-title\u00a0\u00bb]Veuillez nous contacter pour plus d&rsquo;informations.[\/vc_column_text][vc_row_inner el_class=\u00a0\u00bbfaq-contact-block\u00a0\u00bb][vc_column_inner width=\u00a0\u00bb1\/4&Prime;][vc_single_image image=\u00a0\u00bb3814&Prime; img_size=\u00a0\u00bblarge\u00a0\u00bb style=\u00a0\u00bbvc_box_circle_2&Prime; onclick=\u00a0\u00bbcustom_link\u00a0\u00bb css=\u00a0\u00bb\u00a0\u00bb link=\u00a0\u00bb\/author\/oskar-paarhuis\/\u00a0\u00bb][\/vc_column_inner][vc_column_inner width=\u00a0\u00bb3\/4&Prime;][vc_column_text css=\u00a0\u00bb\u00a0\u00bb]<\/p>\n<div class=\"contact-wrapper\">\n<div class=\"contact-info\">\n<h6 class=\"name\"><a href=\"\/author\/oskar-paarhuis\/\">Oskar Paarhuis<\/a><\/h6>\n<p><a href=\"\/author\/oskar-paarhuis\/\"><span class=\"position\">Sp\u00e9cialiste informatique<\/span><\/a><\/p>\n<\/div>\n<div class=\"contact-details\"><span class=\"contact-tel\"><a href=\"tel:+31202402350\">+31 (0) 20-2402350<\/a><\/span><span class=\"contact-email\"><br \/>\n<a href=\"mailto:info@qualifiednetworks.com\">info@qualifiednetworks.com<\/a><br \/>\n<\/span><\/div>\n<\/div>\n<p>[\/vc_column_text][\/vc_column_inner][\/vc_row_inner][\/vc_column][\/vc_row]<\/p>\n<\/div>","protected":false},"excerpt":{"rendered":"<p>[vc_section full_width=\u00a0\u00bbstretch_row\u00a0\u00bb el_class=\u00a0\u00bbduurzaamheid section-intro pb-70&Prime; css=\u00a0\u00bb.vc_custom_1748354937211{background-color: #F7F7FA !important;}\u00a0\u00bb][vc_row el_class=\u00a0\u00bbbrand-section pt-180&Prime;][vc_column width=\u00a0\u00bb6\/12&Prime;][vc_custom_heading text=\u00a0\u00bbSolutions de r\u00e9seau sans fil Meraki\u00a0\u00bb font_container=\u00a0\u00bbtag:div|text_align:left\u00a0\u00bb use_theme_fonts=\u00a0\u00bbyes\u00a0\u00bb css=\u00a0\u00bb\u00a0\u00bb el_class=\u00a0\u00bbsubtitle\u00a0\u00bb][vc_custom_heading text=\u00a0\u00bbMeraki sans fil\u00a0\u00bb font_container=\u00a0\u00bbtag:h1|text_align:left\u00a0\u00bb use_theme_fonts=\u00a0\u00bbyes\u00a0\u00bb css=\u00a0\u00bb\u00a0\u00bb][vc_column_text css=\u00a0\u00bb\u00a0\u00bb]Les points d&rsquo;acc\u00e8s Meraki allient performances sans fil exceptionnelles et gestion simplifi\u00e9e via le cloud. Ils offrent un r\u00e9seau Wi-Fi s\u00e9curis\u00e9 et \u00e9volutif aux entreprises, aux \u00e9tablissements scolaires [&hellip;]<\/p>\n","protected":false},"author":1,"featured_media":0,"parent":7485,"menu_order":0,"comment_status":"closed","ping_status":"closed","template":"","meta":{"footnotes":""},"class_list":["post-7533","page","type-page","status-publish","hentry"],"acf":[],"_links":{"self":[{"href":"https:\/\/www.qualifiednetworks.com\/fr\/wp-json\/wp\/v2\/pages\/7533","targetHints":{"allow":["GET"]}}],"collection":[{"href":"https:\/\/www.qualifiednetworks.com\/fr\/wp-json\/wp\/v2\/pages"}],"about":[{"href":"https:\/\/www.qualifiednetworks.com\/fr\/wp-json\/wp\/v2\/types\/page"}],"author":[{"embeddable":true,"href":"https:\/\/www.qualifiednetworks.com\/fr\/wp-json\/wp\/v2\/users\/1"}],"replies":[{"embeddable":true,"href":"https:\/\/www.qualifiednetworks.com\/fr\/wp-json\/wp\/v2\/comments?post=7533"}],"version-history":[{"count":3,"href":"https:\/\/www.qualifiednetworks.com\/fr\/wp-json\/wp\/v2\/pages\/7533\/revisions"}],"predecessor-version":[{"id":7536,"href":"https:\/\/www.qualifiednetworks.com\/fr\/wp-json\/wp\/v2\/pages\/7533\/revisions\/7536"}],"up":[{"embeddable":true,"href":"https:\/\/www.qualifiednetworks.com\/fr\/wp-json\/wp\/v2\/pages\/7485"}],"wp:attachment":[{"href":"https:\/\/www.qualifiednetworks.com\/fr\/wp-json\/wp\/v2\/media?parent=7533"}],"curies":[{"name":"wp","href":"https:\/\/api.w.org\/{rel}","templated":true}]}}